{"id":4069,"date":"2021-05-19T11:47:00","date_gmt":"2021-05-19T11:47:00","guid":{"rendered":"https:\/\/lundbergtech.com\/label-converting\/"},"modified":"2023-06-30T12:44:28","modified_gmt":"2023-06-30T12:44:28","slug":"etikettendruck-und-weiterverarbeitung","status":"publish","type":"page","link":"https:\/\/lundbergtech.com\/de\/ihr-prozess\/etikettendruck-und-weiterverarbeitung\/","title":{"rendered":"Etikettendruck und Weiterverarbeitung"},"content":{"rendered":"<div class=\"wpb-content-wrapper\"><p>[vc_row full_width=&#8221;stretch_row&#8221; css=&#8221;.vc_custom_1624535937170{background-image: url(https:\/\/lundbergtech.com\/wp-content\/uploads\/2021\/06\/grey-abstract-bg-2.jpg?id=323) !important;background-position: center !important;background-repeat: no-repeat !important;background-size: cover !important;}&#8221;][vc_column]<div class=\"m-text-image md:flex md:py-10 lg:relative container lg:pb-20\">\n    <div class=\"md:w-6\/12 bg-white p-4 pb-5  md:p-10 filter drop-shadow-lg lg:mb-20  z-20 lg:p-14  md:order-2 md:ml-2 lg:ml-4 xl:ml-6 \">\n      <div class=\"m-text-image__content pb-4 lg:pb-12 md:text-18\">\n        In Ihrer Produktion haben Sie sehr wahrscheinlich sowohl Druckmaschinen- als auch Weiterverarbeitungsmaschinen, an denen Randstreifen und Stanzgitterabf\u00e4lle anfallen und welche entfernt werden m\u00fcssen, um einen reibungslosen und effizienten Produktionsablauf zu garantieren. Weltweit haben wir mehere hundert Druck- und Konfektiniermaschinen mit Lundberg Tech Absauganlagen ausgestattet: unsere Systeme sind speziell designt, um einen optimalen und st\u00f6rungsfreien Produktionsablauf bei der Herstellung selbstklebenden Etiketten zu garantieren.<\/p>\n<p>Die Funktionsweise der Lundberg Tech Abfallentsorgungssysteme f\u00fcr Randstreifen und Matrixabf\u00e4lle basiert darauf, den Abfall mittels eines hocheffizienten <a href=https:\/\/lundbergtech.com\/de\/granulators-and-cutters\/>Granulators<\/a> zu zerkleinern und \u00fcber antihaftbehandelte Rohre zu einem ausgewiesenen Sammelpunkt zu transportieren.\n \n      <\/div>\n          <\/div>\n\n    <div class=\"block md:hidden\">\n      <img decoding=\"async\" src=\"https:\/\/lundbergtech.com\/wp-content\/uploads\/2021\/09\/Label_Matrix4-1-570x0-c-default.jpg\" alt=\"Matrix removal from ABG Digicon\" class=\"lg:mb-0 lg:absolute lg:right-0 lg:mt-0 lg:-bottom-28\">\n    <\/div>\n\n    <div class=\" md:w-6\/12 md:h-96 md:relative md:mt-20 lg:z-10 hidden md:block  lg:h-auto  left md:order-1 md:mr-2 lg:mr-4  xl:mr-6 \">\n      <div class=\"bg-cover lg:h-540 w-full md:h-full lg:absolute lg:bottom-0 lg:mt-0\" style=\"background-image:url('https:\/\/lundbergtech.com\/wp-content\/uploads\/2021\/09\/Label_Matrix4-1-570x0-c-default.jpg');\"><\/div>\n    <\/div>\n\n\n<\/div>\n\n\n<div class=\"m-spacer m-spacer-69e4c8196e9d7\" data-id=\"69e4c8196e9d7\" data-height=\"0\" data-height-mobile=\"25\" data-height-tab=\"0\" data-height-tab-portrait=\"0\" style=\"clear:both;display:block;\"><\/div>\n\n\n\n[\/vc_column][\/vc_row][vc_row full_width=&#8221;stretch_row_content_no_spaces&#8221;][vc_column css=&#8221;.vc_custom_1636364333230{margin-top: 0px !important;margin-bottom: 0px !important;border-top-width: 0px !important;border-bottom-width: 0px !important;padding-top: 0px !important;padding-bottom: 0px !important;}&#8221;]<div class=\"m-benefits-carousel relative py-14 pb-8 md:pt-24 md:pb-6 lg:pt-36 lg:pb-12  image-right \">\n    <div class=\"container md:mx-auto px-3 pb-2 lg:max-w-4xl xl:max-w-6xl lg:relative \">\n\n        <h2 class=\"text-left md:pb-0 leading-8 md:text-32 md:w-4\/12 md:leading-8 lg:text-36 lg:leading-10 xl:leading-11 xl:text-42 md:border-t md:border-lt_grey md:pt-4\">\n        <span class=\"text-lt_blue font-heading font-medium\">Vorteile &amp; Features<\/span>\n        <span class=\"text-lt_green text-16 lg:text-18 leading-5 block font-semibold md:pt-2 \">Es gibt viele Vorteile eines automatisierten Abfallentsorgungssystems, um hier nur einige zu nennen: <\/span><\/h2>\n\n        <div class=\"c-slider__arrows c-slider--benefits__arrows w-32 h-10 mx-auto z-20 absolute left-0 right-0 text-center md:ml-0 md:text-left md:z-50 md:w-24\"><\/div>\n\n        <div class=\"md:overflow-hidden md:mt-1 md:pb-12 lg:pb-14 xl:pb-18 js-benefits-carousel z-20 \">\n            <div class=\"\">\n    <div class=\"md:flex md:h-592\">\n\n        <div class=\"md:w-5\/12 md:ml-10 lg:w-6\/12 xl:w-6\/12 m-benefits-carousel__image-container md:mb-14\">\n                        <div class=\"w-full h-64 md:h-full relative overflow-hidden bg-top bg-no-repeat bg-cover\" style=\"background-image:url('https:\/\/lundbergtech.com\/wp-content\/uploads\/2021\/09\/Label_Matrix2-742x583.jpg');\"><\/div>\n                    <\/div>\n\n\n        <div class=\"md:w-6\/12 m-benefits-carousel__content-container\">\n            <div class=\"z-10 text-left bg-white p-3 lg:ml-0 md:relative \">\n\n                <div class=\"m-benefits-carousel__content px-3 \">\n                    <\/p>\n<ul>\n<li>Schweres Heben von Matrix-Rollen entf\u00e4llt<\/li>\n<li>H\u00f6here Produktivit\u00e4t durch Reduzierung Anlagenstopps und konstante Bahnspannung<\/li>\n<li>Durch die Reduzierung von M\u00fcllbeh\u00e4ltern neben den Maschinen entsteht zus\u00e4tzliche Produktionsfl\u00e4che. Zentraler Aufsammelort der Abf\u00e4lle au\u00dferhalb des Geb\u00e4udes<\/li>\n<\/ul>\n<p>\n                <\/div>\n\n                <\/div>\n           <\/div>\n\n\n\n\n\n    <\/div>\n\n<\/div>\n\n        <\/div>\n         <div class=\"c-slider__dots c-slider--benefits__dots  static h-4 mt-10 lg:mt-14 mx-auto z-20  left-0 right-0 text-center\"><\/div>\n   \t<\/div>\n<\/div>\n\n[\/vc_column][\/vc_row][vc_row][vc_column]<div class=\"m-spacer m-spacer-69e4c8197114e\" data-id=\"69e4c8197114e\" data-height=\"0\" data-height-mobile=\"25\" data-height-tab=\"0\" data-height-tab-portrait=\"0\" style=\"clear:both;display:block;\"><\/div>\n\n\n\n<div class=\"m-text-image md:flex md:py-10 lg:relative container lg:pb-20\">\n    <div class=\"md:w-6\/12 bg-white p-4 pb-5  md:p-10 filter drop-shadow-lg lg:mb-20  z-20 lg:p-14  md:order-2 md:ml-2 lg:ml-4 xl:ml-6 \">\n      <div class=\"m-text-image__content pb-4 lg:pb-12 md:text-18\">\n        Bereits \u00fcber 40 Jahre designt und fertigt Lundberg Tech Abfallentsorgungsanlagen und<br \/>\n-systeme f\u00fcr Etikettenhersteller. Wir sind bekannt f\u00fcr unsere F\u00e4higkeit, sogar Abf\u00e4lle mit sehr aggresiven Haftklebern sicher zu entsorgen. Daf\u00fcr nutzen wir unser einzigartiges \u00d6ler-System.<\/p>\n<p>Der <a href=https:\/\/lundbergtech.com\/de\/granulators-and-cutters\/>Granulator<\/a> ist das Herzst\u00fcck all unserer Abfallentsorgungsl\u00f6sungen und diesen bieten wir Ihnen in vielen verschiedenen Ausf\u00fchrungen an. Wir saugen Stanzgitter jeglicher Breite von konventionellen Maschinen ebenso ab wie komplette ungestanzte Bahnen von digitalen Druckmaschinen.<\/p>\n<p>Lundberg Tech Abfallentsorgungssysteme k\u00f6nnen alle unterschiedlichen Materialien der modernen Etikettenindustrie inklusive Linerless-Etiketten verarbeiten.\n \n      <\/div>\n          <\/div>\n\n    <div class=\"block md:hidden\">\n      <img decoding=\"async\" src=\"https:\/\/lundbergtech.com\/wp-content\/uploads\/2021\/09\/Label_MatrixWaste1-742x583-1-570x0-c-default.jpg\" alt=\"Central Label Waste Handling System\" class=\"lg:mb-0 lg:absolute lg:right-0 lg:mt-0 lg:-bottom-28\">\n    <\/div>\n\n    <div class=\" md:w-6\/12 md:h-96 md:relative md:mt-20 lg:z-10 hidden md:block  lg:h-auto  left md:order-1 md:mr-2 lg:mr-4  xl:mr-6 \">\n      <div class=\"bg-cover lg:h-540 w-full md:h-full lg:absolute lg:bottom-0 lg:mt-0\" style=\"background-image:url('https:\/\/lundbergtech.com\/wp-content\/uploads\/2021\/09\/Label_MatrixWaste1-742x583-1-570x0-c-default.jpg');\"><\/div>\n    <\/div>\n\n\n<\/div>\n\n\n[\/vc_column][\/vc_row][vc_row][vc_column width=&#8221;1\/2&#8243;]<div class=\"m-spacer m-spacer-69e4c81972431\" data-id=\"69e4c81972431\" data-height=\"75\" data-height-mobile=\"\" data-height-tab=\"\" data-height-tab-portrait=\"\" style=\"clear:both;display:block;\"><\/div>\n\n\n\n[vc_column_text]<\/p>\n<h2>Eine Vielzahl an L\u00f6sungen f\u00fcr Ihren Entsorgungsprozess<\/h2>\n<p>F\u00fcr den Etikettendruck und die Konfektionierung, nutzen Sie unsere <a href=https:\/\/lundbergtech.com\/de\/all-in-one-units\/>All-in-one Einheiten<\/a>, um Randstreifen und Matrixabf\u00e4lle von einer oder mehreren Maschinen zu sammeln. Die Lundberg Tech <a href=https:\/\/lundbergtech.com\/de\/all-in-one-units\/>All-in-one Kompaktabsauganlagen<\/a> bietet Ihnen alles, was Sie brauchen, um Etikettenabf\u00e4lle abzutransportieren und zu sammeln. Ein weiterer Vorteil ist, dass die Installation der Einheit so einfach ist.<\/p>\n<p>Auch der individuelle Entwurf eines <a href=https:\/\/lundbergtech.com\/de\/central-systems\/>Zentralsystems<\/a>, abgestimmt auf Ihre Bed\u00fcrfnisse, ist f\u00fcr Lundberg Tech kein Problem. Unsere Zentralsysteme k\u00f6nnen klebende und nicht-klebende Abf\u00e4lle von einer unbegrenzten Anzahl an Maschinen sammeln. Des Weiteren k\u00f6nnen die Systeme so entworfen werden, dass Materialien getrennt werden und so dem Recycling-Aspekt Rechnung getragen wird.<\/p>\n<p>Besitzen Sie bereits ein System, dass Sie mit einem zus\u00e4tzlichen <a href=https:\/\/lundbergtech.com\/de\/granulators-and-cutters\/>Granulator<\/a> erweitern m\u00f6chten, kontaktieren Sie uns gern. Wir unterst\u00fctzen Sie gern bei der Wahl des richtigen Granulators aus unserer gro\u00dfen Bandbreite.[\/vc_column_text][\/vc_column][vc_column width=&#8221;1\/2&#8243;]<div class=\"m-spacer m-spacer-69e4c81972aea\" data-id=\"69e4c81972aea\" data-height=\"75\" data-height-mobile=\"\" data-height-tab=\"\" data-height-tab-portrait=\"\" style=\"clear:both;display:block;\"><\/div>\n\n\n\n[vc_video link=&#8221;https:\/\/youtu.be\/tOQOlh4F0fM&#8221; align=&#8221;center&#8221;][\/vc_column][\/vc_row][vc_row full_width=&#8221;stretch_row_content_no_spaces&#8221;][vc_column]<div class=\"m-case-study-carousel relative py-14 pb-32 md:pt-24 md:pb-36 lg:pt-36 lg:pb-32\">\n    <div class=\"container md:mx-auto px-3 pb-8 lg:max-w-4xl xl:max-w-6xl lg:relative \">\n\n        <h2 class=\"text-left md:pb-0 leading-8 md:text-32 md:leading-8 lg:text-36 lg:leading-10 xl:leading-11 xl:text-42 md:border-t md:border-lt_grey md:pt-4\">\n        <span class=\"text-lt_blue font-heading font-medium\">Recent<\/span>\n        <span class=\"text-lt_green font-heading block font-medium \">Case Studies <\/span><\/h2>\n\n        <div class=\"c-slider__arrows c-slider--casestudy__arrows w-32 h-10 mx-auto z-20 absolute left-0 right-0 text-center md:ml-0 md:text-left md:z-50 md:w-24\"><\/div>\n\n        <div class=\"md:overflow-hidden md:mt-1 md:pb-12 lg:pb-14 xl:pb-18 js-case-study-selector-carousel z-20\">\n            <div class=\"\">\n    <div class=\"md:flex md:h-400 xl:h-576\">\n\n        <div class=\"md:w-6\/12 xl:w-7\/12 xl:pr-3\">\n                        <div class=\"w-full h-64  lg:h-full relative overflow-hidden bg-top bg-no-repeat bg-cover\" style=\"background-image:url('https:\/\/lundbergtech.com\/wp-content\/uploads\/2023\/05\/CCL-Volkermarkt_Martin-Pribassnig-Top-742x400.jpg');\"><\/div>\n                    <\/div>\n\n\n        <div class=\"md:w-5\/12 md:ml-7  md:relative\">\n            <div class=\"p-5 md:px-8 mb-5 md:pb-7 lg:pb-12 lg:px-10 relative z-10 text-left bg-white  md:absolute md:drop-shadow-md xl:drop-shadow-xl md:filter md:m-0  md:w-full  md:right-0 md:top-52 lg:top-60 md:h-auto xl:ml-12 \">\n\n                    <a class=\"block u-a-nostyle mt-1 pt-3 md:pt-3  md:pl-0 lg:pt-4 xl:pt-5 md:hover:underline\" href=https:\/\/lundbergtech.com\/de\/de-case-studies\/ccl-label-volkermarkt-label\/ title=\"CCL Label V\u00f6lkermarkt \u2013 Label Converting\">\n                    <h3 class=\"leading-snug text-20  text-lt_blue md:leading-tight lg:text-20 xl:text-28 md:mb-0 font-bold \">CCL Label V\u00f6lkermarkt \u2013 Label Converting<\/h3>\n                    <\/a>\t\n                   \n                                        <a class=\"c-button--arrow-link\" href=https:\/\/lundbergtech.com\/de\/de-case-studies\/ccl-label-volkermarkt-label\/ title=\"CCL Label V\u00f6lkermarkt \u2013 Label Converting\">Read case study<\/a>\t\n                <\/div>\n           <\/div>\n\n\n\n\n\n    <\/div>\n\n<\/div>\n<div class=\"\">\n    <div class=\"md:flex md:h-400 xl:h-576\">\n\n        <div class=\"md:w-6\/12 xl:w-7\/12 xl:pr-3\">\n                        <div class=\"w-full h-64  lg:h-full relative overflow-hidden bg-top bg-no-repeat bg-cover\" style=\"background-image:url('https:\/\/lundbergtech.com\/wp-content\/uploads\/2023\/03\/Overview-Factory-Digital-Etikett-1-742x370.jpg');\"><\/div>\n                    <\/div>\n\n\n        <div class=\"md:w-5\/12 md:ml-7  md:relative\">\n            <div class=\"p-5 md:px-8 mb-5 md:pb-7 lg:pb-12 lg:px-10 relative z-10 text-left bg-white  md:absolute md:drop-shadow-md xl:drop-shadow-xl md:filter md:m-0  md:w-full  md:right-0 md:top-52 lg:top-60 md:h-auto xl:ml-12 \">\n\n                    <a class=\"block u-a-nostyle mt-1 pt-3 md:pt-3  md:pl-0 lg:pt-4 xl:pt-5 md:hover:underline\" href=https:\/\/lundbergtech.com\/de\/de-case-studies\/digital-etikett-label-converting\/ title=\"Digital Etikett \u2013 Label Converting\">\n                    <h3 class=\"leading-snug text-20  text-lt_blue md:leading-tight lg:text-20 xl:text-28 md:mb-0 font-bold \">Digital Etikett \u2013 Label Converting<\/h3>\n                    <\/a>\t\n                   \n                                        <a class=\"c-button--arrow-link\" href=https:\/\/lundbergtech.com\/de\/de-case-studies\/digital-etikett-label-converting\/ title=\"Digital Etikett \u2013 Label Converting\">Read case study<\/a>\t\n                <\/div>\n           <\/div>\n\n\n\n\n\n    <\/div>\n\n<\/div>\n\n        <\/div>\n         <div class=\"c-slider__dots c-slider--casestudy__dots  mx-auto z-20 absolute left-0 right-0 text-center\"><\/div>\n   \t<\/div>\n<\/div>\n\n<div class=\"m-spacer m-spacer-69e4c81976d29\" data-id=\"69e4c81976d29\" data-height=\"50\" data-height-mobile=\"0\" data-height-tab=\"\" data-height-tab-portrait=\"0\" style=\"clear:both;display:block;\"><\/div>\n\n\n\n[\/vc_column][\/vc_row]<\/p>\n<\/div>","protected":false},"excerpt":{"rendered":"<p>[vc_row full_width=&#8221;stretch_row&#8221; css=&#8221;.vc_custom_1624535937170{background-image: url(https:\/\/lundbergtech.com\/wp-content\/uploads\/2021\/06\/grey-abstract-bg-2.jpg?id=323) !important;background-position: center !important;background-repeat: no-repeat !important;background-size: cover !important;}&#8221;][vc_column][\/vc_column][\/vc_row][vc_row full_width=&#8221;stretch_row_content_no_spaces&#8221;][vc_column css=&#8221;.vc_custom_1636364333230{margin-top: 0px !important;margin-bottom: 0px !important;border-top-width: 0px !important;border-bottom-width: 0px !important;padding-top: 0px !important;padding-bottom: 0px !important;}&#8221;][\/vc_column][\/vc_row][vc_row][vc_column][\/vc_column][\/vc_row][vc_row][vc_column width=&#8221;1\/2&#8243;][vc_column_text] Eine Vielzahl an L\u00f6sungen f\u00fcr Ihren Entsorgungsprozess F\u00fcr den Etikettendruck und die Konfektionierung, nutzen Sie unsere All-in-one Einheiten, um Randstreifen und Matrixabf\u00e4lle von einer oder mehreren Maschinen zu sammeln. [&hellip;]<\/p>\n","protected":false},"author":1,"featured_media":1334,"parent":4081,"menu_order":0,"comment_status":"closed","ping_status":"closed","template":"","meta":{"_acf_changed":false,"inline_featured_image":false,"footnotes":""},"class_list":["post-4069","page","type-page","status-publish","has-post-thumbnail","hentry"],"acf":[],"yoast_head":"<!-- This site is optimized with the Yoast SEO plugin v27.1.1 - https:\/\/yoast.com\/product\/yoast-seo-wordpress\/ -->\n<title>Etikettendruck | Entsorgungsl\u00f6sung | Absauganlagen<\/title>\n<meta name=\"description\" content=\"Lundberg Tech Abfallentsorgungssysteme k\u00f6nnen alle Materialien der modernen Etikettenindustrie inklusive Linerless-Etiketten verarbeiten | ruf uns an\" \/>\n<meta name=\"robots\" content=\"index, follow, max-snippet:-1, max-image-preview:large, max-video-preview:-1\" \/>\n<link rel=\"canonical\" href=\"https:\/\/lundbergtech.com\/de\/ihr-prozess\/etikettendruck-und-weiterverarbeitung\/\" \/>\n<meta property=\"og:locale\" content=\"de_DE\" \/>\n<meta property=\"og:type\" content=\"article\" \/>\n<meta property=\"og:title\" content=\"Etikettendruck | Entsorgungsl\u00f6sung | Absauganlagen\" \/>\n<meta property=\"og:description\" content=\"Lundberg Tech Abfallentsorgungssysteme k\u00f6nnen alle Materialien der modernen Etikettenindustrie inklusive Linerless-Etiketten verarbeiten | ruf uns an\" \/>\n<meta property=\"og:url\" content=\"https:\/\/lundbergtech.com\/de\/ihr-prozess\/etikettendruck-und-weiterverarbeitung\/\" \/>\n<meta property=\"og:site_name\" content=\"Lundberg Tech\" \/>\n<meta property=\"article:publisher\" content=\"https:\/\/www.facebook.com\/lundbergtech\" \/>\n<meta property=\"article:modified_time\" content=\"2023-06-30T12:44:28+00:00\" \/>\n<meta property=\"og:image\" content=\"https:\/\/lundbergtech.com\/wp-content\/uploads\/2021\/09\/Label_Matrix3-scaled.jpg\" \/>\n\t<meta property=\"og:image:width\" content=\"2560\" \/>\n\t<meta property=\"og:image:height\" content=\"2516\" \/>\n\t<meta property=\"og:image:type\" content=\"image\/jpeg\" \/>\n<meta name=\"twitter:card\" content=\"summary_large_image\" \/>\n<meta name=\"twitter:site\" content=\"@lundbergtech\" \/>\n<meta name=\"twitter:label1\" content=\"Est. reading time\" \/>\n\t<meta name=\"twitter:data1\" content=\"2 minutes\" \/>\n<script type=\"application\/ld+json\" class=\"yoast-schema-graph\">{\"@context\":\"https:\/\/schema.org\",\"@graph\":[{\"@type\":\"WebPage\",\"@id\":\"https:\/\/lundbergtech.com\/de\/ihr-prozess\/etikettendruck-und-weiterverarbeitung\/\",\"url\":\"https:\/\/lundbergtech.com\/de\/ihr-prozess\/etikettendruck-und-weiterverarbeitung\/\",\"name\":\"Etikettendruck | Entsorgungsl\u00f6sung | Absauganlagen\",\"isPartOf\":{\"@id\":\"https:\/\/lundbergtech.com\/#website\"},\"primaryImageOfPage\":{\"@id\":\"https:\/\/lundbergtech.com\/de\/ihr-prozess\/etikettendruck-und-weiterverarbeitung\/#primaryimage\"},\"image\":{\"@id\":\"https:\/\/lundbergtech.com\/de\/ihr-prozess\/etikettendruck-und-weiterverarbeitung\/#primaryimage\"},\"thumbnailUrl\":\"https:\/\/lundbergtech.com\/wp-content\/uploads\/2021\/09\/Label_Matrix3-scaled.jpg\",\"datePublished\":\"2021-05-19T11:47:00+00:00\",\"dateModified\":\"2023-06-30T12:44:28+00:00\",\"description\":\"Lundberg Tech Abfallentsorgungssysteme k\u00f6nnen alle Materialien der modernen Etikettenindustrie inklusive Linerless-Etiketten verarbeiten | ruf uns an\",\"breadcrumb\":{\"@id\":\"https:\/\/lundbergtech.com\/de\/ihr-prozess\/etikettendruck-und-weiterverarbeitung\/#breadcrumb\"},\"inLanguage\":\"de-DE\",\"potentialAction\":[{\"@type\":\"ReadAction\",\"target\":[\"https:\/\/lundbergtech.com\/de\/ihr-prozess\/etikettendruck-und-weiterverarbeitung\/\"]}]},{\"@type\":\"ImageObject\",\"inLanguage\":\"de-DE\",\"@id\":\"https:\/\/lundbergtech.com\/de\/ihr-prozess\/etikettendruck-und-weiterverarbeitung\/#primaryimage\",\"url\":\"https:\/\/lundbergtech.com\/wp-content\/uploads\/2021\/09\/Label_Matrix3-scaled.jpg\",\"contentUrl\":\"https:\/\/lundbergtech.com\/wp-content\/uploads\/2021\/09\/Label_Matrix3-scaled.jpg\",\"width\":2560,\"height\":2516,\"caption\":\"Label matrix removal from converting machine\"},{\"@type\":\"BreadcrumbList\",\"@id\":\"https:\/\/lundbergtech.com\/de\/ihr-prozess\/etikettendruck-und-weiterverarbeitung\/#breadcrumb\",\"itemListElement\":[{\"@type\":\"ListItem\",\"position\":1,\"name\":\"Ihr Prozess\",\"item\":\"https:\/\/lundbergtech.com\/de\/ihr-prozess\/\"},{\"@type\":\"ListItem\",\"position\":2,\"name\":\"Etikettendruck und Weiterverarbeitung\"}]},{\"@type\":\"WebSite\",\"@id\":\"https:\/\/lundbergtech.com\/#website\",\"url\":\"https:\/\/lundbergtech.com\/\",\"name\":\"Lundberg Tech\",\"description\":\"Our waste handling keeps production going\",\"potentialAction\":[{\"@type\":\"SearchAction\",\"target\":{\"@type\":\"EntryPoint\",\"urlTemplate\":\"https:\/\/lundbergtech.com\/?s={search_term_string}\"},\"query-input\":{\"@type\":\"PropertyValueSpecification\",\"valueRequired\":true,\"valueName\":\"search_term_string\"}}],\"inLanguage\":\"de-DE\"}]}<\/script>\n<!-- \/ Yoast SEO plugin. -->","yoast_head_json":{"title":"Etikettendruck | Entsorgungsl\u00f6sung | Absauganlagen","description":"Lundberg Tech Abfallentsorgungssysteme k\u00f6nnen alle Materialien der modernen Etikettenindustrie inklusive Linerless-Etiketten verarbeiten | ruf uns an","robots":{"index":"index","follow":"follow","max-snippet":"max-snippet:-1","max-image-preview":"max-image-preview:large","max-video-preview":"max-video-preview:-1"},"canonical":"https:\/\/lundbergtech.com\/de\/ihr-prozess\/etikettendruck-und-weiterverarbeitung\/","og_locale":"de_DE","og_type":"article","og_title":"Etikettendruck | Entsorgungsl\u00f6sung | Absauganlagen","og_description":"Lundberg Tech Abfallentsorgungssysteme k\u00f6nnen alle Materialien der modernen Etikettenindustrie inklusive Linerless-Etiketten verarbeiten | ruf uns an","og_url":"https:\/\/lundbergtech.com\/de\/ihr-prozess\/etikettendruck-und-weiterverarbeitung\/","og_site_name":"Lundberg Tech","article_publisher":"https:\/\/www.facebook.com\/lundbergtech","article_modified_time":"2023-06-30T12:44:28+00:00","og_image":[{"width":2560,"height":2516,"url":"https:\/\/lundbergtech.com\/wp-content\/uploads\/2021\/09\/Label_Matrix3-scaled.jpg","type":"image\/jpeg"}],"twitter_card":"summary_large_image","twitter_site":"@lundbergtech","twitter_misc":{"Est. reading time":"2 minutes"},"schema":{"@context":"https:\/\/schema.org","@graph":[{"@type":"WebPage","@id":"https:\/\/lundbergtech.com\/de\/ihr-prozess\/etikettendruck-und-weiterverarbeitung\/","url":"https:\/\/lundbergtech.com\/de\/ihr-prozess\/etikettendruck-und-weiterverarbeitung\/","name":"Etikettendruck | Entsorgungsl\u00f6sung | Absauganlagen","isPartOf":{"@id":"https:\/\/lundbergtech.com\/#website"},"primaryImageOfPage":{"@id":"https:\/\/lundbergtech.com\/de\/ihr-prozess\/etikettendruck-und-weiterverarbeitung\/#primaryimage"},"image":{"@id":"https:\/\/lundbergtech.com\/de\/ihr-prozess\/etikettendruck-und-weiterverarbeitung\/#primaryimage"},"thumbnailUrl":"https:\/\/lundbergtech.com\/wp-content\/uploads\/2021\/09\/Label_Matrix3-scaled.jpg","datePublished":"2021-05-19T11:47:00+00:00","dateModified":"2023-06-30T12:44:28+00:00","description":"Lundberg Tech Abfallentsorgungssysteme k\u00f6nnen alle Materialien der modernen Etikettenindustrie inklusive Linerless-Etiketten verarbeiten | ruf uns an","breadcrumb":{"@id":"https:\/\/lundbergtech.com\/de\/ihr-prozess\/etikettendruck-und-weiterverarbeitung\/#breadcrumb"},"inLanguage":"de-DE","potentialAction":[{"@type":"ReadAction","target":["https:\/\/lundbergtech.com\/de\/ihr-prozess\/etikettendruck-und-weiterverarbeitung\/"]}]},{"@type":"ImageObject","inLanguage":"de-DE","@id":"https:\/\/lundbergtech.com\/de\/ihr-prozess\/etikettendruck-und-weiterverarbeitung\/#primaryimage","url":"https:\/\/lundbergtech.com\/wp-content\/uploads\/2021\/09\/Label_Matrix3-scaled.jpg","contentUrl":"https:\/\/lundbergtech.com\/wp-content\/uploads\/2021\/09\/Label_Matrix3-scaled.jpg","width":2560,"height":2516,"caption":"Label matrix removal from converting machine"},{"@type":"BreadcrumbList","@id":"https:\/\/lundbergtech.com\/de\/ihr-prozess\/etikettendruck-und-weiterverarbeitung\/#breadcrumb","itemListElement":[{"@type":"ListItem","position":1,"name":"Ihr Prozess","item":"https:\/\/lundbergtech.com\/de\/ihr-prozess\/"},{"@type":"ListItem","position":2,"name":"Etikettendruck und Weiterverarbeitung"}]},{"@type":"WebSite","@id":"https:\/\/lundbergtech.com\/#website","url":"https:\/\/lundbergtech.com\/","name":"Lundberg Tech","description":"Our waste handling keeps production going","potentialAction":[{"@type":"SearchAction","target":{"@type":"EntryPoint","urlTemplate":"https:\/\/lundbergtech.com\/?s={search_term_string}"},"query-input":{"@type":"PropertyValueSpecification","valueRequired":true,"valueName":"search_term_string"}}],"inLanguage":"de-DE"}]}},"_links":{"self":[{"href":"https:\/\/lundbergtech.com\/de\/wp-json\/wp\/v2\/pages\/4069","targetHints":{"allow":["GET"]}}],"collection":[{"href":"https:\/\/lundbergtech.com\/de\/wp-json\/wp\/v2\/pages"}],"about":[{"href":"https:\/\/lundbergtech.com\/de\/wp-json\/wp\/v2\/types\/page"}],"author":[{"embeddable":true,"href":"https:\/\/lundbergtech.com\/de\/wp-json\/wp\/v2\/users\/1"}],"replies":[{"embeddable":true,"href":"https:\/\/lundbergtech.com\/de\/wp-json\/wp\/v2\/comments?post=4069"}],"version-history":[{"count":22,"href":"https:\/\/lundbergtech.com\/de\/wp-json\/wp\/v2\/pages\/4069\/revisions"}],"predecessor-version":[{"id":7499,"href":"https:\/\/lundbergtech.com\/de\/wp-json\/wp\/v2\/pages\/4069\/revisions\/7499"}],"up":[{"embeddable":true,"href":"https:\/\/lundbergtech.com\/de\/wp-json\/wp\/v2\/pages\/4081"}],"wp:featuredmedia":[{"embeddable":true,"href":"https:\/\/lundbergtech.com\/de\/wp-json\/wp\/v2\/media\/1334"}],"wp:attachment":[{"href":"https:\/\/lundbergtech.com\/de\/wp-json\/wp\/v2\/media?parent=4069"}],"curies":[{"name":"wp","href":"https:\/\/api.w.org\/{rel}","templated":true}]}}