{"id":4089,"date":"2021-05-19T11:48:56","date_gmt":"2021-05-19T11:48:56","guid":{"rendered":"https:\/\/lundbergtech.com\/your-process\/roll-to-roll-processing\/"},"modified":"2023-07-03T13:39:10","modified_gmt":"2023-07-03T13:39:10","slug":"rolle-zu-rolle-verarbeitung","status":"publish","type":"page","link":"https:\/\/lundbergtech.com\/de\/ihr-prozess\/rolle-zu-rolle-verarbeitung\/","title":{"rendered":"Rolle-zu-Rolle Verarbeitung"},"content":{"rendered":"<div class=\"wpb-content-wrapper\"><p>[vc_row full_width=&#8221;stretch_row&#8221; css=&#8221;.vc_custom_1634201035523{background-position: center !important;background-repeat: no-repeat !important;background-size: cover !important;}&#8221;][vc_column]<div class=\"m-text-image md:flex md:py-10 lg:relative container lg:pb-20\">\n    <div class=\"md:w-6\/12 bg-white p-4 pb-5  md:p-10 filter drop-shadow-lg lg:mb-20  z-20 lg:p-14  md:order-2 md:ml-2 lg:ml-4 xl:ml-6 \">\n      <div class=\"m-text-image__content pb-4 lg:pb-12 md:text-18\">\n        Die typische Verarbeitung von flexiblen Rohmaterialien, die auf Rollen geliefert werden, ist die Produktion von Rolle zu Rolle (R2R). W\u00e4hrend des Produktionsprozesses kann die Rolle bedruckt, beschichtet und laminiert werden. Au\u00dferdem ist ein Zuschnitt auf ein spezifisches Ma\u00df sehr wahrscheinlich. Dabei fallen typischerweise Randstreifenabf\u00e4lle an, die f\u00fcr den weiteren Produktionsprozess entfernt werden m\u00fcssen.<\/p>\n<p>Egal ob Sie Hersteller im Bereich Non-woven, elektronischer Ger\u00e4te, flexibler Verpackungen oder jedes anderen R2R-Produkts sind, kennen Sie die Herausforderung der Randstreifen-<br \/>\nentsorgung. Die Abfallentsorgungssysteme von Lundberg Tech helfen Ihnen einen einfachen Weg f\u00fcr die Randstreifenentsorgung zu finden. Unsere Systeme fangen Randstreifen an der Schnittkante der Rolle ab, zerkleinern diese und transportieren das zerkleinerte Material zu spezifisch definierten Sammelpunkten im Innen- oder Au\u00dfenbereich Ihrer Produktionshalle.\n \n      <\/div>\n          <\/div>\n\n    <div class=\"block md:hidden\">\n      <img decoding=\"async\" src=\"https:\/\/lundbergtech.com\/wp-content\/uploads\/2021\/10\/R2R-manufacturing2-570x0-c-default.jpg\" alt=\"Trim capturing from slitter rewinder\" class=\"lg:mb-0 lg:absolute lg:right-0 lg:mt-0 lg:-bottom-28\">\n    <\/div>\n\n    <div class=\" md:w-6\/12 md:h-96 md:relative md:mt-20 lg:z-10 hidden md:block  lg:h-auto  left md:order-1 md:mr-2 lg:mr-4  xl:mr-6 \">\n      <div class=\"bg-cover lg:h-540 w-full md:h-full lg:absolute lg:bottom-0 lg:mt-0\" style=\"background-image:url('https:\/\/lundbergtech.com\/wp-content\/uploads\/2021\/10\/R2R-manufacturing2-570x0-c-default.jpg');\"><\/div>\n    <\/div>\n\n\n<\/div>\n\n\n[\/vc_column][\/vc_row][vc_row full_width=&#8221;stretch_row_content_no_spaces&#8221;][vc_column]<div class=\"m-benefits-carousel relative py-14 pb-8 md:pt-24 md:pb-6 lg:pt-36 lg:pb-12  image-right \">\n    <div class=\"container md:mx-auto px-3 pb-2 lg:max-w-4xl xl:max-w-6xl lg:relative \">\n\n        <h2 class=\"text-left md:pb-0 leading-8 md:text-32 md:w-4\/12 md:leading-8 lg:text-36 lg:leading-10 xl:leading-11 xl:text-42 md:border-t md:border-lt_grey md:pt-4\">\n        <span class=\"text-lt_blue font-heading font-medium\">Vorteile &amp; Features<\/span>\n        <span class=\"text-lt_green text-16 lg:text-18 leading-5 block font-semibold md:pt-2 \">Lundberg Tech Abfallentsorgungssysteme halten Ihre Produktion optimal am Laufen und Sie profitieren von vielen Vorteilen: <\/span><\/h2>\n\n        <div class=\"c-slider__arrows c-slider--benefits__arrows w-32 h-10 mx-auto z-20 absolute left-0 right-0 text-center md:ml-0 md:text-left md:z-50 md:w-24\"><\/div>\n\n        <div class=\"md:overflow-hidden md:mt-1 md:pb-12 lg:pb-14 xl:pb-18 js-benefits-carousel z-20 \">\n            <div class=\"\">\n    <div class=\"md:flex md:h-592\">\n\n        <div class=\"md:w-5\/12 md:ml-10 lg:w-6\/12 xl:w-6\/12 m-benefits-carousel__image-container md:mb-14\">\n                        <div class=\"w-full h-64 md:h-full relative overflow-hidden bg-top bg-no-repeat bg-cover\" style=\"background-image:url('https:\/\/lundbergtech.com\/wp-content\/uploads\/2021\/10\/R2R-manufacturing-742x583.jpg');\"><\/div>\n                    <\/div>\n\n\n        <div class=\"md:w-6\/12 m-benefits-carousel__content-container\">\n            <div class=\"z-10 text-left bg-white p-3 lg:ml-0 md:relative \">\n\n                <div class=\"m-benefits-carousel__content px-3 \">\n                    <\/p>\n<ul>\n<li>Reduziert das Abfallvolumen durch Zerkleinerung drastisch<\/li>\n<li>Erleichtert das Recycling von Abfallmaterial<\/li>\n<li>Stellt sicher, dass die Abfallentsorgung Ihre R2R-Prozesse nicht beeintr\u00e4chtigt<\/li>\n<li>Reduziert manuelle Arbeitsvorg\u00e4nge bei der M\u00fcllbeseitigung<\/li>\n<li>Installiert Sammelpunkte f\u00fcr Abf\u00e4lle fernab vom Produktionsprozess<\/li>\n<\/ul>\n<p>\n                <\/div>\n\n                <\/div>\n           <\/div>\n\n\n\n\n\n    <\/div>\n\n<\/div>\n\n        <\/div>\n         <div class=\"c-slider__dots c-slider--benefits__dots  static h-4 mt-10 lg:mt-14 mx-auto z-20  left-0 right-0 text-center\"><\/div>\n   \t<\/div>\n<\/div>\n\n[\/vc_column][\/vc_row][vc_row][vc_column]<div class=\"m-spacer m-spacer-69e4a890bb270\" data-id=\"69e4a890bb270\" data-height=\"0\" data-height-mobile=\"25\" data-height-tab=\"0\" data-height-tab-portrait=\"0\" style=\"clear:both;display:block;\"><\/div>\n\n\n\n<div class=\"m-text-image md:flex md:py-10 lg:relative container lg:pb-20\">\n    <div class=\"md:w-6\/12 bg-white p-4 pb-5  md:p-10 filter drop-shadow-lg lg:mb-20  z-20 lg:p-14  md:order-2 md:ml-2 lg:ml-4 xl:ml-6 \">\n      <div class=\"m-text-image__content pb-4 lg:pb-12 md:text-18\">\n        <\/p>\n<h2>Effiziente Randstreifenentsorgung unabh\u00e4ngig von der Anzahl und Breite der Randstreifen<\/h2>\n<p>Seit mehr als vier Jahrzehnten entwickelt und fertigt Lundberg Tech Abfallentsorgungs-<br \/>\nanlagen und -systeme f\u00fcr R2R-Prozesse. Unsere L\u00f6sungen sind bekannt daf\u00fcr, dass sie Randstreifen sowohl von langsam laufenden Maschinen, von getakteten Maschinen und auch von Hochgeschwindigkeits-Maschinen mit Geschwindigkeiten bis 2500 m\/min entfernen k\u00f6nnen.<\/p>\n<p>Dabei brauchen Sie sich nicht um die Breite des Randstreifens zu sorgen. Hier gibt es kaum Limitierung, da Lundberg Tech <a href=https:\/\/lundbergtech.com\/de\/granulators-and-cutters\/>Granulatoren<\/a> bis zu einer Breite von 660 mm liefern kann. Und je nach Materialart geht es sogar dar\u00fcber hinaus. Fragen Sie uns gern an!\n \n      <\/div>\n          <\/div>\n\n    <div class=\"block md:hidden\">\n      <img decoding=\"async\" src=\"https:\/\/lundbergtech.com\/wp-content\/uploads\/2021\/10\/R2R_Trims3-570x0-c-default.jpg\" alt=\"\" class=\"lg:mb-0 lg:absolute lg:right-0 lg:mt-0 lg:-bottom-28\">\n    <\/div>\n\n    <div class=\" md:w-6\/12 md:h-96 md:relative md:mt-20 lg:z-10 hidden md:block  lg:h-auto  left md:order-1 md:mr-2 lg:mr-4  xl:mr-6 \">\n      <div class=\"bg-cover lg:h-540 w-full md:h-full lg:absolute lg:bottom-0 lg:mt-0\" style=\"background-image:url('https:\/\/lundbergtech.com\/wp-content\/uploads\/2021\/10\/R2R_Trims3-570x0-c-default.jpg');\"><\/div>\n    <\/div>\n\n\n<\/div>\n\n\n<div class=\"m-spacer m-spacer-69e4a890bd3ff\" data-id=\"69e4a890bd3ff\" data-height=\"0\" data-height-mobile=\"25\" data-height-tab=\"0\" data-height-tab-portrait=\"0\" style=\"clear:both;display:block;\"><\/div>\n\n\n\n[\/vc_column][\/vc_row][vc_row][vc_column]<div class=\"m-text-image md:flex md:py-10 lg:relative container lg:pb-20\">\n    <div class=\"md:w-6\/12 bg-white p-4 pb-5  md:p-10 filter drop-shadow-lg lg:mb-20  z-20 lg:p-14  md:order-1 md:mr-2 lg:mr-4  xl:mr-6 \">\n      <div class=\"m-text-image__content pb-4 lg:pb-12 md:text-18\">\n        Lundberg Tech Abfallentsorgungssysteme k\u00f6nnen verschiedenste Materialien absaugen, wie z. B. Papier, Plastikfolie, thermogeformtes Plastik, laminierte Folie, Karton, Textilmaterial, Gummi, d\u00fcnnes Metall und sogar Material mit Haftklebebeschichtung auf der Oberfl\u00e4che oder zwischen den einzelnen Schichten. Sollten Sie sich unsicher sein, ob wir auch Ihr spezifisches Material in den Griff bekommen, kontaktieren Sie uns gern f\u00fcr einen Materialtest.<\/p>\n<p>F\u00fcr R2R-Prozesse k\u00f6nnen entweder unsere <a href=https:\/\/lundbergtech.com\/de\/all-in-one-units\/>All-in-one Einheiten<\/a> genutzt werden, um Abf\u00e4lle abzusaugen und zentral zu sammeln. Unsere All-in-one Einheiten vereinen in einem Ger\u00e4t alles, was notwendig ist, um Abf\u00e4lle zu entfernen und zu sammeln. Des Weiteren sind sie einfach in der Installation (Plug &amp; Play).<\/p>\n<p>Oder aber Sie lassen sich ein <a href=https:\/\/lundbergtech.com\/de\/central-systems\/>Zentralsystem<\/a>, speziell abgestimmt auf Ihre Bed\u00fcrfnisse, konzipieren. Unsere Zentralsysteme k\u00f6nnen Abf\u00e4lle von einer unbegrenzten Anzahl an Maschinen entfernen. Au\u00dferdem k\u00f6nnen Sie unter dem Recycling-Aspekt entwickelt werden und nach Materialart getrennte Sammelpunkte ansteuern.<\/p>\n<p>Sollten Sie bereits eines unserer Systeme besitzen und dieses mit einem zus\u00e4tzlichen <a href=https:\/\/lundbergtech.com\/de\/granulators-and-cutters\/>Granulator<\/a> erweitern wollen, so helfen wir Ihnen gern bei der Auswahl aus unserem breiten Angebot an Granulatoren. Diese werden in unserem Haus entwickelt und hergestellt und k\u00f6nnen daher immer perfekt auf Ihre Bed\u00fcrfnisse angepasst werden.\n \n      <\/div>\n          <\/div>\n\n    <div class=\"block md:hidden\">\n      <img decoding=\"async\" src=\"https:\/\/lundbergtech.com\/wp-content\/uploads\/2021\/10\/R2R_Trims2-570x0-c-default.jpg\" alt=\"\" class=\"lg:mb-0 lg:absolute lg:right-0 lg:mt-0 lg:-bottom-28\">\n    <\/div>\n\n    <div class=\" md:w-6\/12 md:h-96 md:relative md:mt-20 lg:z-10 hidden md:block  lg:h-auto right md:order-2 md:ml-2 lg:ml-4  xl:ml-6 \">\n      <div class=\"bg-cover lg:h-540 w-full md:h-full lg:absolute lg:bottom-0 lg:mt-0\" style=\"background-image:url('https:\/\/lundbergtech.com\/wp-content\/uploads\/2021\/10\/R2R_Trims2-570x0-c-default.jpg');\"><\/div>\n    <\/div>\n\n\n<\/div>\n\n\n<div class=\"m-spacer m-spacer-69e4a890beede\" data-id=\"69e4a890beede\" data-height=\"0\" data-height-mobile=\"25\" data-height-tab=\"0\" data-height-tab-portrait=\"0\" style=\"clear:both;display:block;\"><\/div>\n\n\n\n[\/vc_column][\/vc_row][vc_row full_width=&#8221;stretch_row_content_no_spaces&#8221;][vc_column]<div class=\"m-case-study-carousel relative py-14 pb-32 md:pt-24 md:pb-36 lg:pt-36 lg:pb-32\">\n    <div class=\"container md:mx-auto px-3 pb-8 lg:max-w-4xl xl:max-w-6xl lg:relative \">\n\n        <h2 class=\"text-left md:pb-0 leading-8 md:text-32 md:leading-8 lg:text-36 lg:leading-10 xl:leading-11 xl:text-42 md:border-t md:border-lt_grey md:pt-4\">\n        <span class=\"text-lt_blue font-heading font-medium\">Recent<\/span>\n        <span class=\"text-lt_green font-heading block font-medium \">Case Studies <\/span><\/h2>\n\n        <div class=\"c-slider__arrows c-slider--casestudy__arrows w-32 h-10 mx-auto z-20 absolute left-0 right-0 text-center md:ml-0 md:text-left md:z-50 md:w-24\"><\/div>\n\n        <div class=\"md:overflow-hidden md:mt-1 md:pb-12 lg:pb-14 xl:pb-18 js-case-study-selector-carousel z-20\">\n            <div class=\"\">\n    <div class=\"md:flex md:h-400 xl:h-576\">\n\n        <div class=\"md:w-6\/12 xl:w-7\/12 xl:pr-3\">\n                        <div class=\"w-full h-64  lg:h-full relative overflow-hidden bg-top bg-no-repeat bg-cover\" style=\"background-image:url('https:\/\/lundbergtech.com\/wp-content\/uploads\/2022\/06\/KEK-Kaschierungen-Shafagh-Nosrati-testimonial-WasteTech-2022a-742x370.jpg');\"><\/div>\n                    <\/div>\n\n\n        <div class=\"md:w-5\/12 md:ml-7  md:relative\">\n            <div class=\"p-5 md:px-8 mb-5 md:pb-7 lg:pb-12 lg:px-10 relative z-10 text-left bg-white  md:absolute md:drop-shadow-md xl:drop-shadow-xl md:filter md:m-0  md:w-full  md:right-0 md:top-52 lg:top-60 md:h-auto xl:ml-12 \">\n\n                    <a class=\"block u-a-nostyle mt-1 pt-3 md:pt-3  md:pl-0 lg:pt-4 xl:pt-5 md:hover:underline\" href=https:\/\/lundbergtech.com\/de\/case-studies\/kek-kaschierungen-roll-to-roll-processing\/ title=\"KEK &#8211; Kaschierungen \u2013 Roll-to-roll Processing\">\n                    <h3 class=\"leading-snug text-20  text-lt_blue md:leading-tight lg:text-20 xl:text-28 md:mb-0 font-bold \">KEK &#8211; Kaschierungen \u2013 Roll-to-roll Processing<\/h3>\n                    <\/a>\t\n                   \n                                        <a class=\"c-button--arrow-link\" href=https:\/\/lundbergtech.com\/de\/case-studies\/kek-kaschierungen-roll-to-roll-processing\/ title=\"KEK &#8211; Kaschierungen \u2013 Roll-to-roll Processing\">Read case study<\/a>\t\n                <\/div>\n           <\/div>\n\n\n\n\n\n    <\/div>\n\n<\/div>\n<div class=\"\">\n    <div class=\"md:flex md:h-400 xl:h-576\">\n\n        <div class=\"md:w-6\/12 xl:w-7\/12 xl:pr-3\">\n                        <div class=\"w-full h-64  lg:h-full relative overflow-hidden bg-top bg-no-repeat bg-cover\" style=\"background-image:url('https:\/\/lundbergtech.com\/wp-content\/uploads\/2022\/03\/Bausch-Convert-A-Bausch-WasteTech-200-testimonial-1-742x370.jpg');\"><\/div>\n                    <\/div>\n\n\n        <div class=\"md:w-5\/12 md:ml-7  md:relative\">\n            <div class=\"p-5 md:px-8 mb-5 md:pb-7 lg:pb-12 lg:px-10 relative z-10 text-left bg-white  md:absolute md:drop-shadow-md xl:drop-shadow-xl md:filter md:m-0  md:w-full  md:right-0 md:top-52 lg:top-60 md:h-auto xl:ml-12 \">\n\n                    <a class=\"block u-a-nostyle mt-1 pt-3 md:pt-3  md:pl-0 lg:pt-4 xl:pt-5 md:hover:underline\" href=https:\/\/lundbergtech.com\/de\/de-case-studies\/bausch-convert-roll-to-roll-processing\/ title=\"Bausch Convert \u2013 Roll-to-roll Processing\">\n                    <h3 class=\"leading-snug text-20  text-lt_blue md:leading-tight lg:text-20 xl:text-28 md:mb-0 font-bold \">Bausch Convert \u2013 Roll-to-roll Processing<\/h3>\n                    <\/a>\t\n                   \n                                        <a class=\"c-button--arrow-link\" href=https:\/\/lundbergtech.com\/de\/de-case-studies\/bausch-convert-roll-to-roll-processing\/ title=\"Bausch Convert \u2013 Roll-to-roll Processing\">Read case study<\/a>\t\n                <\/div>\n           <\/div>\n\n\n\n\n\n    <\/div>\n\n<\/div>\n\n        <\/div>\n         <div class=\"c-slider__dots c-slider--casestudy__dots  mx-auto z-20 absolute left-0 right-0 text-center\"><\/div>\n   \t<\/div>\n<\/div>\n\n<div class=\"m-spacer m-spacer-69e4a890c4c00\" data-id=\"69e4a890c4c00\" data-height=\"25\" data-height-mobile=\"0\" data-height-tab=\"0\" data-height-tab-portrait=\"0\" style=\"clear:both;display:block;\"><\/div>\n\n\n\n[\/vc_column][\/vc_row]<\/p>\n<\/div>","protected":false},"excerpt":{"rendered":"<p>[vc_row full_width=&#8221;stretch_row&#8221; css=&#8221;.vc_custom_1634201035523{background-position: center !important;background-repeat: no-repeat !important;background-size: cover !important;}&#8221;][vc_column][\/vc_column][\/vc_row][vc_row full_width=&#8221;stretch_row_content_no_spaces&#8221;][vc_column][\/vc_column][\/vc_row][vc_row][vc_column][\/vc_column][\/vc_row][vc_row][vc_column][\/vc_column][\/vc_row][vc_row full_width=&#8221;stretch_row_content_no_spaces&#8221;][vc_column][\/vc_column][\/vc_row]<\/p>\n","protected":false},"author":1,"featured_media":1565,"parent":4081,"menu_order":0,"comment_status":"closed","ping_status":"closed","template":"","meta":{"_acf_changed":false,"inline_featured_image":false,"footnotes":""},"class_list":["post-4089","page","type-page","status-publish","has-post-thumbnail","hentry"],"acf":[],"yoast_head":"<!-- This site is optimized with the Yoast SEO plugin v27.1.1 - https:\/\/yoast.com\/product\/yoast-seo-wordpress\/ -->\n<title>Rolle-zu-Rolle Verarbeitung | Lundberg Tech | Abfallentsorgung<\/title>\n<meta name=\"description\" content=\"R2R Produktion | Die Abfallentsorgungssysteme von Lundberg Tech helfen Ihnen einen einfachen Weg f\u00fcr die Randstreifenentsorgung zu finden | Ruf uns an\" \/>\n<meta name=\"robots\" content=\"index, follow, max-snippet:-1, max-image-preview:large, max-video-preview:-1\" \/>\n<link rel=\"canonical\" href=\"https:\/\/lundbergtech.com\/de\/ihr-prozess\/rolle-zu-rolle-verarbeitung\/\" \/>\n<meta property=\"og:locale\" content=\"de_DE\" \/>\n<meta property=\"og:type\" content=\"article\" \/>\n<meta property=\"og:title\" content=\"Rolle-zu-Rolle Verarbeitung | Lundberg Tech | Abfallentsorgung\" \/>\n<meta property=\"og:description\" content=\"R2R Produktion | Die Abfallentsorgungssysteme von Lundberg Tech helfen Ihnen einen einfachen Weg f\u00fcr die Randstreifenentsorgung zu finden | Ruf uns an\" \/>\n<meta property=\"og:url\" content=\"https:\/\/lundbergtech.com\/de\/ihr-prozess\/rolle-zu-rolle-verarbeitung\/\" \/>\n<meta property=\"og:site_name\" content=\"Lundberg Tech\" \/>\n<meta property=\"article:publisher\" content=\"https:\/\/www.facebook.com\/lundbergtech\" \/>\n<meta property=\"article:modified_time\" content=\"2023-07-03T13:39:10+00:00\" \/>\n<meta property=\"og:image\" content=\"https:\/\/lundbergtech.com\/wp-content\/uploads\/2021\/10\/R2R_trims01.jpg\" \/>\n\t<meta property=\"og:image:width\" content=\"700\" \/>\n\t<meta property=\"og:image:height\" content=\"387\" \/>\n\t<meta property=\"og:image:type\" content=\"image\/jpeg\" \/>\n<meta name=\"twitter:card\" content=\"summary_large_image\" \/>\n<meta name=\"twitter:site\" content=\"@lundbergtech\" \/>\n<meta name=\"twitter:label1\" content=\"Est. reading time\" \/>\n\t<meta name=\"twitter:data1\" content=\"3 minutes\" \/>\n<script type=\"application\/ld+json\" class=\"yoast-schema-graph\">{\"@context\":\"https:\/\/schema.org\",\"@graph\":[{\"@type\":\"WebPage\",\"@id\":\"https:\/\/lundbergtech.com\/de\/ihr-prozess\/rolle-zu-rolle-verarbeitung\/\",\"url\":\"https:\/\/lundbergtech.com\/de\/ihr-prozess\/rolle-zu-rolle-verarbeitung\/\",\"name\":\"Rolle-zu-Rolle Verarbeitung | Lundberg Tech | Abfallentsorgung\",\"isPartOf\":{\"@id\":\"https:\/\/lundbergtech.com\/#website\"},\"primaryImageOfPage\":{\"@id\":\"https:\/\/lundbergtech.com\/de\/ihr-prozess\/rolle-zu-rolle-verarbeitung\/#primaryimage\"},\"image\":{\"@id\":\"https:\/\/lundbergtech.com\/de\/ihr-prozess\/rolle-zu-rolle-verarbeitung\/#primaryimage\"},\"thumbnailUrl\":\"https:\/\/lundbergtech.com\/wp-content\/uploads\/2021\/10\/R2R_trims01.jpg\",\"datePublished\":\"2021-05-19T11:48:56+00:00\",\"dateModified\":\"2023-07-03T13:39:10+00:00\",\"description\":\"R2R Produktion | Die Abfallentsorgungssysteme von Lundberg Tech helfen Ihnen einen einfachen Weg f\u00fcr die Randstreifenentsorgung zu finden | Ruf uns an\",\"breadcrumb\":{\"@id\":\"https:\/\/lundbergtech.com\/de\/ihr-prozess\/rolle-zu-rolle-verarbeitung\/#breadcrumb\"},\"inLanguage\":\"de-DE\",\"potentialAction\":[{\"@type\":\"ReadAction\",\"target\":[\"https:\/\/lundbergtech.com\/de\/ihr-prozess\/rolle-zu-rolle-verarbeitung\/\"]}]},{\"@type\":\"ImageObject\",\"inLanguage\":\"de-DE\",\"@id\":\"https:\/\/lundbergtech.com\/de\/ihr-prozess\/rolle-zu-rolle-verarbeitung\/#primaryimage\",\"url\":\"https:\/\/lundbergtech.com\/wp-content\/uploads\/2021\/10\/R2R_trims01.jpg\",\"contentUrl\":\"https:\/\/lundbergtech.com\/wp-content\/uploads\/2021\/10\/R2R_trims01.jpg\",\"width\":700,\"height\":387},{\"@type\":\"BreadcrumbList\",\"@id\":\"https:\/\/lundbergtech.com\/de\/ihr-prozess\/rolle-zu-rolle-verarbeitung\/#breadcrumb\",\"itemListElement\":[{\"@type\":\"ListItem\",\"position\":1,\"name\":\"Ihr Prozess\",\"item\":\"https:\/\/lundbergtech.com\/de\/ihr-prozess\/\"},{\"@type\":\"ListItem\",\"position\":2,\"name\":\"Rolle-zu-Rolle Verarbeitung\"}]},{\"@type\":\"WebSite\",\"@id\":\"https:\/\/lundbergtech.com\/#website\",\"url\":\"https:\/\/lundbergtech.com\/\",\"name\":\"Lundberg Tech\",\"description\":\"Our waste handling keeps production going\",\"potentialAction\":[{\"@type\":\"SearchAction\",\"target\":{\"@type\":\"EntryPoint\",\"urlTemplate\":\"https:\/\/lundbergtech.com\/?s={search_term_string}\"},\"query-input\":{\"@type\":\"PropertyValueSpecification\",\"valueRequired\":true,\"valueName\":\"search_term_string\"}}],\"inLanguage\":\"de-DE\"}]}<\/script>\n<!-- \/ Yoast SEO plugin. -->","yoast_head_json":{"title":"Rolle-zu-Rolle Verarbeitung | Lundberg Tech | Abfallentsorgung","description":"R2R Produktion | Die Abfallentsorgungssysteme von Lundberg Tech helfen Ihnen einen einfachen Weg f\u00fcr die Randstreifenentsorgung zu finden | Ruf uns an","robots":{"index":"index","follow":"follow","max-snippet":"max-snippet:-1","max-image-preview":"max-image-preview:large","max-video-preview":"max-video-preview:-1"},"canonical":"https:\/\/lundbergtech.com\/de\/ihr-prozess\/rolle-zu-rolle-verarbeitung\/","og_locale":"de_DE","og_type":"article","og_title":"Rolle-zu-Rolle Verarbeitung | Lundberg Tech | Abfallentsorgung","og_description":"R2R Produktion | Die Abfallentsorgungssysteme von Lundberg Tech helfen Ihnen einen einfachen Weg f\u00fcr die Randstreifenentsorgung zu finden | Ruf uns an","og_url":"https:\/\/lundbergtech.com\/de\/ihr-prozess\/rolle-zu-rolle-verarbeitung\/","og_site_name":"Lundberg Tech","article_publisher":"https:\/\/www.facebook.com\/lundbergtech","article_modified_time":"2023-07-03T13:39:10+00:00","og_image":[{"width":700,"height":387,"url":"https:\/\/lundbergtech.com\/wp-content\/uploads\/2021\/10\/R2R_trims01.jpg","type":"image\/jpeg"}],"twitter_card":"summary_large_image","twitter_site":"@lundbergtech","twitter_misc":{"Est. reading time":"3 minutes"},"schema":{"@context":"https:\/\/schema.org","@graph":[{"@type":"WebPage","@id":"https:\/\/lundbergtech.com\/de\/ihr-prozess\/rolle-zu-rolle-verarbeitung\/","url":"https:\/\/lundbergtech.com\/de\/ihr-prozess\/rolle-zu-rolle-verarbeitung\/","name":"Rolle-zu-Rolle Verarbeitung | Lundberg Tech | Abfallentsorgung","isPartOf":{"@id":"https:\/\/lundbergtech.com\/#website"},"primaryImageOfPage":{"@id":"https:\/\/lundbergtech.com\/de\/ihr-prozess\/rolle-zu-rolle-verarbeitung\/#primaryimage"},"image":{"@id":"https:\/\/lundbergtech.com\/de\/ihr-prozess\/rolle-zu-rolle-verarbeitung\/#primaryimage"},"thumbnailUrl":"https:\/\/lundbergtech.com\/wp-content\/uploads\/2021\/10\/R2R_trims01.jpg","datePublished":"2021-05-19T11:48:56+00:00","dateModified":"2023-07-03T13:39:10+00:00","description":"R2R Produktion | Die Abfallentsorgungssysteme von Lundberg Tech helfen Ihnen einen einfachen Weg f\u00fcr die Randstreifenentsorgung zu finden | Ruf uns an","breadcrumb":{"@id":"https:\/\/lundbergtech.com\/de\/ihr-prozess\/rolle-zu-rolle-verarbeitung\/#breadcrumb"},"inLanguage":"de-DE","potentialAction":[{"@type":"ReadAction","target":["https:\/\/lundbergtech.com\/de\/ihr-prozess\/rolle-zu-rolle-verarbeitung\/"]}]},{"@type":"ImageObject","inLanguage":"de-DE","@id":"https:\/\/lundbergtech.com\/de\/ihr-prozess\/rolle-zu-rolle-verarbeitung\/#primaryimage","url":"https:\/\/lundbergtech.com\/wp-content\/uploads\/2021\/10\/R2R_trims01.jpg","contentUrl":"https:\/\/lundbergtech.com\/wp-content\/uploads\/2021\/10\/R2R_trims01.jpg","width":700,"height":387},{"@type":"BreadcrumbList","@id":"https:\/\/lundbergtech.com\/de\/ihr-prozess\/rolle-zu-rolle-verarbeitung\/#breadcrumb","itemListElement":[{"@type":"ListItem","position":1,"name":"Ihr Prozess","item":"https:\/\/lundbergtech.com\/de\/ihr-prozess\/"},{"@type":"ListItem","position":2,"name":"Rolle-zu-Rolle Verarbeitung"}]},{"@type":"WebSite","@id":"https:\/\/lundbergtech.com\/#website","url":"https:\/\/lundbergtech.com\/","name":"Lundberg Tech","description":"Our waste handling keeps production going","potentialAction":[{"@type":"SearchAction","target":{"@type":"EntryPoint","urlTemplate":"https:\/\/lundbergtech.com\/?s={search_term_string}"},"query-input":{"@type":"PropertyValueSpecification","valueRequired":true,"valueName":"search_term_string"}}],"inLanguage":"de-DE"}]}},"_links":{"self":[{"href":"https:\/\/lundbergtech.com\/de\/wp-json\/wp\/v2\/pages\/4089","targetHints":{"allow":["GET"]}}],"collection":[{"href":"https:\/\/lundbergtech.com\/de\/wp-json\/wp\/v2\/pages"}],"about":[{"href":"https:\/\/lundbergtech.com\/de\/wp-json\/wp\/v2\/types\/page"}],"author":[{"embeddable":true,"href":"https:\/\/lundbergtech.com\/de\/wp-json\/wp\/v2\/users\/1"}],"replies":[{"embeddable":true,"href":"https:\/\/lundbergtech.com\/de\/wp-json\/wp\/v2\/comments?post=4089"}],"version-history":[{"count":21,"href":"https:\/\/lundbergtech.com\/de\/wp-json\/wp\/v2\/pages\/4089\/revisions"}],"predecessor-version":[{"id":7546,"href":"https:\/\/lundbergtech.com\/de\/wp-json\/wp\/v2\/pages\/4089\/revisions\/7546"}],"up":[{"embeddable":true,"href":"https:\/\/lundbergtech.com\/de\/wp-json\/wp\/v2\/pages\/4081"}],"wp:featuredmedia":[{"embeddable":true,"href":"https:\/\/lundbergtech.com\/de\/wp-json\/wp\/v2\/media\/1565"}],"wp:attachment":[{"href":"https:\/\/lundbergtech.com\/de\/wp-json\/wp\/v2\/media?parent=4089"}],"curies":[{"name":"wp","href":"https:\/\/api.w.org\/{rel}","templated":true}]}}