{"id":4091,"date":"2021-05-19T11:48:02","date_gmt":"2021-05-19T11:48:02","guid":{"rendered":"https:\/\/lundbergtech.com\/your-process\/converting-diecutting\/"},"modified":"2023-05-11T08:56:51","modified_gmt":"2023-05-11T08:56:51","slug":"stanzen-konfektionieren","status":"publish","type":"page","link":"https:\/\/lundbergtech.com\/de\/ihr-prozess\/stanzen-konfektionieren\/","title":{"rendered":"Stanzen, Konfektionieren"},"content":{"rendered":"<div class=\"wpb-content-wrapper\"><p>[vc_row full_width=&#8221;stretch_row&#8221; css=&#8221;.vc_custom_1624535937170{background-image: url(https:\/\/lundbergtech.com\/wp-content\/uploads\/2021\/06\/grey-abstract-bg-2.jpg?id=323) !important;background-position: center !important;background-repeat: no-repeat !important;background-size: cover !important;}&#8221;][vc_column]<div class=\"m-spacer m-spacer-69dd32dae6e3f\" data-id=\"69dd32dae6e3f\" data-height=\"150\" data-height-mobile=\"25\" data-height-tab=\"50\" data-height-tab-portrait=\"25\" style=\"clear:both;display:block;\"><\/div>\n\n\n\n<div class=\"m-text-image md:flex md:py-10 lg:relative container lg:pb-20\">\n    <div class=\"md:w-6\/12 bg-white p-4 pb-5  md:p-10 filter drop-shadow-lg lg:mb-20  z-20 lg:p-14  md:order-2 md:ml-2 lg:ml-4 xl:ml-6 \">\n      <div class=\"m-text-image__content pb-4 lg:pb-12 md:text-18\">\n        <span style=\"font-weight: 400;\">Sie arbeiten mit Konfektioniermaschinen und stellen auf einer Maschine T\u00fcten und Beutel oder \u00c4hnliches von Rollen her, die m\u00f6glicherweise bedruckt, gefaltet, gestanzt, geschwei\u00dft, laminiert oder beschichtet werden. Beim anfallenden Abfall kann es sich hierbei um Randbeschnitt, alle Arten von Stanzabf\u00e4llen, Querschneideabf\u00e4llen oder Stanzgittern handeln. Ein automatisiertes Abfallentsorgungssystem, das weder den Prozess noch das Personal st\u00f6rt, ist der beste Weg mit dieser Art von Abf\u00e4llen umzugehen.\u00a0<\/span>\n \n      <\/div>\n          <\/div>\n\n    <div class=\"block md:hidden\">\n      <img decoding=\"async\" src=\"https:\/\/lundbergtech.com\/wp-content\/uploads\/2021\/09\/EdgeTrim2-570x0-c-default.jpg\" alt=\"Capture edge trim with flexpipe\" class=\"lg:mb-0 lg:absolute lg:right-0 lg:mt-0 lg:-bottom-28\">\n    <\/div>\n\n    <div class=\" md:w-6\/12 md:h-96 md:relative md:mt-20 lg:z-10 hidden md:block  lg:h-auto  left md:order-1 md:mr-2 lg:mr-4  xl:mr-6 \">\n      <div class=\"bg-cover lg:h-540 w-full md:h-full lg:absolute lg:bottom-0 lg:mt-0\" style=\"background-image:url('https:\/\/lundbergtech.com\/wp-content\/uploads\/2021\/09\/EdgeTrim2-570x0-c-default.jpg');\"><\/div>\n    <\/div>\n\n\n<\/div>\n\n\n<div class=\"m-spacer m-spacer-69dd32daec5e1\" data-id=\"69dd32daec5e1\" data-height=\"0\" data-height-mobile=\"25\" data-height-tab=\"0\" data-height-tab-portrait=\"25\" style=\"clear:both;display:block;\"><\/div>\n\n\n\n[\/vc_column][\/vc_row][vc_row][vc_column]<div class=\"m-text-image md:flex md:py-10 lg:relative container lg:pb-20\">\n    <div class=\"md:w-6\/12 bg-white p-4 pb-5  md:p-10 filter drop-shadow-lg lg:mb-20  z-20 lg:p-14  md:order-1 md:mr-2 lg:mr-4  xl:mr-6 \">\n      <div class=\"m-text-image__content pb-4 lg:pb-12 md:text-18\">\n        <\/p>\n<h2>Eine beliebige Anzahl Absaugstellen und Form von Stanz-<br \/>\nabf\u00e4llen k\u00f6nnen abgesaugt werden<\/h2>\n<p><span style=\"font-weight: 400;\">Lundberg Tech liefert <a href=https:\/\/lundbergtech.com\/de\/all-in-one-units\/>All-in-one Einheiten<\/a> und <a href=https:\/\/lundbergtech.com\/de\/central-systems\/>Zentralsysteme<\/a> f\u00fcr die Abfallentsorgung, die den Produktionsprozess f\u00fcr eine einzelne Maschine ebenso unterst\u00fctzen k\u00f6nnen, wie f\u00fcr eine unbegrenzte Anzahl an Maschinen. Die Systeme basieren darauf, den Abfall durch Absaugung in einem Rohrsystem zu transportieren, welches einen Lundberg Tech <a href=https:\/\/lundbergtech.com\/de\/granulators-and-cutters\/>Granulator<\/a> enth\u00e4lt. Der Abfall wird dann einem Sammelpunkt zugef\u00fchrt, welcher f\u00fcr alle Ihre Maschinen am gleichen Ort sein kann. Der Granulator stellt dabei sicher, dass jegliches Abfallmaterial zerkleinert wird. Das Layout der Abfallentsorgung k\u00f6nnte auch vorsehen, dass die Abf\u00e4lle je nach Materialart zu unterschiedlichen Sammelpunkten geleitet wird und die materialien so sortenrein getrennt werden.\u00a0<\/span>\n \n      <\/div>\n          <\/div>\n\n    <div class=\"block md:hidden\">\n      <img decoding=\"async\" src=\"https:\/\/lundbergtech.com\/wp-content\/uploads\/2021\/09\/MatrixWaste-570x0-c-default.jpg\" alt=\"\" class=\"lg:mb-0 lg:absolute lg:right-0 lg:mt-0 lg:-bottom-28\">\n    <\/div>\n\n    <div class=\" md:w-6\/12 md:h-96 md:relative md:mt-20 lg:z-10 hidden md:block  lg:h-auto right md:order-2 md:ml-2 lg:ml-4  xl:ml-6 \">\n      <div class=\"bg-cover lg:h-540 w-full md:h-full lg:absolute lg:bottom-0 lg:mt-0\" style=\"background-image:url('https:\/\/lundbergtech.com\/wp-content\/uploads\/2021\/09\/MatrixWaste-570x0-c-default.jpg');\"><\/div>\n    <\/div>\n\n\n<\/div>\n\n\n[\/vc_column][\/vc_row][vc_row full_width=&#8221;stretch_row_content_no_spaces&#8221;][vc_column]<div class=\"m-benefits-carousel relative py-14 pb-8 md:pt-24 md:pb-6 lg:pt-36 lg:pb-12  image-left \">\n    <div class=\"container md:mx-auto px-3 pb-2 lg:max-w-4xl xl:max-w-6xl lg:relative \">\n\n        <h2 class=\"text-left md:pb-0 leading-8 md:text-32 md:w-4\/12 md:leading-8 lg:text-36 lg:leading-10 xl:leading-11 xl:text-42 md:border-t md:border-lt_grey md:pt-4\">\n        <span class=\"text-lt_blue font-heading font-medium\">Vorteile &amp; Features<\/span>\n        <span class=\"text-lt_green text-16 lg:text-18 leading-5 block font-semibold md:pt-2 \">Sich f\u00fcr eine Lundberg Tech Abfallentsorgungs-L\u00f6sung zu entscheiden bedeutet, dass: <\/span><\/h2>\n\n        <div class=\"c-slider__arrows c-slider--benefits__arrows w-32 h-10 mx-auto z-20 absolute left-0 right-0 text-center md:ml-0 md:text-left md:z-50 md:w-24\"><\/div>\n\n        <div class=\"md:overflow-hidden md:mt-1 md:pb-12 lg:pb-14 xl:pb-18 js-benefits-carousel z-20 \">\n            <div class=\"\">\n    <div class=\"md:flex md:h-592\">\n\n        <div class=\"md:w-5\/12 md:ml-10 lg:w-6\/12 xl:w-6\/12 m-benefits-carousel__image-container md:mb-14\">\n                        <div class=\"w-full h-64 md:h-full relative overflow-hidden bg-top bg-no-repeat bg-cover\" style=\"background-image:url('https:\/\/lundbergtech.com\/wp-content\/uploads\/2021\/09\/EdgeTrim1-742x583-2-742x583.jpg');\"><\/div>\n                    <\/div>\n\n\n        <div class=\"md:w-6\/12 m-benefits-carousel__content-container\">\n            <div class=\"z-10 text-left bg-white p-3 lg:ml-0 md:relative \">\n\n                <div class=\"m-benefits-carousel__content px-3 \">\n                    <\/p>\n<ul>\n<li style=\"font-weight: 400;\" aria-level=\"1\"><span style=\"font-weight: 400;\">\u2026Sie alle Materialarten verwenden k\u00f6nnen\u00a0<\/span><\/li>\n<li style=\"font-weight: 400;\" aria-level=\"1\"><span style=\"font-weight: 400;\">\u2026das Abfallvolumen deutlich verringert wird\u00a0<\/span><\/li>\n<li style=\"font-weight: 400;\" aria-level=\"1\"><span style=\"font-weight: 400;\">\u2026der Abfall optimal f\u00fcrs Recycling vorbereitet wird\u00a0<\/span><\/li>\n<\/ul>\n<p>\n                <\/div>\n\n                <\/div>\n           <\/div>\n\n\n\n\n\n    <\/div>\n\n<\/div>\n\n        <\/div>\n         <div class=\"c-slider__dots c-slider--benefits__dots  static h-4 mt-10 lg:mt-14 mx-auto z-20  left-0 right-0 text-center\"><\/div>\n   \t<\/div>\n<\/div>\n\n[\/vc_column][\/vc_row][vc_row][vc_column]<div class=\"m-spacer m-spacer-69dd32daf0aac\" data-id=\"69dd32daf0aac\" data-height=\"0\" data-height-mobile=\"25\" data-height-tab=\"0\" data-height-tab-portrait=\"0\" style=\"clear:both;display:block;\"><\/div>\n\n\n\n<div class=\"m-text-image md:flex md:py-10 lg:relative container lg:pb-20\">\n    <div class=\"md:w-6\/12 bg-white p-4 pb-5  md:p-10 filter drop-shadow-lg lg:mb-20  z-20 lg:p-14  md:order-1 md:mr-2 lg:mr-4  xl:mr-6 \">\n      <div class=\"m-text-image__content pb-4 lg:pb-12 md:text-18\">\n        Seit den 1990er Jahren liefert Lundberg Tech Systeml\u00f6sungen f\u00fcr Absauganlagen f\u00fcr Fertigungs- und Verpackungsanlagen an verschiedenste Industriezweige, darunter z. B. Flexible Verpackungen, Druckereien, Folienhersteller, Papier- und Kartonagen, Textil- und Nonwoven, Verpackungen f\u00fcr Lebensmittel und Pharma, Healthcare.<\/p>\n<p>Der Lundberg Tech <a href=https:\/\/lundbergtech.com\/de\/granulators-and-cutters\/>Granulator<\/a> bildet das Herz dieser Vakuum-Abfalltransportsysteme. Wir bei Lundberg Tech sind stolz darauf, der weltgr\u00f6\u00dfte Produzent von Granulatoren zu sein, die bei uns designt und in eigener Fertigung hergestellt werden. Au\u00dferdem sind wir bei Lundberg Tech stolz darauf, das breiteste Produktspektrum anbieten zu k\u00f6nnen und f\u00fcr Abfallstoffe unterschiedlichster Art, und sogar f\u00fcr Edelstahl, L\u00f6sungen anbieten zu k\u00f6nnen.<\/p>\n<p>Die bestm\u00f6gliche Optimierung der Abfallentsorgung mit einer Materialtrennung w\u00e4re die Gestaltung eines Systems, dass eine Lundberg Tech <a href=https:\/\/lundbergtech.com\/de\/all-in-one-units\/>All-in-one Einheit<\/a> mit einem <a href=https:\/\/lundbergtech.com\/de\/central-systems\/>Zentralsystem<\/a> verbindet: Dabei sammelt die All-in-one Einheit das Material, welches f\u00fcrs Recycling vorbereitet werden soll und die Zentraleinheit verarbeitet den Teil des Abfalls, der nicht weiter recycelbar ist.\n \n      <\/div>\n          <\/div>\n\n    <div class=\"block md:hidden\">\n      <img decoding=\"async\" src=\"https:\/\/lundbergtech.com\/wp-content\/uploads\/2021\/09\/DiecutWaste-570x0-c-default.jpg\" alt=\"Waste from die cuttting\" class=\"lg:mb-0 lg:absolute lg:right-0 lg:mt-0 lg:-bottom-28\">\n    <\/div>\n\n    <div class=\" md:w-6\/12 md:h-96 md:relative md:mt-20 lg:z-10 hidden md:block  lg:h-auto right md:order-2 md:ml-2 lg:ml-4  xl:ml-6 \">\n      <div class=\"bg-cover lg:h-540 w-full md:h-full lg:absolute lg:bottom-0 lg:mt-0\" style=\"background-image:url('https:\/\/lundbergtech.com\/wp-content\/uploads\/2021\/09\/DiecutWaste-570x0-c-default.jpg');\"><\/div>\n    <\/div>\n\n\n<\/div>\n\n\n<div class=\"m-spacer m-spacer-69dd32daf268f\" data-id=\"69dd32daf268f\" data-height=\"0\" data-height-mobile=\"25\" data-height-tab=\"0\" data-height-tab-portrait=\"0\" style=\"clear:both;display:block;\"><\/div>\n\n\n\n[\/vc_column][\/vc_row][vc_row full_width=&#8221;stretch_row_content_no_spaces&#8221;][vc_column]<div class=\"m-case-study-carousel relative py-14 pb-32 md:pt-24 md:pb-36 lg:pt-36 lg:pb-32\">\n    <div class=\"container md:mx-auto px-3 pb-8 lg:max-w-4xl xl:max-w-6xl lg:relative \">\n\n        <h2 class=\"text-left md:pb-0 leading-8 md:text-32 md:leading-8 lg:text-36 lg:leading-10 xl:leading-11 xl:text-42 md:border-t md:border-lt_grey md:pt-4\">\n        <span class=\"text-lt_blue font-heading font-medium\">Recent<\/span>\n        <span class=\"text-lt_green font-heading block font-medium \">Case Studies <\/span><\/h2>\n\n        <div class=\"c-slider__arrows c-slider--casestudy__arrows w-32 h-10 mx-auto z-20 absolute left-0 right-0 text-center md:ml-0 md:text-left md:z-50 md:w-24\"><\/div>\n\n        <div class=\"md:overflow-hidden md:mt-1 md:pb-12 lg:pb-14 xl:pb-18 js-case-study-selector-carousel z-20\">\n            <div class=\"\">\n    <div class=\"md:flex md:h-400 xl:h-576\">\n\n        <div class=\"md:w-6\/12 xl:w-7\/12 xl:pr-3\">\n                        <div class=\"w-full h-64  lg:h-full relative overflow-hidden bg-top bg-no-repeat bg-cover\" style=\"background-image:url('https:\/\/lundbergtech.com\/wp-content\/uploads\/2023\/02\/Bomarko-Central-System-1-742x370.jpg');\"><\/div>\n                    <\/div>\n\n\n        <div class=\"md:w-5\/12 md:ml-7  md:relative\">\n            <div class=\"p-5 md:px-8 mb-5 md:pb-7 lg:pb-12 lg:px-10 relative z-10 text-left bg-white  md:absolute md:drop-shadow-md xl:drop-shadow-xl md:filter md:m-0  md:w-full  md:right-0 md:top-52 lg:top-60 md:h-auto xl:ml-12 \">\n\n                    <a class=\"block u-a-nostyle mt-1 pt-3 md:pt-3  md:pl-0 lg:pt-4 xl:pt-5 md:hover:underline\" href=https:\/\/lundbergtech.com\/de\/de-case-studies\/bomarko-converting-and-die-cutting\/ title=\"Bomarko \u2013 Converting and Die Cutting\">\n                    <h3 class=\"leading-snug text-20  text-lt_blue md:leading-tight lg:text-20 xl:text-28 md:mb-0 font-bold \">Bomarko \u2013 Converting and Die Cutting<\/h3>\n                    <\/a>\t\n                   \n                                        <a class=\"c-button--arrow-link\" href=https:\/\/lundbergtech.com\/de\/de-case-studies\/bomarko-converting-and-die-cutting\/ title=\"Bomarko \u2013 Converting and Die Cutting\">Read case study<\/a>\t\n                <\/div>\n           <\/div>\n\n\n\n\n\n    <\/div>\n\n<\/div>\n<div class=\"\">\n    <div class=\"md:flex md:h-400 xl:h-576\">\n\n        <div class=\"md:w-6\/12 xl:w-7\/12 xl:pr-3\">\n                        <div class=\"w-full h-64  lg:h-full relative overflow-hidden bg-top bg-no-repeat bg-cover\" style=\"background-image:url('https:\/\/lundbergtech.com\/wp-content\/uploads\/2021\/11\/Ellco-waste-container-and-filter-742x500.jpg');\"><\/div>\n                    <\/div>\n\n\n        <div class=\"md:w-5\/12 md:ml-7  md:relative\">\n            <div class=\"p-5 md:px-8 mb-5 md:pb-7 lg:pb-12 lg:px-10 relative z-10 text-left bg-white  md:absolute md:drop-shadow-md xl:drop-shadow-xl md:filter md:m-0  md:w-full  md:right-0 md:top-52 lg:top-60 md:h-auto xl:ml-12 \">\n\n                    <a class=\"block u-a-nostyle mt-1 pt-3 md:pt-3  md:pl-0 lg:pt-4 xl:pt-5 md:hover:underline\" href=https:\/\/lundbergtech.com\/case-studies\/ellco-etikett-trykk-converting-and-die-cutting\/ title=\"Ellco Etikett Trykk \u2013 Converting and Die Cutting\">\n                    <h3 class=\"leading-snug text-20  text-lt_blue md:leading-tight lg:text-20 xl:text-28 md:mb-0 font-bold \">Ellco Etikett Trykk \u2013 Converting and Die Cutting<\/h3>\n                    <\/a>\t\n                   \n                                        <a class=\"c-button--arrow-link\" href=https:\/\/lundbergtech.com\/case-studies\/ellco-etikett-trykk-converting-and-die-cutting\/ title=\"Ellco Etikett Trykk \u2013 Converting and Die Cutting\">Read case study<\/a>\t\n                <\/div>\n           <\/div>\n\n\n\n\n\n    <\/div>\n\n<\/div>\n\n        <\/div>\n         <div class=\"c-slider__dots c-slider--casestudy__dots  mx-auto z-20 absolute left-0 right-0 text-center\"><\/div>\n   \t<\/div>\n<\/div>\n\n<div class=\"m-spacer m-spacer-69dd32db04473\" data-id=\"69dd32db04473\" data-height=\"50\" data-height-mobile=\"0\" data-height-tab=\"\" data-height-tab-portrait=\"0\" style=\"clear:both;display:block;\"><\/div>\n\n\n\n[\/vc_column][\/vc_row]<\/p>\n<\/div>","protected":false},"excerpt":{"rendered":"<p>[vc_row full_width=&#8221;stretch_row&#8221; css=&#8221;.vc_custom_1624535937170{background-image: url(https:\/\/lundbergtech.com\/wp-content\/uploads\/2021\/06\/grey-abstract-bg-2.jpg?id=323) !important;background-position: center !important;background-repeat: no-repeat !important;background-size: cover !important;}&#8221;][vc_column][\/vc_column][\/vc_row][vc_row][vc_column][\/vc_column][\/vc_row][vc_row full_width=&#8221;stretch_row_content_no_spaces&#8221;][vc_column][\/vc_column][\/vc_row][vc_row][vc_column][\/vc_column][\/vc_row][vc_row full_width=&#8221;stretch_row_content_no_spaces&#8221;][vc_column][\/vc_column][\/vc_row]<\/p>\n","protected":false},"author":1,"featured_media":1265,"parent":4081,"menu_order":0,"comment_status":"closed","ping_status":"closed","template":"","meta":{"_acf_changed":false,"inline_featured_image":false,"footnotes":""},"class_list":["post-4091","page","type-page","status-publish","has-post-thumbnail","hentry"],"acf":[],"yoast_head":"<!-- This site is optimized with the Yoast SEO plugin v27.1.1 - https:\/\/yoast.com\/product\/yoast-seo-wordpress\/ -->\n<title>Stanzen, Konfektionieren | Lundberg Tech | Abfallvolumen<\/title>\n<meta name=\"description\" content=\"Konfektioniermaschinen | Stanzabf\u00e4llen | Querschneideabf\u00e4llen | Stanzgittern | Erfahren Sie mehr \u00fcber unser automatisiertes Abfallentsorgungssystem\" \/>\n<meta name=\"robots\" content=\"index, follow, max-snippet:-1, max-image-preview:large, max-video-preview:-1\" \/>\n<link rel=\"canonical\" href=\"https:\/\/lundbergtech.com\/de\/ihr-prozess\/stanzen-konfektionieren\/\" \/>\n<meta property=\"og:locale\" content=\"de_DE\" \/>\n<meta property=\"og:type\" content=\"article\" \/>\n<meta property=\"og:title\" content=\"Stanzen, Konfektionieren | Lundberg Tech | Abfallvolumen\" \/>\n<meta property=\"og:description\" content=\"Konfektioniermaschinen | Stanzabf\u00e4llen | Querschneideabf\u00e4llen | Stanzgittern | Erfahren Sie mehr \u00fcber unser automatisiertes Abfallentsorgungssystem\" \/>\n<meta property=\"og:url\" content=\"https:\/\/lundbergtech.com\/de\/ihr-prozess\/stanzen-konfektionieren\/\" \/>\n<meta property=\"og:site_name\" content=\"Lundberg Tech\" \/>\n<meta property=\"article:publisher\" content=\"https:\/\/www.facebook.com\/lundbergtech\" \/>\n<meta property=\"article:modified_time\" content=\"2023-05-11T08:56:51+00:00\" \/>\n<meta property=\"og:image\" content=\"https:\/\/lundbergtech.com\/wp-content\/uploads\/2021\/09\/EdgeTrim1-742x583-1.jpg\" \/>\n\t<meta property=\"og:image:width\" content=\"1913\" \/>\n\t<meta property=\"og:image:height\" content=\"1503\" \/>\n\t<meta property=\"og:image:type\" content=\"image\/jpeg\" \/>\n<meta name=\"twitter:card\" content=\"summary_large_image\" \/>\n<meta name=\"twitter:site\" content=\"@lundbergtech\" \/>\n<meta name=\"twitter:label1\" content=\"Est. reading time\" \/>\n\t<meta name=\"twitter:data1\" content=\"2 minutes\" \/>\n<script type=\"application\/ld+json\" class=\"yoast-schema-graph\">{\"@context\":\"https:\/\/schema.org\",\"@graph\":[{\"@type\":\"WebPage\",\"@id\":\"https:\/\/lundbergtech.com\/de\/ihr-prozess\/stanzen-konfektionieren\/\",\"url\":\"https:\/\/lundbergtech.com\/de\/ihr-prozess\/stanzen-konfektionieren\/\",\"name\":\"Stanzen, Konfektionieren | Lundberg Tech | Abfallvolumen\",\"isPartOf\":{\"@id\":\"https:\/\/lundbergtech.com\/#website\"},\"primaryImageOfPage\":{\"@id\":\"https:\/\/lundbergtech.com\/de\/ihr-prozess\/stanzen-konfektionieren\/#primaryimage\"},\"image\":{\"@id\":\"https:\/\/lundbergtech.com\/de\/ihr-prozess\/stanzen-konfektionieren\/#primaryimage\"},\"thumbnailUrl\":\"https:\/\/lundbergtech.com\/wp-content\/uploads\/2021\/09\/EdgeTrim1-742x583-1.jpg\",\"datePublished\":\"2021-05-19T11:48:02+00:00\",\"dateModified\":\"2023-05-11T08:56:51+00:00\",\"description\":\"Konfektioniermaschinen | Stanzabf\u00e4llen | Querschneideabf\u00e4llen | Stanzgittern | Erfahren Sie mehr \u00fcber unser automatisiertes Abfallentsorgungssystem\",\"breadcrumb\":{\"@id\":\"https:\/\/lundbergtech.com\/de\/ihr-prozess\/stanzen-konfektionieren\/#breadcrumb\"},\"inLanguage\":\"de-DE\",\"potentialAction\":[{\"@type\":\"ReadAction\",\"target\":[\"https:\/\/lundbergtech.com\/de\/ihr-prozess\/stanzen-konfektionieren\/\"]}]},{\"@type\":\"ImageObject\",\"inLanguage\":\"de-DE\",\"@id\":\"https:\/\/lundbergtech.com\/de\/ihr-prozess\/stanzen-konfektionieren\/#primaryimage\",\"url\":\"https:\/\/lundbergtech.com\/wp-content\/uploads\/2021\/09\/EdgeTrim1-742x583-1.jpg\",\"contentUrl\":\"https:\/\/lundbergtech.com\/wp-content\/uploads\/2021\/09\/EdgeTrim1-742x583-1.jpg\",\"width\":1913,\"height\":1503,\"caption\":\"edge trim removal\"},{\"@type\":\"BreadcrumbList\",\"@id\":\"https:\/\/lundbergtech.com\/de\/ihr-prozess\/stanzen-konfektionieren\/#breadcrumb\",\"itemListElement\":[{\"@type\":\"ListItem\",\"position\":1,\"name\":\"Ihr Prozess\",\"item\":\"https:\/\/lundbergtech.com\/de\/ihr-prozess\/\"},{\"@type\":\"ListItem\",\"position\":2,\"name\":\"Stanzen, Konfektionieren\"}]},{\"@type\":\"WebSite\",\"@id\":\"https:\/\/lundbergtech.com\/#website\",\"url\":\"https:\/\/lundbergtech.com\/\",\"name\":\"Lundberg Tech\",\"description\":\"Our waste handling keeps production going\",\"potentialAction\":[{\"@type\":\"SearchAction\",\"target\":{\"@type\":\"EntryPoint\",\"urlTemplate\":\"https:\/\/lundbergtech.com\/?s={search_term_string}\"},\"query-input\":{\"@type\":\"PropertyValueSpecification\",\"valueRequired\":true,\"valueName\":\"search_term_string\"}}],\"inLanguage\":\"de-DE\"}]}<\/script>\n<!-- \/ Yoast SEO plugin. -->","yoast_head_json":{"title":"Stanzen, Konfektionieren | Lundberg Tech | Abfallvolumen","description":"Konfektioniermaschinen | Stanzabf\u00e4llen | Querschneideabf\u00e4llen | Stanzgittern | Erfahren Sie mehr \u00fcber unser automatisiertes Abfallentsorgungssystem","robots":{"index":"index","follow":"follow","max-snippet":"max-snippet:-1","max-image-preview":"max-image-preview:large","max-video-preview":"max-video-preview:-1"},"canonical":"https:\/\/lundbergtech.com\/de\/ihr-prozess\/stanzen-konfektionieren\/","og_locale":"de_DE","og_type":"article","og_title":"Stanzen, Konfektionieren | Lundberg Tech | Abfallvolumen","og_description":"Konfektioniermaschinen | Stanzabf\u00e4llen | Querschneideabf\u00e4llen | Stanzgittern | Erfahren Sie mehr \u00fcber unser automatisiertes Abfallentsorgungssystem","og_url":"https:\/\/lundbergtech.com\/de\/ihr-prozess\/stanzen-konfektionieren\/","og_site_name":"Lundberg Tech","article_publisher":"https:\/\/www.facebook.com\/lundbergtech","article_modified_time":"2023-05-11T08:56:51+00:00","og_image":[{"width":1913,"height":1503,"url":"https:\/\/lundbergtech.com\/wp-content\/uploads\/2021\/09\/EdgeTrim1-742x583-1.jpg","type":"image\/jpeg"}],"twitter_card":"summary_large_image","twitter_site":"@lundbergtech","twitter_misc":{"Est. reading time":"2 minutes"},"schema":{"@context":"https:\/\/schema.org","@graph":[{"@type":"WebPage","@id":"https:\/\/lundbergtech.com\/de\/ihr-prozess\/stanzen-konfektionieren\/","url":"https:\/\/lundbergtech.com\/de\/ihr-prozess\/stanzen-konfektionieren\/","name":"Stanzen, Konfektionieren | Lundberg Tech | Abfallvolumen","isPartOf":{"@id":"https:\/\/lundbergtech.com\/#website"},"primaryImageOfPage":{"@id":"https:\/\/lundbergtech.com\/de\/ihr-prozess\/stanzen-konfektionieren\/#primaryimage"},"image":{"@id":"https:\/\/lundbergtech.com\/de\/ihr-prozess\/stanzen-konfektionieren\/#primaryimage"},"thumbnailUrl":"https:\/\/lundbergtech.com\/wp-content\/uploads\/2021\/09\/EdgeTrim1-742x583-1.jpg","datePublished":"2021-05-19T11:48:02+00:00","dateModified":"2023-05-11T08:56:51+00:00","description":"Konfektioniermaschinen | Stanzabf\u00e4llen | Querschneideabf\u00e4llen | Stanzgittern | Erfahren Sie mehr \u00fcber unser automatisiertes Abfallentsorgungssystem","breadcrumb":{"@id":"https:\/\/lundbergtech.com\/de\/ihr-prozess\/stanzen-konfektionieren\/#breadcrumb"},"inLanguage":"de-DE","potentialAction":[{"@type":"ReadAction","target":["https:\/\/lundbergtech.com\/de\/ihr-prozess\/stanzen-konfektionieren\/"]}]},{"@type":"ImageObject","inLanguage":"de-DE","@id":"https:\/\/lundbergtech.com\/de\/ihr-prozess\/stanzen-konfektionieren\/#primaryimage","url":"https:\/\/lundbergtech.com\/wp-content\/uploads\/2021\/09\/EdgeTrim1-742x583-1.jpg","contentUrl":"https:\/\/lundbergtech.com\/wp-content\/uploads\/2021\/09\/EdgeTrim1-742x583-1.jpg","width":1913,"height":1503,"caption":"edge trim removal"},{"@type":"BreadcrumbList","@id":"https:\/\/lundbergtech.com\/de\/ihr-prozess\/stanzen-konfektionieren\/#breadcrumb","itemListElement":[{"@type":"ListItem","position":1,"name":"Ihr Prozess","item":"https:\/\/lundbergtech.com\/de\/ihr-prozess\/"},{"@type":"ListItem","position":2,"name":"Stanzen, Konfektionieren"}]},{"@type":"WebSite","@id":"https:\/\/lundbergtech.com\/#website","url":"https:\/\/lundbergtech.com\/","name":"Lundberg Tech","description":"Our waste handling keeps production going","potentialAction":[{"@type":"SearchAction","target":{"@type":"EntryPoint","urlTemplate":"https:\/\/lundbergtech.com\/?s={search_term_string}"},"query-input":{"@type":"PropertyValueSpecification","valueRequired":true,"valueName":"search_term_string"}}],"inLanguage":"de-DE"}]}},"_links":{"self":[{"href":"https:\/\/lundbergtech.com\/de\/wp-json\/wp\/v2\/pages\/4091","targetHints":{"allow":["GET"]}}],"collection":[{"href":"https:\/\/lundbergtech.com\/de\/wp-json\/wp\/v2\/pages"}],"about":[{"href":"https:\/\/lundbergtech.com\/de\/wp-json\/wp\/v2\/types\/page"}],"author":[{"embeddable":true,"href":"https:\/\/lundbergtech.com\/de\/wp-json\/wp\/v2\/users\/1"}],"replies":[{"embeddable":true,"href":"https:\/\/lundbergtech.com\/de\/wp-json\/wp\/v2\/comments?post=4091"}],"version-history":[{"count":15,"href":"https:\/\/lundbergtech.com\/de\/wp-json\/wp\/v2\/pages\/4091\/revisions"}],"predecessor-version":[{"id":7314,"href":"https:\/\/lundbergtech.com\/de\/wp-json\/wp\/v2\/pages\/4091\/revisions\/7314"}],"up":[{"embeddable":true,"href":"https:\/\/lundbergtech.com\/de\/wp-json\/wp\/v2\/pages\/4081"}],"wp:featuredmedia":[{"embeddable":true,"href":"https:\/\/lundbergtech.com\/de\/wp-json\/wp\/v2\/media\/1265"}],"wp:attachment":[{"href":"https:\/\/lundbergtech.com\/de\/wp-json\/wp\/v2\/media?parent=4091"}],"curies":[{"name":"wp","href":"https:\/\/api.w.org\/{rel}","templated":true}]}}