{"id":4093,"date":"2021-05-19T11:48:46","date_gmt":"2021-05-19T11:48:46","guid":{"rendered":"https:\/\/lundbergtech.com\/your-process\/unwrapping-debagging\/"},"modified":"2022-09-14T11:33:27","modified_gmt":"2022-09-14T11:33:27","slug":"entpacken","status":"publish","type":"page","link":"https:\/\/lundbergtech.com\/de\/ihr-prozess\/entpacken\/","title":{"rendered":"Entpacken"},"content":{"rendered":"<div class=\"wpb-content-wrapper\"><p>[vc_row full_width=&#8221;stretch_row&#8221; css=&#8221;.vc_custom_1624535937170{background-image: url(https:\/\/lundbergtech.com\/wp-content\/uploads\/2021\/06\/grey-abstract-bg-2.jpg?id=323) !important;background-position: center !important;background-repeat: no-repeat !important;background-size: cover !important;}&#8221;][vc_column]<div class=\"m-text-image md:flex md:py-10 lg:relative container lg:pb-20\">\n    <div class=\"md:w-6\/12 bg-white p-4 pb-5  md:p-10 filter drop-shadow-lg lg:mb-20  z-20 lg:p-14  md:order-2 md:ml-2 lg:ml-4 xl:ml-6 \">\n      <div class=\"m-text-image__content pb-4 lg:pb-12 md:text-18\">\n        In Ihrem Lager erhalten Sie den Gro\u00dfteil der Materialien verpackt auf Paletten oder in Big Bags. Das Abfallverpackungsmaterial, das h\u00f6chstwahrscheinlich aus Plastik, Papier oder Non-Woven besteht, wird dabei entweder manuell, von Robotern oder von Maschinen entpackt.<\/p>\n<p>Ihre Herausforderung kann es aber auch sein, dass Sie gro\u00dfe Papier- oder Plastikst\u00fccke, die als Zwischenlagen zum Schutz genutzt werden, zu entsorgen haben.<\/p>\n<p>Sie m\u00f6chten so wenig Arbeit wie m\u00f6glich mit dem Handling von Restverpackungsmaterial haben und es so schnell wie m\u00f6glich aus dem Produktionsbereich schaffen, wo sich Abfallverpackungen normalerweise t\u00fcrmen?\n \n      <\/div>\n          <\/div>\n\n    <div class=\"block md:hidden\">\n      <img decoding=\"async\" src=\"https:\/\/lundbergtech.com\/wp-content\/uploads\/2021\/10\/Unwrapping1-570x0-c-default.jpg\" alt=\"\" class=\"lg:mb-0 lg:absolute lg:right-0 lg:mt-0 lg:-bottom-28\">\n    <\/div>\n\n    <div class=\" md:w-6\/12 md:h-96 md:relative md:mt-20 lg:z-10 hidden md:block  lg:h-auto  left md:order-1 md:mr-2 lg:mr-4  xl:mr-6 \">\n      <div class=\"bg-cover lg:h-540 w-full md:h-full lg:absolute lg:bottom-0 lg:mt-0\" style=\"background-image:url('https:\/\/lundbergtech.com\/wp-content\/uploads\/2021\/10\/Unwrapping1-570x0-c-default.jpg');\"><\/div>\n    <\/div>\n\n\n<\/div>\n\n\n<div class=\"m-spacer m-spacer-69d4e78114a84\" data-id=\"69d4e78114a84\" data-height=\"0\" data-height-mobile=\"25\" data-height-tab=\"0\" data-height-tab-portrait=\"0\" style=\"clear:both;display:block;\"><\/div>\n\n\n\n[\/vc_column][\/vc_row][vc_row full_width=&#8221;stretch_row_content_no_spaces&#8221;][vc_column css=&#8221;.vc_custom_1636368128884{margin-top: 0px !important;margin-bottom: 0px !important;border-top-width: 0px !important;border-bottom-width: 0px !important;padding-top: 0px !important;padding-bottom: 0px !important;}&#8221;]<div class=\"m-benefits-carousel relative py-14 pb-8 md:pt-24 md:pb-6 lg:pt-36 lg:pb-12  image-right \">\n    <div class=\"container md:mx-auto px-3 pb-2 lg:max-w-4xl xl:max-w-6xl lg:relative \">\n\n        <h2 class=\"text-left md:pb-0 leading-8 md:text-32 md:w-4\/12 md:leading-8 lg:text-36 lg:leading-10 xl:leading-11 xl:text-42 md:border-t md:border-lt_grey md:pt-4\">\n        <span class=\"text-lt_blue font-heading font-medium\">Vorteile &amp; Features<\/span>\n        <span class=\"text-lt_green text-16 lg:text-18 leading-5 block font-semibold md:pt-2 \">Im Portfolio von Lundberg Tech finden Sie Systeme und Komponenten, die Ihnen die Arbeit mit der Abfallbeseitigung abnehmen und gleichzeitig \u2026 <\/span><\/h2>\n\n        <div class=\"c-slider__arrows c-slider--benefits__arrows w-32 h-10 mx-auto z-20 absolute left-0 right-0 text-center md:ml-0 md:text-left md:z-50 md:w-24\"><\/div>\n\n        <div class=\"md:overflow-hidden md:mt-1 md:pb-12 lg:pb-14 xl:pb-18 js-benefits-carousel z-20 \">\n            <div class=\"\">\n    <div class=\"md:flex md:h-592\">\n\n        <div class=\"md:w-5\/12 md:ml-10 lg:w-6\/12 xl:w-6\/12 m-benefits-carousel__image-container md:mb-14\">\n                        <div class=\"w-full h-64 md:h-full relative overflow-hidden bg-top bg-no-repeat bg-cover\" style=\"background-image:url('https:\/\/lundbergtech.com\/wp-content\/uploads\/2021\/10\/Unwrapping-waste-742x583-1-742x583.jpg');\"><\/div>\n                    <\/div>\n\n\n        <div class=\"md:w-6\/12 m-benefits-carousel__content-container\">\n            <div class=\"z-10 text-left bg-white p-3 lg:ml-0 md:relative \">\n\n                <div class=\"m-benefits-carousel__content px-3 \">\n                    <\/p>\n<ul>\n<li style=\"font-weight: 400;\" aria-level=\"1\">Verpackungsm\u00fcll direkt am Entstehungsort absaugen<\/li>\n<li style=\"font-weight: 400;\" aria-level=\"1\">durch die Zerkleinerung von gro\u00dfen in sehr kleine St\u00fccke M\u00fcllvolumen reduzieren<\/li>\n<li style=\"font-weight: 400;\" aria-level=\"1\">manuelle Arbeitsleistung minimieren<\/li>\n<li aria-level=\"1\">den Transport von Abfallverpackungen im internen Werksverkehr eliminieren<\/li>\n<\/ul>\n<p>\n                <\/div>\n\n                <\/div>\n           <\/div>\n\n\n\n\n\n    <\/div>\n\n<\/div>\n\n        <\/div>\n         <div class=\"c-slider__dots c-slider--benefits__dots  static h-4 mt-10 lg:mt-14 mx-auto z-20  left-0 right-0 text-center\"><\/div>\n   \t<\/div>\n<\/div>\n\n[\/vc_column][\/vc_row][vc_row full_width=&#8221;stretch_row&#8221; css=&#8221;.vc_custom_1627655038166{background-position: center !important;background-repeat: no-repeat !important;background-size: cover !important;}&#8221;][vc_column]<div class=\"m-text-image md:flex md:py-10 lg:relative container lg:pb-20\">\n    <div class=\"md:w-6\/12 bg-white p-4 pb-5  md:p-10 filter drop-shadow-lg lg:mb-20  z-20 lg:p-14  md:order-2 md:ml-2 lg:ml-4 xl:ml-6 \">\n      <div class=\"m-text-image__content pb-4 lg:pb-12 md:text-18\">\n        <\/p>\n<h2>Absaugung von meheren Aufgabestellen und zentrales Aufsammeln der Abf\u00e4lle an einem Punkt<\/h2>\n<p>Aus langj\u00e4hriger Erfahrung mit dem Transport aller Arten von Produktionsabf\u00e4llen \u00fcber Rohrsysteme mittels Luftstrom, hat Lundberg Tech die WasteFlex Einheit entwickelt. Diese besteht aus einem Feeder (Einzugswalze) und einem <a href=https:\/\/lundbergtech.com\/de\/granulators-and-cutters\/>Granulator<\/a>. Der Feeder stellt sicher, dass das Material mit kontrollierter Geschwindigkeit dem Granulator zugef\u00fchrt wird und der Granulator das Material danach zerkleinert.<\/p>\n<p>Die <a href=https:\/\/lundbergtech.com\/de\/products\/wasteflex-unit-and-module\/>WasteFlex-Einheit<\/a> kann in Kombination mit unseren <a href=https:\/\/lundbergtech.com\/de\/all-in-one-units\/>All-in-one Einheiten<\/a> eingesetzt werden und ist \u00fcber eine Art \u201eplug and play\u201c-Betrieb einfach in der Installation.<\/p>\n<p>Sollten gro\u00dfformatige Abfallteile allerdings an verschiedenen Stellen generiert werden, so kann Lundberg Tech ein, auf Ihr Unternehmen angepasstes, <a href=https:\/\/lundbergtech.com\/de\/central-systems\/>Zentralsystem<\/a> konzipieren. Das System erf\u00fcllt dann alle Anforderungen an Materialerfassungs- und Materialsammelpunkte, auch unter dem Aspekt der Materialtrennung zu Recyclingzwecken.<\/p>\n<p>Ein entscheidender Teil der WasteFlex ist der Granulator. Lundberg Tech hat \u00fcber 40 Jahre Erfahrung bei der Entwicklung und Herstellung von Granulatoren f\u00fcr alle Arten von Materialien und Anwendungsbereiche. Die Produktpalette an Granulatoren von Lundberg Tech ist sehr umfangreich, sowohl in Bezug auf das Handling gro\u00dfformatiger Abfallst\u00fccke als auch in Bezug auf das Zerkleinern von Produktionsabf\u00e4llen aller Art.\n \n      <\/div>\n          <\/div>\n\n    <div class=\"block md:hidden\">\n      <img decoding=\"async\" src=\"https:\/\/lundbergtech.com\/wp-content\/uploads\/2021\/07\/Lundberg-Tech-packaging-1-570x0-c-default.jpg\" alt=\"\" class=\"lg:mb-0 lg:absolute lg:right-0 lg:mt-0 lg:-bottom-28\">\n    <\/div>\n\n    <div class=\" md:w-6\/12 md:h-96 md:relative md:mt-20 lg:z-10 hidden md:block  lg:h-auto  left md:order-1 md:mr-2 lg:mr-4  xl:mr-6 \">\n      <div class=\"bg-cover lg:h-540 w-full md:h-full lg:absolute lg:bottom-0 lg:mt-0\" style=\"background-image:url('https:\/\/lundbergtech.com\/wp-content\/uploads\/2021\/07\/Lundberg-Tech-packaging-1-570x0-c-default.jpg');\"><\/div>\n    <\/div>\n\n\n<\/div>\n\n\n<div class=\"m-spacer m-spacer-69d4e78117be0\" data-id=\"69d4e78117be0\" data-height=\"0\" data-height-mobile=\"25\" data-height-tab=\"0\" data-height-tab-portrait=\"0\" style=\"clear:both;display:block;\"><\/div>\n\n\n\n[\/vc_column][\/vc_row][vc_row full_width=&#8221;stretch_row_content_no_spaces&#8221;][vc_column]<div class=\"m-case-study-carousel relative py-14 pb-32 md:pt-24 md:pb-36 lg:pt-36 lg:pb-32\">\n    <div class=\"container md:mx-auto px-3 pb-8 lg:max-w-4xl xl:max-w-6xl lg:relative \">\n\n        <h2 class=\"text-left md:pb-0 leading-8 md:text-32 md:leading-8 lg:text-36 lg:leading-10 xl:leading-11 xl:text-42 md:border-t md:border-lt_grey md:pt-4\">\n        <span class=\"text-lt_blue font-heading font-medium\">Recent<\/span>\n        <span class=\"text-lt_green font-heading block font-medium \">Case Studies <\/span><\/h2>\n\n        <div class=\"c-slider__arrows c-slider--casestudy__arrows w-32 h-10 mx-auto z-20 absolute left-0 right-0 text-center md:ml-0 md:text-left md:z-50 md:w-24\"><\/div>\n\n        <div class=\"md:overflow-hidden md:mt-1 md:pb-12 lg:pb-14 xl:pb-18 js-case-study-selector-carousel z-20\">\n            <div class=\"\">\n    <div class=\"md:flex md:h-400 xl:h-576\">\n\n        <div class=\"md:w-6\/12 xl:w-7\/12 xl:pr-3\">\n                        <div class=\"w-full h-64  lg:h-full relative overflow-hidden bg-top bg-no-repeat bg-cover\" style=\"background-image:url('https:\/\/lundbergtech.com\/wp-content\/uploads\/2021\/06\/Testimonial-Boohoo.jpg');\"><\/div>\n                    <\/div>\n\n\n        <div class=\"md:w-5\/12 md:ml-7  md:relative\">\n            <div class=\"p-5 md:px-8 mb-5 md:pb-7 lg:pb-12 lg:px-10 relative z-10 text-left bg-white  md:absolute md:drop-shadow-md xl:drop-shadow-xl md:filter md:m-0  md:w-full  md:right-0 md:top-52 lg:top-60 md:h-auto xl:ml-12 \">\n\n                    <a class=\"block u-a-nostyle mt-1 pt-3 md:pt-3  md:pl-0 lg:pt-4 xl:pt-5 md:hover:underline\" href=https:\/\/lundbergtech.com\/case-studies\/testimonial-boohoo-unwrapping-and-debagging\/ title=\"Boohoo \u2013 Unwrapping and Debagging\">\n                    <h3 class=\"leading-snug text-20  text-lt_blue md:leading-tight lg:text-20 xl:text-28 md:mb-0 font-bold \">Boohoo \u2013 Unwrapping and Debagging<\/h3>\n                    <\/a>\t\n                   \n                                        <a class=\"c-button--arrow-link\" href=https:\/\/lundbergtech.com\/case-studies\/testimonial-boohoo-unwrapping-and-debagging\/ title=\"Boohoo \u2013 Unwrapping and Debagging\">Read case study<\/a>\t\n                <\/div>\n           <\/div>\n\n\n\n\n\n    <\/div>\n\n<\/div>\n\n        <\/div>\n         <div class=\"c-slider__dots c-slider--casestudy__dots  mx-auto z-20 absolute left-0 right-0 text-center\"><\/div>\n   \t<\/div>\n<\/div>\n\n<div class=\"m-spacer m-spacer-69d4e7811ac85\" data-id=\"69d4e7811ac85\" data-height=\"25\" data-height-mobile=\"0\" data-height-tab=\"25\" data-height-tab-portrait=\"0\" style=\"clear:both;display:block;\"><\/div>\n\n\n\n[\/vc_column][\/vc_row]<\/p>\n<\/div>","protected":false},"excerpt":{"rendered":"<p>[vc_row full_width=&#8221;stretch_row&#8221; css=&#8221;.vc_custom_1624535937170{background-image: url(https:\/\/lundbergtech.com\/wp-content\/uploads\/2021\/06\/grey-abstract-bg-2.jpg?id=323) !important;background-position: center !important;background-repeat: no-repeat !important;background-size: cover !important;}&#8221;][vc_column][\/vc_column][\/vc_row][vc_row full_width=&#8221;stretch_row_content_no_spaces&#8221;][vc_column css=&#8221;.vc_custom_1636368128884{margin-top: 0px !important;margin-bottom: 0px !important;border-top-width: 0px !important;border-bottom-width: 0px !important;padding-top: 0px !important;padding-bottom: 0px !important;}&#8221;][\/vc_column][\/vc_row][vc_row full_width=&#8221;stretch_row&#8221; css=&#8221;.vc_custom_1627655038166{background-position: center !important;background-repeat: no-repeat !important;background-size: cover !important;}&#8221;][vc_column][\/vc_column][\/vc_row][vc_row full_width=&#8221;stretch_row_content_no_spaces&#8221;][vc_column][\/vc_column][\/vc_row]<\/p>\n","protected":false},"author":1,"featured_media":818,"parent":4081,"menu_order":0,"comment_status":"closed","ping_status":"closed","template":"","meta":{"_acf_changed":false,"inline_featured_image":false,"footnotes":""},"class_list":["post-4093","page","type-page","status-publish","has-post-thumbnail","hentry"],"acf":[],"yoast_head":"<!-- This site is optimized with the Yoast SEO plugin v27.1.1 - https:\/\/yoast.com\/product\/yoast-seo-wordpress\/ -->\n<title>Entpacken | Lundberg Tech | Abfallverpackungsmaterial<\/title>\n<meta name=\"description\" content=\"Plastik | Papier | Non-Woven | Transport von Produktionsabf\u00e4llen \u00fcber Rohrsysteme mittels Luftstrom | WasteFlex | Kontaktieren Sie uns jetzt!\" \/>\n<meta name=\"robots\" content=\"index, follow, max-snippet:-1, max-image-preview:large, max-video-preview:-1\" \/>\n<link rel=\"canonical\" href=\"https:\/\/lundbergtech.com\/de\/ihr-prozess\/entpacken\/\" \/>\n<meta property=\"og:locale\" content=\"de_DE\" \/>\n<meta property=\"og:type\" content=\"article\" \/>\n<meta property=\"og:title\" content=\"Entpacken | Lundberg Tech | Abfallverpackungsmaterial\" \/>\n<meta property=\"og:description\" content=\"Plastik | Papier | Non-Woven | Transport von Produktionsabf\u00e4llen \u00fcber Rohrsysteme mittels Luftstrom | WasteFlex | Kontaktieren Sie uns jetzt!\" \/>\n<meta property=\"og:url\" content=\"https:\/\/lundbergtech.com\/de\/ihr-prozess\/entpacken\/\" \/>\n<meta property=\"og:site_name\" content=\"Lundberg Tech\" \/>\n<meta property=\"article:publisher\" content=\"https:\/\/www.facebook.com\/lundbergtech\" \/>\n<meta property=\"article:modified_time\" content=\"2022-09-14T11:33:27+00:00\" \/>\n<meta property=\"og:image\" content=\"https:\/\/lundbergtech.com\/wp-content\/uploads\/2021\/07\/Lundberg-Tech-packaging-feature.jpg\" \/>\n\t<meta property=\"og:image:width\" content=\"830\" \/>\n\t<meta property=\"og:image:height\" content=\"370\" \/>\n\t<meta property=\"og:image:type\" content=\"image\/jpeg\" \/>\n<meta name=\"twitter:card\" content=\"summary_large_image\" \/>\n<meta name=\"twitter:site\" content=\"@lundbergtech\" \/>\n<meta name=\"twitter:label1\" content=\"Est. reading time\" \/>\n\t<meta name=\"twitter:data1\" content=\"2 minutes\" \/>\n<script type=\"application\/ld+json\" class=\"yoast-schema-graph\">{\"@context\":\"https:\/\/schema.org\",\"@graph\":[{\"@type\":\"WebPage\",\"@id\":\"https:\/\/lundbergtech.com\/de\/ihr-prozess\/entpacken\/\",\"url\":\"https:\/\/lundbergtech.com\/de\/ihr-prozess\/entpacken\/\",\"name\":\"Entpacken | Lundberg Tech | Abfallverpackungsmaterial\",\"isPartOf\":{\"@id\":\"https:\/\/lundbergtech.com\/#website\"},\"primaryImageOfPage\":{\"@id\":\"https:\/\/lundbergtech.com\/de\/ihr-prozess\/entpacken\/#primaryimage\"},\"image\":{\"@id\":\"https:\/\/lundbergtech.com\/de\/ihr-prozess\/entpacken\/#primaryimage\"},\"thumbnailUrl\":\"https:\/\/lundbergtech.com\/wp-content\/uploads\/2021\/07\/Lundberg-Tech-packaging-feature.jpg\",\"datePublished\":\"2021-05-19T11:48:46+00:00\",\"dateModified\":\"2022-09-14T11:33:27+00:00\",\"description\":\"Plastik | Papier | Non-Woven | Transport von Produktionsabf\u00e4llen \u00fcber Rohrsysteme mittels Luftstrom | WasteFlex | Kontaktieren Sie uns jetzt!\",\"breadcrumb\":{\"@id\":\"https:\/\/lundbergtech.com\/de\/ihr-prozess\/entpacken\/#breadcrumb\"},\"inLanguage\":\"de-DE\",\"potentialAction\":[{\"@type\":\"ReadAction\",\"target\":[\"https:\/\/lundbergtech.com\/de\/ihr-prozess\/entpacken\/\"]}]},{\"@type\":\"ImageObject\",\"inLanguage\":\"de-DE\",\"@id\":\"https:\/\/lundbergtech.com\/de\/ihr-prozess\/entpacken\/#primaryimage\",\"url\":\"https:\/\/lundbergtech.com\/wp-content\/uploads\/2021\/07\/Lundberg-Tech-packaging-feature.jpg\",\"contentUrl\":\"https:\/\/lundbergtech.com\/wp-content\/uploads\/2021\/07\/Lundberg-Tech-packaging-feature.jpg\",\"width\":830,\"height\":370},{\"@type\":\"BreadcrumbList\",\"@id\":\"https:\/\/lundbergtech.com\/de\/ihr-prozess\/entpacken\/#breadcrumb\",\"itemListElement\":[{\"@type\":\"ListItem\",\"position\":1,\"name\":\"Ihr Prozess\",\"item\":\"https:\/\/lundbergtech.com\/de\/ihr-prozess\/\"},{\"@type\":\"ListItem\",\"position\":2,\"name\":\"Entpacken\"}]},{\"@type\":\"WebSite\",\"@id\":\"https:\/\/lundbergtech.com\/#website\",\"url\":\"https:\/\/lundbergtech.com\/\",\"name\":\"Lundberg Tech\",\"description\":\"Our waste handling keeps production going\",\"potentialAction\":[{\"@type\":\"SearchAction\",\"target\":{\"@type\":\"EntryPoint\",\"urlTemplate\":\"https:\/\/lundbergtech.com\/?s={search_term_string}\"},\"query-input\":{\"@type\":\"PropertyValueSpecification\",\"valueRequired\":true,\"valueName\":\"search_term_string\"}}],\"inLanguage\":\"de-DE\"}]}<\/script>\n<!-- \/ Yoast SEO plugin. -->","yoast_head_json":{"title":"Entpacken | Lundberg Tech | Abfallverpackungsmaterial","description":"Plastik | Papier | Non-Woven | Transport von Produktionsabf\u00e4llen \u00fcber Rohrsysteme mittels Luftstrom | WasteFlex | Kontaktieren Sie uns jetzt!","robots":{"index":"index","follow":"follow","max-snippet":"max-snippet:-1","max-image-preview":"max-image-preview:large","max-video-preview":"max-video-preview:-1"},"canonical":"https:\/\/lundbergtech.com\/de\/ihr-prozess\/entpacken\/","og_locale":"de_DE","og_type":"article","og_title":"Entpacken | Lundberg Tech | Abfallverpackungsmaterial","og_description":"Plastik | Papier | Non-Woven | Transport von Produktionsabf\u00e4llen \u00fcber Rohrsysteme mittels Luftstrom | WasteFlex | Kontaktieren Sie uns jetzt!","og_url":"https:\/\/lundbergtech.com\/de\/ihr-prozess\/entpacken\/","og_site_name":"Lundberg Tech","article_publisher":"https:\/\/www.facebook.com\/lundbergtech","article_modified_time":"2022-09-14T11:33:27+00:00","og_image":[{"width":830,"height":370,"url":"https:\/\/lundbergtech.com\/wp-content\/uploads\/2021\/07\/Lundberg-Tech-packaging-feature.jpg","type":"image\/jpeg"}],"twitter_card":"summary_large_image","twitter_site":"@lundbergtech","twitter_misc":{"Est. reading time":"2 minutes"},"schema":{"@context":"https:\/\/schema.org","@graph":[{"@type":"WebPage","@id":"https:\/\/lundbergtech.com\/de\/ihr-prozess\/entpacken\/","url":"https:\/\/lundbergtech.com\/de\/ihr-prozess\/entpacken\/","name":"Entpacken | Lundberg Tech | Abfallverpackungsmaterial","isPartOf":{"@id":"https:\/\/lundbergtech.com\/#website"},"primaryImageOfPage":{"@id":"https:\/\/lundbergtech.com\/de\/ihr-prozess\/entpacken\/#primaryimage"},"image":{"@id":"https:\/\/lundbergtech.com\/de\/ihr-prozess\/entpacken\/#primaryimage"},"thumbnailUrl":"https:\/\/lundbergtech.com\/wp-content\/uploads\/2021\/07\/Lundberg-Tech-packaging-feature.jpg","datePublished":"2021-05-19T11:48:46+00:00","dateModified":"2022-09-14T11:33:27+00:00","description":"Plastik | Papier | Non-Woven | Transport von Produktionsabf\u00e4llen \u00fcber Rohrsysteme mittels Luftstrom | WasteFlex | Kontaktieren Sie uns jetzt!","breadcrumb":{"@id":"https:\/\/lundbergtech.com\/de\/ihr-prozess\/entpacken\/#breadcrumb"},"inLanguage":"de-DE","potentialAction":[{"@type":"ReadAction","target":["https:\/\/lundbergtech.com\/de\/ihr-prozess\/entpacken\/"]}]},{"@type":"ImageObject","inLanguage":"de-DE","@id":"https:\/\/lundbergtech.com\/de\/ihr-prozess\/entpacken\/#primaryimage","url":"https:\/\/lundbergtech.com\/wp-content\/uploads\/2021\/07\/Lundberg-Tech-packaging-feature.jpg","contentUrl":"https:\/\/lundbergtech.com\/wp-content\/uploads\/2021\/07\/Lundberg-Tech-packaging-feature.jpg","width":830,"height":370},{"@type":"BreadcrumbList","@id":"https:\/\/lundbergtech.com\/de\/ihr-prozess\/entpacken\/#breadcrumb","itemListElement":[{"@type":"ListItem","position":1,"name":"Ihr Prozess","item":"https:\/\/lundbergtech.com\/de\/ihr-prozess\/"},{"@type":"ListItem","position":2,"name":"Entpacken"}]},{"@type":"WebSite","@id":"https:\/\/lundbergtech.com\/#website","url":"https:\/\/lundbergtech.com\/","name":"Lundberg Tech","description":"Our waste handling keeps production going","potentialAction":[{"@type":"SearchAction","target":{"@type":"EntryPoint","urlTemplate":"https:\/\/lundbergtech.com\/?s={search_term_string}"},"query-input":{"@type":"PropertyValueSpecification","valueRequired":true,"valueName":"search_term_string"}}],"inLanguage":"de-DE"}]}},"_links":{"self":[{"href":"https:\/\/lundbergtech.com\/de\/wp-json\/wp\/v2\/pages\/4093","targetHints":{"allow":["GET"]}}],"collection":[{"href":"https:\/\/lundbergtech.com\/de\/wp-json\/wp\/v2\/pages"}],"about":[{"href":"https:\/\/lundbergtech.com\/de\/wp-json\/wp\/v2\/types\/page"}],"author":[{"embeddable":true,"href":"https:\/\/lundbergtech.com\/de\/wp-json\/wp\/v2\/users\/1"}],"replies":[{"embeddable":true,"href":"https:\/\/lundbergtech.com\/de\/wp-json\/wp\/v2\/comments?post=4093"}],"version-history":[{"count":13,"href":"https:\/\/lundbergtech.com\/de\/wp-json\/wp\/v2\/pages\/4093\/revisions"}],"predecessor-version":[{"id":6014,"href":"https:\/\/lundbergtech.com\/de\/wp-json\/wp\/v2\/pages\/4093\/revisions\/6014"}],"up":[{"embeddable":true,"href":"https:\/\/lundbergtech.com\/de\/wp-json\/wp\/v2\/pages\/4081"}],"wp:featuredmedia":[{"embeddable":true,"href":"https:\/\/lundbergtech.com\/de\/wp-json\/wp\/v2\/media\/818"}],"wp:attachment":[{"href":"https:\/\/lundbergtech.com\/de\/wp-json\/wp\/v2\/media?parent=4093"}],"curies":[{"name":"wp","href":"https:\/\/api.w.org\/{rel}","templated":true}]}}