{"id":4121,"date":"2021-05-28T08:16:22","date_gmt":"2021-05-28T08:16:22","guid":{"rendered":"https:\/\/lundbergtech.com\/all-in-one-units\/"},"modified":"2022-08-14T11:34:14","modified_gmt":"2022-08-14T11:34:14","slug":"all-in-one-kompaktabsauganlagen","status":"publish","type":"page","link":"https:\/\/lundbergtech.com\/de\/all-in-one-kompaktabsauganlagen\/","title":{"rendered":"All-in-one Kompakt-absauganlagen"},"content":{"rendered":"<div class=\"wpb-content-wrapper\"><p>[vc_row full_width=&#8221;stretch_row&#8221; css=&#8221;.vc_custom_1636124826245{background-image: url(https:\/\/lundbergtech.com\/wp-content\/uploads\/2021\/05\/granulator-cutting-bg.jpg?id=161) !important;background-position: center !important;background-repeat: no-repeat !important;background-size: cover !important;}&#8221;][vc_column]<div class=\"m-spacer m-spacer-69dd46949038d\" data-id=\"69dd46949038d\" data-height=\"80\" data-height-mobile=\"20\" data-height-tab=\"50\" data-height-tab-portrait=\"30\" style=\"clear:both;display:block;\"><\/div>\n\n\n\n[vc_row_inner equal_height=&#8221;yes&#8221; content_placement=&#8221;middle&#8221;][vc_column_inner width=&#8221;1\/2&#8243;][vc_video link=&#8221;https:\/\/youtu.be\/RrAr7Zp3dbE&#8221;][\/vc_column_inner][vc_column_inner width=&#8221;1\/2&#8243;][vc_column_text]<span style=\"color: #ffffff;\">Wie der Name schon impliziert, handelt sich bei unseren \u201eAll-in-one\u201c Einheiten um eine Modellserie von Kompaktabsauganlagen, die alles beinhalten, um Abfall von Ihren Produktionsmaschinen zu erfassen und abzusaugen, zu transportieren, zu zerkleinern, zu sammeln und zu kompaktieren.\u00a0 Unsere All-in-one Absauganlagen sind leicht zu installieren und zu bedienen (Plug &amp; Play), egal, ob sie Abfall von einer oder mehreren Produktionsmaschinen absaugen.<\/span><\/p>\n<p><span style=\"color: #ffffff;\">Unsere All-in-one Absauganlagen werden nicht abgekoppelt vom Produktionsprozess designt, sondern unter der Vorgabe gestaltet, dass Ihre Produktionsanlagen bei voller Geschwindigkeit laufen k\u00f6nnen, ohne dass Randbeschnitt und Abfallentsorgung hierf\u00fcr einen Engpass darstellen. Durch ein gut funktionierendes Abfallentsorgungssystem k\u00f6nnen Sie manuellen Personalaufwand reduzieren. Au\u00dferdem verringern Sie typische Stillstandzeiten Ihrer Produktionsmaschinen, die beim Herunter- und Anfahren der Produktionslinie jedes Mal entstehen.<\/span>[\/vc_column_text][\/vc_column_inner][\/vc_row_inner][\/vc_column][\/vc_row][vc_row full_width=&#8221;stretch_row_content_no_spaces&#8221;][vc_column css=&#8221;.vc_custom_1636124895157{margin-top: 0px !important;margin-bottom: 0px !important;border-top-width: 0px !important;border-bottom-width: 0px !important;padding-top: 0px !important;padding-bottom: 0px !important;}&#8221;]<div class=\"m-benefits-carousel relative py-14 pb-8 md:pt-24 md:pb-6 lg:pt-36 lg:pb-12  image-right \">\n    <div class=\"container md:mx-auto px-3 pb-2 lg:max-w-4xl xl:max-w-6xl lg:relative \">\n\n        <h2 class=\"text-left md:pb-0 leading-8 md:text-32 md:w-4\/12 md:leading-8 lg:text-36 lg:leading-10 xl:leading-11 xl:text-42 md:border-t md:border-lt_grey md:pt-4\">\n        <span class=\"text-lt_blue font-heading font-medium\">All-in-one Einheiten<\/span>\n        <span class=\"text-lt_green text-16 lg:text-18 leading-5 block font-semibold md:pt-2 \">In der Lundberg Tech Modellserie der All-in-one-Absauganlagen finden Sie die folgenden Modelle: <\/span><\/h2>\n\n        <div class=\"c-slider__arrows c-slider--benefits__arrows w-32 h-10 mx-auto z-20 absolute left-0 right-0 text-center md:ml-0 md:text-left md:z-50 md:w-24\"><\/div>\n\n        <div class=\"md:overflow-hidden md:mt-1 md:pb-12 lg:pb-14 xl:pb-18 js-benefits-carousel z-20 \">\n            <div class=\"\">\n    <div class=\"md:flex md:h-592\">\n\n        <div class=\"md:w-5\/12 md:ml-10 lg:w-6\/12 xl:w-6\/12 m-benefits-carousel__image-container md:mb-14\">\n                        <div class=\"w-full h-64 md:h-full relative overflow-hidden bg-top bg-no-repeat bg-cover\" style=\"background-image:url('https:\/\/lundbergtech.com\/wp-content\/uploads\/2021\/11\/TrimCompactor-200-removing-edge-trim-waste-599x583.jpg');\"><\/div>\n                    <\/div>\n\n\n        <div class=\"md:w-6\/12 m-benefits-carousel__content-container\">\n            <div class=\"z-10 text-left bg-white p-3 lg:ml-0 md:relative \">\n\n                <div class=\"m-benefits-carousel__content px-3 \">\n                    <\/p>\n<ul>\n<li style=\"font-weight: 400;\" aria-level=\"1\"><span style=\"font-weight: 400;\"><a href=https:\/\/lundbergtech.com\/de\/produkte\/trimcutter-und-packtrimcutter-randstreifenabsaugung\/>TrimCutter 80<\/a> \u2013 Einfache und leicht zu bedienende Randstreifenabsaugung f\u00fcr eine Produktionsmaschine<\/span><\/li>\n<li style=\"font-weight: 400;\" aria-level=\"1\"><span style=\"font-weight: 400;\"><a href=https:\/\/lundbergtech.com\/de\/produkte\/trimcutter-und-packtrimcutter-randstreifenabsaugung\/>PackTrimCutter<\/a> \u2013 Anlage zur Absaugung von Randstreifen- und Stanzabf\u00e4llen f\u00fcr Verpackungsmaschinen<\/span><\/li>\n<li style=\"font-weight: 400;\" aria-level=\"1\"><span style=\"font-weight: 400;\"><a href=https:\/\/lundbergtech.com\/de\/wastetech\/>WasteTech<\/a>\u00a0\u2013 Kompaktabsauganlage f\u00fcr Einzelmaschinen od. Maschinengruppen\u00a0<\/span><\/li>\n<li style=\"font-weight: 400;\" aria-level=\"1\"><span style=\"font-weight: 400;\">TrimCompactor \u2013 Randstreifenabsaugung von einer oder mehreren Maschinen, mit integriertem Schneckenverdichter\u00a0<\/span><\/li>\n<li style=\"font-weight: 400;\" aria-level=\"1\"><span style=\"font-weight: 400;\"><a href=https:\/\/lundbergtech.com\/de\/products\/matrixcompactor\/>MatrixCompactor<\/a> \u2013 Absaugung und Kompaktierung von klebendenden Stanzgittern und Randstreifen von Etikettendruckmaschinen<\/span><\/li>\n<li style=\"font-weight: 400;\" aria-level=\"1\"><a href=https:\/\/lundbergtech.com\/de\/products\/wasteflex-unit-and-module\/>WasteFlex<\/a> \u2013 Absaugung gr\u00f6\u00dferer Abf\u00e4lle, wie Plastikbeutel, Abdeckhauben, Trennlagen<\/li>\n<\/ul>\n<p>\n                <\/div>\n\n                <\/div>\n           <\/div>\n\n\n\n\n\n    <\/div>\n\n<\/div>\n\n        <\/div>\n         <div class=\"c-slider__dots c-slider--benefits__dots  static h-4 mt-10 lg:mt-14 mx-auto z-20  left-0 right-0 text-center\"><\/div>\n   \t<\/div>\n<\/div>\n\n[\/vc_column][\/vc_row][vc_row][vc_column]<div class=\"m-spacer m-spacer-69dd46949671b\" data-id=\"69dd46949671b\" data-height=\"75\" data-height-mobile=\"\" data-height-tab=\"\" data-height-tab-portrait=\"\" style=\"clear:both;display:block;\"><\/div>\n\n\n\n<div class=\"m-text-image md:flex md:py-10 lg:relative container lg:pb-20\">\n    <div class=\"md:w-6\/12 bg-white p-4 pb-5  md:p-10 filter drop-shadow-lg lg:mb-20  z-20 lg:p-14  md:order-2 md:ml-2 lg:ml-4 xl:ml-6 \">\n      <div class=\"m-text-image__content pb-4 lg:pb-12 md:text-18\">\n        Alle Modelle sind in unterschiedlichen Leistungsklassen und Konfigurationen verf\u00fcgbar \u2013 Indiviudalisierbarkeit durch Optionen. Klicken Sie auf die obenstehenden Links, um mehr \u00fcber die All-in-one Einheiten und Ihre Konfigurationsm\u00f6glichkeiten zu erfahren.<\/p>\n<p>Alle Modelle sind in unterschiedlichen Leistungsklassen und Konfigurationen verf\u00fcgbar \u2013 Indiviudalisierbarkeit durch Optionen. Klicken Sie auf die obenstehenden Links, um mehr \u00fcber die All-in-one Einheiten und Ihre Konfigurationsm\u00f6glichkeiten zu erfahren.\n \n      <\/div>\n          <\/div>\n\n    <div class=\"block md:hidden\">\n      <img decoding=\"async\" src=\"https:\/\/lundbergtech.com\/wp-content\/uploads\/2021\/06\/Lundberg-tech-all-in-one-unit-gen-570x0-c-default.jpg\" alt=\"all in one unit in place in a factory\" class=\"lg:mb-0 lg:absolute lg:right-0 lg:mt-0 lg:-bottom-28\">\n    <\/div>\n\n    <div class=\" md:w-6\/12 md:h-96 md:relative md:mt-20 lg:z-10 hidden md:block  lg:h-auto  left md:order-1 md:mr-2 lg:mr-4  xl:mr-6 \">\n      <div class=\"bg-cover lg:h-540 w-full md:h-full lg:absolute lg:bottom-0 lg:mt-0\" style=\"background-image:url('https:\/\/lundbergtech.com\/wp-content\/uploads\/2021\/06\/Lundberg-tech-all-in-one-unit-gen-570x0-c-default.jpg');\"><\/div>\n    <\/div>\n\n\n<\/div>\n\n\n[\/vc_column][\/vc_row][vc_row][vc_column]<div class=\"m-spacer m-spacer-69dd469498f51\" data-id=\"69dd469498f51\" data-height=\"75\" data-height-mobile=\"\" data-height-tab=\"\" data-height-tab-portrait=\"\" style=\"clear:both;display:block;\"><\/div>\n\n\n\n[\/vc_column][\/vc_row][vc_row full_width=&#8221;stretch_row&#8221; disable_element=&#8221;yes&#8221; css=&#8221;.vc_custom_1636122543639{background-image: url(https:\/\/lundbergtech.com\/wp-content\/uploads\/2021\/06\/latest-events-bg.jpg?id=234) !important;background-position: center !important;background-repeat: no-repeat !important;background-size: cover !important;}&#8221;][vc_column][vc_row_inner equal_height=&#8221;yes&#8221; content_placement=&#8221;middle&#8221;][vc_column_inner width=&#8221;1\/2&#8243;][vc_video link=&#8221;https:\/\/youtu.be\/KlzWKWlBpJQ&#8221; align=&#8221;center&#8221;][\/vc_column_inner][vc_column_inner width=&#8221;1\/2&#8243;][vc_column_text]<span style=\"color: #ffffff;\">Lundberg Tech\u2019s basic All-in-one WasteTech waste handling units consi<\/span>[\/vc_column_text][\/vc_column_inner][\/vc_row_inner]<div class=\"m-spacer m-spacer-69dd4694999cd\" data-id=\"69dd4694999cd\" data-height=\"150\" data-height-mobile=\"20\" data-height-tab=\"50\" data-height-tab-portrait=\"30\" style=\"clear:both;display:block;\"><\/div>\n\n\n\n[\/vc_column][\/vc_row][vc_row disable_element=&#8221;yes&#8221;][vc_column][vc_single_image image=&#8221;551&#8243; img_size=&#8221;full&#8221; alignment=&#8221;center&#8221; title=&#8221;WasteTech 200&#8243;][\/vc_column][\/vc_row][vc_row full_width=&#8221;stretch_row_content_no_spaces&#8221; css=&#8221;.vc_custom_1635947799360{background-image: url(https:\/\/lundbergtech.com\/wp-content\/uploads\/2021\/06\/latest-news-bg.jpg?id=231) !important;}&#8221;][vc_column]<div class=\"m-download-list pb-6 pt-10 md:py-10  md:pb-10 lg:pb-20 lg:pt-20\">\n    <div class=\"container mx-auto xl:max-w-screen-xl \">\n        <div class=\" md:pr-6 lg:pr-8\">\n            <h2 class=\"text-lt_blue text-20 leading-normal md:text-24 md:leading-7 lg:text-28 md:pb-10\">Download more information<\/h2>\n         <\/div>\n\n\n        <div class=\"\">\n            <ul  class=\"pb-4 md:grid md:grid-cols-2 md:gap-x-8 lg:gap-x-16 xl:gap-x-28\">\n            <li class=\"m-download-list__item py-4 last:border-0 relative\"><a class=\"m-download-list__link pl-8 block text-lt_black hover:underline  text-16 lg:text-18 font-medium\" target=\"_blank\" href=https:\/\/lundbergtech.com\/wp-content\/uploads\/2025\/11\/All-in-one-Units-2025-24.pdf title=\"All-in-one Units\">All-in-one Units<span class=\"absolute right-0 mr-3 -top-1\">\n<svg width=\"32\" height=\"32\" viewBox=\"0 0 32 32\" fill=\"none\" xmlns=\"http:\/\/www.w3.org\/2000\/svg\">\n<title>Arrow<\/title>\n<path d=\"M13.3529 21.2941L19.5294 16L13.3529 10.7059M31 16C31 24.2843 24.2843 31 16 31C7.71573 31 1 24.2843 1 16C1 7.71573 7.71573 1 16 1C24.2843 1 31 7.71573 31 16Z\" stroke=\"#181818\" stroke-width=\"2\"\/>\n<\/svg>\n<\/span><\/a><\/li><li class=\"m-download-list__item py-4 last:border-0 relative\"><a class=\"m-download-list__link pl-8 block text-lt_black hover:underline  text-16 lg:text-18 font-medium\" target=\"_blank\" href=https:\/\/lundbergtech.com\/wp-content\/uploads\/2025\/04\/Lundberg-Tech-Brochure-2025-31.pdf title=\"Lundberg Tech Brochure\">Lundberg Tech Brochure<span class=\"absolute right-0 mr-3 -top-1\">\n<svg width=\"32\" height=\"32\" viewBox=\"0 0 32 32\" fill=\"none\" xmlns=\"http:\/\/www.w3.org\/2000\/svg\">\n<title>Arrow<\/title>\n<path d=\"M13.3529 21.2941L19.5294 16L13.3529 10.7059M31 16C31 24.2843 24.2843 31 16 31C7.71573 31 1 24.2843 1 16C1 7.71573 7.71573 1 16 1C24.2843 1 31 7.71573 31 16Z\" stroke=\"#181818\" stroke-width=\"2\"\/>\n<\/svg>\n<\/span><\/a><\/li><li class=\"m-download-list__item py-4 last:border-0 relative\"><a class=\"m-download-list__link pl-8 block text-lt_black hover:underline  text-16 lg:text-18 font-medium\" target=\"_blank\" href=\"\" title=\"Work with your WASTE\">Work with your WASTE<span class=\"absolute right-0 mr-3 -top-1\">\n<svg width=\"32\" height=\"32\" viewBox=\"0 0 32 32\" fill=\"none\" xmlns=\"http:\/\/www.w3.org\/2000\/svg\">\n<title>Arrow<\/title>\n<path d=\"M13.3529 21.2941L19.5294 16L13.3529 10.7059M31 16C31 24.2843 24.2843 31 16 31C7.71573 31 1 24.2843 1 16C1 7.71573 7.71573 1 16 1C24.2843 1 31 7.71573 31 16Z\" stroke=\"#181818\" stroke-width=\"2\"\/>\n<\/svg>\n<\/span><\/a><\/li>\n            <\/ul>\n        <\/div>\n\n    <\/div>\n<\/div><div class=\"m-spacer m-spacer-69dd46949f6b0\" data-id=\"69dd46949f6b0\" data-height=\"75\" data-height-mobile=\"\" data-height-tab=\"\" data-height-tab-portrait=\"\" style=\"clear:both;display:block;\"><\/div>\n\n\n\n[\/vc_column][\/vc_row][vc_row full_width=&#8221;stretch_row_content_no_spaces&#8221; css=&#8221;.vc_custom_1624532710011{background-image: url(https:\/\/lundbergtech.com\/wp-content\/uploads\/2021\/06\/latest-events-bg.jpg?id=234) !important;background-position: center !important;background-repeat: no-repeat !important;background-size: cover !important;}&#8221;][vc_column]<div class=\"m-link-list pb-6 pt-10 md:pb-10 lg:pb-20\">\n    <div class=\"container mx-auto lg:flex\">\n        <div class=\"md:w-full lg:w-4\/12 md:pr-6 lg:pr-8 md:flex md:flex-col md:justify-center  md:mb-5\">\n                        <span class=\"text-16 uppercase text-lt_blue_grey_light block pb-2 md:pb-4\">Lundberg Tech entwickelt und fertigt ein breites Spektrum an<\/span>\n                                     <h2 class=\"text-white md:pb-6\">Granulatoren und Schneidmodulen, All-in-one Kompaktabsaug-anlagen und Zentralsystemen<\/h2>\n                                                 <span class=\" hidden md:block\"><a class=\"c-button c-button--white-outline\" href=https:\/\/lundbergtech.com\/de\/produkte\/ title=\"Finden Sie mehr heraus\">Finden Sie mehr heraus<\/a><\/span>\n                    <\/div>\n\n\n        <div class=\" lg:w-4\/12 lg:ml-36\">\n            <ul  class=\"pb-4 md:grid  m-link-list__1-col  md:grid-cols-1 md:gap-x-4 lg:gap-x-16 xl:gap-x-28\">\n            <li class=\"m-link-list__item border-b border-lt_grey py-4 last:border-0 relative\"><a class=\"m-link-list__link block text-white hover:text-white  text-16 xl:text-18 font-medium\" href=https:\/\/lundbergtech.com\/de\/granulatoren-und-cutter\/ title=\"Granulatoren und Cutter\">Granulatoren und Cutter<span class=\"absolute right-0 mr-3 top-0 mt-3\">\n<svg width=\"32\" height=\"32\" viewBox=\"0 0 32 32\" fill=\"none\" xmlns=\"http:\/\/www.w3.org\/2000\/svg\">\n<title>List item arrow<\/title>\n<path d=\"M13.3529 21.2941L19.5294 16L13.3529 10.7059M31 16C31 24.2843 24.2843 31 16 31C7.71573 31 1 24.2843 1 16C1 7.71573 7.71573 1 16 1C24.2843 1 31 7.71573 31 16Z\" stroke=\"white\" stroke-width=\"2\"\/>\n<\/svg>\n<\/span><\/a><\/li><li class=\"m-link-list__item border-b border-lt_grey py-4 last:border-0 relative\"><a class=\"m-link-list__link block text-white hover:text-white  text-16 xl:text-18 font-medium\" href=https:\/\/lundbergtech.com\/de\/all-in-one-kompaktabsauganlagen\/ title=\"All-in-one Kompaktabsauganlagen\">All-in-one Kompaktabsauganlagen<span class=\"absolute right-0 mr-3 top-0 mt-3\">\n<svg width=\"32\" height=\"32\" viewBox=\"0 0 32 32\" fill=\"none\" xmlns=\"http:\/\/www.w3.org\/2000\/svg\">\n<title>List item arrow<\/title>\n<path d=\"M13.3529 21.2941L19.5294 16L13.3529 10.7059M31 16C31 24.2843 24.2843 31 16 31C7.71573 31 1 24.2843 1 16C1 7.71573 7.71573 1 16 1C24.2843 1 31 7.71573 31 16Z\" stroke=\"white\" stroke-width=\"2\"\/>\n<\/svg>\n<\/span><\/a><\/li><li class=\"m-link-list__item border-b border-lt_grey py-4 last:border-0 relative\"><a class=\"m-link-list__link block text-white hover:text-white  text-16 xl:text-18 font-medium\" href=https:\/\/lundbergtech.com\/de\/zentrale-absauganlagen\/ title=\"Zentrale Absauganlagen\">Zentrale Absauganlagen<span class=\"absolute right-0 mr-3 top-0 mt-3\">\n<svg width=\"32\" height=\"32\" viewBox=\"0 0 32 32\" fill=\"none\" xmlns=\"http:\/\/www.w3.org\/2000\/svg\">\n<title>List item arrow<\/title>\n<path d=\"M13.3529 21.2941L19.5294 16L13.3529 10.7059M31 16C31 24.2843 24.2843 31 16 31C7.71573 31 1 24.2843 1 16C1 7.71573 7.71573 1 16 1C24.2843 1 31 7.71573 31 16Z\" stroke=\"white\" stroke-width=\"2\"\/>\n<\/svg>\n<\/span><\/a><\/li>\n            <\/ul>\n                        <span class=\"block md:hidden\"><a class=\"c-button c-button--white-outline block md:hidden\" href=https:\/\/lundbergtech.com\/de\/produkte\/ title=\"Finden Sie mehr heraus\">Finden Sie mehr heraus<\/a><\/span>\n                    <\/div>\n\n\n    <\/div>\n<\/div>[\/vc_column][\/vc_row][vc_row full_width=&#8221;stretch_row&#8221; css=&#8221;.vc_custom_1632216777747{background-image: url(https:\/\/lundbergtech.com\/wp-content\/uploads\/2021\/05\/granulator-cutting-bg.jpg?id=161) !important;background-position: center !important;background-repeat: no-repeat !important;background-size: cover !important;}&#8221;][vc_column]<div class=\"m-spacer m-spacer-69dd4694a432f\" data-id=\"69dd4694a432f\" data-height=\"80\" data-height-mobile=\"20\" data-height-tab=\"50\" data-height-tab-portrait=\"30\" style=\"clear:both;display:block;\"><\/div>\n\n\n\n[\/vc_column][\/vc_row]<\/p>\n<\/div>","protected":false},"excerpt":{"rendered":"<p>[vc_row full_width=&#8221;stretch_row&#8221; css=&#8221;.vc_custom_1636124826245{background-image: url(https:\/\/lundbergtech.com\/wp-content\/uploads\/2021\/05\/granulator-cutting-bg.jpg?id=161) !important;background-position: center !important;background-repeat: no-repeat !important;background-size: cover !important;}&#8221;][vc_column][vc_row_inner equal_height=&#8221;yes&#8221; content_placement=&#8221;middle&#8221;][vc_column_inner width=&#8221;1\/2&#8243;][vc_video link=&#8221;https:\/\/youtu.be\/RrAr7Zp3dbE&#8221;][\/vc_column_inner][vc_column_inner width=&#8221;1\/2&#8243;][vc_column_text]Wie der Name schon impliziert, handelt sich bei unseren \u201eAll-in-one\u201c Einheiten um eine Modellserie von Kompaktabsauganlagen, die alles beinhalten, um Abfall von Ihren Produktionsmaschinen zu erfassen und abzusaugen, zu transportieren, zu zerkleinern, zu sammeln und zu kompaktieren.\u00a0 Unsere All-in-one Absauganlagen [&hellip;]<\/p>\n","protected":false},"author":1,"featured_media":4123,"parent":0,"menu_order":0,"comment_status":"closed","ping_status":"closed","template":"","meta":{"_acf_changed":false,"inline_featured_image":false,"footnotes":""},"class_list":["post-4121","page","type-page","status-publish","has-post-thumbnail","hentry"],"acf":[],"yoast_head":"<!-- This site is optimized with the Yoast SEO plugin v27.1.1 - https:\/\/yoast.com\/product\/yoast-seo-wordpress\/ -->\n<title>All-in-one Kompaktabsauganlagen | Abfallentsorgungssystem<\/title>\n<meta name=\"description\" content=\"Kompaktabsauganlagen, die Abfall von Produktionsmaschinen erfassen und absaugen, transportieren, zerkleinern, sammeln und kompaktieren | heute anrufen\" \/>\n<meta name=\"robots\" content=\"index, follow, max-snippet:-1, max-image-preview:large, max-video-preview:-1\" \/>\n<link rel=\"canonical\" href=\"https:\/\/lundbergtech.com\/de\/all-in-one-kompaktabsauganlagen\/\" \/>\n<meta property=\"og:locale\" content=\"de_DE\" \/>\n<meta property=\"og:type\" content=\"article\" \/>\n<meta property=\"og:title\" content=\"All-in-one Kompaktabsauganlagen | Abfallentsorgungssystem\" \/>\n<meta property=\"og:description\" content=\"Kompaktabsauganlagen, die Abfall von Produktionsmaschinen erfassen und absaugen, transportieren, zerkleinern, sammeln und kompaktieren | heute anrufen\" \/>\n<meta property=\"og:url\" content=\"https:\/\/lundbergtech.com\/de\/all-in-one-kompaktabsauganlagen\/\" \/>\n<meta property=\"og:site_name\" content=\"Lundberg Tech\" \/>\n<meta property=\"article:publisher\" content=\"https:\/\/www.facebook.com\/lundbergtech\" \/>\n<meta property=\"article:modified_time\" content=\"2022-08-14T11:34:14+00:00\" \/>\n<meta property=\"og:image\" content=\"https:\/\/lundbergtech.com\/wp-content\/uploads\/2021\/06\/Lundberg-Tech-All-in-one-unit-feature.jpg\" \/>\n\t<meta property=\"og:image:width\" content=\"830\" \/>\n\t<meta property=\"og:image:height\" content=\"369\" \/>\n\t<meta property=\"og:image:type\" content=\"image\/jpeg\" \/>\n<meta name=\"twitter:card\" content=\"summary_large_image\" \/>\n<meta name=\"twitter:site\" content=\"@lundbergtech\" \/>\n<meta name=\"twitter:label1\" content=\"Est. reading time\" \/>\n\t<meta name=\"twitter:data1\" content=\"2 minutes\" \/>\n<script type=\"application\/ld+json\" class=\"yoast-schema-graph\">{\"@context\":\"https:\/\/schema.org\",\"@graph\":[{\"@type\":\"WebPage\",\"@id\":\"https:\/\/lundbergtech.com\/de\/all-in-one-kompaktabsauganlagen\/\",\"url\":\"https:\/\/lundbergtech.com\/de\/all-in-one-kompaktabsauganlagen\/\",\"name\":\"All-in-one Kompaktabsauganlagen | Abfallentsorgungssystem\",\"isPartOf\":{\"@id\":\"https:\/\/lundbergtech.com\/#website\"},\"primaryImageOfPage\":{\"@id\":\"https:\/\/lundbergtech.com\/de\/all-in-one-kompaktabsauganlagen\/#primaryimage\"},\"image\":{\"@id\":\"https:\/\/lundbergtech.com\/de\/all-in-one-kompaktabsauganlagen\/#primaryimage\"},\"thumbnailUrl\":\"https:\/\/lundbergtech.com\/wp-content\/uploads\/2021\/06\/Lundberg-Tech-All-in-one-unit-feature.jpg\",\"datePublished\":\"2021-05-28T08:16:22+00:00\",\"dateModified\":\"2022-08-14T11:34:14+00:00\",\"description\":\"Kompaktabsauganlagen, die Abfall von Produktionsmaschinen erfassen und absaugen, transportieren, zerkleinern, sammeln und kompaktieren | heute anrufen\",\"inLanguage\":\"de-DE\",\"potentialAction\":[{\"@type\":\"ReadAction\",\"target\":[\"https:\/\/lundbergtech.com\/de\/all-in-one-kompaktabsauganlagen\/\"]}]},{\"@type\":\"ImageObject\",\"inLanguage\":\"de-DE\",\"@id\":\"https:\/\/lundbergtech.com\/de\/all-in-one-kompaktabsauganlagen\/#primaryimage\",\"url\":\"https:\/\/lundbergtech.com\/wp-content\/uploads\/2021\/06\/Lundberg-Tech-All-in-one-unit-feature.jpg\",\"contentUrl\":\"https:\/\/lundbergtech.com\/wp-content\/uploads\/2021\/06\/Lundberg-Tech-All-in-one-unit-feature.jpg\",\"width\":830,\"height\":369},{\"@type\":\"WebSite\",\"@id\":\"https:\/\/lundbergtech.com\/#website\",\"url\":\"https:\/\/lundbergtech.com\/\",\"name\":\"Lundberg Tech\",\"description\":\"Our waste handling keeps production going\",\"potentialAction\":[{\"@type\":\"SearchAction\",\"target\":{\"@type\":\"EntryPoint\",\"urlTemplate\":\"https:\/\/lundbergtech.com\/?s={search_term_string}\"},\"query-input\":{\"@type\":\"PropertyValueSpecification\",\"valueRequired\":true,\"valueName\":\"search_term_string\"}}],\"inLanguage\":\"de-DE\"}]}<\/script>\n<!-- \/ Yoast SEO plugin. -->","yoast_head_json":{"title":"All-in-one Kompaktabsauganlagen | Abfallentsorgungssystem","description":"Kompaktabsauganlagen, die Abfall von Produktionsmaschinen erfassen und absaugen, transportieren, zerkleinern, sammeln und kompaktieren | heute anrufen","robots":{"index":"index","follow":"follow","max-snippet":"max-snippet:-1","max-image-preview":"max-image-preview:large","max-video-preview":"max-video-preview:-1"},"canonical":"https:\/\/lundbergtech.com\/de\/all-in-one-kompaktabsauganlagen\/","og_locale":"de_DE","og_type":"article","og_title":"All-in-one Kompaktabsauganlagen | Abfallentsorgungssystem","og_description":"Kompaktabsauganlagen, die Abfall von Produktionsmaschinen erfassen und absaugen, transportieren, zerkleinern, sammeln und kompaktieren | heute anrufen","og_url":"https:\/\/lundbergtech.com\/de\/all-in-one-kompaktabsauganlagen\/","og_site_name":"Lundberg Tech","article_publisher":"https:\/\/www.facebook.com\/lundbergtech","article_modified_time":"2022-08-14T11:34:14+00:00","og_image":[{"width":830,"height":369,"url":"https:\/\/lundbergtech.com\/wp-content\/uploads\/2021\/06\/Lundberg-Tech-All-in-one-unit-feature.jpg","type":"image\/jpeg"}],"twitter_card":"summary_large_image","twitter_site":"@lundbergtech","twitter_misc":{"Est. reading time":"2 minutes"},"schema":{"@context":"https:\/\/schema.org","@graph":[{"@type":"WebPage","@id":"https:\/\/lundbergtech.com\/de\/all-in-one-kompaktabsauganlagen\/","url":"https:\/\/lundbergtech.com\/de\/all-in-one-kompaktabsauganlagen\/","name":"All-in-one Kompaktabsauganlagen | Abfallentsorgungssystem","isPartOf":{"@id":"https:\/\/lundbergtech.com\/#website"},"primaryImageOfPage":{"@id":"https:\/\/lundbergtech.com\/de\/all-in-one-kompaktabsauganlagen\/#primaryimage"},"image":{"@id":"https:\/\/lundbergtech.com\/de\/all-in-one-kompaktabsauganlagen\/#primaryimage"},"thumbnailUrl":"https:\/\/lundbergtech.com\/wp-content\/uploads\/2021\/06\/Lundberg-Tech-All-in-one-unit-feature.jpg","datePublished":"2021-05-28T08:16:22+00:00","dateModified":"2022-08-14T11:34:14+00:00","description":"Kompaktabsauganlagen, die Abfall von Produktionsmaschinen erfassen und absaugen, transportieren, zerkleinern, sammeln und kompaktieren | heute anrufen","inLanguage":"de-DE","potentialAction":[{"@type":"ReadAction","target":["https:\/\/lundbergtech.com\/de\/all-in-one-kompaktabsauganlagen\/"]}]},{"@type":"ImageObject","inLanguage":"de-DE","@id":"https:\/\/lundbergtech.com\/de\/all-in-one-kompaktabsauganlagen\/#primaryimage","url":"https:\/\/lundbergtech.com\/wp-content\/uploads\/2021\/06\/Lundberg-Tech-All-in-one-unit-feature.jpg","contentUrl":"https:\/\/lundbergtech.com\/wp-content\/uploads\/2021\/06\/Lundberg-Tech-All-in-one-unit-feature.jpg","width":830,"height":369},{"@type":"WebSite","@id":"https:\/\/lundbergtech.com\/#website","url":"https:\/\/lundbergtech.com\/","name":"Lundberg Tech","description":"Our waste handling keeps production going","potentialAction":[{"@type":"SearchAction","target":{"@type":"EntryPoint","urlTemplate":"https:\/\/lundbergtech.com\/?s={search_term_string}"},"query-input":{"@type":"PropertyValueSpecification","valueRequired":true,"valueName":"search_term_string"}}],"inLanguage":"de-DE"}]}},"_links":{"self":[{"href":"https:\/\/lundbergtech.com\/de\/wp-json\/wp\/v2\/pages\/4121","targetHints":{"allow":["GET"]}}],"collection":[{"href":"https:\/\/lundbergtech.com\/de\/wp-json\/wp\/v2\/pages"}],"about":[{"href":"https:\/\/lundbergtech.com\/de\/wp-json\/wp\/v2\/types\/page"}],"author":[{"embeddable":true,"href":"https:\/\/lundbergtech.com\/de\/wp-json\/wp\/v2\/users\/1"}],"replies":[{"embeddable":true,"href":"https:\/\/lundbergtech.com\/de\/wp-json\/wp\/v2\/comments?post=4121"}],"version-history":[{"count":28,"href":"https:\/\/lundbergtech.com\/de\/wp-json\/wp\/v2\/pages\/4121\/revisions"}],"predecessor-version":[{"id":5691,"href":"https:\/\/lundbergtech.com\/de\/wp-json\/wp\/v2\/pages\/4121\/revisions\/5691"}],"wp:featuredmedia":[{"embeddable":true,"href":"https:\/\/lundbergtech.com\/de\/wp-json\/wp\/v2\/media\/4123"}],"wp:attachment":[{"href":"https:\/\/lundbergtech.com\/de\/wp-json\/wp\/v2\/media?parent=4121"}],"curies":[{"name":"wp","href":"https:\/\/api.w.org\/{rel}","templated":true}]}}