{"id":4124,"date":"2021-10-12T13:37:15","date_gmt":"2021-10-12T13:37:15","guid":{"rendered":"https:\/\/lundbergtech.com\/products\/trimcompactor-all-in-one-unit\/"},"modified":"2022-01-26T07:43:45","modified_gmt":"2022-01-26T07:43:45","slug":"trimcompactor","status":"publish","type":"page","link":"https:\/\/lundbergtech.com\/de\/produkte\/trimcompactor\/","title":{"rendered":"TrimCompactor"},"content":{"rendered":"<div class=\"wpb-content-wrapper\"><p>[vc_row full_width=&#8221;stretch_row&#8221; css=&#8221;.vc_custom_1636125480670{background-image: url(https:\/\/lundbergtech.com\/wp-content\/uploads\/2021\/05\/granulator-cutting-bg.jpg?id=161) !important;background-position: center !important;background-repeat: no-repeat !important;background-size: cover !important;}&#8221;][vc_column]<div class=\"m-spacer m-spacer-69daf431bd960\" data-id=\"69daf431bd960\" data-height=\"80\" data-height-mobile=\"20\" data-height-tab=\"50\" data-height-tab-portrait=\"30\" style=\"clear:both;display:block;\"><\/div>\n\n\n\n[vc_row_inner equal_height=&#8221;yes&#8221; content_placement=&#8221;middle&#8221;][vc_column_inner width=&#8221;1\/2&#8243;][vc_single_image image=&#8221;2252&#8243; img_size=&#8221;full&#8221; alignment=&#8221;center&#8221; style=&#8221;vc_box_shadow&#8221; css=&#8221;.vc_custom_1635431130645{padding-right: 20px !important;padding-left: 20px !important;}&#8221;][\/vc_column_inner][vc_column_inner width=&#8221;1\/2&#8243;][vc_column_text]<\/p>\n<h2 class=\"text-white\"><span style=\"font-weight: 400; color: #ffffff;\"><span style=\"font-weight: 400;\">TrimCompactor &#8211; <\/span>die erste Wahl zur Kompaktierung von Randstreifenabf\u00e4llen<\/span><\/h2>\n<p><span style=\"font-weight: 400; color: #ffffff;\">Lundberg Tech\u2019s TrimCompactor vereint auf hervorragende Weise die F\u00e4higkeiten Abfall abzusaugen, zu zerkleinern, zu transportieren, zu sammeln und zu kompaktieren. Und das von einem breiten Spektrum an Produktions- und Verpackungsmaschinen und f\u00fcr verschiedene Abfallarten wie Randstreifen, Stanzgitter, Matrix sowie Stanzabf\u00e4llen.<\/span><\/p>\n<p><span style=\"color: #ffffff;\">Der TrimCompactor ist die erste Wahl von einer <a style=\"color: #ffffff;\" href=https:\/\/lundbergtech.com\/de\/all-in-one-units\/>All-in-one-Einheit<\/a>, wenn es um Nachhaltigkeit und Kreislaufwirtschaft in Ihrem Produktions- und Verpackungsprozess geht.\u00a0<\/span><\/p>\n<p><span style=\"color: #ffffff;\">Der TrimCompactor kann Material von einer oder mehreren Maschinen entsorgen. Je nach Bedarf kann er mit einem oder mehreren Lundberg Tech <a style=\"color: #ffffff;\" href=https:\/\/lundbergtech.com\/de\/granulators-and-cutters\/>Granulatoren<\/a> ausgestattet werden. Diese werden von Lundberg Tech selbst entwickelt und hergestellt. <\/span>[\/vc_column_text][\/vc_column_inner][\/vc_row_inner]<div class=\"m-spacer m-spacer-69daf431ca6fc\" data-id=\"69daf431ca6fc\" data-height=\"80\" data-height-mobile=\"20\" data-height-tab=\"50\" data-height-tab-portrait=\"30\" style=\"clear:both;display:block;\"><\/div>\n\n\n\n[\/vc_column][\/vc_row][vc_row full_width=&#8221;stretch_row_content_no_spaces&#8221;][vc_column css=&#8221;.vc_custom_1623157973509{padding-top: 0px !important;padding-bottom: 0px !important;}&#8221;]<div class=\"m-benefits-carousel relative py-14 pb-8 md:pt-24 md:pb-6 lg:pt-36 lg:pb-12  image-right \">\n    <div class=\"container md:mx-auto px-3 pb-2 lg:max-w-4xl xl:max-w-6xl lg:relative \">\n\n        <h2 class=\"text-left md:pb-0 leading-8 md:text-32 md:w-4\/12 md:leading-8 lg:text-36 lg:leading-10 xl:leading-11 xl:text-42 md:border-t md:border-lt_grey md:pt-4\">\n        <span class=\"text-lt_blue font-heading font-medium\">Vorteile &amp; Features<\/span>\n        <span class=\"text-lt_green text-16 lg:text-18 leading-5 block font-semibold md:pt-2 \">Vorteile der Nutzung des TrimCompactors: <\/span><\/h2>\n\n        <div class=\"c-slider__arrows c-slider--benefits__arrows w-32 h-10 mx-auto z-20 absolute left-0 right-0 text-center md:ml-0 md:text-left md:z-50 md:w-24\"><\/div>\n\n        <div class=\"md:overflow-hidden md:mt-1 md:pb-12 lg:pb-14 xl:pb-18 js-benefits-carousel z-20 \">\n            <div class=\"\">\n    <div class=\"md:flex md:h-592\">\n\n        <div class=\"md:w-5\/12 md:ml-10 lg:w-6\/12 xl:w-6\/12 m-benefits-carousel__image-container md:mb-14\">\n                        <div class=\"w-full h-64 md:h-full relative overflow-hidden bg-top bg-no-repeat bg-cover\" style=\"background-image:url('https:\/\/lundbergtech.com\/wp-content\/uploads\/2021\/11\/TrimCompactor-140-01.jpg');\"><\/div>\n                    <\/div>\n\n\n        <div class=\"md:w-6\/12 m-benefits-carousel__content-container\">\n            <div class=\"z-10 text-left bg-white p-3 lg:ml-0 md:relative \">\n\n                <div class=\"m-benefits-carousel__content px-3 \">\n                    <\/p>\n<ul>\n<li style=\"font-weight: 400;\" aria-level=\"1\"><span style=\"font-weight: 400;\">Reduziert das Abfallvolumen signifikant<\/span><\/li>\n<li style=\"font-weight: 400;\" aria-level=\"1\"><span style=\"font-weight: 400;\">Entfernt zusammen mit den Produktionsabf\u00e4llen auch Staub\u00a0<\/span><\/li>\n<li style=\"font-weight: 400;\" aria-level=\"1\"><span style=\"font-weight: 400;\">Frequenzumrichter zum Einstellen der Saugleistung\u00a0<\/span><\/li>\n<li aria-level=\"1\">Macht die Abfallbeseitigung f\u00fcr Ihre Mitarbeiter einfacher<\/li>\n<li aria-level=\"1\">Einfache Installation (Plug &amp; Play)<\/li>\n<li aria-level=\"1\">Unterst\u00fctzt durchg\u00e4ngigen 24\/7 Produktionsbetrieb<\/li>\n<li aria-level=\"1\">Kompaktiert den M\u00fcll in einen einfach zu entfernenden Schlauchbeutel<\/li>\n<\/ul>\n<p>\n                <\/div>\n\n                <\/div>\n           <\/div>\n\n\n\n\n\n    <\/div>\n\n<\/div>\n\n        <\/div>\n         <div class=\"c-slider__dots c-slider--benefits__dots  static h-4 mt-10 lg:mt-14 mx-auto z-20  left-0 right-0 text-center\"><\/div>\n   \t<\/div>\n<\/div>\n\n[\/vc_column][\/vc_row][vc_row full_width=&#8221;stretch_row&#8221;][vc_column]<div class=\"m-spacer m-spacer-69daf431d24fb\" data-id=\"69daf431d24fb\" data-height=\"80\" data-height-mobile=\"20\" data-height-tab=\"50\" data-height-tab-portrait=\"30\" style=\"clear:both;display:block;\"><\/div>\n\n\n\n[vc_row_inner equal_height=&#8221;yes&#8221; content_placement=&#8221;middle&#8221;][vc_column_inner width=&#8221;1\/2&#8243;][vc_single_image image=&#8221;2312&#8243; img_size=&#8221;full&#8221; alignment=&#8221;center&#8221; style=&#8221;vc_box_shadow&#8221; css=&#8221;.vc_custom_1635849515601{padding-right: 20px !important;padding-left: 20px !important;}&#8221;][\/vc_column_inner][vc_column_inner width=&#8221;1\/2&#8243;][vc_column_text]<span style=\"font-weight: 400;\">Die TrimCompactor All-in-one Einheit ist komplett ausgestattet mit Ventilator, Schalld\u00e4mpfer, Materialabscheider, Luftfilter und Scheckenverdichter. Durch die Kombination all dieser Notwendigkeiten der effektiven Abfallbeseitigung in einem Ger\u00e4t, ben\u00f6tigen die Einheiten eine sehr Stellfl\u00e4che und k\u00f6nnen bis zu 20 m von den anzusaugenden Maschinen entfernt stehen.\u00a0<\/span><\/p>\n<p>Die TrimCompactor All-in-one Einheit ist verf\u00fcgbar in f\u00fcnf verschiedenen Gr\u00f6\u00dfen:<\/p>\n<ol>\n<li>TrimCompactor 80 \u2013 f\u00fcr eine Prozessmaschine<\/li>\n<li>TrimCompactor 140 \u2013 f\u00fcr bis zu 4 Prozessmaschinen<\/li>\n<li>TrimCompactor 200 \u2013 f\u00fcr bis zu 8 Prozessmaschinen<\/li>\n<li>TrimCompactor 400 \u2013 f\u00fcr bis zu 16 Prozessmaschinen<\/li>\n<li>TrimCompactor 600 \u2013 f\u00fcr bis zu 24 Prozessmaschinen<\/li>\n<\/ol>\n<p>Weitere Optionen des TrimCompactors bei Lieferung k\u00f6nnen sein:<\/p>\n<ul>\n<li>Antistatik-Einheit zur Eliminierung elektrostatischer Aufladung des abzusaugenden Materials<\/li>\n<li>Andere Filtersysteme, wahlweise auch mit Automatischer Filteranlage mit Selbstreinigung<\/li>\n<li>Zus\u00e4tzlichen <a href=https:\/\/lundbergtech.com\/de\/granulators-and-cutters\/>Granulatoren<\/a>, wobei sich diese au\u00dferhalb der Einheit befinden k\u00f6nnen<\/li>\n<li>Rahmenerh\u00f6hung f\u00fcr die Anlage, um das kompaktierte Material in einen Rollencontainer zu \u00fcbergeben<\/li>\n<\/ul>\n<p>&nbsp;<\/p>\n<p>Unser TrimCompactor ist eine sehr spezielle Einheit, die Ihnen helfen kann, Abf\u00e4lle bestm\u00f6glich f\u00fcr Recyclingzwecke vorzubereiten oder das Material in Schlauchbeuteln in variabler L\u00e4nge zu kompaktieren.[\/vc_column_text][\/vc_column_inner][\/vc_row_inner]<div class=\"m-spacer m-spacer-69daf431d3fc5\" data-id=\"69daf431d3fc5\" data-height=\"80\" data-height-mobile=\"20\" data-height-tab=\"50\" data-height-tab-portrait=\"30\" style=\"clear:both;display:block;\"><\/div>\n\n\n\n[\/vc_column][\/vc_row][vc_row full_width=&#8221;stretch_row_content_no_spaces&#8221;][vc_column]<div class=\"c-cta-banner py-6 px-6 md:py-10  \">\n\n    <div class=\"md:flex\">\n\n        <div class=\"mx-auto  md:flex md:flex-col md:w-1\/2 lg:w-6\/12 xl:w-8\/12 md:justify-center md:mx-0 xl:pl-6 md:pr-2\">\n            <h2 class=\"text-center md:text-left md:pb-0 leading-10\">\n            <span class=\"text-lt_blue text-20 md:text-24 lg:text-30 font-heading font-bold\">Want to find out<\/span>\n            <span class=\"text-white text-20 font-heading md:leading-6 lg:leading-8 block font-bold md:text-24 lg:text-30\">What the next step is?<\/span><\/h2>\n        <\/div>\n        <div class=\"text-center lg:max-w-xs md:ml-auto md:mr-0 md:w-1\/2  lg:w-5\/12 xl:w-4\/12\">\n            <a href=\/de\/kontaktieren-sie-us\/ class=\"c-button c-button--white block\">Ihre Online Anfrage<\/a>\n            <span class=\"block pt-5 \"><span class=\" text-lt_blue uppercase text-15\">oder Anruf <\/span>\n            \n                        \n                        <a class=\"text-lt_blue uppercase text-15\" href=tel: title=\"\"><\/a>\n\n                        <\/span>\n        <\/div>\n\n    <\/div>\n<\/div>\n[\/vc_column][\/vc_row][vc_row full_width=&#8221;stretch_row_content_no_spaces&#8221;][vc_column]<div class=\"m-download-list pb-6 pt-10 md:py-10  md:pb-10 lg:pb-20 lg:pt-20\">\n    <div class=\"container mx-auto xl:max-w-screen-xl \">\n        <div class=\" md:pr-6 lg:pr-8\">\n            <h2 class=\"text-lt_blue text-20 leading-normal md:text-24 md:leading-7 lg:text-28 md:pb-10\">Download more information<\/h2>\n         <\/div>\n\n\n        <div class=\"\">\n            <ul  class=\"pb-4 md:grid md:grid-cols-2 md:gap-x-8 lg:gap-x-16 xl:gap-x-28\">\n            <li class=\"m-download-list__item py-4 last:border-0 relative\"><a class=\"m-download-list__link pl-8 block text-lt_black hover:underline  text-16 lg:text-18 font-medium\" target=\"_blank\" href=https:\/\/lundbergtech.com\/wp-content\/uploads\/2021\/11\/TrimCompactor-140.pdf title=\"TrimCompactor 140\">TrimCompactor 140<span class=\"absolute right-0 mr-3 -top-1\">\n<svg width=\"32\" height=\"32\" viewBox=\"0 0 32 32\" fill=\"none\" xmlns=\"http:\/\/www.w3.org\/2000\/svg\">\n<title>Arrow<\/title>\n<path d=\"M13.3529 21.2941L19.5294 16L13.3529 10.7059M31 16C31 24.2843 24.2843 31 16 31C7.71573 31 1 24.2843 1 16C1 7.71573 7.71573 1 16 1C24.2843 1 31 7.71573 31 16Z\" stroke=\"#181818\" stroke-width=\"2\"\/>\n<\/svg>\n<\/span><\/a><\/li><li class=\"m-download-list__item py-4 last:border-0 relative\"><a class=\"m-download-list__link pl-8 block text-lt_black hover:underline  text-16 lg:text-18 font-medium\" target=\"_blank\" href=https:\/\/lundbergtech.com\/wp-content\/uploads\/2025\/11\/All-in-one-Units-2025-24.pdf title=\"All-in-one Units\">All-in-one Units<span class=\"absolute right-0 mr-3 -top-1\">\n<svg width=\"32\" height=\"32\" viewBox=\"0 0 32 32\" fill=\"none\" xmlns=\"http:\/\/www.w3.org\/2000\/svg\">\n<title>Arrow<\/title>\n<path d=\"M13.3529 21.2941L19.5294 16L13.3529 10.7059M31 16C31 24.2843 24.2843 31 16 31C7.71573 31 1 24.2843 1 16C1 7.71573 7.71573 1 16 1C24.2843 1 31 7.71573 31 16Z\" stroke=\"#181818\" stroke-width=\"2\"\/>\n<\/svg>\n<\/span><\/a><\/li>\n            <\/ul>\n        <\/div>\n\n    <\/div>\n<\/div>[\/vc_column][\/vc_row][vc_row full_width=&#8221;stretch_row_content_no_spaces&#8221;][vc_column]<div class=\"m-case-study-carousel relative py-14 pb-32 md:pt-24 md:pb-36 lg:pt-36 lg:pb-32\">\n    <div class=\"container md:mx-auto px-3 pb-8 lg:max-w-4xl xl:max-w-6xl lg:relative \">\n\n        <h2 class=\"text-left md:pb-0 leading-8 md:text-32 md:leading-8 lg:text-36 lg:leading-10 xl:leading-11 xl:text-42 md:border-t md:border-lt_grey md:pt-4\">\n        <span class=\"text-lt_blue font-heading font-medium\">Recent<\/span>\n        <span class=\"text-lt_green font-heading block font-medium \">Case Studies <\/span><\/h2>\n\n        <div class=\"c-slider__arrows c-slider--casestudy__arrows w-32 h-10 mx-auto z-20 absolute left-0 right-0 text-center md:ml-0 md:text-left md:z-50 md:w-24\"><\/div>\n\n        <div class=\"md:overflow-hidden md:mt-1 md:pb-12 lg:pb-14 xl:pb-18 js-case-study-selector-carousel z-20\">\n            <div class=\"\">\n    <div class=\"md:flex md:h-400 xl:h-576\">\n\n        <div class=\"md:w-6\/12 xl:w-7\/12 xl:pr-3\">\n                        <div class=\"w-full h-64  lg:h-full relative overflow-hidden bg-top bg-no-repeat bg-cover\" style=\"background-image:url('https:\/\/lundbergtech.com\/wp-content\/uploads\/2021\/11\/TQL-Greg-Swindle-742x583.jpg');\"><\/div>\n                    <\/div>\n\n\n        <div class=\"md:w-5\/12 md:ml-7  md:relative\">\n            <div class=\"p-5 md:px-8 mb-5 md:pb-7 lg:pb-12 lg:px-10 relative z-10 text-left bg-white  md:absolute md:drop-shadow-md xl:drop-shadow-xl md:filter md:m-0  md:w-full  md:right-0 md:top-52 lg:top-60 md:h-auto xl:ml-12 \">\n\n                    <a class=\"block u-a-nostyle mt-1 pt-3 md:pt-3  md:pl-0 lg:pt-4 xl:pt-5 md:hover:underline\" href=https:\/\/lundbergtech.com\/case-studies\/tql-packaging-solutions-waste-size-reduction\/ title=\"TQL Packaging Solutions \u2013 Waste Size Reduction\">\n                    <h3 class=\"leading-snug text-20  text-lt_blue md:leading-tight lg:text-20 xl:text-28 md:mb-0 font-bold \">TQL Packaging Solutions \u2013 Waste Size Reduction<\/h3>\n                    <\/a>\t\n                   \n                                        <a class=\"c-button--arrow-link\" href=https:\/\/lundbergtech.com\/case-studies\/tql-packaging-solutions-waste-size-reduction\/ title=\"TQL Packaging Solutions \u2013 Waste Size Reduction\">Read case study<\/a>\t\n                <\/div>\n           <\/div>\n\n\n\n\n\n    <\/div>\n\n<\/div>\n<div class=\"\">\n    <div class=\"md:flex md:h-400 xl:h-576\">\n\n        <div class=\"md:w-6\/12 xl:w-7\/12 xl:pr-3\">\n                        <div class=\"w-full h-64  lg:h-full relative overflow-hidden bg-top bg-no-repeat bg-cover\" style=\"background-image:url('https:\/\/lundbergtech.com\/wp-content\/uploads\/2021\/11\/Navistar-Direct-Marketing-20200601_110440_resized-742x583.jpg');\"><\/div>\n                    <\/div>\n\n\n        <div class=\"md:w-5\/12 md:ml-7  md:relative\">\n            <div class=\"p-5 md:px-8 mb-5 md:pb-7 lg:pb-12 lg:px-10 relative z-10 text-left bg-white  md:absolute md:drop-shadow-md xl:drop-shadow-xl md:filter md:m-0  md:w-full  md:right-0 md:top-52 lg:top-60 md:h-auto xl:ml-12 \">\n\n                    <a class=\"block u-a-nostyle mt-1 pt-3 md:pt-3  md:pl-0 lg:pt-4 xl:pt-5 md:hover:underline\" href=https:\/\/lundbergtech.com\/case-studies\/navistar-direct-marketing-printing\/ title=\"Navistar Direct Marketing \u2013 Printing\">\n                    <h3 class=\"leading-snug text-20  text-lt_blue md:leading-tight lg:text-20 xl:text-28 md:mb-0 font-bold \">Navistar Direct Marketing \u2013 Printing<\/h3>\n                    <\/a>\t\n                   \n                                        <a class=\"c-button--arrow-link\" href=https:\/\/lundbergtech.com\/case-studies\/navistar-direct-marketing-printing\/ title=\"Navistar Direct Marketing \u2013 Printing\">Read case study<\/a>\t\n                <\/div>\n           <\/div>\n\n\n\n\n\n    <\/div>\n\n<\/div>\n\n        <\/div>\n         <div class=\"c-slider__dots c-slider--casestudy__dots  mx-auto z-20 absolute left-0 right-0 text-center\"><\/div>\n   \t<\/div>\n<\/div>\n\n<div class=\"m-spacer m-spacer-69daf431f2a5c\" data-id=\"69daf431f2a5c\" data-height=\"25\" data-height-mobile=\"\" data-height-tab=\"\" data-height-tab-portrait=\"\" style=\"clear:both;display:block;\"><\/div>\n\n\n\n[\/vc_column][\/vc_row]<\/p>\n<\/div>","protected":false},"excerpt":{"rendered":"<p>[vc_row full_width=&#8221;stretch_row&#8221; css=&#8221;.vc_custom_1636125480670{background-image: url(https:\/\/lundbergtech.com\/wp-content\/uploads\/2021\/05\/granulator-cutting-bg.jpg?id=161) !important;background-position: center !important;background-repeat: no-repeat !important;background-size: cover !important;}&#8221;][vc_column][vc_row_inner equal_height=&#8221;yes&#8221; content_placement=&#8221;middle&#8221;][vc_column_inner width=&#8221;1\/2&#8243;][vc_single_image image=&#8221;2252&#8243; img_size=&#8221;full&#8221; alignment=&#8221;center&#8221; style=&#8221;vc_box_shadow&#8221; css=&#8221;.vc_custom_1635431130645{padding-right: 20px !important;padding-left: 20px !important;}&#8221;][\/vc_column_inner][vc_column_inner width=&#8221;1\/2&#8243;][vc_column_text] TrimCompactor &#8211; die erste Wahl zur Kompaktierung von Randstreifenabf\u00e4llen Lundberg Tech\u2019s TrimCompactor vereint auf hervorragende Weise die F\u00e4higkeiten Abfall abzusaugen, zu zerkleinern, zu transportieren, zu sammeln und zu kompaktieren. Und das [&hellip;]<\/p>\n","protected":false},"author":3,"featured_media":2262,"parent":4115,"menu_order":0,"comment_status":"closed","ping_status":"closed","template":"","meta":{"_acf_changed":false,"inline_featured_image":false,"footnotes":""},"class_list":["post-4124","page","type-page","status-publish","has-post-thumbnail","hentry"],"acf":[],"yoast_head":"<!-- This site is optimized with the Yoast SEO plugin v27.1.1 - https:\/\/yoast.com\/product\/yoast-seo-wordpress\/ -->\n<title>TrimCompactor | Lundberg Tech | Kompaktierung Randstreifenabf\u00e4llen<\/title>\n<meta name=\"description\" content=\"Der TrimCompactor kann Material von einer oder mehreren Maschinen entsorgen | Nachhaltigkeit und Kreislaufwirtschaft | Abf\u00e4lle f\u00fcr Recyclingzwecke vorbereiten\" \/>\n<meta name=\"robots\" content=\"index, follow, max-snippet:-1, max-image-preview:large, max-video-preview:-1\" \/>\n<link rel=\"canonical\" href=\"https:\/\/lundbergtech.com\/de\/produkte\/trimcompactor\/\" \/>\n<meta property=\"og:locale\" content=\"de_DE\" \/>\n<meta property=\"og:type\" content=\"article\" \/>\n<meta property=\"og:title\" content=\"TrimCompactor | Lundberg Tech | Kompaktierung Randstreifenabf\u00e4llen\" \/>\n<meta property=\"og:description\" content=\"Der TrimCompactor kann Material von einer oder mehreren Maschinen entsorgen | Nachhaltigkeit und Kreislaufwirtschaft | Abf\u00e4lle f\u00fcr Recyclingzwecke vorbereiten\" \/>\n<meta property=\"og:url\" content=\"https:\/\/lundbergtech.com\/de\/produkte\/trimcompactor\/\" \/>\n<meta property=\"og:site_name\" content=\"Lundberg Tech\" \/>\n<meta property=\"article:publisher\" content=\"https:\/\/www.facebook.com\/lundbergtech\" \/>\n<meta property=\"article:modified_time\" content=\"2022-01-26T07:43:45+00:00\" \/>\n<meta property=\"og:image\" content=\"https:\/\/lundbergtech.com\/wp-content\/uploads\/2021\/10\/TrimCompactor-140.png\" \/>\n\t<meta property=\"og:image:width\" content=\"700\" \/>\n\t<meta property=\"og:image:height\" content=\"387\" \/>\n\t<meta property=\"og:image:type\" content=\"image\/png\" \/>\n<meta name=\"twitter:card\" content=\"summary_large_image\" \/>\n<meta name=\"twitter:site\" content=\"@lundbergtech\" \/>\n<meta name=\"twitter:label1\" content=\"Est. reading time\" \/>\n\t<meta name=\"twitter:data1\" content=\"2 minutes\" \/>\n<script type=\"application\/ld+json\" class=\"yoast-schema-graph\">{\"@context\":\"https:\/\/schema.org\",\"@graph\":[{\"@type\":\"WebPage\",\"@id\":\"https:\/\/lundbergtech.com\/de\/produkte\/trimcompactor\/\",\"url\":\"https:\/\/lundbergtech.com\/de\/produkte\/trimcompactor\/\",\"name\":\"TrimCompactor | Lundberg Tech | Kompaktierung Randstreifenabf\u00e4llen\",\"isPartOf\":{\"@id\":\"https:\/\/lundbergtech.com\/#website\"},\"primaryImageOfPage\":{\"@id\":\"https:\/\/lundbergtech.com\/de\/produkte\/trimcompactor\/#primaryimage\"},\"image\":{\"@id\":\"https:\/\/lundbergtech.com\/de\/produkte\/trimcompactor\/#primaryimage\"},\"thumbnailUrl\":\"https:\/\/lundbergtech.com\/wp-content\/uploads\/2021\/10\/TrimCompactor-140.png\",\"datePublished\":\"2021-10-12T13:37:15+00:00\",\"dateModified\":\"2022-01-26T07:43:45+00:00\",\"description\":\"Der TrimCompactor kann Material von einer oder mehreren Maschinen entsorgen | Nachhaltigkeit und Kreislaufwirtschaft | Abf\u00e4lle f\u00fcr Recyclingzwecke vorbereiten\",\"breadcrumb\":{\"@id\":\"https:\/\/lundbergtech.com\/de\/produkte\/trimcompactor\/#breadcrumb\"},\"inLanguage\":\"de-DE\",\"potentialAction\":[{\"@type\":\"ReadAction\",\"target\":[\"https:\/\/lundbergtech.com\/de\/produkte\/trimcompactor\/\"]}]},{\"@type\":\"ImageObject\",\"inLanguage\":\"de-DE\",\"@id\":\"https:\/\/lundbergtech.com\/de\/produkte\/trimcompactor\/#primaryimage\",\"url\":\"https:\/\/lundbergtech.com\/wp-content\/uploads\/2021\/10\/TrimCompactor-140.png\",\"contentUrl\":\"https:\/\/lundbergtech.com\/wp-content\/uploads\/2021\/10\/TrimCompactor-140.png\",\"width\":700,\"height\":387,\"caption\":\"Trim extraction system\"},{\"@type\":\"BreadcrumbList\",\"@id\":\"https:\/\/lundbergtech.com\/de\/produkte\/trimcompactor\/#breadcrumb\",\"itemListElement\":[{\"@type\":\"ListItem\",\"position\":1,\"name\":\"Produkte\",\"item\":\"https:\/\/lundbergtech.com\/de\/produkte\/\"},{\"@type\":\"ListItem\",\"position\":2,\"name\":\"TrimCompactor\"}]},{\"@type\":\"WebSite\",\"@id\":\"https:\/\/lundbergtech.com\/#website\",\"url\":\"https:\/\/lundbergtech.com\/\",\"name\":\"Lundberg Tech\",\"description\":\"Our waste handling keeps production going\",\"potentialAction\":[{\"@type\":\"SearchAction\",\"target\":{\"@type\":\"EntryPoint\",\"urlTemplate\":\"https:\/\/lundbergtech.com\/?s={search_term_string}\"},\"query-input\":{\"@type\":\"PropertyValueSpecification\",\"valueRequired\":true,\"valueName\":\"search_term_string\"}}],\"inLanguage\":\"de-DE\"}]}<\/script>\n<!-- \/ Yoast SEO plugin. -->","yoast_head_json":{"title":"TrimCompactor | Lundberg Tech | Kompaktierung Randstreifenabf\u00e4llen","description":"Der TrimCompactor kann Material von einer oder mehreren Maschinen entsorgen | Nachhaltigkeit und Kreislaufwirtschaft | Abf\u00e4lle f\u00fcr Recyclingzwecke vorbereiten","robots":{"index":"index","follow":"follow","max-snippet":"max-snippet:-1","max-image-preview":"max-image-preview:large","max-video-preview":"max-video-preview:-1"},"canonical":"https:\/\/lundbergtech.com\/de\/produkte\/trimcompactor\/","og_locale":"de_DE","og_type":"article","og_title":"TrimCompactor | Lundberg Tech | Kompaktierung Randstreifenabf\u00e4llen","og_description":"Der TrimCompactor kann Material von einer oder mehreren Maschinen entsorgen | Nachhaltigkeit und Kreislaufwirtschaft | Abf\u00e4lle f\u00fcr Recyclingzwecke vorbereiten","og_url":"https:\/\/lundbergtech.com\/de\/produkte\/trimcompactor\/","og_site_name":"Lundberg Tech","article_publisher":"https:\/\/www.facebook.com\/lundbergtech","article_modified_time":"2022-01-26T07:43:45+00:00","og_image":[{"width":700,"height":387,"url":"https:\/\/lundbergtech.com\/wp-content\/uploads\/2021\/10\/TrimCompactor-140.png","type":"image\/png"}],"twitter_card":"summary_large_image","twitter_site":"@lundbergtech","twitter_misc":{"Est. reading time":"2 minutes"},"schema":{"@context":"https:\/\/schema.org","@graph":[{"@type":"WebPage","@id":"https:\/\/lundbergtech.com\/de\/produkte\/trimcompactor\/","url":"https:\/\/lundbergtech.com\/de\/produkte\/trimcompactor\/","name":"TrimCompactor | Lundberg Tech | Kompaktierung Randstreifenabf\u00e4llen","isPartOf":{"@id":"https:\/\/lundbergtech.com\/#website"},"primaryImageOfPage":{"@id":"https:\/\/lundbergtech.com\/de\/produkte\/trimcompactor\/#primaryimage"},"image":{"@id":"https:\/\/lundbergtech.com\/de\/produkte\/trimcompactor\/#primaryimage"},"thumbnailUrl":"https:\/\/lundbergtech.com\/wp-content\/uploads\/2021\/10\/TrimCompactor-140.png","datePublished":"2021-10-12T13:37:15+00:00","dateModified":"2022-01-26T07:43:45+00:00","description":"Der TrimCompactor kann Material von einer oder mehreren Maschinen entsorgen | Nachhaltigkeit und Kreislaufwirtschaft | Abf\u00e4lle f\u00fcr Recyclingzwecke vorbereiten","breadcrumb":{"@id":"https:\/\/lundbergtech.com\/de\/produkte\/trimcompactor\/#breadcrumb"},"inLanguage":"de-DE","potentialAction":[{"@type":"ReadAction","target":["https:\/\/lundbergtech.com\/de\/produkte\/trimcompactor\/"]}]},{"@type":"ImageObject","inLanguage":"de-DE","@id":"https:\/\/lundbergtech.com\/de\/produkte\/trimcompactor\/#primaryimage","url":"https:\/\/lundbergtech.com\/wp-content\/uploads\/2021\/10\/TrimCompactor-140.png","contentUrl":"https:\/\/lundbergtech.com\/wp-content\/uploads\/2021\/10\/TrimCompactor-140.png","width":700,"height":387,"caption":"Trim extraction system"},{"@type":"BreadcrumbList","@id":"https:\/\/lundbergtech.com\/de\/produkte\/trimcompactor\/#breadcrumb","itemListElement":[{"@type":"ListItem","position":1,"name":"Produkte","item":"https:\/\/lundbergtech.com\/de\/produkte\/"},{"@type":"ListItem","position":2,"name":"TrimCompactor"}]},{"@type":"WebSite","@id":"https:\/\/lundbergtech.com\/#website","url":"https:\/\/lundbergtech.com\/","name":"Lundberg Tech","description":"Our waste handling keeps production going","potentialAction":[{"@type":"SearchAction","target":{"@type":"EntryPoint","urlTemplate":"https:\/\/lundbergtech.com\/?s={search_term_string}"},"query-input":{"@type":"PropertyValueSpecification","valueRequired":true,"valueName":"search_term_string"}}],"inLanguage":"de-DE"}]}},"_links":{"self":[{"href":"https:\/\/lundbergtech.com\/de\/wp-json\/wp\/v2\/pages\/4124","targetHints":{"allow":["GET"]}}],"collection":[{"href":"https:\/\/lundbergtech.com\/de\/wp-json\/wp\/v2\/pages"}],"about":[{"href":"https:\/\/lundbergtech.com\/de\/wp-json\/wp\/v2\/types\/page"}],"author":[{"embeddable":true,"href":"https:\/\/lundbergtech.com\/de\/wp-json\/wp\/v2\/users\/3"}],"replies":[{"embeddable":true,"href":"https:\/\/lundbergtech.com\/de\/wp-json\/wp\/v2\/comments?post=4124"}],"version-history":[{"count":8,"href":"https:\/\/lundbergtech.com\/de\/wp-json\/wp\/v2\/pages\/4124\/revisions"}],"predecessor-version":[{"id":4466,"href":"https:\/\/lundbergtech.com\/de\/wp-json\/wp\/v2\/pages\/4124\/revisions\/4466"}],"up":[{"embeddable":true,"href":"https:\/\/lundbergtech.com\/de\/wp-json\/wp\/v2\/pages\/4115"}],"wp:featuredmedia":[{"embeddable":true,"href":"https:\/\/lundbergtech.com\/de\/wp-json\/wp\/v2\/media\/2262"}],"wp:attachment":[{"href":"https:\/\/lundbergtech.com\/de\/wp-json\/wp\/v2\/media?parent=4124"}],"curies":[{"name":"wp","href":"https:\/\/api.w.org\/{rel}","templated":true}]}}