{"id":4128,"date":"2021-05-26T13:24:18","date_gmt":"2021-05-26T13:24:18","guid":{"rendered":"https:\/\/lundbergtech.com\/products\/wasteflex-unit-and-module\/"},"modified":"2022-09-13T10:52:45","modified_gmt":"2022-09-13T10:52:45","slug":"wasteflex-einheit-und-module","status":"publish","type":"page","link":"https:\/\/lundbergtech.com\/de\/produkte\/wasteflex-einheit-und-module\/","title":{"rendered":"WasteFlex-Einheit und Modul"},"content":{"rendered":"<div class=\"wpb-content-wrapper\"><p>[vc_row full_width=&#8221;stretch_row&#8221; css=&#8221;.vc_custom_1636126101526{background-image: url(https:\/\/lundbergtech.com\/wp-content\/uploads\/2021\/05\/granulator-cutting-bg.jpg?id=161) !important;background-position: center !important;background-repeat: no-repeat !important;background-size: cover !important;}&#8221;][vc_column]<div class=\"m-spacer m-spacer-69ee51aa9e84b\" data-id=\"69ee51aa9e84b\" data-height=\"80\" data-height-mobile=\"20\" data-height-tab=\"50\" data-height-tab-portrait=\"30\" style=\"clear:both;display:block;\"><\/div>\n\n\n\n[vc_row_inner equal_height=&#8221;yes&#8221; content_placement=&#8221;middle&#8221;][vc_column_inner width=&#8221;1\/2&#8243;][vc_single_image image=&#8221;1610&#8243; img_size=&#8221;full&#8221; alignment=&#8221;center&#8221; style=&#8221;vc_box_shadow&#8221; css=&#8221;.vc_custom_1635858180666{padding-right: 20px !important;padding-left: 20px !important;}&#8221;][\/vc_column_inner][vc_column_inner width=&#8221;1\/2&#8243;][vc_column_text]<\/p>\n<h2 class=\"text-white\"><span style=\"font-weight: 400; color: #ffffff;\">Spezielle Zuf\u00fchrung mit Einzugswalzenpaar und Granulator<\/span><\/h2>\n<p><span style=\"color: #ffffff;\"><span style=\"font-weight: 400;\">Die WasteFlex-Einheit ist eine von Lundberg Tech speziell entwickelte Kombination eines Feeders und eines <a style=\"color: #ffffff;\" href=https:\/\/lundbergtech.com\/de\/granulators-and-cutters\/>Granulator<\/a> und ist integriert in eine <\/span><a style=\"color: #ffffff;\" href=https:\/\/lundbergtech.com\/de\/all-in-one-units\/>All-in-one Einheit<\/a><span style=\"font-weight: 400;\">. Diese Einheit ist daf\u00fcr konzipiert gr\u00f6\u00dfere Abfallst\u00fccke zu handeln. Sie saugt diese ab und f\u00fchrt sie kontrolliert dem <\/span>Granulator<span style=\"font-weight: 400;\"> zu, ohne dass dieser dabei vom Material blockiert wird.\u00a0<\/span><span style=\"font-weight: 400;\">Der Lundberg Tech <\/span>Granulator <span style=\"font-weight: 400;\">zerkleinert Abfallmaterial effizient in kleine St\u00fccke. Das zerkleinerte Material wird dann mittels Vakuum in Abfalls\u00e4cke oder BigBags transportiert und dort aufgesammelt. <\/span><\/span><\/p>\n<p><span style=\"font-weight: 400; color: #ffffff;\">Typische Abf\u00e4lle f\u00fcr eine WasteFlex sind Materialien, die zum Einwickeln von Paletten, zum Verpacken von Gro\u00dfverpackungen oder zum Schutz von Oberfl\u00e4chen genutzt werden. Das Material ist normalerweise Papier, Plastik oder Textilmaterial.\u00a0<\/span>[\/vc_column_text][\/vc_column_inner][\/vc_row_inner]<div class=\"m-spacer m-spacer-69ee51aaa5041\" data-id=\"69ee51aaa5041\" data-height=\"80\" data-height-mobile=\"20\" data-height-tab=\"50\" data-height-tab-portrait=\"30\" style=\"clear:both;display:block;\"><\/div>\n\n\n\n[\/vc_column][\/vc_row][vc_row full_width=&#8221;stretch_row_content_no_spaces&#8221;][vc_column css=&#8221;.vc_custom_1623157973509{padding-top: 0px !important;padding-bottom: 0px !important;}&#8221;]<div class=\"m-benefits-carousel relative py-14 pb-8 md:pt-24 md:pb-6 lg:pt-36 lg:pb-12  image-right \">\n    <div class=\"container md:mx-auto px-3 pb-2 lg:max-w-4xl xl:max-w-6xl lg:relative \">\n\n        <h2 class=\"text-left md:pb-0 leading-8 md:text-32 md:w-4\/12 md:leading-8 lg:text-36 lg:leading-10 xl:leading-11 xl:text-42 md:border-t md:border-lt_grey md:pt-4\">\n        <span class=\"text-lt_blue font-heading font-medium\">Vorteile &amp; Features<\/span>\n        <span class=\"text-lt_green text-16 lg:text-18 leading-5 block font-semibold md:pt-2 \">Vorteile der WasteFlex-Einheit: <\/span><\/h2>\n\n        <div class=\"c-slider__arrows c-slider--benefits__arrows w-32 h-10 mx-auto z-20 absolute left-0 right-0 text-center md:ml-0 md:text-left md:z-50 md:w-24\"><\/div>\n\n        <div class=\"md:overflow-hidden md:mt-1 md:pb-12 lg:pb-14 xl:pb-18 js-benefits-carousel z-20 \">\n            <div class=\"\">\n    <div class=\"md:flex md:h-592\">\n\n        <div class=\"md:w-5\/12 md:ml-10 lg:w-6\/12 xl:w-6\/12 m-benefits-carousel__image-container md:mb-14\">\n                        <div class=\"w-full h-64 md:h-full relative overflow-hidden bg-top bg-no-repeat bg-cover\" style=\"background-image:url('https:\/\/lundbergtech.com\/wp-content\/uploads\/2021\/10\/Unwrapping1-626x583.jpg');\"><\/div>\n                    <\/div>\n\n\n        <div class=\"md:w-6\/12 m-benefits-carousel__content-container\">\n            <div class=\"z-10 text-left bg-white p-3 lg:ml-0 md:relative \">\n\n                <div class=\"m-benefits-carousel__content px-3 \">\n                    <\/p>\n<ul>\n<li style=\"font-weight: 400;\" aria-level=\"1\"><span style=\"font-weight: 400;\">Wesentliche Reduktion des Abfallvolumens\u00a0<\/span><\/li>\n<li style=\"font-weight: 400;\" aria-level=\"1\"><span style=\"font-weight: 400;\">Macht die Abfallbeseitigung f\u00fcr Ihre Mitarbeiter leicht, da der h\u00e4ndische Transport gr\u00f6\u00dferer Abfallst\u00fccke und Restmaterialien wegf\u00e4llt\u00a0<\/span><\/li>\n<li style=\"font-weight: 400;\" aria-level=\"1\"><span style=\"font-weight: 400;\">Kann an spezifische Abfallstoffe und Abfallformen angepasst werden<\/span><\/li>\n<\/ul>\n<p>\n                <\/div>\n\n                <\/div>\n           <\/div>\n\n\n\n\n\n    <\/div>\n\n<\/div>\n\n        <\/div>\n         <div class=\"c-slider__dots c-slider--benefits__dots  static h-4 mt-10 lg:mt-14 mx-auto z-20  left-0 right-0 text-center\"><\/div>\n   \t<\/div>\n<\/div>\n\n[\/vc_column][\/vc_row][vc_row full_width=&#8221;stretch_row&#8221;][vc_column]<div class=\"m-spacer m-spacer-69ee51aaa7e04\" data-id=\"69ee51aaa7e04\" data-height=\"80\" data-height-mobile=\"20\" data-height-tab=\"50\" data-height-tab-portrait=\"30\" style=\"clear:both;display:block;\"><\/div>\n\n\n\n[vc_row_inner equal_height=&#8221;yes&#8221; content_placement=&#8221;middle&#8221;][vc_column_inner width=&#8221;1\/2&#8243;][vc_single_image image=&#8221;2379&#8243; img_size=&#8221;full&#8221; alignment=&#8221;center&#8221; style=&#8221;vc_box_shadow&#8221; css=&#8221;.vc_custom_1635858688896{padding-right: 20px !important;padding-left: 20px !important;}&#8221;][\/vc_column_inner][vc_column_inner width=&#8221;1\/2&#8243;][vc_column_text]<span style=\"font-weight: 400;\">Die WasteFlex gibt es in zwei verschiedenen Gr\u00f6\u00dfen, abh\u00e4ngig von Abfallvolumen und Kapazit\u00e4t.\u00a0<\/span><\/p>\n<p>F\u00fcr die Wahl einer WasteFlex-Einheit als Teil Ihres Abfallentsorgungssystems stehen folgende Optionen zur Verf\u00fcgung:<\/p>\n<ul>\n<li>Lochsieb im <a href=https:\/\/lundbergtech.com\/de\/granulators-and-cutters\/>Granulator<\/a> mit unterschiedlich gro\u00dfen Lochdurchmessern, um die Schnittgr\u00f6\u00dfe des Abfalls zu reduzieren<\/li>\n<li>TubeBag System \u2013 Endlos-Schlauchs\u00e4cke f\u00fcr Dauerbetrieb. Sackwechsel im laufenden Betrieb<\/li>\n<li>F\u00fcllstandssensor f\u00fcr volle S\u00e4cke<\/li>\n<li>Antistatik-Einheit zur Eliminierung elektrostatischer Aufladung des abzusaugenden Materials<\/li>\n<li>Frequenzumrichter zum Einstellen der Saugleistung<\/li>\n<li>Andere Filtersysteme, wahlweise auch mit Automatischer Filteranlage mit Selbstreinigung<\/li>\n<li>Schneckenverdichter f\u00fcr die Abfallverdichtung, z. B. unseren <a href=https:\/\/lundbergtech.com\/de\/products\/wastecompactor\/>WasteCompactor<\/a><\/li>\n<\/ul>\n<p>&nbsp;<\/p>\n<p>Ein oder mehrere WasteFlex-Module bestehend aus einer Einzugswalze und einem Granulator k\u00f6nnen auch Teil eines Lundberg Tech <a href=https:\/\/lundbergtech.com\/de\/central-systems\/>Zentralsystems<\/a>\u00a0sein.<\/p>\n<p>Ohne Zweifel bilden die WasteFlex-Einheiten eine neue Generation von Modulen der Abfallbeseitigung f\u00fcr Abfallabsauganlagen, die aktuelle Themen wie Produktivit\u00e4t und Kreislaufwirtschaft durch Vorbereitung von Abf\u00e4llen f\u00fcrs Recycling, in den Fokus stellen.[\/vc_column_text][\/vc_column_inner][\/vc_row_inner][\/vc_column][\/vc_row][vc_row full_width=&#8221;stretch_row_content_no_spaces&#8221; disable_element=&#8221;yes&#8221;][vc_column]<div class=\"c-cta-banner py-6 px-6 md:py-10  \">\n\n    <div class=\"md:flex\">\n\n        <div class=\"mx-auto  md:flex md:flex-col md:w-1\/2 lg:w-6\/12 xl:w-8\/12 md:justify-center md:mx-0 xl:pl-6 md:pr-2\">\n            <h2 class=\"text-center md:text-left md:pb-0 leading-10\">\n            <span class=\"text-lt_blue text-20 md:text-24 lg:text-30 font-heading font-bold\">Want to find out<\/span>\n            <span class=\"text-white text-20 font-heading md:leading-6 lg:leading-8 block font-bold md:text-24 lg:text-30\">What the next step is?<\/span><\/h2>\n        <\/div>\n        <div class=\"text-center lg:max-w-xs md:ml-auto md:mr-0 md:w-1\/2  lg:w-5\/12 xl:w-4\/12\">\n            <a href=\/de\/kontaktieren-sie-us\/ class=\"c-button c-button--white block\">Ihre Online Anfrage<\/a>\n            <span class=\"block pt-5 \"><span class=\" text-lt_blue uppercase text-15\">oder Anruf <\/span>\n            \n                        \n                        <a class=\"text-lt_blue uppercase text-15\" href=tel: title=\"\"><\/a>\n\n                        <\/span>\n        <\/div>\n\n    <\/div>\n<\/div>\n[\/vc_column][\/vc_row][vc_row full_width=&#8221;stretch_row_content_no_spaces&#8221;][vc_column]<div class=\"m-download-list pb-6 pt-10 md:py-10  md:pb-10 lg:pb-20 lg:pt-20\">\n    <div class=\"container mx-auto xl:max-w-screen-xl \">\n        <div class=\" md:pr-6 lg:pr-8\">\n            <h2 class=\"text-lt_blue text-20 leading-normal md:text-24 md:leading-7 lg:text-28 md:pb-10\">Download more information<\/h2>\n         <\/div>\n\n\n        <div class=\"\">\n            <ul  class=\"pb-4 md:grid md:grid-cols-2 md:gap-x-8 lg:gap-x-16 xl:gap-x-28\">\n            <li class=\"m-download-list__item py-4 last:border-0 relative\"><a class=\"m-download-list__link pl-8 block text-lt_black hover:underline  text-16 lg:text-18 font-medium\" target=\"_blank\" href=https:\/\/lundbergtech.com\/wp-content\/uploads\/2021\/11\/WasteFlex-Explanation-2021feb.pdf title=\"WasteFlex\">WasteFlex<span class=\"absolute right-0 mr-3 -top-1\">\n<svg width=\"32\" height=\"32\" viewBox=\"0 0 32 32\" fill=\"none\" xmlns=\"http:\/\/www.w3.org\/2000\/svg\">\n<title>Arrow<\/title>\n<path d=\"M13.3529 21.2941L19.5294 16L13.3529 10.7059M31 16C31 24.2843 24.2843 31 16 31C7.71573 31 1 24.2843 1 16C1 7.71573 7.71573 1 16 1C24.2843 1 31 7.71573 31 16Z\" stroke=\"#181818\" stroke-width=\"2\"\/>\n<\/svg>\n<\/span><\/a><\/li><li class=\"m-download-list__item py-4 last:border-0 relative\"><a class=\"m-download-list__link pl-8 block text-lt_black hover:underline  text-16 lg:text-18 font-medium\" target=\"_blank\" href=https:\/\/lundbergtech.com\/wp-content\/uploads\/2025\/11\/All-in-one-Units-2025-24.pdf title=\"All-in-one Units\">All-in-one Units<span class=\"absolute right-0 mr-3 -top-1\">\n<svg width=\"32\" height=\"32\" viewBox=\"0 0 32 32\" fill=\"none\" xmlns=\"http:\/\/www.w3.org\/2000\/svg\">\n<title>Arrow<\/title>\n<path d=\"M13.3529 21.2941L19.5294 16L13.3529 10.7059M31 16C31 24.2843 24.2843 31 16 31C7.71573 31 1 24.2843 1 16C1 7.71573 7.71573 1 16 1C24.2843 1 31 7.71573 31 16Z\" stroke=\"#181818\" stroke-width=\"2\"\/>\n<\/svg>\n<\/span><\/a><\/li>\n            <\/ul>\n        <\/div>\n\n    <\/div>\n<\/div><div class=\"m-spacer m-spacer-69ee51aaae2ed\" data-id=\"69ee51aaae2ed\" data-height=\"25\" data-height-mobile=\"0\" data-height-tab=\"\" data-height-tab-portrait=\"0\" style=\"clear:both;display:block;\"><\/div>\n\n\n\n[\/vc_column][\/vc_row][vc_row full_width=&#8221;stretch_row_content_no_spaces&#8221; disable_element=&#8221;yes&#8221;][vc_column]<div class=\"m-case-study-carousel relative py-14 pb-32 md:pt-24 md:pb-36 lg:pt-36 lg:pb-32\">\n    <div class=\"container md:mx-auto px-3 pb-8 lg:max-w-4xl xl:max-w-6xl lg:relative \">\n\n        <h2 class=\"text-left md:pb-0 leading-8 md:text-32 md:leading-8 lg:text-36 lg:leading-10 xl:leading-11 xl:text-42 md:border-t md:border-lt_grey md:pt-4\">\n        <span class=\"text-lt_blue font-heading font-medium\">Recent<\/span>\n        <span class=\"text-lt_green font-heading block font-medium \">Case Studies <\/span><\/h2>\n\n        <div class=\"c-slider__arrows c-slider--casestudy__arrows w-32 h-10 mx-auto z-20 absolute left-0 right-0 text-center md:ml-0 md:text-left md:z-50 md:w-24\"><\/div>\n\n        <div class=\"md:overflow-hidden md:mt-1 md:pb-12 lg:pb-14 xl:pb-18 js-case-study-selector-carousel z-20\">\n            <div class=\"\">\n    <div class=\"md:flex md:h-400 xl:h-576\">\n\n        <div class=\"md:w-6\/12 xl:w-7\/12 xl:pr-3\">\n                    <\/div>\n\n\n        <div class=\"md:w-5\/12 md:ml-7  md:relative\">\n            <div class=\"p-5 md:px-8 mb-5 md:pb-7 lg:pb-12 lg:px-10 relative z-10 text-left bg-white  md:absolute md:drop-shadow-md xl:drop-shadow-xl md:filter md:m-0  md:w-full  md:right-0 md:top-52 lg:top-60 md:h-auto xl:ml-12 \">\n\n                    <a class=\"block u-a-nostyle mt-1 pt-3 md:pt-3  md:pl-0 lg:pt-4 xl:pt-5 md:hover:underline\" href=\"\" title=\"\">\n                    <h3 class=\"leading-snug text-20  text-lt_blue md:leading-tight lg:text-20 xl:text-28 md:mb-0 font-bold \"><\/h3>\n                    <\/a>\t\n                   \n                                        <a class=\"c-button--arrow-link\" href=\"\" title=\"\">Read case study<\/a>\t\n                <\/div>\n           <\/div>\n\n\n\n\n\n    <\/div>\n\n<\/div>\n<div class=\"\">\n    <div class=\"md:flex md:h-400 xl:h-576\">\n\n        <div class=\"md:w-6\/12 xl:w-7\/12 xl:pr-3\">\n                    <\/div>\n\n\n        <div class=\"md:w-5\/12 md:ml-7  md:relative\">\n            <div class=\"p-5 md:px-8 mb-5 md:pb-7 lg:pb-12 lg:px-10 relative z-10 text-left bg-white  md:absolute md:drop-shadow-md xl:drop-shadow-xl md:filter md:m-0  md:w-full  md:right-0 md:top-52 lg:top-60 md:h-auto xl:ml-12 \">\n\n                    <a class=\"block u-a-nostyle mt-1 pt-3 md:pt-3  md:pl-0 lg:pt-4 xl:pt-5 md:hover:underline\" href=\"\" title=\"\">\n                    <h3 class=\"leading-snug text-20  text-lt_blue md:leading-tight lg:text-20 xl:text-28 md:mb-0 font-bold \"><\/h3>\n                    <\/a>\t\n                   \n                                        <a class=\"c-button--arrow-link\" href=\"\" title=\"\">Read case study<\/a>\t\n                <\/div>\n           <\/div>\n\n\n\n\n\n    <\/div>\n\n<\/div>\n\n        <\/div>\n         <div class=\"c-slider__dots c-slider--casestudy__dots  mx-auto z-20 absolute left-0 right-0 text-center\"><\/div>\n   \t<\/div>\n<\/div>\n\n<div class=\"m-spacer m-spacer-69ee51aab1506\" data-id=\"69ee51aab1506\" data-height=\"25\" data-height-mobile=\"0\" data-height-tab=\"\" data-height-tab-portrait=\"0\" style=\"clear:both;display:block;\"><\/div>\n\n\n\n[\/vc_column][\/vc_row]<\/p>\n<\/div>","protected":false},"excerpt":{"rendered":"<p>[vc_row full_width=&#8221;stretch_row&#8221; css=&#8221;.vc_custom_1636126101526{background-image: url(https:\/\/lundbergtech.com\/wp-content\/uploads\/2021\/05\/granulator-cutting-bg.jpg?id=161) !important;background-position: center !important;background-repeat: no-repeat !important;background-size: cover !important;}&#8221;][vc_column][vc_row_inner equal_height=&#8221;yes&#8221; content_placement=&#8221;middle&#8221;][vc_column_inner width=&#8221;1\/2&#8243;][vc_single_image image=&#8221;1610&#8243; img_size=&#8221;full&#8221; alignment=&#8221;center&#8221; style=&#8221;vc_box_shadow&#8221; css=&#8221;.vc_custom_1635858180666{padding-right: 20px !important;padding-left: 20px !important;}&#8221;][\/vc_column_inner][vc_column_inner width=&#8221;1\/2&#8243;][vc_column_text] Spezielle Zuf\u00fchrung mit Einzugswalzenpaar und Granulator Die WasteFlex-Einheit ist eine von Lundberg Tech speziell entwickelte Kombination eines Feeders und eines Granulator und ist integriert in eine All-in-one Einheit. Diese Einheit ist [&hellip;]<\/p>\n","protected":false},"author":1,"featured_media":2374,"parent":4115,"menu_order":0,"comment_status":"closed","ping_status":"closed","template":"","meta":{"_acf_changed":false,"inline_featured_image":false,"footnotes":""},"class_list":["post-4128","page","type-page","status-publish","has-post-thumbnail","hentry"],"acf":[],"yoast_head":"<!-- This site is optimized with the Yoast SEO plugin v27.1.1 - https:\/\/yoast.com\/product\/yoast-seo-wordpress\/ -->\n<title>WasteFlex | Lundberg Tech | Feeder und Granulator<\/title>\n<meta name=\"description\" content=\"WasteFlex ist eine speziell entwickelte Kombination eines Feeders und eines Granulator | kann gr\u00f6\u00dfere Abfallst\u00fccke handeln | zerkleinert Abfallmaterial\" \/>\n<meta name=\"robots\" content=\"index, follow, max-snippet:-1, max-image-preview:large, max-video-preview:-1\" \/>\n<link rel=\"canonical\" href=\"https:\/\/lundbergtech.com\/de\/produkte\/wasteflex-einheit-und-module\/\" \/>\n<meta property=\"og:locale\" content=\"de_DE\" \/>\n<meta property=\"og:type\" content=\"article\" \/>\n<meta property=\"og:title\" content=\"WasteFlex | Lundberg Tech | Feeder und Granulator\" \/>\n<meta property=\"og:description\" content=\"WasteFlex ist eine speziell entwickelte Kombination eines Feeders und eines Granulator | kann gr\u00f6\u00dfere Abfallst\u00fccke handeln | zerkleinert Abfallmaterial\" \/>\n<meta property=\"og:url\" content=\"https:\/\/lundbergtech.com\/de\/produkte\/wasteflex-einheit-und-module\/\" \/>\n<meta property=\"og:site_name\" content=\"Lundberg Tech\" \/>\n<meta property=\"article:publisher\" content=\"https:\/\/www.facebook.com\/lundbergtech\" \/>\n<meta property=\"article:modified_time\" content=\"2022-09-13T10:52:45+00:00\" \/>\n<meta property=\"og:image\" content=\"https:\/\/lundbergtech.com\/wp-content\/uploads\/2021\/11\/WasteFlex-module-1.jpg\" \/>\n\t<meta property=\"og:image:width\" content=\"742\" \/>\n\t<meta property=\"og:image:height\" content=\"380\" \/>\n\t<meta property=\"og:image:type\" content=\"image\/jpeg\" \/>\n<meta name=\"twitter:card\" content=\"summary_large_image\" \/>\n<meta name=\"twitter:site\" content=\"@lundbergtech\" \/>\n<meta name=\"twitter:label1\" content=\"Est. reading time\" \/>\n\t<meta name=\"twitter:data1\" content=\"2 minutes\" \/>\n<script type=\"application\/ld+json\" class=\"yoast-schema-graph\">{\"@context\":\"https:\/\/schema.org\",\"@graph\":[{\"@type\":\"WebPage\",\"@id\":\"https:\/\/lundbergtech.com\/de\/produkte\/wasteflex-einheit-und-module\/\",\"url\":\"https:\/\/lundbergtech.com\/de\/produkte\/wasteflex-einheit-und-module\/\",\"name\":\"WasteFlex | Lundberg Tech | Feeder und Granulator\",\"isPartOf\":{\"@id\":\"https:\/\/lundbergtech.com\/#website\"},\"primaryImageOfPage\":{\"@id\":\"https:\/\/lundbergtech.com\/de\/produkte\/wasteflex-einheit-und-module\/#primaryimage\"},\"image\":{\"@id\":\"https:\/\/lundbergtech.com\/de\/produkte\/wasteflex-einheit-und-module\/#primaryimage\"},\"thumbnailUrl\":\"https:\/\/lundbergtech.com\/wp-content\/uploads\/2021\/11\/WasteFlex-module-1.jpg\",\"datePublished\":\"2021-05-26T13:24:18+00:00\",\"dateModified\":\"2022-09-13T10:52:45+00:00\",\"description\":\"WasteFlex ist eine speziell entwickelte Kombination eines Feeders und eines Granulator | kann gr\u00f6\u00dfere Abfallst\u00fccke handeln | zerkleinert Abfallmaterial\",\"breadcrumb\":{\"@id\":\"https:\/\/lundbergtech.com\/de\/produkte\/wasteflex-einheit-und-module\/#breadcrumb\"},\"inLanguage\":\"de-DE\",\"potentialAction\":[{\"@type\":\"ReadAction\",\"target\":[\"https:\/\/lundbergtech.com\/de\/produkte\/wasteflex-einheit-und-module\/\"]}]},{\"@type\":\"ImageObject\",\"inLanguage\":\"de-DE\",\"@id\":\"https:\/\/lundbergtech.com\/de\/produkte\/wasteflex-einheit-und-module\/#primaryimage\",\"url\":\"https:\/\/lundbergtech.com\/wp-content\/uploads\/2021\/11\/WasteFlex-module-1.jpg\",\"contentUrl\":\"https:\/\/lundbergtech.com\/wp-content\/uploads\/2021\/11\/WasteFlex-module-1.jpg\",\"width\":742,\"height\":380},{\"@type\":\"BreadcrumbList\",\"@id\":\"https:\/\/lundbergtech.com\/de\/produkte\/wasteflex-einheit-und-module\/#breadcrumb\",\"itemListElement\":[{\"@type\":\"ListItem\",\"position\":1,\"name\":\"Produkte\",\"item\":\"https:\/\/lundbergtech.com\/de\/produkte\/\"},{\"@type\":\"ListItem\",\"position\":2,\"name\":\"WasteFlex-Einheit und Modul\"}]},{\"@type\":\"WebSite\",\"@id\":\"https:\/\/lundbergtech.com\/#website\",\"url\":\"https:\/\/lundbergtech.com\/\",\"name\":\"Lundberg Tech\",\"description\":\"Our waste handling keeps production going\",\"potentialAction\":[{\"@type\":\"SearchAction\",\"target\":{\"@type\":\"EntryPoint\",\"urlTemplate\":\"https:\/\/lundbergtech.com\/?s={search_term_string}\"},\"query-input\":{\"@type\":\"PropertyValueSpecification\",\"valueRequired\":true,\"valueName\":\"search_term_string\"}}],\"inLanguage\":\"de-DE\"}]}<\/script>\n<!-- \/ Yoast SEO plugin. -->","yoast_head_json":{"title":"WasteFlex | Lundberg Tech | Feeder und Granulator","description":"WasteFlex ist eine speziell entwickelte Kombination eines Feeders und eines Granulator | kann gr\u00f6\u00dfere Abfallst\u00fccke handeln | zerkleinert Abfallmaterial","robots":{"index":"index","follow":"follow","max-snippet":"max-snippet:-1","max-image-preview":"max-image-preview:large","max-video-preview":"max-video-preview:-1"},"canonical":"https:\/\/lundbergtech.com\/de\/produkte\/wasteflex-einheit-und-module\/","og_locale":"de_DE","og_type":"article","og_title":"WasteFlex | Lundberg Tech | Feeder und Granulator","og_description":"WasteFlex ist eine speziell entwickelte Kombination eines Feeders und eines Granulator | kann gr\u00f6\u00dfere Abfallst\u00fccke handeln | zerkleinert Abfallmaterial","og_url":"https:\/\/lundbergtech.com\/de\/produkte\/wasteflex-einheit-und-module\/","og_site_name":"Lundberg Tech","article_publisher":"https:\/\/www.facebook.com\/lundbergtech","article_modified_time":"2022-09-13T10:52:45+00:00","og_image":[{"width":742,"height":380,"url":"https:\/\/lundbergtech.com\/wp-content\/uploads\/2021\/11\/WasteFlex-module-1.jpg","type":"image\/jpeg"}],"twitter_card":"summary_large_image","twitter_site":"@lundbergtech","twitter_misc":{"Est. reading time":"2 minutes"},"schema":{"@context":"https:\/\/schema.org","@graph":[{"@type":"WebPage","@id":"https:\/\/lundbergtech.com\/de\/produkte\/wasteflex-einheit-und-module\/","url":"https:\/\/lundbergtech.com\/de\/produkte\/wasteflex-einheit-und-module\/","name":"WasteFlex | Lundberg Tech | Feeder und Granulator","isPartOf":{"@id":"https:\/\/lundbergtech.com\/#website"},"primaryImageOfPage":{"@id":"https:\/\/lundbergtech.com\/de\/produkte\/wasteflex-einheit-und-module\/#primaryimage"},"image":{"@id":"https:\/\/lundbergtech.com\/de\/produkte\/wasteflex-einheit-und-module\/#primaryimage"},"thumbnailUrl":"https:\/\/lundbergtech.com\/wp-content\/uploads\/2021\/11\/WasteFlex-module-1.jpg","datePublished":"2021-05-26T13:24:18+00:00","dateModified":"2022-09-13T10:52:45+00:00","description":"WasteFlex ist eine speziell entwickelte Kombination eines Feeders und eines Granulator | kann gr\u00f6\u00dfere Abfallst\u00fccke handeln | zerkleinert Abfallmaterial","breadcrumb":{"@id":"https:\/\/lundbergtech.com\/de\/produkte\/wasteflex-einheit-und-module\/#breadcrumb"},"inLanguage":"de-DE","potentialAction":[{"@type":"ReadAction","target":["https:\/\/lundbergtech.com\/de\/produkte\/wasteflex-einheit-und-module\/"]}]},{"@type":"ImageObject","inLanguage":"de-DE","@id":"https:\/\/lundbergtech.com\/de\/produkte\/wasteflex-einheit-und-module\/#primaryimage","url":"https:\/\/lundbergtech.com\/wp-content\/uploads\/2021\/11\/WasteFlex-module-1.jpg","contentUrl":"https:\/\/lundbergtech.com\/wp-content\/uploads\/2021\/11\/WasteFlex-module-1.jpg","width":742,"height":380},{"@type":"BreadcrumbList","@id":"https:\/\/lundbergtech.com\/de\/produkte\/wasteflex-einheit-und-module\/#breadcrumb","itemListElement":[{"@type":"ListItem","position":1,"name":"Produkte","item":"https:\/\/lundbergtech.com\/de\/produkte\/"},{"@type":"ListItem","position":2,"name":"WasteFlex-Einheit und Modul"}]},{"@type":"WebSite","@id":"https:\/\/lundbergtech.com\/#website","url":"https:\/\/lundbergtech.com\/","name":"Lundberg Tech","description":"Our waste handling keeps production going","potentialAction":[{"@type":"SearchAction","target":{"@type":"EntryPoint","urlTemplate":"https:\/\/lundbergtech.com\/?s={search_term_string}"},"query-input":{"@type":"PropertyValueSpecification","valueRequired":true,"valueName":"search_term_string"}}],"inLanguage":"de-DE"}]}},"_links":{"self":[{"href":"https:\/\/lundbergtech.com\/de\/wp-json\/wp\/v2\/pages\/4128","targetHints":{"allow":["GET"]}}],"collection":[{"href":"https:\/\/lundbergtech.com\/de\/wp-json\/wp\/v2\/pages"}],"about":[{"href":"https:\/\/lundbergtech.com\/de\/wp-json\/wp\/v2\/types\/page"}],"author":[{"embeddable":true,"href":"https:\/\/lundbergtech.com\/de\/wp-json\/wp\/v2\/users\/1"}],"replies":[{"embeddable":true,"href":"https:\/\/lundbergtech.com\/de\/wp-json\/wp\/v2\/comments?post=4128"}],"version-history":[{"count":17,"href":"https:\/\/lundbergtech.com\/de\/wp-json\/wp\/v2\/pages\/4128\/revisions"}],"predecessor-version":[{"id":5949,"href":"https:\/\/lundbergtech.com\/de\/wp-json\/wp\/v2\/pages\/4128\/revisions\/5949"}],"up":[{"embeddable":true,"href":"https:\/\/lundbergtech.com\/de\/wp-json\/wp\/v2\/pages\/4115"}],"wp:featuredmedia":[{"embeddable":true,"href":"https:\/\/lundbergtech.com\/de\/wp-json\/wp\/v2\/media\/2374"}],"wp:attachment":[{"href":"https:\/\/lundbergtech.com\/de\/wp-json\/wp\/v2\/media?parent=4128"}],"curies":[{"name":"wp","href":"https:\/\/api.w.org\/{rel}","templated":true}]}}