{"id":4129,"date":"2021-05-26T13:23:56","date_gmt":"2021-05-26T13:23:56","guid":{"rendered":"https:\/\/lundbergtech.com\/products\/wastecompactor\/"},"modified":"2022-01-26T07:47:35","modified_gmt":"2022-01-26T07:47:35","slug":"wastecompactor","status":"publish","type":"page","link":"https:\/\/lundbergtech.com\/de\/produkte\/wastecompactor\/","title":{"rendered":"WasteCompactor"},"content":{"rendered":"<div class=\"wpb-content-wrapper\"><p>[vc_row full_width=&#8221;stretch_row&#8221; css=&#8221;.vc_custom_1636125879857{background-image: url(https:\/\/lundbergtech.com\/wp-content\/uploads\/2021\/05\/granulator-cutting-bg.jpg?id=161) !important;background-position: center !important;background-repeat: no-repeat !important;background-size: cover !important;}&#8221;][vc_column]<div class=\"m-spacer m-spacer-69ddf0bae98f4\" data-id=\"69ddf0bae98f4\" data-height=\"80\" data-height-mobile=\"20\" data-height-tab=\"50\" data-height-tab-portrait=\"30\" style=\"clear:both;display:block;\"><\/div>\n\n\n\n[vc_row_inner equal_height=&#8221;yes&#8221; content_placement=&#8221;middle&#8221;][vc_column_inner width=&#8221;1\/2&#8243;][vc_single_image image=&#8221;2348&#8243; img_size=&#8221;full&#8221; alignment=&#8221;center&#8221; style=&#8221;vc_box_shadow&#8221; css=&#8221;.vc_custom_1635856214348{padding-right: 20px !important;padding-left: 20px !important;}&#8221;][\/vc_column_inner][vc_column_inner width=&#8221;1\/2&#8243;][vc_column_text]<\/p>\n<h2 class=\"text-white\"><span style=\"font-weight: 400; color: #ffffff;\">Der Lundberg Tech WasteCompactor verdichtet Ihr Material\u00a0<\/span><\/h2>\n<p><span style=\"color: #ffffff;\"><span style=\"font-weight: 400;\">Unser WasteCompactor ist ein Schneckenverdichter, der sowohl mit unserer <\/span><a style=\"color: #ffffff;\" href=https:\/\/lundbergtech.com\/de\/all-in-one-units\/>All-in-one <\/a><span style=\"font-weight: 400;\">Serie der Kompaktabsauganlagen als auch mit unseren <a style=\"color: #ffffff;\" href=https:\/\/lundbergtech.com\/de\/central-systems\/>Zentralsystemen<\/a> arbeiten kann.<\/span><\/span><\/p>\n<p><span style=\"font-weight: 400; color: #ffffff;\">Der WasteCompactor stellt sicher, dass die abgesaugten und zerkleinerte Abf\u00e4lle entweder in Endlos-Schlauchs\u00e4cken zu kleinen Ballen oder Paketen verpresst oder direkt in einen Rollcontainer oder Ihren Abfallbeh\u00e4lter kompaktiert werden.\u00a0<\/span>[\/vc_column_text][\/vc_column_inner][\/vc_row_inner]<div class=\"m-spacer m-spacer-69ddf0baecee6\" data-id=\"69ddf0baecee6\" data-height=\"80\" data-height-mobile=\"20\" data-height-tab=\"50\" data-height-tab-portrait=\"30\" style=\"clear:both;display:block;\"><\/div>\n\n\n\n[\/vc_column][\/vc_row][vc_row full_width=&#8221;stretch_row_content_no_spaces&#8221;][vc_column css=&#8221;.vc_custom_1623157973509{padding-top: 0px !important;padding-bottom: 0px !important;}&#8221;]<div class=\"m-benefits-carousel relative py-14 pb-8 md:pt-24 md:pb-6 lg:pt-36 lg:pb-12  image-right \">\n    <div class=\"container md:mx-auto px-3 pb-2 lg:max-w-4xl xl:max-w-6xl lg:relative \">\n\n        <h2 class=\"text-left md:pb-0 leading-8 md:text-32 md:w-4\/12 md:leading-8 lg:text-36 lg:leading-10 xl:leading-11 xl:text-42 md:border-t md:border-lt_grey md:pt-4\">\n        <span class=\"text-lt_blue font-heading font-medium\">Vorteile &amp; Features<\/span>\n        <span class=\"text-lt_green text-16 lg:text-18 leading-5 block font-semibold md:pt-2 \">Beim Abbinden in Schlauch-S\u00e4cken, handelt es sich um Endloss\u00e4cke, um eine durchg\u00e4ngige nonstop Produktion sicherzustellen. Die Schlauch-S\u00e4cke erleichtern zudem den Transport des Materials zum Recycling oder zur Entsorgung. <\/span><\/h2>\n\n        <div class=\"c-slider__arrows c-slider--benefits__arrows w-32 h-10 mx-auto z-20 absolute left-0 right-0 text-center md:ml-0 md:text-left md:z-50 md:w-24\"><\/div>\n\n        <div class=\"md:overflow-hidden md:mt-1 md:pb-12 lg:pb-14 xl:pb-18 js-benefits-carousel z-20 \">\n            <div class=\"\">\n    <div class=\"md:flex md:h-592\">\n\n        <div class=\"md:w-5\/12 md:ml-10 lg:w-6\/12 xl:w-6\/12 m-benefits-carousel__image-container md:mb-14\">\n                        <div class=\"w-full h-64 md:h-full relative overflow-hidden bg-top bg-no-repeat bg-cover\" style=\"background-image:url('https:\/\/lundbergtech.com\/wp-content\/uploads\/2021\/11\/WasteCompactor750-01.jpg');\"><\/div>\n                    <\/div>\n\n\n        <div class=\"md:w-6\/12 m-benefits-carousel__content-container\">\n            <div class=\"z-10 text-left bg-white p-3 lg:ml-0 md:relative \">\n\n                <div class=\"m-benefits-carousel__content px-3 \">\n                    <\/p>\n<h3>Die gr\u00f6\u00dften Vorteile eines WasteCompactors sind:<\/h3>\n<ul>\n<li style=\"font-weight: 400;\" aria-level=\"1\"><span style=\"font-weight: 400;\">Effiziente Abfallverdichtung f\u00fcr leichteren Transport und Lagerung (normalerweise wird Abfall auf 10-20 % des Volumens im nicht verdichteten Zustand kompaktiert)\u00a0<\/span><\/li>\n<li style=\"font-weight: 400;\" aria-level=\"1\"><span style=\"font-weight: 400;\">Endlosschlauchsystem \u2013 zerkleinertes Material und St\u00e4ube sind dicht verpackt (sehr sauber)\u00a0<\/span><\/li>\n<li style=\"font-weight: 400;\" aria-level=\"1\"><span style=\"font-weight: 400;\">Leichte Bedienung und variable Ballenl\u00e4nge<\/span><\/li>\n<li style=\"font-weight: 400;\" aria-level=\"1\"><span style=\"font-weight: 400;\">Dauerbetrieb und non Stop 24\/7 Produktion\u00a0<\/span><\/li>\n<\/ul>\n<p>\n                <\/div>\n\n                <\/div>\n           <\/div>\n\n\n\n\n\n    <\/div>\n\n<\/div>\n\n        <\/div>\n         <div class=\"c-slider__dots c-slider--benefits__dots  static h-4 mt-10 lg:mt-14 mx-auto z-20  left-0 right-0 text-center\"><\/div>\n   \t<\/div>\n<\/div>\n\n[\/vc_column][\/vc_row][vc_row full_width=&#8221;stretch_row&#8221;][vc_column]<div class=\"m-spacer m-spacer-69ddf0baf0638\" data-id=\"69ddf0baf0638\" data-height=\"80\" data-height-mobile=\"20\" data-height-tab=\"50\" data-height-tab-portrait=\"30\" style=\"clear:both;display:block;\"><\/div>\n\n\n\n[vc_row_inner equal_height=&#8221;yes&#8221; content_placement=&#8221;middle&#8221;][vc_column_inner width=&#8221;1\/2&#8243;][vc_single_image image=&#8221;2496&#8243; img_size=&#8221;full&#8221; alignment=&#8221;center&#8221; style=&#8221;vc_box_shadow&#8221; css=&#8221;.vc_custom_1635947228000{padding-right: 20px !important;padding-left: 20px !important;}&#8221;][\/vc_column_inner][vc_column_inner width=&#8221;1\/2&#8243;][vc_column_text]<\/p>\n<h2>Was ist ein WasteCompactor?<\/h2>\n<p><span style=\"font-weight: 400;\">Der WasteCompactor kann direkt als Add-on zu unseren <a href=https:\/\/lundbergtech.com\/de\/all-in-one-units\/>All-in-one Einheiten<\/a>\u00a0genutzt werden. Der WasteCompactor kann aber ebenso Teil eines <a href=https:\/\/lundbergtech.com\/de\/central-systems\/>Zentralsystems<\/a> sein. Der WasteCompactor kann dort eingesetzt werden, wo Abfall nach verschiedenen Materialien vereinzelt und verdichtet werden muss.\u00a0<\/span><\/p>\n<p><span style=\"font-weight: 400;\">Der WasteCompactor ist in verschiedenen Gr\u00f6\u00dfen verf\u00fcgbar:<\/span><\/p>\n<ol>\n<li>WasteCompactor 80<\/li>\n<li>WasteCompactor 250<\/li>\n<li>WasteCompactor 750<\/li>\n<li>WasteCompactor 1500<\/li>\n<\/ol>\n<p>Die Zahl gibt die Kapazit\u00e4t und Durchsatzleistung des Ger\u00e4ts in Kilogramm pro Stunde wieder.<\/p>\n<p>Die WasteCompactor Serie kann zur Verdichtung eines breiten Spektrums an Materialien genutzt werden, so z. B. f\u00fcr Papier, Plastik, Gummi, Textil, Non-woven, Folie, selbstklebendes Material, Release-liner, etc. Vor allem bei sehr leichtem Material mit geringem Sch\u00fcttgewicht oder selbstklebenden Matreialien bietet sich eine Kompaktierung besonders an.<\/p>\n<p>Kontaktieren Sie uns gern jederzeit, wenn Sie mehr \u00fcber die WasteCompactor Serie und ihre Vorz\u00fcge f\u00fcr Ihre Abfallbehandlungsanwendung wissen m\u00f6chten![\/vc_column_text][\/vc_column_inner][\/vc_row_inner][\/vc_column][\/vc_row][vc_row full_width=&#8221;stretch_row_content_no_spaces&#8221; disable_element=&#8221;yes&#8221;][vc_column]<div class=\"c-cta-banner py-6 px-6 md:py-10  \">\n\n    <div class=\"md:flex\">\n\n        <div class=\"mx-auto  md:flex md:flex-col md:w-1\/2 lg:w-6\/12 xl:w-8\/12 md:justify-center md:mx-0 xl:pl-6 md:pr-2\">\n            <h2 class=\"text-center md:text-left md:pb-0 leading-10\">\n            <span class=\"text-lt_blue text-20 md:text-24 lg:text-30 font-heading font-bold\">Want to find out<\/span>\n            <span class=\"text-white text-20 font-heading md:leading-6 lg:leading-8 block font-bold md:text-24 lg:text-30\">What the next step is?<\/span><\/h2>\n        <\/div>\n        <div class=\"text-center lg:max-w-xs md:ml-auto md:mr-0 md:w-1\/2  lg:w-5\/12 xl:w-4\/12\">\n            <a href=\/de\/kontaktieren-sie-us\/ class=\"c-button c-button--white block\">Ihre Online Anfrage<\/a>\n            <span class=\"block pt-5 \"><span class=\" text-lt_blue uppercase text-15\">oder Anruf <\/span>\n            \n                        \n                        <a class=\"text-lt_blue uppercase text-15\" href=tel: title=\"\"><\/a>\n\n                        <\/span>\n        <\/div>\n\n    <\/div>\n<\/div>\n[\/vc_column][\/vc_row][vc_row full_width=&#8221;stretch_row_content_no_spaces&#8221;][vc_column]<div class=\"m-download-list pb-6 pt-10 md:py-10  md:pb-10 lg:pb-20 lg:pt-20\">\n    <div class=\"container mx-auto xl:max-w-screen-xl \">\n        <div class=\" md:pr-6 lg:pr-8\">\n            <h2 class=\"text-lt_blue text-20 leading-normal md:text-24 md:leading-7 lg:text-28 md:pb-10\">Download more information<\/h2>\n         <\/div>\n\n\n        <div class=\"\">\n            <ul  class=\"pb-4 md:grid md:grid-cols-2 md:gap-x-8 lg:gap-x-16 xl:gap-x-28\">\n            <li class=\"m-download-list__item py-4 last:border-0 relative\"><a class=\"m-download-list__link pl-8 block text-lt_black hover:underline  text-16 lg:text-18 font-medium\" target=\"_blank\" href=https:\/\/lundbergtech.com\/wp-content\/uploads\/2021\/11\/WasteCompactor-1.pdf title=\"WasteCompactor\">WasteCompactor<span class=\"absolute right-0 mr-3 -top-1\">\n<svg width=\"32\" height=\"32\" viewBox=\"0 0 32 32\" fill=\"none\" xmlns=\"http:\/\/www.w3.org\/2000\/svg\">\n<title>Arrow<\/title>\n<path d=\"M13.3529 21.2941L19.5294 16L13.3529 10.7059M31 16C31 24.2843 24.2843 31 16 31C7.71573 31 1 24.2843 1 16C1 7.71573 7.71573 1 16 1C24.2843 1 31 7.71573 31 16Z\" stroke=\"#181818\" stroke-width=\"2\"\/>\n<\/svg>\n<\/span><\/a><\/li><li class=\"m-download-list__item py-4 last:border-0 relative\"><a class=\"m-download-list__link pl-8 block text-lt_black hover:underline  text-16 lg:text-18 font-medium\" target=\"_blank\" href=https:\/\/lundbergtech.com\/wp-content\/uploads\/2025\/11\/All-in-one-Units-2025-24.pdf title=\"All-in-one Units\">All-in-one Units<span class=\"absolute right-0 mr-3 -top-1\">\n<svg width=\"32\" height=\"32\" viewBox=\"0 0 32 32\" fill=\"none\" xmlns=\"http:\/\/www.w3.org\/2000\/svg\">\n<title>Arrow<\/title>\n<path d=\"M13.3529 21.2941L19.5294 16L13.3529 10.7059M31 16C31 24.2843 24.2843 31 16 31C7.71573 31 1 24.2843 1 16C1 7.71573 7.71573 1 16 1C24.2843 1 31 7.71573 31 16Z\" stroke=\"#181818\" stroke-width=\"2\"\/>\n<\/svg>\n<\/span><\/a><\/li>\n            <\/ul>\n        <\/div>\n\n    <\/div>\n<\/div><div class=\"m-spacer m-spacer-69ddf0bb02846\" data-id=\"69ddf0bb02846\" data-height=\"25\" data-height-mobile=\"0\" data-height-tab=\"\" data-height-tab-portrait=\"0\" style=\"clear:both;display:block;\"><\/div>\n\n\n\n[\/vc_column][\/vc_row][vc_row full_width=&#8221;stretch_row_content_no_spaces&#8221; disable_element=&#8221;yes&#8221;][vc_column]<div class=\"m-case-study-carousel relative py-14 pb-32 md:pt-24 md:pb-36 lg:pt-36 lg:pb-32\">\n    <div class=\"container md:mx-auto px-3 pb-8 lg:max-w-4xl xl:max-w-6xl lg:relative \">\n\n        <h2 class=\"text-left md:pb-0 leading-8 md:text-32 md:leading-8 lg:text-36 lg:leading-10 xl:leading-11 xl:text-42 md:border-t md:border-lt_grey md:pt-4\">\n        <span class=\"text-lt_blue font-heading font-medium\">Recent<\/span>\n        <span class=\"text-lt_green font-heading block font-medium \">Case Studies <\/span><\/h2>\n\n        <div class=\"c-slider__arrows c-slider--casestudy__arrows w-32 h-10 mx-auto z-20 absolute left-0 right-0 text-center md:ml-0 md:text-left md:z-50 md:w-24\"><\/div>\n\n        <div class=\"md:overflow-hidden md:mt-1 md:pb-12 lg:pb-14 xl:pb-18 js-case-study-selector-carousel z-20\">\n            <div class=\"\">\n    <div class=\"md:flex md:h-400 xl:h-576\">\n\n        <div class=\"md:w-6\/12 xl:w-7\/12 xl:pr-3\">\n                    <\/div>\n\n\n        <div class=\"md:w-5\/12 md:ml-7  md:relative\">\n            <div class=\"p-5 md:px-8 mb-5 md:pb-7 lg:pb-12 lg:px-10 relative z-10 text-left bg-white  md:absolute md:drop-shadow-md xl:drop-shadow-xl md:filter md:m-0  md:w-full  md:right-0 md:top-52 lg:top-60 md:h-auto xl:ml-12 \">\n\n                    <a class=\"block u-a-nostyle mt-1 pt-3 md:pt-3  md:pl-0 lg:pt-4 xl:pt-5 md:hover:underline\" href=\"\" title=\"\">\n                    <h3 class=\"leading-snug text-20  text-lt_blue md:leading-tight lg:text-20 xl:text-28 md:mb-0 font-bold \"><\/h3>\n                    <\/a>\t\n                   \n                                        <a class=\"c-button--arrow-link\" href=\"\" title=\"\">Read case study<\/a>\t\n                <\/div>\n           <\/div>\n\n\n\n\n\n    <\/div>\n\n<\/div>\n<div class=\"\">\n    <div class=\"md:flex md:h-400 xl:h-576\">\n\n        <div class=\"md:w-6\/12 xl:w-7\/12 xl:pr-3\">\n                    <\/div>\n\n\n        <div class=\"md:w-5\/12 md:ml-7  md:relative\">\n            <div class=\"p-5 md:px-8 mb-5 md:pb-7 lg:pb-12 lg:px-10 relative z-10 text-left bg-white  md:absolute md:drop-shadow-md xl:drop-shadow-xl md:filter md:m-0  md:w-full  md:right-0 md:top-52 lg:top-60 md:h-auto xl:ml-12 \">\n\n                    <a class=\"block u-a-nostyle mt-1 pt-3 md:pt-3  md:pl-0 lg:pt-4 xl:pt-5 md:hover:underline\" href=\"\" title=\"\">\n                    <h3 class=\"leading-snug text-20  text-lt_blue md:leading-tight lg:text-20 xl:text-28 md:mb-0 font-bold \"><\/h3>\n                    <\/a>\t\n                   \n                                        <a class=\"c-button--arrow-link\" href=\"\" title=\"\">Read case study<\/a>\t\n                <\/div>\n           <\/div>\n\n\n\n\n\n    <\/div>\n\n<\/div>\n\n        <\/div>\n         <div class=\"c-slider__dots c-slider--casestudy__dots  mx-auto z-20 absolute left-0 right-0 text-center\"><\/div>\n   \t<\/div>\n<\/div>\n\n<div class=\"m-spacer m-spacer-69ddf0bb0599e\" data-id=\"69ddf0bb0599e\" data-height=\"25\" data-height-mobile=\"0\" data-height-tab=\"\" data-height-tab-portrait=\"0\" style=\"clear:both;display:block;\"><\/div>\n\n\n\n[\/vc_column][\/vc_row]<\/p>\n<\/div>","protected":false},"excerpt":{"rendered":"<p>[vc_row full_width=&#8221;stretch_row&#8221; css=&#8221;.vc_custom_1636125879857{background-image: url(https:\/\/lundbergtech.com\/wp-content\/uploads\/2021\/05\/granulator-cutting-bg.jpg?id=161) !important;background-position: center !important;background-repeat: no-repeat !important;background-size: cover !important;}&#8221;][vc_column][vc_row_inner equal_height=&#8221;yes&#8221; content_placement=&#8221;middle&#8221;][vc_column_inner width=&#8221;1\/2&#8243;][vc_single_image image=&#8221;2348&#8243; img_size=&#8221;full&#8221; alignment=&#8221;center&#8221; style=&#8221;vc_box_shadow&#8221; css=&#8221;.vc_custom_1635856214348{padding-right: 20px !important;padding-left: 20px !important;}&#8221;][\/vc_column_inner][vc_column_inner width=&#8221;1\/2&#8243;][vc_column_text] Der Lundberg Tech WasteCompactor verdichtet Ihr Material\u00a0 Unser WasteCompactor ist ein Schneckenverdichter, der sowohl mit unserer All-in-one Serie der Kompaktabsauganlagen als auch mit unseren Zentralsystemen arbeiten kann. Der WasteCompactor stellt sicher, [&hellip;]<\/p>\n","protected":false},"author":1,"featured_media":2342,"parent":4115,"menu_order":0,"comment_status":"closed","ping_status":"closed","template":"","meta":{"_acf_changed":false,"inline_featured_image":false,"footnotes":""},"class_list":["post-4129","page","type-page","status-publish","has-post-thumbnail","hentry"],"acf":[],"yoast_head":"<!-- This site is optimized with the Yoast SEO plugin v27.1.1 - https:\/\/yoast.com\/product\/yoast-seo-wordpress\/ -->\n<title>WasteCompactor | Lundberg Tech | Schneckenverdichter<\/title>\n<meta name=\"description\" content=\"Schneckenverdichter | kann mit unserer All-in-one Serie der Kompaktabsauganlagen und mit unseren Zentralsystemen arbeiten | Abf\u00e4lle absaugen und zerkleinern\" \/>\n<meta name=\"robots\" content=\"index, follow, max-snippet:-1, max-image-preview:large, max-video-preview:-1\" \/>\n<link rel=\"canonical\" href=\"https:\/\/lundbergtech.com\/de\/produkte\/wastecompactor\/\" \/>\n<meta property=\"og:locale\" content=\"de_DE\" \/>\n<meta property=\"og:type\" content=\"article\" \/>\n<meta property=\"og:title\" content=\"WasteCompactor | Lundberg Tech | Schneckenverdichter\" \/>\n<meta property=\"og:description\" content=\"Schneckenverdichter | kann mit unserer All-in-one Serie der Kompaktabsauganlagen und mit unseren Zentralsystemen arbeiten | Abf\u00e4lle absaugen und zerkleinern\" \/>\n<meta property=\"og:url\" content=\"https:\/\/lundbergtech.com\/de\/produkte\/wastecompactor\/\" \/>\n<meta property=\"og:site_name\" content=\"Lundberg Tech\" \/>\n<meta property=\"article:publisher\" content=\"https:\/\/www.facebook.com\/lundbergtech\" \/>\n<meta property=\"article:modified_time\" content=\"2022-01-26T07:47:35+00:00\" \/>\n<meta property=\"og:image\" content=\"https:\/\/lundbergtech.com\/wp-content\/uploads\/2021\/11\/WasteCompactor-750-01-2.jpg\" \/>\n\t<meta property=\"og:image:width\" content=\"1957\" \/>\n\t<meta property=\"og:image:height\" content=\"920\" \/>\n\t<meta property=\"og:image:type\" content=\"image\/jpeg\" \/>\n<meta name=\"twitter:card\" content=\"summary_large_image\" \/>\n<meta name=\"twitter:site\" content=\"@lundbergtech\" \/>\n<meta name=\"twitter:label1\" content=\"Est. reading time\" \/>\n\t<meta name=\"twitter:data1\" content=\"2 minutes\" \/>\n<script type=\"application\/ld+json\" class=\"yoast-schema-graph\">{\"@context\":\"https:\/\/schema.org\",\"@graph\":[{\"@type\":\"WebPage\",\"@id\":\"https:\/\/lundbergtech.com\/de\/produkte\/wastecompactor\/\",\"url\":\"https:\/\/lundbergtech.com\/de\/produkte\/wastecompactor\/\",\"name\":\"WasteCompactor | Lundberg Tech | Schneckenverdichter\",\"isPartOf\":{\"@id\":\"https:\/\/lundbergtech.com\/#website\"},\"primaryImageOfPage\":{\"@id\":\"https:\/\/lundbergtech.com\/de\/produkte\/wastecompactor\/#primaryimage\"},\"image\":{\"@id\":\"https:\/\/lundbergtech.com\/de\/produkte\/wastecompactor\/#primaryimage\"},\"thumbnailUrl\":\"https:\/\/lundbergtech.com\/wp-content\/uploads\/2021\/11\/WasteCompactor-750-01-2.jpg\",\"datePublished\":\"2021-05-26T13:23:56+00:00\",\"dateModified\":\"2022-01-26T07:47:35+00:00\",\"description\":\"Schneckenverdichter | kann mit unserer All-in-one Serie der Kompaktabsauganlagen und mit unseren Zentralsystemen arbeiten | Abf\u00e4lle absaugen und zerkleinern\",\"breadcrumb\":{\"@id\":\"https:\/\/lundbergtech.com\/de\/produkte\/wastecompactor\/#breadcrumb\"},\"inLanguage\":\"de-DE\",\"potentialAction\":[{\"@type\":\"ReadAction\",\"target\":[\"https:\/\/lundbergtech.com\/de\/produkte\/wastecompactor\/\"]}]},{\"@type\":\"ImageObject\",\"inLanguage\":\"de-DE\",\"@id\":\"https:\/\/lundbergtech.com\/de\/produkte\/wastecompactor\/#primaryimage\",\"url\":\"https:\/\/lundbergtech.com\/wp-content\/uploads\/2021\/11\/WasteCompactor-750-01-2.jpg\",\"contentUrl\":\"https:\/\/lundbergtech.com\/wp-content\/uploads\/2021\/11\/WasteCompactor-750-01-2.jpg\",\"width\":1957,\"height\":920},{\"@type\":\"BreadcrumbList\",\"@id\":\"https:\/\/lundbergtech.com\/de\/produkte\/wastecompactor\/#breadcrumb\",\"itemListElement\":[{\"@type\":\"ListItem\",\"position\":1,\"name\":\"Produkte\",\"item\":\"https:\/\/lundbergtech.com\/de\/produkte\/\"},{\"@type\":\"ListItem\",\"position\":2,\"name\":\"WasteCompactor\"}]},{\"@type\":\"WebSite\",\"@id\":\"https:\/\/lundbergtech.com\/#website\",\"url\":\"https:\/\/lundbergtech.com\/\",\"name\":\"Lundberg Tech\",\"description\":\"Our waste handling keeps production going\",\"potentialAction\":[{\"@type\":\"SearchAction\",\"target\":{\"@type\":\"EntryPoint\",\"urlTemplate\":\"https:\/\/lundbergtech.com\/?s={search_term_string}\"},\"query-input\":{\"@type\":\"PropertyValueSpecification\",\"valueRequired\":true,\"valueName\":\"search_term_string\"}}],\"inLanguage\":\"de-DE\"}]}<\/script>\n<!-- \/ Yoast SEO plugin. -->","yoast_head_json":{"title":"WasteCompactor | Lundberg Tech | Schneckenverdichter","description":"Schneckenverdichter | kann mit unserer All-in-one Serie der Kompaktabsauganlagen und mit unseren Zentralsystemen arbeiten | Abf\u00e4lle absaugen und zerkleinern","robots":{"index":"index","follow":"follow","max-snippet":"max-snippet:-1","max-image-preview":"max-image-preview:large","max-video-preview":"max-video-preview:-1"},"canonical":"https:\/\/lundbergtech.com\/de\/produkte\/wastecompactor\/","og_locale":"de_DE","og_type":"article","og_title":"WasteCompactor | Lundberg Tech | Schneckenverdichter","og_description":"Schneckenverdichter | kann mit unserer All-in-one Serie der Kompaktabsauganlagen und mit unseren Zentralsystemen arbeiten | Abf\u00e4lle absaugen und zerkleinern","og_url":"https:\/\/lundbergtech.com\/de\/produkte\/wastecompactor\/","og_site_name":"Lundberg Tech","article_publisher":"https:\/\/www.facebook.com\/lundbergtech","article_modified_time":"2022-01-26T07:47:35+00:00","og_image":[{"width":1957,"height":920,"url":"https:\/\/lundbergtech.com\/wp-content\/uploads\/2021\/11\/WasteCompactor-750-01-2.jpg","type":"image\/jpeg"}],"twitter_card":"summary_large_image","twitter_site":"@lundbergtech","twitter_misc":{"Est. reading time":"2 minutes"},"schema":{"@context":"https:\/\/schema.org","@graph":[{"@type":"WebPage","@id":"https:\/\/lundbergtech.com\/de\/produkte\/wastecompactor\/","url":"https:\/\/lundbergtech.com\/de\/produkte\/wastecompactor\/","name":"WasteCompactor | Lundberg Tech | Schneckenverdichter","isPartOf":{"@id":"https:\/\/lundbergtech.com\/#website"},"primaryImageOfPage":{"@id":"https:\/\/lundbergtech.com\/de\/produkte\/wastecompactor\/#primaryimage"},"image":{"@id":"https:\/\/lundbergtech.com\/de\/produkte\/wastecompactor\/#primaryimage"},"thumbnailUrl":"https:\/\/lundbergtech.com\/wp-content\/uploads\/2021\/11\/WasteCompactor-750-01-2.jpg","datePublished":"2021-05-26T13:23:56+00:00","dateModified":"2022-01-26T07:47:35+00:00","description":"Schneckenverdichter | kann mit unserer All-in-one Serie der Kompaktabsauganlagen und mit unseren Zentralsystemen arbeiten | Abf\u00e4lle absaugen und zerkleinern","breadcrumb":{"@id":"https:\/\/lundbergtech.com\/de\/produkte\/wastecompactor\/#breadcrumb"},"inLanguage":"de-DE","potentialAction":[{"@type":"ReadAction","target":["https:\/\/lundbergtech.com\/de\/produkte\/wastecompactor\/"]}]},{"@type":"ImageObject","inLanguage":"de-DE","@id":"https:\/\/lundbergtech.com\/de\/produkte\/wastecompactor\/#primaryimage","url":"https:\/\/lundbergtech.com\/wp-content\/uploads\/2021\/11\/WasteCompactor-750-01-2.jpg","contentUrl":"https:\/\/lundbergtech.com\/wp-content\/uploads\/2021\/11\/WasteCompactor-750-01-2.jpg","width":1957,"height":920},{"@type":"BreadcrumbList","@id":"https:\/\/lundbergtech.com\/de\/produkte\/wastecompactor\/#breadcrumb","itemListElement":[{"@type":"ListItem","position":1,"name":"Produkte","item":"https:\/\/lundbergtech.com\/de\/produkte\/"},{"@type":"ListItem","position":2,"name":"WasteCompactor"}]},{"@type":"WebSite","@id":"https:\/\/lundbergtech.com\/#website","url":"https:\/\/lundbergtech.com\/","name":"Lundberg Tech","description":"Our waste handling keeps production going","potentialAction":[{"@type":"SearchAction","target":{"@type":"EntryPoint","urlTemplate":"https:\/\/lundbergtech.com\/?s={search_term_string}"},"query-input":{"@type":"PropertyValueSpecification","valueRequired":true,"valueName":"search_term_string"}}],"inLanguage":"de-DE"}]}},"_links":{"self":[{"href":"https:\/\/lundbergtech.com\/de\/wp-json\/wp\/v2\/pages\/4129","targetHints":{"allow":["GET"]}}],"collection":[{"href":"https:\/\/lundbergtech.com\/de\/wp-json\/wp\/v2\/pages"}],"about":[{"href":"https:\/\/lundbergtech.com\/de\/wp-json\/wp\/v2\/types\/page"}],"author":[{"embeddable":true,"href":"https:\/\/lundbergtech.com\/de\/wp-json\/wp\/v2\/users\/1"}],"replies":[{"embeddable":true,"href":"https:\/\/lundbergtech.com\/de\/wp-json\/wp\/v2\/comments?post=4129"}],"version-history":[{"count":15,"href":"https:\/\/lundbergtech.com\/de\/wp-json\/wp\/v2\/pages\/4129\/revisions"}],"predecessor-version":[{"id":4468,"href":"https:\/\/lundbergtech.com\/de\/wp-json\/wp\/v2\/pages\/4129\/revisions\/4468"}],"up":[{"embeddable":true,"href":"https:\/\/lundbergtech.com\/de\/wp-json\/wp\/v2\/pages\/4115"}],"wp:featuredmedia":[{"embeddable":true,"href":"https:\/\/lundbergtech.com\/de\/wp-json\/wp\/v2\/media\/2342"}],"wp:attachment":[{"href":"https:\/\/lundbergtech.com\/de\/wp-json\/wp\/v2\/media?parent=4129"}],"curies":[{"name":"wp","href":"https:\/\/api.w.org\/{rel}","templated":true}]}}