{"id":4451,"date":"2021-10-14T08:32:02","date_gmt":"2021-10-14T08:32:02","guid":{"rendered":"https:\/\/lundbergtech.com\/sustainability-manifesto\/"},"modified":"2023-05-24T12:54:35","modified_gmt":"2023-05-24T12:54:35","slug":"nachhaltigkeitsmanifest","status":"publish","type":"page","link":"https:\/\/lundbergtech.com\/de\/nachhaltigkeitsmanifest\/","title":{"rendered":"Nachhaltigkeits-Manifest"},"content":{"rendered":"<div class=\"wpb-content-wrapper\"><p>[vc_row full_width=&#8221;stretch_row&#8221; content_placement=&#8221;middle&#8221; css=&#8221;.vc_custom_1624432263575{background-image: url(https:\/\/lundbergtech.com\/wp-content\/uploads\/2021\/05\/grey-abstract-bg.jpg?id=146) !important;background-position: center !important;background-repeat: no-repeat !important;background-size: cover !important;}&#8221;][vc_column]<div class=\"m-text-image md:flex md:py-10 lg:relative container lg:pb-20\">\n    <div class=\"md:w-6\/12 bg-white p-4 pb-5  md:p-10 filter drop-shadow-lg lg:mb-20  z-20 lg:p-14  md:order-2 md:ml-2 lg:ml-4 xl:ml-6 \">\n      <div class=\"m-text-image__content pb-4 lg:pb-12 md:text-18\">\n        Lundberg Tech ist von den UN-Zielen f\u00fcr nachhaltige Entwicklung (Sustainable Development Goals, SDGs) inspiriert, und wir sind dabei, diese in unser t\u00e4gliches Gesch\u00e4ft zu integrieren, da der Planet stark belastet ist und soziale Verantwortung nicht vernachl\u00e4ssigt werden darf.<\/p>\n<p>Der gr\u00fcne Transformationsprozess beginnt bei uns selbst \u2013 was bedeutet, dass verantwortungsvolle Produktion, Verringerung unseres Verbrauchs, verst\u00e4rktes Recycling und bessere Bedingungen Teil der Agenda von Lundberg Tech sind.<\/p>\n<p>Lundberg Tech geht noch einen Schritt weiter und fordert von seinen Lieferanten ein Umweltbewusstsein und Engagement, w\u00e4hrend es gleichzeitig nach neuen Wegen sucht, um die umweltfreundliche technologische Entwicklung zu verbessern und sicherzustellen.<\/p>\n<p>Gleichzeitig ist Lundberg Tech in der Lage, einen enormen Unterschied f\u00fcr seine Kunden zu machen, da die Produkte dazu beitragen k\u00f6nnen, eine nachhaltige Produktion zu implementieren. Kontinuierliche Verbesserungen sind f\u00fcr unser Unternehmen von strategischer Bedeutung, da wir Zerkleinerungs- und Absauganlagen mit zunehmender Materialtrennung und optimierten Arbeitsbedingungen f\u00fcr unsere weltweiten Kunden entwickeln, die sich zunehmend f\u00fcr \u00f6kologische Nachhaltigkeit einsetzen.\n \n      <\/div>\n          <\/div>\n\n    <div class=\"block md:hidden\">\n      <img decoding=\"async\" src=\"https:\/\/lundbergtech.com\/wp-content\/uploads\/2021\/11\/SDG-Wheel_Transparent_WEB-570x0-c-default.png\" alt=\"\" class=\"lg:mb-0 lg:absolute lg:right-0 lg:mt-0 lg:-bottom-28\">\n    <\/div>\n\n    <div class=\" md:w-6\/12 md:h-96 md:relative md:mt-20 lg:z-10 hidden md:block  lg:h-auto  left md:order-1 md:mr-2 lg:mr-4  xl:mr-6 \">\n      <div class=\"bg-cover lg:h-540 w-full md:h-full lg:absolute lg:bottom-0 lg:mt-0\" style=\"background-image:url('https:\/\/lundbergtech.com\/wp-content\/uploads\/2021\/11\/SDG-Wheel_Transparent_WEB-570x0-c-default.png');\"><\/div>\n    <\/div>\n\n\n<\/div>\n\n\n[\/vc_column][\/vc_row][vc_row full_width=&#8221;stretch_row&#8221; equal_height=&#8221;yes&#8221; css=&#8221;.vc_custom_1623764415633{background-image: url(https:\/\/lundbergtech.com\/wp-content\/uploads\/2021\/06\/grey-abstract-bg-2.jpg?id=323) !important;background-position: center !important;background-repeat: no-repeat !important;background-size: cover !important;}&#8221;][vc_column]<div class=\"m-spacer m-spacer-69eb1c135735c\" data-id=\"69eb1c135735c\" data-height=\"50\" data-height-mobile=\"10\" data-height-tab=\"30\" data-height-tab-portrait=\"20\" style=\"clear:both;display:block;\"><\/div>\n\n\n\n[vc_row_inner][vc_column_inner width=&#8221;1\/2&#8243;]<div class=\"m-spacer m-spacer-69eb1c1357eae\" data-id=\"69eb1c1357eae\" data-height=\"30\" data-height-mobile=\"10\" data-height-tab=\"25\" data-height-tab-portrait=\"15\" style=\"clear:both;display:block;\"><\/div>\n\n\n\n[vc_single_image image=&#8221;7412&#8243; img_size=&#8221;441&#215;505&#8243; alignment=&#8221;center&#8221;][\/vc_column_inner][vc_column_inner width=&#8221;1\/2&#8243;]<div class=\"m-spacer m-spacer-69eb1c13585ad\" data-id=\"69eb1c13585ad\" data-height=\"30\" data-height-mobile=\"10\" data-height-tab=\"25\" data-height-tab-portrait=\"15\" style=\"clear:both;display:block;\"><\/div>\n\n\n\n[vc_column_text]<\/p>\n<h2>Die Arbeit mit <span class=\"text-lt_green block\">Ihren Abf\u00e4llen\u00a0<\/span><\/h2>\n<p><strong>Sorge tragen f\u00fcr die Umwelt und das Endergebnis<\/strong><\/p>\n<p>Der gr\u00fcne Transformationsprozess wird definitiv gro\u00dfe Anstrengungen erfordern, aber er ist eine lebenslange Chance, etwas zu bewegen, und der richtige Weg, um die globale Lebensf\u00e4higkeit und den kontinuierlichen Erfolg zu sichern. Die Produkte von Lundberg Tech k\u00f6nnen in diesem Prozess eine entscheidende Rolle spielen.[\/vc_column_text]<div class=\"m-spacer m-spacer-69eb1c1358cbc\" data-id=\"69eb1c1358cbc\" data-height=\"30\" data-height-mobile=\"10\" data-height-tab=\"25\" data-height-tab-portrait=\"15\" style=\"clear:both;display:block;\"><\/div>\n\n\n\n[vc_column_text][\/vc_column_text][\/vc_column_inner][\/vc_row_inner]<div class=\"m-spacer m-spacer-69eb1c1359365\" data-id=\"69eb1c1359365\" data-height=\"70\" data-height-mobile=\"20\" data-height-tab=\"50\" data-height-tab-portrait=\"30\" style=\"clear:both;display:block;\"><\/div>\n\n\n\n[\/vc_column][\/vc_row][vc_row full_width=&#8221;stretch_row&#8221; equal_height=&#8221;yes&#8221;][vc_column]<div class=\"m-spacer m-spacer-69eb1c1359a64\" data-id=\"69eb1c1359a64\" data-height=\"50\" data-height-mobile=\"10\" data-height-tab=\"30\" data-height-tab-portrait=\"20\" style=\"clear:both;display:block;\"><\/div>\n\n\n\n[vc_row_inner][vc_column_inner width=&#8221;1\/2&#8243;]<div class=\"m-spacer m-spacer-69eb1c135a10f\" data-id=\"69eb1c135a10f\" data-height=\"30\" data-height-mobile=\"10\" data-height-tab=\"25\" data-height-tab-portrait=\"15\" style=\"clear:both;display:block;\"><\/div>\n\n\n\n[vc_column_text]<\/p>\n<h2>Warum Lundberg Tech <span class=\"text-lt_green block\">w\u00e4hlen?<\/span><\/h2>\n<p><strong>Unsere Abfallentsorgung h\u00e4lt Ihre Produktion am Laufen\u00a0<\/strong><\/p>\n<p><span style=\"font-weight: 400;\">Lundberg Tech kann sich um Abf\u00e4lle von nahezu allen Produktions- und Verpackungsmaschinen k\u00fcmmern. \u00dcber 35 Jahre Erfahrung in der Entsorgung von Produktionsabf\u00e4llen, angetrieben von einer Leidenschaft f\u00fcr optimierte Abfallentsorgungsprozesse, lassen uns jede Herausforderung annehmen. Wir konzentrieren uns darauf, Ihre Produktivit\u00e4t zu steigern und gleichzeitig Nachhaltigkeit und Kreislaufwirtschaft zu unterst\u00fctzen.<\/span>[\/vc_column_text]<div class=\"m-spacer m-spacer-69eb1c135a7e4\" data-id=\"69eb1c135a7e4\" data-height=\"25\" data-height-mobile=\"10\" data-height-tab=\"20\" data-height-tab-portrait=\"15\" style=\"clear:both;display:block;\"><\/div>\n\n\n\n[vc_column_text]<a class=\"c-button\" href=https:\/\/lundbergtech.com\/de\/about-lundberg-tech\/>Mehr \u00fcber uns<\/a>[\/vc_column_text][\/vc_column_inner][vc_column_inner width=&#8221;1\/2&#8243;]<div class=\"m-spacer m-spacer-69eb1c135aea9\" data-id=\"69eb1c135aea9\" data-height=\"30\" data-height-mobile=\"10\" data-height-tab=\"25\" data-height-tab-portrait=\"15\" style=\"clear:both;display:block;\"><\/div>\n\n\n\n[vc_single_image image=&#8221;3907&#8243; img_size=&#8221;full&#8221; alignment=&#8221;center&#8221;][\/vc_column_inner][\/vc_row_inner]<div class=\"m-spacer m-spacer-69eb1c135b554\" data-id=\"69eb1c135b554\" data-height=\"150\" data-height-mobile=\"20\" data-height-tab=\"50\" data-height-tab-portrait=\"30\" style=\"clear:both;display:block;\"><\/div>\n\n\n\n[\/vc_column][\/vc_row]<\/p>\n<\/div>","protected":false},"excerpt":{"rendered":"<p>[vc_row full_width=&#8221;stretch_row&#8221; content_placement=&#8221;middle&#8221; css=&#8221;.vc_custom_1624432263575{background-image: url(https:\/\/lundbergtech.com\/wp-content\/uploads\/2021\/05\/grey-abstract-bg.jpg?id=146) !important;background-position: center !important;background-repeat: no-repeat !important;background-size: cover !important;}&#8221;][vc_column][\/vc_column][\/vc_row][vc_row full_width=&#8221;stretch_row&#8221; equal_height=&#8221;yes&#8221; css=&#8221;.vc_custom_1623764415633{background-image: url(https:\/\/lundbergtech.com\/wp-content\/uploads\/2021\/06\/grey-abstract-bg-2.jpg?id=323) !important;background-position: center !important;background-repeat: no-repeat !important;background-size: cover !important;}&#8221;][vc_column][vc_row_inner][vc_column_inner width=&#8221;1\/2&#8243;][vc_single_image image=&#8221;7412&#8243; img_size=&#8221;441&#215;505&#8243; alignment=&#8221;center&#8221;][\/vc_column_inner][vc_column_inner width=&#8221;1\/2&#8243;][vc_column_text] Die Arbeit mit Ihren Abf\u00e4llen\u00a0 Sorge tragen f\u00fcr die Umwelt und das Endergebnis Der gr\u00fcne Transformationsprozess wird definitiv gro\u00dfe Anstrengungen erfordern, aber er ist eine lebenslange Chance, [&hellip;]<\/p>\n","protected":false},"author":1,"featured_media":2426,"parent":0,"menu_order":0,"comment_status":"closed","ping_status":"closed","template":"","meta":{"_acf_changed":false,"inline_featured_image":false,"footnotes":""},"class_list":["post-4451","page","type-page","status-publish","has-post-thumbnail","hentry"],"acf":[],"yoast_head":"<!-- This site is optimized with the Yoast SEO plugin v27.1.1 - https:\/\/yoast.com\/product\/yoast-seo-wordpress\/ -->\n<title>About Lundberg Tech Nachhaltigkeits-Manifest | Umweltbewusstsein<\/title>\n<meta name=\"description\" content=\"Lundberg Tech ist von den UN-Zielen f\u00fcr nachhaltige Entwicklung inspiriert | unsere Produkte beitragen dazu, eine nachhaltige Produktion zu implementieren\" \/>\n<meta name=\"robots\" content=\"index, follow, max-snippet:-1, max-image-preview:large, max-video-preview:-1\" \/>\n<link rel=\"canonical\" href=\"https:\/\/lundbergtech.com\/de\/nachhaltigkeitsmanifest\/\" \/>\n<meta property=\"og:locale\" content=\"de_DE\" \/>\n<meta property=\"og:type\" content=\"article\" \/>\n<meta property=\"og:title\" content=\"About Lundberg Tech Nachhaltigkeits-Manifest | Umweltbewusstsein\" \/>\n<meta property=\"og:description\" content=\"Lundberg Tech ist von den UN-Zielen f\u00fcr nachhaltige Entwicklung inspiriert | unsere Produkte beitragen dazu, eine nachhaltige Produktion zu implementieren\" \/>\n<meta property=\"og:url\" content=\"https:\/\/lundbergtech.com\/de\/nachhaltigkeitsmanifest\/\" \/>\n<meta property=\"og:site_name\" content=\"Lundberg Tech\" \/>\n<meta property=\"article:publisher\" content=\"https:\/\/www.facebook.com\/lundbergtech\" \/>\n<meta property=\"article:modified_time\" content=\"2023-05-24T12:54:35+00:00\" \/>\n<meta property=\"og:image\" content=\"https:\/\/lundbergtech.com\/wp-content\/uploads\/2021\/11\/Work-with-your-WASTE-and-green-tree-1.jpg\" \/>\n\t<meta property=\"og:image:width\" content=\"700\" \/>\n\t<meta property=\"og:image:height\" content=\"400\" \/>\n\t<meta property=\"og:image:type\" content=\"image\/jpeg\" \/>\n<meta name=\"twitter:card\" content=\"summary_large_image\" \/>\n<meta name=\"twitter:site\" content=\"@lundbergtech\" \/>\n<meta name=\"twitter:label1\" content=\"Est. reading time\" \/>\n\t<meta name=\"twitter:data1\" content=\"2 minutes\" \/>\n<script type=\"application\/ld+json\" class=\"yoast-schema-graph\">{\"@context\":\"https:\/\/schema.org\",\"@graph\":[{\"@type\":\"WebPage\",\"@id\":\"https:\/\/lundbergtech.com\/de\/nachhaltigkeitsmanifest\/\",\"url\":\"https:\/\/lundbergtech.com\/de\/nachhaltigkeitsmanifest\/\",\"name\":\"About Lundberg Tech Nachhaltigkeits-Manifest | Umweltbewusstsein\",\"isPartOf\":{\"@id\":\"https:\/\/lundbergtech.com\/#website\"},\"primaryImageOfPage\":{\"@id\":\"https:\/\/lundbergtech.com\/de\/nachhaltigkeitsmanifest\/#primaryimage\"},\"image\":{\"@id\":\"https:\/\/lundbergtech.com\/de\/nachhaltigkeitsmanifest\/#primaryimage\"},\"thumbnailUrl\":\"https:\/\/lundbergtech.com\/wp-content\/uploads\/2021\/11\/Work-with-your-WASTE-and-green-tree-1.jpg\",\"datePublished\":\"2021-10-14T08:32:02+00:00\",\"dateModified\":\"2023-05-24T12:54:35+00:00\",\"description\":\"Lundberg Tech ist von den UN-Zielen f\u00fcr nachhaltige Entwicklung inspiriert | unsere Produkte beitragen dazu, eine nachhaltige Produktion zu implementieren\",\"inLanguage\":\"de-DE\",\"potentialAction\":[{\"@type\":\"ReadAction\",\"target\":[\"https:\/\/lundbergtech.com\/de\/nachhaltigkeitsmanifest\/\"]}]},{\"@type\":\"ImageObject\",\"inLanguage\":\"de-DE\",\"@id\":\"https:\/\/lundbergtech.com\/de\/nachhaltigkeitsmanifest\/#primaryimage\",\"url\":\"https:\/\/lundbergtech.com\/wp-content\/uploads\/2021\/11\/Work-with-your-WASTE-and-green-tree-1.jpg\",\"contentUrl\":\"https:\/\/lundbergtech.com\/wp-content\/uploads\/2021\/11\/Work-with-your-WASTE-and-green-tree-1.jpg\",\"width\":700,\"height\":400},{\"@type\":\"WebSite\",\"@id\":\"https:\/\/lundbergtech.com\/#website\",\"url\":\"https:\/\/lundbergtech.com\/\",\"name\":\"Lundberg Tech\",\"description\":\"Our waste handling keeps production going\",\"potentialAction\":[{\"@type\":\"SearchAction\",\"target\":{\"@type\":\"EntryPoint\",\"urlTemplate\":\"https:\/\/lundbergtech.com\/?s={search_term_string}\"},\"query-input\":{\"@type\":\"PropertyValueSpecification\",\"valueRequired\":true,\"valueName\":\"search_term_string\"}}],\"inLanguage\":\"de-DE\"}]}<\/script>\n<!-- \/ Yoast SEO plugin. -->","yoast_head_json":{"title":"About Lundberg Tech Nachhaltigkeits-Manifest | Umweltbewusstsein","description":"Lundberg Tech ist von den UN-Zielen f\u00fcr nachhaltige Entwicklung inspiriert | unsere Produkte beitragen dazu, eine nachhaltige Produktion zu implementieren","robots":{"index":"index","follow":"follow","max-snippet":"max-snippet:-1","max-image-preview":"max-image-preview:large","max-video-preview":"max-video-preview:-1"},"canonical":"https:\/\/lundbergtech.com\/de\/nachhaltigkeitsmanifest\/","og_locale":"de_DE","og_type":"article","og_title":"About Lundberg Tech Nachhaltigkeits-Manifest | Umweltbewusstsein","og_description":"Lundberg Tech ist von den UN-Zielen f\u00fcr nachhaltige Entwicklung inspiriert | unsere Produkte beitragen dazu, eine nachhaltige Produktion zu implementieren","og_url":"https:\/\/lundbergtech.com\/de\/nachhaltigkeitsmanifest\/","og_site_name":"Lundberg Tech","article_publisher":"https:\/\/www.facebook.com\/lundbergtech","article_modified_time":"2023-05-24T12:54:35+00:00","og_image":[{"width":700,"height":400,"url":"https:\/\/lundbergtech.com\/wp-content\/uploads\/2021\/11\/Work-with-your-WASTE-and-green-tree-1.jpg","type":"image\/jpeg"}],"twitter_card":"summary_large_image","twitter_site":"@lundbergtech","twitter_misc":{"Est. reading time":"2 minutes"},"schema":{"@context":"https:\/\/schema.org","@graph":[{"@type":"WebPage","@id":"https:\/\/lundbergtech.com\/de\/nachhaltigkeitsmanifest\/","url":"https:\/\/lundbergtech.com\/de\/nachhaltigkeitsmanifest\/","name":"About Lundberg Tech Nachhaltigkeits-Manifest | Umweltbewusstsein","isPartOf":{"@id":"https:\/\/lundbergtech.com\/#website"},"primaryImageOfPage":{"@id":"https:\/\/lundbergtech.com\/de\/nachhaltigkeitsmanifest\/#primaryimage"},"image":{"@id":"https:\/\/lundbergtech.com\/de\/nachhaltigkeitsmanifest\/#primaryimage"},"thumbnailUrl":"https:\/\/lundbergtech.com\/wp-content\/uploads\/2021\/11\/Work-with-your-WASTE-and-green-tree-1.jpg","datePublished":"2021-10-14T08:32:02+00:00","dateModified":"2023-05-24T12:54:35+00:00","description":"Lundberg Tech ist von den UN-Zielen f\u00fcr nachhaltige Entwicklung inspiriert | unsere Produkte beitragen dazu, eine nachhaltige Produktion zu implementieren","inLanguage":"de-DE","potentialAction":[{"@type":"ReadAction","target":["https:\/\/lundbergtech.com\/de\/nachhaltigkeitsmanifest\/"]}]},{"@type":"ImageObject","inLanguage":"de-DE","@id":"https:\/\/lundbergtech.com\/de\/nachhaltigkeitsmanifest\/#primaryimage","url":"https:\/\/lundbergtech.com\/wp-content\/uploads\/2021\/11\/Work-with-your-WASTE-and-green-tree-1.jpg","contentUrl":"https:\/\/lundbergtech.com\/wp-content\/uploads\/2021\/11\/Work-with-your-WASTE-and-green-tree-1.jpg","width":700,"height":400},{"@type":"WebSite","@id":"https:\/\/lundbergtech.com\/#website","url":"https:\/\/lundbergtech.com\/","name":"Lundberg Tech","description":"Our waste handling keeps production going","potentialAction":[{"@type":"SearchAction","target":{"@type":"EntryPoint","urlTemplate":"https:\/\/lundbergtech.com\/?s={search_term_string}"},"query-input":{"@type":"PropertyValueSpecification","valueRequired":true,"valueName":"search_term_string"}}],"inLanguage":"de-DE"}]}},"_links":{"self":[{"href":"https:\/\/lundbergtech.com\/de\/wp-json\/wp\/v2\/pages\/4451","targetHints":{"allow":["GET"]}}],"collection":[{"href":"https:\/\/lundbergtech.com\/de\/wp-json\/wp\/v2\/pages"}],"about":[{"href":"https:\/\/lundbergtech.com\/de\/wp-json\/wp\/v2\/types\/page"}],"author":[{"embeddable":true,"href":"https:\/\/lundbergtech.com\/de\/wp-json\/wp\/v2\/users\/1"}],"replies":[{"embeddable":true,"href":"https:\/\/lundbergtech.com\/de\/wp-json\/wp\/v2\/comments?post=4451"}],"version-history":[{"count":12,"href":"https:\/\/lundbergtech.com\/de\/wp-json\/wp\/v2\/pages\/4451\/revisions"}],"predecessor-version":[{"id":7437,"href":"https:\/\/lundbergtech.com\/de\/wp-json\/wp\/v2\/pages\/4451\/revisions\/7437"}],"wp:featuredmedia":[{"embeddable":true,"href":"https:\/\/lundbergtech.com\/de\/wp-json\/wp\/v2\/media\/2426"}],"wp:attachment":[{"href":"https:\/\/lundbergtech.com\/de\/wp-json\/wp\/v2\/media?parent=4451"}],"curies":[{"name":"wp","href":"https:\/\/api.w.org\/{rel}","templated":true}]}}