{"id":4754,"date":"2021-05-19T11:47:00","date_gmt":"2021-05-19T11:47:00","guid":{"rendered":"https:\/\/lundbergtech.com\/label-converting\/"},"modified":"2023-06-30T12:45:07","modified_gmt":"2023-06-30T12:45:07","slug":"fabricacion-de-etiquetas","status":"publish","type":"page","link":"https:\/\/lundbergtech.com\/es\/su-proceso\/fabricacion-de-etiquetas\/","title":{"rendered":"Fabricaci\u00f3n de etiquetas"},"content":{"rendered":"<div class=\"wpb-content-wrapper\"><p>[vc_row full_width=&#8221;stretch_row&#8221; css=&#8221;.vc_custom_1624535937170{background-image: url(https:\/\/lundbergtech.com\/wp-content\/uploads\/2021\/06\/grey-abstract-bg-2.jpg?id=323) !important;background-position: center !important;background-repeat: no-repeat !important;background-size: cover !important;}&#8221;][vc_column]<div class=\"m-text-image md:flex md:py-10 lg:relative container lg:pb-20\">\n    <div class=\"md:w-6\/12 bg-white p-4 pb-5  md:p-10 filter drop-shadow-lg lg:mb-20  z-20 lg:p-14  md:order-2 md:ml-2 lg:ml-4 xl:ml-6 \">\n      <div class=\"m-text-image__content pb-4 lg:pb-12 md:text-18\">\n        En sus instalaciones de producci\u00f3n de etiquetas, es muy probable que haya tanto m\u00e1quinas impresoras de etiquetas como m\u00e1quinas de acabado que generen desperdicio de desbarbes laterales y desmallado que deban eliminarse minuciosamente para lograr un funcionamiento fluido y eficiente. Por ello podr\u00e1 encontrar por todo el mundo cientos de m\u00e1quinas de acabado e impresoras de etiquetas equipadas con los sistemas de extracci\u00f3n de desperdicio de Lundberg Tech. Nuestros sistemas est\u00e1n dise\u00f1ados espec\u00edficamente para garantizar una perfecta gesti\u00f3n del desperdicio en etiquetas autoadhesivas.<\/p>\n<p>Los sistemas de gesti\u00f3n de residuos de desbarbe y desmalle de Lundberg Tech funcionan cortando en trozos muy peque\u00f1os dichos desmalle y desbarbe lateral, con ayuda de nuestras eficientes <a href=https:\/\/lundbergtech.com\/es\/granulators-and-cutters\/>Granuladores<\/a>, y trasladando despu\u00e9s los residuos adhesivos por componentes tratados con antiadherentes hasta un punto de recogida espec\u00edfico.\n \n      <\/div>\n          <\/div>\n\n    <div class=\"block md:hidden\">\n      <img decoding=\"async\" src=\"https:\/\/lundbergtech.com\/wp-content\/uploads\/2021\/09\/Label_Matrix4-1-570x0-c-default.jpg\" alt=\"Matrix removal from ABG Digicon\" class=\"lg:mb-0 lg:absolute lg:right-0 lg:mt-0 lg:-bottom-28\">\n    <\/div>\n\n    <div class=\" md:w-6\/12 md:h-96 md:relative md:mt-20 lg:z-10 hidden md:block  lg:h-auto  left md:order-1 md:mr-2 lg:mr-4  xl:mr-6 \">\n      <div class=\"bg-cover lg:h-540 w-full md:h-full lg:absolute lg:bottom-0 lg:mt-0\" style=\"background-image:url('https:\/\/lundbergtech.com\/wp-content\/uploads\/2021\/09\/Label_Matrix4-1-570x0-c-default.jpg');\"><\/div>\n    <\/div>\n\n\n<\/div>\n\n\n<div class=\"m-spacer m-spacer-69db63738278b\" data-id=\"69db63738278b\" data-height=\"0\" data-height-mobile=\"25\" data-height-tab=\"0\" data-height-tab-portrait=\"0\" style=\"clear:both;display:block;\"><\/div>\n\n\n\n[\/vc_column][\/vc_row][vc_row full_width=&#8221;stretch_row_content_no_spaces&#8221;][vc_column css=&#8221;.vc_custom_1636364333230{margin-top: 0px !important;margin-bottom: 0px !important;border-top-width: 0px !important;border-bottom-width: 0px !important;padding-top: 0px !important;padding-bottom: 0px !important;}&#8221;]<div class=\"m-benefits-carousel relative py-14 pb-8 md:pt-24 md:pb-6 lg:pt-36 lg:pb-12  image-right \">\n    <div class=\"container md:mx-auto px-3 pb-2 lg:max-w-4xl xl:max-w-6xl lg:relative \">\n\n        <h2 class=\"text-left md:pb-0 leading-8 md:text-32 md:w-4\/12 md:leading-8 lg:text-36 lg:leading-10 xl:leading-11 xl:text-42 md:border-t md:border-lt_grey md:pt-4\">\n        <span class=\"text-lt_blue font-heading font-medium\">Beneficios y caracter\u00edsticas<\/span>\n        <span class=\"text-lt_green text-16 lg:text-18 leading-5 block font-semibold md:pt-2 \">El uso de un sistema de gesti\u00f3n del desperdicio automatizado ofrece gran cantidad de ventajas, por ejemplo: <\/span><\/h2>\n\n        <div class=\"c-slider__arrows c-slider--benefits__arrows w-32 h-10 mx-auto z-20 absolute left-0 right-0 text-center md:ml-0 md:text-left md:z-50 md:w-24\"><\/div>\n\n        <div class=\"md:overflow-hidden md:mt-1 md:pb-12 lg:pb-14 xl:pb-18 js-benefits-carousel z-20 \">\n            <div class=\"\">\n    <div class=\"md:flex md:h-592\">\n\n        <div class=\"md:w-5\/12 md:ml-10 lg:w-6\/12 xl:w-6\/12 m-benefits-carousel__image-container md:mb-14\">\n                        <div class=\"w-full h-64 md:h-full relative overflow-hidden bg-top bg-no-repeat bg-cover\" style=\"background-image:url('https:\/\/lundbergtech.com\/wp-content\/uploads\/2021\/09\/Label_Matrix2-742x583.jpg');\"><\/div>\n                    <\/div>\n\n\n        <div class=\"md:w-6\/12 m-benefits-carousel__content-container\">\n            <div class=\"z-10 text-left bg-white p-3 lg:ml-0 md:relative \">\n\n                <div class=\"m-benefits-carousel__content px-3 \">\n                    <\/p>\n<ul>\n<li>Elimina la obligaci\u00f3n de manipular los pesados rollos del desmallado;<\/li>\n<li>Aumenta la productividad puesto que se reducen las paradas y mantiene constante la tensi\u00f3n de la banda;<\/li>\n<li>Realiza la recogida de desperdicio en un punto localizado interno o externo y as\u00ed ahorra espacio.<\/li>\n<\/ul>\n<p>\n                <\/div>\n\n                <\/div>\n           <\/div>\n\n\n\n\n\n    <\/div>\n\n<\/div>\n\n        <\/div>\n         <div class=\"c-slider__dots c-slider--benefits__dots  static h-4 mt-10 lg:mt-14 mx-auto z-20  left-0 right-0 text-center\"><\/div>\n   \t<\/div>\n<\/div>\n\n[\/vc_column][\/vc_row][vc_row][vc_column]<div class=\"m-spacer m-spacer-69db637385eda\" data-id=\"69db637385eda\" data-height=\"0\" data-height-mobile=\"25\" data-height-tab=\"0\" data-height-tab-portrait=\"0\" style=\"clear:both;display:block;\"><\/div>\n\n\n\n<div class=\"m-text-image md:flex md:py-10 lg:relative container lg:pb-20\">\n    <div class=\"md:w-6\/12 bg-white p-4 pb-5  md:p-10 filter drop-shadow-lg lg:mb-20  z-20 lg:p-14  md:order-2 md:ml-2 lg:ml-4 xl:ml-6 \">\n      <div class=\"m-text-image__content pb-4 lg:pb-12 md:text-18\">\n        Lundberg Tech lleva ya m\u00e1s de 40 a\u00f1os dise\u00f1ando y fabricando equipos y sistemas de gesti\u00f3n de desperdicio para impresoras y convertidoras de etiquetas. Se nos conoce especialmente por nuestra capacidad para gestionar incluso los residuos de las etiquetas m\u00e1s adhesivas gracias a nuestro exclusivo sistema dispensador de aceite.<\/p>\n<p>El <a href=https:\/\/lundbergtech.com\/es\/granulators-and-cutters\/>Granulador<\/a> es la pieza clave de todas nuestras soluciones de gesti\u00f3n de desperdicio y los encontramos en una amplia variedad de tama\u00f1os. As\u00ed podemos capturar el desperdicio de desmalle y desbarbe de cualquier m\u00e1quina de impresi\u00f3n y acabado de etiquetas as\u00ed como de las digitales independientemente de su ancho de banda.<\/p>\n<p>Los sistemas de gesti\u00f3n de desperdicio de Lundberg Tech pueden operar con todos los tipos diferentes de materiales que se puedan encontrar en una f\u00e1brica de etiquetas moderna, incluidos los de etiquetas sin soporte.\n \n      <\/div>\n          <\/div>\n\n    <div class=\"block md:hidden\">\n      <img decoding=\"async\" src=\"https:\/\/lundbergtech.com\/wp-content\/uploads\/2021\/09\/Label_MatrixWaste1-742x583-1-570x0-c-default.jpg\" alt=\"Central Label Waste Handling System\" class=\"lg:mb-0 lg:absolute lg:right-0 lg:mt-0 lg:-bottom-28\">\n    <\/div>\n\n    <div class=\" md:w-6\/12 md:h-96 md:relative md:mt-20 lg:z-10 hidden md:block  lg:h-auto  left md:order-1 md:mr-2 lg:mr-4  xl:mr-6 \">\n      <div class=\"bg-cover lg:h-540 w-full md:h-full lg:absolute lg:bottom-0 lg:mt-0\" style=\"background-image:url('https:\/\/lundbergtech.com\/wp-content\/uploads\/2021\/09\/Label_MatrixWaste1-742x583-1-570x0-c-default.jpg');\"><\/div>\n    <\/div>\n\n\n<\/div>\n\n\n[\/vc_column][\/vc_row][vc_row][vc_column width=&#8221;1\/2&#8243;]<div class=\"m-spacer m-spacer-69db637387a2f\" data-id=\"69db637387a2f\" data-height=\"75\" data-height-mobile=\"\" data-height-tab=\"\" data-height-tab-portrait=\"\" style=\"clear:both;display:block;\"><\/div>\n\n\n\n[vc_column_text]<\/p>\n<h2>Gran variedad de soluciones para la gesti\u00f3n de residuos<\/h2>\n<p>Para la impresi\u00f3n y el acabado de etiquetas, pueden adquirir nuestros <a href=https:\/\/lundbergtech.com\/es\/all-in-one-units\/>Equipos Todo en Uno<\/a> para la recogida de desbarbe y desmalle de una o varias m\u00e1quinas. Los Equipos Todo en Uno de Lundberg Tech ofrecen todo lo necesario para capturar y recoger el desperdicio de etiquetas. Otra ventaja adicional es su f\u00e1cil instalaci\u00f3n.<\/p>\n<p>Tambi\u00e9n podemos dise\u00f1ar un <a href=https:\/\/lundbergtech.com\/es\/central-systems\/>Sistema Central<\/a> adaptado a sus necesidades particulares. Nuestros Sistemas Centrales pueden recoger desperdicios adhesivos y no-adhesivos de un n\u00famero de m\u00e1quinas ilimitado. Asimismo, pueden dise\u00f1arse con separaci\u00f3n de materiales para facilitar su reciclaje.<\/p>\n<p>Si ya cuentan con su propio sistema y desean ampliarlo con otra <a href=https:\/\/lundbergtech.com\/es\/granulators-and-cutters\/>Granulador<\/a>, p\u00f3nganse en contacto con nosotros. Les ayudaremos a elegir la ideal para ustedes de entre nuestra amplia gama de Granuladores, de dise\u00f1o y fabricaci\u00f3n propios.[\/vc_column_text][\/vc_column][vc_column width=&#8221;1\/2&#8243;]<div class=\"m-spacer m-spacer-69db637388487\" data-id=\"69db637388487\" data-height=\"75\" data-height-mobile=\"\" data-height-tab=\"\" data-height-tab-portrait=\"\" style=\"clear:both;display:block;\"><\/div>\n\n\n\n[vc_video link=&#8221;https:\/\/youtu.be\/tOQOlh4F0fM&#8221; align=&#8221;center&#8221;][\/vc_column][\/vc_row][vc_row full_width=&#8221;stretch_row_content_no_spaces&#8221;][vc_column]<div class=\"m-case-study-carousel relative py-14 pb-32 md:pt-24 md:pb-36 lg:pt-36 lg:pb-32\">\n    <div class=\"container md:mx-auto px-3 pb-8 lg:max-w-4xl xl:max-w-6xl lg:relative \">\n\n        <h2 class=\"text-left md:pb-0 leading-8 md:text-32 md:leading-8 lg:text-36 lg:leading-10 xl:leading-11 xl:text-42 md:border-t md:border-lt_grey md:pt-4\">\n        <span class=\"text-lt_blue font-heading font-medium\">Recent<\/span>\n        <span class=\"text-lt_green font-heading block font-medium \">Case Studies <\/span><\/h2>\n\n        <div class=\"c-slider__arrows c-slider--casestudy__arrows w-32 h-10 mx-auto z-20 absolute left-0 right-0 text-center md:ml-0 md:text-left md:z-50 md:w-24\"><\/div>\n\n        <div class=\"md:overflow-hidden md:mt-1 md:pb-12 lg:pb-14 xl:pb-18 js-case-study-selector-carousel z-20\">\n            <div class=\"\">\n    <div class=\"md:flex md:h-400 xl:h-576\">\n\n        <div class=\"md:w-6\/12 xl:w-7\/12 xl:pr-3\">\n                        <div class=\"w-full h-64  lg:h-full relative overflow-hidden bg-top bg-no-repeat bg-cover\" style=\"background-image:url('https:\/\/lundbergtech.com\/wp-content\/uploads\/2023\/05\/CCL-Volkermarkt_Martin-Pribassnig-Top-742x400.jpg');\"><\/div>\n                    <\/div>\n\n\n        <div class=\"md:w-5\/12 md:ml-7  md:relative\">\n            <div class=\"p-5 md:px-8 mb-5 md:pb-7 lg:pb-12 lg:px-10 relative z-10 text-left bg-white  md:absolute md:drop-shadow-md xl:drop-shadow-xl md:filter md:m-0  md:w-full  md:right-0 md:top-52 lg:top-60 md:h-auto xl:ml-12 \">\n\n                    <a class=\"block u-a-nostyle mt-1 pt-3 md:pt-3  md:pl-0 lg:pt-4 xl:pt-5 md:hover:underline\" href=https:\/\/lundbergtech.com\/es\/case-studies-es\/ccl-label-volkermarkt-label\/ title=\"CCL Label V\u00f6lkermarkt \u2013 Label Converting\">\n                    <h3 class=\"leading-snug text-20  text-lt_blue md:leading-tight lg:text-20 xl:text-28 md:mb-0 font-bold \">CCL Label V\u00f6lkermarkt \u2013 Label Converting<\/h3>\n                    <\/a>\t\n                   \n                                        <a class=\"c-button--arrow-link\" href=https:\/\/lundbergtech.com\/es\/case-studies-es\/ccl-label-volkermarkt-label\/ title=\"CCL Label V\u00f6lkermarkt \u2013 Label Converting\">Read case study<\/a>\t\n                <\/div>\n           <\/div>\n\n\n\n\n\n    <\/div>\n\n<\/div>\n<div class=\"\">\n    <div class=\"md:flex md:h-400 xl:h-576\">\n\n        <div class=\"md:w-6\/12 xl:w-7\/12 xl:pr-3\">\n                        <div class=\"w-full h-64  lg:h-full relative overflow-hidden bg-top bg-no-repeat bg-cover\" style=\"background-image:url('https:\/\/lundbergtech.com\/wp-content\/uploads\/2023\/03\/Overview-Factory-Digital-Etikett-1-742x370.jpg');\"><\/div>\n                    <\/div>\n\n\n        <div class=\"md:w-5\/12 md:ml-7  md:relative\">\n            <div class=\"p-5 md:px-8 mb-5 md:pb-7 lg:pb-12 lg:px-10 relative z-10 text-left bg-white  md:absolute md:drop-shadow-md xl:drop-shadow-xl md:filter md:m-0  md:w-full  md:right-0 md:top-52 lg:top-60 md:h-auto xl:ml-12 \">\n\n                    <a class=\"block u-a-nostyle mt-1 pt-3 md:pt-3  md:pl-0 lg:pt-4 xl:pt-5 md:hover:underline\" href=https:\/\/lundbergtech.com\/es\/case-studies-es\/digital-etikett-label-converting\/ title=\"Digital Etikett \u2013 Label Converting\">\n                    <h3 class=\"leading-snug text-20  text-lt_blue md:leading-tight lg:text-20 xl:text-28 md:mb-0 font-bold \">Digital Etikett \u2013 Label Converting<\/h3>\n                    <\/a>\t\n                   \n                                        <a class=\"c-button--arrow-link\" href=https:\/\/lundbergtech.com\/es\/case-studies-es\/digital-etikett-label-converting\/ title=\"Digital Etikett \u2013 Label Converting\">Read case study<\/a>\t\n                <\/div>\n           <\/div>\n\n\n\n\n\n    <\/div>\n\n<\/div>\n\n        <\/div>\n         <div class=\"c-slider__dots c-slider--casestudy__dots  mx-auto z-20 absolute left-0 right-0 text-center\"><\/div>\n   \t<\/div>\n<\/div>\n\n<div class=\"m-spacer m-spacer-69db63738dd32\" data-id=\"69db63738dd32\" data-height=\"50\" data-height-mobile=\"0\" data-height-tab=\"\" data-height-tab-portrait=\"0\" style=\"clear:both;display:block;\"><\/div>\n\n\n\n[\/vc_column][\/vc_row]<\/p>\n<\/div>","protected":false},"excerpt":{"rendered":"<p>[vc_row full_width=&#8221;stretch_row&#8221; css=&#8221;.vc_custom_1624535937170{background-image: url(https:\/\/lundbergtech.com\/wp-content\/uploads\/2021\/06\/grey-abstract-bg-2.jpg?id=323) !important;background-position: center !important;background-repeat: no-repeat !important;background-size: cover !important;}&#8221;][vc_column][\/vc_column][\/vc_row][vc_row full_width=&#8221;stretch_row_content_no_spaces&#8221;][vc_column css=&#8221;.vc_custom_1636364333230{margin-top: 0px !important;margin-bottom: 0px !important;border-top-width: 0px !important;border-bottom-width: 0px !important;padding-top: 0px !important;padding-bottom: 0px !important;}&#8221;][\/vc_column][\/vc_row][vc_row][vc_column][\/vc_column][\/vc_row][vc_row][vc_column width=&#8221;1\/2&#8243;][vc_column_text] Gran variedad de soluciones para la gesti\u00f3n de residuos Para la impresi\u00f3n y el acabado de etiquetas, pueden adquirir nuestros Equipos Todo en Uno para la recogida de desbarbe [&hellip;]<\/p>\n","protected":false},"author":1,"featured_media":1336,"parent":4751,"menu_order":0,"comment_status":"closed","ping_status":"closed","template":"","meta":{"_acf_changed":false,"inline_featured_image":false,"footnotes":""},"class_list":["post-4754","page","type-page","status-publish","has-post-thumbnail","hentry"],"acf":[],"yoast_head":"<!-- This site is optimized with the Yoast SEO plugin v27.1.1 - https:\/\/yoast.com\/product\/yoast-seo-wordpress\/ -->\n<title>Etiquetas | Sistemas de gesti\u00f3n de residuos de desbarbe y desmalle<\/title>\n<meta name=\"description\" content=\"En sus instalaciones de producci\u00f3n de etiquetas, es muy probable que haya desperdicio de desbarbes laterales y desmallado que deban eliminarse para lograr un funcionamiento fluido y eficiente\" \/>\n<meta name=\"robots\" content=\"index, follow, max-snippet:-1, max-image-preview:large, max-video-preview:-1\" \/>\n<link rel=\"canonical\" href=\"https:\/\/lundbergtech.com\/es\/su-proceso\/fabricacion-de-etiquetas\/\" \/>\n<meta property=\"og:locale\" content=\"es_ES\" \/>\n<meta property=\"og:type\" content=\"article\" \/>\n<meta property=\"og:title\" content=\"Etiquetas | Sistemas de gesti\u00f3n de residuos de desbarbe y desmalle\" \/>\n<meta property=\"og:description\" content=\"En sus instalaciones de producci\u00f3n de etiquetas, es muy probable que haya desperdicio de desbarbes laterales y desmallado que deban eliminarse para lograr un funcionamiento fluido y eficiente\" \/>\n<meta property=\"og:url\" content=\"https:\/\/lundbergtech.com\/es\/su-proceso\/fabricacion-de-etiquetas\/\" \/>\n<meta property=\"og:site_name\" content=\"Lundberg Tech\" \/>\n<meta property=\"article:publisher\" content=\"https:\/\/www.facebook.com\/lundbergtech\" \/>\n<meta property=\"article:modified_time\" content=\"2023-06-30T12:45:07+00:00\" \/>\n<meta property=\"og:image\" content=\"https:\/\/lundbergtech.com\/wp-content\/uploads\/2021\/09\/Label_Matrix3-scaled.jpg\" \/>\n\t<meta property=\"og:image:width\" content=\"2560\" \/>\n\t<meta property=\"og:image:height\" content=\"2516\" \/>\n\t<meta property=\"og:image:type\" content=\"image\/jpeg\" \/>\n<meta name=\"twitter:card\" content=\"summary_large_image\" \/>\n<meta name=\"twitter:site\" content=\"@lundbergtech\" \/>\n<meta name=\"twitter:label1\" content=\"Est. reading time\" \/>\n\t<meta name=\"twitter:data1\" content=\"2 minutes\" \/>\n<script type=\"application\/ld+json\" class=\"yoast-schema-graph\">{\"@context\":\"https:\/\/schema.org\",\"@graph\":[{\"@type\":\"WebPage\",\"@id\":\"https:\/\/lundbergtech.com\/es\/su-proceso\/fabricacion-de-etiquetas\/\",\"url\":\"https:\/\/lundbergtech.com\/es\/su-proceso\/fabricacion-de-etiquetas\/\",\"name\":\"Etiquetas | Sistemas de gesti\u00f3n de residuos de desbarbe y desmalle\",\"isPartOf\":{\"@id\":\"https:\/\/lundbergtech.com\/#website\"},\"primaryImageOfPage\":{\"@id\":\"https:\/\/lundbergtech.com\/es\/su-proceso\/fabricacion-de-etiquetas\/#primaryimage\"},\"image\":{\"@id\":\"https:\/\/lundbergtech.com\/es\/su-proceso\/fabricacion-de-etiquetas\/#primaryimage\"},\"thumbnailUrl\":\"https:\/\/lundbergtech.com\/wp-content\/uploads\/2021\/09\/Label_Matrix3-scaled.jpg\",\"datePublished\":\"2021-05-19T11:47:00+00:00\",\"dateModified\":\"2023-06-30T12:45:07+00:00\",\"description\":\"En sus instalaciones de producci\u00f3n de etiquetas, es muy probable que haya desperdicio de desbarbes laterales y desmallado que deban eliminarse para lograr un funcionamiento fluido y eficiente\",\"breadcrumb\":{\"@id\":\"https:\/\/lundbergtech.com\/es\/su-proceso\/fabricacion-de-etiquetas\/#breadcrumb\"},\"inLanguage\":\"es-ES\",\"potentialAction\":[{\"@type\":\"ReadAction\",\"target\":[\"https:\/\/lundbergtech.com\/es\/su-proceso\/fabricacion-de-etiquetas\/\"]}]},{\"@type\":\"ImageObject\",\"inLanguage\":\"es-ES\",\"@id\":\"https:\/\/lundbergtech.com\/es\/su-proceso\/fabricacion-de-etiquetas\/#primaryimage\",\"url\":\"https:\/\/lundbergtech.com\/wp-content\/uploads\/2021\/09\/Label_Matrix3-scaled.jpg\",\"contentUrl\":\"https:\/\/lundbergtech.com\/wp-content\/uploads\/2021\/09\/Label_Matrix3-scaled.jpg\",\"width\":2560,\"height\":2516,\"caption\":\"Label matrix removal from converting machine\"},{\"@type\":\"BreadcrumbList\",\"@id\":\"https:\/\/lundbergtech.com\/es\/su-proceso\/fabricacion-de-etiquetas\/#breadcrumb\",\"itemListElement\":[{\"@type\":\"ListItem\",\"position\":1,\"name\":\"Su proceso\",\"item\":\"https:\/\/lundbergtech.com\/es\/su-proceso\/\"},{\"@type\":\"ListItem\",\"position\":2,\"name\":\"Fabricaci\u00f3n de etiquetas\"}]},{\"@type\":\"WebSite\",\"@id\":\"https:\/\/lundbergtech.com\/#website\",\"url\":\"https:\/\/lundbergtech.com\/\",\"name\":\"Lundberg Tech\",\"description\":\"Our waste handling keeps production going\",\"potentialAction\":[{\"@type\":\"SearchAction\",\"target\":{\"@type\":\"EntryPoint\",\"urlTemplate\":\"https:\/\/lundbergtech.com\/?s={search_term_string}\"},\"query-input\":{\"@type\":\"PropertyValueSpecification\",\"valueRequired\":true,\"valueName\":\"search_term_string\"}}],\"inLanguage\":\"es-ES\"}]}<\/script>\n<!-- \/ Yoast SEO plugin. -->","yoast_head_json":{"title":"Etiquetas | Sistemas de gesti\u00f3n de residuos de desbarbe y desmalle","description":"En sus instalaciones de producci\u00f3n de etiquetas, es muy probable que haya desperdicio de desbarbes laterales y desmallado que deban eliminarse para lograr un funcionamiento fluido y eficiente","robots":{"index":"index","follow":"follow","max-snippet":"max-snippet:-1","max-image-preview":"max-image-preview:large","max-video-preview":"max-video-preview:-1"},"canonical":"https:\/\/lundbergtech.com\/es\/su-proceso\/fabricacion-de-etiquetas\/","og_locale":"es_ES","og_type":"article","og_title":"Etiquetas | Sistemas de gesti\u00f3n de residuos de desbarbe y desmalle","og_description":"En sus instalaciones de producci\u00f3n de etiquetas, es muy probable que haya desperdicio de desbarbes laterales y desmallado que deban eliminarse para lograr un funcionamiento fluido y eficiente","og_url":"https:\/\/lundbergtech.com\/es\/su-proceso\/fabricacion-de-etiquetas\/","og_site_name":"Lundberg Tech","article_publisher":"https:\/\/www.facebook.com\/lundbergtech","article_modified_time":"2023-06-30T12:45:07+00:00","og_image":[{"width":2560,"height":2516,"url":"https:\/\/lundbergtech.com\/wp-content\/uploads\/2021\/09\/Label_Matrix3-scaled.jpg","type":"image\/jpeg"}],"twitter_card":"summary_large_image","twitter_site":"@lundbergtech","twitter_misc":{"Est. reading time":"2 minutes"},"schema":{"@context":"https:\/\/schema.org","@graph":[{"@type":"WebPage","@id":"https:\/\/lundbergtech.com\/es\/su-proceso\/fabricacion-de-etiquetas\/","url":"https:\/\/lundbergtech.com\/es\/su-proceso\/fabricacion-de-etiquetas\/","name":"Etiquetas | Sistemas de gesti\u00f3n de residuos de desbarbe y desmalle","isPartOf":{"@id":"https:\/\/lundbergtech.com\/#website"},"primaryImageOfPage":{"@id":"https:\/\/lundbergtech.com\/es\/su-proceso\/fabricacion-de-etiquetas\/#primaryimage"},"image":{"@id":"https:\/\/lundbergtech.com\/es\/su-proceso\/fabricacion-de-etiquetas\/#primaryimage"},"thumbnailUrl":"https:\/\/lundbergtech.com\/wp-content\/uploads\/2021\/09\/Label_Matrix3-scaled.jpg","datePublished":"2021-05-19T11:47:00+00:00","dateModified":"2023-06-30T12:45:07+00:00","description":"En sus instalaciones de producci\u00f3n de etiquetas, es muy probable que haya desperdicio de desbarbes laterales y desmallado que deban eliminarse para lograr un funcionamiento fluido y eficiente","breadcrumb":{"@id":"https:\/\/lundbergtech.com\/es\/su-proceso\/fabricacion-de-etiquetas\/#breadcrumb"},"inLanguage":"es-ES","potentialAction":[{"@type":"ReadAction","target":["https:\/\/lundbergtech.com\/es\/su-proceso\/fabricacion-de-etiquetas\/"]}]},{"@type":"ImageObject","inLanguage":"es-ES","@id":"https:\/\/lundbergtech.com\/es\/su-proceso\/fabricacion-de-etiquetas\/#primaryimage","url":"https:\/\/lundbergtech.com\/wp-content\/uploads\/2021\/09\/Label_Matrix3-scaled.jpg","contentUrl":"https:\/\/lundbergtech.com\/wp-content\/uploads\/2021\/09\/Label_Matrix3-scaled.jpg","width":2560,"height":2516,"caption":"Label matrix removal from converting machine"},{"@type":"BreadcrumbList","@id":"https:\/\/lundbergtech.com\/es\/su-proceso\/fabricacion-de-etiquetas\/#breadcrumb","itemListElement":[{"@type":"ListItem","position":1,"name":"Su proceso","item":"https:\/\/lundbergtech.com\/es\/su-proceso\/"},{"@type":"ListItem","position":2,"name":"Fabricaci\u00f3n de etiquetas"}]},{"@type":"WebSite","@id":"https:\/\/lundbergtech.com\/#website","url":"https:\/\/lundbergtech.com\/","name":"Lundberg Tech","description":"Our waste handling keeps production going","potentialAction":[{"@type":"SearchAction","target":{"@type":"EntryPoint","urlTemplate":"https:\/\/lundbergtech.com\/?s={search_term_string}"},"query-input":{"@type":"PropertyValueSpecification","valueRequired":true,"valueName":"search_term_string"}}],"inLanguage":"es-ES"}]}},"_links":{"self":[{"href":"https:\/\/lundbergtech.com\/es\/wp-json\/wp\/v2\/pages\/4754","targetHints":{"allow":["GET"]}}],"collection":[{"href":"https:\/\/lundbergtech.com\/es\/wp-json\/wp\/v2\/pages"}],"about":[{"href":"https:\/\/lundbergtech.com\/es\/wp-json\/wp\/v2\/types\/page"}],"author":[{"embeddable":true,"href":"https:\/\/lundbergtech.com\/es\/wp-json\/wp\/v2\/users\/1"}],"replies":[{"embeddable":true,"href":"https:\/\/lundbergtech.com\/es\/wp-json\/wp\/v2\/comments?post=4754"}],"version-history":[{"count":13,"href":"https:\/\/lundbergtech.com\/es\/wp-json\/wp\/v2\/pages\/4754\/revisions"}],"predecessor-version":[{"id":7500,"href":"https:\/\/lundbergtech.com\/es\/wp-json\/wp\/v2\/pages\/4754\/revisions\/7500"}],"up":[{"embeddable":true,"href":"https:\/\/lundbergtech.com\/es\/wp-json\/wp\/v2\/pages\/4751"}],"wp:featuredmedia":[{"embeddable":true,"href":"https:\/\/lundbergtech.com\/es\/wp-json\/wp\/v2\/media\/1336"}],"wp:attachment":[{"href":"https:\/\/lundbergtech.com\/es\/wp-json\/wp\/v2\/media?parent=4754"}],"curies":[{"name":"wp","href":"https:\/\/api.w.org\/{rel}","templated":true}]}}