{"id":4764,"date":"2021-05-19T11:48:56","date_gmt":"2021-05-19T11:48:56","guid":{"rendered":"https:\/\/lundbergtech.com\/roll-to-roll-processing\/"},"modified":"2023-07-03T13:43:11","modified_gmt":"2023-07-03T13:43:11","slug":"fabricacion-bobina-a-bobina","status":"publish","type":"page","link":"https:\/\/lundbergtech.com\/es\/su-proceso\/fabricacion-bobina-a-bobina\/","title":{"rendered":"Fabricaci\u00f3n bobina a bobina"},"content":{"rendered":"<div class=\"wpb-content-wrapper\"><p>[vc_row full_width=&#8221;stretch_row&#8221; css=&#8221;.vc_custom_1634201035523{background-position: center !important;background-repeat: no-repeat !important;background-size: cover !important;}&#8221;][vc_column]<div class=\"m-text-image md:flex md:py-10 lg:relative container lg:pb-20\">\n    <div class=\"md:w-6\/12 bg-white p-4 pb-5  md:p-10 filter drop-shadow-lg lg:mb-20  z-20 lg:p-14  md:order-2 md:ml-2 lg:ml-4 xl:ml-6 \">\n      <div class=\"m-text-image__content pb-4 lg:pb-12 md:text-18\">\n        Al procesar materias primas flexibles que se presentan en rollos, esto se hace habitualmente siguiendo un proceso de bobina a bobina (R2R). Durante este, la banda del rollo puede imprimirse, laminarse, y posiblemente tambi\u00e9n cortarse para que se ajuste a un tama\u00f1o espec\u00edfico. Es muy probable que deban retirarse desbarbes orillos o refilos laterales durante el proceso de corte.<\/p>\n<p>Independientemente de si es un fabricante de materiales no tejidos, dispositivos electr\u00f3nicos, embalajes flexibles o de cualquier otro tipo de productos que se presenten en un rollo, los desbarbes laterales suponen un reto universal. Las soluciones de Lundberg Tech se han dise\u00f1ado para ayudarle a retirar f\u00e1cilmente los desbarbes laterales. Nuestros sistemas los capturan en el borde del rollo, los cortan en trozos peque\u00f1os para entonces llevarlos a un punto designado de recogida o al exterior.\n \n      <\/div>\n          <\/div>\n\n    <div class=\"block md:hidden\">\n      <img decoding=\"async\" src=\"https:\/\/lundbergtech.com\/wp-content\/uploads\/2021\/10\/R2R-manufacturing2-570x0-c-default.jpg\" alt=\"Trim capturing from slitter rewinder\" class=\"lg:mb-0 lg:absolute lg:right-0 lg:mt-0 lg:-bottom-28\">\n    <\/div>\n\n    <div class=\" md:w-6\/12 md:h-96 md:relative md:mt-20 lg:z-10 hidden md:block  lg:h-auto  left md:order-1 md:mr-2 lg:mr-4  xl:mr-6 \">\n      <div class=\"bg-cover lg:h-540 w-full md:h-full lg:absolute lg:bottom-0 lg:mt-0\" style=\"background-image:url('https:\/\/lundbergtech.com\/wp-content\/uploads\/2021\/10\/R2R-manufacturing2-570x0-c-default.jpg');\"><\/div>\n    <\/div>\n\n\n<\/div>\n\n\n[\/vc_column][\/vc_row][vc_row full_width=&#8221;stretch_row_content_no_spaces&#8221;][vc_column]<div class=\"m-benefits-carousel relative py-14 pb-8 md:pt-24 md:pb-6 lg:pt-36 lg:pb-12  image-right \">\n    <div class=\"container md:mx-auto px-3 pb-2 lg:max-w-4xl xl:max-w-6xl lg:relative \">\n\n        <h2 class=\"text-left md:pb-0 leading-8 md:text-32 md:w-4\/12 md:leading-8 lg:text-36 lg:leading-10 xl:leading-11 xl:text-42 md:border-t md:border-lt_grey md:pt-4\">\n        <span class=\"text-lt_blue font-heading font-medium\">Beneficios y caracter\u00edsticas<\/span>\n        <span class=\"text-lt_green text-16 lg:text-18 leading-5 block font-semibold md:pt-2 \">Los sistemas de gesti\u00f3n de desperdicios de Lundberg Tech permiten una producci\u00f3n continua y aportan muchos beneficios m\u00e1s: <\/span><\/h2>\n\n        <div class=\"c-slider__arrows c-slider--benefits__arrows w-32 h-10 mx-auto z-20 absolute left-0 right-0 text-center md:ml-0 md:text-left md:z-50 md:w-24\"><\/div>\n\n        <div class=\"md:overflow-hidden md:mt-1 md:pb-12 lg:pb-14 xl:pb-18 js-benefits-carousel z-20 \">\n            <div class=\"\">\n    <div class=\"md:flex md:h-592\">\n\n        <div class=\"md:w-5\/12 md:ml-10 lg:w-6\/12 xl:w-6\/12 m-benefits-carousel__image-container md:mb-14\">\n                        <div class=\"w-full h-64 md:h-full relative overflow-hidden bg-top bg-no-repeat bg-cover\" style=\"background-image:url('https:\/\/lundbergtech.com\/wp-content\/uploads\/2021\/10\/R2R-manufacturing-742x583.jpg');\"><\/div>\n                    <\/div>\n\n\n        <div class=\"md:w-6\/12 m-benefits-carousel__content-container\">\n            <div class=\"z-10 text-left bg-white p-3 lg:ml-0 md:relative \">\n\n                <div class=\"m-benefits-carousel__content px-3 \">\n                    <\/p>\n<ul>\n<li>Dr\u00e1stica disminuci\u00f3n en el volumen de los desperdicios<\/li>\n<li>Preparan los desperdicios para su reciclaje<\/li>\n<li>Garantizan que la gesti\u00f3n de desbarbes no suponga limitaciones para su proceso de bobina a bobina<\/li>\n<li>Reducen la manipulaci\u00f3n de desperdicios<\/li>\n<li>Transportan el material al punto de recogida<\/li>\n<\/ul>\n<p>\n                <\/div>\n\n                <\/div>\n           <\/div>\n\n\n\n\n\n    <\/div>\n\n<\/div>\n\n        <\/div>\n         <div class=\"c-slider__dots c-slider--benefits__dots  static h-4 mt-10 lg:mt-14 mx-auto z-20  left-0 right-0 text-center\"><\/div>\n   \t<\/div>\n<\/div>\n\n[\/vc_column][\/vc_row][vc_row][vc_column]<div class=\"m-spacer m-spacer-69db6160cf053\" data-id=\"69db6160cf053\" data-height=\"0\" data-height-mobile=\"25\" data-height-tab=\"0\" data-height-tab-portrait=\"0\" style=\"clear:both;display:block;\"><\/div>\n\n\n\n<div class=\"m-text-image md:flex md:py-10 lg:relative container lg:pb-20\">\n    <div class=\"md:w-6\/12 bg-white p-4 pb-5  md:p-10 filter drop-shadow-lg lg:mb-20  z-20 lg:p-14  md:order-2 md:ml-2 lg:ml-4 xl:ml-6 \">\n      <div class=\"m-text-image__content pb-4 lg:pb-12 md:text-18\">\n        <\/p>\n<h2>Un tratamiento de desperdicios eficaz sin importar el n\u00famero de rollos y el ancho de los desbarbes<\/h2>\n<p>Lundberg Tech lleva ya m\u00e1s de 4 d\u00e9cadas dise\u00f1ando y fabricando equipos y sistemas de gesti\u00f3n de desperdicio para m\u00e1quinas de procesamiento bobina a bobina. Nuestras soluciones son muy reconocidas y pueden retirar desbarbes de maquinaria de baja velocidad, m\u00e1quinas que operan por tramos y tambi\u00e9n de las m\u00e1s r\u00e1pidas, que operan a velocidades de hasta 2500 m\/min.<\/p>\n<p>El ancho de los desbarbes ya no tiene importancia. No hay l\u00edmites, dado que Lundberg Tech fabrica <a href=https:\/\/lundbergtech.com\/es\/granulators-and-cutters\/>Granuladores<\/a> de hasta 660 mm de ancho. Y podemos encargarnos de desbarbes incluso mayores, dependiendo del material.\n \n      <\/div>\n          <\/div>\n\n    <div class=\"block md:hidden\">\n      <img decoding=\"async\" src=\"https:\/\/lundbergtech.com\/wp-content\/uploads\/2021\/10\/R2R_Trims3-570x0-c-default.jpg\" alt=\"\" class=\"lg:mb-0 lg:absolute lg:right-0 lg:mt-0 lg:-bottom-28\">\n    <\/div>\n\n    <div class=\" md:w-6\/12 md:h-96 md:relative md:mt-20 lg:z-10 hidden md:block  lg:h-auto  left md:order-1 md:mr-2 lg:mr-4  xl:mr-6 \">\n      <div class=\"bg-cover lg:h-540 w-full md:h-full lg:absolute lg:bottom-0 lg:mt-0\" style=\"background-image:url('https:\/\/lundbergtech.com\/wp-content\/uploads\/2021\/10\/R2R_Trims3-570x0-c-default.jpg');\"><\/div>\n    <\/div>\n\n\n<\/div>\n\n\n<div class=\"m-spacer m-spacer-69db6160d087b\" data-id=\"69db6160d087b\" data-height=\"0\" data-height-mobile=\"25\" data-height-tab=\"0\" data-height-tab-portrait=\"0\" style=\"clear:both;display:block;\"><\/div>\n\n\n\n[\/vc_column][\/vc_row][vc_row][vc_column]<div class=\"m-text-image md:flex md:py-10 lg:relative container lg:pb-20\">\n    <div class=\"md:w-6\/12 bg-white p-4 pb-5  md:p-10 filter drop-shadow-lg lg:mb-20  z-20 lg:p-14  md:order-1 md:mr-2 lg:mr-4  xl:mr-6 \">\n      <div class=\"m-text-image__content pb-4 lg:pb-12 md:text-18\">\n        Los sistemas de tratamiento de desperdicios de Lundberg Tech pueden emplearse con todo tipo de materiales, como papel, pel\u00edcula pl\u00e1stica, pl\u00e1stico termoformado, pel\u00edcula laminada, cart\u00f3n, tejidos, goma, metal fino, as\u00ed como materiales con pegamento entre sus capas o sobre la superficie. P\u00f3ngase en contacto con nosotros para realizar una prueba y confirmar si podemos cortar el material en cuesti\u00f3n.<\/p>\n<p>Para los procesos bobina a bobina, puede emplear nuestros <a href=https:\/\/lundbergtech.com\/es\/all-in-one-units\/>Equipos Todo en Uno<\/a> para la recogida de desbarbes de una o varias m\u00e1quinas. Los Equipos Todo en Uno incluyen todo lo que pueda necesitar para retirar y recoger desbarbes, y adem\u00e1s son muy f\u00e1ciles de instalar.<\/p>\n<p>Otra opci\u00f3n es que dise\u00f1emos junto con usted un <a href=https:\/\/lundbergtech.com\/es\/central-systems\/>Sistema Central<\/a> centrado en cubrir todas sus necesidades. Nuestros Sistemas Centrales pueden recoger desbarbes de un n\u00famero ilimitado de m\u00e1quinas. Tambi\u00e9n pueden dise\u00f1arse de modo que separen los materiales para su posterior reciclaje.<\/p>\n<p>Si ya cuenta con uno de nuestros sistemas y necesita ampliarlo con alg\u00fan <a href=https:\/\/lundbergtech.com\/es\/granulators-and-cutters\/>Granulador<\/a> adicional, podemos ayudarle a elegir uno de nuestra amplia gama de productos, de dise\u00f1o y fabricaci\u00f3n propios.\n \n      <\/div>\n          <\/div>\n\n    <div class=\"block md:hidden\">\n      <img decoding=\"async\" src=\"https:\/\/lundbergtech.com\/wp-content\/uploads\/2021\/10\/R2R_Trims2-570x0-c-default.jpg\" alt=\"\" class=\"lg:mb-0 lg:absolute lg:right-0 lg:mt-0 lg:-bottom-28\">\n    <\/div>\n\n    <div class=\" md:w-6\/12 md:h-96 md:relative md:mt-20 lg:z-10 hidden md:block  lg:h-auto right md:order-2 md:ml-2 lg:ml-4  xl:ml-6 \">\n      <div class=\"bg-cover lg:h-540 w-full md:h-full lg:absolute lg:bottom-0 lg:mt-0\" style=\"background-image:url('https:\/\/lundbergtech.com\/wp-content\/uploads\/2021\/10\/R2R_Trims2-570x0-c-default.jpg');\"><\/div>\n    <\/div>\n\n\n<\/div>\n\n\n<div class=\"m-spacer m-spacer-69db6160d1cc2\" data-id=\"69db6160d1cc2\" data-height=\"0\" data-height-mobile=\"25\" data-height-tab=\"0\" data-height-tab-portrait=\"0\" style=\"clear:both;display:block;\"><\/div>\n\n\n\n[\/vc_column][\/vc_row][vc_row full_width=&#8221;stretch_row_content_no_spaces&#8221;][vc_column]<div class=\"m-case-study-carousel relative py-14 pb-32 md:pt-24 md:pb-36 lg:pt-36 lg:pb-32\">\n    <div class=\"container md:mx-auto px-3 pb-8 lg:max-w-4xl xl:max-w-6xl lg:relative \">\n\n        <h2 class=\"text-left md:pb-0 leading-8 md:text-32 md:leading-8 lg:text-36 lg:leading-10 xl:leading-11 xl:text-42 md:border-t md:border-lt_grey md:pt-4\">\n        <span class=\"text-lt_blue font-heading font-medium\">Recent<\/span>\n        <span class=\"text-lt_green font-heading block font-medium \">Case Studies <\/span><\/h2>\n\n        <div class=\"c-slider__arrows c-slider--casestudy__arrows w-32 h-10 mx-auto z-20 absolute left-0 right-0 text-center md:ml-0 md:text-left md:z-50 md:w-24\"><\/div>\n\n        <div class=\"md:overflow-hidden md:mt-1 md:pb-12 lg:pb-14 xl:pb-18 js-case-study-selector-carousel z-20\">\n            <div class=\"\">\n    <div class=\"md:flex md:h-400 xl:h-576\">\n\n        <div class=\"md:w-6\/12 xl:w-7\/12 xl:pr-3\">\n                        <div class=\"w-full h-64  lg:h-full relative overflow-hidden bg-top bg-no-repeat bg-cover\" style=\"background-image:url('https:\/\/lundbergtech.com\/wp-content\/uploads\/2022\/06\/KEK-Kaschierungen-Shafagh-Nosrati-testimonial-WasteTech-2022a-742x370.jpg');\"><\/div>\n                    <\/div>\n\n\n        <div class=\"md:w-5\/12 md:ml-7  md:relative\">\n            <div class=\"p-5 md:px-8 mb-5 md:pb-7 lg:pb-12 lg:px-10 relative z-10 text-left bg-white  md:absolute md:drop-shadow-md xl:drop-shadow-xl md:filter md:m-0  md:w-full  md:right-0 md:top-52 lg:top-60 md:h-auto xl:ml-12 \">\n\n                    <a class=\"block u-a-nostyle mt-1 pt-3 md:pt-3  md:pl-0 lg:pt-4 xl:pt-5 md:hover:underline\" href=https:\/\/lundbergtech.com\/es\/case-studies-es\/kek-kaschierungen-roll-to-roll-processing\/ title=\"KEK &#8211; Kaschierungen \u2013 Roll-to-roll Processing\">\n                    <h3 class=\"leading-snug text-20  text-lt_blue md:leading-tight lg:text-20 xl:text-28 md:mb-0 font-bold \">KEK &#8211; Kaschierungen \u2013 Roll-to-roll Processing<\/h3>\n                    <\/a>\t\n                   \n                                        <a class=\"c-button--arrow-link\" href=https:\/\/lundbergtech.com\/es\/case-studies-es\/kek-kaschierungen-roll-to-roll-processing\/ title=\"KEK &#8211; Kaschierungen \u2013 Roll-to-roll Processing\">Read case study<\/a>\t\n                <\/div>\n           <\/div>\n\n\n\n\n\n    <\/div>\n\n<\/div>\n<div class=\"\">\n    <div class=\"md:flex md:h-400 xl:h-576\">\n\n        <div class=\"md:w-6\/12 xl:w-7\/12 xl:pr-3\">\n                        <div class=\"w-full h-64  lg:h-full relative overflow-hidden bg-top bg-no-repeat bg-cover\" style=\"background-image:url('https:\/\/lundbergtech.com\/wp-content\/uploads\/2022\/03\/Bausch-Convert-A-Bausch-WasteTech-200-testimonial-1-742x370.jpg');\"><\/div>\n                    <\/div>\n\n\n        <div class=\"md:w-5\/12 md:ml-7  md:relative\">\n            <div class=\"p-5 md:px-8 mb-5 md:pb-7 lg:pb-12 lg:px-10 relative z-10 text-left bg-white  md:absolute md:drop-shadow-md xl:drop-shadow-xl md:filter md:m-0  md:w-full  md:right-0 md:top-52 lg:top-60 md:h-auto xl:ml-12 \">\n\n                    <a class=\"block u-a-nostyle mt-1 pt-3 md:pt-3  md:pl-0 lg:pt-4 xl:pt-5 md:hover:underline\" href=https:\/\/lundbergtech.com\/es\/news\/bausch-convert-roll-to-roll-processing\/ title=\"Bausch Convert \u2013 Roll-to-roll Processing\">\n                    <h3 class=\"leading-snug text-20  text-lt_blue md:leading-tight lg:text-20 xl:text-28 md:mb-0 font-bold \">Bausch Convert \u2013 Roll-to-roll Processing<\/h3>\n                    <\/a>\t\n                   \n                                        <a class=\"c-button--arrow-link\" href=https:\/\/lundbergtech.com\/es\/news\/bausch-convert-roll-to-roll-processing\/ title=\"Bausch Convert \u2013 Roll-to-roll Processing\">Read case study<\/a>\t\n                <\/div>\n           <\/div>\n\n\n\n\n\n    <\/div>\n\n<\/div>\n\n        <\/div>\n         <div class=\"c-slider__dots c-slider--casestudy__dots  mx-auto z-20 absolute left-0 right-0 text-center\"><\/div>\n   \t<\/div>\n<\/div>\n\n<div class=\"m-spacer m-spacer-69db6160d5baa\" data-id=\"69db6160d5baa\" data-height=\"25\" data-height-mobile=\"0\" data-height-tab=\"0\" data-height-tab-portrait=\"0\" style=\"clear:both;display:block;\"><\/div>\n\n\n\n[\/vc_column][\/vc_row]<\/p>\n<\/div>","protected":false},"excerpt":{"rendered":"<p>[vc_row full_width=&#8221;stretch_row&#8221; css=&#8221;.vc_custom_1634201035523{background-position: center !important;background-repeat: no-repeat !important;background-size: cover !important;}&#8221;][vc_column][\/vc_column][\/vc_row][vc_row full_width=&#8221;stretch_row_content_no_spaces&#8221;][vc_column][\/vc_column][\/vc_row][vc_row][vc_column][\/vc_column][\/vc_row][vc_row][vc_column][\/vc_column][\/vc_row][vc_row full_width=&#8221;stretch_row_content_no_spaces&#8221;][vc_column][\/vc_column][\/vc_row]<\/p>\n","protected":false},"author":1,"featured_media":1567,"parent":4751,"menu_order":0,"comment_status":"closed","ping_status":"closed","template":"","meta":{"_acf_changed":false,"inline_featured_image":false,"footnotes":""},"class_list":["post-4764","page","type-page","status-publish","has-post-thumbnail","hentry"],"acf":[],"yoast_head":"<!-- This site is optimized with the Yoast SEO plugin v27.1.1 - https:\/\/yoast.com\/product\/yoast-seo-wordpress\/ -->\n<title>Fabricaci\u00f3n bobina a bobina | Retirar f\u00e1cilmente los desbarbes laterales<\/title>\n<meta name=\"description\" content=\"Un tratamiento de desperdicios eficaz sin importar el n\u00famero de rollos y el ancho de los desbarbes | Equipos Todo en Uno para los procesos bobina a bobina\" \/>\n<meta name=\"robots\" content=\"index, follow, max-snippet:-1, max-image-preview:large, max-video-preview:-1\" \/>\n<link rel=\"canonical\" href=\"https:\/\/lundbergtech.com\/es\/su-proceso\/fabricacion-bobina-a-bobina\/\" \/>\n<meta property=\"og:locale\" content=\"es_ES\" \/>\n<meta property=\"og:type\" content=\"article\" \/>\n<meta property=\"og:title\" content=\"Fabricaci\u00f3n bobina a bobina | Retirar f\u00e1cilmente los desbarbes laterales\" \/>\n<meta property=\"og:description\" content=\"Un tratamiento de desperdicios eficaz sin importar el n\u00famero de rollos y el ancho de los desbarbes | Equipos Todo en Uno para los procesos bobina a bobina\" \/>\n<meta property=\"og:url\" content=\"https:\/\/lundbergtech.com\/es\/su-proceso\/fabricacion-bobina-a-bobina\/\" \/>\n<meta property=\"og:site_name\" content=\"Lundberg Tech\" \/>\n<meta property=\"article:publisher\" content=\"https:\/\/www.facebook.com\/lundbergtech\" \/>\n<meta property=\"article:modified_time\" content=\"2023-07-03T13:43:11+00:00\" \/>\n<meta property=\"og:image\" content=\"https:\/\/lundbergtech.com\/wp-content\/uploads\/2021\/10\/R2R_trims01.jpg\" \/>\n\t<meta property=\"og:image:width\" content=\"700\" \/>\n\t<meta property=\"og:image:height\" content=\"387\" \/>\n\t<meta property=\"og:image:type\" content=\"image\/jpeg\" \/>\n<meta name=\"twitter:card\" content=\"summary_large_image\" \/>\n<meta name=\"twitter:site\" content=\"@lundbergtech\" \/>\n<meta name=\"twitter:label1\" content=\"Est. reading time\" \/>\n\t<meta name=\"twitter:data1\" content=\"3 minutes\" \/>\n<script type=\"application\/ld+json\" class=\"yoast-schema-graph\">{\"@context\":\"https:\/\/schema.org\",\"@graph\":[{\"@type\":\"WebPage\",\"@id\":\"https:\/\/lundbergtech.com\/es\/su-proceso\/fabricacion-bobina-a-bobina\/\",\"url\":\"https:\/\/lundbergtech.com\/es\/su-proceso\/fabricacion-bobina-a-bobina\/\",\"name\":\"Fabricaci\u00f3n bobina a bobina | Retirar f\u00e1cilmente los desbarbes laterales\",\"isPartOf\":{\"@id\":\"https:\/\/lundbergtech.com\/#website\"},\"primaryImageOfPage\":{\"@id\":\"https:\/\/lundbergtech.com\/es\/su-proceso\/fabricacion-bobina-a-bobina\/#primaryimage\"},\"image\":{\"@id\":\"https:\/\/lundbergtech.com\/es\/su-proceso\/fabricacion-bobina-a-bobina\/#primaryimage\"},\"thumbnailUrl\":\"https:\/\/lundbergtech.com\/wp-content\/uploads\/2021\/10\/R2R_trims01.jpg\",\"datePublished\":\"2021-05-19T11:48:56+00:00\",\"dateModified\":\"2023-07-03T13:43:11+00:00\",\"description\":\"Un tratamiento de desperdicios eficaz sin importar el n\u00famero de rollos y el ancho de los desbarbes | Equipos Todo en Uno para los procesos bobina a bobina\",\"breadcrumb\":{\"@id\":\"https:\/\/lundbergtech.com\/es\/su-proceso\/fabricacion-bobina-a-bobina\/#breadcrumb\"},\"inLanguage\":\"es-ES\",\"potentialAction\":[{\"@type\":\"ReadAction\",\"target\":[\"https:\/\/lundbergtech.com\/es\/su-proceso\/fabricacion-bobina-a-bobina\/\"]}]},{\"@type\":\"ImageObject\",\"inLanguage\":\"es-ES\",\"@id\":\"https:\/\/lundbergtech.com\/es\/su-proceso\/fabricacion-bobina-a-bobina\/#primaryimage\",\"url\":\"https:\/\/lundbergtech.com\/wp-content\/uploads\/2021\/10\/R2R_trims01.jpg\",\"contentUrl\":\"https:\/\/lundbergtech.com\/wp-content\/uploads\/2021\/10\/R2R_trims01.jpg\",\"width\":700,\"height\":387},{\"@type\":\"BreadcrumbList\",\"@id\":\"https:\/\/lundbergtech.com\/es\/su-proceso\/fabricacion-bobina-a-bobina\/#breadcrumb\",\"itemListElement\":[{\"@type\":\"ListItem\",\"position\":1,\"name\":\"Su proceso\",\"item\":\"https:\/\/lundbergtech.com\/es\/su-proceso\/\"},{\"@type\":\"ListItem\",\"position\":2,\"name\":\"Fabricaci\u00f3n bobina a bobina\"}]},{\"@type\":\"WebSite\",\"@id\":\"https:\/\/lundbergtech.com\/#website\",\"url\":\"https:\/\/lundbergtech.com\/\",\"name\":\"Lundberg Tech\",\"description\":\"Our waste handling keeps production going\",\"potentialAction\":[{\"@type\":\"SearchAction\",\"target\":{\"@type\":\"EntryPoint\",\"urlTemplate\":\"https:\/\/lundbergtech.com\/?s={search_term_string}\"},\"query-input\":{\"@type\":\"PropertyValueSpecification\",\"valueRequired\":true,\"valueName\":\"search_term_string\"}}],\"inLanguage\":\"es-ES\"}]}<\/script>\n<!-- \/ Yoast SEO plugin. -->","yoast_head_json":{"title":"Fabricaci\u00f3n bobina a bobina | Retirar f\u00e1cilmente los desbarbes laterales","description":"Un tratamiento de desperdicios eficaz sin importar el n\u00famero de rollos y el ancho de los desbarbes | Equipos Todo en Uno para los procesos bobina a bobina","robots":{"index":"index","follow":"follow","max-snippet":"max-snippet:-1","max-image-preview":"max-image-preview:large","max-video-preview":"max-video-preview:-1"},"canonical":"https:\/\/lundbergtech.com\/es\/su-proceso\/fabricacion-bobina-a-bobina\/","og_locale":"es_ES","og_type":"article","og_title":"Fabricaci\u00f3n bobina a bobina | Retirar f\u00e1cilmente los desbarbes laterales","og_description":"Un tratamiento de desperdicios eficaz sin importar el n\u00famero de rollos y el ancho de los desbarbes | Equipos Todo en Uno para los procesos bobina a bobina","og_url":"https:\/\/lundbergtech.com\/es\/su-proceso\/fabricacion-bobina-a-bobina\/","og_site_name":"Lundberg Tech","article_publisher":"https:\/\/www.facebook.com\/lundbergtech","article_modified_time":"2023-07-03T13:43:11+00:00","og_image":[{"width":700,"height":387,"url":"https:\/\/lundbergtech.com\/wp-content\/uploads\/2021\/10\/R2R_trims01.jpg","type":"image\/jpeg"}],"twitter_card":"summary_large_image","twitter_site":"@lundbergtech","twitter_misc":{"Est. reading time":"3 minutes"},"schema":{"@context":"https:\/\/schema.org","@graph":[{"@type":"WebPage","@id":"https:\/\/lundbergtech.com\/es\/su-proceso\/fabricacion-bobina-a-bobina\/","url":"https:\/\/lundbergtech.com\/es\/su-proceso\/fabricacion-bobina-a-bobina\/","name":"Fabricaci\u00f3n bobina a bobina | Retirar f\u00e1cilmente los desbarbes laterales","isPartOf":{"@id":"https:\/\/lundbergtech.com\/#website"},"primaryImageOfPage":{"@id":"https:\/\/lundbergtech.com\/es\/su-proceso\/fabricacion-bobina-a-bobina\/#primaryimage"},"image":{"@id":"https:\/\/lundbergtech.com\/es\/su-proceso\/fabricacion-bobina-a-bobina\/#primaryimage"},"thumbnailUrl":"https:\/\/lundbergtech.com\/wp-content\/uploads\/2021\/10\/R2R_trims01.jpg","datePublished":"2021-05-19T11:48:56+00:00","dateModified":"2023-07-03T13:43:11+00:00","description":"Un tratamiento de desperdicios eficaz sin importar el n\u00famero de rollos y el ancho de los desbarbes | Equipos Todo en Uno para los procesos bobina a bobina","breadcrumb":{"@id":"https:\/\/lundbergtech.com\/es\/su-proceso\/fabricacion-bobina-a-bobina\/#breadcrumb"},"inLanguage":"es-ES","potentialAction":[{"@type":"ReadAction","target":["https:\/\/lundbergtech.com\/es\/su-proceso\/fabricacion-bobina-a-bobina\/"]}]},{"@type":"ImageObject","inLanguage":"es-ES","@id":"https:\/\/lundbergtech.com\/es\/su-proceso\/fabricacion-bobina-a-bobina\/#primaryimage","url":"https:\/\/lundbergtech.com\/wp-content\/uploads\/2021\/10\/R2R_trims01.jpg","contentUrl":"https:\/\/lundbergtech.com\/wp-content\/uploads\/2021\/10\/R2R_trims01.jpg","width":700,"height":387},{"@type":"BreadcrumbList","@id":"https:\/\/lundbergtech.com\/es\/su-proceso\/fabricacion-bobina-a-bobina\/#breadcrumb","itemListElement":[{"@type":"ListItem","position":1,"name":"Su proceso","item":"https:\/\/lundbergtech.com\/es\/su-proceso\/"},{"@type":"ListItem","position":2,"name":"Fabricaci\u00f3n bobina a bobina"}]},{"@type":"WebSite","@id":"https:\/\/lundbergtech.com\/#website","url":"https:\/\/lundbergtech.com\/","name":"Lundberg Tech","description":"Our waste handling keeps production going","potentialAction":[{"@type":"SearchAction","target":{"@type":"EntryPoint","urlTemplate":"https:\/\/lundbergtech.com\/?s={search_term_string}"},"query-input":{"@type":"PropertyValueSpecification","valueRequired":true,"valueName":"search_term_string"}}],"inLanguage":"es-ES"}]}},"_links":{"self":[{"href":"https:\/\/lundbergtech.com\/es\/wp-json\/wp\/v2\/pages\/4764","targetHints":{"allow":["GET"]}}],"collection":[{"href":"https:\/\/lundbergtech.com\/es\/wp-json\/wp\/v2\/pages"}],"about":[{"href":"https:\/\/lundbergtech.com\/es\/wp-json\/wp\/v2\/types\/page"}],"author":[{"embeddable":true,"href":"https:\/\/lundbergtech.com\/es\/wp-json\/wp\/v2\/users\/1"}],"replies":[{"embeddable":true,"href":"https:\/\/lundbergtech.com\/es\/wp-json\/wp\/v2\/comments?post=4764"}],"version-history":[{"count":14,"href":"https:\/\/lundbergtech.com\/es\/wp-json\/wp\/v2\/pages\/4764\/revisions"}],"predecessor-version":[{"id":7548,"href":"https:\/\/lundbergtech.com\/es\/wp-json\/wp\/v2\/pages\/4764\/revisions\/7548"}],"up":[{"embeddable":true,"href":"https:\/\/lundbergtech.com\/es\/wp-json\/wp\/v2\/pages\/4751"}],"wp:featuredmedia":[{"embeddable":true,"href":"https:\/\/lundbergtech.com\/es\/wp-json\/wp\/v2\/media\/1567"}],"wp:attachment":[{"href":"https:\/\/lundbergtech.com\/es\/wp-json\/wp\/v2\/media?parent=4764"}],"curies":[{"name":"wp","href":"https:\/\/api.w.org\/{rel}","templated":true}]}}