{"id":4766,"date":"2021-05-19T11:47:38","date_gmt":"2021-05-19T11:47:38","guid":{"rendered":"https:\/\/lundbergtech.com\/slitting-rewinding\/"},"modified":"2023-07-03T13:52:25","modified_gmt":"2023-07-03T13:52:25","slug":"corte-y-rebobinado","status":"publish","type":"page","link":"https:\/\/lundbergtech.com\/es\/su-proceso\/corte-y-rebobinado\/","title":{"rendered":"Corte y rebobinado"},"content":{"rendered":"<div class=\"wpb-content-wrapper\"><p>[vc_row full_width=&#8221;stretch_row&#8221; css=&#8221;.vc_custom_1624535937170{background-image: url(https:\/\/lundbergtech.com\/wp-content\/uploads\/2021\/06\/grey-abstract-bg-2.jpg?id=323) !important;background-position: center !important;background-repeat: no-repeat !important;background-size: cover !important;}&#8221;][vc_column]<div class=\"m-spacer m-spacer-69ef3bca5b801\" data-id=\"69ef3bca5b801\" data-height=\"0\" data-height-mobile=\"0\" data-height-tab=\"50\" data-height-tab-portrait=\"0\" style=\"clear:both;display:block;\"><\/div>\n\n\n\n<div class=\"m-text-image md:flex md:py-10 lg:relative container lg:pb-20\">\n    <div class=\"md:w-6\/12 bg-white p-4 pb-5  md:p-10 filter drop-shadow-lg lg:mb-20  z-20 lg:p-14  md:order-2 md:ml-2 lg:ml-4 xl:ml-6 \">\n      <div class=\"m-text-image__content pb-4 lg:pb-12 md:text-18\">\n        <span style=\"font-weight: 400;\">Al trabajar con sus m\u00e1quinas rebobinadora y cortadora, normalmente se crean recortes laterales y pudieran producirse tambi\u00e9n otros refilos en el ancho del rollo. Para poder usar de forma eficiente las m\u00e1quinas cortadoras es necesario contar con un sistema automatizado de gesti\u00f3n de desperdicios. En Lundberg Tech somos expertos en sistemas eficientes que cortan, transportan y recogen desbarbes a cualquier velocidad y de cualquier ancho.\u00a0<\/span>\n \n      <\/div>\n          <\/div>\n\n    <div class=\"block md:hidden\">\n      <img decoding=\"async\" src=\"https:\/\/lundbergtech.com\/wp-content\/uploads\/2021\/07\/Lundberg-Tech-slitting-rewinding1-570x0-c-default.jpg\" alt=\"\" class=\"lg:mb-0 lg:absolute lg:right-0 lg:mt-0 lg:-bottom-28\">\n    <\/div>\n\n    <div class=\" md:w-6\/12 md:h-96 md:relative md:mt-20 lg:z-10 hidden md:block  lg:h-auto  left md:order-1 md:mr-2 lg:mr-4  xl:mr-6 \">\n      <div class=\"bg-cover lg:h-540 w-full md:h-full lg:absolute lg:bottom-0 lg:mt-0\" style=\"background-image:url('https:\/\/lundbergtech.com\/wp-content\/uploads\/2021\/07\/Lundberg-Tech-slitting-rewinding1-570x0-c-default.jpg');\"><\/div>\n    <\/div>\n\n\n<\/div>\n\n\n[\/vc_column][\/vc_row][vc_row full_width=&#8221;stretch_row_content_no_spaces&#8221;][vc_column css=&#8221;.vc_custom_1636365156431{margin-top: 0px !important;margin-bottom: 0px !important;border-top-width: 0px !important;border-bottom-width: 0px !important;padding-top: 0px !important;padding-bottom: 0px !important;}&#8221;]<div class=\"m-benefits-carousel relative py-14 pb-8 md:pt-24 md:pb-6 lg:pt-36 lg:pb-12  image-right \">\n    <div class=\"container md:mx-auto px-3 pb-2 lg:max-w-4xl xl:max-w-6xl lg:relative \">\n\n        <h2 class=\"text-left md:pb-0 leading-8 md:text-32 md:w-4\/12 md:leading-8 lg:text-36 lg:leading-10 xl:leading-11 xl:text-42 md:border-t md:border-lt_grey md:pt-4\">\n        <span class=\"text-lt_blue font-heading font-medium\">Beneficios y caracter\u00edsticas<\/span>\n        <span class=\"text-lt_green text-16 lg:text-18 leading-5 block font-semibold md:pt-2 \">Los sistemas de tratamiento de desperdicios de Lundberg Tech para recortes o refilos se basan en cortarlos en trozos peque\u00f1os y transportarlos a un punto designado de recogida para as\u00ed: <\/span><\/h2>\n\n        <div class=\"c-slider__arrows c-slider--benefits__arrows w-32 h-10 mx-auto z-20 absolute left-0 right-0 text-center md:ml-0 md:text-left md:z-50 md:w-24\"><\/div>\n\n        <div class=\"md:overflow-hidden md:mt-1 md:pb-12 lg:pb-14 xl:pb-18 js-benefits-carousel z-20 \">\n            <div class=\"\">\n    <div class=\"md:flex md:h-592\">\n\n        <div class=\"md:w-5\/12 md:ml-10 lg:w-6\/12 xl:w-6\/12 m-benefits-carousel__image-container md:mb-14\">\n                        <div class=\"w-full h-64 md:h-full relative overflow-hidden bg-top bg-no-repeat bg-cover\" style=\"background-image:url('https:\/\/lundbergtech.com\/wp-content\/uploads\/2021\/10\/Slitting_trim_removal-742x583-1-742x583.jpg');\"><\/div>\n                    <\/div>\n\n\n        <div class=\"md:w-6\/12 m-benefits-carousel__content-container\">\n            <div class=\"z-10 text-left bg-white p-3 lg:ml-0 md:relative \">\n\n                <div class=\"m-benefits-carousel__content px-3 \">\n                    <\/p>\n<ul>\n<li style=\"font-weight: 400;\" aria-level=\"1\"><span style=\"font-weight: 400;\">Reducir dr\u00e1sticamente el volumen de desperdicios<\/span><\/li>\n<li style=\"font-weight: 400;\" aria-level=\"1\"><span style=\"font-weight: 400;\">Preparar los desperdicios para su reciclaje\u00a0<\/span><\/li>\n<li style=\"font-weight: 400;\" aria-level=\"1\"><span style=\"font-weight: 400;\">Asegurarse de que la gesti\u00f3n de los desperdicios del desbarbe no suponga una limitaci\u00f3n para la eficiencia de la m\u00e1quina cortadora<\/span><\/li>\n<li style=\"font-weight: 400;\" aria-level=\"1\"><span style=\"font-weight: 400;\">Reducir la manipulaci\u00f3n de los desperdicios\u00a0<\/span><\/li>\n<\/ul>\n<p>\n                <\/div>\n\n                <\/div>\n           <\/div>\n\n\n\n\n\n    <\/div>\n\n<\/div>\n\n        <\/div>\n         <div class=\"c-slider__dots c-slider--benefits__dots  static h-4 mt-10 lg:mt-14 mx-auto z-20  left-0 right-0 text-center\"><\/div>\n   \t<\/div>\n<\/div>\n\n<div class=\"m-spacer m-spacer-69ef3bca6b434\" data-id=\"69ef3bca6b434\" data-height=\"75\" data-height-mobile=\"\" data-height-tab=\"\" data-height-tab-portrait=\"\" style=\"clear:both;display:block;\"><\/div>\n\n\n\n[\/vc_column][\/vc_row][vc_row][vc_column]<div class=\"m-text-image md:flex md:py-10 lg:relative container lg:pb-20\">\n    <div class=\"md:w-6\/12 bg-white p-4 pb-5  md:p-10 filter drop-shadow-lg lg:mb-20  z-20 lg:p-14  md:order-2 md:ml-2 lg:ml-4 xl:ml-6 \">\n      <div class=\"m-text-image__content pb-4 lg:pb-12 md:text-18\">\n        <\/p>\n<h2>Los sistemas de gesti\u00f3n de desperdicios funcionan con desbarbes de todo tipo, independiente-mente de su material, grosor y ancho<\/h2>\n<p>Lundberg Tech lleva ya m\u00e1s de 40 a\u00f1os dise\u00f1ando y fabricando equipos y sistemas de gesti\u00f3n de desperdicio para m\u00e1quinas rebobinadoras y cortadoras, y la experiencia de todos estos a\u00f1os ha resultado muy positiva. Nuestras soluciones pueden retirar desbarbes de maquinaria de baja velocidad, m\u00e1quinas que operan por tramos y de las m\u00e1s r\u00e1pidas, que operan a velocidades de hasta 2500 m\/min.<\/p>\n<p>El ancho de los desbarbes tampoco supone una limitaci\u00f3n puesto que Lundberg Tech f\u00e1brica <a href=https:\/\/lundbergtech.com\/es\/granulators-and-cutters\/>Granuladores<\/a> con un ancho de hasta 660 mm, y podemos operar con desbarbes incluso mayores, dependiendo del material.<\/p>\n<p>Los sistemas de gesti\u00f3n de desperdicios de Lundberg Tech pueden emplearse con todo tipo de materiales, como papel, pel\u00edcula pl\u00e1stica, pl\u00e1stico termoformado, pel\u00edcula laminada, cart\u00f3n, tejidos, goma, metal fino, as\u00ed como materiales con cola entre sus capas o sobre la superficie. En caso de duda sobre alg\u00fan material concreto, p\u00f3ngase en contacto con nosotros para que hagamos una prueba.\n \n      <\/div>\n          <\/div>\n\n    <div class=\"block md:hidden\">\n      <img decoding=\"async\" src=\"https:\/\/lundbergtech.com\/wp-content\/uploads\/2021\/10\/Slitting_trim_removal-4-570x0-c-default.jpg\" alt=\"\" class=\"lg:mb-0 lg:absolute lg:right-0 lg:mt-0 lg:-bottom-28\">\n    <\/div>\n\n    <div class=\" md:w-6\/12 md:h-96 md:relative md:mt-20 lg:z-10 hidden md:block  lg:h-auto  left md:order-1 md:mr-2 lg:mr-4  xl:mr-6 \">\n      <div class=\"bg-cover lg:h-540 w-full md:h-full lg:absolute lg:bottom-0 lg:mt-0\" style=\"background-image:url('https:\/\/lundbergtech.com\/wp-content\/uploads\/2021\/10\/Slitting_trim_removal-4-570x0-c-default.jpg');\"><\/div>\n    <\/div>\n\n\n<\/div>\n\n\n[\/vc_column][\/vc_row][vc_row][vc_column]<div class=\"m-text-image md:flex md:py-10 lg:relative container lg:pb-20\">\n    <div class=\"md:w-6\/12 bg-white p-4 pb-5  md:p-10 filter drop-shadow-lg lg:mb-20  z-20 lg:p-14  md:order-1 md:mr-2 lg:mr-4  xl:mr-6 \">\n      <div class=\"m-text-image__content pb-4 lg:pb-12 md:text-18\">\n        Para los procesos de corte y rebobinado, puede emplear nuestros <a href=https:\/\/lundbergtech.com\/es\/all-in-one-units\/>Equipos Todo en Uno<\/a> para la recogida de desbarbes de una o varias m\u00e1quinas. Como su nombre implica, los Equipos Todo en Uno incluyen todo lo que pueda necesitar para retirar y recoger los desbarbes y, adem\u00e1s, son muy f\u00e1ciles de instalar.<\/p>\n<p>Otra opci\u00f3n es que le dise\u00f1emos un <a href=https:\/\/lundbergtech.com\/es\/central-systems\/>Sistema Central<\/a> personalizado para sus necesidades. Nuestros Sistemas Centrales pueden recoger desbarbes de un n\u00famero limitado de m\u00e1quinas y, adem\u00e1s, pueden dise\u00f1arse de modo que separen los materiales para su posterior reciclaje.<\/p>\n<p>Si ya dispone de un sistema y necesita ampliarlo con alg\u00fan <a href=https:\/\/lundbergtech.com\/es\/granulators-and-cutters\/>Granulador<\/a> adicional, podemos ayudarle a a\u00f1adir uno de nuestra amplia gama de Granuladores, de dise\u00f1o y fabricaci\u00f3n propios.\n \n      <\/div>\n          <\/div>\n\n    <div class=\"block md:hidden\">\n      <img decoding=\"async\" src=\"https:\/\/lundbergtech.com\/wp-content\/uploads\/2021\/10\/Slitting_trim_removal-2-scaled-570x0-c-default.jpg\" alt=\"\" class=\"lg:mb-0 lg:absolute lg:right-0 lg:mt-0 lg:-bottom-28\">\n    <\/div>\n\n    <div class=\" md:w-6\/12 md:h-96 md:relative md:mt-20 lg:z-10 hidden md:block  lg:h-auto right md:order-2 md:ml-2 lg:ml-4  xl:ml-6 \">\n      <div class=\"bg-cover lg:h-540 w-full md:h-full lg:absolute lg:bottom-0 lg:mt-0\" style=\"background-image:url('https:\/\/lundbergtech.com\/wp-content\/uploads\/2021\/10\/Slitting_trim_removal-2-scaled-570x0-c-default.jpg');\"><\/div>\n    <\/div>\n\n\n<\/div>\n\n\n[\/vc_column][\/vc_row][vc_row full_width=&#8221;stretch_row_content_no_spaces&#8221;][vc_column]<div class=\"m-spacer m-spacer-69ef3bca6e0a5\" data-id=\"69ef3bca6e0a5\" data-height=\"75\" data-height-mobile=\"\" data-height-tab=\"\" data-height-tab-portrait=\"\" style=\"clear:both;display:block;\"><\/div>\n\n\n\n<div class=\"m-case-study-carousel relative py-14 pb-32 md:pt-24 md:pb-36 lg:pt-36 lg:pb-32\">\n    <div class=\"container md:mx-auto px-3 pb-8 lg:max-w-4xl xl:max-w-6xl lg:relative \">\n\n        <h2 class=\"text-left md:pb-0 leading-8 md:text-32 md:leading-8 lg:text-36 lg:leading-10 xl:leading-11 xl:text-42 md:border-t md:border-lt_grey md:pt-4\">\n        <span class=\"text-lt_blue font-heading font-medium\">Recent<\/span>\n        <span class=\"text-lt_green font-heading block font-medium \">Case Studies <\/span><\/h2>\n\n        <div class=\"c-slider__arrows c-slider--casestudy__arrows w-32 h-10 mx-auto z-20 absolute left-0 right-0 text-center md:ml-0 md:text-left md:z-50 md:w-24\"><\/div>\n\n        <div class=\"md:overflow-hidden md:mt-1 md:pb-12 lg:pb-14 xl:pb-18 js-case-study-selector-carousel z-20\">\n            <div class=\"\">\n    <div class=\"md:flex md:h-400 xl:h-576\">\n\n        <div class=\"md:w-6\/12 xl:w-7\/12 xl:pr-3\">\n                        <div class=\"w-full h-64  lg:h-full relative overflow-hidden bg-top bg-no-repeat bg-cover\" style=\"background-image:url('https:\/\/lundbergtech.com\/wp-content\/uploads\/2021\/05\/gran-cutters-thumb.jpg');\"><\/div>\n                    <\/div>\n\n\n        <div class=\"md:w-5\/12 md:ml-7  md:relative\">\n            <div class=\"p-5 md:px-8 mb-5 md:pb-7 lg:pb-12 lg:px-10 relative z-10 text-left bg-white  md:absolute md:drop-shadow-md xl:drop-shadow-xl md:filter md:m-0  md:w-full  md:right-0 md:top-52 lg:top-60 md:h-auto xl:ml-12 \">\n\n                    <a class=\"block u-a-nostyle mt-1 pt-3 md:pt-3  md:pl-0 lg:pt-4 xl:pt-5 md:hover:underline\" href=https:\/\/lundbergtech.com\/case-studies\/upm-raflatac-slitting-and-rewinding\/ title=\"UPM Raflatac &#8211; Slitting and Rewinding\">\n                    <h3 class=\"leading-snug text-20  text-lt_blue md:leading-tight lg:text-20 xl:text-28 md:mb-0 font-bold \">UPM Raflatac &#8211; Slitting and Rewinding<\/h3>\n                    <\/a>\t\n                   \n                                        <a class=\"c-button--arrow-link\" href=https:\/\/lundbergtech.com\/case-studies\/upm-raflatac-slitting-and-rewinding\/ title=\"UPM Raflatac &#8211; Slitting and Rewinding\">Read case study<\/a>\t\n                <\/div>\n           <\/div>\n\n\n\n\n\n    <\/div>\n\n<\/div>\n<div class=\"\">\n    <div class=\"md:flex md:h-400 xl:h-576\">\n\n        <div class=\"md:w-6\/12 xl:w-7\/12 xl:pr-3\">\n                        <div class=\"w-full h-64  lg:h-full relative overflow-hidden bg-top bg-no-repeat bg-cover\" style=\"background-image:url('https:\/\/lundbergtech.com\/wp-content\/uploads\/2019\/11\/Mondi-Korneuburg-01-742x583.jpg');\"><\/div>\n                    <\/div>\n\n\n        <div class=\"md:w-5\/12 md:ml-7  md:relative\">\n            <div class=\"p-5 md:px-8 mb-5 md:pb-7 lg:pb-12 lg:px-10 relative z-10 text-left bg-white  md:absolute md:drop-shadow-md xl:drop-shadow-xl md:filter md:m-0  md:w-full  md:right-0 md:top-52 lg:top-60 md:h-auto xl:ml-12 \">\n\n                    <a class=\"block u-a-nostyle mt-1 pt-3 md:pt-3  md:pl-0 lg:pt-4 xl:pt-5 md:hover:underline\" href=https:\/\/lundbergtech.com\/case-studies\/mondi-slitting-and-rewinding\/ title=\"Mondi \u2013 Slitting and Rewinding\">\n                    <h3 class=\"leading-snug text-20  text-lt_blue md:leading-tight lg:text-20 xl:text-28 md:mb-0 font-bold \">Mondi \u2013 Slitting and Rewinding<\/h3>\n                    <\/a>\t\n                   \n                                        <a class=\"c-button--arrow-link\" href=https:\/\/lundbergtech.com\/case-studies\/mondi-slitting-and-rewinding\/ title=\"Mondi \u2013 Slitting and Rewinding\">Read case study<\/a>\t\n                <\/div>\n           <\/div>\n\n\n\n\n\n    <\/div>\n\n<\/div>\n\n        <\/div>\n         <div class=\"c-slider__dots c-slider--casestudy__dots  mx-auto z-20 absolute left-0 right-0 text-center\"><\/div>\n   \t<\/div>\n<\/div>\n\n<div class=\"m-spacer m-spacer-69ef3bca74ab1\" data-id=\"69ef3bca74ab1\" data-height=\"25\" data-height-mobile=\"0\" data-height-tab=\"25\" data-height-tab-portrait=\"0\" style=\"clear:both;display:block;\"><\/div>\n\n\n\n[\/vc_column][\/vc_row]<\/p>\n<\/div>","protected":false},"excerpt":{"rendered":"<p>[vc_row full_width=&#8221;stretch_row&#8221; css=&#8221;.vc_custom_1624535937170{background-image: url(https:\/\/lundbergtech.com\/wp-content\/uploads\/2021\/06\/grey-abstract-bg-2.jpg?id=323) !important;background-position: center !important;background-repeat: no-repeat !important;background-size: cover !important;}&#8221;][vc_column][\/vc_column][\/vc_row][vc_row full_width=&#8221;stretch_row_content_no_spaces&#8221;][vc_column css=&#8221;.vc_custom_1636365156431{margin-top: 0px !important;margin-bottom: 0px !important;border-top-width: 0px !important;border-bottom-width: 0px !important;padding-top: 0px !important;padding-bottom: 0px !important;}&#8221;][\/vc_column][\/vc_row][vc_row][vc_column][\/vc_column][\/vc_row][vc_row][vc_column][\/vc_column][\/vc_row][vc_row full_width=&#8221;stretch_row_content_no_spaces&#8221;][vc_column][\/vc_column][\/vc_row]<\/p>\n","protected":false},"author":1,"featured_media":1573,"parent":4751,"menu_order":0,"comment_status":"closed","ping_status":"closed","template":"","meta":{"_acf_changed":false,"inline_featured_image":false,"footnotes":""},"class_list":["post-4766","page","type-page","status-publish","has-post-thumbnail","hentry"],"acf":[],"yoast_head":"<!-- This site is optimized with the Yoast SEO plugin v27.1.1 - https:\/\/yoast.com\/product\/yoast-seo-wordpress\/ -->\n<title>Extracci\u00f3n eficaz de desbarbes refilos en el proceso de corte<\/title>\n<meta name=\"description\" content=\"Para poder usar de forma eficiente las m\u00e1quinas cortadoras es necesario contar con un sistema automatizado de tratamiento gesti\u00f3n de desperdicios\" \/>\n<meta name=\"robots\" content=\"index, follow, max-snippet:-1, max-image-preview:large, max-video-preview:-1\" \/>\n<link rel=\"canonical\" href=\"https:\/\/lundbergtech.com\/es\/su-proceso\/corte-y-rebobinado\/\" \/>\n<meta property=\"og:locale\" content=\"es_ES\" \/>\n<meta property=\"og:type\" content=\"article\" \/>\n<meta property=\"og:title\" content=\"Extracci\u00f3n eficaz de desbarbes refilos en el proceso de corte\" \/>\n<meta property=\"og:description\" content=\"Para poder usar de forma eficiente las m\u00e1quinas cortadoras es necesario contar con un sistema automatizado de tratamiento gesti\u00f3n de desperdicios\" \/>\n<meta property=\"og:url\" content=\"https:\/\/lundbergtech.com\/es\/su-proceso\/corte-y-rebobinado\/\" \/>\n<meta property=\"og:site_name\" content=\"Lundberg Tech\" \/>\n<meta property=\"article:publisher\" content=\"https:\/\/www.facebook.com\/lundbergtech\" \/>\n<meta property=\"article:modified_time\" content=\"2023-07-03T13:52:25+00:00\" \/>\n<meta property=\"og:image\" content=\"https:\/\/lundbergtech.com\/wp-content\/uploads\/2021\/10\/Slitting_trim_removal-742x387-1.jpg\" \/>\n\t<meta property=\"og:image:width\" content=\"700\" \/>\n\t<meta property=\"og:image:height\" content=\"387\" \/>\n\t<meta property=\"og:image:type\" content=\"image\/jpeg\" \/>\n<meta name=\"twitter:card\" content=\"summary_large_image\" \/>\n<meta name=\"twitter:site\" content=\"@lundbergtech\" \/>\n<meta name=\"twitter:label1\" content=\"Est. reading time\" \/>\n\t<meta name=\"twitter:data1\" content=\"3 minutes\" \/>\n<script type=\"application\/ld+json\" class=\"yoast-schema-graph\">{\"@context\":\"https:\/\/schema.org\",\"@graph\":[{\"@type\":\"WebPage\",\"@id\":\"https:\/\/lundbergtech.com\/es\/su-proceso\/corte-y-rebobinado\/\",\"url\":\"https:\/\/lundbergtech.com\/es\/su-proceso\/corte-y-rebobinado\/\",\"name\":\"Extracci\u00f3n eficaz de desbarbes refilos en el proceso de corte\",\"isPartOf\":{\"@id\":\"https:\/\/lundbergtech.com\/#website\"},\"primaryImageOfPage\":{\"@id\":\"https:\/\/lundbergtech.com\/es\/su-proceso\/corte-y-rebobinado\/#primaryimage\"},\"image\":{\"@id\":\"https:\/\/lundbergtech.com\/es\/su-proceso\/corte-y-rebobinado\/#primaryimage\"},\"thumbnailUrl\":\"https:\/\/lundbergtech.com\/wp-content\/uploads\/2021\/10\/Slitting_trim_removal-742x387-1.jpg\",\"datePublished\":\"2021-05-19T11:47:38+00:00\",\"dateModified\":\"2023-07-03T13:52:25+00:00\",\"description\":\"Para poder usar de forma eficiente las m\u00e1quinas cortadoras es necesario contar con un sistema automatizado de tratamiento gesti\u00f3n de desperdicios\",\"breadcrumb\":{\"@id\":\"https:\/\/lundbergtech.com\/es\/su-proceso\/corte-y-rebobinado\/#breadcrumb\"},\"inLanguage\":\"es-ES\",\"potentialAction\":[{\"@type\":\"ReadAction\",\"target\":[\"https:\/\/lundbergtech.com\/es\/su-proceso\/corte-y-rebobinado\/\"]}]},{\"@type\":\"ImageObject\",\"inLanguage\":\"es-ES\",\"@id\":\"https:\/\/lundbergtech.com\/es\/su-proceso\/corte-y-rebobinado\/#primaryimage\",\"url\":\"https:\/\/lundbergtech.com\/wp-content\/uploads\/2021\/10\/Slitting_trim_removal-742x387-1.jpg\",\"contentUrl\":\"https:\/\/lundbergtech.com\/wp-content\/uploads\/2021\/10\/Slitting_trim_removal-742x387-1.jpg\",\"width\":700,\"height\":387},{\"@type\":\"BreadcrumbList\",\"@id\":\"https:\/\/lundbergtech.com\/es\/su-proceso\/corte-y-rebobinado\/#breadcrumb\",\"itemListElement\":[{\"@type\":\"ListItem\",\"position\":1,\"name\":\"Su proceso\",\"item\":\"https:\/\/lundbergtech.com\/es\/su-proceso\/\"},{\"@type\":\"ListItem\",\"position\":2,\"name\":\"Corte y rebobinado\"}]},{\"@type\":\"WebSite\",\"@id\":\"https:\/\/lundbergtech.com\/#website\",\"url\":\"https:\/\/lundbergtech.com\/\",\"name\":\"Lundberg Tech\",\"description\":\"Our waste handling keeps production going\",\"potentialAction\":[{\"@type\":\"SearchAction\",\"target\":{\"@type\":\"EntryPoint\",\"urlTemplate\":\"https:\/\/lundbergtech.com\/?s={search_term_string}\"},\"query-input\":{\"@type\":\"PropertyValueSpecification\",\"valueRequired\":true,\"valueName\":\"search_term_string\"}}],\"inLanguage\":\"es-ES\"}]}<\/script>\n<!-- \/ Yoast SEO plugin. -->","yoast_head_json":{"title":"Extracci\u00f3n eficaz de desbarbes refilos en el proceso de corte","description":"Para poder usar de forma eficiente las m\u00e1quinas cortadoras es necesario contar con un sistema automatizado de tratamiento gesti\u00f3n de desperdicios","robots":{"index":"index","follow":"follow","max-snippet":"max-snippet:-1","max-image-preview":"max-image-preview:large","max-video-preview":"max-video-preview:-1"},"canonical":"https:\/\/lundbergtech.com\/es\/su-proceso\/corte-y-rebobinado\/","og_locale":"es_ES","og_type":"article","og_title":"Extracci\u00f3n eficaz de desbarbes refilos en el proceso de corte","og_description":"Para poder usar de forma eficiente las m\u00e1quinas cortadoras es necesario contar con un sistema automatizado de tratamiento gesti\u00f3n de desperdicios","og_url":"https:\/\/lundbergtech.com\/es\/su-proceso\/corte-y-rebobinado\/","og_site_name":"Lundberg Tech","article_publisher":"https:\/\/www.facebook.com\/lundbergtech","article_modified_time":"2023-07-03T13:52:25+00:00","og_image":[{"width":700,"height":387,"url":"https:\/\/lundbergtech.com\/wp-content\/uploads\/2021\/10\/Slitting_trim_removal-742x387-1.jpg","type":"image\/jpeg"}],"twitter_card":"summary_large_image","twitter_site":"@lundbergtech","twitter_misc":{"Est. reading time":"3 minutes"},"schema":{"@context":"https:\/\/schema.org","@graph":[{"@type":"WebPage","@id":"https:\/\/lundbergtech.com\/es\/su-proceso\/corte-y-rebobinado\/","url":"https:\/\/lundbergtech.com\/es\/su-proceso\/corte-y-rebobinado\/","name":"Extracci\u00f3n eficaz de desbarbes refilos en el proceso de corte","isPartOf":{"@id":"https:\/\/lundbergtech.com\/#website"},"primaryImageOfPage":{"@id":"https:\/\/lundbergtech.com\/es\/su-proceso\/corte-y-rebobinado\/#primaryimage"},"image":{"@id":"https:\/\/lundbergtech.com\/es\/su-proceso\/corte-y-rebobinado\/#primaryimage"},"thumbnailUrl":"https:\/\/lundbergtech.com\/wp-content\/uploads\/2021\/10\/Slitting_trim_removal-742x387-1.jpg","datePublished":"2021-05-19T11:47:38+00:00","dateModified":"2023-07-03T13:52:25+00:00","description":"Para poder usar de forma eficiente las m\u00e1quinas cortadoras es necesario contar con un sistema automatizado de tratamiento gesti\u00f3n de desperdicios","breadcrumb":{"@id":"https:\/\/lundbergtech.com\/es\/su-proceso\/corte-y-rebobinado\/#breadcrumb"},"inLanguage":"es-ES","potentialAction":[{"@type":"ReadAction","target":["https:\/\/lundbergtech.com\/es\/su-proceso\/corte-y-rebobinado\/"]}]},{"@type":"ImageObject","inLanguage":"es-ES","@id":"https:\/\/lundbergtech.com\/es\/su-proceso\/corte-y-rebobinado\/#primaryimage","url":"https:\/\/lundbergtech.com\/wp-content\/uploads\/2021\/10\/Slitting_trim_removal-742x387-1.jpg","contentUrl":"https:\/\/lundbergtech.com\/wp-content\/uploads\/2021\/10\/Slitting_trim_removal-742x387-1.jpg","width":700,"height":387},{"@type":"BreadcrumbList","@id":"https:\/\/lundbergtech.com\/es\/su-proceso\/corte-y-rebobinado\/#breadcrumb","itemListElement":[{"@type":"ListItem","position":1,"name":"Su proceso","item":"https:\/\/lundbergtech.com\/es\/su-proceso\/"},{"@type":"ListItem","position":2,"name":"Corte y rebobinado"}]},{"@type":"WebSite","@id":"https:\/\/lundbergtech.com\/#website","url":"https:\/\/lundbergtech.com\/","name":"Lundberg Tech","description":"Our waste handling keeps production going","potentialAction":[{"@type":"SearchAction","target":{"@type":"EntryPoint","urlTemplate":"https:\/\/lundbergtech.com\/?s={search_term_string}"},"query-input":{"@type":"PropertyValueSpecification","valueRequired":true,"valueName":"search_term_string"}}],"inLanguage":"es-ES"}]}},"_links":{"self":[{"href":"https:\/\/lundbergtech.com\/es\/wp-json\/wp\/v2\/pages\/4766","targetHints":{"allow":["GET"]}}],"collection":[{"href":"https:\/\/lundbergtech.com\/es\/wp-json\/wp\/v2\/pages"}],"about":[{"href":"https:\/\/lundbergtech.com\/es\/wp-json\/wp\/v2\/types\/page"}],"author":[{"embeddable":true,"href":"https:\/\/lundbergtech.com\/es\/wp-json\/wp\/v2\/users\/1"}],"replies":[{"embeddable":true,"href":"https:\/\/lundbergtech.com\/es\/wp-json\/wp\/v2\/comments?post=4766"}],"version-history":[{"count":14,"href":"https:\/\/lundbergtech.com\/es\/wp-json\/wp\/v2\/pages\/4766\/revisions"}],"predecessor-version":[{"id":7553,"href":"https:\/\/lundbergtech.com\/es\/wp-json\/wp\/v2\/pages\/4766\/revisions\/7553"}],"up":[{"embeddable":true,"href":"https:\/\/lundbergtech.com\/es\/wp-json\/wp\/v2\/pages\/4751"}],"wp:featuredmedia":[{"embeddable":true,"href":"https:\/\/lundbergtech.com\/es\/wp-json\/wp\/v2\/media\/1573"}],"wp:attachment":[{"href":"https:\/\/lundbergtech.com\/es\/wp-json\/wp\/v2\/media?parent=4766"}],"curies":[{"name":"wp","href":"https:\/\/api.w.org\/{rel}","templated":true}]}}