{"id":4768,"date":"2021-05-19T11:48:02","date_gmt":"2021-05-19T11:48:02","guid":{"rendered":"https:\/\/lundbergtech.com\/converting-diecutting\/"},"modified":"2023-05-11T09:01:16","modified_gmt":"2023-05-11T09:01:16","slug":"acabado-y-troquelado","status":"publish","type":"page","link":"https:\/\/lundbergtech.com\/es\/su-proceso\/acabado-y-troquelado\/","title":{"rendered":"Acabado y troquelado"},"content":{"rendered":"<div class=\"wpb-content-wrapper\"><p>[vc_row full_width=&#8221;stretch_row&#8221; css=&#8221;.vc_custom_1624535937170{background-image: url(https:\/\/lundbergtech.com\/wp-content\/uploads\/2021\/06\/grey-abstract-bg-2.jpg?id=323) !important;background-position: center !important;background-repeat: no-repeat !important;background-size: cover !important;}&#8221;][vc_column]<div class=\"m-spacer m-spacer-69fc8663d42d5\" data-id=\"69fc8663d42d5\" data-height=\"150\" data-height-mobile=\"25\" data-height-tab=\"50\" data-height-tab-portrait=\"25\" style=\"clear:both;display:block;\"><\/div>\n\n\n\n<div class=\"m-text-image md:flex md:py-10 lg:relative container lg:pb-20\">\n    <div class=\"md:w-6\/12 bg-white p-4 pb-5  md:p-10 filter drop-shadow-lg lg:mb-20  z-20 lg:p-14  md:order-2 md:ml-2 lg:ml-4 xl:ml-6 \">\n      <div class=\"m-text-image__content pb-4 lg:pb-12 md:text-18\">\n        <span style=\"font-weight: 400;\">Est\u00e1n empleando m\u00e1quinas de acabado para la producci\u00f3n de bolsas, fundas o art\u00edculos similares procedentes de bobinas que pudieran haber sido impresas, dobladas, troqueladas, soldadas o laminadas con la misma m\u00e1quina. Los desperdicios generados por estas (desbarbes laterales, todo tipo de troquelados, armazones o cortes cruzados del entero ancho de banda), requieren un sistema de gesti\u00f3n automatizado de desperdicios que no interrumpa ni el proceso ni a los operarios.\u00a0<\/span>\n \n      <\/div>\n          <\/div>\n\n    <div class=\"block md:hidden\">\n      <img decoding=\"async\" src=\"https:\/\/lundbergtech.com\/wp-content\/uploads\/2021\/09\/EdgeTrim2-570x0-c-default.jpg\" alt=\"Capture edge trim with flexpipe\" class=\"lg:mb-0 lg:absolute lg:right-0 lg:mt-0 lg:-bottom-28\">\n    <\/div>\n\n    <div class=\" md:w-6\/12 md:h-96 md:relative md:mt-20 lg:z-10 hidden md:block  lg:h-auto  left md:order-1 md:mr-2 lg:mr-4  xl:mr-6 \">\n      <div class=\"bg-cover lg:h-540 w-full md:h-full lg:absolute lg:bottom-0 lg:mt-0\" style=\"background-image:url('https:\/\/lundbergtech.com\/wp-content\/uploads\/2021\/09\/EdgeTrim2-570x0-c-default.jpg');\"><\/div>\n    <\/div>\n\n\n<\/div>\n\n\n<div class=\"m-spacer m-spacer-69fc8663dcfe1\" data-id=\"69fc8663dcfe1\" data-height=\"0\" data-height-mobile=\"25\" data-height-tab=\"0\" data-height-tab-portrait=\"25\" style=\"clear:both;display:block;\"><\/div>\n\n\n\n[\/vc_column][\/vc_row][vc_row][vc_column]<div class=\"m-text-image md:flex md:py-10 lg:relative container lg:pb-20\">\n    <div class=\"md:w-6\/12 bg-white p-4 pb-5  md:p-10 filter drop-shadow-lg lg:mb-20  z-20 lg:p-14  md:order-1 md:mr-2 lg:mr-4  xl:mr-6 \">\n      <div class=\"m-text-image__content pb-4 lg:pb-12 md:text-18\">\n        <\/p>\n<h2>Pueden operar con un n\u00famero limitado de puntos de succi\u00f3n y de formas de los desperdicios<\/h2>\n<p><span style=\"font-weight: 400;\">Lundberg Tech ofrece <a href=https:\/\/lundbergtech.com\/es\/all-in-one-units\/>Equipos Todo en Uno<\/a> y <a href=https:\/\/lundbergtech.com\/es\/central-systems\/>Sistemas Centrales<\/a> para la gesti\u00f3n de desperdicios que pueden facilitar el proceso de producci\u00f3n de una m\u00e1quina o de un n\u00famero limitado de estas. Los sistemas se basan en el transporte de desperdicios por un sistema de tubos de aspiraci\u00f3n en el que se incluye un <a href=https:\/\/lundbergtech.com\/es\/granulators-and-cutters\/>Granulador<\/a> de Lundberg Tech. A continuaci\u00f3n, estos se llevan a un punto de recogida que pudiera ser com\u00fan para toda su maquinaria. El Granulador se encarga de cortar los desperdicios en trozos peque\u00f1os. Tambi\u00e9n puede dise\u00f1arse para que pueda separar los materiales, con un punto de recogida diferente para cada uno de ellos.<\/span>\n \n      <\/div>\n          <\/div>\n\n    <div class=\"block md:hidden\">\n      <img decoding=\"async\" src=\"https:\/\/lundbergtech.com\/wp-content\/uploads\/2021\/09\/MatrixWaste-570x0-c-default.jpg\" alt=\"\" class=\"lg:mb-0 lg:absolute lg:right-0 lg:mt-0 lg:-bottom-28\">\n    <\/div>\n\n    <div class=\" md:w-6\/12 md:h-96 md:relative md:mt-20 lg:z-10 hidden md:block  lg:h-auto right md:order-2 md:ml-2 lg:ml-4  xl:ml-6 \">\n      <div class=\"bg-cover lg:h-540 w-full md:h-full lg:absolute lg:bottom-0 lg:mt-0\" style=\"background-image:url('https:\/\/lundbergtech.com\/wp-content\/uploads\/2021\/09\/MatrixWaste-570x0-c-default.jpg');\"><\/div>\n    <\/div>\n\n\n<\/div>\n\n\n[\/vc_column][\/vc_row][vc_row full_width=&#8221;stretch_row_content_no_spaces&#8221;][vc_column]<div class=\"m-benefits-carousel relative py-14 pb-8 md:pt-24 md:pb-6 lg:pt-36 lg:pb-12  image-left \">\n    <div class=\"container md:mx-auto px-3 pb-2 lg:max-w-4xl xl:max-w-6xl lg:relative \">\n\n        <h2 class=\"text-left md:pb-0 leading-8 md:text-32 md:w-4\/12 md:leading-8 lg:text-36 lg:leading-10 xl:leading-11 xl:text-42 md:border-t md:border-lt_grey md:pt-4\">\n        <span class=\"text-lt_blue font-heading font-medium\">Beneficios y caracter\u00edsticas<\/span>\n        <span class=\"text-lt_green text-16 lg:text-18 leading-5 block font-semibold md:pt-2 \">Al elegir una soluci\u00f3n de gesti\u00f3n de desperdicios de Lundberg Tech conseguir\u00e1: <\/span><\/h2>\n\n        <div class=\"c-slider__arrows c-slider--benefits__arrows w-32 h-10 mx-auto z-20 absolute left-0 right-0 text-center md:ml-0 md:text-left md:z-50 md:w-24\"><\/div>\n\n        <div class=\"md:overflow-hidden md:mt-1 md:pb-12 lg:pb-14 xl:pb-18 js-benefits-carousel z-20 \">\n            <div class=\"\">\n    <div class=\"md:flex md:h-592\">\n\n        <div class=\"md:w-5\/12 md:ml-10 lg:w-6\/12 xl:w-6\/12 m-benefits-carousel__image-container md:mb-14\">\n                        <div class=\"w-full h-64 md:h-full relative overflow-hidden bg-top bg-no-repeat bg-cover\" style=\"background-image:url('https:\/\/lundbergtech.com\/wp-content\/uploads\/2021\/09\/EdgeTrim1-742x583-2-742x583.jpg');\"><\/div>\n                    <\/div>\n\n\n        <div class=\"md:w-6\/12 m-benefits-carousel__content-container\">\n            <div class=\"z-10 text-left bg-white p-3 lg:ml-0 md:relative \">\n\n                <div class=\"m-benefits-carousel__content px-3 \">\n                    <\/p>\n<ul>\n<li style=\"font-weight: 400;\" aria-level=\"1\"><span style=\"font-weight: 400;\">Poder trabajar con todo tipo de materiales\u00a0<\/span><\/li>\n<li style=\"font-weight: 400;\" aria-level=\"1\"><span style=\"font-weight: 400;\">Reducir dr\u00e1sticamente el volumen de los desperdicios\u00a0<\/span><\/li>\n<li style=\"font-weight: 400;\" aria-level=\"1\"><span style=\"font-weight: 400;\">Una preparaci\u00f3n \u00f3ptima de los desperdicios para su reciclaje\u00a0<\/span><\/li>\n<\/ul>\n<p>\n                <\/div>\n\n                <\/div>\n           <\/div>\n\n\n\n\n\n    <\/div>\n\n<\/div>\n\n        <\/div>\n         <div class=\"c-slider__dots c-slider--benefits__dots  static h-4 mt-10 lg:mt-14 mx-auto z-20  left-0 right-0 text-center\"><\/div>\n   \t<\/div>\n<\/div>\n\n[\/vc_column][\/vc_row][vc_row][vc_column]<div class=\"m-spacer m-spacer-69fc8663e00ae\" data-id=\"69fc8663e00ae\" data-height=\"0\" data-height-mobile=\"25\" data-height-tab=\"0\" data-height-tab-portrait=\"0\" style=\"clear:both;display:block;\"><\/div>\n\n\n\n<div class=\"m-text-image md:flex md:py-10 lg:relative container lg:pb-20\">\n    <div class=\"md:w-6\/12 bg-white p-4 pb-5  md:p-10 filter drop-shadow-lg lg:mb-20  z-20 lg:p-14  md:order-1 md:mr-2 lg:mr-4  xl:mr-6 \">\n      <div class=\"m-text-image__content pb-4 lg:pb-12 md:text-18\">\n        Lundberg Tech lleva desde la d\u00e9cada de 1990 comercializando sistemas de este tipo para m\u00e1quinas de producci\u00f3n y embalaje de muchos sectores, entre los que podemos citar los de embalaje flexible, materiales tejidos o no, farmac\u00e9utico y de la alimentaci\u00f3n.<\/p>\n<p>El <a href=https:\/\/lundbergtech.com\/es\/granulators-and-cutters\/>Granulador<\/a> de Lundberg Tech es el elemento esencial de estos sistemas de transporte de desperdicios por aspiraci\u00f3n . En Lundberg Tech estamos orgullosos de ser el mayor productor del mundo de Granuladores de dise\u00f1o y producci\u00f3n propios. Adem\u00e1s, ofrecemos la m\u00e1s amplia gama de productos disponible, que puede dar servicio a cualquier aplicaci\u00f3n de gesti\u00f3n de desperdicios, incluida la demanda de acero inoxidable.<\/p>\n<p>La optimizaci\u00f3n la gesti\u00f3n de desperdicios, incluida la separaci\u00f3n de materiales, pudiera puede lograrse dise\u00f1ando un sistema que combine los <a href=https:\/\/lundbergtech.com\/es\/all-in-one-units\/>Equipos Todo en Uno<\/a> de Lundberg Tech para la recogida del tipo de material que desee preparar para su reciclaje y un <a href=https:\/\/lundbergtech.com\/es\/central-systems\/>Sistema Central<\/a> que se encargue de los que no puedan reciclarse.\n \n      <\/div>\n          <\/div>\n\n    <div class=\"block md:hidden\">\n      <img decoding=\"async\" src=\"https:\/\/lundbergtech.com\/wp-content\/uploads\/2021\/09\/DiecutWaste-570x0-c-default.jpg\" alt=\"Waste from die cuttting\" class=\"lg:mb-0 lg:absolute lg:right-0 lg:mt-0 lg:-bottom-28\">\n    <\/div>\n\n    <div class=\" md:w-6\/12 md:h-96 md:relative md:mt-20 lg:z-10 hidden md:block  lg:h-auto right md:order-2 md:ml-2 lg:ml-4  xl:ml-6 \">\n      <div class=\"bg-cover lg:h-540 w-full md:h-full lg:absolute lg:bottom-0 lg:mt-0\" style=\"background-image:url('https:\/\/lundbergtech.com\/wp-content\/uploads\/2021\/09\/DiecutWaste-570x0-c-default.jpg');\"><\/div>\n    <\/div>\n\n\n<\/div>\n\n\n<div class=\"m-spacer m-spacer-69fc8663e13d9\" data-id=\"69fc8663e13d9\" data-height=\"0\" data-height-mobile=\"25\" data-height-tab=\"0\" data-height-tab-portrait=\"0\" style=\"clear:both;display:block;\"><\/div>\n\n\n\n[\/vc_column][\/vc_row][vc_row full_width=&#8221;stretch_row_content_no_spaces&#8221;][vc_column]<div class=\"m-case-study-carousel relative py-14 pb-32 md:pt-24 md:pb-36 lg:pt-36 lg:pb-32\">\n    <div class=\"container md:mx-auto px-3 pb-8 lg:max-w-4xl xl:max-w-6xl lg:relative \">\n\n        <h2 class=\"text-left md:pb-0 leading-8 md:text-32 md:leading-8 lg:text-36 lg:leading-10 xl:leading-11 xl:text-42 md:border-t md:border-lt_grey md:pt-4\">\n        <span class=\"text-lt_blue font-heading font-medium\">Recent<\/span>\n        <span class=\"text-lt_green font-heading block font-medium \">Case Studies <\/span><\/h2>\n\n        <div class=\"c-slider__arrows c-slider--casestudy__arrows w-32 h-10 mx-auto z-20 absolute left-0 right-0 text-center md:ml-0 md:text-left md:z-50 md:w-24\"><\/div>\n\n        <div class=\"md:overflow-hidden md:mt-1 md:pb-12 lg:pb-14 xl:pb-18 js-case-study-selector-carousel z-20\">\n            <div class=\"\">\n    <div class=\"md:flex md:h-400 xl:h-576\">\n\n        <div class=\"md:w-6\/12 xl:w-7\/12 xl:pr-3\">\n                        <div class=\"w-full h-64  lg:h-full relative overflow-hidden bg-top bg-no-repeat bg-cover\" style=\"background-image:url('https:\/\/lundbergtech.com\/wp-content\/uploads\/2023\/02\/Bomarko-Central-System-1-742x370.jpg');\"><\/div>\n                    <\/div>\n\n\n        <div class=\"md:w-5\/12 md:ml-7  md:relative\">\n            <div class=\"p-5 md:px-8 mb-5 md:pb-7 lg:pb-12 lg:px-10 relative z-10 text-left bg-white  md:absolute md:drop-shadow-md xl:drop-shadow-xl md:filter md:m-0  md:w-full  md:right-0 md:top-52 lg:top-60 md:h-auto xl:ml-12 \">\n\n                    <a class=\"block u-a-nostyle mt-1 pt-3 md:pt-3  md:pl-0 lg:pt-4 xl:pt-5 md:hover:underline\" href=https:\/\/lundbergtech.com\/es\/case-studies-es\/bomarko-converting-and-die-cutting\/ title=\"Bomarko \u2013 Converting and Die Cutting\">\n                    <h3 class=\"leading-snug text-20  text-lt_blue md:leading-tight lg:text-20 xl:text-28 md:mb-0 font-bold \">Bomarko \u2013 Converting and Die Cutting<\/h3>\n                    <\/a>\t\n                   \n                                        <a class=\"c-button--arrow-link\" href=https:\/\/lundbergtech.com\/es\/case-studies-es\/bomarko-converting-and-die-cutting\/ title=\"Bomarko \u2013 Converting and Die Cutting\">Read case study<\/a>\t\n                <\/div>\n           <\/div>\n\n\n\n\n\n    <\/div>\n\n<\/div>\n<div class=\"\">\n    <div class=\"md:flex md:h-400 xl:h-576\">\n\n        <div class=\"md:w-6\/12 xl:w-7\/12 xl:pr-3\">\n                        <div class=\"w-full h-64  lg:h-full relative overflow-hidden bg-top bg-no-repeat bg-cover\" style=\"background-image:url('https:\/\/lundbergtech.com\/wp-content\/uploads\/2021\/11\/Ellco-waste-container-and-filter-742x500.jpg');\"><\/div>\n                    <\/div>\n\n\n        <div class=\"md:w-5\/12 md:ml-7  md:relative\">\n            <div class=\"p-5 md:px-8 mb-5 md:pb-7 lg:pb-12 lg:px-10 relative z-10 text-left bg-white  md:absolute md:drop-shadow-md xl:drop-shadow-xl md:filter md:m-0  md:w-full  md:right-0 md:top-52 lg:top-60 md:h-auto xl:ml-12 \">\n\n                    <a class=\"block u-a-nostyle mt-1 pt-3 md:pt-3  md:pl-0 lg:pt-4 xl:pt-5 md:hover:underline\" href=https:\/\/lundbergtech.com\/case-studies\/ellco-etikett-trykk-converting-and-die-cutting\/ title=\"Ellco Etikett Trykk \u2013 Converting and Die Cutting\">\n                    <h3 class=\"leading-snug text-20  text-lt_blue md:leading-tight lg:text-20 xl:text-28 md:mb-0 font-bold \">Ellco Etikett Trykk \u2013 Converting and Die Cutting<\/h3>\n                    <\/a>\t\n                   \n                                        <a class=\"c-button--arrow-link\" href=https:\/\/lundbergtech.com\/case-studies\/ellco-etikett-trykk-converting-and-die-cutting\/ title=\"Ellco Etikett Trykk \u2013 Converting and Die Cutting\">Read case study<\/a>\t\n                <\/div>\n           <\/div>\n\n\n\n\n\n    <\/div>\n\n<\/div>\n\n        <\/div>\n         <div class=\"c-slider__dots c-slider--casestudy__dots  mx-auto z-20 absolute left-0 right-0 text-center\"><\/div>\n   \t<\/div>\n<\/div>\n\n<div class=\"m-spacer m-spacer-69fc8663e5a96\" data-id=\"69fc8663e5a96\" data-height=\"50\" data-height-mobile=\"0\" data-height-tab=\"\" data-height-tab-portrait=\"0\" style=\"clear:both;display:block;\"><\/div>\n\n\n\n[\/vc_column][\/vc_row]<\/p>\n<\/div>","protected":false},"excerpt":{"rendered":"<p>[vc_row full_width=&#8221;stretch_row&#8221; css=&#8221;.vc_custom_1624535937170{background-image: url(https:\/\/lundbergtech.com\/wp-content\/uploads\/2021\/06\/grey-abstract-bg-2.jpg?id=323) !important;background-position: center !important;background-repeat: no-repeat !important;background-size: cover !important;}&#8221;][vc_column][\/vc_column][\/vc_row][vc_row][vc_column][\/vc_column][\/vc_row][vc_row full_width=&#8221;stretch_row_content_no_spaces&#8221;][vc_column][\/vc_column][\/vc_row][vc_row][vc_column][\/vc_column][\/vc_row][vc_row full_width=&#8221;stretch_row_content_no_spaces&#8221;][vc_column][\/vc_column][\/vc_row]<\/p>\n","protected":false},"author":1,"featured_media":1267,"parent":4751,"menu_order":0,"comment_status":"closed","ping_status":"closed","template":"","meta":{"_acf_changed":false,"inline_featured_image":false,"footnotes":""},"class_list":["post-4768","page","type-page","status-publish","has-post-thumbnail","hentry"],"acf":[],"yoast_head":"<!-- This site is optimized with the Yoast SEO plugin v27.1.1 - https:\/\/yoast.com\/product\/yoast-seo-wordpress\/ -->\n<title>El acabado y el troquelado | gesti\u00f3n de desperdicios eficaz por aspiraci\u00f3n<\/title>\n<meta name=\"description\" content=\"El acabado y el troquelado requieren una gesti\u00f3n de desperdicios eficaz por vac\u00edo aspiraci\u00f3n | Granulador, Sistemas Centrales y Equipos Todo en Uno\" \/>\n<meta name=\"robots\" content=\"index, follow, max-snippet:-1, max-image-preview:large, max-video-preview:-1\" \/>\n<link rel=\"canonical\" href=\"https:\/\/lundbergtech.com\/es\/su-proceso\/acabado-y-troquelado\/\" \/>\n<meta property=\"og:locale\" content=\"es_ES\" \/>\n<meta property=\"og:type\" content=\"article\" \/>\n<meta property=\"og:title\" content=\"El acabado y el troquelado | gesti\u00f3n de desperdicios eficaz por aspiraci\u00f3n\" \/>\n<meta property=\"og:description\" content=\"El acabado y el troquelado requieren una gesti\u00f3n de desperdicios eficaz por vac\u00edo aspiraci\u00f3n | Granulador, Sistemas Centrales y Equipos Todo en Uno\" \/>\n<meta property=\"og:url\" content=\"https:\/\/lundbergtech.com\/es\/su-proceso\/acabado-y-troquelado\/\" \/>\n<meta property=\"og:site_name\" content=\"Lundberg Tech\" \/>\n<meta property=\"article:publisher\" content=\"https:\/\/www.facebook.com\/lundbergtech\" \/>\n<meta property=\"article:modified_time\" content=\"2023-05-11T09:01:16+00:00\" \/>\n<meta property=\"og:image\" content=\"https:\/\/lundbergtech.com\/wp-content\/uploads\/2021\/09\/EdgeTrim1-742x583-1.jpg\" \/>\n\t<meta property=\"og:image:width\" content=\"1913\" \/>\n\t<meta property=\"og:image:height\" content=\"1503\" \/>\n\t<meta property=\"og:image:type\" content=\"image\/jpeg\" \/>\n<meta name=\"twitter:card\" content=\"summary_large_image\" \/>\n<meta name=\"twitter:site\" content=\"@lundbergtech\" \/>\n<meta name=\"twitter:label1\" content=\"Est. reading time\" \/>\n\t<meta name=\"twitter:data1\" content=\"2 minutes\" \/>\n<script type=\"application\/ld+json\" class=\"yoast-schema-graph\">{\"@context\":\"https:\/\/schema.org\",\"@graph\":[{\"@type\":\"WebPage\",\"@id\":\"https:\/\/lundbergtech.com\/es\/su-proceso\/acabado-y-troquelado\/\",\"url\":\"https:\/\/lundbergtech.com\/es\/su-proceso\/acabado-y-troquelado\/\",\"name\":\"El acabado y el troquelado | gesti\u00f3n de desperdicios eficaz por aspiraci\u00f3n\",\"isPartOf\":{\"@id\":\"https:\/\/lundbergtech.com\/#website\"},\"primaryImageOfPage\":{\"@id\":\"https:\/\/lundbergtech.com\/es\/su-proceso\/acabado-y-troquelado\/#primaryimage\"},\"image\":{\"@id\":\"https:\/\/lundbergtech.com\/es\/su-proceso\/acabado-y-troquelado\/#primaryimage\"},\"thumbnailUrl\":\"https:\/\/lundbergtech.com\/wp-content\/uploads\/2021\/09\/EdgeTrim1-742x583-1.jpg\",\"datePublished\":\"2021-05-19T11:48:02+00:00\",\"dateModified\":\"2023-05-11T09:01:16+00:00\",\"description\":\"El acabado y el troquelado requieren una gesti\u00f3n de desperdicios eficaz por vac\u00edo aspiraci\u00f3n | Granulador, Sistemas Centrales y Equipos Todo en Uno\",\"breadcrumb\":{\"@id\":\"https:\/\/lundbergtech.com\/es\/su-proceso\/acabado-y-troquelado\/#breadcrumb\"},\"inLanguage\":\"es-ES\",\"potentialAction\":[{\"@type\":\"ReadAction\",\"target\":[\"https:\/\/lundbergtech.com\/es\/su-proceso\/acabado-y-troquelado\/\"]}]},{\"@type\":\"ImageObject\",\"inLanguage\":\"es-ES\",\"@id\":\"https:\/\/lundbergtech.com\/es\/su-proceso\/acabado-y-troquelado\/#primaryimage\",\"url\":\"https:\/\/lundbergtech.com\/wp-content\/uploads\/2021\/09\/EdgeTrim1-742x583-1.jpg\",\"contentUrl\":\"https:\/\/lundbergtech.com\/wp-content\/uploads\/2021\/09\/EdgeTrim1-742x583-1.jpg\",\"width\":1913,\"height\":1503,\"caption\":\"edge trim removal\"},{\"@type\":\"BreadcrumbList\",\"@id\":\"https:\/\/lundbergtech.com\/es\/su-proceso\/acabado-y-troquelado\/#breadcrumb\",\"itemListElement\":[{\"@type\":\"ListItem\",\"position\":1,\"name\":\"Su proceso\",\"item\":\"https:\/\/lundbergtech.com\/es\/su-proceso\/\"},{\"@type\":\"ListItem\",\"position\":2,\"name\":\"Acabado y troquelado\"}]},{\"@type\":\"WebSite\",\"@id\":\"https:\/\/lundbergtech.com\/#website\",\"url\":\"https:\/\/lundbergtech.com\/\",\"name\":\"Lundberg Tech\",\"description\":\"Our waste handling keeps production going\",\"potentialAction\":[{\"@type\":\"SearchAction\",\"target\":{\"@type\":\"EntryPoint\",\"urlTemplate\":\"https:\/\/lundbergtech.com\/?s={search_term_string}\"},\"query-input\":{\"@type\":\"PropertyValueSpecification\",\"valueRequired\":true,\"valueName\":\"search_term_string\"}}],\"inLanguage\":\"es-ES\"}]}<\/script>\n<!-- \/ Yoast SEO plugin. -->","yoast_head_json":{"title":"El acabado y el troquelado | gesti\u00f3n de desperdicios eficaz por aspiraci\u00f3n","description":"El acabado y el troquelado requieren una gesti\u00f3n de desperdicios eficaz por vac\u00edo aspiraci\u00f3n | Granulador, Sistemas Centrales y Equipos Todo en Uno","robots":{"index":"index","follow":"follow","max-snippet":"max-snippet:-1","max-image-preview":"max-image-preview:large","max-video-preview":"max-video-preview:-1"},"canonical":"https:\/\/lundbergtech.com\/es\/su-proceso\/acabado-y-troquelado\/","og_locale":"es_ES","og_type":"article","og_title":"El acabado y el troquelado | gesti\u00f3n de desperdicios eficaz por aspiraci\u00f3n","og_description":"El acabado y el troquelado requieren una gesti\u00f3n de desperdicios eficaz por vac\u00edo aspiraci\u00f3n | Granulador, Sistemas Centrales y Equipos Todo en Uno","og_url":"https:\/\/lundbergtech.com\/es\/su-proceso\/acabado-y-troquelado\/","og_site_name":"Lundberg Tech","article_publisher":"https:\/\/www.facebook.com\/lundbergtech","article_modified_time":"2023-05-11T09:01:16+00:00","og_image":[{"width":1913,"height":1503,"url":"https:\/\/lundbergtech.com\/wp-content\/uploads\/2021\/09\/EdgeTrim1-742x583-1.jpg","type":"image\/jpeg"}],"twitter_card":"summary_large_image","twitter_site":"@lundbergtech","twitter_misc":{"Est. reading time":"2 minutes"},"schema":{"@context":"https:\/\/schema.org","@graph":[{"@type":"WebPage","@id":"https:\/\/lundbergtech.com\/es\/su-proceso\/acabado-y-troquelado\/","url":"https:\/\/lundbergtech.com\/es\/su-proceso\/acabado-y-troquelado\/","name":"El acabado y el troquelado | gesti\u00f3n de desperdicios eficaz por aspiraci\u00f3n","isPartOf":{"@id":"https:\/\/lundbergtech.com\/#website"},"primaryImageOfPage":{"@id":"https:\/\/lundbergtech.com\/es\/su-proceso\/acabado-y-troquelado\/#primaryimage"},"image":{"@id":"https:\/\/lundbergtech.com\/es\/su-proceso\/acabado-y-troquelado\/#primaryimage"},"thumbnailUrl":"https:\/\/lundbergtech.com\/wp-content\/uploads\/2021\/09\/EdgeTrim1-742x583-1.jpg","datePublished":"2021-05-19T11:48:02+00:00","dateModified":"2023-05-11T09:01:16+00:00","description":"El acabado y el troquelado requieren una gesti\u00f3n de desperdicios eficaz por vac\u00edo aspiraci\u00f3n | Granulador, Sistemas Centrales y Equipos Todo en Uno","breadcrumb":{"@id":"https:\/\/lundbergtech.com\/es\/su-proceso\/acabado-y-troquelado\/#breadcrumb"},"inLanguage":"es-ES","potentialAction":[{"@type":"ReadAction","target":["https:\/\/lundbergtech.com\/es\/su-proceso\/acabado-y-troquelado\/"]}]},{"@type":"ImageObject","inLanguage":"es-ES","@id":"https:\/\/lundbergtech.com\/es\/su-proceso\/acabado-y-troquelado\/#primaryimage","url":"https:\/\/lundbergtech.com\/wp-content\/uploads\/2021\/09\/EdgeTrim1-742x583-1.jpg","contentUrl":"https:\/\/lundbergtech.com\/wp-content\/uploads\/2021\/09\/EdgeTrim1-742x583-1.jpg","width":1913,"height":1503,"caption":"edge trim removal"},{"@type":"BreadcrumbList","@id":"https:\/\/lundbergtech.com\/es\/su-proceso\/acabado-y-troquelado\/#breadcrumb","itemListElement":[{"@type":"ListItem","position":1,"name":"Su proceso","item":"https:\/\/lundbergtech.com\/es\/su-proceso\/"},{"@type":"ListItem","position":2,"name":"Acabado y troquelado"}]},{"@type":"WebSite","@id":"https:\/\/lundbergtech.com\/#website","url":"https:\/\/lundbergtech.com\/","name":"Lundberg Tech","description":"Our waste handling keeps production going","potentialAction":[{"@type":"SearchAction","target":{"@type":"EntryPoint","urlTemplate":"https:\/\/lundbergtech.com\/?s={search_term_string}"},"query-input":{"@type":"PropertyValueSpecification","valueRequired":true,"valueName":"search_term_string"}}],"inLanguage":"es-ES"}]}},"_links":{"self":[{"href":"https:\/\/lundbergtech.com\/es\/wp-json\/wp\/v2\/pages\/4768","targetHints":{"allow":["GET"]}}],"collection":[{"href":"https:\/\/lundbergtech.com\/es\/wp-json\/wp\/v2\/pages"}],"about":[{"href":"https:\/\/lundbergtech.com\/es\/wp-json\/wp\/v2\/types\/page"}],"author":[{"embeddable":true,"href":"https:\/\/lundbergtech.com\/es\/wp-json\/wp\/v2\/users\/1"}],"replies":[{"embeddable":true,"href":"https:\/\/lundbergtech.com\/es\/wp-json\/wp\/v2\/comments?post=4768"}],"version-history":[{"count":13,"href":"https:\/\/lundbergtech.com\/es\/wp-json\/wp\/v2\/pages\/4768\/revisions"}],"predecessor-version":[{"id":7316,"href":"https:\/\/lundbergtech.com\/es\/wp-json\/wp\/v2\/pages\/4768\/revisions\/7316"}],"up":[{"embeddable":true,"href":"https:\/\/lundbergtech.com\/es\/wp-json\/wp\/v2\/pages\/4751"}],"wp:featuredmedia":[{"embeddable":true,"href":"https:\/\/lundbergtech.com\/es\/wp-json\/wp\/v2\/media\/1267"}],"wp:attachment":[{"href":"https:\/\/lundbergtech.com\/es\/wp-json\/wp\/v2\/media?parent=4768"}],"curies":[{"name":"wp","href":"https:\/\/api.w.org\/{rel}","templated":true}]}}