{"id":4770,"date":"2021-05-19T11:48:25","date_gmt":"2021-05-19T11:48:25","guid":{"rendered":"https:\/\/lundbergtech.com\/printing\/"},"modified":"2023-07-03T14:03:54","modified_gmt":"2023-07-03T14:03:54","slug":"impresion","status":"publish","type":"page","link":"https:\/\/lundbergtech.com\/es\/su-proceso\/impresion\/","title":{"rendered":"Impresi\u00f3n"},"content":{"rendered":"<div class=\"wpb-content-wrapper\"><p>[vc_row full_width=&#8221;stretch_row&#8221; css=&#8221;.vc_custom_1624535937170{background-image: url(https:\/\/lundbergtech.com\/wp-content\/uploads\/2021\/06\/grey-abstract-bg-2.jpg?id=323) !important;background-position: center !important;background-repeat: no-repeat !important;background-size: cover !important;}&#8221;][vc_column]<div class=\"m-text-image md:flex md:py-10 lg:relative container lg:pb-20\">\n    <div class=\"md:w-6\/12 bg-white p-4 pb-5  md:p-10 filter drop-shadow-lg lg:mb-20  z-20 lg:p-14  md:order-2 md:ml-2 lg:ml-4 xl:ml-6 \">\n      <div class=\"m-text-image__content pb-4 lg:pb-12 md:text-18\">\n        Si el proceso que utiliza implica impresi\u00f3n en offset, en flexo, en banda estrecha o ancha, o serigraf\u00eda, es muy probable que genere desperdicios cuando se corte el material impreso para conseguir su forma definitiva. Los desperdicios que se producen en el proceso de corte o recorte no aportan valor al propio proceso de impresi\u00f3n y, por tanto, deben retirarse de forma eficiente.<\/p>\n<p>Lundberg Tech dise\u00f1a y fabrica sistemas de gesti\u00f3n de desperdicios que son muy populares en el sector de la impresi\u00f3n para una perfecta retirada de recortes, troquelados, desmallados y desbarbes derivados de los procesos de impresi\u00f3n. Al usar un <a href=https:\/\/lundbergtech.com\/es\/granulators-and-cutters\/>Granulador<\/a> de Lundberg Tech, los desperdicios de la impresi\u00f3n se cortan en trozos peque\u00f1os para poder transportarlos f\u00e1cilmente por un sistema de tubos dedicado que los lleva al punto previsto de recogida.\n \n      <\/div>\n          <\/div>\n\n    <div class=\"block md:hidden\">\n      <img decoding=\"async\" src=\"https:\/\/lundbergtech.com\/wp-content\/uploads\/2021\/10\/PrintWaste-scaled-570x0-c-default.jpg\" alt=\"Waste from printing press\" class=\"lg:mb-0 lg:absolute lg:right-0 lg:mt-0 lg:-bottom-28\">\n    <\/div>\n\n    <div class=\" md:w-6\/12 md:h-96 md:relative md:mt-20 lg:z-10 hidden md:block  lg:h-auto  left md:order-1 md:mr-2 lg:mr-4  xl:mr-6 \">\n      <div class=\"bg-cover lg:h-540 w-full md:h-full lg:absolute lg:bottom-0 lg:mt-0\" style=\"background-image:url('https:\/\/lundbergtech.com\/wp-content\/uploads\/2021\/10\/PrintWaste-scaled-570x0-c-default.jpg');\"><\/div>\n    <\/div>\n\n\n<\/div>\n\n\n<div class=\"m-spacer m-spacer-69e8f179b2668\" data-id=\"69e8f179b2668\" data-height=\"0\" data-height-mobile=\"25\" data-height-tab=\"0\" data-height-tab-portrait=\"0\" style=\"clear:both;display:block;\"><\/div>\n\n\n\n[\/vc_column][\/vc_row][vc_row full_width=&#8221;stretch_row_content_no_spaces&#8221;][vc_column css=&#8221;.vc_custom_1636364941102{margin-top: 0px !important;margin-bottom: 0px !important;border-top-width: 0px !important;border-bottom-width: 0px !important;padding-top: 0px !important;padding-bottom: 0px !important;}&#8221;]<div class=\"m-benefits-carousel relative py-14 pb-8 md:pt-24 md:pb-6 lg:pt-36 lg:pb-12  image-right \">\n    <div class=\"container md:mx-auto px-3 pb-2 lg:max-w-4xl xl:max-w-6xl lg:relative \">\n\n        <h2 class=\"text-left md:pb-0 leading-8 md:text-32 md:w-4\/12 md:leading-8 lg:text-36 lg:leading-10 xl:leading-11 xl:text-42 md:border-t md:border-lt_grey md:pt-4\">\n        <span class=\"text-lt_blue font-heading font-medium\">Beneficios y caracter\u00edsticas<\/span>\n        <span class=\"text-lt_green text-16 lg:text-18 leading-5 block font-semibold md:pt-2 \">El uso de un sistema de gesti\u00f3n de desperdicios automatizado ofrece distintas ventajas, tales como: <\/span><\/h2>\n\n        <div class=\"c-slider__arrows c-slider--benefits__arrows w-32 h-10 mx-auto z-20 absolute left-0 right-0 text-center md:ml-0 md:text-left md:z-50 md:w-24\"><\/div>\n\n        <div class=\"md:overflow-hidden md:mt-1 md:pb-12 lg:pb-14 xl:pb-18 js-benefits-carousel z-20 \">\n            <div class=\"\">\n    <div class=\"md:flex md:h-592\">\n\n        <div class=\"md:w-5\/12 md:ml-10 lg:w-6\/12 xl:w-6\/12 m-benefits-carousel__image-container md:mb-14\">\n                        <div class=\"w-full h-64 md:h-full relative overflow-hidden bg-top bg-no-repeat bg-cover\" style=\"background-image:url('https:\/\/lundbergtech.com\/wp-content\/uploads\/2021\/10\/Printing-742x583-1-742x583.jpg');\"><\/div>\n                    <\/div>\n\n\n        <div class=\"md:w-6\/12 m-benefits-carousel__content-container\">\n            <div class=\"z-10 text-left bg-white p-3 lg:ml-0 md:relative \">\n\n                <div class=\"m-benefits-carousel__content px-3 \">\n                    <\/p>\n<ul>\n<li style=\"font-weight: 400;\" aria-level=\"1\"><span style=\"font-weight: 400;\">Reducci\u00f3n en el volumen de los desperdicios<\/span><\/li>\n<li style=\"font-weight: 400;\" aria-level=\"1\"><span style=\"font-weight: 400;\">Necesidad limitada de trabajo manual para el gestion de desperdicios<\/span><\/li>\n<li style=\"font-weight: 400;\" aria-level=\"1\"><span style=\"font-weight: 400;\">Preparaci\u00f3n de los desperdicios para su reciclaje<\/span><\/li>\n<li style=\"font-weight: 400;\" aria-level=\"1\"><span style=\"font-weight: 400;\">Un entorno laboral m\u00e1s limpio, al retirarse eficientemente los desperdicios<\/span><\/li>\n<\/ul>\n<p>\n                <\/div>\n\n                <\/div>\n           <\/div>\n\n\n\n\n\n    <\/div>\n\n<\/div>\n\n        <\/div>\n         <div class=\"c-slider__dots c-slider--benefits__dots  static h-4 mt-10 lg:mt-14 mx-auto z-20  left-0 right-0 text-center\"><\/div>\n   \t<\/div>\n<\/div>\n\n[\/vc_column][\/vc_row][vc_row][vc_column css=&#8221;.vc_custom_1636364871792{margin-top: 0px !important;margin-bottom: 0px !important;border-top-width: 0px !important;border-bottom-width: 0px !important;padding-top: 0px !important;padding-bottom: 0px !important;}&#8221;]<div class=\"m-spacer m-spacer-69e8f179b62bc\" data-id=\"69e8f179b62bc\" data-height=\"0\" data-height-mobile=\"25\" data-height-tab=\"0\" data-height-tab-portrait=\"0\" style=\"clear:both;display:block;\"><\/div>\n\n\n\n<div class=\"m-text-image md:flex md:py-10 lg:relative container lg:pb-20\">\n    <div class=\"md:w-6\/12 bg-white p-4 pb-5  md:p-10 filter drop-shadow-lg lg:mb-20  z-20 lg:p-14  md:order-1 md:mr-2 lg:mr-4  xl:mr-6 \">\n      <div class=\"m-text-image__content pb-4 lg:pb-12 md:text-18\">\n        <\/p>\n<h2>Pueden emplearse distintos equipos y sistemas de gestion de desperdicios<\/h2>\n<p>Lundberg Tech lleva ya m\u00e1s de 40 a\u00f1os dise\u00f1ando y fabricando equipos y sistemas de gesti\u00f3n de desperdicios para el sector de la impresi\u00f3n y la fabricaci\u00f3n de etiquetas. Nuestras soluciones se han dise\u00f1ado para que no se interrumpa su producci\u00f3n, sin el inconveniente de tener que gestionar los desperdicios del proceso de impresi\u00f3n.<\/p>\n<p>Los sistemas de tratamiento de desperdicios de Lundberg Tech pueden encargarse de todo el material que utilice en su proceso de impresi\u00f3n. Si tiene dudas sobre si podemos cortar su material, ll\u00e1menos para hacer una prueba.<\/p>\n<p>Para sus procesos de impresi\u00f3n, puede beneficiarse de nuestros <a href=https:\/\/lundbergtech.com\/es\/all-in-one-units\/>Equipos Todo en Uno<\/a> para la recogida de desbarbe y otros desperdicios de una o varias m\u00e1quinas. Como indica el nombre, los Equipos Todo en Uno incluyen todo lo que pueda necesitar para retirar y recoger los desbarbes&#8230; y, adem\u00e1s, son muy f\u00e1ciles de instalar.<\/p>\n<p>Y si nos lo indica, podemos dise\u00f1arle un <a href=https:\/\/lundbergtech.com\/es\/central-systems\/>Sistema Central<\/a> totalmente personalizado. Nuestros Sistemas Centrales pueden dise\u00f1arse de modo que incluyan la pertinente separaci\u00f3n de materiales para su reciclaje. L\u00f3gicamente, tambi\u00e9n recoger\u00e1n desperdicios de un n\u00famero ilimitado de m\u00e1quinas.<\/p>\n<p>Si ya cuenta con un sistema de Lundberg Tech y desea ampliarlo con un <a href=https:\/\/lundbergtech.com\/es\/granulators-and-cutters\/>Granulador<\/a> adicional, podemos ayudarle. Podr\u00e1 elegir de nuestra amplia gama de Granuladores, de dise\u00f1o y fabricaci\u00f3n propios.\n \n      <\/div>\n          <\/div>\n\n    <div class=\"block md:hidden\">\n      <img decoding=\"async\" src=\"https:\/\/lundbergtech.com\/wp-content\/uploads\/2021\/10\/PrintWaste2-570x0-c-default.jpg\" alt=\"\" class=\"lg:mb-0 lg:absolute lg:right-0 lg:mt-0 lg:-bottom-28\">\n    <\/div>\n\n    <div class=\" md:w-6\/12 md:h-96 md:relative md:mt-20 lg:z-10 hidden md:block  lg:h-auto right md:order-2 md:ml-2 lg:ml-4  xl:ml-6 \">\n      <div class=\"bg-cover lg:h-540 w-full md:h-full lg:absolute lg:bottom-0 lg:mt-0\" style=\"background-image:url('https:\/\/lundbergtech.com\/wp-content\/uploads\/2021\/10\/PrintWaste2-570x0-c-default.jpg');\"><\/div>\n    <\/div>\n\n\n<\/div>\n\n\n<div class=\"m-spacer m-spacer-69e8f179b8022\" data-id=\"69e8f179b8022\" data-height=\"0\" data-height-mobile=\"25\" data-height-tab=\"0\" data-height-tab-portrait=\"0\" style=\"clear:both;display:block;\"><\/div>\n\n\n\n[\/vc_column][\/vc_row][vc_row full_width=&#8221;stretch_row_content_no_spaces&#8221;][vc_column]<div class=\"m-case-study-carousel relative py-14 pb-32 md:pt-24 md:pb-36 lg:pt-36 lg:pb-32\">\n    <div class=\"container md:mx-auto px-3 pb-8 lg:max-w-4xl xl:max-w-6xl lg:relative \">\n\n        <h2 class=\"text-left md:pb-0 leading-8 md:text-32 md:leading-8 lg:text-36 lg:leading-10 xl:leading-11 xl:text-42 md:border-t md:border-lt_grey md:pt-4\">\n        <span class=\"text-lt_blue font-heading font-medium\">Recent<\/span>\n        <span class=\"text-lt_green font-heading block font-medium \">Case Studies <\/span><\/h2>\n\n        <div class=\"c-slider__arrows c-slider--casestudy__arrows w-32 h-10 mx-auto z-20 absolute left-0 right-0 text-center md:ml-0 md:text-left md:z-50 md:w-24\"><\/div>\n\n        <div class=\"md:overflow-hidden md:mt-1 md:pb-12 lg:pb-14 xl:pb-18 js-case-study-selector-carousel z-20\">\n            <div class=\"\">\n    <div class=\"md:flex md:h-400 xl:h-576\">\n\n        <div class=\"md:w-6\/12 xl:w-7\/12 xl:pr-3\">\n                        <div class=\"w-full h-64  lg:h-full relative overflow-hidden bg-top bg-no-repeat bg-cover\" style=\"background-image:url('https:\/\/lundbergtech.com\/wp-content\/uploads\/2021\/11\/Navistar-Direct-Marketing-20200601_110440_resized-742x583.jpg');\"><\/div>\n                    <\/div>\n\n\n        <div class=\"md:w-5\/12 md:ml-7  md:relative\">\n            <div class=\"p-5 md:px-8 mb-5 md:pb-7 lg:pb-12 lg:px-10 relative z-10 text-left bg-white  md:absolute md:drop-shadow-md xl:drop-shadow-xl md:filter md:m-0  md:w-full  md:right-0 md:top-52 lg:top-60 md:h-auto xl:ml-12 \">\n\n                    <a class=\"block u-a-nostyle mt-1 pt-3 md:pt-3  md:pl-0 lg:pt-4 xl:pt-5 md:hover:underline\" href=https:\/\/lundbergtech.com\/case-studies\/navistar-direct-marketing-printing\/ title=\"Navistar Direct Marketing \u2013 Printing\">\n                    <h3 class=\"leading-snug text-20  text-lt_blue md:leading-tight lg:text-20 xl:text-28 md:mb-0 font-bold \">Navistar Direct Marketing \u2013 Printing<\/h3>\n                    <\/a>\t\n                   \n                                        <a class=\"c-button--arrow-link\" href=https:\/\/lundbergtech.com\/case-studies\/navistar-direct-marketing-printing\/ title=\"Navistar Direct Marketing \u2013 Printing\">Read case study<\/a>\t\n                <\/div>\n           <\/div>\n\n\n\n\n\n    <\/div>\n\n<\/div>\n<div class=\"\">\n    <div class=\"md:flex md:h-400 xl:h-576\">\n\n        <div class=\"md:w-6\/12 xl:w-7\/12 xl:pr-3\">\n                        <div class=\"w-full h-64  lg:h-full relative overflow-hidden bg-top bg-no-repeat bg-cover\" style=\"background-image:url('https:\/\/lundbergtech.com\/wp-content\/uploads\/2020\/01\/Shenguorui-Printing-2-742x583.jpg');\"><\/div>\n                    <\/div>\n\n\n        <div class=\"md:w-5\/12 md:ml-7  md:relative\">\n            <div class=\"p-5 md:px-8 mb-5 md:pb-7 lg:pb-12 lg:px-10 relative z-10 text-left bg-white  md:absolute md:drop-shadow-md xl:drop-shadow-xl md:filter md:m-0  md:w-full  md:right-0 md:top-52 lg:top-60 md:h-auto xl:ml-12 \">\n\n                    <a class=\"block u-a-nostyle mt-1 pt-3 md:pt-3  md:pl-0 lg:pt-4 xl:pt-5 md:hover:underline\" href=https:\/\/lundbergtech.com\/case-studies\/shenguorui-printing-printing\/ title=\"Shenguorui Printing \u2013 Printing\">\n                    <h3 class=\"leading-snug text-20  text-lt_blue md:leading-tight lg:text-20 xl:text-28 md:mb-0 font-bold \">Shenguorui Printing \u2013 Printing<\/h3>\n                    <\/a>\t\n                   \n                                        <a class=\"c-button--arrow-link\" href=https:\/\/lundbergtech.com\/case-studies\/shenguorui-printing-printing\/ title=\"Shenguorui Printing \u2013 Printing\">Read case study<\/a>\t\n                <\/div>\n           <\/div>\n\n\n\n\n\n    <\/div>\n\n<\/div>\n\n        <\/div>\n         <div class=\"c-slider__dots c-slider--casestudy__dots  mx-auto z-20 absolute left-0 right-0 text-center\"><\/div>\n   \t<\/div>\n<\/div>\n\n<div class=\"m-spacer m-spacer-69e8f179bf078\" data-id=\"69e8f179bf078\" data-height=\"25\" data-height-mobile=\"0\" data-height-tab=\"0\" data-height-tab-portrait=\"0\" style=\"clear:both;display:block;\"><\/div>\n\n\n\n[\/vc_column][\/vc_row]<\/p>\n<\/div>","protected":false},"excerpt":{"rendered":"<p>[vc_row full_width=&#8221;stretch_row&#8221; css=&#8221;.vc_custom_1624535937170{background-image: url(https:\/\/lundbergtech.com\/wp-content\/uploads\/2021\/06\/grey-abstract-bg-2.jpg?id=323) !important;background-position: center !important;background-repeat: no-repeat !important;background-size: cover !important;}&#8221;][vc_column][\/vc_column][\/vc_row][vc_row full_width=&#8221;stretch_row_content_no_spaces&#8221;][vc_column css=&#8221;.vc_custom_1636364941102{margin-top: 0px !important;margin-bottom: 0px !important;border-top-width: 0px !important;border-bottom-width: 0px !important;padding-top: 0px !important;padding-bottom: 0px !important;}&#8221;][\/vc_column][\/vc_row][vc_row][vc_column css=&#8221;.vc_custom_1636364871792{margin-top: 0px !important;margin-bottom: 0px !important;border-top-width: 0px !important;border-bottom-width: 0px !important;padding-top: 0px !important;padding-bottom: 0px !important;}&#8221;][\/vc_column][\/vc_row][vc_row full_width=&#8221;stretch_row_content_no_spaces&#8221;][vc_column][\/vc_column][\/vc_row]<\/p>\n","protected":false},"author":1,"featured_media":1524,"parent":4751,"menu_order":0,"comment_status":"closed","ping_status":"closed","template":"","meta":{"_acf_changed":false,"inline_featured_image":false,"footnotes":""},"class_list":["post-4770","page","type-page","status-publish","has-post-thumbnail","hentry"],"acf":[],"yoast_head":"<!-- This site is optimized with the Yoast SEO plugin v27.1.1 - https:\/\/yoast.com\/product\/yoast-seo-wordpress\/ -->\n<title>Impresi\u00f3n | Lundberg Tech | Se capturen y corten los desperdicios<\/title>\n<meta name=\"description\" content=\"Los desperdicios que se producen en el proceso de corte o recorte no aportan valor al propio proceso de impresi\u00f3n y, por tanto, deben retirarse de forma eficiente.\" \/>\n<meta name=\"robots\" content=\"index, follow, max-snippet:-1, max-image-preview:large, max-video-preview:-1\" \/>\n<link rel=\"canonical\" href=\"https:\/\/lundbergtech.com\/es\/su-proceso\/impresion\/\" \/>\n<meta property=\"og:locale\" content=\"es_ES\" \/>\n<meta property=\"og:type\" content=\"article\" \/>\n<meta property=\"og:title\" content=\"Impresi\u00f3n | Lundberg Tech | Se capturen y corten los desperdicios\" \/>\n<meta property=\"og:description\" content=\"Los desperdicios que se producen en el proceso de corte o recorte no aportan valor al propio proceso de impresi\u00f3n y, por tanto, deben retirarse de forma eficiente.\" \/>\n<meta property=\"og:url\" content=\"https:\/\/lundbergtech.com\/es\/su-proceso\/impresion\/\" \/>\n<meta property=\"og:site_name\" content=\"Lundberg Tech\" \/>\n<meta property=\"article:publisher\" content=\"https:\/\/www.facebook.com\/lundbergtech\" \/>\n<meta property=\"article:modified_time\" content=\"2023-07-03T14:03:54+00:00\" \/>\n<meta property=\"og:image\" content=\"https:\/\/lundbergtech.com\/wp-content\/uploads\/2021\/10\/Printing-TrimWaste011.jpg\" \/>\n\t<meta property=\"og:image:width\" content=\"700\" \/>\n\t<meta property=\"og:image:height\" content=\"365\" \/>\n\t<meta property=\"og:image:type\" content=\"image\/jpeg\" \/>\n<meta name=\"twitter:card\" content=\"summary_large_image\" \/>\n<meta name=\"twitter:site\" content=\"@lundbergtech\" \/>\n<meta name=\"twitter:label1\" content=\"Est. reading time\" \/>\n\t<meta name=\"twitter:data1\" content=\"3 minutes\" \/>\n<script type=\"application\/ld+json\" class=\"yoast-schema-graph\">{\"@context\":\"https:\/\/schema.org\",\"@graph\":[{\"@type\":\"WebPage\",\"@id\":\"https:\/\/lundbergtech.com\/es\/su-proceso\/impresion\/\",\"url\":\"https:\/\/lundbergtech.com\/es\/su-proceso\/impresion\/\",\"name\":\"Impresi\u00f3n | Lundberg Tech | Se capturen y corten los desperdicios\",\"isPartOf\":{\"@id\":\"https:\/\/lundbergtech.com\/#website\"},\"primaryImageOfPage\":{\"@id\":\"https:\/\/lundbergtech.com\/es\/su-proceso\/impresion\/#primaryimage\"},\"image\":{\"@id\":\"https:\/\/lundbergtech.com\/es\/su-proceso\/impresion\/#primaryimage\"},\"thumbnailUrl\":\"https:\/\/lundbergtech.com\/wp-content\/uploads\/2021\/10\/Printing-TrimWaste011.jpg\",\"datePublished\":\"2021-05-19T11:48:25+00:00\",\"dateModified\":\"2023-07-03T14:03:54+00:00\",\"description\":\"Los desperdicios que se producen en el proceso de corte o recorte no aportan valor al propio proceso de impresi\u00f3n y, por tanto, deben retirarse de forma eficiente.\",\"breadcrumb\":{\"@id\":\"https:\/\/lundbergtech.com\/es\/su-proceso\/impresion\/#breadcrumb\"},\"inLanguage\":\"es-ES\",\"potentialAction\":[{\"@type\":\"ReadAction\",\"target\":[\"https:\/\/lundbergtech.com\/es\/su-proceso\/impresion\/\"]}]},{\"@type\":\"ImageObject\",\"inLanguage\":\"es-ES\",\"@id\":\"https:\/\/lundbergtech.com\/es\/su-proceso\/impresion\/#primaryimage\",\"url\":\"https:\/\/lundbergtech.com\/wp-content\/uploads\/2021\/10\/Printing-TrimWaste011.jpg\",\"contentUrl\":\"https:\/\/lundbergtech.com\/wp-content\/uploads\/2021\/10\/Printing-TrimWaste011.jpg\",\"width\":700,\"height\":365,\"caption\":\"Trim extraction from slitting machine\"},{\"@type\":\"BreadcrumbList\",\"@id\":\"https:\/\/lundbergtech.com\/es\/su-proceso\/impresion\/#breadcrumb\",\"itemListElement\":[{\"@type\":\"ListItem\",\"position\":1,\"name\":\"Su proceso\",\"item\":\"https:\/\/lundbergtech.com\/es\/su-proceso\/\"},{\"@type\":\"ListItem\",\"position\":2,\"name\":\"Impresi\u00f3n\"}]},{\"@type\":\"WebSite\",\"@id\":\"https:\/\/lundbergtech.com\/#website\",\"url\":\"https:\/\/lundbergtech.com\/\",\"name\":\"Lundberg Tech\",\"description\":\"Our waste handling keeps production going\",\"potentialAction\":[{\"@type\":\"SearchAction\",\"target\":{\"@type\":\"EntryPoint\",\"urlTemplate\":\"https:\/\/lundbergtech.com\/?s={search_term_string}\"},\"query-input\":{\"@type\":\"PropertyValueSpecification\",\"valueRequired\":true,\"valueName\":\"search_term_string\"}}],\"inLanguage\":\"es-ES\"}]}<\/script>\n<!-- \/ Yoast SEO plugin. -->","yoast_head_json":{"title":"Impresi\u00f3n | Lundberg Tech | Se capturen y corten los desperdicios","description":"Los desperdicios que se producen en el proceso de corte o recorte no aportan valor al propio proceso de impresi\u00f3n y, por tanto, deben retirarse de forma eficiente.","robots":{"index":"index","follow":"follow","max-snippet":"max-snippet:-1","max-image-preview":"max-image-preview:large","max-video-preview":"max-video-preview:-1"},"canonical":"https:\/\/lundbergtech.com\/es\/su-proceso\/impresion\/","og_locale":"es_ES","og_type":"article","og_title":"Impresi\u00f3n | Lundberg Tech | Se capturen y corten los desperdicios","og_description":"Los desperdicios que se producen en el proceso de corte o recorte no aportan valor al propio proceso de impresi\u00f3n y, por tanto, deben retirarse de forma eficiente.","og_url":"https:\/\/lundbergtech.com\/es\/su-proceso\/impresion\/","og_site_name":"Lundberg Tech","article_publisher":"https:\/\/www.facebook.com\/lundbergtech","article_modified_time":"2023-07-03T14:03:54+00:00","og_image":[{"width":700,"height":365,"url":"https:\/\/lundbergtech.com\/wp-content\/uploads\/2021\/10\/Printing-TrimWaste011.jpg","type":"image\/jpeg"}],"twitter_card":"summary_large_image","twitter_site":"@lundbergtech","twitter_misc":{"Est. reading time":"3 minutes"},"schema":{"@context":"https:\/\/schema.org","@graph":[{"@type":"WebPage","@id":"https:\/\/lundbergtech.com\/es\/su-proceso\/impresion\/","url":"https:\/\/lundbergtech.com\/es\/su-proceso\/impresion\/","name":"Impresi\u00f3n | Lundberg Tech | Se capturen y corten los desperdicios","isPartOf":{"@id":"https:\/\/lundbergtech.com\/#website"},"primaryImageOfPage":{"@id":"https:\/\/lundbergtech.com\/es\/su-proceso\/impresion\/#primaryimage"},"image":{"@id":"https:\/\/lundbergtech.com\/es\/su-proceso\/impresion\/#primaryimage"},"thumbnailUrl":"https:\/\/lundbergtech.com\/wp-content\/uploads\/2021\/10\/Printing-TrimWaste011.jpg","datePublished":"2021-05-19T11:48:25+00:00","dateModified":"2023-07-03T14:03:54+00:00","description":"Los desperdicios que se producen en el proceso de corte o recorte no aportan valor al propio proceso de impresi\u00f3n y, por tanto, deben retirarse de forma eficiente.","breadcrumb":{"@id":"https:\/\/lundbergtech.com\/es\/su-proceso\/impresion\/#breadcrumb"},"inLanguage":"es-ES","potentialAction":[{"@type":"ReadAction","target":["https:\/\/lundbergtech.com\/es\/su-proceso\/impresion\/"]}]},{"@type":"ImageObject","inLanguage":"es-ES","@id":"https:\/\/lundbergtech.com\/es\/su-proceso\/impresion\/#primaryimage","url":"https:\/\/lundbergtech.com\/wp-content\/uploads\/2021\/10\/Printing-TrimWaste011.jpg","contentUrl":"https:\/\/lundbergtech.com\/wp-content\/uploads\/2021\/10\/Printing-TrimWaste011.jpg","width":700,"height":365,"caption":"Trim extraction from slitting machine"},{"@type":"BreadcrumbList","@id":"https:\/\/lundbergtech.com\/es\/su-proceso\/impresion\/#breadcrumb","itemListElement":[{"@type":"ListItem","position":1,"name":"Su proceso","item":"https:\/\/lundbergtech.com\/es\/su-proceso\/"},{"@type":"ListItem","position":2,"name":"Impresi\u00f3n"}]},{"@type":"WebSite","@id":"https:\/\/lundbergtech.com\/#website","url":"https:\/\/lundbergtech.com\/","name":"Lundberg Tech","description":"Our waste handling keeps production going","potentialAction":[{"@type":"SearchAction","target":{"@type":"EntryPoint","urlTemplate":"https:\/\/lundbergtech.com\/?s={search_term_string}"},"query-input":{"@type":"PropertyValueSpecification","valueRequired":true,"valueName":"search_term_string"}}],"inLanguage":"es-ES"}]}},"_links":{"self":[{"href":"https:\/\/lundbergtech.com\/es\/wp-json\/wp\/v2\/pages\/4770","targetHints":{"allow":["GET"]}}],"collection":[{"href":"https:\/\/lundbergtech.com\/es\/wp-json\/wp\/v2\/pages"}],"about":[{"href":"https:\/\/lundbergtech.com\/es\/wp-json\/wp\/v2\/types\/page"}],"author":[{"embeddable":true,"href":"https:\/\/lundbergtech.com\/es\/wp-json\/wp\/v2\/users\/1"}],"replies":[{"embeddable":true,"href":"https:\/\/lundbergtech.com\/es\/wp-json\/wp\/v2\/comments?post=4770"}],"version-history":[{"count":10,"href":"https:\/\/lundbergtech.com\/es\/wp-json\/wp\/v2\/pages\/4770\/revisions"}],"predecessor-version":[{"id":7557,"href":"https:\/\/lundbergtech.com\/es\/wp-json\/wp\/v2\/pages\/4770\/revisions\/7557"}],"up":[{"embeddable":true,"href":"https:\/\/lundbergtech.com\/es\/wp-json\/wp\/v2\/pages\/4751"}],"wp:featuredmedia":[{"embeddable":true,"href":"https:\/\/lundbergtech.com\/es\/wp-json\/wp\/v2\/media\/1524"}],"wp:attachment":[{"href":"https:\/\/lundbergtech.com\/es\/wp-json\/wp\/v2\/media?parent=4770"}],"curies":[{"name":"wp","href":"https:\/\/api.w.org\/{rel}","templated":true}]}}