{"id":4774,"date":"2021-05-19T11:49:04","date_gmt":"2021-05-19T11:49:04","guid":{"rendered":"https:\/\/lundbergtech.com\/waste-size-reduction\/"},"modified":"2023-05-11T09:21:16","modified_gmt":"2023-05-11T09:21:16","slug":"reduccion-del-desperdicio","status":"publish","type":"page","link":"https:\/\/lundbergtech.com\/es\/su-proceso\/reduccion-del-desperdicio\/","title":{"rendered":"Reducci\u00f3n del desperdicio"},"content":{"rendered":"<div class=\"wpb-content-wrapper\"><p>[vc_row full_width=&#8221;stretch_row&#8221; css=&#8221;.vc_custom_1624535937170{background-image: url(https:\/\/lundbergtech.com\/wp-content\/uploads\/2021\/06\/grey-abstract-bg-2.jpg?id=323) !important;background-position: center !important;background-repeat: no-repeat !important;background-size: cover !important;}&#8221;][vc_column]<div class=\"m-spacer m-spacer-69ee4f7d85a9f\" data-id=\"69ee4f7d85a9f\" data-height=\"200\" data-height-mobile=\"0\" data-height-tab=\"150\" data-height-tab-portrait=\"0\" style=\"clear:both;display:block;\"><\/div>\n\n\n\n<div class=\"m-text-image md:flex md:py-10 lg:relative container lg:pb-20\">\n    <div class=\"md:w-6\/12 bg-white p-4 pb-5  md:p-10 filter drop-shadow-lg lg:mb-20  z-20 lg:p-14  md:order-2 md:ml-2 lg:ml-4 xl:ml-6 \">\n      <div class=\"m-text-image__content pb-4 lg:pb-12 md:text-18\">\n        Su maquinaria de producci\u00f3n y embalaje, as\u00ed como su zona de almac\u00e9n, generan desperdicios. Entre estos pudiera haber todo tipo de pl\u00e1sticos y papel, material tejido o no, cart\u00f3n corrugado y goma.\n \n      <\/div>\n          <\/div>\n\n    <div class=\"block md:hidden\">\n      <img decoding=\"async\" src=\"https:\/\/lundbergtech.com\/wp-content\/uploads\/2021\/07\/Lundberg-Tech-packaging-1-570x0-c-default.jpg\" alt=\"\" class=\"lg:mb-0 lg:absolute lg:right-0 lg:mt-0 lg:-bottom-28\">\n    <\/div>\n\n    <div class=\" md:w-6\/12 md:h-96 md:relative md:mt-20 lg:z-10 hidden md:block  lg:h-auto  left md:order-1 md:mr-2 lg:mr-4  xl:mr-6 \">\n      <div class=\"bg-cover lg:h-540 w-full md:h-full lg:absolute lg:bottom-0 lg:mt-0\" style=\"background-image:url('https:\/\/lundbergtech.com\/wp-content\/uploads\/2021\/07\/Lundberg-Tech-packaging-1-570x0-c-default.jpg');\"><\/div>\n    <\/div>\n\n\n<\/div>\n\n\n<div class=\"m-spacer m-spacer-69ee4f7d91490\" data-id=\"69ee4f7d91490\" data-height=\"0\" data-height-mobile=\"25\" data-height-tab=\"0\" data-height-tab-portrait=\"0\" style=\"clear:both;display:block;\"><\/div>\n\n\n\n[\/vc_column][\/vc_row][vc_row full_width=&#8221;stretch_row_content_no_spaces&#8221;][vc_column css=&#8221;.vc_custom_1636368298660{margin-top: 0px !important;margin-bottom: 0px !important;border-top-width: 0px !important;border-bottom-width: 0px !important;padding-top: 0px !important;padding-bottom: 0px !important;}&#8221;]<div class=\"m-benefits-carousel relative py-14 pb-8 md:pt-24 md:pb-6 lg:pt-36 lg:pb-12  image-right \">\n    <div class=\"container md:mx-auto px-3 pb-2 lg:max-w-4xl xl:max-w-6xl lg:relative \">\n\n        <h2 class=\"text-left md:pb-0 leading-8 md:text-32 md:w-4\/12 md:leading-8 lg:text-36 lg:leading-10 xl:leading-11 xl:text-42 md:border-t md:border-lt_grey md:pt-4\">\n        <span class=\"text-lt_blue font-heading font-medium\">Beneficios y caracter\u00edsticas<\/span>\n        <span class=\"text-lt_green text-16 lg:text-18 leading-5 block font-semibold md:pt-2 \">Existen distintas razones por las que resulta deseable reducir al m\u00e1ximo el volumen de los desperdicios. Entre otras, podemos citar las siguientes: <\/span><\/h2>\n\n        <div class=\"c-slider__arrows c-slider--benefits__arrows w-32 h-10 mx-auto z-20 absolute left-0 right-0 text-center md:ml-0 md:text-left md:z-50 md:w-24\"><\/div>\n\n        <div class=\"md:overflow-hidden md:mt-1 md:pb-12 lg:pb-14 xl:pb-18 js-benefits-carousel z-20 \">\n            <div class=\"\">\n    <div class=\"md:flex md:h-592\">\n\n        <div class=\"md:w-5\/12 md:ml-10 lg:w-6\/12 xl:w-6\/12 m-benefits-carousel__image-container md:mb-14\">\n                        <div class=\"w-full h-64 md:h-full relative overflow-hidden bg-top bg-no-repeat bg-cover\" style=\"background-image:url('https:\/\/lundbergtech.com\/wp-content\/uploads\/2021\/10\/WasteTech-742x583.jpg');\"><\/div>\n                    <\/div>\n\n\n        <div class=\"md:w-6\/12 m-benefits-carousel__content-container\">\n            <div class=\"z-10 text-left bg-white p-3 lg:ml-0 md:relative \">\n\n                <div class=\"m-benefits-carousel__content px-3 \">\n                    <\/p>\n<ul>\n<li style=\"font-weight: 400;\" aria-level=\"1\">Reducir su manipulaci\u00f3n<\/li>\n<li style=\"font-weight: 400;\" aria-level=\"1\">Garantizar un entorno laboral \u00f3ptimo para los trabajadores<\/li>\n<li style=\"font-weight: 400;\" aria-level=\"1\">Reducir el transporte interno<\/li>\n<li style=\"font-weight: 400;\" aria-level=\"1\">Emplear espacios de bajo coste para el tratamiento de desperdicios<\/li>\n<li style=\"font-weight: 400;\" aria-level=\"1\">Transporte sencillo de desperdicios<\/li>\n<li aria-level=\"1\">Reducci\u00f3n de costes de transporte externo<\/li>\n<li aria-level=\"1\">Preparaci\u00f3n del material de desperdicio para su separaci\u00f3n y reciclaje<\/li>\n<\/ul>\n<p>\n                <\/div>\n\n                <\/div>\n           <\/div>\n\n\n\n\n\n    <\/div>\n\n<\/div>\n\n        <\/div>\n         <div class=\"c-slider__dots c-slider--benefits__dots  static h-4 mt-10 lg:mt-14 mx-auto z-20  left-0 right-0 text-center\"><\/div>\n   \t<\/div>\n<\/div>\n\n[\/vc_column][\/vc_row][vc_row full_width=&#8221;stretch_row&#8221; css=&#8221;.vc_custom_1627655038166{background-position: center !important;background-repeat: no-repeat !important;background-size: cover !important;}&#8221;][vc_column]<div class=\"m-text-image md:flex md:py-10 lg:relative container lg:pb-20\">\n    <div class=\"md:w-6\/12 bg-white p-4 pb-5  md:p-10 filter drop-shadow-lg lg:mb-20  z-20 lg:p-14  md:order-2 md:ml-2 lg:ml-4 xl:ml-6 \">\n      <div class=\"m-text-image__content pb-4 lg:pb-12 md:text-18\">\n        <\/p>\n<h2>Una soluci\u00f3n para todas sus necesidades de gesti\u00f3n de desperdicios<\/h2>\n<p>Lundberg Tech logra todos estos objetivos recortando el material sobrante en trozos peque\u00f1os y transport\u00e1ndolo por un sistema de tubos.<\/p>\n<p>Lundberg Tech lleva m\u00e1s de cuatro d\u00e9cadas dise\u00f1ando y fabricando <a href=https:\/\/lundbergtech.com\/es\/granulators-and-cutters\/>Granuladores<\/a>, que son un elemento esencial de cualquiera de los sistemas de gesti\u00f3n de desperdicios que entrega. En la actualidad, Lundberg Tech cuenta con una planta de producci\u00f3n con toda la maquinaria de control num\u00e9rico computarizado (CNC) e instalaciones de pruebas necesarias para lograr nuestro objetivo estrat\u00e9gico: Todas las piezas y su montaje se llevan a cabo internamente para garantizar una alta calidad y pruebas constantes, al igual que una log\u00edstica eficiente, con unos plazos de entrega muy cortos.<\/p>\n<p>Una parte del sistema de aspiraci\u00f3n de Lundberg Tech es el concepto de <a href=https:\/\/lundbergtech.com\/es\/all-in-one-units\/>Equipo Todo en Uno<\/a>, que abarca una gran variedad de equipos. Combinado con uno o m\u00e1s Granuladores, este concepto puede incluir una o varias m\u00e1quinas con las que se garantiza la captura, transporte, corte y compactaci\u00f3n de los desperdicios.<\/p>\n<p>Lundberg Tech tambi\u00e9n construye e instala <a href=https:\/\/lundbergtech.com\/es\/central-systems\/>Sistemas Centrales<\/a> para una gran cantidad de m\u00e1quinas diferentes. Los Sistemas Centrales favorecen la producci\u00f3n sostenible de cualquier compa\u00f1\u00eda, con, entre otros aspectos, beneficios para el medio ambiente tanto locales como generales.\n \n      <\/div>\n          <\/div>\n\n    <div class=\"block md:hidden\">\n      <img decoding=\"async\" src=\"https:\/\/lundbergtech.com\/wp-content\/uploads\/2021\/11\/Cut-granulator-waste-570x0-c-default.png\" alt=\"\" class=\"lg:mb-0 lg:absolute lg:right-0 lg:mt-0 lg:-bottom-28\">\n    <\/div>\n\n    <div class=\" md:w-6\/12 md:h-96 md:relative md:mt-20 lg:z-10 hidden md:block  lg:h-auto  left md:order-1 md:mr-2 lg:mr-4  xl:mr-6 \">\n      <div class=\"bg-cover lg:h-540 w-full md:h-full lg:absolute lg:bottom-0 lg:mt-0\" style=\"background-image:url('https:\/\/lundbergtech.com\/wp-content\/uploads\/2021\/11\/Cut-granulator-waste-570x0-c-default.png');\"><\/div>\n    <\/div>\n\n\n<\/div>\n\n\n[\/vc_column][\/vc_row][vc_row full_width=&#8221;stretch_row_content_no_spaces&#8221;][vc_column]<div class=\"m-case-study-carousel relative py-14 pb-32 md:pt-24 md:pb-36 lg:pt-36 lg:pb-32\">\n    <div class=\"container md:mx-auto px-3 pb-8 lg:max-w-4xl xl:max-w-6xl lg:relative \">\n\n        <h2 class=\"text-left md:pb-0 leading-8 md:text-32 md:leading-8 lg:text-36 lg:leading-10 xl:leading-11 xl:text-42 md:border-t md:border-lt_grey md:pt-4\">\n        <span class=\"text-lt_blue font-heading font-medium\">Recent<\/span>\n        <span class=\"text-lt_green font-heading block font-medium \">Case Studies <\/span><\/h2>\n\n        <div class=\"c-slider__arrows c-slider--casestudy__arrows w-32 h-10 mx-auto z-20 absolute left-0 right-0 text-center md:ml-0 md:text-left md:z-50 md:w-24\"><\/div>\n\n        <div class=\"md:overflow-hidden md:mt-1 md:pb-12 lg:pb-14 xl:pb-18 js-case-study-selector-carousel z-20\">\n            <div class=\"\">\n    <div class=\"md:flex md:h-400 xl:h-576\">\n\n        <div class=\"md:w-6\/12 xl:w-7\/12 xl:pr-3\">\n                        <div class=\"w-full h-64  lg:h-full relative overflow-hidden bg-top bg-no-repeat bg-cover\" style=\"background-image:url('https:\/\/lundbergtech.com\/wp-content\/uploads\/2023\/04\/CSG-Facility.jpg');\"><\/div>\n                    <\/div>\n\n\n        <div class=\"md:w-5\/12 md:ml-7  md:relative\">\n            <div class=\"p-5 md:px-8 mb-5 md:pb-7 lg:pb-12 lg:px-10 relative z-10 text-left bg-white  md:absolute md:drop-shadow-md xl:drop-shadow-xl md:filter md:m-0  md:w-full  md:right-0 md:top-52 lg:top-60 md:h-auto xl:ml-12 \">\n\n                    <a class=\"block u-a-nostyle mt-1 pt-3 md:pt-3  md:pl-0 lg:pt-4 xl:pt-5 md:hover:underline\" href=https:\/\/lundbergtech.com\/es\/case-studies-es\/csg-waste-size-reduction\/ title=\"CSG \u2013 Waste Size Reduction\">\n                    <h3 class=\"leading-snug text-20  text-lt_blue md:leading-tight lg:text-20 xl:text-28 md:mb-0 font-bold \">CSG \u2013 Waste Size Reduction<\/h3>\n                    <\/a>\t\n                   \n                                        <a class=\"c-button--arrow-link\" href=https:\/\/lundbergtech.com\/es\/case-studies-es\/csg-waste-size-reduction\/ title=\"CSG \u2013 Waste Size Reduction\">Read case study<\/a>\t\n                <\/div>\n           <\/div>\n\n\n\n\n\n    <\/div>\n\n<\/div>\n<div class=\"\">\n    <div class=\"md:flex md:h-400 xl:h-576\">\n\n        <div class=\"md:w-6\/12 xl:w-7\/12 xl:pr-3\">\n                        <div class=\"w-full h-64  lg:h-full relative overflow-hidden bg-top bg-no-repeat bg-cover\" style=\"background-image:url('https:\/\/lundbergtech.com\/wp-content\/uploads\/2021\/11\/TQL-Greg-Swindle-742x583.jpg');\"><\/div>\n                    <\/div>\n\n\n        <div class=\"md:w-5\/12 md:ml-7  md:relative\">\n            <div class=\"p-5 md:px-8 mb-5 md:pb-7 lg:pb-12 lg:px-10 relative z-10 text-left bg-white  md:absolute md:drop-shadow-md xl:drop-shadow-xl md:filter md:m-0  md:w-full  md:right-0 md:top-52 lg:top-60 md:h-auto xl:ml-12 \">\n\n                    <a class=\"block u-a-nostyle mt-1 pt-3 md:pt-3  md:pl-0 lg:pt-4 xl:pt-5 md:hover:underline\" href=https:\/\/lundbergtech.com\/case-studies\/tql-packaging-solutions-waste-size-reduction\/ title=\"TQL Packaging Solutions \u2013 Waste Size Reduction\">\n                    <h3 class=\"leading-snug text-20  text-lt_blue md:leading-tight lg:text-20 xl:text-28 md:mb-0 font-bold \">TQL Packaging Solutions \u2013 Waste Size Reduction<\/h3>\n                    <\/a>\t\n                   \n                                        <a class=\"c-button--arrow-link\" href=https:\/\/lundbergtech.com\/case-studies\/tql-packaging-solutions-waste-size-reduction\/ title=\"TQL Packaging Solutions \u2013 Waste Size Reduction\">Read case study<\/a>\t\n                <\/div>\n           <\/div>\n\n\n\n\n\n    <\/div>\n\n<\/div>\n\n        <\/div>\n         <div class=\"c-slider__dots c-slider--casestudy__dots  mx-auto z-20 absolute left-0 right-0 text-center\"><\/div>\n   \t<\/div>\n<\/div>\n\n<div class=\"m-spacer m-spacer-69ee4f7d983e0\" data-id=\"69ee4f7d983e0\" data-height=\"25\" data-height-mobile=\"\" data-height-tab=\"\" data-height-tab-portrait=\"0\" style=\"clear:both;display:block;\"><\/div>\n\n\n\n[\/vc_column][\/vc_row]<\/p>\n<\/div>","protected":false},"excerpt":{"rendered":"<p>[vc_row full_width=&#8221;stretch_row&#8221; css=&#8221;.vc_custom_1624535937170{background-image: url(https:\/\/lundbergtech.com\/wp-content\/uploads\/2021\/06\/grey-abstract-bg-2.jpg?id=323) !important;background-position: center !important;background-repeat: no-repeat !important;background-size: cover !important;}&#8221;][vc_column][\/vc_column][\/vc_row][vc_row full_width=&#8221;stretch_row_content_no_spaces&#8221;][vc_column css=&#8221;.vc_custom_1636368298660{margin-top: 0px !important;margin-bottom: 0px !important;border-top-width: 0px !important;border-bottom-width: 0px !important;padding-top: 0px !important;padding-bottom: 0px !important;}&#8221;][\/vc_column][\/vc_row][vc_row full_width=&#8221;stretch_row&#8221; css=&#8221;.vc_custom_1627655038166{background-position: center !important;background-repeat: no-repeat !important;background-size: cover !important;}&#8221;][vc_column][\/vc_column][\/vc_row][vc_row full_width=&#8221;stretch_row_content_no_spaces&#8221;][vc_column][\/vc_column][\/vc_row]<\/p>\n","protected":false},"author":1,"featured_media":3739,"parent":4751,"menu_order":0,"comment_status":"closed","ping_status":"closed","template":"","meta":{"_acf_changed":false,"inline_featured_image":false,"footnotes":""},"class_list":["post-4774","page","type-page","status-publish","has-post-thumbnail","hentry"],"acf":[],"yoast_head":"<!-- This site is optimized with the Yoast SEO plugin v27.1.1 - https:\/\/yoast.com\/product\/yoast-seo-wordpress\/ -->\n<title>Reducci\u00f3n del desperdicio | Reducir su manipulaci\u00f3n<\/title>\n<meta name=\"description\" content=\"Una soluci\u00f3n para todas sus necesidades de gesti\u00f3n de desperdicios | Lundberg Tech logra todos estos objetivos recortando el material sobrante en trozos peque\u00f1os y transport\u00e1ndolo por un sistema de tubos\" \/>\n<meta name=\"robots\" content=\"index, follow, max-snippet:-1, max-image-preview:large, max-video-preview:-1\" \/>\n<link rel=\"canonical\" href=\"https:\/\/lundbergtech.com\/es\/su-proceso\/reduccion-del-desperdicio\/\" \/>\n<meta property=\"og:locale\" content=\"es_ES\" \/>\n<meta property=\"og:type\" content=\"article\" \/>\n<meta property=\"og:title\" content=\"Reducci\u00f3n del desperdicio | Reducir su manipulaci\u00f3n\" \/>\n<meta property=\"og:description\" content=\"Una soluci\u00f3n para todas sus necesidades de gesti\u00f3n de desperdicios | Lundberg Tech logra todos estos objetivos recortando el material sobrante en trozos peque\u00f1os y transport\u00e1ndolo por un sistema de tubos\" \/>\n<meta property=\"og:url\" content=\"https:\/\/lundbergtech.com\/es\/su-proceso\/reduccion-del-desperdicio\/\" \/>\n<meta property=\"og:site_name\" content=\"Lundberg Tech\" \/>\n<meta property=\"article:publisher\" content=\"https:\/\/www.facebook.com\/lundbergtech\" \/>\n<meta property=\"article:modified_time\" content=\"2023-05-11T09:21:16+00:00\" \/>\n<meta property=\"og:image\" content=\"https:\/\/lundbergtech.com\/wp-content\/uploads\/2021\/11\/Granulator-with-hole-shield.jpg\" \/>\n\t<meta property=\"og:image:width\" content=\"1533\" \/>\n\t<meta property=\"og:image:height\" content=\"978\" \/>\n\t<meta property=\"og:image:type\" content=\"image\/jpeg\" \/>\n<meta name=\"twitter:card\" content=\"summary_large_image\" \/>\n<meta name=\"twitter:site\" content=\"@lundbergtech\" \/>\n<meta name=\"twitter:label1\" content=\"Est. reading time\" \/>\n\t<meta name=\"twitter:data1\" content=\"2 minutes\" \/>\n<script type=\"application\/ld+json\" class=\"yoast-schema-graph\">{\"@context\":\"https:\/\/schema.org\",\"@graph\":[{\"@type\":\"WebPage\",\"@id\":\"https:\/\/lundbergtech.com\/es\/su-proceso\/reduccion-del-desperdicio\/\",\"url\":\"https:\/\/lundbergtech.com\/es\/su-proceso\/reduccion-del-desperdicio\/\",\"name\":\"Reducci\u00f3n del desperdicio | Reducir su manipulaci\u00f3n\",\"isPartOf\":{\"@id\":\"https:\/\/lundbergtech.com\/#website\"},\"primaryImageOfPage\":{\"@id\":\"https:\/\/lundbergtech.com\/es\/su-proceso\/reduccion-del-desperdicio\/#primaryimage\"},\"image\":{\"@id\":\"https:\/\/lundbergtech.com\/es\/su-proceso\/reduccion-del-desperdicio\/#primaryimage\"},\"thumbnailUrl\":\"https:\/\/lundbergtech.com\/wp-content\/uploads\/2021\/11\/Granulator-with-hole-shield.jpg\",\"datePublished\":\"2021-05-19T11:49:04+00:00\",\"dateModified\":\"2023-05-11T09:21:16+00:00\",\"description\":\"Una soluci\u00f3n para todas sus necesidades de gesti\u00f3n de desperdicios | Lundberg Tech logra todos estos objetivos recortando el material sobrante en trozos peque\u00f1os y transport\u00e1ndolo por un sistema de tubos\",\"breadcrumb\":{\"@id\":\"https:\/\/lundbergtech.com\/es\/su-proceso\/reduccion-del-desperdicio\/#breadcrumb\"},\"inLanguage\":\"es-ES\",\"potentialAction\":[{\"@type\":\"ReadAction\",\"target\":[\"https:\/\/lundbergtech.com\/es\/su-proceso\/reduccion-del-desperdicio\/\"]}]},{\"@type\":\"ImageObject\",\"inLanguage\":\"es-ES\",\"@id\":\"https:\/\/lundbergtech.com\/es\/su-proceso\/reduccion-del-desperdicio\/#primaryimage\",\"url\":\"https:\/\/lundbergtech.com\/wp-content\/uploads\/2021\/11\/Granulator-with-hole-shield.jpg\",\"contentUrl\":\"https:\/\/lundbergtech.com\/wp-content\/uploads\/2021\/11\/Granulator-with-hole-shield.jpg\",\"width\":1533,\"height\":978},{\"@type\":\"BreadcrumbList\",\"@id\":\"https:\/\/lundbergtech.com\/es\/su-proceso\/reduccion-del-desperdicio\/#breadcrumb\",\"itemListElement\":[{\"@type\":\"ListItem\",\"position\":1,\"name\":\"Su proceso\",\"item\":\"https:\/\/lundbergtech.com\/es\/su-proceso\/\"},{\"@type\":\"ListItem\",\"position\":2,\"name\":\"Reducci\u00f3n del desperdicio\"}]},{\"@type\":\"WebSite\",\"@id\":\"https:\/\/lundbergtech.com\/#website\",\"url\":\"https:\/\/lundbergtech.com\/\",\"name\":\"Lundberg Tech\",\"description\":\"Our waste handling keeps production going\",\"potentialAction\":[{\"@type\":\"SearchAction\",\"target\":{\"@type\":\"EntryPoint\",\"urlTemplate\":\"https:\/\/lundbergtech.com\/?s={search_term_string}\"},\"query-input\":{\"@type\":\"PropertyValueSpecification\",\"valueRequired\":true,\"valueName\":\"search_term_string\"}}],\"inLanguage\":\"es-ES\"}]}<\/script>\n<!-- \/ Yoast SEO plugin. -->","yoast_head_json":{"title":"Reducci\u00f3n del desperdicio | Reducir su manipulaci\u00f3n","description":"Una soluci\u00f3n para todas sus necesidades de gesti\u00f3n de desperdicios | Lundberg Tech logra todos estos objetivos recortando el material sobrante en trozos peque\u00f1os y transport\u00e1ndolo por un sistema de tubos","robots":{"index":"index","follow":"follow","max-snippet":"max-snippet:-1","max-image-preview":"max-image-preview:large","max-video-preview":"max-video-preview:-1"},"canonical":"https:\/\/lundbergtech.com\/es\/su-proceso\/reduccion-del-desperdicio\/","og_locale":"es_ES","og_type":"article","og_title":"Reducci\u00f3n del desperdicio | Reducir su manipulaci\u00f3n","og_description":"Una soluci\u00f3n para todas sus necesidades de gesti\u00f3n de desperdicios | Lundberg Tech logra todos estos objetivos recortando el material sobrante en trozos peque\u00f1os y transport\u00e1ndolo por un sistema de tubos","og_url":"https:\/\/lundbergtech.com\/es\/su-proceso\/reduccion-del-desperdicio\/","og_site_name":"Lundberg Tech","article_publisher":"https:\/\/www.facebook.com\/lundbergtech","article_modified_time":"2023-05-11T09:21:16+00:00","og_image":[{"width":1533,"height":978,"url":"https:\/\/lundbergtech.com\/wp-content\/uploads\/2021\/11\/Granulator-with-hole-shield.jpg","type":"image\/jpeg"}],"twitter_card":"summary_large_image","twitter_site":"@lundbergtech","twitter_misc":{"Est. reading time":"2 minutes"},"schema":{"@context":"https:\/\/schema.org","@graph":[{"@type":"WebPage","@id":"https:\/\/lundbergtech.com\/es\/su-proceso\/reduccion-del-desperdicio\/","url":"https:\/\/lundbergtech.com\/es\/su-proceso\/reduccion-del-desperdicio\/","name":"Reducci\u00f3n del desperdicio | Reducir su manipulaci\u00f3n","isPartOf":{"@id":"https:\/\/lundbergtech.com\/#website"},"primaryImageOfPage":{"@id":"https:\/\/lundbergtech.com\/es\/su-proceso\/reduccion-del-desperdicio\/#primaryimage"},"image":{"@id":"https:\/\/lundbergtech.com\/es\/su-proceso\/reduccion-del-desperdicio\/#primaryimage"},"thumbnailUrl":"https:\/\/lundbergtech.com\/wp-content\/uploads\/2021\/11\/Granulator-with-hole-shield.jpg","datePublished":"2021-05-19T11:49:04+00:00","dateModified":"2023-05-11T09:21:16+00:00","description":"Una soluci\u00f3n para todas sus necesidades de gesti\u00f3n de desperdicios | Lundberg Tech logra todos estos objetivos recortando el material sobrante en trozos peque\u00f1os y transport\u00e1ndolo por un sistema de tubos","breadcrumb":{"@id":"https:\/\/lundbergtech.com\/es\/su-proceso\/reduccion-del-desperdicio\/#breadcrumb"},"inLanguage":"es-ES","potentialAction":[{"@type":"ReadAction","target":["https:\/\/lundbergtech.com\/es\/su-proceso\/reduccion-del-desperdicio\/"]}]},{"@type":"ImageObject","inLanguage":"es-ES","@id":"https:\/\/lundbergtech.com\/es\/su-proceso\/reduccion-del-desperdicio\/#primaryimage","url":"https:\/\/lundbergtech.com\/wp-content\/uploads\/2021\/11\/Granulator-with-hole-shield.jpg","contentUrl":"https:\/\/lundbergtech.com\/wp-content\/uploads\/2021\/11\/Granulator-with-hole-shield.jpg","width":1533,"height":978},{"@type":"BreadcrumbList","@id":"https:\/\/lundbergtech.com\/es\/su-proceso\/reduccion-del-desperdicio\/#breadcrumb","itemListElement":[{"@type":"ListItem","position":1,"name":"Su proceso","item":"https:\/\/lundbergtech.com\/es\/su-proceso\/"},{"@type":"ListItem","position":2,"name":"Reducci\u00f3n del desperdicio"}]},{"@type":"WebSite","@id":"https:\/\/lundbergtech.com\/#website","url":"https:\/\/lundbergtech.com\/","name":"Lundberg Tech","description":"Our waste handling keeps production going","potentialAction":[{"@type":"SearchAction","target":{"@type":"EntryPoint","urlTemplate":"https:\/\/lundbergtech.com\/?s={search_term_string}"},"query-input":{"@type":"PropertyValueSpecification","valueRequired":true,"valueName":"search_term_string"}}],"inLanguage":"es-ES"}]}},"_links":{"self":[{"href":"https:\/\/lundbergtech.com\/es\/wp-json\/wp\/v2\/pages\/4774","targetHints":{"allow":["GET"]}}],"collection":[{"href":"https:\/\/lundbergtech.com\/es\/wp-json\/wp\/v2\/pages"}],"about":[{"href":"https:\/\/lundbergtech.com\/es\/wp-json\/wp\/v2\/types\/page"}],"author":[{"embeddable":true,"href":"https:\/\/lundbergtech.com\/es\/wp-json\/wp\/v2\/users\/1"}],"replies":[{"embeddable":true,"href":"https:\/\/lundbergtech.com\/es\/wp-json\/wp\/v2\/comments?post=4774"}],"version-history":[{"count":9,"href":"https:\/\/lundbergtech.com\/es\/wp-json\/wp\/v2\/pages\/4774\/revisions"}],"predecessor-version":[{"id":7320,"href":"https:\/\/lundbergtech.com\/es\/wp-json\/wp\/v2\/pages\/4774\/revisions\/7320"}],"up":[{"embeddable":true,"href":"https:\/\/lundbergtech.com\/es\/wp-json\/wp\/v2\/pages\/4751"}],"wp:featuredmedia":[{"embeddable":true,"href":"https:\/\/lundbergtech.com\/es\/wp-json\/wp\/v2\/media\/3739"}],"wp:attachment":[{"href":"https:\/\/lundbergtech.com\/es\/wp-json\/wp\/v2\/media?parent=4774"}],"curies":[{"name":"wp","href":"https:\/\/api.w.org\/{rel}","templated":true}]}}