{"id":5411,"date":"2021-10-14T08:32:02","date_gmt":"2021-10-14T08:32:02","guid":{"rendered":"https:\/\/lundbergtech.com\/sustainability-manifesto\/"},"modified":"2023-05-24T12:55:07","modified_gmt":"2023-05-24T12:55:07","slug":"manifiesto-sobre-la-sostenibilidad","status":"publish","type":"page","link":"https:\/\/lundbergtech.com\/es\/manifiesto-sobre-la-sostenibilidad\/","title":{"rendered":"Manifiesto sobre la sostenibilidad"},"content":{"rendered":"<div class=\"wpb-content-wrapper\"><p>[vc_row full_width=&#8221;stretch_row&#8221; content_placement=&#8221;middle&#8221; css=&#8221;.vc_custom_1624432263575{background-image: url(https:\/\/lundbergtech.com\/wp-content\/uploads\/2021\/05\/grey-abstract-bg.jpg?id=146) !important;background-position: center !important;background-repeat: no-repeat !important;background-size: cover !important;}&#8221;][vc_column]<div class=\"m-text-image md:flex md:py-10 lg:relative container lg:pb-20\">\n    <div class=\"md:w-6\/12 bg-white p-4 pb-5  md:p-10 filter drop-shadow-lg lg:mb-20  z-20 lg:p-14  md:order-2 md:ml-2 lg:ml-4 xl:ml-6 \">\n      <div class=\"m-text-image__content pb-4 lg:pb-12 md:text-18\">\n        Lundberg Tech se inspira en los Objetivos de Desarrollo Sostenible de la ONU (los ODS), y dado que nuestro planeta se encuentra sometido a grandes presiones y no podemos obviar nuestras responsabilidades sociales, los integraremos a corto plazo en nuestra actividad diaria.<\/p>\n<p>El proceso de transformaci\u00f3n ecol\u00f3gica comienza en casa, y esto significa que la producci\u00f3n responsable, la reducci\u00f3n del consumo propio, el fomento del reciclaje y de unas condiciones mejores forman parte integral de la agenda de Lundberg Tech.<\/p>\n<p>Llevando las cosas a\u00fan m\u00e1s all\u00e1, Lundberg Tech exigir\u00e1 una mayor concienciaci\u00f3n y compromiso ecol\u00f3gicos de nuestros proveedores, a la vez que buscamos nuevas formas de mejorar y garantizar un desarrollo tecnol\u00f3gico verde.<\/p>\n<p>Al mismo tiempo, Lundberg Tech puede marcar grandes diferencias para nuestros clientes puesto de nuestros productos pueden servir para mejorar su producci\u00f3n sostenible. Las mejoras continuas son de importancia estrat\u00e9gica para nuestro negocio puesto que estamos desarrollando soluciones de vac\u00edo para la gesti\u00f3n de desperdicios con una separaci\u00f3n cada vez m\u00e1s especializada de materiales y unas condiciones de trabajo optimizadas para nuestros clientes de todo el mundo, que est\u00e1n cada vez m\u00e1s comprometidos con la sostenibilidad medioambiental.\n \n      <\/div>\n          <\/div>\n\n    <div class=\"block md:hidden\">\n      <img decoding=\"async\" src=\"https:\/\/lundbergtech.com\/wp-content\/uploads\/2021\/11\/SDG-Wheel_Transparent_WEB-570x0-c-default.png\" alt=\"\" class=\"lg:mb-0 lg:absolute lg:right-0 lg:mt-0 lg:-bottom-28\">\n    <\/div>\n\n    <div class=\" md:w-6\/12 md:h-96 md:relative md:mt-20 lg:z-10 hidden md:block  lg:h-auto  left md:order-1 md:mr-2 lg:mr-4  xl:mr-6 \">\n      <div class=\"bg-cover lg:h-540 w-full md:h-full lg:absolute lg:bottom-0 lg:mt-0\" style=\"background-image:url('https:\/\/lundbergtech.com\/wp-content\/uploads\/2021\/11\/SDG-Wheel_Transparent_WEB-570x0-c-default.png');\"><\/div>\n    <\/div>\n\n\n<\/div>\n\n\n[\/vc_column][\/vc_row][vc_row full_width=&#8221;stretch_row&#8221; equal_height=&#8221;yes&#8221; css=&#8221;.vc_custom_1623764415633{background-image: url(https:\/\/lundbergtech.com\/wp-content\/uploads\/2021\/06\/grey-abstract-bg-2.jpg?id=323) !important;background-position: center !important;background-repeat: no-repeat !important;background-size: cover !important;}&#8221;][vc_column]<div class=\"m-spacer m-spacer-69d77acff1e37\" data-id=\"69d77acff1e37\" data-height=\"50\" data-height-mobile=\"10\" data-height-tab=\"30\" data-height-tab-portrait=\"20\" style=\"clear:both;display:block;\"><\/div>\n\n\n\n[vc_row_inner][vc_column_inner width=&#8221;1\/2&#8243;]<div class=\"m-spacer m-spacer-69d77acff28e6\" data-id=\"69d77acff28e6\" data-height=\"30\" data-height-mobile=\"10\" data-height-tab=\"25\" data-height-tab-portrait=\"15\" style=\"clear:both;display:block;\"><\/div>\n\n\n\n[vc_single_image image=&#8221;7414&#8243; img_size=&#8221;441&#215;505&#8243; alignment=&#8221;center&#8221;][\/vc_column_inner][vc_column_inner width=&#8221;1\/2&#8243;]<div class=\"m-spacer m-spacer-69d77acff3013\" data-id=\"69d77acff3013\" data-height=\"30\" data-height-mobile=\"10\" data-height-tab=\"25\" data-height-tab-portrait=\"15\" style=\"clear:both;display:block;\"><\/div>\n\n\n\n[vc_column_text]<\/p>\n<h2>Trabajamos con <span class=\"text-lt_green block\">su desperdicio<\/span><\/h2>\n<p><strong>Cuidamos del medioambiente y de su cuenta de resultados<\/strong><\/p>\n<p>Sin duda, el proceso de transformaci\u00f3n ecol\u00f3gica va a exigir un gran esfuerzo; sin embargo, se trata de una oportunidad \u00fanica para marcar diferencias y es el mejor medio para garantizar la viabilidad global y un \u00e9xito continuado. Los productos de Lundberg Tech pueden desempe\u00f1ar un papel vital en este proceso.[\/vc_column_text]<div class=\"m-spacer m-spacer-69d77acff369e\" data-id=\"69d77acff369e\" data-height=\"30\" data-height-mobile=\"10\" data-height-tab=\"25\" data-height-tab-portrait=\"15\" style=\"clear:both;display:block;\"><\/div>\n\n\n\n[vc_column_text][\/vc_column_text][\/vc_column_inner][\/vc_row_inner]<div class=\"m-spacer m-spacer-69d77acff3d62\" data-id=\"69d77acff3d62\" data-height=\"70\" data-height-mobile=\"20\" data-height-tab=\"50\" data-height-tab-portrait=\"30\" style=\"clear:both;display:block;\"><\/div>\n\n\n\n[\/vc_column][\/vc_row][vc_row full_width=&#8221;stretch_row&#8221; equal_height=&#8221;yes&#8221;][vc_column]<div class=\"m-spacer m-spacer-69d77ad0001bf\" data-id=\"69d77ad0001bf\" data-height=\"50\" data-height-mobile=\"10\" data-height-tab=\"30\" data-height-tab-portrait=\"20\" style=\"clear:both;display:block;\"><\/div>\n\n\n\n[vc_row_inner][vc_column_inner width=&#8221;1\/2&#8243;]<div class=\"m-spacer m-spacer-69d77ad000925\" data-id=\"69d77ad000925\" data-height=\"30\" data-height-mobile=\"10\" data-height-tab=\"25\" data-height-tab-portrait=\"15\" style=\"clear:both;display:block;\"><\/div>\n\n\n\n[vc_column_text]<\/p>\n<h2>Por qu\u00e9 elegir <span class=\"text-lt_green block\">Lundberg Tech<\/span><\/h2>\n<p><strong>Nuestro tratamiento de desperdicios mantiene en marcha la producci\u00f3n<\/strong><\/p>\n<p><span style=\"font-weight: 400;\">Lundberg Tech puede encargarse de los desperdicios de casi cualquier tipo de maquinaria de producci\u00f3n y embalaje. Contamos con m\u00e1s de 35 de a\u00f1os de experiencia en el sector del tratamiento de desperdicios, un campo que nos apasiona. Nos centramos en incrementar su productividad, a la vez que potenciamos la sostenibilidad y la econom\u00eda circular.<\/span>[\/vc_column_text]<div class=\"m-spacer m-spacer-69d77ad001091\" data-id=\"69d77ad001091\" data-height=\"25\" data-height-mobile=\"10\" data-height-tab=\"20\" data-height-tab-portrait=\"15\" style=\"clear:both;display:block;\"><\/div>\n\n\n\n[vc_column_text]<a class=\"c-button\" href=https:\/\/lundbergtech.com\/es\/compania\/>M\u00e1s datos sobre nosotros<\/a>[\/vc_column_text][\/vc_column_inner][vc_column_inner width=&#8221;1\/2&#8243;]<div class=\"m-spacer m-spacer-69d77ad001763\" data-id=\"69d77ad001763\" data-height=\"30\" data-height-mobile=\"10\" data-height-tab=\"25\" data-height-tab-portrait=\"15\" style=\"clear:both;display:block;\"><\/div>\n\n\n\n[vc_single_image image=&#8221;3907&#8243; img_size=&#8221;full&#8221; alignment=&#8221;center&#8221;][\/vc_column_inner][\/vc_row_inner]<div class=\"m-spacer m-spacer-69d77ad001e63\" data-id=\"69d77ad001e63\" data-height=\"150\" data-height-mobile=\"20\" data-height-tab=\"50\" data-height-tab-portrait=\"30\" style=\"clear:both;display:block;\"><\/div>\n\n\n\n[\/vc_column][\/vc_row]<\/p>\n<\/div>","protected":false},"excerpt":{"rendered":"<p>[vc_row full_width=&#8221;stretch_row&#8221; content_placement=&#8221;middle&#8221; css=&#8221;.vc_custom_1624432263575{background-image: url(https:\/\/lundbergtech.com\/wp-content\/uploads\/2021\/05\/grey-abstract-bg.jpg?id=146) !important;background-position: center !important;background-repeat: no-repeat !important;background-size: cover !important;}&#8221;][vc_column][\/vc_column][\/vc_row][vc_row full_width=&#8221;stretch_row&#8221; equal_height=&#8221;yes&#8221; css=&#8221;.vc_custom_1623764415633{background-image: url(https:\/\/lundbergtech.com\/wp-content\/uploads\/2021\/06\/grey-abstract-bg-2.jpg?id=323) !important;background-position: center !important;background-repeat: no-repeat !important;background-size: cover !important;}&#8221;][vc_column][vc_row_inner][vc_column_inner width=&#8221;1\/2&#8243;][vc_single_image image=&#8221;7414&#8243; img_size=&#8221;441&#215;505&#8243; alignment=&#8221;center&#8221;][\/vc_column_inner][vc_column_inner width=&#8221;1\/2&#8243;][vc_column_text] Trabajamos con su desperdicio Cuidamos del medioambiente y de su cuenta de resultados Sin duda, el proceso de transformaci\u00f3n ecol\u00f3gica va a exigir un gran esfuerzo; sin [&hellip;]<\/p>\n","protected":false},"author":1,"featured_media":2428,"parent":0,"menu_order":0,"comment_status":"closed","ping_status":"closed","template":"","meta":{"_acf_changed":false,"inline_featured_image":false,"footnotes":""},"class_list":["post-5411","page","type-page","status-publish","has-post-thumbnail","hentry"],"acf":[],"yoast_head":"<!-- This site is optimized with the Yoast SEO plugin v27.1.1 - https:\/\/yoast.com\/product\/yoast-seo-wordpress\/ -->\n<title>About Lundberg Tech Manifiesto sobre la sostenibilidad<\/title>\n<meta name=\"description\" content=\"Lundberg Tech is inspired by the UN Sustainable Development Goals (SDGs), and we are in the process of integrating these in our daily business as the planet is under severe strain and social responsibilities cannot be neglected.\" \/>\n<meta name=\"robots\" content=\"index, follow, max-snippet:-1, max-image-preview:large, max-video-preview:-1\" \/>\n<link rel=\"canonical\" href=\"https:\/\/lundbergtech.com\/es\/manifiesto-sobre-la-sostenibilidad\/\" \/>\n<meta property=\"og:locale\" content=\"es_ES\" \/>\n<meta property=\"og:type\" content=\"article\" \/>\n<meta property=\"og:title\" content=\"About Lundberg Tech Manifiesto sobre la sostenibilidad\" \/>\n<meta property=\"og:description\" content=\"Lundberg Tech is inspired by the UN Sustainable Development Goals (SDGs), and we are in the process of integrating these in our daily business as the planet is under severe strain and social responsibilities cannot be neglected.\" \/>\n<meta property=\"og:url\" content=\"https:\/\/lundbergtech.com\/es\/manifiesto-sobre-la-sostenibilidad\/\" \/>\n<meta property=\"og:site_name\" content=\"Lundberg Tech\" \/>\n<meta property=\"article:publisher\" content=\"https:\/\/www.facebook.com\/lundbergtech\" \/>\n<meta property=\"article:modified_time\" content=\"2023-05-24T12:55:07+00:00\" \/>\n<meta property=\"og:image\" content=\"https:\/\/lundbergtech.com\/wp-content\/uploads\/2021\/11\/Work-with-your-WASTE-and-green-tree-1.jpg\" \/>\n\t<meta property=\"og:image:width\" content=\"700\" \/>\n\t<meta property=\"og:image:height\" content=\"400\" \/>\n\t<meta property=\"og:image:type\" content=\"image\/jpeg\" \/>\n<meta name=\"twitter:card\" content=\"summary_large_image\" \/>\n<meta name=\"twitter:site\" content=\"@lundbergtech\" \/>\n<meta name=\"twitter:label1\" content=\"Est. reading time\" \/>\n\t<meta name=\"twitter:data1\" content=\"2 minutes\" \/>\n<script type=\"application\/ld+json\" class=\"yoast-schema-graph\">{\"@context\":\"https:\/\/schema.org\",\"@graph\":[{\"@type\":\"WebPage\",\"@id\":\"https:\/\/lundbergtech.com\/es\/manifiesto-sobre-la-sostenibilidad\/\",\"url\":\"https:\/\/lundbergtech.com\/es\/manifiesto-sobre-la-sostenibilidad\/\",\"name\":\"About Lundberg Tech Manifiesto sobre la sostenibilidad\",\"isPartOf\":{\"@id\":\"https:\/\/lundbergtech.com\/#website\"},\"primaryImageOfPage\":{\"@id\":\"https:\/\/lundbergtech.com\/es\/manifiesto-sobre-la-sostenibilidad\/#primaryimage\"},\"image\":{\"@id\":\"https:\/\/lundbergtech.com\/es\/manifiesto-sobre-la-sostenibilidad\/#primaryimage\"},\"thumbnailUrl\":\"https:\/\/lundbergtech.com\/wp-content\/uploads\/2021\/11\/Work-with-your-WASTE-and-green-tree-1.jpg\",\"datePublished\":\"2021-10-14T08:32:02+00:00\",\"dateModified\":\"2023-05-24T12:55:07+00:00\",\"description\":\"Lundberg Tech is inspired by the UN Sustainable Development Goals (SDGs), and we are in the process of integrating these in our daily business as the planet is under severe strain and social responsibilities cannot be neglected.\",\"inLanguage\":\"es-ES\",\"potentialAction\":[{\"@type\":\"ReadAction\",\"target\":[\"https:\/\/lundbergtech.com\/es\/manifiesto-sobre-la-sostenibilidad\/\"]}]},{\"@type\":\"ImageObject\",\"inLanguage\":\"es-ES\",\"@id\":\"https:\/\/lundbergtech.com\/es\/manifiesto-sobre-la-sostenibilidad\/#primaryimage\",\"url\":\"https:\/\/lundbergtech.com\/wp-content\/uploads\/2021\/11\/Work-with-your-WASTE-and-green-tree-1.jpg\",\"contentUrl\":\"https:\/\/lundbergtech.com\/wp-content\/uploads\/2021\/11\/Work-with-your-WASTE-and-green-tree-1.jpg\",\"width\":700,\"height\":400},{\"@type\":\"WebSite\",\"@id\":\"https:\/\/lundbergtech.com\/#website\",\"url\":\"https:\/\/lundbergtech.com\/\",\"name\":\"Lundberg Tech\",\"description\":\"Our waste handling keeps production going\",\"potentialAction\":[{\"@type\":\"SearchAction\",\"target\":{\"@type\":\"EntryPoint\",\"urlTemplate\":\"https:\/\/lundbergtech.com\/?s={search_term_string}\"},\"query-input\":{\"@type\":\"PropertyValueSpecification\",\"valueRequired\":true,\"valueName\":\"search_term_string\"}}],\"inLanguage\":\"es-ES\"}]}<\/script>\n<!-- \/ Yoast SEO plugin. -->","yoast_head_json":{"title":"About Lundberg Tech Manifiesto sobre la sostenibilidad","description":"Lundberg Tech is inspired by the UN Sustainable Development Goals (SDGs), and we are in the process of integrating these in our daily business as the planet is under severe strain and social responsibilities cannot be neglected.","robots":{"index":"index","follow":"follow","max-snippet":"max-snippet:-1","max-image-preview":"max-image-preview:large","max-video-preview":"max-video-preview:-1"},"canonical":"https:\/\/lundbergtech.com\/es\/manifiesto-sobre-la-sostenibilidad\/","og_locale":"es_ES","og_type":"article","og_title":"About Lundberg Tech Manifiesto sobre la sostenibilidad","og_description":"Lundberg Tech is inspired by the UN Sustainable Development Goals (SDGs), and we are in the process of integrating these in our daily business as the planet is under severe strain and social responsibilities cannot be neglected.","og_url":"https:\/\/lundbergtech.com\/es\/manifiesto-sobre-la-sostenibilidad\/","og_site_name":"Lundberg Tech","article_publisher":"https:\/\/www.facebook.com\/lundbergtech","article_modified_time":"2023-05-24T12:55:07+00:00","og_image":[{"width":700,"height":400,"url":"https:\/\/lundbergtech.com\/wp-content\/uploads\/2021\/11\/Work-with-your-WASTE-and-green-tree-1.jpg","type":"image\/jpeg"}],"twitter_card":"summary_large_image","twitter_site":"@lundbergtech","twitter_misc":{"Est. reading time":"2 minutes"},"schema":{"@context":"https:\/\/schema.org","@graph":[{"@type":"WebPage","@id":"https:\/\/lundbergtech.com\/es\/manifiesto-sobre-la-sostenibilidad\/","url":"https:\/\/lundbergtech.com\/es\/manifiesto-sobre-la-sostenibilidad\/","name":"About Lundberg Tech Manifiesto sobre la sostenibilidad","isPartOf":{"@id":"https:\/\/lundbergtech.com\/#website"},"primaryImageOfPage":{"@id":"https:\/\/lundbergtech.com\/es\/manifiesto-sobre-la-sostenibilidad\/#primaryimage"},"image":{"@id":"https:\/\/lundbergtech.com\/es\/manifiesto-sobre-la-sostenibilidad\/#primaryimage"},"thumbnailUrl":"https:\/\/lundbergtech.com\/wp-content\/uploads\/2021\/11\/Work-with-your-WASTE-and-green-tree-1.jpg","datePublished":"2021-10-14T08:32:02+00:00","dateModified":"2023-05-24T12:55:07+00:00","description":"Lundberg Tech is inspired by the UN Sustainable Development Goals (SDGs), and we are in the process of integrating these in our daily business as the planet is under severe strain and social responsibilities cannot be neglected.","inLanguage":"es-ES","potentialAction":[{"@type":"ReadAction","target":["https:\/\/lundbergtech.com\/es\/manifiesto-sobre-la-sostenibilidad\/"]}]},{"@type":"ImageObject","inLanguage":"es-ES","@id":"https:\/\/lundbergtech.com\/es\/manifiesto-sobre-la-sostenibilidad\/#primaryimage","url":"https:\/\/lundbergtech.com\/wp-content\/uploads\/2021\/11\/Work-with-your-WASTE-and-green-tree-1.jpg","contentUrl":"https:\/\/lundbergtech.com\/wp-content\/uploads\/2021\/11\/Work-with-your-WASTE-and-green-tree-1.jpg","width":700,"height":400},{"@type":"WebSite","@id":"https:\/\/lundbergtech.com\/#website","url":"https:\/\/lundbergtech.com\/","name":"Lundberg Tech","description":"Our waste handling keeps production going","potentialAction":[{"@type":"SearchAction","target":{"@type":"EntryPoint","urlTemplate":"https:\/\/lundbergtech.com\/?s={search_term_string}"},"query-input":{"@type":"PropertyValueSpecification","valueRequired":true,"valueName":"search_term_string"}}],"inLanguage":"es-ES"}]}},"_links":{"self":[{"href":"https:\/\/lundbergtech.com\/es\/wp-json\/wp\/v2\/pages\/5411","targetHints":{"allow":["GET"]}}],"collection":[{"href":"https:\/\/lundbergtech.com\/es\/wp-json\/wp\/v2\/pages"}],"about":[{"href":"https:\/\/lundbergtech.com\/es\/wp-json\/wp\/v2\/types\/page"}],"author":[{"embeddable":true,"href":"https:\/\/lundbergtech.com\/es\/wp-json\/wp\/v2\/users\/1"}],"replies":[{"embeddable":true,"href":"https:\/\/lundbergtech.com\/es\/wp-json\/wp\/v2\/comments?post=5411"}],"version-history":[{"count":13,"href":"https:\/\/lundbergtech.com\/es\/wp-json\/wp\/v2\/pages\/5411\/revisions"}],"predecessor-version":[{"id":7438,"href":"https:\/\/lundbergtech.com\/es\/wp-json\/wp\/v2\/pages\/5411\/revisions\/7438"}],"wp:featuredmedia":[{"embeddable":true,"href":"https:\/\/lundbergtech.com\/es\/wp-json\/wp\/v2\/media\/2428"}],"wp:attachment":[{"href":"https:\/\/lundbergtech.com\/es\/wp-json\/wp\/v2\/media?parent=5411"}],"curies":[{"name":"wp","href":"https:\/\/api.w.org\/{rel}","templated":true}]}}