{"id":5843,"date":"2021-05-28T08:16:22","date_gmt":"2021-05-28T08:16:22","guid":{"rendered":"https:\/\/lundbergtech.com\/all-in-one-units\/"},"modified":"2022-12-20T14:13:47","modified_gmt":"2022-12-20T14:13:47","slug":"unites-tout-en-un","status":"publish","type":"page","link":"https:\/\/lundbergtech.com\/fr\/unites-tout-en-un\/","title":{"rendered":"Unit\u00e9s Tout-en-Un"},"content":{"rendered":"<div class=\"wpb-content-wrapper\"><p>[vc_row full_width=&#8221;stretch_row&#8221; css=&#8221;.vc_custom_1636124826245{background-image: url(https:\/\/lundbergtech.com\/wp-content\/uploads\/2021\/05\/granulator-cutting-bg.jpg?id=161) !important;background-position: center !important;background-repeat: no-repeat !important;background-size: cover !important;}&#8221;][vc_column]<div class=\"m-spacer m-spacer-69dba57049ab9\" data-id=\"69dba57049ab9\" data-height=\"80\" data-height-mobile=\"20\" data-height-tab=\"50\" data-height-tab-portrait=\"30\" style=\"clear:both;display:block;\"><\/div>\n\n\n\n[vc_row_inner equal_height=&#8221;yes&#8221; content_placement=&#8221;middle&#8221;][vc_column_inner width=&#8221;1\/2&#8243;][vc_video link=&#8221;https:\/\/youtu.be\/RrAr7Zp3dbE&#8221;][\/vc_column_inner][vc_column_inner width=&#8221;1\/2&#8243;][vc_column_text]<span style=\"color: #ffffff;\">Comme leur nom l\u2019indique, les Unit\u00e9s tout-en-un sont une s\u00e9rie d\u2019unit\u00e9s de traitement des d\u00e9chets contenant tout ce dont vous avez besoin pour capturer, transporter, couper, collecter et compacter les d\u00e9chets de vos machines de production. Les Unit\u00e9s Tout-en-Un sont toutes faciles \u00e0 installer et \u00e0 utiliser, et ce qu\u2019elles soient pr\u00e9vues pour collecter les d\u00e9chets d\u2019une ou de plusieurs machines de production.\u00a0<\/span><\/p>\n<p><span style=\"color: #ffffff;\">Chaque Unit\u00e9 Tout-en-Un est con\u00e7ue pour une productivit\u00e9 maximale, afin que vos lignes puissent fonctionner \u00e0 pleine vitesse et que le d\u00e9coupage des lisi\u00e8res et l\u2019\u00e9limination des d\u00e9chets ne soient plus un point bloquant. Avec un syst\u00e8me de traitement des d\u00e9chets efficace, vous r\u00e9duirez la main d\u2019\u0153uvre affect\u00e9e au traitement manuel des d\u00e9chets. De plus, vous diminuerez la g\u00e2che de mati\u00e8re g\u00e9n\u00e9r\u00e9e chaque fois que vous devez arr\u00eater ou d\u00e9marrer votre ligne de production.<\/span>[\/vc_column_text][\/vc_column_inner][\/vc_row_inner][\/vc_column][\/vc_row][vc_row full_width=&#8221;stretch_row_content_no_spaces&#8221;][vc_column css=&#8221;.vc_custom_1636124895157{margin-top: 0px !important;margin-bottom: 0px !important;border-top-width: 0px !important;border-bottom-width: 0px !important;padding-top: 0px !important;padding-bottom: 0px !important;}&#8221;]<div class=\"m-benefits-carousel relative py-14 pb-8 md:pt-24 md:pb-6 lg:pt-36 lg:pb-12  image-right \">\n    <div class=\"container md:mx-auto px-3 pb-2 lg:max-w-4xl xl:max-w-6xl lg:relative \">\n\n        <h2 class=\"text-left md:pb-0 leading-8 md:text-32 md:w-4\/12 md:leading-8 lg:text-36 lg:leading-10 xl:leading-11 xl:text-42 md:border-t md:border-lt_grey md:pt-4\">\n        <span class=\"text-lt_blue font-heading font-medium\">Unit\u00e9s Tout-en-Un<\/span>\n        <span class=\"text-lt_green text-16 lg:text-18 leading-5 block font-semibold md:pt-2 \">La gamme d\u2019Unit\u00e9s Tout-en-Un Lundberg est compos\u00e9e des mod\u00e8les suivants : <\/span><\/h2>\n\n        <div class=\"c-slider__arrows c-slider--benefits__arrows w-32 h-10 mx-auto z-20 absolute left-0 right-0 text-center md:ml-0 md:text-left md:z-50 md:w-24\"><\/div>\n\n        <div class=\"md:overflow-hidden md:mt-1 md:pb-12 lg:pb-14 xl:pb-18 js-benefits-carousel z-20 \">\n            <div class=\"\">\n    <div class=\"md:flex md:h-592\">\n\n        <div class=\"md:w-5\/12 md:ml-10 lg:w-6\/12 xl:w-6\/12 m-benefits-carousel__image-container md:mb-14\">\n                        <div class=\"w-full h-64 md:h-full relative overflow-hidden bg-top bg-no-repeat bg-cover\" style=\"background-image:url('https:\/\/lundbergtech.com\/wp-content\/uploads\/2021\/11\/TrimCompactor-200-removing-edge-trim-waste-599x583.jpg');\"><\/div>\n                    <\/div>\n\n\n        <div class=\"md:w-6\/12 m-benefits-carousel__content-container\">\n            <div class=\"z-10 text-left bg-white p-3 lg:ml-0 md:relative \">\n\n                <div class=\"m-benefits-carousel__content px-3 \">\n                    <\/p>\n<ul>\n<li style=\"font-weight: 400;\" aria-level=\"1\"><span style=\"font-weight: 400;\"><a href=https:\/\/lundbergtech.com\/fr\/products\/trimcutter-packtrimcutter-trim-removal\/>TrimCutter 80<\/a> \u2013 facile \u00e0 utiliser pour la collecte des lisi\u00e8res provenant d\u2019une unique machine de production<\/span><\/li>\n<li style=\"font-weight: 400;\" aria-level=\"1\"><span style=\"font-weight: 400;\"><a href=https:\/\/lundbergtech.com\/fr\/products\/trimcutter-packtrimcutter-trim-removal\/>PackTrimCutter<\/a> \u2013 collecte &amp; extraction des lisi\u00e8res pour machines d\u2019emballage<\/span><\/li>\n<li style=\"font-weight: 400;\" aria-level=\"1\"><span style=\"font-weight: 400;\"><a href=https:\/\/lundbergtech.com\/fr\/wastetech\/>WasteTech series<\/a> \u2013 collecte des d\u00e9chets pour tous types d\u2019applications<\/span><\/li>\n<li style=\"font-weight: 400;\" aria-level=\"1\"><span style=\"font-weight: 400;\"><a href=https:\/\/lundbergtech.com\/fr\/products\/trimcompactor\/>TrimCompactor<\/a> \u2013 collecte des lisi\u00e8res de plusieurs machines, avec WasteCompactor int\u00e9gr\u00e9<\/span><\/li>\n<li style=\"font-weight: 400;\" aria-level=\"1\"><span style=\"font-weight: 400;\"><a href=https:\/\/lundbergtech.com\/products\/matrixcompactor\/>MatrixCompactor<\/a> \u2013 capture et compactage de squelettes d\u2019\u00e9chenillage auto-adh\u00e9sifs\u00a0<\/span><\/li>\n<li style=\"font-weight: 400;\" aria-level=\"1\"><a href=https:\/\/lundbergtech.com\/fr\/products\/wasteflex-unit-and-module\/>WasteFlex<\/a> \u2013 unit\u00e9 de capture de d\u00e9chets pour d\u00e9chets individuels de plus grosses tailles, comme les sacs en plastique<\/li>\n<\/ul>\n<p>\n                <\/div>\n\n                <\/div>\n           <\/div>\n\n\n\n\n\n    <\/div>\n\n<\/div>\n\n        <\/div>\n         <div class=\"c-slider__dots c-slider--benefits__dots  static h-4 mt-10 lg:mt-14 mx-auto z-20  left-0 right-0 text-center\"><\/div>\n   \t<\/div>\n<\/div>\n\n[\/vc_column][\/vc_row][vc_row][vc_column]<div class=\"m-spacer m-spacer-69dba5704dade\" data-id=\"69dba5704dade\" data-height=\"75\" data-height-mobile=\"\" data-height-tab=\"\" data-height-tab-portrait=\"\" style=\"clear:both;display:block;\"><\/div>\n\n\n\n<div class=\"m-text-image md:flex md:py-10 lg:relative container lg:pb-20\">\n    <div class=\"md:w-6\/12 bg-white p-4 pb-5  md:p-10 filter drop-shadow-lg lg:mb-20  z-20 lg:p-14  md:order-2 md:ml-2 lg:ml-4 xl:ml-6 \">\n      <div class=\"m-text-image__content pb-4 lg:pb-12 md:text-18\">\n        Chaque mod\u00e8le est disponible en plusieurs tailles et configurations pour diff\u00e9rents usages. Cliquez sur les liens ci-dessus pour en savoir plus sur chaque unit\u00e9 et les options.<\/p>\n<p>Si vous avez besoin de conseils pour choisir le mod\u00e8le qui conviendrait le mieux \u00e0 votre syst\u00e8me de production, contactez-nous d\u00e8s aujourd\u2019hui et nous serons heureux de vous aider \u00e0 trouver la solution de traitement des d\u00e9chets appropri\u00e9e.\n \n      <\/div>\n          <\/div>\n\n    <div class=\"block md:hidden\">\n      <img decoding=\"async\" src=\"https:\/\/lundbergtech.com\/wp-content\/uploads\/2021\/06\/Lundberg-tech-all-in-one-unit-gen-570x0-c-default.jpg\" alt=\"all in one unit in place in a factory\" class=\"lg:mb-0 lg:absolute lg:right-0 lg:mt-0 lg:-bottom-28\">\n    <\/div>\n\n    <div class=\" md:w-6\/12 md:h-96 md:relative md:mt-20 lg:z-10 hidden md:block  lg:h-auto  left md:order-1 md:mr-2 lg:mr-4  xl:mr-6 \">\n      <div class=\"bg-cover lg:h-540 w-full md:h-full lg:absolute lg:bottom-0 lg:mt-0\" style=\"background-image:url('https:\/\/lundbergtech.com\/wp-content\/uploads\/2021\/06\/Lundberg-tech-all-in-one-unit-gen-570x0-c-default.jpg');\"><\/div>\n    <\/div>\n\n\n<\/div>\n\n\n[\/vc_column][\/vc_row][vc_row][vc_column]<div class=\"m-spacer m-spacer-69dba5704f57a\" data-id=\"69dba5704f57a\" data-height=\"75\" data-height-mobile=\"\" data-height-tab=\"\" data-height-tab-portrait=\"\" style=\"clear:both;display:block;\"><\/div>\n\n\n\n[\/vc_column][\/vc_row][vc_row full_width=&#8221;stretch_row&#8221; disable_element=&#8221;yes&#8221; css=&#8221;.vc_custom_1636122543639{background-image: url(https:\/\/lundbergtech.com\/wp-content\/uploads\/2021\/06\/latest-events-bg.jpg?id=234) !important;background-position: center !important;background-repeat: no-repeat !important;background-size: cover !important;}&#8221;][vc_column][vc_row_inner equal_height=&#8221;yes&#8221; content_placement=&#8221;middle&#8221;][vc_column_inner width=&#8221;1\/2&#8243;][vc_video link=&#8221;https:\/\/youtu.be\/KlzWKWlBpJQ&#8221; align=&#8221;center&#8221;][\/vc_column_inner][vc_column_inner width=&#8221;1\/2&#8243;][vc_column_text]<span style=\"color: #ffffff;\">Lundberg Tech\u2019s basic All-in-one WasteTech waste handling units consi<\/span>[\/vc_column_text][\/vc_column_inner][\/vc_row_inner]<div class=\"m-spacer m-spacer-69dba5704fc5d\" data-id=\"69dba5704fc5d\" data-height=\"150\" data-height-mobile=\"20\" data-height-tab=\"50\" data-height-tab-portrait=\"30\" style=\"clear:both;display:block;\"><\/div>\n\n\n\n[\/vc_column][\/vc_row][vc_row disable_element=&#8221;yes&#8221;][vc_column][vc_single_image image=&#8221;551&#8243; img_size=&#8221;full&#8221; alignment=&#8221;center&#8221; title=&#8221;WasteTech 200&#8243;][\/vc_column][\/vc_row][vc_row full_width=&#8221;stretch_row_content_no_spaces&#8221; css=&#8221;.vc_custom_1635947799360{background-image: url(https:\/\/lundbergtech.com\/wp-content\/uploads\/2021\/06\/latest-news-bg.jpg?id=231) !important;}&#8221;][vc_column]<div class=\"m-download-list pb-6 pt-10 md:py-10  md:pb-10 lg:pb-20 lg:pt-20\">\n    <div class=\"container mx-auto xl:max-w-screen-xl \">\n        <div class=\" md:pr-6 lg:pr-8\">\n            <h2 class=\"text-lt_blue text-20 leading-normal md:text-24 md:leading-7 lg:text-28 md:pb-10\">Download more information<\/h2>\n         <\/div>\n\n\n        <div class=\"\">\n            <ul  class=\"pb-4 md:grid md:grid-cols-2 md:gap-x-8 lg:gap-x-16 xl:gap-x-28\">\n            <li class=\"m-download-list__item py-4 last:border-0 relative\"><a class=\"m-download-list__link pl-8 block text-lt_black hover:underline  text-16 lg:text-18 font-medium\" target=\"_blank\" href=https:\/\/lundbergtech.com\/wp-content\/uploads\/2025\/11\/All-in-one-Units-2025-24.pdf title=\"All-in-one Units\">All-in-one Units<span class=\"absolute right-0 mr-3 -top-1\">\n<svg width=\"32\" height=\"32\" viewBox=\"0 0 32 32\" fill=\"none\" xmlns=\"http:\/\/www.w3.org\/2000\/svg\">\n<title>Arrow<\/title>\n<path d=\"M13.3529 21.2941L19.5294 16L13.3529 10.7059M31 16C31 24.2843 24.2843 31 16 31C7.71573 31 1 24.2843 1 16C1 7.71573 7.71573 1 16 1C24.2843 1 31 7.71573 31 16Z\" stroke=\"#181818\" stroke-width=\"2\"\/>\n<\/svg>\n<\/span><\/a><\/li><li class=\"m-download-list__item py-4 last:border-0 relative\"><a class=\"m-download-list__link pl-8 block text-lt_black hover:underline  text-16 lg:text-18 font-medium\" target=\"_blank\" href=https:\/\/lundbergtech.com\/wp-content\/uploads\/2025\/04\/Lundberg-Tech-Brochure-2025-31.pdf title=\"Lundberg Tech Brochure\">Lundberg Tech Brochure<span class=\"absolute right-0 mr-3 -top-1\">\n<svg width=\"32\" height=\"32\" viewBox=\"0 0 32 32\" fill=\"none\" xmlns=\"http:\/\/www.w3.org\/2000\/svg\">\n<title>Arrow<\/title>\n<path d=\"M13.3529 21.2941L19.5294 16L13.3529 10.7059M31 16C31 24.2843 24.2843 31 16 31C7.71573 31 1 24.2843 1 16C1 7.71573 7.71573 1 16 1C24.2843 1 31 7.71573 31 16Z\" stroke=\"#181818\" stroke-width=\"2\"\/>\n<\/svg>\n<\/span><\/a><\/li><li class=\"m-download-list__item py-4 last:border-0 relative\"><a class=\"m-download-list__link pl-8 block text-lt_black hover:underline  text-16 lg:text-18 font-medium\" target=\"_blank\" href=\"\" title=\"Work with your WASTE\">Work with your WASTE<span class=\"absolute right-0 mr-3 -top-1\">\n<svg width=\"32\" height=\"32\" viewBox=\"0 0 32 32\" fill=\"none\" xmlns=\"http:\/\/www.w3.org\/2000\/svg\">\n<title>Arrow<\/title>\n<path d=\"M13.3529 21.2941L19.5294 16L13.3529 10.7059M31 16C31 24.2843 24.2843 31 16 31C7.71573 31 1 24.2843 1 16C1 7.71573 7.71573 1 16 1C24.2843 1 31 7.71573 31 16Z\" stroke=\"#181818\" stroke-width=\"2\"\/>\n<\/svg>\n<\/span><\/a><\/li>\n            <\/ul>\n        <\/div>\n\n    <\/div>\n<\/div><div class=\"m-spacer m-spacer-69dba57053c57\" data-id=\"69dba57053c57\" data-height=\"75\" data-height-mobile=\"\" data-height-tab=\"\" data-height-tab-portrait=\"\" style=\"clear:both;display:block;\"><\/div>\n\n\n\n[\/vc_column][\/vc_row][vc_row full_width=&#8221;stretch_row_content_no_spaces&#8221; css=&#8221;.vc_custom_1624532710011{background-image: url(https:\/\/lundbergtech.com\/wp-content\/uploads\/2021\/06\/latest-events-bg.jpg?id=234) !important;background-position: center !important;background-repeat: no-repeat !important;background-size: cover !important;}&#8221;][vc_column]<div class=\"m-link-list pb-6 pt-10 md:pb-10 lg:pb-20\">\n    <div class=\"container mx-auto lg:flex\">\n        <div class=\"md:w-full lg:w-4\/12 md:pr-6 lg:pr-8 md:flex md:flex-col md:justify-center  md:mb-5\">\n                        <span class=\"text-16 uppercase text-lt_blue_grey_light block pb-2 md:pb-4\">Lundberg Tech d\u00e9veloppe et fabrique une gamme de<\/span>\n                                     <h2 class=\"text-white md:pb-6\">Granulateurs et coupeurs, Unit\u00e9s Tout-en-Un et Syst\u00e8mes Centralis\u00e9s<\/h2>\n                                                 <span class=\" hidden md:block\"><a class=\"c-button c-button--white-outline\" href=https:\/\/lundbergtech.com\/fr\/products\/ title=\"En savoir plus\">En savoir plus<\/a><\/span>\n                    <\/div>\n\n\n        <div class=\" lg:w-4\/12 lg:ml-36\">\n            <ul  class=\"pb-4 md:grid  m-link-list__1-col  md:grid-cols-1 md:gap-x-4 lg:gap-x-16 xl:gap-x-28\">\n            <li class=\"m-link-list__item border-b border-lt_grey py-4 last:border-0 relative\"><a class=\"m-link-list__link block text-white hover:text-white  text-16 xl:text-18 font-medium\" href=https:\/\/lundbergtech.com\/fr\/granulateurs-et-coupeurs\/ title=\"Granulateurs et coupeurs\">Granulateurs et coupeurs<span class=\"absolute right-0 mr-3 top-0 mt-3\">\n<svg width=\"32\" height=\"32\" viewBox=\"0 0 32 32\" fill=\"none\" xmlns=\"http:\/\/www.w3.org\/2000\/svg\">\n<title>List item arrow<\/title>\n<path d=\"M13.3529 21.2941L19.5294 16L13.3529 10.7059M31 16C31 24.2843 24.2843 31 16 31C7.71573 31 1 24.2843 1 16C1 7.71573 7.71573 1 16 1C24.2843 1 31 7.71573 31 16Z\" stroke=\"white\" stroke-width=\"2\"\/>\n<\/svg>\n<\/span><\/a><\/li><li class=\"m-link-list__item border-b border-lt_grey py-4 last:border-0 relative\"><a class=\"m-link-list__link block text-white hover:text-white  text-16 xl:text-18 font-medium\" href=https:\/\/lundbergtech.com\/fr\/unites-tout-en-un\/ title=\"Unit\u00e9s Tout-en-Un\">Unit\u00e9s Tout-en-Un<span class=\"absolute right-0 mr-3 top-0 mt-3\">\n<svg width=\"32\" height=\"32\" viewBox=\"0 0 32 32\" fill=\"none\" xmlns=\"http:\/\/www.w3.org\/2000\/svg\">\n<title>List item arrow<\/title>\n<path d=\"M13.3529 21.2941L19.5294 16L13.3529 10.7059M31 16C31 24.2843 24.2843 31 16 31C7.71573 31 1 24.2843 1 16C1 7.71573 7.71573 1 16 1C24.2843 1 31 7.71573 31 16Z\" stroke=\"white\" stroke-width=\"2\"\/>\n<\/svg>\n<\/span><\/a><\/li><li class=\"m-link-list__item border-b border-lt_grey py-4 last:border-0 relative\"><a class=\"m-link-list__link block text-white hover:text-white  text-16 xl:text-18 font-medium\" href=https:\/\/lundbergtech.com\/fr\/systemes-centralises\/ title=\"Syst\u00e8mes Centralis\u00e9s\">Syst\u00e8mes Centralis\u00e9s<span class=\"absolute right-0 mr-3 top-0 mt-3\">\n<svg width=\"32\" height=\"32\" viewBox=\"0 0 32 32\" fill=\"none\" xmlns=\"http:\/\/www.w3.org\/2000\/svg\">\n<title>List item arrow<\/title>\n<path d=\"M13.3529 21.2941L19.5294 16L13.3529 10.7059M31 16C31 24.2843 24.2843 31 16 31C7.71573 31 1 24.2843 1 16C1 7.71573 7.71573 1 16 1C24.2843 1 31 7.71573 31 16Z\" stroke=\"white\" stroke-width=\"2\"\/>\n<\/svg>\n<\/span><\/a><\/li>\n            <\/ul>\n                        <span class=\"block md:hidden\"><a class=\"c-button c-button--white-outline block md:hidden\" href=https:\/\/lundbergtech.com\/fr\/products\/ title=\"En savoir plus\">En savoir plus<\/a><\/span>\n                    <\/div>\n\n\n    <\/div>\n<\/div>[\/vc_column][\/vc_row][vc_row full_width=&#8221;stretch_row&#8221; css=&#8221;.vc_custom_1632216777747{background-image: url(https:\/\/lundbergtech.com\/wp-content\/uploads\/2021\/05\/granulator-cutting-bg.jpg?id=161) !important;background-position: center !important;background-repeat: no-repeat !important;background-size: cover !important;}&#8221;][vc_column]<div class=\"m-spacer m-spacer-69dba57056cd5\" data-id=\"69dba57056cd5\" data-height=\"80\" data-height-mobile=\"20\" data-height-tab=\"50\" data-height-tab-portrait=\"30\" style=\"clear:both;display:block;\"><\/div>\n\n\n\n[\/vc_column][\/vc_row]<\/p>\n<\/div>","protected":false},"excerpt":{"rendered":"<p>[vc_row full_width=&#8221;stretch_row&#8221; css=&#8221;.vc_custom_1636124826245{background-image: url(https:\/\/lundbergtech.com\/wp-content\/uploads\/2021\/05\/granulator-cutting-bg.jpg?id=161) !important;background-position: center !important;background-repeat: no-repeat !important;background-size: cover !important;}&#8221;][vc_column][vc_row_inner equal_height=&#8221;yes&#8221; content_placement=&#8221;middle&#8221;][vc_column_inner width=&#8221;1\/2&#8243;][vc_video link=&#8221;https:\/\/youtu.be\/RrAr7Zp3dbE&#8221;][\/vc_column_inner][vc_column_inner width=&#8221;1\/2&#8243;][vc_column_text]Comme leur nom l\u2019indique, les Unit\u00e9s tout-en-un sont une s\u00e9rie d\u2019unit\u00e9s de traitement des d\u00e9chets contenant tout ce dont vous avez besoin pour capturer, transporter, couper, collecter et compacter les d\u00e9chets de vos machines de production. Les Unit\u00e9s Tout-en-Un sont [&hellip;]<\/p>\n","protected":false},"author":1,"featured_media":5845,"parent":0,"menu_order":0,"comment_status":"closed","ping_status":"closed","template":"","meta":{"_acf_changed":false,"inline_featured_image":false,"footnotes":""},"class_list":["post-5843","page","type-page","status-publish","has-post-thumbnail","hentry"],"acf":[],"yoast_head":"<!-- This site is optimized with the Yoast SEO plugin v27.1.1 - https:\/\/yoast.com\/product\/yoast-seo-wordpress\/ -->\n<title>Unit\u00e9s Tout-en-Un | Collecter les d\u00e9chets de machines de production<\/title>\n<meta name=\"description\" content=\"Les Unit\u00e9s Tout-en-Un sont toutes faciles \u00e0 installer et \u00e0 utiliser, et ce qu\u2019elles soient pr\u00e9vues pour collecter les d\u00e9chets d\u2019une ou de plusieurs machines de traitement production.\" \/>\n<meta name=\"robots\" content=\"index, follow, max-snippet:-1, max-image-preview:large, max-video-preview:-1\" \/>\n<link rel=\"canonical\" href=\"https:\/\/lundbergtech.com\/fr\/unites-tout-en-un\/\" \/>\n<meta property=\"og:locale\" content=\"fr_FR\" \/>\n<meta property=\"og:type\" content=\"article\" \/>\n<meta property=\"og:title\" content=\"Unit\u00e9s Tout-en-Un | Collecter les d\u00e9chets de machines de production\" \/>\n<meta property=\"og:description\" content=\"Les Unit\u00e9s Tout-en-Un sont toutes faciles \u00e0 installer et \u00e0 utiliser, et ce qu\u2019elles soient pr\u00e9vues pour collecter les d\u00e9chets d\u2019une ou de plusieurs machines de traitement production.\" \/>\n<meta property=\"og:url\" content=\"https:\/\/lundbergtech.com\/fr\/unites-tout-en-un\/\" \/>\n<meta property=\"og:site_name\" content=\"Lundberg Tech\" \/>\n<meta property=\"article:publisher\" content=\"https:\/\/www.facebook.com\/lundbergtech\" \/>\n<meta property=\"article:modified_time\" content=\"2022-12-20T14:13:47+00:00\" \/>\n<meta property=\"og:image\" content=\"https:\/\/lundbergtech.com\/wp-content\/uploads\/2021\/06\/Lundberg-Tech-All-in-one-unit-feature.jpg\" \/>\n\t<meta property=\"og:image:width\" content=\"830\" \/>\n\t<meta property=\"og:image:height\" content=\"369\" \/>\n\t<meta property=\"og:image:type\" content=\"image\/jpeg\" \/>\n<meta name=\"twitter:card\" content=\"summary_large_image\" \/>\n<meta name=\"twitter:site\" content=\"@lundbergtech\" \/>\n<meta name=\"twitter:label1\" content=\"Est. reading time\" \/>\n\t<meta name=\"twitter:data1\" content=\"2 minutes\" \/>\n<script type=\"application\/ld+json\" class=\"yoast-schema-graph\">{\"@context\":\"https:\/\/schema.org\",\"@graph\":[{\"@type\":\"WebPage\",\"@id\":\"https:\/\/lundbergtech.com\/fr\/unites-tout-en-un\/\",\"url\":\"https:\/\/lundbergtech.com\/fr\/unites-tout-en-un\/\",\"name\":\"Unit\u00e9s Tout-en-Un | Collecter les d\u00e9chets de machines de production\",\"isPartOf\":{\"@id\":\"https:\/\/lundbergtech.com\/#website\"},\"primaryImageOfPage\":{\"@id\":\"https:\/\/lundbergtech.com\/fr\/unites-tout-en-un\/#primaryimage\"},\"image\":{\"@id\":\"https:\/\/lundbergtech.com\/fr\/unites-tout-en-un\/#primaryimage\"},\"thumbnailUrl\":\"https:\/\/lundbergtech.com\/wp-content\/uploads\/2021\/06\/Lundberg-Tech-All-in-one-unit-feature.jpg\",\"datePublished\":\"2021-05-28T08:16:22+00:00\",\"dateModified\":\"2022-12-20T14:13:47+00:00\",\"description\":\"Les Unit\u00e9s Tout-en-Un sont toutes faciles \u00e0 installer et \u00e0 utiliser, et ce qu\u2019elles soient pr\u00e9vues pour collecter les d\u00e9chets d\u2019une ou de plusieurs machines de traitement production.\",\"inLanguage\":\"fr-FR\",\"potentialAction\":[{\"@type\":\"ReadAction\",\"target\":[\"https:\/\/lundbergtech.com\/fr\/unites-tout-en-un\/\"]}]},{\"@type\":\"ImageObject\",\"inLanguage\":\"fr-FR\",\"@id\":\"https:\/\/lundbergtech.com\/fr\/unites-tout-en-un\/#primaryimage\",\"url\":\"https:\/\/lundbergtech.com\/wp-content\/uploads\/2021\/06\/Lundberg-Tech-All-in-one-unit-feature.jpg\",\"contentUrl\":\"https:\/\/lundbergtech.com\/wp-content\/uploads\/2021\/06\/Lundberg-Tech-All-in-one-unit-feature.jpg\",\"width\":830,\"height\":369},{\"@type\":\"WebSite\",\"@id\":\"https:\/\/lundbergtech.com\/#website\",\"url\":\"https:\/\/lundbergtech.com\/\",\"name\":\"Lundberg Tech\",\"description\":\"Our waste handling keeps production going\",\"potentialAction\":[{\"@type\":\"SearchAction\",\"target\":{\"@type\":\"EntryPoint\",\"urlTemplate\":\"https:\/\/lundbergtech.com\/?s={search_term_string}\"},\"query-input\":{\"@type\":\"PropertyValueSpecification\",\"valueRequired\":true,\"valueName\":\"search_term_string\"}}],\"inLanguage\":\"fr-FR\"}]}<\/script>\n<!-- \/ Yoast SEO plugin. -->","yoast_head_json":{"title":"Unit\u00e9s Tout-en-Un | Collecter les d\u00e9chets de machines de production","description":"Les Unit\u00e9s Tout-en-Un sont toutes faciles \u00e0 installer et \u00e0 utiliser, et ce qu\u2019elles soient pr\u00e9vues pour collecter les d\u00e9chets d\u2019une ou de plusieurs machines de traitement production.","robots":{"index":"index","follow":"follow","max-snippet":"max-snippet:-1","max-image-preview":"max-image-preview:large","max-video-preview":"max-video-preview:-1"},"canonical":"https:\/\/lundbergtech.com\/fr\/unites-tout-en-un\/","og_locale":"fr_FR","og_type":"article","og_title":"Unit\u00e9s Tout-en-Un | Collecter les d\u00e9chets de machines de production","og_description":"Les Unit\u00e9s Tout-en-Un sont toutes faciles \u00e0 installer et \u00e0 utiliser, et ce qu\u2019elles soient pr\u00e9vues pour collecter les d\u00e9chets d\u2019une ou de plusieurs machines de traitement production.","og_url":"https:\/\/lundbergtech.com\/fr\/unites-tout-en-un\/","og_site_name":"Lundberg Tech","article_publisher":"https:\/\/www.facebook.com\/lundbergtech","article_modified_time":"2022-12-20T14:13:47+00:00","og_image":[{"width":830,"height":369,"url":"https:\/\/lundbergtech.com\/wp-content\/uploads\/2021\/06\/Lundberg-Tech-All-in-one-unit-feature.jpg","type":"image\/jpeg"}],"twitter_card":"summary_large_image","twitter_site":"@lundbergtech","twitter_misc":{"Est. reading time":"2 minutes"},"schema":{"@context":"https:\/\/schema.org","@graph":[{"@type":"WebPage","@id":"https:\/\/lundbergtech.com\/fr\/unites-tout-en-un\/","url":"https:\/\/lundbergtech.com\/fr\/unites-tout-en-un\/","name":"Unit\u00e9s Tout-en-Un | Collecter les d\u00e9chets de machines de production","isPartOf":{"@id":"https:\/\/lundbergtech.com\/#website"},"primaryImageOfPage":{"@id":"https:\/\/lundbergtech.com\/fr\/unites-tout-en-un\/#primaryimage"},"image":{"@id":"https:\/\/lundbergtech.com\/fr\/unites-tout-en-un\/#primaryimage"},"thumbnailUrl":"https:\/\/lundbergtech.com\/wp-content\/uploads\/2021\/06\/Lundberg-Tech-All-in-one-unit-feature.jpg","datePublished":"2021-05-28T08:16:22+00:00","dateModified":"2022-12-20T14:13:47+00:00","description":"Les Unit\u00e9s Tout-en-Un sont toutes faciles \u00e0 installer et \u00e0 utiliser, et ce qu\u2019elles soient pr\u00e9vues pour collecter les d\u00e9chets d\u2019une ou de plusieurs machines de traitement production.","inLanguage":"fr-FR","potentialAction":[{"@type":"ReadAction","target":["https:\/\/lundbergtech.com\/fr\/unites-tout-en-un\/"]}]},{"@type":"ImageObject","inLanguage":"fr-FR","@id":"https:\/\/lundbergtech.com\/fr\/unites-tout-en-un\/#primaryimage","url":"https:\/\/lundbergtech.com\/wp-content\/uploads\/2021\/06\/Lundberg-Tech-All-in-one-unit-feature.jpg","contentUrl":"https:\/\/lundbergtech.com\/wp-content\/uploads\/2021\/06\/Lundberg-Tech-All-in-one-unit-feature.jpg","width":830,"height":369},{"@type":"WebSite","@id":"https:\/\/lundbergtech.com\/#website","url":"https:\/\/lundbergtech.com\/","name":"Lundberg Tech","description":"Our waste handling keeps production going","potentialAction":[{"@type":"SearchAction","target":{"@type":"EntryPoint","urlTemplate":"https:\/\/lundbergtech.com\/?s={search_term_string}"},"query-input":{"@type":"PropertyValueSpecification","valueRequired":true,"valueName":"search_term_string"}}],"inLanguage":"fr-FR"}]}},"_links":{"self":[{"href":"https:\/\/lundbergtech.com\/fr\/wp-json\/wp\/v2\/pages\/5843","targetHints":{"allow":["GET"]}}],"collection":[{"href":"https:\/\/lundbergtech.com\/fr\/wp-json\/wp\/v2\/pages"}],"about":[{"href":"https:\/\/lundbergtech.com\/fr\/wp-json\/wp\/v2\/types\/page"}],"author":[{"embeddable":true,"href":"https:\/\/lundbergtech.com\/fr\/wp-json\/wp\/v2\/users\/1"}],"replies":[{"embeddable":true,"href":"https:\/\/lundbergtech.com\/fr\/wp-json\/wp\/v2\/comments?post=5843"}],"version-history":[{"count":14,"href":"https:\/\/lundbergtech.com\/fr\/wp-json\/wp\/v2\/pages\/5843\/revisions"}],"predecessor-version":[{"id":6743,"href":"https:\/\/lundbergtech.com\/fr\/wp-json\/wp\/v2\/pages\/5843\/revisions\/6743"}],"wp:featuredmedia":[{"embeddable":true,"href":"https:\/\/lundbergtech.com\/fr\/wp-json\/wp\/v2\/media\/5845"}],"wp:attachment":[{"href":"https:\/\/lundbergtech.com\/fr\/wp-json\/wp\/v2\/media?parent=5843"}],"curies":[{"name":"wp","href":"https:\/\/api.w.org\/{rel}","templated":true}]}}