{"id":5868,"date":"2021-10-12T13:37:15","date_gmt":"2021-10-12T13:37:15","guid":{"rendered":"https:\/\/lundbergtech.com\/products\/trimcompactor\/"},"modified":"2022-12-21T09:54:18","modified_gmt":"2022-12-21T09:54:18","slug":"trimcompactor","status":"publish","type":"page","link":"https:\/\/lundbergtech.com\/fr\/produits\/trimcompactor\/","title":{"rendered":"TrimCompactor"},"content":{"rendered":"<div class=\"wpb-content-wrapper\"><p>[vc_row full_width=&#8221;stretch_row&#8221; css=&#8221;.vc_custom_1636125480670{background-image: url(https:\/\/lundbergtech.com\/wp-content\/uploads\/2021\/05\/granulator-cutting-bg.jpg?id=161) !important;background-position: center !important;background-repeat: no-repeat !important;background-size: cover !important;}&#8221;][vc_column]<div class=\"m-spacer m-spacer-69ef63c62e71e\" data-id=\"69ef63c62e71e\" data-height=\"80\" data-height-mobile=\"20\" data-height-tab=\"50\" data-height-tab-portrait=\"30\" style=\"clear:both;display:block;\"><\/div>\n\n\n\n[vc_row_inner equal_height=&#8221;yes&#8221; content_placement=&#8221;middle&#8221;][vc_column_inner width=&#8221;1\/2&#8243;][vc_single_image image=&#8221;2252&#8243; img_size=&#8221;full&#8221; alignment=&#8221;center&#8221; style=&#8221;vc_box_shadow&#8221; css=&#8221;.vc_custom_1635431130645{padding-right: 20px !important;padding-left: 20px !important;}&#8221;][\/vc_column_inner][vc_column_inner width=&#8221;1\/2&#8243;][vc_column_text]<\/p>\n<h2 class=\"text-white\"><span style=\"font-weight: 400; color: #ffffff;\"><span style=\"font-weight: 400;\">TrimCompactor &#8211; <\/span>Le choix \u00e9vident<\/span><\/h2>\n<p><span style=\"font-weight: 400; color: #ffffff;\">L\u2019unit\u00e9 TrimCompactor de Lundberg Tech combine, de mani\u00e8re tr\u00e8s efficace, la capacit\u00e9 de capturer, transporter, couper, collecter et compacter les d\u00e9chets d\u2019une large gamme de machines de production et d\u2019emballage g\u00e9n\u00e9rant des d\u00e9chets tels que les d\u00e9chets de lisi\u00e8res, les squelettes, les matrices d\u2019\u00e9chenillage et les d\u00e9coupes.\u00a0<\/span><\/p>\n<p><span style=\"color: #ffffff;\">Le TrimCompactor est le choix \u00e9vident <a style=\"color: #ffffff;\" href=https:\/\/lundbergtech.com\/fr\/unites-tout-en-un\/>Unit\u00e9 Tout-en-Un<\/a> lorsqu\u2019il s\u2019agit de soutenir la durabilit\u00e9 et l\u2019\u00e9conomie circulaire dans votre processus de production ou d\u2019emballage.<\/span><\/p>\n<p><span style=\"color: #ffffff;\">Le TrimCompactor peut g\u00e9rer les d\u00e9chets d\u2019une ou de plusieurs machines. Sur demande, il peut \u00eatre \u00e9quip\u00e9 d\u2019un ou plusieurs des <a style=\"color: #ffffff;\" href=https:\/\/lundbergtech.com\/fr\/granulateurs-et-coupeurs\/>Granulateurs<\/a> con\u00e7us et fabriqu\u00e9s par Lundberg Tech.\u00a0<\/span>[\/vc_column_text][\/vc_column_inner][\/vc_row_inner]<div class=\"m-spacer m-spacer-69ef63c638fd7\" data-id=\"69ef63c638fd7\" data-height=\"80\" data-height-mobile=\"20\" data-height-tab=\"50\" data-height-tab-portrait=\"30\" style=\"clear:both;display:block;\"><\/div>\n\n\n\n[\/vc_column][\/vc_row][vc_row full_width=&#8221;stretch_row_content_no_spaces&#8221;][vc_column css=&#8221;.vc_custom_1623157973509{padding-top: 0px !important;padding-bottom: 0px !important;}&#8221;]<div class=\"m-benefits-carousel relative py-14 pb-8 md:pt-24 md:pb-6 lg:pt-36 lg:pb-12  image-right \">\n    <div class=\"container md:mx-auto px-3 pb-2 lg:max-w-4xl xl:max-w-6xl lg:relative \">\n\n        <h2 class=\"text-left md:pb-0 leading-8 md:text-32 md:w-4\/12 md:leading-8 lg:text-36 lg:leading-10 xl:leading-11 xl:text-42 md:border-t md:border-lt_grey md:pt-4\">\n        <span class=\"text-lt_blue font-heading font-medium\">Avantages et fonctionnalit\u00e9s<\/span>\n        <span class=\"text-lt_green text-16 lg:text-18 leading-5 block font-semibold md:pt-2 \">B\u00e9n\u00e9fices et avantages de l'utilisation du TrimCompactor <\/span><\/h2>\n\n        <div class=\"c-slider__arrows c-slider--benefits__arrows w-32 h-10 mx-auto z-20 absolute left-0 right-0 text-center md:ml-0 md:text-left md:z-50 md:w-24\"><\/div>\n\n        <div class=\"md:overflow-hidden md:mt-1 md:pb-12 lg:pb-14 xl:pb-18 js-benefits-carousel z-20 \">\n            <div class=\"\">\n    <div class=\"md:flex md:h-592\">\n\n        <div class=\"md:w-5\/12 md:ml-10 lg:w-6\/12 xl:w-6\/12 m-benefits-carousel__image-container md:mb-14\">\n                        <div class=\"w-full h-64 md:h-full relative overflow-hidden bg-top bg-no-repeat bg-cover\" style=\"background-image:url('https:\/\/lundbergtech.com\/wp-content\/uploads\/2021\/11\/TrimCompactor-140-01.jpg');\"><\/div>\n                    <\/div>\n\n\n        <div class=\"md:w-6\/12 m-benefits-carousel__content-container\">\n            <div class=\"z-10 text-left bg-white p-3 lg:ml-0 md:relative \">\n\n                <div class=\"m-benefits-carousel__content px-3 \">\n                    <\/p>\n<ul>\n<li style=\"font-weight: 400;\" aria-level=\"1\"><span style=\"font-weight: 400;\">R\u00e9duit le volume de d\u00e9chets\u00a0<\/span><\/li>\n<li style=\"font-weight: 400;\" aria-level=\"1\"><span style=\"font-weight: 400;\">\u00c9limine la poussi\u00e8re en m\u00eame temps que les d\u00e9chets<\/span><\/li>\n<li style=\"font-weight: 400;\" aria-level=\"1\"><span style=\"font-weight: 400;\">Convertisseur de fr\u00e9quence pour le r\u00e9glage de la puissance d\u2019aspiration\u00a0<\/span><\/li>\n<li aria-level=\"1\">Facilite la manutention des d\u00e9chets pour votre personnel<\/li>\n<li aria-level=\"1\">Installation facile<\/li>\n<li aria-level=\"1\">Permet un mode de fonctionnement continu<\/li>\n<li aria-level=\"1\">Compacte les d\u00e9chets dans un TubeBag facile \u00e0 enlever<\/li>\n<\/ul>\n<p>\n                <\/div>\n\n                <\/div>\n           <\/div>\n\n\n\n\n\n    <\/div>\n\n<\/div>\n\n        <\/div>\n         <div class=\"c-slider__dots c-slider--benefits__dots  static h-4 mt-10 lg:mt-14 mx-auto z-20  left-0 right-0 text-center\"><\/div>\n   \t<\/div>\n<\/div>\n\n[\/vc_column][\/vc_row][vc_row full_width=&#8221;stretch_row&#8221;][vc_column]<div class=\"m-spacer m-spacer-69ef63c63d62f\" data-id=\"69ef63c63d62f\" data-height=\"80\" data-height-mobile=\"20\" data-height-tab=\"50\" data-height-tab-portrait=\"30\" style=\"clear:both;display:block;\"><\/div>\n\n\n\n[vc_row_inner equal_height=&#8221;yes&#8221; content_placement=&#8221;middle&#8221;][vc_column_inner width=&#8221;1\/2&#8243;][vc_single_image image=&#8221;2312&#8243; img_size=&#8221;full&#8221; alignment=&#8221;center&#8221; style=&#8221;vc_box_shadow&#8221; css=&#8221;.vc_custom_1635849515601{padding-right: 20px !important;padding-left: 20px !important;}&#8221;][\/vc_column_inner][vc_column_inner width=&#8221;1\/2&#8243;][vc_column_text]<span style=\"font-weight: 400;\">L\u2019Unit\u00e9 Tout-en-Un TrimCompactor est une unit\u00e9 compl\u00e8te \u00e9quip\u00e9e d\u2019un ventilateur, de silencieux, d\u2019un s\u00e9parateur de d\u00e9chets, d\u2019un filtre \u00e0 air et d\u2019un compacteur. En combinant toutes ces n\u00e9cessit\u00e9s pour un traitement efficace des d\u00e9chets, l\u2019unit\u00e9 offre une empreinte limit\u00e9e et peut \u00eatre positionn\u00e9e jusqu\u2019\u00e0 20 m de la ou des machines que l\u2019unit\u00e9 dessert.<\/span><\/p>\n<p>L\u2019Unit\u00e9 tout-en-un TrimCompactor est disponible en cinq tailles diff\u00e9rentes :<\/p>\n<ol>\n<li>TrimCompactor 80 \u2013 Une seule machine de production<\/li>\n<li>TrimCompactor 140 \u2013 Jusqu\u2019\u00e0 4 machines de production<\/li>\n<li>TrimCompactor 200 \u2013 Jusqu\u2019\u00e0 8 machines de production<\/li>\n<li>TrimCompactor 400 \u2013 Jusqu\u2019\u00e0 16 machines de production<\/li>\n<li>TrimCompactor 600 \u2013 Jusqu\u2019\u00e0 24 machines de production<\/li>\n<\/ol>\n<p>&nbsp;<\/p>\n<p>Le TrimCompactor peut \u00eatre livr\u00e9 avec d\u2019autres options telles que :<\/p>\n<ul>\n<li>Des barres antistatiques pour l\u2019\u00e9limination de l\u2019\u00e9lectricit\u00e9 statique du mat\u00e9riau trait\u00e9<\/li>\n<li>D\u2019autres types de syst\u00e8mes de filtration, y compris un filtre autonettoyant automatique<\/li>\n<li>Plus de coupeurs avec l\u2019ensemble des Granulateurs situ\u00e9s en dehors de l\u2019armoire<\/li>\n<li>Une table de r\u00e9hausse pour distribuer les d\u00e9chets compact\u00e9s dans une benne \u00e0 roulettes<\/li>\n<\/ul>\n<p>&nbsp;<\/p>\n<p>Le TrimCompactor est une unit\u00e9 tr\u00e8s sp\u00e9ciale qui peut \u00e9galement vous aider \u00e0 pr\u00e9parer vos d\u00e9chets pour le recyclage et \u00e0 livrer les d\u00e9chets compact\u00e9s dans une<br \/>\n&#8220;saucisse&#8221; de la longueur que vous d\u00e9sirez.[\/vc_column_text][\/vc_column_inner][\/vc_row_inner]<div class=\"m-spacer m-spacer-69ef63c63e0f7\" data-id=\"69ef63c63e0f7\" data-height=\"80\" data-height-mobile=\"20\" data-height-tab=\"50\" data-height-tab-portrait=\"30\" style=\"clear:both;display:block;\"><\/div>\n\n\n\n[\/vc_column][\/vc_row][vc_row full_width=&#8221;stretch_row_content_no_spaces&#8221;][vc_column]<div class=\"c-cta-banner py-6 px-6 md:py-10  \">\n\n    <div class=\"md:flex\">\n\n        <div class=\"mx-auto  md:flex md:flex-col md:w-1\/2 lg:w-6\/12 xl:w-8\/12 md:justify-center md:mx-0 xl:pl-6 md:pr-2\">\n            <h2 class=\"text-center md:text-left md:pb-0 leading-10\">\n            <span class=\"text-lt_blue text-20 md:text-24 lg:text-30 font-heading font-bold\">Souhaitez-vous d\u00e9couvrir<\/span>\n            <span class=\"text-white text-20 font-heading md:leading-6 lg:leading-8 block font-bold md:text-24 lg:text-30\">Quelle est la prochaine \u00e9tape ?<\/span><\/h2>\n        <\/div>\n        <div class=\"text-center lg:max-w-xs md:ml-auto md:mr-0 md:w-1\/2  lg:w-5\/12 xl:w-4\/12\">\n            <a href=\"\" class=\"c-button c-button--white block\">Renseignez-vous en ligne d\u00e8s aujourd\u2019hui <\/a>\n            <span class=\"block pt-5 \"><span class=\" text-lt_blue uppercase text-15\">ou appelez le <\/span>\n            \n                        \n                        <a class=\"text-lt_blue uppercase text-15\" href=tel: title=\"\"><\/a>\n\n                        <\/span>\n        <\/div>\n\n    <\/div>\n<\/div>\n[\/vc_column][\/vc_row][vc_row full_width=&#8221;stretch_row_content_no_spaces&#8221;][vc_column]<div class=\"m-download-list pb-6 pt-10 md:py-10  md:pb-10 lg:pb-20 lg:pt-20\">\n    <div class=\"container mx-auto xl:max-w-screen-xl \">\n        <div class=\" md:pr-6 lg:pr-8\">\n            <h2 class=\"text-lt_blue text-20 leading-normal md:text-24 md:leading-7 lg:text-28 md:pb-10\">Download more information<\/h2>\n         <\/div>\n\n\n        <div class=\"\">\n            <ul  class=\"pb-4 md:grid md:grid-cols-2 md:gap-x-8 lg:gap-x-16 xl:gap-x-28\">\n            <li class=\"m-download-list__item py-4 last:border-0 relative\"><a class=\"m-download-list__link pl-8 block text-lt_black hover:underline  text-16 lg:text-18 font-medium\" target=\"_blank\" href=https:\/\/lundbergtech.com\/wp-content\/uploads\/2021\/11\/TrimCompactor-140.pdf title=\"TrimCompactor 140\">TrimCompactor 140<span class=\"absolute right-0 mr-3 -top-1\">\n<svg width=\"32\" height=\"32\" viewBox=\"0 0 32 32\" fill=\"none\" xmlns=\"http:\/\/www.w3.org\/2000\/svg\">\n<title>Arrow<\/title>\n<path d=\"M13.3529 21.2941L19.5294 16L13.3529 10.7059M31 16C31 24.2843 24.2843 31 16 31C7.71573 31 1 24.2843 1 16C1 7.71573 7.71573 1 16 1C24.2843 1 31 7.71573 31 16Z\" stroke=\"#181818\" stroke-width=\"2\"\/>\n<\/svg>\n<\/span><\/a><\/li><li class=\"m-download-list__item py-4 last:border-0 relative\"><a class=\"m-download-list__link pl-8 block text-lt_black hover:underline  text-16 lg:text-18 font-medium\" target=\"_blank\" href=https:\/\/lundbergtech.com\/wp-content\/uploads\/2025\/11\/All-in-one-Units-2025-24.pdf title=\"All-in-one Units\">All-in-one Units<span class=\"absolute right-0 mr-3 -top-1\">\n<svg width=\"32\" height=\"32\" viewBox=\"0 0 32 32\" fill=\"none\" xmlns=\"http:\/\/www.w3.org\/2000\/svg\">\n<title>Arrow<\/title>\n<path d=\"M13.3529 21.2941L19.5294 16L13.3529 10.7059M31 16C31 24.2843 24.2843 31 16 31C7.71573 31 1 24.2843 1 16C1 7.71573 7.71573 1 16 1C24.2843 1 31 7.71573 31 16Z\" stroke=\"#181818\" stroke-width=\"2\"\/>\n<\/svg>\n<\/span><\/a><\/li>\n            <\/ul>\n        <\/div>\n\n    <\/div>\n<\/div>[\/vc_column][\/vc_row][vc_row full_width=&#8221;stretch_row_content_no_spaces&#8221;][vc_column]<div class=\"m-case-study-carousel relative py-14 pb-32 md:pt-24 md:pb-36 lg:pt-36 lg:pb-32\">\n    <div class=\"container md:mx-auto px-3 pb-8 lg:max-w-4xl xl:max-w-6xl lg:relative \">\n\n        <h2 class=\"text-left md:pb-0 leading-8 md:text-32 md:leading-8 lg:text-36 lg:leading-10 xl:leading-11 xl:text-42 md:border-t md:border-lt_grey md:pt-4\">\n        <span class=\"text-lt_blue font-heading font-medium\">Recent<\/span>\n        <span class=\"text-lt_green font-heading block font-medium \">Case Studies <\/span><\/h2>\n\n        <div class=\"c-slider__arrows c-slider--casestudy__arrows w-32 h-10 mx-auto z-20 absolute left-0 right-0 text-center md:ml-0 md:text-left md:z-50 md:w-24\"><\/div>\n\n        <div class=\"md:overflow-hidden md:mt-1 md:pb-12 lg:pb-14 xl:pb-18 js-case-study-selector-carousel z-20\">\n            <div class=\"\">\n    <div class=\"md:flex md:h-400 xl:h-576\">\n\n        <div class=\"md:w-6\/12 xl:w-7\/12 xl:pr-3\">\n                        <div class=\"w-full h-64  lg:h-full relative overflow-hidden bg-top bg-no-repeat bg-cover\" style=\"background-image:url('https:\/\/lundbergtech.com\/wp-content\/uploads\/2021\/11\/TQL-Greg-Swindle-742x583.jpg');\"><\/div>\n                    <\/div>\n\n\n        <div class=\"md:w-5\/12 md:ml-7  md:relative\">\n            <div class=\"p-5 md:px-8 mb-5 md:pb-7 lg:pb-12 lg:px-10 relative z-10 text-left bg-white  md:absolute md:drop-shadow-md xl:drop-shadow-xl md:filter md:m-0  md:w-full  md:right-0 md:top-52 lg:top-60 md:h-auto xl:ml-12 \">\n\n                    <a class=\"block u-a-nostyle mt-1 pt-3 md:pt-3  md:pl-0 lg:pt-4 xl:pt-5 md:hover:underline\" href=https:\/\/lundbergtech.com\/case-studies\/tql-packaging-solutions-waste-size-reduction\/ title=\"TQL Packaging Solutions \u2013 Waste Size Reduction\">\n                    <h3 class=\"leading-snug text-20  text-lt_blue md:leading-tight lg:text-20 xl:text-28 md:mb-0 font-bold \">TQL Packaging Solutions \u2013 Waste Size Reduction<\/h3>\n                    <\/a>\t\n                   \n                                        <a class=\"c-button--arrow-link\" href=https:\/\/lundbergtech.com\/case-studies\/tql-packaging-solutions-waste-size-reduction\/ title=\"TQL Packaging Solutions \u2013 Waste Size Reduction\">Read case study<\/a>\t\n                <\/div>\n           <\/div>\n\n\n\n\n\n    <\/div>\n\n<\/div>\n<div class=\"\">\n    <div class=\"md:flex md:h-400 xl:h-576\">\n\n        <div class=\"md:w-6\/12 xl:w-7\/12 xl:pr-3\">\n                        <div class=\"w-full h-64  lg:h-full relative overflow-hidden bg-top bg-no-repeat bg-cover\" style=\"background-image:url('https:\/\/lundbergtech.com\/wp-content\/uploads\/2021\/11\/Navistar-Direct-Marketing-20200601_110440_resized-742x583.jpg');\"><\/div>\n                    <\/div>\n\n\n        <div class=\"md:w-5\/12 md:ml-7  md:relative\">\n            <div class=\"p-5 md:px-8 mb-5 md:pb-7 lg:pb-12 lg:px-10 relative z-10 text-left bg-white  md:absolute md:drop-shadow-md xl:drop-shadow-xl md:filter md:m-0  md:w-full  md:right-0 md:top-52 lg:top-60 md:h-auto xl:ml-12 \">\n\n                    <a class=\"block u-a-nostyle mt-1 pt-3 md:pt-3  md:pl-0 lg:pt-4 xl:pt-5 md:hover:underline\" href=https:\/\/lundbergtech.com\/case-studies\/navistar-direct-marketing-printing\/ title=\"Navistar Direct Marketing \u2013 Printing\">\n                    <h3 class=\"leading-snug text-20  text-lt_blue md:leading-tight lg:text-20 xl:text-28 md:mb-0 font-bold \">Navistar Direct Marketing \u2013 Printing<\/h3>\n                    <\/a>\t\n                   \n                                        <a class=\"c-button--arrow-link\" href=https:\/\/lundbergtech.com\/case-studies\/navistar-direct-marketing-printing\/ title=\"Navistar Direct Marketing \u2013 Printing\">Read case study<\/a>\t\n                <\/div>\n           <\/div>\n\n\n\n\n\n    <\/div>\n\n<\/div>\n\n        <\/div>\n         <div class=\"c-slider__dots c-slider--casestudy__dots  mx-auto z-20 absolute left-0 right-0 text-center\"><\/div>\n   \t<\/div>\n<\/div>\n\n<div class=\"m-spacer m-spacer-69ef63c64e145\" data-id=\"69ef63c64e145\" data-height=\"25\" data-height-mobile=\"\" data-height-tab=\"\" data-height-tab-portrait=\"\" style=\"clear:both;display:block;\"><\/div>\n\n\n\n[\/vc_column][\/vc_row]<\/p>\n<\/div>","protected":false},"excerpt":{"rendered":"<p>[vc_row full_width=&#8221;stretch_row&#8221; css=&#8221;.vc_custom_1636125480670{background-image: url(https:\/\/lundbergtech.com\/wp-content\/uploads\/2021\/05\/granulator-cutting-bg.jpg?id=161) !important;background-position: center !important;background-repeat: no-repeat !important;background-size: cover !important;}&#8221;][vc_column][vc_row_inner equal_height=&#8221;yes&#8221; content_placement=&#8221;middle&#8221;][vc_column_inner width=&#8221;1\/2&#8243;][vc_single_image image=&#8221;2252&#8243; img_size=&#8221;full&#8221; alignment=&#8221;center&#8221; style=&#8221;vc_box_shadow&#8221; css=&#8221;.vc_custom_1635431130645{padding-right: 20px !important;padding-left: 20px !important;}&#8221;][\/vc_column_inner][vc_column_inner width=&#8221;1\/2&#8243;][vc_column_text] TrimCompactor &#8211; Le choix \u00e9vident L\u2019unit\u00e9 TrimCompactor de Lundberg Tech combine, de mani\u00e8re tr\u00e8s efficace, la capacit\u00e9 de capturer, transporter, couper, collecter et compacter les d\u00e9chets d\u2019une large gamme de machines [&hellip;]<\/p>\n","protected":false},"author":3,"featured_media":2261,"parent":5858,"menu_order":0,"comment_status":"closed","ping_status":"closed","template":"","meta":{"_acf_changed":false,"inline_featured_image":false,"footnotes":""},"class_list":["post-5868","page","type-page","status-publish","has-post-thumbnail","hentry"],"acf":[],"yoast_head":"<!-- This site is optimized with the Yoast SEO plugin v27.1.1 - https:\/\/yoast.com\/product\/yoast-seo-wordpress\/ -->\n<title>TrimCompactor - Traitement efficace des d\u00e9chets - Lundberg Tech<\/title>\n<meta name=\"description\" content=\"TrimCompactor combine, de mani\u00e8re efficace, la capacit\u00e9 de capturer, transporter, couper, collecter et compacter les d\u00e9chets | Manutention des d\u00e9chets.\" \/>\n<meta name=\"robots\" content=\"index, follow, max-snippet:-1, max-image-preview:large, max-video-preview:-1\" \/>\n<link rel=\"canonical\" href=\"https:\/\/lundbergtech.com\/fr\/produits\/trimcompactor\/\" \/>\n<meta property=\"og:locale\" content=\"fr_FR\" \/>\n<meta property=\"og:type\" content=\"article\" \/>\n<meta property=\"og:title\" content=\"TrimCompactor - Traitement efficace des d\u00e9chets - Lundberg Tech\" \/>\n<meta property=\"og:description\" content=\"TrimCompactor combine, de mani\u00e8re efficace, la capacit\u00e9 de capturer, transporter, couper, collecter et compacter les d\u00e9chets | Manutention des d\u00e9chets.\" \/>\n<meta property=\"og:url\" content=\"https:\/\/lundbergtech.com\/fr\/produits\/trimcompactor\/\" \/>\n<meta property=\"og:site_name\" content=\"Lundberg Tech\" \/>\n<meta property=\"article:publisher\" content=\"https:\/\/www.facebook.com\/lundbergtech\" \/>\n<meta property=\"article:modified_time\" content=\"2022-12-21T09:54:18+00:00\" \/>\n<meta property=\"og:image\" content=\"https:\/\/lundbergtech.com\/wp-content\/uploads\/2021\/10\/TrimCompactor-140.png\" \/>\n\t<meta property=\"og:image:width\" content=\"700\" \/>\n\t<meta property=\"og:image:height\" content=\"387\" \/>\n\t<meta property=\"og:image:type\" content=\"image\/png\" \/>\n<meta name=\"twitter:card\" content=\"summary_large_image\" \/>\n<meta name=\"twitter:site\" content=\"@lundbergtech\" \/>\n<meta name=\"twitter:label1\" content=\"Est. reading time\" \/>\n\t<meta name=\"twitter:data1\" content=\"2 minutes\" \/>\n<script type=\"application\/ld+json\" class=\"yoast-schema-graph\">{\"@context\":\"https:\/\/schema.org\",\"@graph\":[{\"@type\":\"WebPage\",\"@id\":\"https:\/\/lundbergtech.com\/fr\/produits\/trimcompactor\/\",\"url\":\"https:\/\/lundbergtech.com\/fr\/produits\/trimcompactor\/\",\"name\":\"TrimCompactor - Traitement efficace des d\u00e9chets - Lundberg Tech\",\"isPartOf\":{\"@id\":\"https:\/\/lundbergtech.com\/#website\"},\"primaryImageOfPage\":{\"@id\":\"https:\/\/lundbergtech.com\/fr\/produits\/trimcompactor\/#primaryimage\"},\"image\":{\"@id\":\"https:\/\/lundbergtech.com\/fr\/produits\/trimcompactor\/#primaryimage\"},\"thumbnailUrl\":\"https:\/\/lundbergtech.com\/wp-content\/uploads\/2021\/10\/TrimCompactor-140.png\",\"datePublished\":\"2021-10-12T13:37:15+00:00\",\"dateModified\":\"2022-12-21T09:54:18+00:00\",\"description\":\"TrimCompactor combine, de mani\u00e8re efficace, la capacit\u00e9 de capturer, transporter, couper, collecter et compacter les d\u00e9chets | Manutention des d\u00e9chets.\",\"breadcrumb\":{\"@id\":\"https:\/\/lundbergtech.com\/fr\/produits\/trimcompactor\/#breadcrumb\"},\"inLanguage\":\"fr-FR\",\"potentialAction\":[{\"@type\":\"ReadAction\",\"target\":[\"https:\/\/lundbergtech.com\/fr\/produits\/trimcompactor\/\"]}]},{\"@type\":\"ImageObject\",\"inLanguage\":\"fr-FR\",\"@id\":\"https:\/\/lundbergtech.com\/fr\/produits\/trimcompactor\/#primaryimage\",\"url\":\"https:\/\/lundbergtech.com\/wp-content\/uploads\/2021\/10\/TrimCompactor-140.png\",\"contentUrl\":\"https:\/\/lundbergtech.com\/wp-content\/uploads\/2021\/10\/TrimCompactor-140.png\",\"width\":700,\"height\":387,\"caption\":\"Trim extraction system\"},{\"@type\":\"BreadcrumbList\",\"@id\":\"https:\/\/lundbergtech.com\/fr\/produits\/trimcompactor\/#breadcrumb\",\"itemListElement\":[{\"@type\":\"ListItem\",\"position\":1,\"name\":\"Produits\",\"item\":\"https:\/\/lundbergtech.com\/fr\/produits\/\"},{\"@type\":\"ListItem\",\"position\":2,\"name\":\"TrimCompactor\"}]},{\"@type\":\"WebSite\",\"@id\":\"https:\/\/lundbergtech.com\/#website\",\"url\":\"https:\/\/lundbergtech.com\/\",\"name\":\"Lundberg Tech\",\"description\":\"Our waste handling keeps production going\",\"potentialAction\":[{\"@type\":\"SearchAction\",\"target\":{\"@type\":\"EntryPoint\",\"urlTemplate\":\"https:\/\/lundbergtech.com\/?s={search_term_string}\"},\"query-input\":{\"@type\":\"PropertyValueSpecification\",\"valueRequired\":true,\"valueName\":\"search_term_string\"}}],\"inLanguage\":\"fr-FR\"}]}<\/script>\n<!-- \/ Yoast SEO plugin. -->","yoast_head_json":{"title":"TrimCompactor - Traitement efficace des d\u00e9chets - Lundberg Tech","description":"TrimCompactor combine, de mani\u00e8re efficace, la capacit\u00e9 de capturer, transporter, couper, collecter et compacter les d\u00e9chets | Manutention des d\u00e9chets.","robots":{"index":"index","follow":"follow","max-snippet":"max-snippet:-1","max-image-preview":"max-image-preview:large","max-video-preview":"max-video-preview:-1"},"canonical":"https:\/\/lundbergtech.com\/fr\/produits\/trimcompactor\/","og_locale":"fr_FR","og_type":"article","og_title":"TrimCompactor - Traitement efficace des d\u00e9chets - Lundberg Tech","og_description":"TrimCompactor combine, de mani\u00e8re efficace, la capacit\u00e9 de capturer, transporter, couper, collecter et compacter les d\u00e9chets | Manutention des d\u00e9chets.","og_url":"https:\/\/lundbergtech.com\/fr\/produits\/trimcompactor\/","og_site_name":"Lundberg Tech","article_publisher":"https:\/\/www.facebook.com\/lundbergtech","article_modified_time":"2022-12-21T09:54:18+00:00","og_image":[{"width":700,"height":387,"url":"https:\/\/lundbergtech.com\/wp-content\/uploads\/2021\/10\/TrimCompactor-140.png","type":"image\/png"}],"twitter_card":"summary_large_image","twitter_site":"@lundbergtech","twitter_misc":{"Est. reading time":"2 minutes"},"schema":{"@context":"https:\/\/schema.org","@graph":[{"@type":"WebPage","@id":"https:\/\/lundbergtech.com\/fr\/produits\/trimcompactor\/","url":"https:\/\/lundbergtech.com\/fr\/produits\/trimcompactor\/","name":"TrimCompactor - Traitement efficace des d\u00e9chets - Lundberg Tech","isPartOf":{"@id":"https:\/\/lundbergtech.com\/#website"},"primaryImageOfPage":{"@id":"https:\/\/lundbergtech.com\/fr\/produits\/trimcompactor\/#primaryimage"},"image":{"@id":"https:\/\/lundbergtech.com\/fr\/produits\/trimcompactor\/#primaryimage"},"thumbnailUrl":"https:\/\/lundbergtech.com\/wp-content\/uploads\/2021\/10\/TrimCompactor-140.png","datePublished":"2021-10-12T13:37:15+00:00","dateModified":"2022-12-21T09:54:18+00:00","description":"TrimCompactor combine, de mani\u00e8re efficace, la capacit\u00e9 de capturer, transporter, couper, collecter et compacter les d\u00e9chets | Manutention des d\u00e9chets.","breadcrumb":{"@id":"https:\/\/lundbergtech.com\/fr\/produits\/trimcompactor\/#breadcrumb"},"inLanguage":"fr-FR","potentialAction":[{"@type":"ReadAction","target":["https:\/\/lundbergtech.com\/fr\/produits\/trimcompactor\/"]}]},{"@type":"ImageObject","inLanguage":"fr-FR","@id":"https:\/\/lundbergtech.com\/fr\/produits\/trimcompactor\/#primaryimage","url":"https:\/\/lundbergtech.com\/wp-content\/uploads\/2021\/10\/TrimCompactor-140.png","contentUrl":"https:\/\/lundbergtech.com\/wp-content\/uploads\/2021\/10\/TrimCompactor-140.png","width":700,"height":387,"caption":"Trim extraction system"},{"@type":"BreadcrumbList","@id":"https:\/\/lundbergtech.com\/fr\/produits\/trimcompactor\/#breadcrumb","itemListElement":[{"@type":"ListItem","position":1,"name":"Produits","item":"https:\/\/lundbergtech.com\/fr\/produits\/"},{"@type":"ListItem","position":2,"name":"TrimCompactor"}]},{"@type":"WebSite","@id":"https:\/\/lundbergtech.com\/#website","url":"https:\/\/lundbergtech.com\/","name":"Lundberg Tech","description":"Our waste handling keeps production going","potentialAction":[{"@type":"SearchAction","target":{"@type":"EntryPoint","urlTemplate":"https:\/\/lundbergtech.com\/?s={search_term_string}"},"query-input":{"@type":"PropertyValueSpecification","valueRequired":true,"valueName":"search_term_string"}}],"inLanguage":"fr-FR"}]}},"_links":{"self":[{"href":"https:\/\/lundbergtech.com\/fr\/wp-json\/wp\/v2\/pages\/5868","targetHints":{"allow":["GET"]}}],"collection":[{"href":"https:\/\/lundbergtech.com\/fr\/wp-json\/wp\/v2\/pages"}],"about":[{"href":"https:\/\/lundbergtech.com\/fr\/wp-json\/wp\/v2\/types\/page"}],"author":[{"embeddable":true,"href":"https:\/\/lundbergtech.com\/fr\/wp-json\/wp\/v2\/users\/3"}],"replies":[{"embeddable":true,"href":"https:\/\/lundbergtech.com\/fr\/wp-json\/wp\/v2\/comments?post=5868"}],"version-history":[{"count":16,"href":"https:\/\/lundbergtech.com\/fr\/wp-json\/wp\/v2\/pages\/5868\/revisions"}],"predecessor-version":[{"id":6754,"href":"https:\/\/lundbergtech.com\/fr\/wp-json\/wp\/v2\/pages\/5868\/revisions\/6754"}],"up":[{"embeddable":true,"href":"https:\/\/lundbergtech.com\/fr\/wp-json\/wp\/v2\/pages\/5858"}],"wp:featuredmedia":[{"embeddable":true,"href":"https:\/\/lundbergtech.com\/fr\/wp-json\/wp\/v2\/media\/2261"}],"wp:attachment":[{"href":"https:\/\/lundbergtech.com\/fr\/wp-json\/wp\/v2\/media?parent=5868"}],"curies":[{"name":"wp","href":"https:\/\/api.w.org\/{rel}","templated":true}]}}