{"id":5872,"date":"2021-05-26T13:24:18","date_gmt":"2021-05-26T13:24:18","guid":{"rendered":"https:\/\/lundbergtech.com\/products\/wasteflex-unit-and-module\/"},"modified":"2022-12-20T14:30:26","modified_gmt":"2022-12-20T14:30:26","slug":"unite-et-module-wasteflex","status":"publish","type":"page","link":"https:\/\/lundbergtech.com\/fr\/produits\/unite-et-module-wasteflex\/","title":{"rendered":"Unit\u00e9 et module WasteFlex"},"content":{"rendered":"<div class=\"wpb-content-wrapper\"><p>[vc_row full_width=&#8221;stretch_row&#8221; css=&#8221;.vc_custom_1636126101526{background-image: url(https:\/\/lundbergtech.com\/wp-content\/uploads\/2021\/05\/granulator-cutting-bg.jpg?id=161) !important;background-position: center !important;background-repeat: no-repeat !important;background-size: cover !important;}&#8221;][vc_column]<div class=\"m-spacer m-spacer-69dbbcc76d90c\" data-id=\"69dbbcc76d90c\" data-height=\"80\" data-height-mobile=\"20\" data-height-tab=\"50\" data-height-tab-portrait=\"30\" style=\"clear:both;display:block;\"><\/div>\n\n\n\n[vc_row_inner equal_height=&#8221;yes&#8221; content_placement=&#8221;middle&#8221;][vc_column_inner width=&#8221;1\/2&#8243;][vc_single_image image=&#8221;1610&#8243; img_size=&#8221;full&#8221; alignment=&#8221;center&#8221; style=&#8221;vc_box_shadow&#8221; css=&#8221;.vc_custom_1635858180666{padding-right: 20px !important;padding-left: 20px !important;}&#8221;][\/vc_column_inner][vc_column_inner width=&#8221;1\/2&#8243;][vc_column_text]<\/p>\n<h2 class=\"text-white\"><span style=\"font-weight: 400; color: #ffffff;\">Une combinaison sp\u00e9ciale d\u2019un chargeur et d\u2019un Granulateur<br \/>\n<\/span><\/h2>\n<p><span style=\"color: #ffffff;\"><span style=\"font-weight: 400;\">L\u2019Unit\u00e9 WasteFlex est une combinaison sp\u00e9cialement d\u00e9velopp\u00e9e par Lundberg Tech d\u2019un chargeur et d\u2019un <a style=\"color: #ffffff;\" href=https:\/\/lundbergtech.com\/fr\/granulateurs-et-coupeurs\/>Granulateur<\/a> combin\u00e9s sous forme d\u2019une <a style=\"color: #ffffff;\" href=https:\/\/lundbergtech.com\/fr\/unites-tout-en-un\/>Unit\u00e9 Tout-en-Un<\/a>. Cette unit\u00e9 est capable de traiter de plus gros morceaux de d\u00e9chets en saisissant les d\u00e9chets et en les d\u00e9posant dans le granulateur, sans que le mat\u00e9riau ne bloque le Granulateur.\u00a0<\/span><\/span><\/p>\n<p><span style=\"color: #ffffff;\"><span style=\"font-weight: 400;\">Le Granulateur Lundberg Tech d\u00e9coupe les d\u00e9chets en petits morceaux. Les petits morceaux de d\u00e9chets sont ensuite transport\u00e9s par aspiration jusqu\u2019au sac de collecte. Les d\u00e9chets trait\u00e9s dans l\u2019unit\u00e9 WasteFlex sont g\u00e9n\u00e9ralement des mat\u00e9riaux utilis\u00e9s pour l\u2019emballage de palettes, pour l\u2019emballage de produits en vrac ou pour la protection de surfaces de diff\u00e9rentes plaques. Les d\u00e9chets sont normalement du papier, du plastique ou du textile.<\/span><\/span>[\/vc_column_text][\/vc_column_inner][\/vc_row_inner]<div class=\"m-spacer m-spacer-69dbbcc770d78\" data-id=\"69dbbcc770d78\" data-height=\"80\" data-height-mobile=\"20\" data-height-tab=\"50\" data-height-tab-portrait=\"30\" style=\"clear:both;display:block;\"><\/div>\n\n\n\n[\/vc_column][\/vc_row][vc_row full_width=&#8221;stretch_row_content_no_spaces&#8221;][vc_column css=&#8221;.vc_custom_1623157973509{padding-top: 0px !important;padding-bottom: 0px !important;}&#8221;]<div class=\"m-benefits-carousel relative py-14 pb-8 md:pt-24 md:pb-6 lg:pt-36 lg:pb-12  image-right \">\n    <div class=\"container md:mx-auto px-3 pb-2 lg:max-w-4xl xl:max-w-6xl lg:relative \">\n\n        <h2 class=\"text-left md:pb-0 leading-8 md:text-32 md:w-4\/12 md:leading-8 lg:text-36 lg:leading-10 xl:leading-11 xl:text-42 md:border-t md:border-lt_grey md:pt-4\">\n        <span class=\"text-lt_blue font-heading font-medium\">Avantages et fonctionnalit\u00e9s<\/span>\n        <span class=\"text-lt_green text-16 lg:text-18 leading-5 block font-semibold md:pt-2 \">B\u00e9n\u00e9fices et avantages de l'Unit\u00e9 WasteFlex : <\/span><\/h2>\n\n        <div class=\"c-slider__arrows c-slider--benefits__arrows w-32 h-10 mx-auto z-20 absolute left-0 right-0 text-center md:ml-0 md:text-left md:z-50 md:w-24\"><\/div>\n\n        <div class=\"md:overflow-hidden md:mt-1 md:pb-12 lg:pb-14 xl:pb-18 js-benefits-carousel z-20 \">\n            <div class=\"\">\n    <div class=\"md:flex md:h-592\">\n\n        <div class=\"md:w-5\/12 md:ml-10 lg:w-6\/12 xl:w-6\/12 m-benefits-carousel__image-container md:mb-14\">\n                        <div class=\"w-full h-64 md:h-full relative overflow-hidden bg-top bg-no-repeat bg-cover\" style=\"background-image:url('https:\/\/lundbergtech.com\/wp-content\/uploads\/2021\/10\/Unwrapping1-626x583.jpg');\"><\/div>\n                    <\/div>\n\n\n        <div class=\"md:w-6\/12 m-benefits-carousel__content-container\">\n            <div class=\"z-10 text-left bg-white p-3 lg:ml-0 md:relative \">\n\n                <div class=\"m-benefits-carousel__content px-3 \">\n                    <\/p>\n<ul>\n<li style=\"font-weight: 400;\" aria-level=\"1\"><span style=\"font-weight: 400;\">R\u00e9duit consid\u00e9rablement le volume de d\u00e9chets\u00a0<\/span><\/li>\n<li style=\"font-weight: 400;\" aria-level=\"1\"><span style=\"font-weight: 400;\">Facilite la gestion des d\u00e9chets pour votre personnel en \u00e9liminant le transport manuel des plus gros morceaux de d\u00e9chets\u00a0<\/span><\/li>\n<li style=\"font-weight: 400;\" aria-level=\"1\"><span style=\"font-weight: 400;\">Peut \u00eatre personnalis\u00e9 pour prendre en charge des types de d\u00e9chets sp\u00e9cifiques<br \/>\n<\/span><\/li>\n<\/ul>\n<p>\n                <\/div>\n\n                <\/div>\n           <\/div>\n\n\n\n\n\n    <\/div>\n\n<\/div>\n\n        <\/div>\n         <div class=\"c-slider__dots c-slider--benefits__dots  static h-4 mt-10 lg:mt-14 mx-auto z-20  left-0 right-0 text-center\"><\/div>\n   \t<\/div>\n<\/div>\n\n[\/vc_column][\/vc_row][vc_row full_width=&#8221;stretch_row&#8221;][vc_column]<div class=\"m-spacer m-spacer-69dbbcc774461\" data-id=\"69dbbcc774461\" data-height=\"80\" data-height-mobile=\"20\" data-height-tab=\"50\" data-height-tab-portrait=\"30\" style=\"clear:both;display:block;\"><\/div>\n\n\n\n[vc_row_inner equal_height=&#8221;yes&#8221; content_placement=&#8221;middle&#8221;][vc_column_inner width=&#8221;1\/2&#8243;][vc_single_image image=&#8221;2379&#8243; img_size=&#8221;full&#8221; alignment=&#8221;center&#8221; style=&#8221;vc_box_shadow&#8221; css=&#8221;.vc_custom_1635858688896{padding-right: 20px !important;padding-left: 20px !important;}&#8221;][\/vc_column_inner][vc_column_inner width=&#8221;1\/2&#8243;][vc_column_text]L\u2019Unit\u00e9 WasteFlex est disponible en deux tailles diff\u00e9rentes selon le volume des d\u00e9chets et la capacit\u00e9 du mod\u00e8le.<\/p>\n<p><span style=\"font-weight: 400;\">Lorsque vous choisissez d\u2019int\u00e9grer une Unit\u00e9 WasteFlex \u00e0 votre syst\u00e8me de traitement des d\u00e9chets, diverses options sont disponibles :<\/span><\/p>\n<ul>\n<li>Des boucliers perfor\u00e9s pour le Granulateur avec diff\u00e9rentes tailles de trous pour r\u00e9duire la taille des confettis<\/li>\n<li>Des sacs sans fin &#8211; TubeBag pour un fonctionnement continu<\/li>\n<li>Un capteur de niveau pour d\u00e9tecter les sacs pleins<\/li>\n<li>Des barres antistatiques pour l\u2019\u00e9limination de l\u2019\u00e9lectricit\u00e9 statique du mat\u00e9riau trait\u00e9<\/li>\n<li>Un convertisseur de fr\u00e9quence pour le r\u00e9glage de la puissance d\u2019aspiration<\/li>\n<li>D\u2019autres types de syst\u00e8mes de filtration, y compris un filtre autonettoyant automatique<\/li>\n<li>Un compacteur pour compacter les d\u00e9chets \u2013 par exemple, notre <a href=https:\/\/lundbergtech.com\/fr\/produits\/wastecompactor\/>WasteCompactor<\/a><\/li>\n<\/ul>\n<p>&nbsp;<\/p>\n<p>Un ou plusieurs modules WasteFlex compos\u00e9s d\u2019un chargeur et d\u2019un Granulateur peuvent \u00e9galement \u00eatre int\u00e9gr\u00e9s dans un <a href=https:\/\/lundbergtech.com\/fr\/systemes-centralises\/>Syst\u00e8me Centralis\u00e9<\/a> Lundberg Tech.<\/p>\n<p>Le WasteFlex repr\u00e9sente sans nul doute une nouvelle g\u00e9n\u00e9ration d\u2019unit\u00e9s de traitement dans les syst\u00e8mes d\u2019\u00e9vacuation des d\u00e9chets, qui soutient pleinement l\u2019ensemble des facteurs importants pour une entreprise, \u00e0 savoir la productivit\u00e9 et l\u2019\u00e9conomie circulaire en pr\u00e9parant les d\u00e9chets pour le recyclage.[\/vc_column_text][\/vc_column_inner][\/vc_row_inner][\/vc_column][\/vc_row][vc_row full_width=&#8221;stretch_row_content_no_spaces&#8221; disable_element=&#8221;yes&#8221;][vc_column]<div class=\"c-cta-banner py-6 px-6 md:py-10  \">\n\n    <div class=\"md:flex\">\n\n        <div class=\"mx-auto  md:flex md:flex-col md:w-1\/2 lg:w-6\/12 xl:w-8\/12 md:justify-center md:mx-0 xl:pl-6 md:pr-2\">\n            <h2 class=\"text-center md:text-left md:pb-0 leading-10\">\n            <span class=\"text-lt_blue text-20 md:text-24 lg:text-30 font-heading font-bold\">Want to find out<\/span>\n            <span class=\"text-white text-20 font-heading md:leading-6 lg:leading-8 block font-bold md:text-24 lg:text-30\">What the next step is?<\/span><\/h2>\n        <\/div>\n        <div class=\"text-center lg:max-w-xs md:ml-auto md:mr-0 md:w-1\/2  lg:w-5\/12 xl:w-4\/12\">\n            <a href=\"\" class=\"c-button c-button--white block\">Renseignez-vous en ligne d\u00e8s aujourd\u2019hui <\/a>\n            <span class=\"block pt-5 \"><span class=\" text-lt_blue uppercase text-15\">ou appelez le <\/span>\n            \n                        \n                        <a class=\"text-lt_blue uppercase text-15\" href=tel: title=\"\"><\/a>\n\n                        <\/span>\n        <\/div>\n\n    <\/div>\n<\/div>\n[\/vc_column][\/vc_row][vc_row full_width=&#8221;stretch_row_content_no_spaces&#8221;][vc_column]<div class=\"m-download-list pb-6 pt-10 md:py-10  md:pb-10 lg:pb-20 lg:pt-20\">\n    <div class=\"container mx-auto xl:max-w-screen-xl \">\n        <div class=\" md:pr-6 lg:pr-8\">\n            <h2 class=\"text-lt_blue text-20 leading-normal md:text-24 md:leading-7 lg:text-28 md:pb-10\">Download more information<\/h2>\n         <\/div>\n\n\n        <div class=\"\">\n            <ul  class=\"pb-4 md:grid md:grid-cols-2 md:gap-x-8 lg:gap-x-16 xl:gap-x-28\">\n            <li class=\"m-download-list__item py-4 last:border-0 relative\"><a class=\"m-download-list__link pl-8 block text-lt_black hover:underline  text-16 lg:text-18 font-medium\" target=\"_blank\" href=https:\/\/lundbergtech.com\/wp-content\/uploads\/2021\/11\/WasteFlex-Explanation-2021feb.pdf title=\"WasteFlex\">WasteFlex<span class=\"absolute right-0 mr-3 -top-1\">\n<svg width=\"32\" height=\"32\" viewBox=\"0 0 32 32\" fill=\"none\" xmlns=\"http:\/\/www.w3.org\/2000\/svg\">\n<title>Arrow<\/title>\n<path d=\"M13.3529 21.2941L19.5294 16L13.3529 10.7059M31 16C31 24.2843 24.2843 31 16 31C7.71573 31 1 24.2843 1 16C1 7.71573 7.71573 1 16 1C24.2843 1 31 7.71573 31 16Z\" stroke=\"#181818\" stroke-width=\"2\"\/>\n<\/svg>\n<\/span><\/a><\/li><li class=\"m-download-list__item py-4 last:border-0 relative\"><a class=\"m-download-list__link pl-8 block text-lt_black hover:underline  text-16 lg:text-18 font-medium\" target=\"_blank\" href=https:\/\/lundbergtech.com\/wp-content\/uploads\/2025\/11\/All-in-one-Units-2025-24.pdf title=\"All-in-one Units\">All-in-one Units<span class=\"absolute right-0 mr-3 -top-1\">\n<svg width=\"32\" height=\"32\" viewBox=\"0 0 32 32\" fill=\"none\" xmlns=\"http:\/\/www.w3.org\/2000\/svg\">\n<title>Arrow<\/title>\n<path d=\"M13.3529 21.2941L19.5294 16L13.3529 10.7059M31 16C31 24.2843 24.2843 31 16 31C7.71573 31 1 24.2843 1 16C1 7.71573 7.71573 1 16 1C24.2843 1 31 7.71573 31 16Z\" stroke=\"#181818\" stroke-width=\"2\"\/>\n<\/svg>\n<\/span><\/a><\/li>\n            <\/ul>\n        <\/div>\n\n    <\/div>\n<\/div><div class=\"m-spacer m-spacer-69dbbcc77b7dd\" data-id=\"69dbbcc77b7dd\" data-height=\"25\" data-height-mobile=\"0\" data-height-tab=\"\" data-height-tab-portrait=\"0\" style=\"clear:both;display:block;\"><\/div>\n\n\n\n[\/vc_column][\/vc_row][vc_row full_width=&#8221;stretch_row_content_no_spaces&#8221; disable_element=&#8221;yes&#8221;][vc_column]<div class=\"m-case-study-carousel relative py-14 pb-32 md:pt-24 md:pb-36 lg:pt-36 lg:pb-32\">\n    <div class=\"container md:mx-auto px-3 pb-8 lg:max-w-4xl xl:max-w-6xl lg:relative \">\n\n        <h2 class=\"text-left md:pb-0 leading-8 md:text-32 md:leading-8 lg:text-36 lg:leading-10 xl:leading-11 xl:text-42 md:border-t md:border-lt_grey md:pt-4\">\n        <span class=\"text-lt_blue font-heading font-medium\">Recent<\/span>\n        <span class=\"text-lt_green font-heading block font-medium \">Case Studies <\/span><\/h2>\n\n        <div class=\"c-slider__arrows c-slider--casestudy__arrows w-32 h-10 mx-auto z-20 absolute left-0 right-0 text-center md:ml-0 md:text-left md:z-50 md:w-24\"><\/div>\n\n        <div class=\"md:overflow-hidden md:mt-1 md:pb-12 lg:pb-14 xl:pb-18 js-case-study-selector-carousel z-20\">\n            <div class=\"\">\n    <div class=\"md:flex md:h-400 xl:h-576\">\n\n        <div class=\"md:w-6\/12 xl:w-7\/12 xl:pr-3\">\n                    <\/div>\n\n\n        <div class=\"md:w-5\/12 md:ml-7  md:relative\">\n            <div class=\"p-5 md:px-8 mb-5 md:pb-7 lg:pb-12 lg:px-10 relative z-10 text-left bg-white  md:absolute md:drop-shadow-md xl:drop-shadow-xl md:filter md:m-0  md:w-full  md:right-0 md:top-52 lg:top-60 md:h-auto xl:ml-12 \">\n\n                    <a class=\"block u-a-nostyle mt-1 pt-3 md:pt-3  md:pl-0 lg:pt-4 xl:pt-5 md:hover:underline\" href=\"\" title=\"\">\n                    <h3 class=\"leading-snug text-20  text-lt_blue md:leading-tight lg:text-20 xl:text-28 md:mb-0 font-bold \"><\/h3>\n                    <\/a>\t\n                   \n                                        <a class=\"c-button--arrow-link\" href=\"\" title=\"\">Read case study<\/a>\t\n                <\/div>\n           <\/div>\n\n\n\n\n\n    <\/div>\n\n<\/div>\n<div class=\"\">\n    <div class=\"md:flex md:h-400 xl:h-576\">\n\n        <div class=\"md:w-6\/12 xl:w-7\/12 xl:pr-3\">\n                    <\/div>\n\n\n        <div class=\"md:w-5\/12 md:ml-7  md:relative\">\n            <div class=\"p-5 md:px-8 mb-5 md:pb-7 lg:pb-12 lg:px-10 relative z-10 text-left bg-white  md:absolute md:drop-shadow-md xl:drop-shadow-xl md:filter md:m-0  md:w-full  md:right-0 md:top-52 lg:top-60 md:h-auto xl:ml-12 \">\n\n                    <a class=\"block u-a-nostyle mt-1 pt-3 md:pt-3  md:pl-0 lg:pt-4 xl:pt-5 md:hover:underline\" href=\"\" title=\"\">\n                    <h3 class=\"leading-snug text-20  text-lt_blue md:leading-tight lg:text-20 xl:text-28 md:mb-0 font-bold \"><\/h3>\n                    <\/a>\t\n                   \n                                        <a class=\"c-button--arrow-link\" href=\"\" title=\"\">Read case study<\/a>\t\n                <\/div>\n           <\/div>\n\n\n\n\n\n    <\/div>\n\n<\/div>\n\n        <\/div>\n         <div class=\"c-slider__dots c-slider--casestudy__dots  mx-auto z-20 absolute left-0 right-0 text-center\"><\/div>\n   \t<\/div>\n<\/div>\n\n<div class=\"m-spacer m-spacer-69dbbcc77fee3\" data-id=\"69dbbcc77fee3\" data-height=\"25\" data-height-mobile=\"0\" data-height-tab=\"\" data-height-tab-portrait=\"0\" style=\"clear:both;display:block;\"><\/div>\n\n\n\n[\/vc_column][\/vc_row]<\/p>\n<\/div>","protected":false},"excerpt":{"rendered":"<p>[vc_row full_width=&#8221;stretch_row&#8221; css=&#8221;.vc_custom_1636126101526{background-image: url(https:\/\/lundbergtech.com\/wp-content\/uploads\/2021\/05\/granulator-cutting-bg.jpg?id=161) !important;background-position: center !important;background-repeat: no-repeat !important;background-size: cover !important;}&#8221;][vc_column][vc_row_inner equal_height=&#8221;yes&#8221; content_placement=&#8221;middle&#8221;][vc_column_inner width=&#8221;1\/2&#8243;][vc_single_image image=&#8221;1610&#8243; img_size=&#8221;full&#8221; alignment=&#8221;center&#8221; style=&#8221;vc_box_shadow&#8221; css=&#8221;.vc_custom_1635858180666{padding-right: 20px !important;padding-left: 20px !important;}&#8221;][\/vc_column_inner][vc_column_inner width=&#8221;1\/2&#8243;][vc_column_text] Une combinaison sp\u00e9ciale d\u2019un chargeur et d\u2019un Granulateur L\u2019Unit\u00e9 WasteFlex est une combinaison sp\u00e9cialement d\u00e9velopp\u00e9e par Lundberg Tech d\u2019un chargeur et d\u2019un Granulateur combin\u00e9s sous forme d\u2019une Unit\u00e9 Tout-en-Un. Cette unit\u00e9 [&hellip;]<\/p>\n","protected":false},"author":1,"featured_media":2373,"parent":5858,"menu_order":0,"comment_status":"closed","ping_status":"closed","template":"","meta":{"_acf_changed":false,"inline_featured_image":false,"footnotes":""},"class_list":["post-5872","page","type-page","status-publish","has-post-thumbnail","hentry"],"acf":[],"yoast_head":"<!-- This site is optimized with the Yoast SEO plugin v27.1.1 - https:\/\/yoast.com\/product\/yoast-seo-wordpress\/ -->\n<title>WasteFlex | Une combinaison d\u2019un chargeur et d\u2019un Granulateur<\/title>\n<meta name=\"description\" content=\"Le WasteFlex repr\u00e9sente une nouvelle g\u00e9n\u00e9ration d\u2019unit\u00e9s de traitement dans les syst\u00e8mes d\u2019\u00e9vacuation des d\u00e9chets | Unit\u00e9 Tout-en-Un\" \/>\n<meta name=\"robots\" content=\"index, follow, max-snippet:-1, max-image-preview:large, max-video-preview:-1\" \/>\n<link rel=\"canonical\" href=\"https:\/\/lundbergtech.com\/fr\/produits\/unite-et-module-wasteflex\/\" \/>\n<meta property=\"og:locale\" content=\"fr_FR\" \/>\n<meta property=\"og:type\" content=\"article\" \/>\n<meta property=\"og:title\" content=\"WasteFlex | Une combinaison d\u2019un chargeur et d\u2019un Granulateur\" \/>\n<meta property=\"og:description\" content=\"Le WasteFlex repr\u00e9sente une nouvelle g\u00e9n\u00e9ration d\u2019unit\u00e9s de traitement dans les syst\u00e8mes d\u2019\u00e9vacuation des d\u00e9chets | Unit\u00e9 Tout-en-Un\" \/>\n<meta property=\"og:url\" content=\"https:\/\/lundbergtech.com\/fr\/produits\/unite-et-module-wasteflex\/\" \/>\n<meta property=\"og:site_name\" content=\"Lundberg Tech\" \/>\n<meta property=\"article:publisher\" content=\"https:\/\/www.facebook.com\/lundbergtech\" \/>\n<meta property=\"article:modified_time\" content=\"2022-12-20T14:30:26+00:00\" \/>\n<meta property=\"og:image\" content=\"https:\/\/lundbergtech.com\/wp-content\/uploads\/2021\/11\/WasteFlex-module-1.jpg\" \/>\n\t<meta property=\"og:image:width\" content=\"742\" \/>\n\t<meta property=\"og:image:height\" content=\"380\" \/>\n\t<meta property=\"og:image:type\" content=\"image\/jpeg\" \/>\n<meta name=\"twitter:card\" content=\"summary_large_image\" \/>\n<meta name=\"twitter:site\" content=\"@lundbergtech\" \/>\n<meta name=\"twitter:label1\" content=\"Est. reading time\" \/>\n\t<meta name=\"twitter:data1\" content=\"2 minutes\" \/>\n<script type=\"application\/ld+json\" class=\"yoast-schema-graph\">{\"@context\":\"https:\/\/schema.org\",\"@graph\":[{\"@type\":\"WebPage\",\"@id\":\"https:\/\/lundbergtech.com\/fr\/produits\/unite-et-module-wasteflex\/\",\"url\":\"https:\/\/lundbergtech.com\/fr\/produits\/unite-et-module-wasteflex\/\",\"name\":\"WasteFlex | Une combinaison d\u2019un chargeur et d\u2019un Granulateur\",\"isPartOf\":{\"@id\":\"https:\/\/lundbergtech.com\/#website\"},\"primaryImageOfPage\":{\"@id\":\"https:\/\/lundbergtech.com\/fr\/produits\/unite-et-module-wasteflex\/#primaryimage\"},\"image\":{\"@id\":\"https:\/\/lundbergtech.com\/fr\/produits\/unite-et-module-wasteflex\/#primaryimage\"},\"thumbnailUrl\":\"https:\/\/lundbergtech.com\/wp-content\/uploads\/2021\/11\/WasteFlex-module-1.jpg\",\"datePublished\":\"2021-05-26T13:24:18+00:00\",\"dateModified\":\"2022-12-20T14:30:26+00:00\",\"description\":\"Le WasteFlex repr\u00e9sente une nouvelle g\u00e9n\u00e9ration d\u2019unit\u00e9s de traitement dans les syst\u00e8mes d\u2019\u00e9vacuation des d\u00e9chets | Unit\u00e9 Tout-en-Un\",\"breadcrumb\":{\"@id\":\"https:\/\/lundbergtech.com\/fr\/produits\/unite-et-module-wasteflex\/#breadcrumb\"},\"inLanguage\":\"fr-FR\",\"potentialAction\":[{\"@type\":\"ReadAction\",\"target\":[\"https:\/\/lundbergtech.com\/fr\/produits\/unite-et-module-wasteflex\/\"]}]},{\"@type\":\"ImageObject\",\"inLanguage\":\"fr-FR\",\"@id\":\"https:\/\/lundbergtech.com\/fr\/produits\/unite-et-module-wasteflex\/#primaryimage\",\"url\":\"https:\/\/lundbergtech.com\/wp-content\/uploads\/2021\/11\/WasteFlex-module-1.jpg\",\"contentUrl\":\"https:\/\/lundbergtech.com\/wp-content\/uploads\/2021\/11\/WasteFlex-module-1.jpg\",\"width\":742,\"height\":380},{\"@type\":\"BreadcrumbList\",\"@id\":\"https:\/\/lundbergtech.com\/fr\/produits\/unite-et-module-wasteflex\/#breadcrumb\",\"itemListElement\":[{\"@type\":\"ListItem\",\"position\":1,\"name\":\"Produits\",\"item\":\"https:\/\/lundbergtech.com\/fr\/produits\/\"},{\"@type\":\"ListItem\",\"position\":2,\"name\":\"Unit\u00e9 et module WasteFlex\"}]},{\"@type\":\"WebSite\",\"@id\":\"https:\/\/lundbergtech.com\/#website\",\"url\":\"https:\/\/lundbergtech.com\/\",\"name\":\"Lundberg Tech\",\"description\":\"Our waste handling keeps production going\",\"potentialAction\":[{\"@type\":\"SearchAction\",\"target\":{\"@type\":\"EntryPoint\",\"urlTemplate\":\"https:\/\/lundbergtech.com\/?s={search_term_string}\"},\"query-input\":{\"@type\":\"PropertyValueSpecification\",\"valueRequired\":true,\"valueName\":\"search_term_string\"}}],\"inLanguage\":\"fr-FR\"}]}<\/script>\n<!-- \/ Yoast SEO plugin. -->","yoast_head_json":{"title":"WasteFlex | Une combinaison d\u2019un chargeur et d\u2019un Granulateur","description":"Le WasteFlex repr\u00e9sente une nouvelle g\u00e9n\u00e9ration d\u2019unit\u00e9s de traitement dans les syst\u00e8mes d\u2019\u00e9vacuation des d\u00e9chets | Unit\u00e9 Tout-en-Un","robots":{"index":"index","follow":"follow","max-snippet":"max-snippet:-1","max-image-preview":"max-image-preview:large","max-video-preview":"max-video-preview:-1"},"canonical":"https:\/\/lundbergtech.com\/fr\/produits\/unite-et-module-wasteflex\/","og_locale":"fr_FR","og_type":"article","og_title":"WasteFlex | Une combinaison d\u2019un chargeur et d\u2019un Granulateur","og_description":"Le WasteFlex repr\u00e9sente une nouvelle g\u00e9n\u00e9ration d\u2019unit\u00e9s de traitement dans les syst\u00e8mes d\u2019\u00e9vacuation des d\u00e9chets | Unit\u00e9 Tout-en-Un","og_url":"https:\/\/lundbergtech.com\/fr\/produits\/unite-et-module-wasteflex\/","og_site_name":"Lundberg Tech","article_publisher":"https:\/\/www.facebook.com\/lundbergtech","article_modified_time":"2022-12-20T14:30:26+00:00","og_image":[{"width":742,"height":380,"url":"https:\/\/lundbergtech.com\/wp-content\/uploads\/2021\/11\/WasteFlex-module-1.jpg","type":"image\/jpeg"}],"twitter_card":"summary_large_image","twitter_site":"@lundbergtech","twitter_misc":{"Est. reading time":"2 minutes"},"schema":{"@context":"https:\/\/schema.org","@graph":[{"@type":"WebPage","@id":"https:\/\/lundbergtech.com\/fr\/produits\/unite-et-module-wasteflex\/","url":"https:\/\/lundbergtech.com\/fr\/produits\/unite-et-module-wasteflex\/","name":"WasteFlex | Une combinaison d\u2019un chargeur et d\u2019un Granulateur","isPartOf":{"@id":"https:\/\/lundbergtech.com\/#website"},"primaryImageOfPage":{"@id":"https:\/\/lundbergtech.com\/fr\/produits\/unite-et-module-wasteflex\/#primaryimage"},"image":{"@id":"https:\/\/lundbergtech.com\/fr\/produits\/unite-et-module-wasteflex\/#primaryimage"},"thumbnailUrl":"https:\/\/lundbergtech.com\/wp-content\/uploads\/2021\/11\/WasteFlex-module-1.jpg","datePublished":"2021-05-26T13:24:18+00:00","dateModified":"2022-12-20T14:30:26+00:00","description":"Le WasteFlex repr\u00e9sente une nouvelle g\u00e9n\u00e9ration d\u2019unit\u00e9s de traitement dans les syst\u00e8mes d\u2019\u00e9vacuation des d\u00e9chets | Unit\u00e9 Tout-en-Un","breadcrumb":{"@id":"https:\/\/lundbergtech.com\/fr\/produits\/unite-et-module-wasteflex\/#breadcrumb"},"inLanguage":"fr-FR","potentialAction":[{"@type":"ReadAction","target":["https:\/\/lundbergtech.com\/fr\/produits\/unite-et-module-wasteflex\/"]}]},{"@type":"ImageObject","inLanguage":"fr-FR","@id":"https:\/\/lundbergtech.com\/fr\/produits\/unite-et-module-wasteflex\/#primaryimage","url":"https:\/\/lundbergtech.com\/wp-content\/uploads\/2021\/11\/WasteFlex-module-1.jpg","contentUrl":"https:\/\/lundbergtech.com\/wp-content\/uploads\/2021\/11\/WasteFlex-module-1.jpg","width":742,"height":380},{"@type":"BreadcrumbList","@id":"https:\/\/lundbergtech.com\/fr\/produits\/unite-et-module-wasteflex\/#breadcrumb","itemListElement":[{"@type":"ListItem","position":1,"name":"Produits","item":"https:\/\/lundbergtech.com\/fr\/produits\/"},{"@type":"ListItem","position":2,"name":"Unit\u00e9 et module WasteFlex"}]},{"@type":"WebSite","@id":"https:\/\/lundbergtech.com\/#website","url":"https:\/\/lundbergtech.com\/","name":"Lundberg Tech","description":"Our waste handling keeps production going","potentialAction":[{"@type":"SearchAction","target":{"@type":"EntryPoint","urlTemplate":"https:\/\/lundbergtech.com\/?s={search_term_string}"},"query-input":{"@type":"PropertyValueSpecification","valueRequired":true,"valueName":"search_term_string"}}],"inLanguage":"fr-FR"}]}},"_links":{"self":[{"href":"https:\/\/lundbergtech.com\/fr\/wp-json\/wp\/v2\/pages\/5872","targetHints":{"allow":["GET"]}}],"collection":[{"href":"https:\/\/lundbergtech.com\/fr\/wp-json\/wp\/v2\/pages"}],"about":[{"href":"https:\/\/lundbergtech.com\/fr\/wp-json\/wp\/v2\/types\/page"}],"author":[{"embeddable":true,"href":"https:\/\/lundbergtech.com\/fr\/wp-json\/wp\/v2\/users\/1"}],"replies":[{"embeddable":true,"href":"https:\/\/lundbergtech.com\/fr\/wp-json\/wp\/v2\/comments?post=5872"}],"version-history":[{"count":14,"href":"https:\/\/lundbergtech.com\/fr\/wp-json\/wp\/v2\/pages\/5872\/revisions"}],"predecessor-version":[{"id":6744,"href":"https:\/\/lundbergtech.com\/fr\/wp-json\/wp\/v2\/pages\/5872\/revisions\/6744"}],"up":[{"embeddable":true,"href":"https:\/\/lundbergtech.com\/fr\/wp-json\/wp\/v2\/pages\/5858"}],"wp:featuredmedia":[{"embeddable":true,"href":"https:\/\/lundbergtech.com\/fr\/wp-json\/wp\/v2\/media\/2373"}],"wp:attachment":[{"href":"https:\/\/lundbergtech.com\/fr\/wp-json\/wp\/v2\/media?parent=5872"}],"curies":[{"name":"wp","href":"https:\/\/api.w.org\/{rel}","templated":true}]}}