{"id":5875,"date":"2021-10-14T08:32:02","date_gmt":"2021-10-14T08:32:02","guid":{"rendered":"https:\/\/lundbergtech.com\/sustainability-manifesto\/"},"modified":"2023-05-24T12:55:39","modified_gmt":"2023-05-24T12:55:39","slug":"manifeste-sur-le-developpement-durable","status":"publish","type":"page","link":"https:\/\/lundbergtech.com\/fr\/manifeste-sur-le-developpement-durable\/","title":{"rendered":"Manifeste sur le d\u00e9veloppement durable"},"content":{"rendered":"<div class=\"wpb-content-wrapper\"><p>[vc_row full_width=&#8221;stretch_row&#8221; content_placement=&#8221;middle&#8221; css=&#8221;.vc_custom_1624432263575{background-image: url(https:\/\/lundbergtech.com\/wp-content\/uploads\/2021\/05\/grey-abstract-bg.jpg?id=146) !important;background-position: center !important;background-repeat: no-repeat !important;background-size: cover !important;}&#8221;][vc_column]<div class=\"m-text-image md:flex md:py-10 lg:relative container lg:pb-20\">\n    <div class=\"md:w-6\/12 bg-white p-4 pb-5  md:p-10 filter drop-shadow-lg lg:mb-20  z-20 lg:p-14  md:order-2 md:ml-2 lg:ml-4 xl:ml-6 \">\n      <div class=\"m-text-image__content pb-4 lg:pb-12 md:text-18\">\n        Lundberg Tech s\u2019est inspir\u00e9 des Objectifs de D\u00e9veloppement Durable (ODD) des Nations Unies et nous sommes en train de les int\u00e9grer dans nos activit\u00e9s quotidiennes. Notre plan\u00e8te est soumise \u00e0 de graves exc\u00e8s et les responsabilit\u00e9s sociales ne peuvent \u00eatre n\u00e9glig\u00e9es.<\/p>\n<p>Le processus d\u2019une transformation respectueuse de l\u2019environnement commence par nous-m\u00eames, ce qui signifie qu\u2019une production responsable, une r\u00e9duction de notre consommation, un recyclage accru et de meilleures conditions font partie des objectifs de Lundberg Tech.<\/p>\n<p>Pour aller plus loin, Lundberg Tech exigera une sensibilisation et un engagement envers le respect de l&#8217;environnement de la part de ses fournisseurs, tout en recherchant de nouvelles fa\u00e7ons d\u2019am\u00e9liorer et d\u2019assurer un d\u00e9veloppement technologique vert.<\/p>\n<p>Dans le m\u00eame temps, Lundberg Tech est en mesure de faire une \u00e9norme diff\u00e9rence pour nos clients, car nos produits peuvent contribuer \u00e0 am\u00e9liorer leur production durable. Les am\u00e9liorations continues sont d\u2019une importance strat\u00e9gique pour notre entreprise, car nous d\u00e9veloppons des solutions de traitement des d\u00e9chets par aspiration avec une capacit\u00e9 croissante de s\u00e9paration des mat\u00e9riaux et des conditions de travail optimis\u00e9es pour nos clients du monde entier, clients qui s\u2019engagent de plus en plus en faveur de la durabilit\u00e9 environnementale.\n \n      <\/div>\n          <\/div>\n\n    <div class=\"block md:hidden\">\n      <img decoding=\"async\" src=\"https:\/\/lundbergtech.com\/wp-content\/uploads\/2021\/11\/SDG-Wheel_Transparent_WEB-570x0-c-default.png\" alt=\"\" class=\"lg:mb-0 lg:absolute lg:right-0 lg:mt-0 lg:-bottom-28\">\n    <\/div>\n\n    <div class=\" md:w-6\/12 md:h-96 md:relative md:mt-20 lg:z-10 hidden md:block  lg:h-auto  left md:order-1 md:mr-2 lg:mr-4  xl:mr-6 \">\n      <div class=\"bg-cover lg:h-540 w-full md:h-full lg:absolute lg:bottom-0 lg:mt-0\" style=\"background-image:url('https:\/\/lundbergtech.com\/wp-content\/uploads\/2021\/11\/SDG-Wheel_Transparent_WEB-570x0-c-default.png');\"><\/div>\n    <\/div>\n\n\n<\/div>\n\n\n[\/vc_column][\/vc_row][vc_row full_width=&#8221;stretch_row&#8221; equal_height=&#8221;yes&#8221; css=&#8221;.vc_custom_1623764415633{background-image: url(https:\/\/lundbergtech.com\/wp-content\/uploads\/2021\/06\/grey-abstract-bg-2.jpg?id=323) !important;background-position: center !important;background-repeat: no-repeat !important;background-size: cover !important;}&#8221;][vc_column]<div class=\"m-spacer m-spacer-69dd6199d7ff9\" data-id=\"69dd6199d7ff9\" data-height=\"50\" data-height-mobile=\"10\" data-height-tab=\"30\" data-height-tab-portrait=\"20\" style=\"clear:both;display:block;\"><\/div>\n\n\n\n[vc_row_inner][vc_column_inner width=&#8221;1\/2&#8243;]<div class=\"m-spacer m-spacer-69dd6199d9051\" data-id=\"69dd6199d9051\" data-height=\"30\" data-height-mobile=\"10\" data-height-tab=\"25\" data-height-tab-portrait=\"15\" style=\"clear:both;display:block;\"><\/div>\n\n\n\n[vc_single_image image=&#8221;7411&#8243; img_size=&#8221;441&#215;505&#8243; alignment=&#8221;center&#8221;][\/vc_column_inner][vc_column_inner width=&#8221;1\/2&#8243;]<div class=\"m-spacer m-spacer-69dd6199d9b0c\" data-id=\"69dd6199d9b0c\" data-height=\"30\" data-height-mobile=\"10\" data-height-tab=\"25\" data-height-tab-portrait=\"15\" style=\"clear:both;display:block;\"><\/div>\n\n\n\n[vc_column_text]<\/p>\n<h2>Traiter <span class=\"text-lt_green block\">Vos d\u00e9chets<\/span><\/h2>\n<p><strong>Se soucier de l\u2019environnement et de votre rentabilit\u00e9\u00a0<\/strong><\/p>\n<p>Le processus d\u2019une transformation respectueuse de l\u2019environnement n\u00e9cessitera certainement de grands efforts, mais c\u2019est l\u2019opportunit\u00e9 unique de faire une diff\u00e9rence et d\u2019adopter la bonne voie pour assurer une viabilit\u00e9 au niveau mondial et un succ\u00e8s continu. Les produits Lundberg Tech peuvent jouer un r\u00f4le essentiel dans ce processus.[\/vc_column_text]<div class=\"m-spacer m-spacer-69dd6199da5f0\" data-id=\"69dd6199da5f0\" data-height=\"30\" data-height-mobile=\"10\" data-height-tab=\"25\" data-height-tab-portrait=\"15\" style=\"clear:both;display:block;\"><\/div>\n\n\n\n[vc_column_text][\/vc_column_text][\/vc_column_inner][\/vc_row_inner]<div class=\"m-spacer m-spacer-69dd6199db088\" data-id=\"69dd6199db088\" data-height=\"70\" data-height-mobile=\"20\" data-height-tab=\"50\" data-height-tab-portrait=\"30\" style=\"clear:both;display:block;\"><\/div>\n\n\n\n[\/vc_column][\/vc_row][vc_row full_width=&#8221;stretch_row&#8221; equal_height=&#8221;yes&#8221;][vc_column]<div class=\"m-spacer m-spacer-69dd6199dbb0d\" data-id=\"69dd6199dbb0d\" data-height=\"50\" data-height-mobile=\"10\" data-height-tab=\"30\" data-height-tab-portrait=\"20\" style=\"clear:both;display:block;\"><\/div>\n\n\n\n[vc_row_inner][vc_column_inner width=&#8221;1\/2&#8243;]<div class=\"m-spacer m-spacer-69dd6199dc5c7\" data-id=\"69dd6199dc5c7\" data-height=\"30\" data-height-mobile=\"10\" data-height-tab=\"25\" data-height-tab-portrait=\"15\" style=\"clear:both;display:block;\"><\/div>\n\n\n\n[vc_column_text]<\/p>\n<h2>Pourquoi choisir <span class=\"text-lt_green block\">Lundberg Tech<\/span><\/h2>\n<p><strong>Nos syst\u00e8mes de traitement des d\u00e9chets permettent une production continue\u00a0<\/strong><\/p>\n<p><span style=\"font-weight: 400;\">Lundberg Tech peut prendre en charge les d\u00e9chets de presque tous les types de machines de production et d\u2019emballage. Nous avons plus de 35 ans d\u2019exp\u00e9rience dans l\u2019industrie et sommes anim\u00e9s par une passion pour le traitement des d\u00e9chets. Nous nous concentrons sur l\u2019augmentation de votre productivit\u00e9, tout en soutenant le d\u00e9veloppement durable et l\u2019\u00e9conomie circulaire.<\/span>[\/vc_column_text]<div class=\"m-spacer m-spacer-69dd6199dd02d\" data-id=\"69dd6199dd02d\" data-height=\"25\" data-height-mobile=\"10\" data-height-tab=\"20\" data-height-tab-portrait=\"15\" style=\"clear:both;display:block;\"><\/div>\n\n\n\n[vc_column_text]<a class=\"c-button\" href=https:\/\/lundbergtech.com\/fr\/about-lundberg-tech\/>En savoir plus sur nous<\/a>[\/vc_column_text][\/vc_column_inner][vc_column_inner width=&#8221;1\/2&#8243;]<div class=\"m-spacer m-spacer-69dd6199ddabf\" data-id=\"69dd6199ddabf\" data-height=\"30\" data-height-mobile=\"10\" data-height-tab=\"25\" data-height-tab-portrait=\"15\" style=\"clear:both;display:block;\"><\/div>\n\n\n\n[vc_single_image image=&#8221;3907&#8243; img_size=&#8221;full&#8221; alignment=&#8221;center&#8221;][\/vc_column_inner][\/vc_row_inner]<div class=\"m-spacer m-spacer-69dd6199de554\" data-id=\"69dd6199de554\" data-height=\"150\" data-height-mobile=\"20\" data-height-tab=\"50\" data-height-tab-portrait=\"30\" style=\"clear:both;display:block;\"><\/div>\n\n\n\n[\/vc_column][\/vc_row][vc_row][vc_column]<div class=\"m-download-list pb-6 pt-10 md:py-10  md:pb-10 lg:pb-20 lg:pt-20\">\n    <div class=\"container mx-auto xl:max-w-screen-xl \">\n        <div class=\" md:pr-6 lg:pr-8\">\n            <h2 class=\"text-lt_blue text-20 leading-normal md:text-24 md:leading-7 lg:text-28 md:pb-10\">Download Lundberg Tech Sustainable Development Goals Matrix<\/h2>\n         <\/div>\n\n\n        <div class=\"\">\n            <ul  class=\"pb-4 md:grid md:grid-cols-2 md:gap-x-8 lg:gap-x-16 xl:gap-x-28\">\n            <li class=\"m-download-list__item py-4 last:border-0 relative\"><a class=\"m-download-list__link pl-8 block text-lt_black hover:underline  text-16 lg:text-18 font-medium\" target=\"_blank\" href=https:\/\/lundbergtech.com\/wp-content\/uploads\/2022\/05\/Sustainable-development-goals_matrix_May-2022.pdf title=\"Sustainable development goals matrix\">Sustainable development goals matrix<span class=\"absolute right-0 mr-3 -top-1\">\n<svg width=\"32\" height=\"32\" viewBox=\"0 0 32 32\" fill=\"none\" xmlns=\"http:\/\/www.w3.org\/2000\/svg\">\n<title>Arrow<\/title>\n<path d=\"M13.3529 21.2941L19.5294 16L13.3529 10.7059M31 16C31 24.2843 24.2843 31 16 31C7.71573 31 1 24.2843 1 16C1 7.71573 7.71573 1 16 1C24.2843 1 31 7.71573 31 16Z\" stroke=\"#181818\" stroke-width=\"2\"\/>\n<\/svg>\n<\/span><\/a><\/li>\n            <\/ul>\n        <\/div>\n\n    <\/div>\n<\/div><div class=\"m-spacer m-spacer-69dd6199e1f78\" data-id=\"69dd6199e1f78\" data-height=\"70\" data-height-mobile=\"0\" data-height-tab=\"60\" data-height-tab-portrait=\"0\" style=\"clear:both;display:block;\"><\/div>\n\n\n\n[\/vc_column][\/vc_row]<\/p>\n<\/div>","protected":false},"excerpt":{"rendered":"<p>[vc_row full_width=&#8221;stretch_row&#8221; content_placement=&#8221;middle&#8221; css=&#8221;.vc_custom_1624432263575{background-image: url(https:\/\/lundbergtech.com\/wp-content\/uploads\/2021\/05\/grey-abstract-bg.jpg?id=146) !important;background-position: center !important;background-repeat: no-repeat !important;background-size: cover !important;}&#8221;][vc_column][\/vc_column][\/vc_row][vc_row full_width=&#8221;stretch_row&#8221; equal_height=&#8221;yes&#8221; css=&#8221;.vc_custom_1623764415633{background-image: url(https:\/\/lundbergtech.com\/wp-content\/uploads\/2021\/06\/grey-abstract-bg-2.jpg?id=323) !important;background-position: center !important;background-repeat: no-repeat !important;background-size: cover !important;}&#8221;][vc_column][vc_row_inner][vc_column_inner width=&#8221;1\/2&#8243;][vc_single_image image=&#8221;7411&#8243; img_size=&#8221;441&#215;505&#8243; alignment=&#8221;center&#8221;][\/vc_column_inner][vc_column_inner width=&#8221;1\/2&#8243;][vc_column_text] Traiter Vos d\u00e9chets Se soucier de l\u2019environnement et de votre rentabilit\u00e9\u00a0 Le processus d\u2019une transformation respectueuse de l\u2019environnement n\u00e9cessitera certainement de grands efforts, mais c\u2019est l\u2019opportunit\u00e9 unique [&hellip;]<\/p>\n","protected":false},"author":1,"featured_media":2425,"parent":0,"menu_order":0,"comment_status":"closed","ping_status":"closed","template":"","meta":{"_acf_changed":false,"inline_featured_image":false,"footnotes":""},"class_list":["post-5875","page","type-page","status-publish","has-post-thumbnail","hentry"],"acf":[],"yoast_head":"<!-- This site is optimized with the Yoast SEO plugin v27.1.1 - https:\/\/yoast.com\/product\/yoast-seo-wordpress\/ -->\n<title>Lundberg Tech Manifeste sur le d\u00e9veloppement durable<\/title>\n<meta name=\"description\" content=\"Production responsable, une r\u00e9duction de notre consommation, un recyclage accru et de meilleures conditions font partie des objectifs de Lundberg Tech.\" \/>\n<meta name=\"robots\" content=\"index, follow, max-snippet:-1, max-image-preview:large, max-video-preview:-1\" \/>\n<link rel=\"canonical\" href=\"https:\/\/lundbergtech.com\/fr\/manifeste-sur-le-developpement-durable\/\" \/>\n<meta property=\"og:locale\" content=\"fr_FR\" \/>\n<meta property=\"og:type\" content=\"article\" \/>\n<meta property=\"og:title\" content=\"Lundberg Tech Manifeste sur le d\u00e9veloppement durable\" \/>\n<meta property=\"og:description\" content=\"Production responsable, une r\u00e9duction de notre consommation, un recyclage accru et de meilleures conditions font partie des objectifs de Lundberg Tech.\" \/>\n<meta property=\"og:url\" content=\"https:\/\/lundbergtech.com\/fr\/manifeste-sur-le-developpement-durable\/\" \/>\n<meta property=\"og:site_name\" content=\"Lundberg Tech\" \/>\n<meta property=\"article:publisher\" content=\"https:\/\/www.facebook.com\/lundbergtech\" \/>\n<meta property=\"article:modified_time\" content=\"2023-05-24T12:55:39+00:00\" \/>\n<meta property=\"og:image\" content=\"https:\/\/lundbergtech.com\/wp-content\/uploads\/2021\/11\/Work-with-your-WASTE-and-green-tree-1.jpg\" \/>\n\t<meta property=\"og:image:width\" content=\"700\" \/>\n\t<meta property=\"og:image:height\" content=\"400\" \/>\n\t<meta property=\"og:image:type\" content=\"image\/jpeg\" \/>\n<meta name=\"twitter:card\" content=\"summary_large_image\" \/>\n<meta name=\"twitter:site\" content=\"@lundbergtech\" \/>\n<meta name=\"twitter:label1\" content=\"Est. reading time\" \/>\n\t<meta name=\"twitter:data1\" content=\"2 minutes\" \/>\n<script type=\"application\/ld+json\" class=\"yoast-schema-graph\">{\"@context\":\"https:\/\/schema.org\",\"@graph\":[{\"@type\":\"WebPage\",\"@id\":\"https:\/\/lundbergtech.com\/fr\/manifeste-sur-le-developpement-durable\/\",\"url\":\"https:\/\/lundbergtech.com\/fr\/manifeste-sur-le-developpement-durable\/\",\"name\":\"Lundberg Tech Manifeste sur le d\u00e9veloppement durable\",\"isPartOf\":{\"@id\":\"https:\/\/lundbergtech.com\/#website\"},\"primaryImageOfPage\":{\"@id\":\"https:\/\/lundbergtech.com\/fr\/manifeste-sur-le-developpement-durable\/#primaryimage\"},\"image\":{\"@id\":\"https:\/\/lundbergtech.com\/fr\/manifeste-sur-le-developpement-durable\/#primaryimage\"},\"thumbnailUrl\":\"https:\/\/lundbergtech.com\/wp-content\/uploads\/2021\/11\/Work-with-your-WASTE-and-green-tree-1.jpg\",\"datePublished\":\"2021-10-14T08:32:02+00:00\",\"dateModified\":\"2023-05-24T12:55:39+00:00\",\"description\":\"Production responsable, une r\u00e9duction de notre consommation, un recyclage accru et de meilleures conditions font partie des objectifs de Lundberg Tech.\",\"inLanguage\":\"fr-FR\",\"potentialAction\":[{\"@type\":\"ReadAction\",\"target\":[\"https:\/\/lundbergtech.com\/fr\/manifeste-sur-le-developpement-durable\/\"]}]},{\"@type\":\"ImageObject\",\"inLanguage\":\"fr-FR\",\"@id\":\"https:\/\/lundbergtech.com\/fr\/manifeste-sur-le-developpement-durable\/#primaryimage\",\"url\":\"https:\/\/lundbergtech.com\/wp-content\/uploads\/2021\/11\/Work-with-your-WASTE-and-green-tree-1.jpg\",\"contentUrl\":\"https:\/\/lundbergtech.com\/wp-content\/uploads\/2021\/11\/Work-with-your-WASTE-and-green-tree-1.jpg\",\"width\":700,\"height\":400},{\"@type\":\"WebSite\",\"@id\":\"https:\/\/lundbergtech.com\/#website\",\"url\":\"https:\/\/lundbergtech.com\/\",\"name\":\"Lundberg Tech\",\"description\":\"Our waste handling keeps production going\",\"potentialAction\":[{\"@type\":\"SearchAction\",\"target\":{\"@type\":\"EntryPoint\",\"urlTemplate\":\"https:\/\/lundbergtech.com\/?s={search_term_string}\"},\"query-input\":{\"@type\":\"PropertyValueSpecification\",\"valueRequired\":true,\"valueName\":\"search_term_string\"}}],\"inLanguage\":\"fr-FR\"}]}<\/script>\n<!-- \/ Yoast SEO plugin. -->","yoast_head_json":{"title":"Lundberg Tech Manifeste sur le d\u00e9veloppement durable","description":"Production responsable, une r\u00e9duction de notre consommation, un recyclage accru et de meilleures conditions font partie des objectifs de Lundberg Tech.","robots":{"index":"index","follow":"follow","max-snippet":"max-snippet:-1","max-image-preview":"max-image-preview:large","max-video-preview":"max-video-preview:-1"},"canonical":"https:\/\/lundbergtech.com\/fr\/manifeste-sur-le-developpement-durable\/","og_locale":"fr_FR","og_type":"article","og_title":"Lundberg Tech Manifeste sur le d\u00e9veloppement durable","og_description":"Production responsable, une r\u00e9duction de notre consommation, un recyclage accru et de meilleures conditions font partie des objectifs de Lundberg Tech.","og_url":"https:\/\/lundbergtech.com\/fr\/manifeste-sur-le-developpement-durable\/","og_site_name":"Lundberg Tech","article_publisher":"https:\/\/www.facebook.com\/lundbergtech","article_modified_time":"2023-05-24T12:55:39+00:00","og_image":[{"width":700,"height":400,"url":"https:\/\/lundbergtech.com\/wp-content\/uploads\/2021\/11\/Work-with-your-WASTE-and-green-tree-1.jpg","type":"image\/jpeg"}],"twitter_card":"summary_large_image","twitter_site":"@lundbergtech","twitter_misc":{"Est. reading time":"2 minutes"},"schema":{"@context":"https:\/\/schema.org","@graph":[{"@type":"WebPage","@id":"https:\/\/lundbergtech.com\/fr\/manifeste-sur-le-developpement-durable\/","url":"https:\/\/lundbergtech.com\/fr\/manifeste-sur-le-developpement-durable\/","name":"Lundberg Tech Manifeste sur le d\u00e9veloppement durable","isPartOf":{"@id":"https:\/\/lundbergtech.com\/#website"},"primaryImageOfPage":{"@id":"https:\/\/lundbergtech.com\/fr\/manifeste-sur-le-developpement-durable\/#primaryimage"},"image":{"@id":"https:\/\/lundbergtech.com\/fr\/manifeste-sur-le-developpement-durable\/#primaryimage"},"thumbnailUrl":"https:\/\/lundbergtech.com\/wp-content\/uploads\/2021\/11\/Work-with-your-WASTE-and-green-tree-1.jpg","datePublished":"2021-10-14T08:32:02+00:00","dateModified":"2023-05-24T12:55:39+00:00","description":"Production responsable, une r\u00e9duction de notre consommation, un recyclage accru et de meilleures conditions font partie des objectifs de Lundberg Tech.","inLanguage":"fr-FR","potentialAction":[{"@type":"ReadAction","target":["https:\/\/lundbergtech.com\/fr\/manifeste-sur-le-developpement-durable\/"]}]},{"@type":"ImageObject","inLanguage":"fr-FR","@id":"https:\/\/lundbergtech.com\/fr\/manifeste-sur-le-developpement-durable\/#primaryimage","url":"https:\/\/lundbergtech.com\/wp-content\/uploads\/2021\/11\/Work-with-your-WASTE-and-green-tree-1.jpg","contentUrl":"https:\/\/lundbergtech.com\/wp-content\/uploads\/2021\/11\/Work-with-your-WASTE-and-green-tree-1.jpg","width":700,"height":400},{"@type":"WebSite","@id":"https:\/\/lundbergtech.com\/#website","url":"https:\/\/lundbergtech.com\/","name":"Lundberg Tech","description":"Our waste handling keeps production going","potentialAction":[{"@type":"SearchAction","target":{"@type":"EntryPoint","urlTemplate":"https:\/\/lundbergtech.com\/?s={search_term_string}"},"query-input":{"@type":"PropertyValueSpecification","valueRequired":true,"valueName":"search_term_string"}}],"inLanguage":"fr-FR"}]}},"_links":{"self":[{"href":"https:\/\/lundbergtech.com\/fr\/wp-json\/wp\/v2\/pages\/5875","targetHints":{"allow":["GET"]}}],"collection":[{"href":"https:\/\/lundbergtech.com\/fr\/wp-json\/wp\/v2\/pages"}],"about":[{"href":"https:\/\/lundbergtech.com\/fr\/wp-json\/wp\/v2\/types\/page"}],"author":[{"embeddable":true,"href":"https:\/\/lundbergtech.com\/fr\/wp-json\/wp\/v2\/users\/1"}],"replies":[{"embeddable":true,"href":"https:\/\/lundbergtech.com\/fr\/wp-json\/wp\/v2\/comments?post=5875"}],"version-history":[{"count":12,"href":"https:\/\/lundbergtech.com\/fr\/wp-json\/wp\/v2\/pages\/5875\/revisions"}],"predecessor-version":[{"id":7439,"href":"https:\/\/lundbergtech.com\/fr\/wp-json\/wp\/v2\/pages\/5875\/revisions\/7439"}],"wp:featuredmedia":[{"embeddable":true,"href":"https:\/\/lundbergtech.com\/fr\/wp-json\/wp\/v2\/media\/2425"}],"wp:attachment":[{"href":"https:\/\/lundbergtech.com\/fr\/wp-json\/wp\/v2\/media?parent=5875"}],"curies":[{"name":"wp","href":"https:\/\/api.w.org\/{rel}","templated":true}]}}