{"id":5877,"date":"2021-05-19T11:48:02","date_gmt":"2021-05-19T11:48:02","guid":{"rendered":"https:\/\/lundbergtech.com\/your-process\/converting-diecutting\/"},"modified":"2023-05-11T09:00:25","modified_gmt":"2023-05-11T09:00:25","slug":"transformation-decoupe","status":"publish","type":"page","link":"https:\/\/lundbergtech.com\/fr\/votre-processus\/transformation-decoupe\/","title":{"rendered":"Transformation, D\u00e9coupe"},"content":{"rendered":"<div class=\"wpb-content-wrapper\"><p>[vc_row full_width=&#8221;stretch_row&#8221; css=&#8221;.vc_custom_1624535937170{background-image: url(https:\/\/lundbergtech.com\/wp-content\/uploads\/2021\/06\/grey-abstract-bg-2.jpg?id=323) !important;background-position: center !important;background-repeat: no-repeat !important;background-size: cover !important;}&#8221;][vc_column]<div class=\"m-spacer m-spacer-69dd469447f96\" data-id=\"69dd469447f96\" data-height=\"150\" data-height-mobile=\"25\" data-height-tab=\"50\" data-height-tab-portrait=\"25\" style=\"clear:both;display:block;\"><\/div>\n\n\n\n<div class=\"m-text-image md:flex md:py-10 lg:relative container lg:pb-20\">\n    <div class=\"md:w-6\/12 bg-white p-4 pb-5  md:p-10 filter drop-shadow-lg lg:mb-20  z-20 lg:p-14  md:order-2 md:ml-2 lg:ml-4 xl:ml-6 \">\n      <div class=\"m-text-image__content pb-4 lg:pb-12 md:text-18\">\n        Vous utilisez des machines de transformation pour fabriquer des sacs, des sachets ou produits similaires \u00e0 partir de bobines qui peuvent \u00eatre imprim\u00e9es, pli\u00e9es, d\u00e9coup\u00e9es, soud\u00e9es, lamin\u00e9es ou vernies \u00e0 l\u2019aide d\u2019une m\u00eame machine. Les d\u00e9chets g\u00e9n\u00e9r\u00e9s par ces machines, qui peuvent \u00eatre des lisi\u00e8res, toutes sortes de formes de d\u00e9coupes, des coupes transversales compl\u00e8tes ou des squelettes, n\u00e9cessitent un syst\u00e8me automatis\u00e9 de traitement des d\u00e9chets qui ne perturbe pas le processus et les op\u00e9rateurs.\n \n      <\/div>\n          <\/div>\n\n    <div class=\"block md:hidden\">\n      <img decoding=\"async\" src=\"https:\/\/lundbergtech.com\/wp-content\/uploads\/2021\/09\/EdgeTrim2-570x0-c-default.jpg\" alt=\"Capture edge trim with flexpipe\" class=\"lg:mb-0 lg:absolute lg:right-0 lg:mt-0 lg:-bottom-28\">\n    <\/div>\n\n    <div class=\" md:w-6\/12 md:h-96 md:relative md:mt-20 lg:z-10 hidden md:block  lg:h-auto  left md:order-1 md:mr-2 lg:mr-4  xl:mr-6 \">\n      <div class=\"bg-cover lg:h-540 w-full md:h-full lg:absolute lg:bottom-0 lg:mt-0\" style=\"background-image:url('https:\/\/lundbergtech.com\/wp-content\/uploads\/2021\/09\/EdgeTrim2-570x0-c-default.jpg');\"><\/div>\n    <\/div>\n\n\n<\/div>\n\n\n<div class=\"m-spacer m-spacer-69dd46945152b\" data-id=\"69dd46945152b\" data-height=\"0\" data-height-mobile=\"25\" data-height-tab=\"0\" data-height-tab-portrait=\"25\" style=\"clear:both;display:block;\"><\/div>\n\n\n\n[\/vc_column][\/vc_row][vc_row][vc_column]<div class=\"m-text-image md:flex md:py-10 lg:relative container lg:pb-20\">\n    <div class=\"md:w-6\/12 bg-white p-4 pb-5  md:p-10 filter drop-shadow-lg lg:mb-20  z-20 lg:p-14  md:order-1 md:mr-2 lg:mr-4  xl:mr-6 \">\n      <div class=\"m-text-image__content pb-4 lg:pb-12 md:text-18\">\n        <\/p>\n<h2>Le syst\u00e8me offre un nombre illimit\u00e9 de points d\u2019aspiration et permet la manipu-<br \/>\nlation des d\u00e9chets de toutes formes<\/h2>\n<p><span style=\"font-weight: 400;\">Lundberg Tech fournit des <a href=https:\/\/lundbergtech.com\/fr\/all-in-one-units\/>Unit\u00e9s Tout-en-Un<\/a> et des <a href=https:\/\/lundbergtech.com\/fr\/central-systems\/>Syst\u00e8mes Centralis\u00e9s<\/a> pour le traitement des d\u00e9chets, qui permettent de prendre en charge le processus de production aussi bien pour une machine que pour un nombre illimit\u00e9 de machines. Les syst\u00e8mes sont bas\u00e9s sur le transport des d\u00e9chets par aspiration dans un syst\u00e8me de tuyauterie qui comprend un <a href=https:\/\/lundbergtech.com\/fr\/granulateurs-et-coupeurs\/>Granulateur <\/a>Lundberg Tech. Les d\u00e9chets sont ensuite livr\u00e9s \u00e0 un point de collecte qui pourrait \u00eatre commun \u00e0 toutes vos machines. Le Granulateur garantit que les d\u00e9chets sont coup\u00e9s en petits morceaux. Le syst\u00e8me peut \u00e9galement \u00eatre con\u00e7u pour int\u00e9grer la s\u00e9paration des mat\u00e9riaux avec une collecte cibl\u00e9e pour chaque mat\u00e9riau d\u00e9sign\u00e9.<\/span>\n \n      <\/div>\n          <\/div>\n\n    <div class=\"block md:hidden\">\n      <img decoding=\"async\" src=\"https:\/\/lundbergtech.com\/wp-content\/uploads\/2021\/09\/MatrixWaste-570x0-c-default.jpg\" alt=\"\" class=\"lg:mb-0 lg:absolute lg:right-0 lg:mt-0 lg:-bottom-28\">\n    <\/div>\n\n    <div class=\" md:w-6\/12 md:h-96 md:relative md:mt-20 lg:z-10 hidden md:block  lg:h-auto right md:order-2 md:ml-2 lg:ml-4  xl:ml-6 \">\n      <div class=\"bg-cover lg:h-540 w-full md:h-full lg:absolute lg:bottom-0 lg:mt-0\" style=\"background-image:url('https:\/\/lundbergtech.com\/wp-content\/uploads\/2021\/09\/MatrixWaste-570x0-c-default.jpg');\"><\/div>\n    <\/div>\n\n\n<\/div>\n\n\n[\/vc_column][\/vc_row][vc_row full_width=&#8221;stretch_row_content_no_spaces&#8221;][vc_column]<div class=\"m-benefits-carousel relative py-14 pb-8 md:pt-24 md:pb-6 lg:pt-36 lg:pb-12  image-left \">\n    <div class=\"container md:mx-auto px-3 pb-2 lg:max-w-4xl xl:max-w-6xl lg:relative \">\n\n        <h2 class=\"text-left md:pb-0 leading-8 md:text-32 md:w-4\/12 md:leading-8 lg:text-36 lg:leading-10 xl:leading-11 xl:text-42 md:border-t md:border-lt_grey md:pt-4\">\n        <span class=\"text-lt_blue font-heading font-medium\">Avantages et fonctionnalit\u00e9s<\/span>\n        <span class=\"text-lt_green text-16 lg:text-18 leading-5 block font-semibold md:pt-2 \">Choisir une solution de traitement des d\u00e9chets Lundberg Tech signifierait que : <\/span><\/h2>\n\n        <div class=\"c-slider__arrows c-slider--benefits__arrows w-32 h-10 mx-auto z-20 absolute left-0 right-0 text-center md:ml-0 md:text-left md:z-50 md:w-24\"><\/div>\n\n        <div class=\"md:overflow-hidden md:mt-1 md:pb-12 lg:pb-14 xl:pb-18 js-benefits-carousel z-20 \">\n            <div class=\"\">\n    <div class=\"md:flex md:h-592\">\n\n        <div class=\"md:w-5\/12 md:ml-10 lg:w-6\/12 xl:w-6\/12 m-benefits-carousel__image-container md:mb-14\">\n                        <div class=\"w-full h-64 md:h-full relative overflow-hidden bg-top bg-no-repeat bg-cover\" style=\"background-image:url('https:\/\/lundbergtech.com\/wp-content\/uploads\/2021\/09\/EdgeTrim1-742x583-2-742x583.jpg');\"><\/div>\n                    <\/div>\n\n\n        <div class=\"md:w-6\/12 m-benefits-carousel__content-container\">\n            <div class=\"z-10 text-left bg-white p-3 lg:ml-0 md:relative \">\n\n                <div class=\"m-benefits-carousel__content px-3 \">\n                    <\/p>\n<ul>\n<li style=\"font-weight: 400;\" aria-level=\"1\"><span style=\"font-weight: 400;\">Vous pouvez traiter toutes sortes de mat\u00e9riaux\u00a0<\/span><\/li>\n<li style=\"font-weight: 400;\" aria-level=\"1\"><span style=\"font-weight: 400;\">Le volume des d\u00e9chets sera consid\u00e9rablement r\u00e9duit\u00a0<\/span><\/li>\n<li style=\"font-weight: 400;\" aria-level=\"1\"><span style=\"font-weight: 400;\">Les d\u00e9chets pourraient \u00eatre pr\u00e9par\u00e9s de mani\u00e8re optimale pour le recyclage\u00a0<\/span><\/li>\n<\/ul>\n<p>\n                <\/div>\n\n                <\/div>\n           <\/div>\n\n\n\n\n\n    <\/div>\n\n<\/div>\n\n        <\/div>\n         <div class=\"c-slider__dots c-slider--benefits__dots  static h-4 mt-10 lg:mt-14 mx-auto z-20  left-0 right-0 text-center\"><\/div>\n   \t<\/div>\n<\/div>\n\n[\/vc_column][\/vc_row][vc_row][vc_column]<div class=\"m-spacer m-spacer-69dd469455a0b\" data-id=\"69dd469455a0b\" data-height=\"0\" data-height-mobile=\"25\" data-height-tab=\"0\" data-height-tab-portrait=\"0\" style=\"clear:both;display:block;\"><\/div>\n\n\n\n<div class=\"m-text-image md:flex md:py-10 lg:relative container lg:pb-20\">\n    <div class=\"md:w-6\/12 bg-white p-4 pb-5  md:p-10 filter drop-shadow-lg lg:mb-20  z-20 lg:p-14  md:order-1 md:mr-2 lg:mr-4  xl:mr-6 \">\n      <div class=\"m-text-image__content pb-4 lg:pb-12 md:text-18\">\n        Depuis les ann\u00e9es 1990, Lundberg Tech fournit des syst\u00e8mes pour ce type de machines de fabrication et d\u2019emballage pour de nombreuses industries, entre autres, l\u2019emballage flexible, le textile, tiss\u00e9 et non tiss\u00e9, l\u2019alimentaire et la pharmaceutique.<\/p>\n<p>Le <a href=https:\/\/lundbergtech.com\/fr\/granulators-and-cutters\/>Granulateur<\/a> Lundberg Tech constitue le c\u0153ur de ces syst\u00e8mes de transport de d\u00e9chets par aspiration. Chez Lundberg Tech, nous sommes fiers d\u2019\u00eatre le plus grand producteur mondial de Granulateurs con\u00e7us et fabriqu\u00e9s par nos soins. En outre, nous offrons la plus large gamme de produits disponibles, adapt\u00e9s \u00e0 n\u2019importe quels types d\u2019applications g\u00e9n\u00e9rant des d\u00e9chets, y compris des demandes pour l\u2019acier inoxydable.<\/p>\n<p>L\u2019optimisation du traitement des d\u00e9chets, y compris la s\u00e9paration des mat\u00e9riaux, pourrait \u00eatre r\u00e9alis\u00e9e en concevant un syst\u00e8me combinant les <a href=https:\/\/lundbergtech.com\/fr\/all-in-one-units\/>Unit\u00e9s Tout-en-Un<\/a> Lundberg Tech collectant le type de mat\u00e9riau que vous souhaitez pr\u00e9parer pour le recyclage et un <a href=https:\/\/lundbergtech.com\/fr\/central-systems\/>Syst\u00e8me Centralis\u00e9<\/a> traitant les d\u00e9chets qui ne peuvent pas \u00eatre recycl\u00e9s.\n \n      <\/div>\n          <\/div>\n\n    <div class=\"block md:hidden\">\n      <img decoding=\"async\" src=\"https:\/\/lundbergtech.com\/wp-content\/uploads\/2021\/09\/DiecutWaste-570x0-c-default.jpg\" alt=\"Waste from die cuttting\" class=\"lg:mb-0 lg:absolute lg:right-0 lg:mt-0 lg:-bottom-28\">\n    <\/div>\n\n    <div class=\" md:w-6\/12 md:h-96 md:relative md:mt-20 lg:z-10 hidden md:block  lg:h-auto right md:order-2 md:ml-2 lg:ml-4  xl:ml-6 \">\n      <div class=\"bg-cover lg:h-540 w-full md:h-full lg:absolute lg:bottom-0 lg:mt-0\" style=\"background-image:url('https:\/\/lundbergtech.com\/wp-content\/uploads\/2021\/09\/DiecutWaste-570x0-c-default.jpg');\"><\/div>\n    <\/div>\n\n\n<\/div>\n\n\n<div class=\"m-spacer m-spacer-69dd469457818\" data-id=\"69dd469457818\" data-height=\"0\" data-height-mobile=\"25\" data-height-tab=\"0\" data-height-tab-portrait=\"0\" style=\"clear:both;display:block;\"><\/div>\n\n\n\n[\/vc_column][\/vc_row][vc_row full_width=&#8221;stretch_row_content_no_spaces&#8221;][vc_column]<div class=\"m-case-study-carousel relative py-14 pb-32 md:pt-24 md:pb-36 lg:pt-36 lg:pb-32\">\n    <div class=\"container md:mx-auto px-3 pb-8 lg:max-w-4xl xl:max-w-6xl lg:relative \">\n\n        <h2 class=\"text-left md:pb-0 leading-8 md:text-32 md:leading-8 lg:text-36 lg:leading-10 xl:leading-11 xl:text-42 md:border-t md:border-lt_grey md:pt-4\">\n        <span class=\"text-lt_blue font-heading font-medium\">Recent<\/span>\n        <span class=\"text-lt_green font-heading block font-medium \">Case Studies <\/span><\/h2>\n\n        <div class=\"c-slider__arrows c-slider--casestudy__arrows w-32 h-10 mx-auto z-20 absolute left-0 right-0 text-center md:ml-0 md:text-left md:z-50 md:w-24\"><\/div>\n\n        <div class=\"md:overflow-hidden md:mt-1 md:pb-12 lg:pb-14 xl:pb-18 js-case-study-selector-carousel z-20\">\n            <div class=\"\">\n    <div class=\"md:flex md:h-400 xl:h-576\">\n\n        <div class=\"md:w-6\/12 xl:w-7\/12 xl:pr-3\">\n                        <div class=\"w-full h-64  lg:h-full relative overflow-hidden bg-top bg-no-repeat bg-cover\" style=\"background-image:url('https:\/\/lundbergtech.com\/wp-content\/uploads\/2023\/02\/Bomarko-Central-System-1-742x370.jpg');\"><\/div>\n                    <\/div>\n\n\n        <div class=\"md:w-5\/12 md:ml-7  md:relative\">\n            <div class=\"p-5 md:px-8 mb-5 md:pb-7 lg:pb-12 lg:px-10 relative z-10 text-left bg-white  md:absolute md:drop-shadow-md xl:drop-shadow-xl md:filter md:m-0  md:w-full  md:right-0 md:top-52 lg:top-60 md:h-auto xl:ml-12 \">\n\n                    <a class=\"block u-a-nostyle mt-1 pt-3 md:pt-3  md:pl-0 lg:pt-4 xl:pt-5 md:hover:underline\" href=https:\/\/lundbergtech.com\/fr\/case-studies-fr\/bomarko-converting-and-die-cutting\/ title=\"Bomarko \u2013 Converting and Die Cutting\">\n                    <h3 class=\"leading-snug text-20  text-lt_blue md:leading-tight lg:text-20 xl:text-28 md:mb-0 font-bold \">Bomarko \u2013 Converting and Die Cutting<\/h3>\n                    <\/a>\t\n                   \n                                        <a class=\"c-button--arrow-link\" href=https:\/\/lundbergtech.com\/fr\/case-studies-fr\/bomarko-converting-and-die-cutting\/ title=\"Bomarko \u2013 Converting and Die Cutting\">Read case study<\/a>\t\n                <\/div>\n           <\/div>\n\n\n\n\n\n    <\/div>\n\n<\/div>\n<div class=\"\">\n    <div class=\"md:flex md:h-400 xl:h-576\">\n\n        <div class=\"md:w-6\/12 xl:w-7\/12 xl:pr-3\">\n                        <div class=\"w-full h-64  lg:h-full relative overflow-hidden bg-top bg-no-repeat bg-cover\" style=\"background-image:url('https:\/\/lundbergtech.com\/wp-content\/uploads\/2021\/11\/Ellco-waste-container-and-filter-742x500.jpg');\"><\/div>\n                    <\/div>\n\n\n        <div class=\"md:w-5\/12 md:ml-7  md:relative\">\n            <div class=\"p-5 md:px-8 mb-5 md:pb-7 lg:pb-12 lg:px-10 relative z-10 text-left bg-white  md:absolute md:drop-shadow-md xl:drop-shadow-xl md:filter md:m-0  md:w-full  md:right-0 md:top-52 lg:top-60 md:h-auto xl:ml-12 \">\n\n                    <a class=\"block u-a-nostyle mt-1 pt-3 md:pt-3  md:pl-0 lg:pt-4 xl:pt-5 md:hover:underline\" href=https:\/\/lundbergtech.com\/case-studies\/ellco-etikett-trykk-converting-and-die-cutting\/ title=\"Ellco Etikett Trykk \u2013 Converting and Die Cutting\">\n                    <h3 class=\"leading-snug text-20  text-lt_blue md:leading-tight lg:text-20 xl:text-28 md:mb-0 font-bold \">Ellco Etikett Trykk \u2013 Converting and Die Cutting<\/h3>\n                    <\/a>\t\n                   \n                                        <a class=\"c-button--arrow-link\" href=https:\/\/lundbergtech.com\/case-studies\/ellco-etikett-trykk-converting-and-die-cutting\/ title=\"Ellco Etikett Trykk \u2013 Converting and Die Cutting\">Read case study<\/a>\t\n                <\/div>\n           <\/div>\n\n\n\n\n\n    <\/div>\n\n<\/div>\n\n        <\/div>\n         <div class=\"c-slider__dots c-slider--casestudy__dots  mx-auto z-20 absolute left-0 right-0 text-center\"><\/div>\n   \t<\/div>\n<\/div>\n\n<div class=\"m-spacer m-spacer-69dd46945d831\" data-id=\"69dd46945d831\" data-height=\"50\" data-height-mobile=\"0\" data-height-tab=\"\" data-height-tab-portrait=\"0\" style=\"clear:both;display:block;\"><\/div>\n\n\n\n[\/vc_column][\/vc_row]<\/p>\n<\/div>","protected":false},"excerpt":{"rendered":"<p>[vc_row full_width=&#8221;stretch_row&#8221; css=&#8221;.vc_custom_1624535937170{background-image: url(https:\/\/lundbergtech.com\/wp-content\/uploads\/2021\/06\/grey-abstract-bg-2.jpg?id=323) !important;background-position: center !important;background-repeat: no-repeat !important;background-size: cover !important;}&#8221;][vc_column][\/vc_column][\/vc_row][vc_row][vc_column][\/vc_column][\/vc_row][vc_row full_width=&#8221;stretch_row_content_no_spaces&#8221;][vc_column][\/vc_column][\/vc_row][vc_row][vc_column][\/vc_column][\/vc_row][vc_row full_width=&#8221;stretch_row_content_no_spaces&#8221;][vc_column][\/vc_column][\/vc_row]<\/p>\n","protected":false},"author":1,"featured_media":1264,"parent":5840,"menu_order":0,"comment_status":"closed","ping_status":"closed","template":"","meta":{"_acf_changed":false,"inline_featured_image":false,"footnotes":""},"class_list":["post-5877","page","type-page","status-publish","has-post-thumbnail","hentry"],"acf":[],"yoast_head":"<!-- This site is optimized with the Yoast SEO plugin v27.1.1 - https:\/\/yoast.com\/product\/yoast-seo-wordpress\/ -->\n<title>Transformation, D\u00e9coupe | Solution de traitement des d\u00e9chets<\/title>\n<meta name=\"description\" content=\"Le syst\u00e8me offre un nombre illimit\u00e9 de points d\u2019aspiration et permet la manipulation des d\u00e9chets de toutes formes | En savoir plus.\" \/>\n<meta name=\"robots\" content=\"index, follow, max-snippet:-1, max-image-preview:large, max-video-preview:-1\" \/>\n<link rel=\"canonical\" href=\"https:\/\/lundbergtech.com\/fr\/votre-processus\/transformation-decoupe\/\" \/>\n<meta property=\"og:locale\" content=\"fr_FR\" \/>\n<meta property=\"og:type\" content=\"article\" \/>\n<meta property=\"og:title\" content=\"Transformation, D\u00e9coupe | Solution de traitement des d\u00e9chets\" \/>\n<meta property=\"og:description\" content=\"Le syst\u00e8me offre un nombre illimit\u00e9 de points d\u2019aspiration et permet la manipulation des d\u00e9chets de toutes formes | En savoir plus.\" \/>\n<meta property=\"og:url\" content=\"https:\/\/lundbergtech.com\/fr\/votre-processus\/transformation-decoupe\/\" \/>\n<meta property=\"og:site_name\" content=\"Lundberg Tech\" \/>\n<meta property=\"article:publisher\" content=\"https:\/\/www.facebook.com\/lundbergtech\" \/>\n<meta property=\"article:modified_time\" content=\"2023-05-11T09:00:25+00:00\" \/>\n<meta property=\"og:image\" content=\"https:\/\/lundbergtech.com\/wp-content\/uploads\/2021\/09\/EdgeTrim1-742x583-1.jpg\" \/>\n\t<meta property=\"og:image:width\" content=\"1913\" \/>\n\t<meta property=\"og:image:height\" content=\"1503\" \/>\n\t<meta property=\"og:image:type\" content=\"image\/jpeg\" \/>\n<meta name=\"twitter:card\" content=\"summary_large_image\" \/>\n<meta name=\"twitter:site\" content=\"@lundbergtech\" \/>\n<meta name=\"twitter:label1\" content=\"Est. reading time\" \/>\n\t<meta name=\"twitter:data1\" content=\"2 minutes\" \/>\n<script type=\"application\/ld+json\" class=\"yoast-schema-graph\">{\"@context\":\"https:\/\/schema.org\",\"@graph\":[{\"@type\":\"WebPage\",\"@id\":\"https:\/\/lundbergtech.com\/fr\/votre-processus\/transformation-decoupe\/\",\"url\":\"https:\/\/lundbergtech.com\/fr\/votre-processus\/transformation-decoupe\/\",\"name\":\"Transformation, D\u00e9coupe | Solution de traitement des d\u00e9chets\",\"isPartOf\":{\"@id\":\"https:\/\/lundbergtech.com\/#website\"},\"primaryImageOfPage\":{\"@id\":\"https:\/\/lundbergtech.com\/fr\/votre-processus\/transformation-decoupe\/#primaryimage\"},\"image\":{\"@id\":\"https:\/\/lundbergtech.com\/fr\/votre-processus\/transformation-decoupe\/#primaryimage\"},\"thumbnailUrl\":\"https:\/\/lundbergtech.com\/wp-content\/uploads\/2021\/09\/EdgeTrim1-742x583-1.jpg\",\"datePublished\":\"2021-05-19T11:48:02+00:00\",\"dateModified\":\"2023-05-11T09:00:25+00:00\",\"description\":\"Le syst\u00e8me offre un nombre illimit\u00e9 de points d\u2019aspiration et permet la manipulation des d\u00e9chets de toutes formes | En savoir plus.\",\"breadcrumb\":{\"@id\":\"https:\/\/lundbergtech.com\/fr\/votre-processus\/transformation-decoupe\/#breadcrumb\"},\"inLanguage\":\"fr-FR\",\"potentialAction\":[{\"@type\":\"ReadAction\",\"target\":[\"https:\/\/lundbergtech.com\/fr\/votre-processus\/transformation-decoupe\/\"]}]},{\"@type\":\"ImageObject\",\"inLanguage\":\"fr-FR\",\"@id\":\"https:\/\/lundbergtech.com\/fr\/votre-processus\/transformation-decoupe\/#primaryimage\",\"url\":\"https:\/\/lundbergtech.com\/wp-content\/uploads\/2021\/09\/EdgeTrim1-742x583-1.jpg\",\"contentUrl\":\"https:\/\/lundbergtech.com\/wp-content\/uploads\/2021\/09\/EdgeTrim1-742x583-1.jpg\",\"width\":1913,\"height\":1503,\"caption\":\"edge trim removal\"},{\"@type\":\"BreadcrumbList\",\"@id\":\"https:\/\/lundbergtech.com\/fr\/votre-processus\/transformation-decoupe\/#breadcrumb\",\"itemListElement\":[{\"@type\":\"ListItem\",\"position\":1,\"name\":\"Votre processus\",\"item\":\"https:\/\/lundbergtech.com\/fr\/votre-processus\/\"},{\"@type\":\"ListItem\",\"position\":2,\"name\":\"Transformation, D\u00e9coupe\"}]},{\"@type\":\"WebSite\",\"@id\":\"https:\/\/lundbergtech.com\/#website\",\"url\":\"https:\/\/lundbergtech.com\/\",\"name\":\"Lundberg Tech\",\"description\":\"Our waste handling keeps production going\",\"potentialAction\":[{\"@type\":\"SearchAction\",\"target\":{\"@type\":\"EntryPoint\",\"urlTemplate\":\"https:\/\/lundbergtech.com\/?s={search_term_string}\"},\"query-input\":{\"@type\":\"PropertyValueSpecification\",\"valueRequired\":true,\"valueName\":\"search_term_string\"}}],\"inLanguage\":\"fr-FR\"}]}<\/script>\n<!-- \/ Yoast SEO plugin. -->","yoast_head_json":{"title":"Transformation, D\u00e9coupe | Solution de traitement des d\u00e9chets","description":"Le syst\u00e8me offre un nombre illimit\u00e9 de points d\u2019aspiration et permet la manipulation des d\u00e9chets de toutes formes | En savoir plus.","robots":{"index":"index","follow":"follow","max-snippet":"max-snippet:-1","max-image-preview":"max-image-preview:large","max-video-preview":"max-video-preview:-1"},"canonical":"https:\/\/lundbergtech.com\/fr\/votre-processus\/transformation-decoupe\/","og_locale":"fr_FR","og_type":"article","og_title":"Transformation, D\u00e9coupe | Solution de traitement des d\u00e9chets","og_description":"Le syst\u00e8me offre un nombre illimit\u00e9 de points d\u2019aspiration et permet la manipulation des d\u00e9chets de toutes formes | En savoir plus.","og_url":"https:\/\/lundbergtech.com\/fr\/votre-processus\/transformation-decoupe\/","og_site_name":"Lundberg Tech","article_publisher":"https:\/\/www.facebook.com\/lundbergtech","article_modified_time":"2023-05-11T09:00:25+00:00","og_image":[{"width":1913,"height":1503,"url":"https:\/\/lundbergtech.com\/wp-content\/uploads\/2021\/09\/EdgeTrim1-742x583-1.jpg","type":"image\/jpeg"}],"twitter_card":"summary_large_image","twitter_site":"@lundbergtech","twitter_misc":{"Est. reading time":"2 minutes"},"schema":{"@context":"https:\/\/schema.org","@graph":[{"@type":"WebPage","@id":"https:\/\/lundbergtech.com\/fr\/votre-processus\/transformation-decoupe\/","url":"https:\/\/lundbergtech.com\/fr\/votre-processus\/transformation-decoupe\/","name":"Transformation, D\u00e9coupe | Solution de traitement des d\u00e9chets","isPartOf":{"@id":"https:\/\/lundbergtech.com\/#website"},"primaryImageOfPage":{"@id":"https:\/\/lundbergtech.com\/fr\/votre-processus\/transformation-decoupe\/#primaryimage"},"image":{"@id":"https:\/\/lundbergtech.com\/fr\/votre-processus\/transformation-decoupe\/#primaryimage"},"thumbnailUrl":"https:\/\/lundbergtech.com\/wp-content\/uploads\/2021\/09\/EdgeTrim1-742x583-1.jpg","datePublished":"2021-05-19T11:48:02+00:00","dateModified":"2023-05-11T09:00:25+00:00","description":"Le syst\u00e8me offre un nombre illimit\u00e9 de points d\u2019aspiration et permet la manipulation des d\u00e9chets de toutes formes | En savoir plus.","breadcrumb":{"@id":"https:\/\/lundbergtech.com\/fr\/votre-processus\/transformation-decoupe\/#breadcrumb"},"inLanguage":"fr-FR","potentialAction":[{"@type":"ReadAction","target":["https:\/\/lundbergtech.com\/fr\/votre-processus\/transformation-decoupe\/"]}]},{"@type":"ImageObject","inLanguage":"fr-FR","@id":"https:\/\/lundbergtech.com\/fr\/votre-processus\/transformation-decoupe\/#primaryimage","url":"https:\/\/lundbergtech.com\/wp-content\/uploads\/2021\/09\/EdgeTrim1-742x583-1.jpg","contentUrl":"https:\/\/lundbergtech.com\/wp-content\/uploads\/2021\/09\/EdgeTrim1-742x583-1.jpg","width":1913,"height":1503,"caption":"edge trim removal"},{"@type":"BreadcrumbList","@id":"https:\/\/lundbergtech.com\/fr\/votre-processus\/transformation-decoupe\/#breadcrumb","itemListElement":[{"@type":"ListItem","position":1,"name":"Votre processus","item":"https:\/\/lundbergtech.com\/fr\/votre-processus\/"},{"@type":"ListItem","position":2,"name":"Transformation, D\u00e9coupe"}]},{"@type":"WebSite","@id":"https:\/\/lundbergtech.com\/#website","url":"https:\/\/lundbergtech.com\/","name":"Lundberg Tech","description":"Our waste handling keeps production going","potentialAction":[{"@type":"SearchAction","target":{"@type":"EntryPoint","urlTemplate":"https:\/\/lundbergtech.com\/?s={search_term_string}"},"query-input":{"@type":"PropertyValueSpecification","valueRequired":true,"valueName":"search_term_string"}}],"inLanguage":"fr-FR"}]}},"_links":{"self":[{"href":"https:\/\/lundbergtech.com\/fr\/wp-json\/wp\/v2\/pages\/5877","targetHints":{"allow":["GET"]}}],"collection":[{"href":"https:\/\/lundbergtech.com\/fr\/wp-json\/wp\/v2\/pages"}],"about":[{"href":"https:\/\/lundbergtech.com\/fr\/wp-json\/wp\/v2\/types\/page"}],"author":[{"embeddable":true,"href":"https:\/\/lundbergtech.com\/fr\/wp-json\/wp\/v2\/users\/1"}],"replies":[{"embeddable":true,"href":"https:\/\/lundbergtech.com\/fr\/wp-json\/wp\/v2\/comments?post=5877"}],"version-history":[{"count":23,"href":"https:\/\/lundbergtech.com\/fr\/wp-json\/wp\/v2\/pages\/5877\/revisions"}],"predecessor-version":[{"id":6217,"href":"https:\/\/lundbergtech.com\/fr\/wp-json\/wp\/v2\/pages\/5877\/revisions\/6217"}],"up":[{"embeddable":true,"href":"https:\/\/lundbergtech.com\/fr\/wp-json\/wp\/v2\/pages\/5840"}],"wp:featuredmedia":[{"embeddable":true,"href":"https:\/\/lundbergtech.com\/fr\/wp-json\/wp\/v2\/media\/1264"}],"wp:attachment":[{"href":"https:\/\/lundbergtech.com\/fr\/wp-json\/wp\/v2\/media?parent=5877"}],"curies":[{"name":"wp","href":"https:\/\/api.w.org\/{rel}","templated":true}]}}