{"id":5879,"date":"2021-05-19T11:47:00","date_gmt":"2021-05-19T11:47:00","guid":{"rendered":"https:\/\/lundbergtech.com\/your-process\/label-converting-matrix-removal\/"},"modified":"2023-06-30T12:43:11","modified_gmt":"2023-06-30T12:43:11","slug":"transformationlabel-detiquettes","status":"publish","type":"page","link":"https:\/\/lundbergtech.com\/fr\/votre-processus\/transformationlabel-detiquettes\/","title":{"rendered":"Transformation d\u2019\u00e9tiquettes"},"content":{"rendered":"<div class=\"wpb-content-wrapper\"><p>[vc_row full_width=&#8221;stretch_row&#8221; css=&#8221;.vc_custom_1624535937170{background-image: url(https:\/\/lundbergtech.com\/wp-content\/uploads\/2021\/06\/grey-abstract-bg-2.jpg?id=323) !important;background-position: center !important;background-repeat: no-repeat !important;background-size: cover !important;}&#8221;][vc_column]<div class=\"m-text-image md:flex md:py-10 lg:relative container lg:pb-20\">\n    <div class=\"md:w-6\/12 bg-white p-4 pb-5  md:p-10 filter drop-shadow-lg lg:mb-20  z-20 lg:p-14  md:order-2 md:ml-2 lg:ml-4 xl:ml-6 \">\n      <div class=\"m-text-image__content pb-4 lg:pb-12 md:text-18\">\n        Dans votre processus de production, vous utilisez tr\u00e8s probablement des presses et des machines de transformation d\u2019\u00e9tiquettes qui g\u00e9n\u00e8rent des lisi\u00e8res et des d\u00e9chets d\u2019\u00e9chenillage devant \u00eatre soigneusement \u00e9limin\u00e9s pour un fonctionnement efficace et en mode continu. Partout dans le monde, des centaines de machines de transformation et de presses pour \u00e9tiquettes sont \u00e9quip\u00e9es de syst\u00e8mes d\u2019\u00e9limination des d\u00e9chets Lundberg Tech. Nos syst\u00e8mes sont sp\u00e9cifiquement con\u00e7us pour assurer un traitement efficace des d\u00e9chets d\u2019\u00e9tiquettes adh\u00e9sives.<\/p>\n<p>Les syst\u00e8mes de traitement des d\u00e9chets Lundberg Tech pour les rives et les matrices d\u2019\u00e9chenillage sont bas\u00e9s sur la d\u00e9coupe des squelettes et des lisi\u00e8res en confettis \u00e0 l\u2019aide de <a href=https:\/\/lundbergtech.com\/fr\/granulators-and-cutters\/>Granulateurs<\/a> performants. Ces d\u00e9chets adh\u00e9sifs sont ensuite transport\u00e9s travers des composants trait\u00e9s antiadh\u00e9sifs vers un point de collecte d\u00e9sign\u00e9.\n \n      <\/div>\n          <\/div>\n\n    <div class=\"block md:hidden\">\n      <img decoding=\"async\" src=\"https:\/\/lundbergtech.com\/wp-content\/uploads\/2021\/09\/Label_Matrix4-1-570x0-c-default.jpg\" alt=\"Matrix removal from ABG Digicon\" class=\"lg:mb-0 lg:absolute lg:right-0 lg:mt-0 lg:-bottom-28\">\n    <\/div>\n\n    <div class=\" md:w-6\/12 md:h-96 md:relative md:mt-20 lg:z-10 hidden md:block  lg:h-auto  left md:order-1 md:mr-2 lg:mr-4  xl:mr-6 \">\n      <div class=\"bg-cover lg:h-540 w-full md:h-full lg:absolute lg:bottom-0 lg:mt-0\" style=\"background-image:url('https:\/\/lundbergtech.com\/wp-content\/uploads\/2021\/09\/Label_Matrix4-1-570x0-c-default.jpg');\"><\/div>\n    <\/div>\n\n\n<\/div>\n\n\n<div class=\"m-spacer m-spacer-69defddd67f1f\" data-id=\"69defddd67f1f\" data-height=\"0\" data-height-mobile=\"25\" data-height-tab=\"0\" data-height-tab-portrait=\"0\" style=\"clear:both;display:block;\"><\/div>\n\n\n\n[\/vc_column][\/vc_row][vc_row full_width=&#8221;stretch_row_content_no_spaces&#8221;][vc_column css=&#8221;.vc_custom_1636364333230{margin-top: 0px !important;margin-bottom: 0px !important;border-top-width: 0px !important;border-bottom-width: 0px !important;padding-top: 0px !important;padding-bottom: 0px !important;}&#8221;]<div class=\"m-benefits-carousel relative py-14 pb-8 md:pt-24 md:pb-6 lg:pt-36 lg:pb-12  image-right \">\n    <div class=\"container md:mx-auto px-3 pb-2 lg:max-w-4xl xl:max-w-6xl lg:relative \">\n\n        <h2 class=\"text-left md:pb-0 leading-8 md:text-32 md:w-4\/12 md:leading-8 lg:text-36 lg:leading-10 xl:leading-11 xl:text-42 md:border-t md:border-lt_grey md:pt-4\">\n        <span class=\"text-lt_blue font-heading font-medium\">Avantages et fonctionnalit\u00e9s<\/span>\n        <span class=\"text-lt_green text-16 lg:text-18 leading-5 block font-semibold md:pt-2 \">L\u2019utilisation d\u2019un syst\u00e8me automatis\u00e9 de traitement des d\u00e9chets pr\u00e9sente de nombreux avantages, en voici quelques-uns : <\/span><\/h2>\n\n        <div class=\"c-slider__arrows c-slider--benefits__arrows w-32 h-10 mx-auto z-20 absolute left-0 right-0 text-center md:ml-0 md:text-left md:z-50 md:w-24\"><\/div>\n\n        <div class=\"md:overflow-hidden md:mt-1 md:pb-12 lg:pb-14 xl:pb-18 js-benefits-carousel z-20 \">\n            <div class=\"\">\n    <div class=\"md:flex md:h-592\">\n\n        <div class=\"md:w-5\/12 md:ml-10 lg:w-6\/12 xl:w-6\/12 m-benefits-carousel__image-container md:mb-14\">\n                        <div class=\"w-full h-64 md:h-full relative overflow-hidden bg-top bg-no-repeat bg-cover\" style=\"background-image:url('https:\/\/lundbergtech.com\/wp-content\/uploads\/2021\/09\/Label_Matrix2-742x583.jpg');\"><\/div>\n                    <\/div>\n\n\n        <div class=\"md:w-6\/12 m-benefits-carousel__content-container\">\n            <div class=\"z-10 text-left bg-white p-3 lg:ml-0 md:relative \">\n\n                <div class=\"m-benefits-carousel__content px-3 \">\n                    <\/p>\n<ul>\n<li>\u00c9limine le besoin de manipuler manuellement de lourdes bobines d\u2019\u00e9chenillage<\/li>\n<li>Augmente le d\u00e9bit gr\u00e2ce \u00e0 des arr\u00eats moins nombreux et une tension de bande constante<\/li>\n<li>Permet de collecter les d\u00e9chets de mani\u00e8re centralis\u00e9e \u00e0 l\u2019int\u00e9rieur ou \u00e0 l\u2019ext\u00e9rieur et lib\u00e8re de l\u2019espace au sol<\/li>\n<\/ul>\n<p>\n                <\/div>\n\n                <\/div>\n           <\/div>\n\n\n\n\n\n    <\/div>\n\n<\/div>\n\n        <\/div>\n         <div class=\"c-slider__dots c-slider--benefits__dots  static h-4 mt-10 lg:mt-14 mx-auto z-20  left-0 right-0 text-center\"><\/div>\n   \t<\/div>\n<\/div>\n\n[\/vc_column][\/vc_row][vc_row][vc_column]<div class=\"m-spacer m-spacer-69defddd6b5ea\" data-id=\"69defddd6b5ea\" data-height=\"0\" data-height-mobile=\"25\" data-height-tab=\"0\" data-height-tab-portrait=\"0\" style=\"clear:both;display:block;\"><\/div>\n\n\n\n<div class=\"m-text-image md:flex md:py-10 lg:relative container lg:pb-20\">\n    <div class=\"md:w-6\/12 bg-white p-4 pb-5  md:p-10 filter drop-shadow-lg lg:mb-20  z-20 lg:p-14  md:order-2 md:ml-2 lg:ml-4 xl:ml-6 \">\n      <div class=\"m-text-image__content pb-4 lg:pb-12 md:text-18\">\n        Lundberg Tech con\u00e7oit et fabrique des unit\u00e9s et des syst\u00e8mes de traitement des d\u00e9chets pour les imprimeurs et transformateurs d\u2019\u00e9tiquettes depuis plus de 40 ans. Notre r\u00e9putation porte principalement sur notre capacit\u00e9 \u00e0 g\u00e9rer les d\u00e9chets d\u2019\u00e9tiquettes m\u00eame les plus collants gr\u00e2ce \u00e0 notre syst\u00e8me unique de distribution d\u2019huile.<\/p>\n<p>Le <a href=https:\/\/lundbergtech.com\/fr\/granulators-and-cutters\/>Granulateur<\/a> est la partie centrale de toutes nos solutions de traitement des d\u00e9chets. Ceux-ci sont disponibles dans une grande vari\u00e9t\u00e9 de tailles, ce qui nous permet donc de capturer les d\u00e9chets d\u2019\u00e9chenillage des presses conventionnelles de toutes largeurs ainsi que la pleine bande des presses num\u00e9riques.<\/p>\n<p>Les syst\u00e8mes de traitement des d\u00e9chets Lundberg Tech permettent de g\u00e9rer tous les types de mat\u00e9riaux habituellement utilis\u00e9s dans une structure moderne de production d\u2019\u00e9tiquettes, y compris les \u00e9tiquettes sans dorsal.\n \n      <\/div>\n          <\/div>\n\n    <div class=\"block md:hidden\">\n      <img decoding=\"async\" src=\"https:\/\/lundbergtech.com\/wp-content\/uploads\/2021\/09\/Label_MatrixWaste1-742x583-1-570x0-c-default.jpg\" alt=\"Central Label Waste Handling System\" class=\"lg:mb-0 lg:absolute lg:right-0 lg:mt-0 lg:-bottom-28\">\n    <\/div>\n\n    <div class=\" md:w-6\/12 md:h-96 md:relative md:mt-20 lg:z-10 hidden md:block  lg:h-auto  left md:order-1 md:mr-2 lg:mr-4  xl:mr-6 \">\n      <div class=\"bg-cover lg:h-540 w-full md:h-full lg:absolute lg:bottom-0 lg:mt-0\" style=\"background-image:url('https:\/\/lundbergtech.com\/wp-content\/uploads\/2021\/09\/Label_MatrixWaste1-742x583-1-570x0-c-default.jpg');\"><\/div>\n    <\/div>\n\n\n<\/div>\n\n\n[\/vc_column][\/vc_row][vc_row][vc_column width=&#8221;1\/2&#8243;]<div class=\"m-spacer m-spacer-69defddd6d141\" data-id=\"69defddd6d141\" data-height=\"75\" data-height-mobile=\"\" data-height-tab=\"\" data-height-tab-portrait=\"\" style=\"clear:both;display:block;\"><\/div>\n\n\n\n[vc_column_text]<\/p>\n<h2>Une vari\u00e9t\u00e9 de solutions pour le traitement des d\u00e9chets<\/h2>\n<p>Pour l\u2019impression et la transformation d\u2019\u00e9tiquettes, vous pouvez acheter nos <a href=https:\/\/lundbergtech.com\/fr\/all-in-one-units\/>Unit\u00e9s tout-en-un<\/a> pour collecter les lisi\u00e8res et squelettes d\u2019\u00e9chenillage d\u2019une ou plusieurs machines. Les Unit\u00e9s tout-en-un de Lundberg Tech offrent tout ce dont vous avez besoin pour extraire et collecter les d\u00e9chets d\u2019\u00e9tiquettes. En outre, elles sont faciles \u00e0 installer.<\/p>\n<p>Nous pouvons \u00e9galement concevoir un <a href=https:\/\/lundbergtech.com\/fr\/central-systems\/>Syst\u00e8me Centralis\u00e9<\/a> adapt\u00e9 \u00e0 vos besoins sp\u00e9cifiques. Nos Syst\u00e8mes Centralis\u00e9s permettent de collecter les d\u00e9chets adh\u00e9sifs et non adh\u00e9sifs d\u2019un nombre illimit\u00e9 de machines. De plus, les syst\u00e8mes peuvent \u00eatre con\u00e7us avec une s\u00e9paration des mat\u00e9riaux pour les besoins de recyclage.<\/p>\n<p>Si vous poss\u00e9dez d\u00e9j\u00e0 un syst\u00e8me et que vous souhaitez l\u2019am\u00e9liorer avec un <a href=https:\/\/lundbergtech.com\/fr\/granulators-and-cutters\/>Granulateur<\/a> suppl\u00e9mentaire, nous vous invitons \u00e0 nous contacter. Nous pouvons vous aider \u00e0 choisir le bon mod\u00e8le parmi notre large gamme de Granulateurs con\u00e7us et fabriqu\u00e9s par nos soins.[\/vc_column_text][\/vc_column][vc_column width=&#8221;1\/2&#8243;]<div class=\"m-spacer m-spacer-69defddd6db5d\" data-id=\"69defddd6db5d\" data-height=\"75\" data-height-mobile=\"\" data-height-tab=\"\" data-height-tab-portrait=\"\" style=\"clear:both;display:block;\"><\/div>\n\n\n\n[vc_video link=&#8221;https:\/\/youtu.be\/tOQOlh4F0fM&#8221; align=&#8221;center&#8221;][\/vc_column][\/vc_row][vc_row full_width=&#8221;stretch_row_content_no_spaces&#8221;][vc_column]<div class=\"m-case-study-carousel relative py-14 pb-32 md:pt-24 md:pb-36 lg:pt-36 lg:pb-32\">\n    <div class=\"container md:mx-auto px-3 pb-8 lg:max-w-4xl xl:max-w-6xl lg:relative \">\n\n        <h2 class=\"text-left md:pb-0 leading-8 md:text-32 md:leading-8 lg:text-36 lg:leading-10 xl:leading-11 xl:text-42 md:border-t md:border-lt_grey md:pt-4\">\n        <span class=\"text-lt_blue font-heading font-medium\">Recent<\/span>\n        <span class=\"text-lt_green font-heading block font-medium \">Case Studies <\/span><\/h2>\n\n        <div class=\"c-slider__arrows c-slider--casestudy__arrows w-32 h-10 mx-auto z-20 absolute left-0 right-0 text-center md:ml-0 md:text-left md:z-50 md:w-24\"><\/div>\n\n        <div class=\"md:overflow-hidden md:mt-1 md:pb-12 lg:pb-14 xl:pb-18 js-case-study-selector-carousel z-20\">\n            <div class=\"\">\n    <div class=\"md:flex md:h-400 xl:h-576\">\n\n        <div class=\"md:w-6\/12 xl:w-7\/12 xl:pr-3\">\n                        <div class=\"w-full h-64  lg:h-full relative overflow-hidden bg-top bg-no-repeat bg-cover\" style=\"background-image:url('https:\/\/lundbergtech.com\/wp-content\/uploads\/2023\/05\/CCL-Volkermarkt_Martin-Pribassnig-Top-742x400.jpg');\"><\/div>\n                    <\/div>\n\n\n        <div class=\"md:w-5\/12 md:ml-7  md:relative\">\n            <div class=\"p-5 md:px-8 mb-5 md:pb-7 lg:pb-12 lg:px-10 relative z-10 text-left bg-white  md:absolute md:drop-shadow-md xl:drop-shadow-xl md:filter md:m-0  md:w-full  md:right-0 md:top-52 lg:top-60 md:h-auto xl:ml-12 \">\n\n                    <a class=\"block u-a-nostyle mt-1 pt-3 md:pt-3  md:pl-0 lg:pt-4 xl:pt-5 md:hover:underline\" href=https:\/\/lundbergtech.com\/fr\/case-studies-fr\/ccl-label-volkermarkt-label\/ title=\"CCL Label V\u00f6lkermarkt \u2013 Label Converting\">\n                    <h3 class=\"leading-snug text-20  text-lt_blue md:leading-tight lg:text-20 xl:text-28 md:mb-0 font-bold \">CCL Label V\u00f6lkermarkt \u2013 Label Converting<\/h3>\n                    <\/a>\t\n                   \n                                        <a class=\"c-button--arrow-link\" href=https:\/\/lundbergtech.com\/fr\/case-studies-fr\/ccl-label-volkermarkt-label\/ title=\"CCL Label V\u00f6lkermarkt \u2013 Label Converting\">Read case study<\/a>\t\n                <\/div>\n           <\/div>\n\n\n\n\n\n    <\/div>\n\n<\/div>\n<div class=\"\">\n    <div class=\"md:flex md:h-400 xl:h-576\">\n\n        <div class=\"md:w-6\/12 xl:w-7\/12 xl:pr-3\">\n                        <div class=\"w-full h-64  lg:h-full relative overflow-hidden bg-top bg-no-repeat bg-cover\" style=\"background-image:url('https:\/\/lundbergtech.com\/wp-content\/uploads\/2023\/03\/Overview-Factory-Digital-Etikett-1-742x370.jpg');\"><\/div>\n                    <\/div>\n\n\n        <div class=\"md:w-5\/12 md:ml-7  md:relative\">\n            <div class=\"p-5 md:px-8 mb-5 md:pb-7 lg:pb-12 lg:px-10 relative z-10 text-left bg-white  md:absolute md:drop-shadow-md xl:drop-shadow-xl md:filter md:m-0  md:w-full  md:right-0 md:top-52 lg:top-60 md:h-auto xl:ml-12 \">\n\n                    <a class=\"block u-a-nostyle mt-1 pt-3 md:pt-3  md:pl-0 lg:pt-4 xl:pt-5 md:hover:underline\" href=https:\/\/lundbergtech.com\/fr\/case-studies-fr\/digital-etikett-label-converting\/ title=\"Digital Etikett \u2013 Label Converting\">\n                    <h3 class=\"leading-snug text-20  text-lt_blue md:leading-tight lg:text-20 xl:text-28 md:mb-0 font-bold \">Digital Etikett \u2013 Label Converting<\/h3>\n                    <\/a>\t\n                   \n                                        <a class=\"c-button--arrow-link\" href=https:\/\/lundbergtech.com\/fr\/case-studies-fr\/digital-etikett-label-converting\/ title=\"Digital Etikett \u2013 Label Converting\">Read case study<\/a>\t\n                <\/div>\n           <\/div>\n\n\n\n\n\n    <\/div>\n\n<\/div>\n\n        <\/div>\n         <div class=\"c-slider__dots c-slider--casestudy__dots  mx-auto z-20 absolute left-0 right-0 text-center\"><\/div>\n   \t<\/div>\n<\/div>\n\n<div class=\"m-spacer m-spacer-69defddd73073\" data-id=\"69defddd73073\" data-height=\"50\" data-height-mobile=\"0\" data-height-tab=\"\" data-height-tab-portrait=\"0\" style=\"clear:both;display:block;\"><\/div>\n\n\n\n[\/vc_column][\/vc_row]<\/p>\n<\/div>","protected":false},"excerpt":{"rendered":"<p>[vc_row full_width=&#8221;stretch_row&#8221; css=&#8221;.vc_custom_1624535937170{background-image: url(https:\/\/lundbergtech.com\/wp-content\/uploads\/2021\/06\/grey-abstract-bg-2.jpg?id=323) !important;background-position: center !important;background-repeat: no-repeat !important;background-size: cover !important;}&#8221;][vc_column][\/vc_column][\/vc_row][vc_row full_width=&#8221;stretch_row_content_no_spaces&#8221;][vc_column css=&#8221;.vc_custom_1636364333230{margin-top: 0px !important;margin-bottom: 0px !important;border-top-width: 0px !important;border-bottom-width: 0px !important;padding-top: 0px !important;padding-bottom: 0px !important;}&#8221;][\/vc_column][\/vc_row][vc_row][vc_column][\/vc_column][\/vc_row][vc_row][vc_column width=&#8221;1\/2&#8243;][vc_column_text] Une vari\u00e9t\u00e9 de solutions pour le traitement des d\u00e9chets Pour l\u2019impression et la transformation d\u2019\u00e9tiquettes, vous pouvez acheter nos Unit\u00e9s tout-en-un pour collecter les lisi\u00e8res et squelettes d\u2019\u00e9chenillage d\u2019une [&hellip;]<\/p>\n","protected":false},"author":1,"featured_media":1333,"parent":5840,"menu_order":0,"comment_status":"closed","ping_status":"closed","template":"","meta":{"_acf_changed":false,"inline_featured_image":false,"footnotes":""},"class_list":["post-5879","page","type-page","status-publish","has-post-thumbnail","hentry"],"acf":[],"yoast_head":"<!-- This site is optimized with the Yoast SEO plugin v27.1.1 - https:\/\/yoast.com\/product\/yoast-seo-wordpress\/ -->\n<title>Un traitement efficace des d\u00e9chets d\u2019\u00e9tiquettes adh\u00e9sives<\/title>\n<meta name=\"description\" content=\"Extraction des d\u00e9chets d\u2019\u00e9chenillage pour l\u2019impression et la transformation d\u2019\u00e9tiquettes | syst\u00e8me automatis\u00e9 de traitement des d\u00e9chets | Lundberg Tech\" \/>\n<meta name=\"robots\" content=\"index, follow, max-snippet:-1, max-image-preview:large, max-video-preview:-1\" \/>\n<link rel=\"canonical\" href=\"https:\/\/lundbergtech.com\/fr\/votre-processus\/transformationlabel-detiquettes\/\" \/>\n<meta property=\"og:locale\" content=\"fr_FR\" \/>\n<meta property=\"og:type\" content=\"article\" \/>\n<meta property=\"og:title\" content=\"Un traitement efficace des d\u00e9chets d\u2019\u00e9tiquettes adh\u00e9sives\" \/>\n<meta property=\"og:description\" content=\"Extraction des d\u00e9chets d\u2019\u00e9chenillage pour l\u2019impression et la transformation d\u2019\u00e9tiquettes | syst\u00e8me automatis\u00e9 de traitement des d\u00e9chets | Lundberg Tech\" \/>\n<meta property=\"og:url\" content=\"https:\/\/lundbergtech.com\/fr\/votre-processus\/transformationlabel-detiquettes\/\" \/>\n<meta property=\"og:site_name\" content=\"Lundberg Tech\" \/>\n<meta property=\"article:publisher\" content=\"https:\/\/www.facebook.com\/lundbergtech\" \/>\n<meta property=\"article:modified_time\" content=\"2023-06-30T12:43:11+00:00\" \/>\n<meta property=\"og:image\" content=\"https:\/\/lundbergtech.com\/wp-content\/uploads\/2021\/09\/Label_Matrix3-scaled.jpg\" \/>\n\t<meta property=\"og:image:width\" content=\"2560\" \/>\n\t<meta property=\"og:image:height\" content=\"2516\" \/>\n\t<meta property=\"og:image:type\" content=\"image\/jpeg\" \/>\n<meta name=\"twitter:card\" content=\"summary_large_image\" \/>\n<meta name=\"twitter:site\" content=\"@lundbergtech\" \/>\n<meta name=\"twitter:label1\" content=\"Est. reading time\" \/>\n\t<meta name=\"twitter:data1\" content=\"3 minutes\" \/>\n<script type=\"application\/ld+json\" class=\"yoast-schema-graph\">{\"@context\":\"https:\/\/schema.org\",\"@graph\":[{\"@type\":\"WebPage\",\"@id\":\"https:\/\/lundbergtech.com\/fr\/votre-processus\/transformationlabel-detiquettes\/\",\"url\":\"https:\/\/lundbergtech.com\/fr\/votre-processus\/transformationlabel-detiquettes\/\",\"name\":\"Un traitement efficace des d\u00e9chets d\u2019\u00e9tiquettes adh\u00e9sives\",\"isPartOf\":{\"@id\":\"https:\/\/lundbergtech.com\/#website\"},\"primaryImageOfPage\":{\"@id\":\"https:\/\/lundbergtech.com\/fr\/votre-processus\/transformationlabel-detiquettes\/#primaryimage\"},\"image\":{\"@id\":\"https:\/\/lundbergtech.com\/fr\/votre-processus\/transformationlabel-detiquettes\/#primaryimage\"},\"thumbnailUrl\":\"https:\/\/lundbergtech.com\/wp-content\/uploads\/2021\/09\/Label_Matrix3-scaled.jpg\",\"datePublished\":\"2021-05-19T11:47:00+00:00\",\"dateModified\":\"2023-06-30T12:43:11+00:00\",\"description\":\"Extraction des d\u00e9chets d\u2019\u00e9chenillage pour l\u2019impression et la transformation d\u2019\u00e9tiquettes | syst\u00e8me automatis\u00e9 de traitement des d\u00e9chets | Lundberg Tech\",\"breadcrumb\":{\"@id\":\"https:\/\/lundbergtech.com\/fr\/votre-processus\/transformationlabel-detiquettes\/#breadcrumb\"},\"inLanguage\":\"fr-FR\",\"potentialAction\":[{\"@type\":\"ReadAction\",\"target\":[\"https:\/\/lundbergtech.com\/fr\/votre-processus\/transformationlabel-detiquettes\/\"]}]},{\"@type\":\"ImageObject\",\"inLanguage\":\"fr-FR\",\"@id\":\"https:\/\/lundbergtech.com\/fr\/votre-processus\/transformationlabel-detiquettes\/#primaryimage\",\"url\":\"https:\/\/lundbergtech.com\/wp-content\/uploads\/2021\/09\/Label_Matrix3-scaled.jpg\",\"contentUrl\":\"https:\/\/lundbergtech.com\/wp-content\/uploads\/2021\/09\/Label_Matrix3-scaled.jpg\",\"width\":2560,\"height\":2516,\"caption\":\"Label matrix removal from converting machine\"},{\"@type\":\"BreadcrumbList\",\"@id\":\"https:\/\/lundbergtech.com\/fr\/votre-processus\/transformationlabel-detiquettes\/#breadcrumb\",\"itemListElement\":[{\"@type\":\"ListItem\",\"position\":1,\"name\":\"Votre processus\",\"item\":\"https:\/\/lundbergtech.com\/fr\/votre-processus\/\"},{\"@type\":\"ListItem\",\"position\":2,\"name\":\"Transformation d\u2019\u00e9tiquettes\"}]},{\"@type\":\"WebSite\",\"@id\":\"https:\/\/lundbergtech.com\/#website\",\"url\":\"https:\/\/lundbergtech.com\/\",\"name\":\"Lundberg Tech\",\"description\":\"Our waste handling keeps production going\",\"potentialAction\":[{\"@type\":\"SearchAction\",\"target\":{\"@type\":\"EntryPoint\",\"urlTemplate\":\"https:\/\/lundbergtech.com\/?s={search_term_string}\"},\"query-input\":{\"@type\":\"PropertyValueSpecification\",\"valueRequired\":true,\"valueName\":\"search_term_string\"}}],\"inLanguage\":\"fr-FR\"}]}<\/script>\n<!-- \/ Yoast SEO plugin. -->","yoast_head_json":{"title":"Un traitement efficace des d\u00e9chets d\u2019\u00e9tiquettes adh\u00e9sives","description":"Extraction des d\u00e9chets d\u2019\u00e9chenillage pour l\u2019impression et la transformation d\u2019\u00e9tiquettes | syst\u00e8me automatis\u00e9 de traitement des d\u00e9chets | Lundberg Tech","robots":{"index":"index","follow":"follow","max-snippet":"max-snippet:-1","max-image-preview":"max-image-preview:large","max-video-preview":"max-video-preview:-1"},"canonical":"https:\/\/lundbergtech.com\/fr\/votre-processus\/transformationlabel-detiquettes\/","og_locale":"fr_FR","og_type":"article","og_title":"Un traitement efficace des d\u00e9chets d\u2019\u00e9tiquettes adh\u00e9sives","og_description":"Extraction des d\u00e9chets d\u2019\u00e9chenillage pour l\u2019impression et la transformation d\u2019\u00e9tiquettes | syst\u00e8me automatis\u00e9 de traitement des d\u00e9chets | Lundberg Tech","og_url":"https:\/\/lundbergtech.com\/fr\/votre-processus\/transformationlabel-detiquettes\/","og_site_name":"Lundberg Tech","article_publisher":"https:\/\/www.facebook.com\/lundbergtech","article_modified_time":"2023-06-30T12:43:11+00:00","og_image":[{"width":2560,"height":2516,"url":"https:\/\/lundbergtech.com\/wp-content\/uploads\/2021\/09\/Label_Matrix3-scaled.jpg","type":"image\/jpeg"}],"twitter_card":"summary_large_image","twitter_site":"@lundbergtech","twitter_misc":{"Est. reading time":"3 minutes"},"schema":{"@context":"https:\/\/schema.org","@graph":[{"@type":"WebPage","@id":"https:\/\/lundbergtech.com\/fr\/votre-processus\/transformationlabel-detiquettes\/","url":"https:\/\/lundbergtech.com\/fr\/votre-processus\/transformationlabel-detiquettes\/","name":"Un traitement efficace des d\u00e9chets d\u2019\u00e9tiquettes adh\u00e9sives","isPartOf":{"@id":"https:\/\/lundbergtech.com\/#website"},"primaryImageOfPage":{"@id":"https:\/\/lundbergtech.com\/fr\/votre-processus\/transformationlabel-detiquettes\/#primaryimage"},"image":{"@id":"https:\/\/lundbergtech.com\/fr\/votre-processus\/transformationlabel-detiquettes\/#primaryimage"},"thumbnailUrl":"https:\/\/lundbergtech.com\/wp-content\/uploads\/2021\/09\/Label_Matrix3-scaled.jpg","datePublished":"2021-05-19T11:47:00+00:00","dateModified":"2023-06-30T12:43:11+00:00","description":"Extraction des d\u00e9chets d\u2019\u00e9chenillage pour l\u2019impression et la transformation d\u2019\u00e9tiquettes | syst\u00e8me automatis\u00e9 de traitement des d\u00e9chets | Lundberg Tech","breadcrumb":{"@id":"https:\/\/lundbergtech.com\/fr\/votre-processus\/transformationlabel-detiquettes\/#breadcrumb"},"inLanguage":"fr-FR","potentialAction":[{"@type":"ReadAction","target":["https:\/\/lundbergtech.com\/fr\/votre-processus\/transformationlabel-detiquettes\/"]}]},{"@type":"ImageObject","inLanguage":"fr-FR","@id":"https:\/\/lundbergtech.com\/fr\/votre-processus\/transformationlabel-detiquettes\/#primaryimage","url":"https:\/\/lundbergtech.com\/wp-content\/uploads\/2021\/09\/Label_Matrix3-scaled.jpg","contentUrl":"https:\/\/lundbergtech.com\/wp-content\/uploads\/2021\/09\/Label_Matrix3-scaled.jpg","width":2560,"height":2516,"caption":"Label matrix removal from converting machine"},{"@type":"BreadcrumbList","@id":"https:\/\/lundbergtech.com\/fr\/votre-processus\/transformationlabel-detiquettes\/#breadcrumb","itemListElement":[{"@type":"ListItem","position":1,"name":"Votre processus","item":"https:\/\/lundbergtech.com\/fr\/votre-processus\/"},{"@type":"ListItem","position":2,"name":"Transformation d\u2019\u00e9tiquettes"}]},{"@type":"WebSite","@id":"https:\/\/lundbergtech.com\/#website","url":"https:\/\/lundbergtech.com\/","name":"Lundberg Tech","description":"Our waste handling keeps production going","potentialAction":[{"@type":"SearchAction","target":{"@type":"EntryPoint","urlTemplate":"https:\/\/lundbergtech.com\/?s={search_term_string}"},"query-input":{"@type":"PropertyValueSpecification","valueRequired":true,"valueName":"search_term_string"}}],"inLanguage":"fr-FR"}]}},"_links":{"self":[{"href":"https:\/\/lundbergtech.com\/fr\/wp-json\/wp\/v2\/pages\/5879","targetHints":{"allow":["GET"]}}],"collection":[{"href":"https:\/\/lundbergtech.com\/fr\/wp-json\/wp\/v2\/pages"}],"about":[{"href":"https:\/\/lundbergtech.com\/fr\/wp-json\/wp\/v2\/types\/page"}],"author":[{"embeddable":true,"href":"https:\/\/lundbergtech.com\/fr\/wp-json\/wp\/v2\/users\/1"}],"replies":[{"embeddable":true,"href":"https:\/\/lundbergtech.com\/fr\/wp-json\/wp\/v2\/comments?post=5879"}],"version-history":[{"count":13,"href":"https:\/\/lundbergtech.com\/fr\/wp-json\/wp\/v2\/pages\/5879\/revisions"}],"predecessor-version":[{"id":7498,"href":"https:\/\/lundbergtech.com\/fr\/wp-json\/wp\/v2\/pages\/5879\/revisions\/7498"}],"up":[{"embeddable":true,"href":"https:\/\/lundbergtech.com\/fr\/wp-json\/wp\/v2\/pages\/5840"}],"wp:featuredmedia":[{"embeddable":true,"href":"https:\/\/lundbergtech.com\/fr\/wp-json\/wp\/v2\/media\/1333"}],"wp:attachment":[{"href":"https:\/\/lundbergtech.com\/fr\/wp-json\/wp\/v2\/media?parent=5879"}],"curies":[{"name":"wp","href":"https:\/\/api.w.org\/{rel}","templated":true}]}}