{"id":5881,"date":"2021-05-19T11:48:12","date_gmt":"2021-05-19T11:48:12","guid":{"rendered":"https:\/\/lundbergtech.com\/your-process\/laminating-coating\/"},"modified":"2023-06-30T12:53:56","modified_gmt":"2023-06-30T12:53:56","slug":"laminage-pelliculage","status":"publish","type":"page","link":"https:\/\/lundbergtech.com\/fr\/votre-processus\/laminage-pelliculage\/","title":{"rendered":"Laminage, Pelliculage"},"content":{"rendered":"<div class=\"wpb-content-wrapper\"><p>[vc_row full_width=&#8221;stretch_row&#8221; css=&#8221;.vc_custom_1624535937170{background-image: url(https:\/\/lundbergtech.com\/wp-content\/uploads\/2021\/06\/grey-abstract-bg-2.jpg?id=323) !important;background-position: center !important;background-repeat: no-repeat !important;background-size: cover !important;}&#8221;][vc_column]<div class=\"m-text-image md:flex md:py-10 lg:relative container lg:pb-20\">\n    <div class=\"md:w-6\/12 bg-white p-4 pb-5  md:p-10 filter drop-shadow-lg lg:mb-20  z-20 lg:p-14  md:order-2 md:ml-2 lg:ml-4 xl:ml-6 \">\n      <div class=\"m-text-image__content pb-4 lg:pb-12 md:text-18\">\n        Lors du laminage et du pelliculage de film, de papier, de carton et d\u2019autres mat\u00e9riaux, des d\u00e9chets de lisi\u00e8res sont tr\u00e8s souvent g\u00e9n\u00e9r\u00e9s pendant le processus. Ces lisi\u00e8res peuvent facilement devenir un point bloquant si elles ne sont pas instantan\u00e9ment captur\u00e9es et transport\u00e9es loin de la machine de pelliculage.<\/p>\n<p>Chez Lundberg Tech, nous comprenons qu\u2019il est essentiel de maintenir votre production de laminage et de pelliculage et que les arr\u00eats de production pour la manutention des d\u00e9chets de lisi\u00e8res ne sont pas souhaitables. Nous savons que la production est votre priorit\u00e9 et c\u2019est dans cet esprit que nos solutions sont con\u00e7ues. Nos syst\u00e8mes captureront vos d\u00e9chets de lisi\u00e8res directement au point o\u00f9 ils sont g\u00e9n\u00e9r\u00e9s. Une fois captur\u00e9s, notre <a href=https:\/\/lundbergtech.com\/fr\/granulators-and-cutters\/>Granulateur<\/a> coupera les d\u00e9chets de lisi\u00e8res en petits morceaux pour permettre un transport facile vers la zone d\u2019\u00e9limination des d\u00e9chets de votre usine.\n \n      <\/div>\n          <\/div>\n\n    <div class=\"block md:hidden\">\n      <img decoding=\"async\" src=\"https:\/\/lundbergtech.com\/wp-content\/uploads\/2021\/10\/Laminating_Trim_waste-scaled-570x0-c-default.jpg\" alt=\"\" class=\"lg:mb-0 lg:absolute lg:right-0 lg:mt-0 lg:-bottom-28\">\n    <\/div>\n\n    <div class=\" md:w-6\/12 md:h-96 md:relative md:mt-20 lg:z-10 hidden md:block  lg:h-auto  left md:order-1 md:mr-2 lg:mr-4  xl:mr-6 \">\n      <div class=\"bg-cover lg:h-540 w-full md:h-full lg:absolute lg:bottom-0 lg:mt-0\" style=\"background-image:url('https:\/\/lundbergtech.com\/wp-content\/uploads\/2021\/10\/Laminating_Trim_waste-scaled-570x0-c-default.jpg');\"><\/div>\n    <\/div>\n\n\n<\/div>\n\n\n<div class=\"m-spacer m-spacer-69e28fa73a5cf\" data-id=\"69e28fa73a5cf\" data-height=\"0\" data-height-mobile=\"25\" data-height-tab=\"0\" data-height-tab-portrait=\"0\" style=\"clear:both;display:block;\"><\/div>\n\n\n\n[\/vc_column][\/vc_row][vc_row full_width=&#8221;stretch_row_content_no_spaces&#8221;][vc_column css=&#8221;.vc_custom_1636364525468{margin-top: 0px !important;margin-bottom: 0px !important;border-top-width: 0px !important;border-bottom-width: 0px !important;padding-top: 0px !important;padding-bottom: 0px !important;}&#8221;]<div class=\"m-benefits-carousel relative py-14 pb-8 md:pt-24 md:pb-6 lg:pt-36 lg:pb-12  image-right \">\n    <div class=\"container md:mx-auto px-3 pb-2 lg:max-w-4xl xl:max-w-6xl lg:relative \">\n\n        <h2 class=\"text-left md:pb-0 leading-8 md:text-32 md:w-4\/12 md:leading-8 lg:text-36 lg:leading-10 xl:leading-11 xl:text-42 md:border-t md:border-lt_grey md:pt-4\">\n        <span class=\"text-lt_blue font-heading font-medium\">Avantages et fonctionnalit\u00e9s<\/span>\n        <span class=\"text-lt_green text-16 lg:text-18 leading-5 block font-semibold md:pt-2 \">Voici quelques-uns des principaux avantages d\u2019un syst\u00e8me de traitement des d\u00e9chets de lisi\u00e8res Lundberg Tech : <\/span><\/h2>\n\n        <div class=\"c-slider__arrows c-slider--benefits__arrows w-32 h-10 mx-auto z-20 absolute left-0 right-0 text-center md:ml-0 md:text-left md:z-50 md:w-24\"><\/div>\n\n        <div class=\"md:overflow-hidden md:mt-1 md:pb-12 lg:pb-14 xl:pb-18 js-benefits-carousel z-20 \">\n            <div class=\"\">\n    <div class=\"md:flex md:h-592\">\n\n        <div class=\"md:w-5\/12 md:ml-10 lg:w-6\/12 xl:w-6\/12 m-benefits-carousel__image-container md:mb-14\">\n                        <div class=\"w-full h-64 md:h-full relative overflow-hidden bg-top bg-no-repeat bg-cover\" style=\"background-image:url('https:\/\/lundbergtech.com\/wp-content\/uploads\/2021\/10\/Laminating_trim_waste-3-742x583-1.jpg');\"><\/div>\n                    <\/div>\n\n\n        <div class=\"md:w-6\/12 m-benefits-carousel__content-container\">\n            <div class=\"z-10 text-left bg-white p-3 lg:ml-0 md:relative \">\n\n                <div class=\"m-benefits-carousel__content px-3 \">\n                    <\/p>\n<ul>\n<li style=\"font-weight: 400;\" aria-level=\"1\"><span style=\"font-weight: 400;\">Diminution spectaculaire du volume des d\u00e9chets en les coupant en plus petits morceaux<\/span><\/li>\n<li style=\"font-weight: 400;\" aria-level=\"1\"><span style=\"font-weight: 400;\">Pr\u00e9paration des d\u00e9chets pour le recyclage\u00a0<\/span><\/li>\n<li style=\"font-weight: 400;\" aria-level=\"1\"><span style=\"font-weight: 400;\">Veiller \u00e0 ce que le traitement des d\u00e9chets de lisi\u00e8res ne soit pas une limite \u00e0 l\u2019efficacit\u00e9 de votre processus de pelliculage ou de laminage<\/span><\/li>\n<li style=\"font-weight: 400;\" aria-level=\"1\"><span style=\"font-weight: 400;\">R\u00e9duit la manipulation manuelle des d\u00e9chets\u00a0<\/span><\/li>\n<li style=\"font-weight: 400;\" aria-level=\"1\"><span style=\"font-weight: 400;\">Permet de maintenir les machines en production continue\u00a0<\/span><\/li>\n<\/ul>\n<p>\n                <\/div>\n\n                <\/div>\n           <\/div>\n\n\n\n\n\n    <\/div>\n\n<\/div>\n\n        <\/div>\n         <div class=\"c-slider__dots c-slider--benefits__dots  static h-4 mt-10 lg:mt-14 mx-auto z-20  left-0 right-0 text-center\"><\/div>\n   \t<\/div>\n<\/div>\n\n[\/vc_column][\/vc_row][vc_row full_width=&#8221;stretch_row&#8221; css=&#8221;.vc_custom_1627655038166{background-position: center !important;background-repeat: no-repeat !important;background-size: cover !important;}&#8221;][vc_column]<div class=\"m-text-image md:flex md:py-10 lg:relative container lg:pb-20\">\n    <div class=\"md:w-6\/12 bg-white p-4 pb-5  md:p-10 filter drop-shadow-lg lg:mb-20  z-20 lg:p-14  md:order-2 md:ml-2 lg:ml-4 xl:ml-6 \">\n      <div class=\"m-text-image__content pb-4 lg:pb-12 md:text-18\">\n        <\/p>\n<h2>Le type de d\u00e9chets provenant du mat\u00e9riau lamin\u00e9 ou pellicul\u00e9 n\u2019est pas une restriction<\/h2>\n<p>Depuis plus de 40 ans, Lundberg Tech produit des syst\u00e8mes de traitement des d\u00e9chets de lisi\u00e8res et nos syst\u00e8mes sont utilis\u00e9s pour les processus de laminage et d\u2019impression en ligne chez des clients dans plus de 50 pays \u00e0 travers le monde.<\/p>\n<p>Peu importe la largeur de vos lisi\u00e8res ou le nombre de machines que vous utilisez, nous sommes convaincus que nous avons une solution de traitement des d\u00e9chets qui r\u00e9pond \u00e0 vos exigences, que ce soit pour des mat\u00e9riaux tr\u00e8s minces ou m\u00eame une grande largeur de lisi\u00e8re.<\/p>\n<p>Les mat\u00e9riaux enduits tels que le papier, le film plastique, le carton, le m\u00e9tal mince ainsi que les mat\u00e9riaux avec de la colle entre les couches ou sur la surface, peuvent \u00eatre pris en charge par les syst\u00e8mes de traitement des d\u00e9chets Lundberg Tech. Contactez-nous afin que nous puissions faire un test avec votre mat\u00e9riau sp\u00e9cifique.\n \n      <\/div>\n          <\/div>\n\n    <div class=\"block md:hidden\">\n      <img decoding=\"async\" src=\"https:\/\/lundbergtech.com\/wp-content\/uploads\/2021\/10\/Laminating_Trim_waste3-2-scaled-570x0-c-default.jpg\" alt=\"\" class=\"lg:mb-0 lg:absolute lg:right-0 lg:mt-0 lg:-bottom-28\">\n    <\/div>\n\n    <div class=\" md:w-6\/12 md:h-96 md:relative md:mt-20 lg:z-10 hidden md:block  lg:h-auto  left md:order-1 md:mr-2 lg:mr-4  xl:mr-6 \">\n      <div class=\"bg-cover lg:h-540 w-full md:h-full lg:absolute lg:bottom-0 lg:mt-0\" style=\"background-image:url('https:\/\/lundbergtech.com\/wp-content\/uploads\/2021\/10\/Laminating_Trim_waste3-2-scaled-570x0-c-default.jpg');\"><\/div>\n    <\/div>\n\n\n<\/div>\n\n\n[\/vc_column][\/vc_row][vc_row full_width=&#8221;stretch_row&#8221; css=&#8221;.vc_custom_1627655038166{background-position: center !important;background-repeat: no-repeat !important;background-size: cover !important;}&#8221;][vc_column]<div class=\"m-text-image md:flex md:py-10 lg:relative container lg:pb-20\">\n    <div class=\"md:w-6\/12 bg-white p-4 pb-5  md:p-10 filter drop-shadow-lg lg:mb-20  z-20 lg:p-14  md:order-1 md:mr-2 lg:mr-4  xl:mr-6 \">\n      <div class=\"m-text-image__content pb-4 lg:pb-12 md:text-18\">\n        Pour les processus de pelliculage et de laminage, vous pouvez utiliser nos <a href=https:\/\/lundbergtech.com\/fr\/all-in-one-units\/>Unit\u00e9s Tout-en-Un<\/a> lorsque vous devez collecter des d\u00e9chets de lisi\u00e8res provenant d\u2019une ou plusieurs machines. Les Unit\u00e9s Tout-en-Un sont faciles \u00e0 installer et contiennent tout ce dont vous avez besoin pour retirer et collecter les d\u00e9chets de lisi\u00e8res.<\/p>\n<p>Une autre solution pourrait \u00eatre un <a href=https:\/\/lundbergtech.com\/fr\/central-systems\/>Syst\u00e8me Centralis\u00e9<\/a> sur mesure pour r\u00e9pondre \u00e0 vos besoins. Nos Syst\u00e8mes Centralis\u00e9s permettent de collecter les d\u00e9chets de lisi\u00e8res d\u2019un nombre illimit\u00e9 de machines. En outre, ils peuvent \u00eatre con\u00e7us pour effectuer une s\u00e9paration des mat\u00e9riaux \u00e0 des fins de recyclage.<\/p>\n<p>Si vous poss\u00e9dez d\u00e9j\u00e0 un syst\u00e8me Lundberg Tech et que vous souhaitez l\u2019am\u00e9liorer avec un <a href=https:\/\/lundbergtech.com\/fr\/granulators-and-cutters\/>Granulateur<\/a> suppl\u00e9mentaire, nous pouvons vous aider \u00e0 choisir l\u2019un de nos Granulateurs con\u00e7us et fabriqu\u00e9s par nos soins dans notre large gamme de produits.\n \n      <\/div>\n          <\/div>\n\n    <div class=\"block md:hidden\">\n      <img decoding=\"async\" src=\"https:\/\/lundbergtech.com\/wp-content\/uploads\/2021\/10\/Laminating_Trim_waste2-scaled-570x0-c-default.jpg\" alt=\"\" class=\"lg:mb-0 lg:absolute lg:right-0 lg:mt-0 lg:-bottom-28\">\n    <\/div>\n\n    <div class=\" md:w-6\/12 md:h-96 md:relative md:mt-20 lg:z-10 hidden md:block  lg:h-auto right md:order-2 md:ml-2 lg:ml-4  xl:ml-6 \">\n      <div class=\"bg-cover lg:h-540 w-full md:h-full lg:absolute lg:bottom-0 lg:mt-0\" style=\"background-image:url('https:\/\/lundbergtech.com\/wp-content\/uploads\/2021\/10\/Laminating_Trim_waste2-scaled-570x0-c-default.jpg');\"><\/div>\n    <\/div>\n\n\n<\/div>\n\n\n[\/vc_column][\/vc_row][vc_row full_width=&#8221;stretch_row_content_no_spaces&#8221;][vc_column]<div class=\"m-case-study-carousel relative py-14 pb-32 md:pt-24 md:pb-36 lg:pt-36 lg:pb-32\">\n    <div class=\"container md:mx-auto px-3 pb-8 lg:max-w-4xl xl:max-w-6xl lg:relative \">\n\n        <h2 class=\"text-left md:pb-0 leading-8 md:text-32 md:leading-8 lg:text-36 lg:leading-10 xl:leading-11 xl:text-42 md:border-t md:border-lt_grey md:pt-4\">\n        <span class=\"text-lt_blue font-heading font-medium\">Recent<\/span>\n        <span class=\"text-lt_green font-heading block font-medium \">Case Studies <\/span><\/h2>\n\n        <div class=\"c-slider__arrows c-slider--casestudy__arrows w-32 h-10 mx-auto z-20 absolute left-0 right-0 text-center md:ml-0 md:text-left md:z-50 md:w-24\"><\/div>\n\n        <div class=\"md:overflow-hidden md:mt-1 md:pb-12 lg:pb-14 xl:pb-18 js-case-study-selector-carousel z-20\">\n            <div class=\"\">\n    <div class=\"md:flex md:h-400 xl:h-576\">\n\n        <div class=\"md:w-6\/12 xl:w-7\/12 xl:pr-3\">\n                        <div class=\"w-full h-64  lg:h-full relative overflow-hidden bg-top bg-no-repeat bg-cover\" style=\"background-image:url('https:\/\/lundbergtech.com\/wp-content\/uploads\/2019\/11\/Mondi-Korneuburg-01-742x583.jpg');\"><\/div>\n                    <\/div>\n\n\n        <div class=\"md:w-5\/12 md:ml-7  md:relative\">\n            <div class=\"p-5 md:px-8 mb-5 md:pb-7 lg:pb-12 lg:px-10 relative z-10 text-left bg-white  md:absolute md:drop-shadow-md xl:drop-shadow-xl md:filter md:m-0  md:w-full  md:right-0 md:top-52 lg:top-60 md:h-auto xl:ml-12 \">\n\n                    <a class=\"block u-a-nostyle mt-1 pt-3 md:pt-3  md:pl-0 lg:pt-4 xl:pt-5 md:hover:underline\" href=https:\/\/lundbergtech.com\/case-studies\/mondi-slitting-and-rewinding\/ title=\"Mondi \u2013 Slitting and Rewinding\">\n                    <h3 class=\"leading-snug text-20  text-lt_blue md:leading-tight lg:text-20 xl:text-28 md:mb-0 font-bold \">Mondi \u2013 Slitting and Rewinding<\/h3>\n                    <\/a>\t\n                   \n                                        <a class=\"c-button--arrow-link\" href=https:\/\/lundbergtech.com\/case-studies\/mondi-slitting-and-rewinding\/ title=\"Mondi \u2013 Slitting and Rewinding\">Read case study<\/a>\t\n                <\/div>\n           <\/div>\n\n\n\n\n\n    <\/div>\n\n<\/div>\n<div class=\"\">\n    <div class=\"md:flex md:h-400 xl:h-576\">\n\n        <div class=\"md:w-6\/12 xl:w-7\/12 xl:pr-3\">\n                        <div class=\"w-full h-64  lg:h-full relative overflow-hidden bg-top bg-no-repeat bg-cover\" style=\"background-image:url('https:\/\/lundbergtech.com\/wp-content\/uploads\/2021\/11\/Coveris-Werk-Warburg-Germany-Testimonial-742x583.png');\"><\/div>\n                    <\/div>\n\n\n        <div class=\"md:w-5\/12 md:ml-7  md:relative\">\n            <div class=\"p-5 md:px-8 mb-5 md:pb-7 lg:pb-12 lg:px-10 relative z-10 text-left bg-white  md:absolute md:drop-shadow-md xl:drop-shadow-xl md:filter md:m-0  md:w-full  md:right-0 md:top-52 lg:top-60 md:h-auto xl:ml-12 \">\n\n                    <a class=\"block u-a-nostyle mt-1 pt-3 md:pt-3  md:pl-0 lg:pt-4 xl:pt-5 md:hover:underline\" href=https:\/\/lundbergtech.com\/case-studies\/coveris-flexibles-laminating-and-coating\/ title=\"Coveris Flexibles \u2013 Laminating and Coating\">\n                    <h3 class=\"leading-snug text-20  text-lt_blue md:leading-tight lg:text-20 xl:text-28 md:mb-0 font-bold \">Coveris Flexibles \u2013 Laminating and Coating<\/h3>\n                    <\/a>\t\n                   \n                                        <a class=\"c-button--arrow-link\" href=https:\/\/lundbergtech.com\/case-studies\/coveris-flexibles-laminating-and-coating\/ title=\"Coveris Flexibles \u2013 Laminating and Coating\">Read case study<\/a>\t\n                <\/div>\n           <\/div>\n\n\n\n\n\n    <\/div>\n\n<\/div>\n\n        <\/div>\n         <div class=\"c-slider__dots c-slider--casestudy__dots  mx-auto z-20 absolute left-0 right-0 text-center\"><\/div>\n   \t<\/div>\n<\/div>\n\n<div class=\"m-spacer m-spacer-69e28fa742433\" data-id=\"69e28fa742433\" data-height=\"25\" data-height-mobile=\"0\" data-height-tab=\"0\" data-height-tab-portrait=\"0\" style=\"clear:both;display:block;\"><\/div>\n\n\n\n[\/vc_column][\/vc_row]<\/p>\n<\/div>","protected":false},"excerpt":{"rendered":"<p>[vc_row full_width=&#8221;stretch_row&#8221; css=&#8221;.vc_custom_1624535937170{background-image: url(https:\/\/lundbergtech.com\/wp-content\/uploads\/2021\/06\/grey-abstract-bg-2.jpg?id=323) !important;background-position: center !important;background-repeat: no-repeat !important;background-size: cover !important;}&#8221;][vc_column][\/vc_column][\/vc_row][vc_row full_width=&#8221;stretch_row_content_no_spaces&#8221;][vc_column css=&#8221;.vc_custom_1636364525468{margin-top: 0px !important;margin-bottom: 0px !important;border-top-width: 0px !important;border-bottom-width: 0px !important;padding-top: 0px !important;padding-bottom: 0px !important;}&#8221;][\/vc_column][\/vc_row][vc_row full_width=&#8221;stretch_row&#8221; css=&#8221;.vc_custom_1627655038166{background-position: center !important;background-repeat: no-repeat !important;background-size: cover !important;}&#8221;][vc_column][\/vc_column][\/vc_row][vc_row full_width=&#8221;stretch_row&#8221; css=&#8221;.vc_custom_1627655038166{background-position: center !important;background-repeat: no-repeat !important;background-size: cover !important;}&#8221;][vc_column][\/vc_column][\/vc_row][vc_row full_width=&#8221;stretch_row_content_no_spaces&#8221;][vc_column][\/vc_column][\/vc_row]<\/p>\n","protected":false},"author":1,"featured_media":1418,"parent":5840,"menu_order":0,"comment_status":"closed","ping_status":"closed","template":"","meta":{"_acf_changed":false,"inline_featured_image":false,"footnotes":""},"class_list":["post-5881","page","type-page","status-publish","has-post-thumbnail","hentry"],"acf":[],"yoast_head":"<!-- This site is optimized with the Yoast SEO plugin v27.1.1 - https:\/\/yoast.com\/product\/yoast-seo-wordpress\/ -->\n<title>Laminage, Pelliculage | traitement des d\u00e9chets de film, papier, carton<\/title>\n<meta name=\"description\" content=\"Le processus de laminage et de pelliculage n\u00e9cessite souvent un traitement des d\u00e9chets | Lundberg Tech syst\u00e8me de traitement des d\u00e9chets\" \/>\n<meta name=\"robots\" content=\"index, follow, max-snippet:-1, max-image-preview:large, max-video-preview:-1\" \/>\n<link rel=\"canonical\" href=\"https:\/\/lundbergtech.com\/fr\/votre-processus\/laminage-pelliculage\/\" \/>\n<meta property=\"og:locale\" content=\"fr_FR\" \/>\n<meta property=\"og:type\" content=\"article\" \/>\n<meta property=\"og:title\" content=\"Laminage, Pelliculage | traitement des d\u00e9chets de film, papier, carton\" \/>\n<meta property=\"og:description\" content=\"Le processus de laminage et de pelliculage n\u00e9cessite souvent un traitement des d\u00e9chets | Lundberg Tech syst\u00e8me de traitement des d\u00e9chets\" \/>\n<meta property=\"og:url\" content=\"https:\/\/lundbergtech.com\/fr\/votre-processus\/laminage-pelliculage\/\" \/>\n<meta property=\"og:site_name\" content=\"Lundberg Tech\" \/>\n<meta property=\"article:publisher\" content=\"https:\/\/www.facebook.com\/lundbergtech\" \/>\n<meta property=\"article:modified_time\" content=\"2023-06-30T12:53:56+00:00\" \/>\n<meta property=\"og:image\" content=\"https:\/\/lundbergtech.com\/wp-content\/uploads\/2021\/10\/Laminating_trim_waste-742x583-2.jpg\" \/>\n\t<meta property=\"og:image:width\" content=\"657\" \/>\n\t<meta property=\"og:image:height\" content=\"516\" \/>\n\t<meta property=\"og:image:type\" content=\"image\/jpeg\" \/>\n<meta name=\"twitter:card\" content=\"summary_large_image\" \/>\n<meta name=\"twitter:site\" content=\"@lundbergtech\" \/>\n<meta name=\"twitter:label1\" content=\"Est. reading time\" \/>\n\t<meta name=\"twitter:data1\" content=\"3 minutes\" \/>\n<script type=\"application\/ld+json\" class=\"yoast-schema-graph\">{\"@context\":\"https:\/\/schema.org\",\"@graph\":[{\"@type\":\"WebPage\",\"@id\":\"https:\/\/lundbergtech.com\/fr\/votre-processus\/laminage-pelliculage\/\",\"url\":\"https:\/\/lundbergtech.com\/fr\/votre-processus\/laminage-pelliculage\/\",\"name\":\"Laminage, Pelliculage | traitement des d\u00e9chets de film, papier, carton\",\"isPartOf\":{\"@id\":\"https:\/\/lundbergtech.com\/#website\"},\"primaryImageOfPage\":{\"@id\":\"https:\/\/lundbergtech.com\/fr\/votre-processus\/laminage-pelliculage\/#primaryimage\"},\"image\":{\"@id\":\"https:\/\/lundbergtech.com\/fr\/votre-processus\/laminage-pelliculage\/#primaryimage\"},\"thumbnailUrl\":\"https:\/\/lundbergtech.com\/wp-content\/uploads\/2021\/10\/Laminating_trim_waste-742x583-2.jpg\",\"datePublished\":\"2021-05-19T11:48:12+00:00\",\"dateModified\":\"2023-06-30T12:53:56+00:00\",\"description\":\"Le processus de laminage et de pelliculage n\u00e9cessite souvent un traitement des d\u00e9chets | Lundberg Tech syst\u00e8me de traitement des d\u00e9chets\",\"breadcrumb\":{\"@id\":\"https:\/\/lundbergtech.com\/fr\/votre-processus\/laminage-pelliculage\/#breadcrumb\"},\"inLanguage\":\"fr-FR\",\"potentialAction\":[{\"@type\":\"ReadAction\",\"target\":[\"https:\/\/lundbergtech.com\/fr\/votre-processus\/laminage-pelliculage\/\"]}]},{\"@type\":\"ImageObject\",\"inLanguage\":\"fr-FR\",\"@id\":\"https:\/\/lundbergtech.com\/fr\/votre-processus\/laminage-pelliculage\/#primaryimage\",\"url\":\"https:\/\/lundbergtech.com\/wp-content\/uploads\/2021\/10\/Laminating_trim_waste-742x583-2.jpg\",\"contentUrl\":\"https:\/\/lundbergtech.com\/wp-content\/uploads\/2021\/10\/Laminating_trim_waste-742x583-2.jpg\",\"width\":657,\"height\":516},{\"@type\":\"BreadcrumbList\",\"@id\":\"https:\/\/lundbergtech.com\/fr\/votre-processus\/laminage-pelliculage\/#breadcrumb\",\"itemListElement\":[{\"@type\":\"ListItem\",\"position\":1,\"name\":\"Votre processus\",\"item\":\"https:\/\/lundbergtech.com\/fr\/votre-processus\/\"},{\"@type\":\"ListItem\",\"position\":2,\"name\":\"Laminage, Pelliculage\"}]},{\"@type\":\"WebSite\",\"@id\":\"https:\/\/lundbergtech.com\/#website\",\"url\":\"https:\/\/lundbergtech.com\/\",\"name\":\"Lundberg Tech\",\"description\":\"Our waste handling keeps production going\",\"potentialAction\":[{\"@type\":\"SearchAction\",\"target\":{\"@type\":\"EntryPoint\",\"urlTemplate\":\"https:\/\/lundbergtech.com\/?s={search_term_string}\"},\"query-input\":{\"@type\":\"PropertyValueSpecification\",\"valueRequired\":true,\"valueName\":\"search_term_string\"}}],\"inLanguage\":\"fr-FR\"}]}<\/script>\n<!-- \/ Yoast SEO plugin. -->","yoast_head_json":{"title":"Laminage, Pelliculage | traitement des d\u00e9chets de film, papier, carton","description":"Le processus de laminage et de pelliculage n\u00e9cessite souvent un traitement des d\u00e9chets | Lundberg Tech syst\u00e8me de traitement des d\u00e9chets","robots":{"index":"index","follow":"follow","max-snippet":"max-snippet:-1","max-image-preview":"max-image-preview:large","max-video-preview":"max-video-preview:-1"},"canonical":"https:\/\/lundbergtech.com\/fr\/votre-processus\/laminage-pelliculage\/","og_locale":"fr_FR","og_type":"article","og_title":"Laminage, Pelliculage | traitement des d\u00e9chets de film, papier, carton","og_description":"Le processus de laminage et de pelliculage n\u00e9cessite souvent un traitement des d\u00e9chets | Lundberg Tech syst\u00e8me de traitement des d\u00e9chets","og_url":"https:\/\/lundbergtech.com\/fr\/votre-processus\/laminage-pelliculage\/","og_site_name":"Lundberg Tech","article_publisher":"https:\/\/www.facebook.com\/lundbergtech","article_modified_time":"2023-06-30T12:53:56+00:00","og_image":[{"width":657,"height":516,"url":"https:\/\/lundbergtech.com\/wp-content\/uploads\/2021\/10\/Laminating_trim_waste-742x583-2.jpg","type":"image\/jpeg"}],"twitter_card":"summary_large_image","twitter_site":"@lundbergtech","twitter_misc":{"Est. reading time":"3 minutes"},"schema":{"@context":"https:\/\/schema.org","@graph":[{"@type":"WebPage","@id":"https:\/\/lundbergtech.com\/fr\/votre-processus\/laminage-pelliculage\/","url":"https:\/\/lundbergtech.com\/fr\/votre-processus\/laminage-pelliculage\/","name":"Laminage, Pelliculage | traitement des d\u00e9chets de film, papier, carton","isPartOf":{"@id":"https:\/\/lundbergtech.com\/#website"},"primaryImageOfPage":{"@id":"https:\/\/lundbergtech.com\/fr\/votre-processus\/laminage-pelliculage\/#primaryimage"},"image":{"@id":"https:\/\/lundbergtech.com\/fr\/votre-processus\/laminage-pelliculage\/#primaryimage"},"thumbnailUrl":"https:\/\/lundbergtech.com\/wp-content\/uploads\/2021\/10\/Laminating_trim_waste-742x583-2.jpg","datePublished":"2021-05-19T11:48:12+00:00","dateModified":"2023-06-30T12:53:56+00:00","description":"Le processus de laminage et de pelliculage n\u00e9cessite souvent un traitement des d\u00e9chets | Lundberg Tech syst\u00e8me de traitement des d\u00e9chets","breadcrumb":{"@id":"https:\/\/lundbergtech.com\/fr\/votre-processus\/laminage-pelliculage\/#breadcrumb"},"inLanguage":"fr-FR","potentialAction":[{"@type":"ReadAction","target":["https:\/\/lundbergtech.com\/fr\/votre-processus\/laminage-pelliculage\/"]}]},{"@type":"ImageObject","inLanguage":"fr-FR","@id":"https:\/\/lundbergtech.com\/fr\/votre-processus\/laminage-pelliculage\/#primaryimage","url":"https:\/\/lundbergtech.com\/wp-content\/uploads\/2021\/10\/Laminating_trim_waste-742x583-2.jpg","contentUrl":"https:\/\/lundbergtech.com\/wp-content\/uploads\/2021\/10\/Laminating_trim_waste-742x583-2.jpg","width":657,"height":516},{"@type":"BreadcrumbList","@id":"https:\/\/lundbergtech.com\/fr\/votre-processus\/laminage-pelliculage\/#breadcrumb","itemListElement":[{"@type":"ListItem","position":1,"name":"Votre processus","item":"https:\/\/lundbergtech.com\/fr\/votre-processus\/"},{"@type":"ListItem","position":2,"name":"Laminage, Pelliculage"}]},{"@type":"WebSite","@id":"https:\/\/lundbergtech.com\/#website","url":"https:\/\/lundbergtech.com\/","name":"Lundberg Tech","description":"Our waste handling keeps production going","potentialAction":[{"@type":"SearchAction","target":{"@type":"EntryPoint","urlTemplate":"https:\/\/lundbergtech.com\/?s={search_term_string}"},"query-input":{"@type":"PropertyValueSpecification","valueRequired":true,"valueName":"search_term_string"}}],"inLanguage":"fr-FR"}]}},"_links":{"self":[{"href":"https:\/\/lundbergtech.com\/fr\/wp-json\/wp\/v2\/pages\/5881","targetHints":{"allow":["GET"]}}],"collection":[{"href":"https:\/\/lundbergtech.com\/fr\/wp-json\/wp\/v2\/pages"}],"about":[{"href":"https:\/\/lundbergtech.com\/fr\/wp-json\/wp\/v2\/types\/page"}],"author":[{"embeddable":true,"href":"https:\/\/lundbergtech.com\/fr\/wp-json\/wp\/v2\/users\/1"}],"replies":[{"embeddable":true,"href":"https:\/\/lundbergtech.com\/fr\/wp-json\/wp\/v2\/comments?post=5881"}],"version-history":[{"count":13,"href":"https:\/\/lundbergtech.com\/fr\/wp-json\/wp\/v2\/pages\/5881\/revisions"}],"predecessor-version":[{"id":7502,"href":"https:\/\/lundbergtech.com\/fr\/wp-json\/wp\/v2\/pages\/5881\/revisions\/7502"}],"up":[{"embeddable":true,"href":"https:\/\/lundbergtech.com\/fr\/wp-json\/wp\/v2\/pages\/5840"}],"wp:featuredmedia":[{"embeddable":true,"href":"https:\/\/lundbergtech.com\/fr\/wp-json\/wp\/v2\/media\/1418"}],"wp:attachment":[{"href":"https:\/\/lundbergtech.com\/fr\/wp-json\/wp\/v2\/media?parent=5881"}],"curies":[{"name":"wp","href":"https:\/\/api.w.org\/{rel}","templated":true}]}}