{"id":5883,"date":"2021-05-19T11:48:25","date_gmt":"2021-05-19T11:48:25","guid":{"rendered":"https:\/\/lundbergtech.com\/your-process\/printing\/"},"modified":"2023-07-03T14:01:16","modified_gmt":"2023-07-03T14:01:16","slug":"impression","status":"publish","type":"page","link":"https:\/\/lundbergtech.com\/fr\/votre-processus\/impression\/","title":{"rendered":"Impression"},"content":{"rendered":"<div class=\"wpb-content-wrapper\"><p>[vc_row full_width=&#8221;stretch_row&#8221; css=&#8221;.vc_custom_1624535937170{background-image: url(https:\/\/lundbergtech.com\/wp-content\/uploads\/2021\/06\/grey-abstract-bg-2.jpg?id=323) !important;background-position: center !important;background-repeat: no-repeat !important;background-size: cover !important;}&#8221;][vc_column]<div class=\"m-text-image md:flex md:py-10 lg:relative container lg:pb-20\">\n    <div class=\"md:w-6\/12 bg-white p-4 pb-5  md:p-10 filter drop-shadow-lg lg:mb-20  z-20 lg:p-14  md:order-2 md:ml-2 lg:ml-4 xl:ml-6 \">\n      <div class=\"m-text-image__content pb-4 lg:pb-12 md:text-18\">\n        Que votre processus d\u2019impression soit en offset, flexo en laize \u00e9troite ou large, ou de la s\u00e9rigraphie, il est tr\u00e8s probable que votre processus g\u00e9n\u00e8re des d\u00e9chets lorsque le mat\u00e9riau imprim\u00e9 est d\u00e9coup\u00e9 dans sa forme finale. Les d\u00e9chets g\u00e9n\u00e9r\u00e9s par le processus de d\u00e9coupe ou de refente ne cr\u00e9ent aucune valeur dans votre processus d\u2019impression et doivent donc \u00eatre \u00e9limin\u00e9s efficacement.<\/p>\n<p>Lundberg Tech con\u00e7oit et fabrique des syst\u00e8mes de traitement des d\u00e9chets largement utilis\u00e9s dans l\u2019industrie de l\u2019impression pour s\u2019assurer que toutes les d\u00e9coupes, coupes \u00e0 l&#8217;emporte-pi\u00e8ce, matrices et lisi\u00e8res des processus d\u2019impression sont \u00e9limin\u00e9es. Lorsque vous utilisez un <a href=https:\/\/lundbergtech.com\/fr\/granulators-and-cutters\/>Granulateur<\/a> Lundberg Tech, vos d\u00e9chets d\u2019impression seront d\u00e9coup\u00e9s en petits morceaux afin qu\u2019ils puissent \u00eatre facilement transport\u00e9s via un syst\u00e8me de tuyauterie d\u00e9di\u00e9 au point de collecte des d\u00e9chets.\n \n      <\/div>\n          <\/div>\n\n    <div class=\"block md:hidden\">\n      <img decoding=\"async\" src=\"https:\/\/lundbergtech.com\/wp-content\/uploads\/2021\/10\/PrintWaste-scaled-570x0-c-default.jpg\" alt=\"Waste from printing press\" class=\"lg:mb-0 lg:absolute lg:right-0 lg:mt-0 lg:-bottom-28\">\n    <\/div>\n\n    <div class=\" md:w-6\/12 md:h-96 md:relative md:mt-20 lg:z-10 hidden md:block  lg:h-auto  left md:order-1 md:mr-2 lg:mr-4  xl:mr-6 \">\n      <div class=\"bg-cover lg:h-540 w-full md:h-full lg:absolute lg:bottom-0 lg:mt-0\" style=\"background-image:url('https:\/\/lundbergtech.com\/wp-content\/uploads\/2021\/10\/PrintWaste-scaled-570x0-c-default.jpg');\"><\/div>\n    <\/div>\n\n\n<\/div>\n\n\n<div class=\"m-spacer m-spacer-69dd48c0bdf48\" data-id=\"69dd48c0bdf48\" data-height=\"0\" data-height-mobile=\"25\" data-height-tab=\"0\" data-height-tab-portrait=\"0\" style=\"clear:both;display:block;\"><\/div>\n\n\n\n[\/vc_column][\/vc_row][vc_row full_width=&#8221;stretch_row_content_no_spaces&#8221;][vc_column css=&#8221;.vc_custom_1636364941102{margin-top: 0px !important;margin-bottom: 0px !important;border-top-width: 0px !important;border-bottom-width: 0px !important;padding-top: 0px !important;padding-bottom: 0px !important;}&#8221;]<div class=\"m-benefits-carousel relative py-14 pb-8 md:pt-24 md:pb-6 lg:pt-36 lg:pb-12  image-right \">\n    <div class=\"container md:mx-auto px-3 pb-2 lg:max-w-4xl xl:max-w-6xl lg:relative \">\n\n        <h2 class=\"text-left md:pb-0 leading-8 md:text-32 md:w-4\/12 md:leading-8 lg:text-36 lg:leading-10 xl:leading-11 xl:text-42 md:border-t md:border-lt_grey md:pt-4\">\n        <span class=\"text-lt_blue font-heading font-medium\">Avantages et fonctionnalit\u00e9s<\/span>\n        <span class=\"text-lt_green text-16 lg:text-18 leading-5 block font-semibold md:pt-2 \">Il y a plusieurs avantages \u00e0 automatiser le traitement des d\u00e9chets : <\/span><\/h2>\n\n        <div class=\"c-slider__arrows c-slider--benefits__arrows w-32 h-10 mx-auto z-20 absolute left-0 right-0 text-center md:ml-0 md:text-left md:z-50 md:w-24\"><\/div>\n\n        <div class=\"md:overflow-hidden md:mt-1 md:pb-12 lg:pb-14 xl:pb-18 js-benefits-carousel z-20 \">\n            <div class=\"\">\n    <div class=\"md:flex md:h-592\">\n\n        <div class=\"md:w-5\/12 md:ml-10 lg:w-6\/12 xl:w-6\/12 m-benefits-carousel__image-container md:mb-14\">\n                        <div class=\"w-full h-64 md:h-full relative overflow-hidden bg-top bg-no-repeat bg-cover\" style=\"background-image:url('https:\/\/lundbergtech.com\/wp-content\/uploads\/2021\/10\/Printing-742x583-1-742x583.jpg');\"><\/div>\n                    <\/div>\n\n\n        <div class=\"md:w-6\/12 m-benefits-carousel__content-container\">\n            <div class=\"z-10 text-left bg-white p-3 lg:ml-0 md:relative \">\n\n                <div class=\"m-benefits-carousel__content px-3 \">\n                    <\/p>\n<ul>\n<li style=\"font-weight: 400;\" aria-level=\"1\"><span style=\"font-weight: 400;\">Une r\u00e9duction du volume de d\u00e9chets<\/span><\/li>\n<li style=\"font-weight: 400;\" aria-level=\"1\"><span style=\"font-weight: 400;\">Une main-d\u2019\u0153uvre manuelle r\u00e9duite au minimum pour le traitement des d\u00e9chets<\/span><\/li>\n<li style=\"font-weight: 400;\" aria-level=\"1\"><span style=\"font-weight: 400;\">Une pr\u00e9paration des d\u00e9chets pour le recyclage<\/span><\/li>\n<li style=\"font-weight: 400;\" aria-level=\"1\"><span style=\"font-weight: 400;\">Un environnement de travail plus propre, du fait que les d\u00e9chets sont efficacement \u00e9limin\u00e9s<\/span><\/li>\n<\/ul>\n<p>\n                <\/div>\n\n                <\/div>\n           <\/div>\n\n\n\n\n\n    <\/div>\n\n<\/div>\n\n        <\/div>\n         <div class=\"c-slider__dots c-slider--benefits__dots  static h-4 mt-10 lg:mt-14 mx-auto z-20  left-0 right-0 text-center\"><\/div>\n   \t<\/div>\n<\/div>\n\n[\/vc_column][\/vc_row][vc_row][vc_column css=&#8221;.vc_custom_1636364871792{margin-top: 0px !important;margin-bottom: 0px !important;border-top-width: 0px !important;border-bottom-width: 0px !important;padding-top: 0px !important;padding-bottom: 0px !important;}&#8221;]<div class=\"m-spacer m-spacer-69dd48c0c1974\" data-id=\"69dd48c0c1974\" data-height=\"0\" data-height-mobile=\"25\" data-height-tab=\"0\" data-height-tab-portrait=\"0\" style=\"clear:both;display:block;\"><\/div>\n\n\n\n<div class=\"m-text-image md:flex md:py-10 lg:relative container lg:pb-20\">\n    <div class=\"md:w-6\/12 bg-white p-4 pb-5  md:p-10 filter drop-shadow-lg lg:mb-20  z-20 lg:p-14  md:order-1 md:mr-2 lg:mr-4  xl:mr-6 \">\n      <div class=\"m-text-image__content pb-4 lg:pb-12 md:text-18\">\n        <\/p>\n<h2>Divers syst\u00e8mes et unit\u00e9s de traitement des d\u00e9chets peuvent \u00eatre utilis\u00e9s<\/h2>\n<p>Cela fait plus de 40 ans que Lundberg Tech con\u00e7oit et fabrique des unit\u00e9s et des syst\u00e8mes de traitement des d\u00e9chets pour l\u2019industrie de l\u2019impression et de l\u2019\u00e9tiquetage. Nos solutions sont toutes con\u00e7ues pour maintenir la continuit\u00e9 de votre production sans les inconv\u00e9nients du traitement des d\u00e9chets g\u00e9n\u00e9r\u00e9s par le processus d\u2019impression.<\/p>\n<p>Les syst\u00e8mes de traitement des d\u00e9chets Lundberg Tech peuvent g\u00e9rer tous les mat\u00e9riaux que vous utilisez dans votre processus d\u2019impression. Si vous avez des doutes quant \u00e0 notre capacit\u00e9 de d\u00e9couper votre mat\u00e9riau, appelez-nous pour organiser un test avec votre mat\u00e9riau.<\/p>\n<p>Pour vos processus d\u2019impression, vous pouvez b\u00e9n\u00e9ficier de nos <a href=https:\/\/lundbergtech.com\/fr\/all-in-one-units\/>Unit\u00e9s Tout-en-Un<\/a> pour collecter vos lisi\u00e8res et d\u00e9chets provenant d\u2019une ou plusieurs machines. Comme leur nom l\u2019indique, les Unit\u00e9s Tout-en-Un contiennent tout ce dont vous avez besoin lorsque vous souhaitez retirer et collecter des lisi\u00e8res &#8211; et en prime, elles sont faciles \u00e0 installer.<\/p>\n<p>De plus vous pouvez \u00e9galement nous demander de concevoir un <a href=https:\/\/lundbergtech.com\/fr\/central-systems\/>Syst\u00e8me Centralis\u00e9<\/a> adapt\u00e9 \u00e0 vos besoins. Nos Syst\u00e8mes Centralis\u00e9s peuvent \u00eatre con\u00e7us dans le but d\u2019inclure la s\u00e9paration des mat\u00e9riaux pour le recyclage. Naturellement, ils permettent \u00e9galement de collecter les d\u00e9chets d\u2019un nombre illimit\u00e9 de machines.<\/p>\n<p>Si vous poss\u00e9dez d\u00e9j\u00e0 un syst\u00e8me Lundberg Tech et avez besoin d\u2019augmenter votre capacit\u00e9 en ajoutant un <a href=https:\/\/lundbergtech.com\/fr\/granulators-and-cutters\/>Granulateur<\/a>, nous pouvons vous aider. Choisissez parmi notre large gamme de Granulateurs con\u00e7us et fabriqu\u00e9s par nos soins.\n \n      <\/div>\n          <\/div>\n\n    <div class=\"block md:hidden\">\n      <img decoding=\"async\" src=\"https:\/\/lundbergtech.com\/wp-content\/uploads\/2021\/10\/PrintWaste2-570x0-c-default.jpg\" alt=\"\" class=\"lg:mb-0 lg:absolute lg:right-0 lg:mt-0 lg:-bottom-28\">\n    <\/div>\n\n    <div class=\" md:w-6\/12 md:h-96 md:relative md:mt-20 lg:z-10 hidden md:block  lg:h-auto right md:order-2 md:ml-2 lg:ml-4  xl:ml-6 \">\n      <div class=\"bg-cover lg:h-540 w-full md:h-full lg:absolute lg:bottom-0 lg:mt-0\" style=\"background-image:url('https:\/\/lundbergtech.com\/wp-content\/uploads\/2021\/10\/PrintWaste2-570x0-c-default.jpg');\"><\/div>\n    <\/div>\n\n\n<\/div>\n\n\n<div class=\"m-spacer m-spacer-69dd48c0c3576\" data-id=\"69dd48c0c3576\" data-height=\"0\" data-height-mobile=\"25\" data-height-tab=\"0\" data-height-tab-portrait=\"0\" style=\"clear:both;display:block;\"><\/div>\n\n\n\n[\/vc_column][\/vc_row][vc_row full_width=&#8221;stretch_row_content_no_spaces&#8221;][vc_column]<div class=\"m-case-study-carousel relative py-14 pb-32 md:pt-24 md:pb-36 lg:pt-36 lg:pb-32\">\n    <div class=\"container md:mx-auto px-3 pb-8 lg:max-w-4xl xl:max-w-6xl lg:relative \">\n\n        <h2 class=\"text-left md:pb-0 leading-8 md:text-32 md:leading-8 lg:text-36 lg:leading-10 xl:leading-11 xl:text-42 md:border-t md:border-lt_grey md:pt-4\">\n        <span class=\"text-lt_blue font-heading font-medium\">Recent<\/span>\n        <span class=\"text-lt_green font-heading block font-medium \">Case Studies <\/span><\/h2>\n\n        <div class=\"c-slider__arrows c-slider--casestudy__arrows w-32 h-10 mx-auto z-20 absolute left-0 right-0 text-center md:ml-0 md:text-left md:z-50 md:w-24\"><\/div>\n\n        <div class=\"md:overflow-hidden md:mt-1 md:pb-12 lg:pb-14 xl:pb-18 js-case-study-selector-carousel z-20\">\n            <div class=\"\">\n    <div class=\"md:flex md:h-400 xl:h-576\">\n\n        <div class=\"md:w-6\/12 xl:w-7\/12 xl:pr-3\">\n                        <div class=\"w-full h-64  lg:h-full relative overflow-hidden bg-top bg-no-repeat bg-cover\" style=\"background-image:url('https:\/\/lundbergtech.com\/wp-content\/uploads\/2021\/11\/Navistar-Direct-Marketing-20200601_110440_resized-742x583.jpg');\"><\/div>\n                    <\/div>\n\n\n        <div class=\"md:w-5\/12 md:ml-7  md:relative\">\n            <div class=\"p-5 md:px-8 mb-5 md:pb-7 lg:pb-12 lg:px-10 relative z-10 text-left bg-white  md:absolute md:drop-shadow-md xl:drop-shadow-xl md:filter md:m-0  md:w-full  md:right-0 md:top-52 lg:top-60 md:h-auto xl:ml-12 \">\n\n                    <a class=\"block u-a-nostyle mt-1 pt-3 md:pt-3  md:pl-0 lg:pt-4 xl:pt-5 md:hover:underline\" href=https:\/\/lundbergtech.com\/case-studies\/navistar-direct-marketing-printing\/ title=\"Navistar Direct Marketing \u2013 Printing\">\n                    <h3 class=\"leading-snug text-20  text-lt_blue md:leading-tight lg:text-20 xl:text-28 md:mb-0 font-bold \">Navistar Direct Marketing \u2013 Printing<\/h3>\n                    <\/a>\t\n                   \n                                        <a class=\"c-button--arrow-link\" href=https:\/\/lundbergtech.com\/case-studies\/navistar-direct-marketing-printing\/ title=\"Navistar Direct Marketing \u2013 Printing\">Read case study<\/a>\t\n                <\/div>\n           <\/div>\n\n\n\n\n\n    <\/div>\n\n<\/div>\n<div class=\"\">\n    <div class=\"md:flex md:h-400 xl:h-576\">\n\n        <div class=\"md:w-6\/12 xl:w-7\/12 xl:pr-3\">\n                        <div class=\"w-full h-64  lg:h-full relative overflow-hidden bg-top bg-no-repeat bg-cover\" style=\"background-image:url('https:\/\/lundbergtech.com\/wp-content\/uploads\/2020\/01\/Shenguorui-Printing-2-742x583.jpg');\"><\/div>\n                    <\/div>\n\n\n        <div class=\"md:w-5\/12 md:ml-7  md:relative\">\n            <div class=\"p-5 md:px-8 mb-5 md:pb-7 lg:pb-12 lg:px-10 relative z-10 text-left bg-white  md:absolute md:drop-shadow-md xl:drop-shadow-xl md:filter md:m-0  md:w-full  md:right-0 md:top-52 lg:top-60 md:h-auto xl:ml-12 \">\n\n                    <a class=\"block u-a-nostyle mt-1 pt-3 md:pt-3  md:pl-0 lg:pt-4 xl:pt-5 md:hover:underline\" href=https:\/\/lundbergtech.com\/case-studies\/shenguorui-printing-printing\/ title=\"Shenguorui Printing \u2013 Printing\">\n                    <h3 class=\"leading-snug text-20  text-lt_blue md:leading-tight lg:text-20 xl:text-28 md:mb-0 font-bold \">Shenguorui Printing \u2013 Printing<\/h3>\n                    <\/a>\t\n                   \n                                        <a class=\"c-button--arrow-link\" href=https:\/\/lundbergtech.com\/case-studies\/shenguorui-printing-printing\/ title=\"Shenguorui Printing \u2013 Printing\">Read case study<\/a>\t\n                <\/div>\n           <\/div>\n\n\n\n\n\n    <\/div>\n\n<\/div>\n\n        <\/div>\n         <div class=\"c-slider__dots c-slider--casestudy__dots  mx-auto z-20 absolute left-0 right-0 text-center\"><\/div>\n   \t<\/div>\n<\/div>\n\n<div class=\"m-spacer m-spacer-69dd48c0c980a\" data-id=\"69dd48c0c980a\" data-height=\"25\" data-height-mobile=\"0\" data-height-tab=\"0\" data-height-tab-portrait=\"0\" style=\"clear:both;display:block;\"><\/div>\n\n\n\n[\/vc_column][\/vc_row]<\/p>\n<\/div>","protected":false},"excerpt":{"rendered":"<p>[vc_row full_width=&#8221;stretch_row&#8221; css=&#8221;.vc_custom_1624535937170{background-image: url(https:\/\/lundbergtech.com\/wp-content\/uploads\/2021\/06\/grey-abstract-bg-2.jpg?id=323) !important;background-position: center !important;background-repeat: no-repeat !important;background-size: cover !important;}&#8221;][vc_column][\/vc_column][\/vc_row][vc_row full_width=&#8221;stretch_row_content_no_spaces&#8221;][vc_column css=&#8221;.vc_custom_1636364941102{margin-top: 0px !important;margin-bottom: 0px !important;border-top-width: 0px !important;border-bottom-width: 0px !important;padding-top: 0px !important;padding-bottom: 0px !important;}&#8221;][\/vc_column][\/vc_row][vc_row][vc_column css=&#8221;.vc_custom_1636364871792{margin-top: 0px !important;margin-bottom: 0px !important;border-top-width: 0px !important;border-bottom-width: 0px !important;padding-top: 0px !important;padding-bottom: 0px !important;}&#8221;][\/vc_column][\/vc_row][vc_row full_width=&#8221;stretch_row_content_no_spaces&#8221;][vc_column][\/vc_column][\/vc_row]<\/p>\n","protected":false},"author":1,"featured_media":1521,"parent":5840,"menu_order":0,"comment_status":"closed","ping_status":"closed","template":"","meta":{"_acf_changed":false,"inline_featured_image":false,"footnotes":""},"class_list":["post-5883","page","type-page","status-publish","has-post-thumbnail","hentry"],"acf":[],"yoast_head":"<!-- This site is optimized with the Yoast SEO plugin v27.1.1 - https:\/\/yoast.com\/product\/yoast-seo-wordpress\/ -->\n<title>Impression | Les syst\u00e8mes de traitement des d\u00e9chets<\/title>\n<meta name=\"description\" content=\"Le travail d\u2019impression peut n\u00e9cessiter la capture et la d\u00e9coupe des d\u00e9chets = Lundberg Tech syst\u00e8me automatis\u00e9 de traitement des d\u00e9chets | En savoir plus\" \/>\n<meta name=\"robots\" content=\"index, follow, max-snippet:-1, max-image-preview:large, max-video-preview:-1\" \/>\n<link rel=\"canonical\" href=\"https:\/\/lundbergtech.com\/fr\/votre-processus\/impression\/\" \/>\n<meta property=\"og:locale\" content=\"fr_FR\" \/>\n<meta property=\"og:type\" content=\"article\" \/>\n<meta property=\"og:title\" content=\"Impression | Les syst\u00e8mes de traitement des d\u00e9chets\" \/>\n<meta property=\"og:description\" content=\"Le travail d\u2019impression peut n\u00e9cessiter la capture et la d\u00e9coupe des d\u00e9chets = Lundberg Tech syst\u00e8me automatis\u00e9 de traitement des d\u00e9chets | En savoir plus\" \/>\n<meta property=\"og:url\" content=\"https:\/\/lundbergtech.com\/fr\/votre-processus\/impression\/\" \/>\n<meta property=\"og:site_name\" content=\"Lundberg Tech\" \/>\n<meta property=\"article:publisher\" content=\"https:\/\/www.facebook.com\/lundbergtech\" \/>\n<meta property=\"article:modified_time\" content=\"2023-07-03T14:01:16+00:00\" \/>\n<meta property=\"og:image\" content=\"https:\/\/lundbergtech.com\/wp-content\/uploads\/2021\/10\/Printing-TrimWaste011.jpg\" \/>\n\t<meta property=\"og:image:width\" content=\"700\" \/>\n\t<meta property=\"og:image:height\" content=\"365\" \/>\n\t<meta property=\"og:image:type\" content=\"image\/jpeg\" \/>\n<meta name=\"twitter:card\" content=\"summary_large_image\" \/>\n<meta name=\"twitter:site\" content=\"@lundbergtech\" \/>\n<meta name=\"twitter:label1\" content=\"Est. reading time\" \/>\n\t<meta name=\"twitter:data1\" content=\"3 minutes\" \/>\n<script type=\"application\/ld+json\" class=\"yoast-schema-graph\">{\"@context\":\"https:\/\/schema.org\",\"@graph\":[{\"@type\":\"WebPage\",\"@id\":\"https:\/\/lundbergtech.com\/fr\/votre-processus\/impression\/\",\"url\":\"https:\/\/lundbergtech.com\/fr\/votre-processus\/impression\/\",\"name\":\"Impression | Les syst\u00e8mes de traitement des d\u00e9chets\",\"isPartOf\":{\"@id\":\"https:\/\/lundbergtech.com\/#website\"},\"primaryImageOfPage\":{\"@id\":\"https:\/\/lundbergtech.com\/fr\/votre-processus\/impression\/#primaryimage\"},\"image\":{\"@id\":\"https:\/\/lundbergtech.com\/fr\/votre-processus\/impression\/#primaryimage\"},\"thumbnailUrl\":\"https:\/\/lundbergtech.com\/wp-content\/uploads\/2021\/10\/Printing-TrimWaste011.jpg\",\"datePublished\":\"2021-05-19T11:48:25+00:00\",\"dateModified\":\"2023-07-03T14:01:16+00:00\",\"description\":\"Le travail d\u2019impression peut n\u00e9cessiter la capture et la d\u00e9coupe des d\u00e9chets = Lundberg Tech syst\u00e8me automatis\u00e9 de traitement des d\u00e9chets | En savoir plus\",\"breadcrumb\":{\"@id\":\"https:\/\/lundbergtech.com\/fr\/votre-processus\/impression\/#breadcrumb\"},\"inLanguage\":\"fr-FR\",\"potentialAction\":[{\"@type\":\"ReadAction\",\"target\":[\"https:\/\/lundbergtech.com\/fr\/votre-processus\/impression\/\"]}]},{\"@type\":\"ImageObject\",\"inLanguage\":\"fr-FR\",\"@id\":\"https:\/\/lundbergtech.com\/fr\/votre-processus\/impression\/#primaryimage\",\"url\":\"https:\/\/lundbergtech.com\/wp-content\/uploads\/2021\/10\/Printing-TrimWaste011.jpg\",\"contentUrl\":\"https:\/\/lundbergtech.com\/wp-content\/uploads\/2021\/10\/Printing-TrimWaste011.jpg\",\"width\":700,\"height\":365,\"caption\":\"Trim extraction from slitting machine\"},{\"@type\":\"BreadcrumbList\",\"@id\":\"https:\/\/lundbergtech.com\/fr\/votre-processus\/impression\/#breadcrumb\",\"itemListElement\":[{\"@type\":\"ListItem\",\"position\":1,\"name\":\"Votre processus\",\"item\":\"https:\/\/lundbergtech.com\/fr\/votre-processus\/\"},{\"@type\":\"ListItem\",\"position\":2,\"name\":\"Impression\"}]},{\"@type\":\"WebSite\",\"@id\":\"https:\/\/lundbergtech.com\/#website\",\"url\":\"https:\/\/lundbergtech.com\/\",\"name\":\"Lundberg Tech\",\"description\":\"Our waste handling keeps production going\",\"potentialAction\":[{\"@type\":\"SearchAction\",\"target\":{\"@type\":\"EntryPoint\",\"urlTemplate\":\"https:\/\/lundbergtech.com\/?s={search_term_string}\"},\"query-input\":{\"@type\":\"PropertyValueSpecification\",\"valueRequired\":true,\"valueName\":\"search_term_string\"}}],\"inLanguage\":\"fr-FR\"}]}<\/script>\n<!-- \/ Yoast SEO plugin. -->","yoast_head_json":{"title":"Impression | Les syst\u00e8mes de traitement des d\u00e9chets","description":"Le travail d\u2019impression peut n\u00e9cessiter la capture et la d\u00e9coupe des d\u00e9chets = Lundberg Tech syst\u00e8me automatis\u00e9 de traitement des d\u00e9chets | En savoir plus","robots":{"index":"index","follow":"follow","max-snippet":"max-snippet:-1","max-image-preview":"max-image-preview:large","max-video-preview":"max-video-preview:-1"},"canonical":"https:\/\/lundbergtech.com\/fr\/votre-processus\/impression\/","og_locale":"fr_FR","og_type":"article","og_title":"Impression | Les syst\u00e8mes de traitement des d\u00e9chets","og_description":"Le travail d\u2019impression peut n\u00e9cessiter la capture et la d\u00e9coupe des d\u00e9chets = Lundberg Tech syst\u00e8me automatis\u00e9 de traitement des d\u00e9chets | En savoir plus","og_url":"https:\/\/lundbergtech.com\/fr\/votre-processus\/impression\/","og_site_name":"Lundberg Tech","article_publisher":"https:\/\/www.facebook.com\/lundbergtech","article_modified_time":"2023-07-03T14:01:16+00:00","og_image":[{"width":700,"height":365,"url":"https:\/\/lundbergtech.com\/wp-content\/uploads\/2021\/10\/Printing-TrimWaste011.jpg","type":"image\/jpeg"}],"twitter_card":"summary_large_image","twitter_site":"@lundbergtech","twitter_misc":{"Est. reading time":"3 minutes"},"schema":{"@context":"https:\/\/schema.org","@graph":[{"@type":"WebPage","@id":"https:\/\/lundbergtech.com\/fr\/votre-processus\/impression\/","url":"https:\/\/lundbergtech.com\/fr\/votre-processus\/impression\/","name":"Impression | Les syst\u00e8mes de traitement des d\u00e9chets","isPartOf":{"@id":"https:\/\/lundbergtech.com\/#website"},"primaryImageOfPage":{"@id":"https:\/\/lundbergtech.com\/fr\/votre-processus\/impression\/#primaryimage"},"image":{"@id":"https:\/\/lundbergtech.com\/fr\/votre-processus\/impression\/#primaryimage"},"thumbnailUrl":"https:\/\/lundbergtech.com\/wp-content\/uploads\/2021\/10\/Printing-TrimWaste011.jpg","datePublished":"2021-05-19T11:48:25+00:00","dateModified":"2023-07-03T14:01:16+00:00","description":"Le travail d\u2019impression peut n\u00e9cessiter la capture et la d\u00e9coupe des d\u00e9chets = Lundberg Tech syst\u00e8me automatis\u00e9 de traitement des d\u00e9chets | En savoir plus","breadcrumb":{"@id":"https:\/\/lundbergtech.com\/fr\/votre-processus\/impression\/#breadcrumb"},"inLanguage":"fr-FR","potentialAction":[{"@type":"ReadAction","target":["https:\/\/lundbergtech.com\/fr\/votre-processus\/impression\/"]}]},{"@type":"ImageObject","inLanguage":"fr-FR","@id":"https:\/\/lundbergtech.com\/fr\/votre-processus\/impression\/#primaryimage","url":"https:\/\/lundbergtech.com\/wp-content\/uploads\/2021\/10\/Printing-TrimWaste011.jpg","contentUrl":"https:\/\/lundbergtech.com\/wp-content\/uploads\/2021\/10\/Printing-TrimWaste011.jpg","width":700,"height":365,"caption":"Trim extraction from slitting machine"},{"@type":"BreadcrumbList","@id":"https:\/\/lundbergtech.com\/fr\/votre-processus\/impression\/#breadcrumb","itemListElement":[{"@type":"ListItem","position":1,"name":"Votre processus","item":"https:\/\/lundbergtech.com\/fr\/votre-processus\/"},{"@type":"ListItem","position":2,"name":"Impression"}]},{"@type":"WebSite","@id":"https:\/\/lundbergtech.com\/#website","url":"https:\/\/lundbergtech.com\/","name":"Lundberg Tech","description":"Our waste handling keeps production going","potentialAction":[{"@type":"SearchAction","target":{"@type":"EntryPoint","urlTemplate":"https:\/\/lundbergtech.com\/?s={search_term_string}"},"query-input":{"@type":"PropertyValueSpecification","valueRequired":true,"valueName":"search_term_string"}}],"inLanguage":"fr-FR"}]}},"_links":{"self":[{"href":"https:\/\/lundbergtech.com\/fr\/wp-json\/wp\/v2\/pages\/5883","targetHints":{"allow":["GET"]}}],"collection":[{"href":"https:\/\/lundbergtech.com\/fr\/wp-json\/wp\/v2\/pages"}],"about":[{"href":"https:\/\/lundbergtech.com\/fr\/wp-json\/wp\/v2\/types\/page"}],"author":[{"embeddable":true,"href":"https:\/\/lundbergtech.com\/fr\/wp-json\/wp\/v2\/users\/1"}],"replies":[{"embeddable":true,"href":"https:\/\/lundbergtech.com\/fr\/wp-json\/wp\/v2\/comments?post=5883"}],"version-history":[{"count":14,"href":"https:\/\/lundbergtech.com\/fr\/wp-json\/wp\/v2\/pages\/5883\/revisions"}],"predecessor-version":[{"id":7555,"href":"https:\/\/lundbergtech.com\/fr\/wp-json\/wp\/v2\/pages\/5883\/revisions\/7555"}],"up":[{"embeddable":true,"href":"https:\/\/lundbergtech.com\/fr\/wp-json\/wp\/v2\/pages\/5840"}],"wp:featuredmedia":[{"embeddable":true,"href":"https:\/\/lundbergtech.com\/fr\/wp-json\/wp\/v2\/media\/1521"}],"wp:attachment":[{"href":"https:\/\/lundbergtech.com\/fr\/wp-json\/wp\/v2\/media?parent=5883"}],"curies":[{"name":"wp","href":"https:\/\/api.w.org\/{rel}","templated":true}]}}