{"id":5884,"date":"2021-05-19T11:48:56","date_gmt":"2021-05-19T11:48:56","guid":{"rendered":"https:\/\/lundbergtech.com\/your-process\/roll-to-roll-processing\/"},"modified":"2023-07-03T13:40:43","modified_gmt":"2023-07-03T13:40:43","slug":"process-bobine-bobine","status":"publish","type":"page","link":"https:\/\/lundbergtech.com\/fr\/votre-processus\/process-bobine-bobine\/","title":{"rendered":"Process bobine-bobine"},"content":{"rendered":"<div class=\"wpb-content-wrapper\"><p>[vc_row full_width=&#8221;stretch_row&#8221; css=&#8221;.vc_custom_1634201035523{background-position: center !important;background-repeat: no-repeat !important;background-size: cover !important;}&#8221;][vc_column]<div class=\"m-text-image md:flex md:py-10 lg:relative container lg:pb-20\">\n    <div class=\"md:w-6\/12 bg-white p-4 pb-5  md:p-10 filter drop-shadow-lg lg:mb-20  z-20 lg:p-14  md:order-2 md:ml-2 lg:ml-4 xl:ml-6 \">\n      <div class=\"m-text-image__content pb-4 lg:pb-12 md:text-18\">\n        Le traitement de mati\u00e8res flexibles livr\u00e9es en bobine, cela se fait g\u00e9n\u00e9ralement selon le processus de bobine \u00e0 bobine (R2R). Au cours du processus, la bande de la bobine peut \u00eatre imprim\u00e9e, vernie, pellicul\u00e9e et \u00e9ventuellement refendue \u00e0 une taille sp\u00e9cifique. Pendant le processus de refente, il est tr\u00e8s probable que la lisi\u00e8re doive \u00eatre retir\u00e9e.<\/p>\n<p>Que vous soyez un fabricant de mat\u00e9riaux non tiss\u00e9s, d\u2019appareils \u00e9lectroniques, d\u2019emballages flexibles ou de tout autre produit sur bobine, la lisi\u00e8re demeure un d\u00e9fi universel. Les solutions Lundberg Tech sont con\u00e7ues pour vous aider \u00e0 retirer facilement les lisi\u00e8res. Nos syst\u00e8mes capturent la lisi\u00e8re directement sur le bord de vos bobines et la coupent en petits morceaux, puis acheminent le mat\u00e9riau coup\u00e9 vers un point de collecte d\u00e9sign\u00e9 \u00e0 l\u2019int\u00e9rieur ou \u00e0 l\u2019ext\u00e9rieur du site.\n \n      <\/div>\n          <\/div>\n\n    <div class=\"block md:hidden\">\n      <img decoding=\"async\" src=\"https:\/\/lundbergtech.com\/wp-content\/uploads\/2021\/10\/R2R-manufacturing2-570x0-c-default.jpg\" alt=\"Trim capturing from slitter rewinder\" class=\"lg:mb-0 lg:absolute lg:right-0 lg:mt-0 lg:-bottom-28\">\n    <\/div>\n\n    <div class=\" md:w-6\/12 md:h-96 md:relative md:mt-20 lg:z-10 hidden md:block  lg:h-auto  left md:order-1 md:mr-2 lg:mr-4  xl:mr-6 \">\n      <div class=\"bg-cover lg:h-540 w-full md:h-full lg:absolute lg:bottom-0 lg:mt-0\" style=\"background-image:url('https:\/\/lundbergtech.com\/wp-content\/uploads\/2021\/10\/R2R-manufacturing2-570x0-c-default.jpg');\"><\/div>\n    <\/div>\n\n\n<\/div>\n\n\n[\/vc_column][\/vc_row][vc_row full_width=&#8221;stretch_row_content_no_spaces&#8221;][vc_column]<div class=\"m-benefits-carousel relative py-14 pb-8 md:pt-24 md:pb-6 lg:pt-36 lg:pb-12  image-right \">\n    <div class=\"container md:mx-auto px-3 pb-2 lg:max-w-4xl xl:max-w-6xl lg:relative \">\n\n        <h2 class=\"text-left md:pb-0 leading-8 md:text-32 md:w-4\/12 md:leading-8 lg:text-36 lg:leading-10 xl:leading-11 xl:text-42 md:border-t md:border-lt_grey md:pt-4\">\n        <span class=\"text-lt_blue font-heading font-medium\">Avantages et fonctionnalit\u00e9s<\/span>\n        <span class=\"text-lt_green text-16 lg:text-18 leading-5 block font-semibold md:pt-2 \">Les syst\u00e8mes de traitement des d\u00e9chets Lundberg Tech permettent une production en continu et apportent de nombreux autres avantages : <\/span><\/h2>\n\n        <div class=\"c-slider__arrows c-slider--benefits__arrows w-32 h-10 mx-auto z-20 absolute left-0 right-0 text-center md:ml-0 md:text-left md:z-50 md:w-24\"><\/div>\n\n        <div class=\"md:overflow-hidden md:mt-1 md:pb-12 lg:pb-14 xl:pb-18 js-benefits-carousel z-20 \">\n            <div class=\"\">\n    <div class=\"md:flex md:h-592\">\n\n        <div class=\"md:w-5\/12 md:ml-10 lg:w-6\/12 xl:w-6\/12 m-benefits-carousel__image-container md:mb-14\">\n                        <div class=\"w-full h-64 md:h-full relative overflow-hidden bg-top bg-no-repeat bg-cover\" style=\"background-image:url('https:\/\/lundbergtech.com\/wp-content\/uploads\/2021\/10\/R2R-manufacturing-742x583.jpg');\"><\/div>\n                    <\/div>\n\n\n        <div class=\"md:w-6\/12 m-benefits-carousel__content-container\">\n            <div class=\"z-10 text-left bg-white p-3 lg:ml-0 md:relative \">\n\n                <div class=\"m-benefits-carousel__content px-3 \">\n                    <\/p>\n<ul>\n<li>Diminution significative du volume de d\u00e9chets<\/li>\n<li>Pr\u00e9paration des d\u00e9chets pour le recyclage<\/li>\n<li>Assurance que le traitement des lisi\u00e8res ne limite pas votre process bobine-bobine<\/li>\n<li>R\u00e9duction de la manipulation manuelle des lisi\u00e8res<\/li>\n<li>Transport du mat\u00e9riau jusqu\u2019\u00e0 un point de collecte<\/li>\n<\/ul>\n<p>\n                <\/div>\n\n                <\/div>\n           <\/div>\n\n\n\n\n\n    <\/div>\n\n<\/div>\n\n        <\/div>\n         <div class=\"c-slider__dots c-slider--benefits__dots  static h-4 mt-10 lg:mt-14 mx-auto z-20  left-0 right-0 text-center\"><\/div>\n   \t<\/div>\n<\/div>\n\n[\/vc_column][\/vc_row][vc_row][vc_column]<div class=\"m-spacer m-spacer-69e4ac15c6140\" data-id=\"69e4ac15c6140\" data-height=\"0\" data-height-mobile=\"25\" data-height-tab=\"0\" data-height-tab-portrait=\"0\" style=\"clear:both;display:block;\"><\/div>\n\n\n\n<div class=\"m-text-image md:flex md:py-10 lg:relative container lg:pb-20\">\n    <div class=\"md:w-6\/12 bg-white p-4 pb-5  md:p-10 filter drop-shadow-lg lg:mb-20  z-20 lg:p-14  md:order-2 md:ml-2 lg:ml-4 xl:ml-6 \">\n      <div class=\"m-text-image__content pb-4 lg:pb-12 md:text-18\">\n        <\/p>\n<h2>Un traitement efficace des d\u00e9chets, quel que soit le nombre de bobines et la largeur des lisi\u00e8res<\/h2>\n<p>Lundberg Tech con\u00e7oit et fabrique des unit\u00e9s et des syst\u00e8mes de traitement des d\u00e9chets pour les machines de traitement bobine \u00e0 bobine depuis plus de 40 ans. Nos solutions sont reconnues et permettent de retirer les lisi\u00e8res des machines \u00e0 basse vitesse, des machines fonctionnant pas \u00e0 pas et enfin des machines \u00e0 grande vitesse fonctionnant jusqu\u2019\u00e0 2500 m\/min.<\/p>\n<p>La largeur des lisi\u00e8res n\u2019est pas un probl\u00e8me. Il n\u2019y a pas de limites puisque Lundberg Tech fabrique des <a href=https:\/\/lundbergtech.com\/fr\/granulators-and-cutters\/>Granulateurs<\/a> avec une largeur allant jusqu\u2019\u00e0 660 mm. Nous pouvons traiter des lisi\u00e8res encore plus larges en fonction du mat\u00e9riau.\n \n      <\/div>\n          <\/div>\n\n    <div class=\"block md:hidden\">\n      <img decoding=\"async\" src=\"https:\/\/lundbergtech.com\/wp-content\/uploads\/2021\/10\/R2R_Trims3-570x0-c-default.jpg\" alt=\"\" class=\"lg:mb-0 lg:absolute lg:right-0 lg:mt-0 lg:-bottom-28\">\n    <\/div>\n\n    <div class=\" md:w-6\/12 md:h-96 md:relative md:mt-20 lg:z-10 hidden md:block  lg:h-auto  left md:order-1 md:mr-2 lg:mr-4  xl:mr-6 \">\n      <div class=\"bg-cover lg:h-540 w-full md:h-full lg:absolute lg:bottom-0 lg:mt-0\" style=\"background-image:url('https:\/\/lundbergtech.com\/wp-content\/uploads\/2021\/10\/R2R_Trims3-570x0-c-default.jpg');\"><\/div>\n    <\/div>\n\n\n<\/div>\n\n\n<div class=\"m-spacer m-spacer-69e4ac15c7904\" data-id=\"69e4ac15c7904\" data-height=\"0\" data-height-mobile=\"25\" data-height-tab=\"0\" data-height-tab-portrait=\"0\" style=\"clear:both;display:block;\"><\/div>\n\n\n\n[\/vc_column][\/vc_row][vc_row][vc_column]<div class=\"m-text-image md:flex md:py-10 lg:relative container lg:pb-20\">\n    <div class=\"md:w-6\/12 bg-white p-4 pb-5  md:p-10 filter drop-shadow-lg lg:mb-20  z-20 lg:p-14  md:order-1 md:mr-2 lg:mr-4  xl:mr-6 \">\n      <div class=\"m-text-image__content pb-4 lg:pb-12 md:text-18\">\n        Les syst\u00e8mes de traitement des d\u00e9chets de Lundberg Tech peuvent prendre en charge tous les mat\u00e9riaux tels que le papier, le film plastique, le plastique thermoform\u00e9, le film pellicul\u00e9, le carton, le tiss\u00e9, le caoutchouc, le m\u00e9tal fin et enfin les mat\u00e9riaux avec de la colle entre les couches ou sur la surface. Si vous n\u2019\u00eates pas certain que votre mat\u00e9riel sp\u00e9cifique puisse \u00eatre coup\u00e9, contactez-nous et nous serons heureux d\u2019organiser un test de votre mat\u00e9riau.<\/p>\n<p>Pour les processus de bobine \u00e0 bobine, vous pouvez utiliser nos <a href=https:\/\/lundbergtech.com\/fr\/all-in-one-units\/>Unit\u00e9s Tout-en-Un<\/a> pour collecter les lisi\u00e8res provenant d\u2019une ou plusieurs machines. Les Unit\u00e9s Tout-en-Un contiennent tout ce dont vous avez besoin lorsque vous souhaitez retirer et collecter des lisi\u00e8res, et en prime, elles sont faciles \u00e0 installer.<\/p>\n<p>Nous pouvons \u00e9galement, en coop\u00e9ration avec vous, concevoir un <a href=https:\/\/lundbergtech.com\/fr\/central-systems\/>Syst\u00e8me Centralis\u00e9<\/a> qui mettra l\u2019accent sur vos besoins. Nos Syst\u00e8mes Centralis\u00e9s permettent de collecter les d\u00e9chets de lisi\u00e8res d\u2019un nombre illimit\u00e9 de machines. Ils peuvent en outre \u00eatre con\u00e7us avec une s\u00e9paration des mat\u00e9riaux pour r\u00e9pondre aux besoins de recyclage.<\/p>\n<p>Si vous poss\u00e9dez d\u00e9j\u00e0 un de nos syst\u00e8mes et que vous souhaitez l\u2019am\u00e9liorer avec un <a href=https:\/\/lundbergtech.com\/fr\/granulators-and-cutters\/>Granulateur<\/a> suppl\u00e9mentaire, nous pouvons vous aider \u00e0 choisir l\u2019un de nos Granulateurs con\u00e7us et fabriqu\u00e9s par nos soins dans notre vaste gamme de produits.\n \n      <\/div>\n          <\/div>\n\n    <div class=\"block md:hidden\">\n      <img decoding=\"async\" src=\"https:\/\/lundbergtech.com\/wp-content\/uploads\/2021\/10\/R2R_Trims2-570x0-c-default.jpg\" alt=\"\" class=\"lg:mb-0 lg:absolute lg:right-0 lg:mt-0 lg:-bottom-28\">\n    <\/div>\n\n    <div class=\" md:w-6\/12 md:h-96 md:relative md:mt-20 lg:z-10 hidden md:block  lg:h-auto right md:order-2 md:ml-2 lg:ml-4  xl:ml-6 \">\n      <div class=\"bg-cover lg:h-540 w-full md:h-full lg:absolute lg:bottom-0 lg:mt-0\" style=\"background-image:url('https:\/\/lundbergtech.com\/wp-content\/uploads\/2021\/10\/R2R_Trims2-570x0-c-default.jpg');\"><\/div>\n    <\/div>\n\n\n<\/div>\n\n\n<div class=\"m-spacer m-spacer-69e4ac15c8c9d\" data-id=\"69e4ac15c8c9d\" data-height=\"0\" data-height-mobile=\"25\" data-height-tab=\"0\" data-height-tab-portrait=\"0\" style=\"clear:both;display:block;\"><\/div>\n\n\n\n[\/vc_column][\/vc_row][vc_row full_width=&#8221;stretch_row_content_no_spaces&#8221;][vc_column]<div class=\"m-case-study-carousel relative py-14 pb-32 md:pt-24 md:pb-36 lg:pt-36 lg:pb-32\">\n    <div class=\"container md:mx-auto px-3 pb-8 lg:max-w-4xl xl:max-w-6xl lg:relative \">\n\n        <h2 class=\"text-left md:pb-0 leading-8 md:text-32 md:leading-8 lg:text-36 lg:leading-10 xl:leading-11 xl:text-42 md:border-t md:border-lt_grey md:pt-4\">\n        <span class=\"text-lt_blue font-heading font-medium\">Recent<\/span>\n        <span class=\"text-lt_green font-heading block font-medium \">Case Studies <\/span><\/h2>\n\n        <div class=\"c-slider__arrows c-slider--casestudy__arrows w-32 h-10 mx-auto z-20 absolute left-0 right-0 text-center md:ml-0 md:text-left md:z-50 md:w-24\"><\/div>\n\n        <div class=\"md:overflow-hidden md:mt-1 md:pb-12 lg:pb-14 xl:pb-18 js-case-study-selector-carousel z-20\">\n            <div class=\"\">\n    <div class=\"md:flex md:h-400 xl:h-576\">\n\n        <div class=\"md:w-6\/12 xl:w-7\/12 xl:pr-3\">\n                        <div class=\"w-full h-64  lg:h-full relative overflow-hidden bg-top bg-no-repeat bg-cover\" style=\"background-image:url('https:\/\/lundbergtech.com\/wp-content\/uploads\/2022\/06\/KEK-Kaschierungen-Shafagh-Nosrati-testimonial-WasteTech-2022a-742x370.jpg');\"><\/div>\n                    <\/div>\n\n\n        <div class=\"md:w-5\/12 md:ml-7  md:relative\">\n            <div class=\"p-5 md:px-8 mb-5 md:pb-7 lg:pb-12 lg:px-10 relative z-10 text-left bg-white  md:absolute md:drop-shadow-md xl:drop-shadow-xl md:filter md:m-0  md:w-full  md:right-0 md:top-52 lg:top-60 md:h-auto xl:ml-12 \">\n\n                    <a class=\"block u-a-nostyle mt-1 pt-3 md:pt-3  md:pl-0 lg:pt-4 xl:pt-5 md:hover:underline\" href=https:\/\/lundbergtech.com\/fr\/case-studies-fr\/kek-kaschierungen-roll-to-roll-processing\/ title=\"KEK &#8211; Kaschierungen \u2013 Roll-to-roll Processing\">\n                    <h3 class=\"leading-snug text-20  text-lt_blue md:leading-tight lg:text-20 xl:text-28 md:mb-0 font-bold \">KEK &#8211; Kaschierungen \u2013 Roll-to-roll Processing<\/h3>\n                    <\/a>\t\n                   \n                                        <a class=\"c-button--arrow-link\" href=https:\/\/lundbergtech.com\/fr\/case-studies-fr\/kek-kaschierungen-roll-to-roll-processing\/ title=\"KEK &#8211; Kaschierungen \u2013 Roll-to-roll Processing\">Read case study<\/a>\t\n                <\/div>\n           <\/div>\n\n\n\n\n\n    <\/div>\n\n<\/div>\n<div class=\"\">\n    <div class=\"md:flex md:h-400 xl:h-576\">\n\n        <div class=\"md:w-6\/12 xl:w-7\/12 xl:pr-3\">\n                        <div class=\"w-full h-64  lg:h-full relative overflow-hidden bg-top bg-no-repeat bg-cover\" style=\"background-image:url('https:\/\/lundbergtech.com\/wp-content\/uploads\/2022\/03\/Bausch-Convert-A-Bausch-WasteTech-200-testimonial-1-742x370.jpg');\"><\/div>\n                    <\/div>\n\n\n        <div class=\"md:w-5\/12 md:ml-7  md:relative\">\n            <div class=\"p-5 md:px-8 mb-5 md:pb-7 lg:pb-12 lg:px-10 relative z-10 text-left bg-white  md:absolute md:drop-shadow-md xl:drop-shadow-xl md:filter md:m-0  md:w-full  md:right-0 md:top-52 lg:top-60 md:h-auto xl:ml-12 \">\n\n                    <a class=\"block u-a-nostyle mt-1 pt-3 md:pt-3  md:pl-0 lg:pt-4 xl:pt-5 md:hover:underline\" href=https:\/\/lundbergtech.com\/fr\/case-studies-fr\/bausch-convert-roll-to-roll-processing\/ title=\"Bausch Convert \u2013 Roll-to-roll Processing\">\n                    <h3 class=\"leading-snug text-20  text-lt_blue md:leading-tight lg:text-20 xl:text-28 md:mb-0 font-bold \">Bausch Convert \u2013 Roll-to-roll Processing<\/h3>\n                    <\/a>\t\n                   \n                                        <a class=\"c-button--arrow-link\" href=https:\/\/lundbergtech.com\/fr\/case-studies-fr\/bausch-convert-roll-to-roll-processing\/ title=\"Bausch Convert \u2013 Roll-to-roll Processing\">Read case study<\/a>\t\n                <\/div>\n           <\/div>\n\n\n\n\n\n    <\/div>\n\n<\/div>\n\n        <\/div>\n         <div class=\"c-slider__dots c-slider--casestudy__dots  mx-auto z-20 absolute left-0 right-0 text-center\"><\/div>\n   \t<\/div>\n<\/div>\n\n<div class=\"m-spacer m-spacer-69e4ac15cd495\" data-id=\"69e4ac15cd495\" data-height=\"25\" data-height-mobile=\"0\" data-height-tab=\"0\" data-height-tab-portrait=\"0\" style=\"clear:both;display:block;\"><\/div>\n\n\n\n[\/vc_column][\/vc_row]<\/p>\n<\/div>","protected":false},"excerpt":{"rendered":"<p>[vc_row full_width=&#8221;stretch_row&#8221; css=&#8221;.vc_custom_1634201035523{background-position: center !important;background-repeat: no-repeat !important;background-size: cover !important;}&#8221;][vc_column][\/vc_column][\/vc_row][vc_row full_width=&#8221;stretch_row_content_no_spaces&#8221;][vc_column][\/vc_column][\/vc_row][vc_row][vc_column][\/vc_column][\/vc_row][vc_row][vc_column][\/vc_column][\/vc_row][vc_row full_width=&#8221;stretch_row_content_no_spaces&#8221;][vc_column][\/vc_column][\/vc_row]<\/p>\n","protected":false},"author":1,"featured_media":1564,"parent":5840,"menu_order":0,"comment_status":"closed","ping_status":"closed","template":"","meta":{"_acf_changed":false,"inline_featured_image":false,"footnotes":""},"class_list":["post-5884","page","type-page","status-publish","has-post-thumbnail","hentry"],"acf":[],"yoast_head":"<!-- This site is optimized with the Yoast SEO plugin v27.1.1 - https:\/\/yoast.com\/product\/yoast-seo-wordpress\/ -->\n<title>Process bobine-bobine \u2192 Retirer facilement les lisi\u00e8res - Lire la suite<\/title>\n<meta name=\"description\" content=\"Les solutions Lundberg Tech sont con\u00e7ues pour vous aider \u00e0 retirer facilement les lisi\u00e8res. Parlons de vos options. Nous contacter \u2192\" \/>\n<meta name=\"robots\" content=\"index, follow, max-snippet:-1, max-image-preview:large, max-video-preview:-1\" \/>\n<link rel=\"canonical\" href=\"https:\/\/lundbergtech.com\/fr\/votre-processus\/process-bobine-bobine\/\" \/>\n<meta property=\"og:locale\" content=\"fr_FR\" \/>\n<meta property=\"og:type\" content=\"article\" \/>\n<meta property=\"og:title\" content=\"Process bobine-bobine \u2192 Retirer facilement les lisi\u00e8res - Lire la suite\" \/>\n<meta property=\"og:description\" content=\"Les solutions Lundberg Tech sont con\u00e7ues pour vous aider \u00e0 retirer facilement les lisi\u00e8res. Parlons de vos options. Nous contacter \u2192\" \/>\n<meta property=\"og:url\" content=\"https:\/\/lundbergtech.com\/fr\/votre-processus\/process-bobine-bobine\/\" \/>\n<meta property=\"og:site_name\" content=\"Lundberg Tech\" \/>\n<meta property=\"article:publisher\" content=\"https:\/\/www.facebook.com\/lundbergtech\" \/>\n<meta property=\"article:modified_time\" content=\"2023-07-03T13:40:43+00:00\" \/>\n<meta property=\"og:image\" content=\"https:\/\/lundbergtech.com\/wp-content\/uploads\/2021\/10\/R2R_trims01.jpg\" \/>\n\t<meta property=\"og:image:width\" content=\"700\" \/>\n\t<meta property=\"og:image:height\" content=\"387\" \/>\n\t<meta property=\"og:image:type\" content=\"image\/jpeg\" \/>\n<meta name=\"twitter:card\" content=\"summary_large_image\" \/>\n<meta name=\"twitter:site\" content=\"@lundbergtech\" \/>\n<meta name=\"twitter:label1\" content=\"Est. reading time\" \/>\n\t<meta name=\"twitter:data1\" content=\"3 minutes\" \/>\n<script type=\"application\/ld+json\" class=\"yoast-schema-graph\">{\"@context\":\"https:\/\/schema.org\",\"@graph\":[{\"@type\":\"WebPage\",\"@id\":\"https:\/\/lundbergtech.com\/fr\/votre-processus\/process-bobine-bobine\/\",\"url\":\"https:\/\/lundbergtech.com\/fr\/votre-processus\/process-bobine-bobine\/\",\"name\":\"Process bobine-bobine \u2192 Retirer facilement les lisi\u00e8res - Lire la suite\",\"isPartOf\":{\"@id\":\"https:\/\/lundbergtech.com\/#website\"},\"primaryImageOfPage\":{\"@id\":\"https:\/\/lundbergtech.com\/fr\/votre-processus\/process-bobine-bobine\/#primaryimage\"},\"image\":{\"@id\":\"https:\/\/lundbergtech.com\/fr\/votre-processus\/process-bobine-bobine\/#primaryimage\"},\"thumbnailUrl\":\"https:\/\/lundbergtech.com\/wp-content\/uploads\/2021\/10\/R2R_trims01.jpg\",\"datePublished\":\"2021-05-19T11:48:56+00:00\",\"dateModified\":\"2023-07-03T13:40:43+00:00\",\"description\":\"Les solutions Lundberg Tech sont con\u00e7ues pour vous aider \u00e0 retirer facilement les lisi\u00e8res. Parlons de vos options. Nous contacter \u2192\",\"breadcrumb\":{\"@id\":\"https:\/\/lundbergtech.com\/fr\/votre-processus\/process-bobine-bobine\/#breadcrumb\"},\"inLanguage\":\"fr-FR\",\"potentialAction\":[{\"@type\":\"ReadAction\",\"target\":[\"https:\/\/lundbergtech.com\/fr\/votre-processus\/process-bobine-bobine\/\"]}]},{\"@type\":\"ImageObject\",\"inLanguage\":\"fr-FR\",\"@id\":\"https:\/\/lundbergtech.com\/fr\/votre-processus\/process-bobine-bobine\/#primaryimage\",\"url\":\"https:\/\/lundbergtech.com\/wp-content\/uploads\/2021\/10\/R2R_trims01.jpg\",\"contentUrl\":\"https:\/\/lundbergtech.com\/wp-content\/uploads\/2021\/10\/R2R_trims01.jpg\",\"width\":700,\"height\":387},{\"@type\":\"BreadcrumbList\",\"@id\":\"https:\/\/lundbergtech.com\/fr\/votre-processus\/process-bobine-bobine\/#breadcrumb\",\"itemListElement\":[{\"@type\":\"ListItem\",\"position\":1,\"name\":\"Votre processus\",\"item\":\"https:\/\/lundbergtech.com\/fr\/votre-processus\/\"},{\"@type\":\"ListItem\",\"position\":2,\"name\":\"Process bobine-bobine\"}]},{\"@type\":\"WebSite\",\"@id\":\"https:\/\/lundbergtech.com\/#website\",\"url\":\"https:\/\/lundbergtech.com\/\",\"name\":\"Lundberg Tech\",\"description\":\"Our waste handling keeps production going\",\"potentialAction\":[{\"@type\":\"SearchAction\",\"target\":{\"@type\":\"EntryPoint\",\"urlTemplate\":\"https:\/\/lundbergtech.com\/?s={search_term_string}\"},\"query-input\":{\"@type\":\"PropertyValueSpecification\",\"valueRequired\":true,\"valueName\":\"search_term_string\"}}],\"inLanguage\":\"fr-FR\"}]}<\/script>\n<!-- \/ Yoast SEO plugin. -->","yoast_head_json":{"title":"Process bobine-bobine \u2192 Retirer facilement les lisi\u00e8res - Lire la suite","description":"Les solutions Lundberg Tech sont con\u00e7ues pour vous aider \u00e0 retirer facilement les lisi\u00e8res. Parlons de vos options. Nous contacter \u2192","robots":{"index":"index","follow":"follow","max-snippet":"max-snippet:-1","max-image-preview":"max-image-preview:large","max-video-preview":"max-video-preview:-1"},"canonical":"https:\/\/lundbergtech.com\/fr\/votre-processus\/process-bobine-bobine\/","og_locale":"fr_FR","og_type":"article","og_title":"Process bobine-bobine \u2192 Retirer facilement les lisi\u00e8res - Lire la suite","og_description":"Les solutions Lundberg Tech sont con\u00e7ues pour vous aider \u00e0 retirer facilement les lisi\u00e8res. Parlons de vos options. Nous contacter \u2192","og_url":"https:\/\/lundbergtech.com\/fr\/votre-processus\/process-bobine-bobine\/","og_site_name":"Lundberg Tech","article_publisher":"https:\/\/www.facebook.com\/lundbergtech","article_modified_time":"2023-07-03T13:40:43+00:00","og_image":[{"width":700,"height":387,"url":"https:\/\/lundbergtech.com\/wp-content\/uploads\/2021\/10\/R2R_trims01.jpg","type":"image\/jpeg"}],"twitter_card":"summary_large_image","twitter_site":"@lundbergtech","twitter_misc":{"Est. reading time":"3 minutes"},"schema":{"@context":"https:\/\/schema.org","@graph":[{"@type":"WebPage","@id":"https:\/\/lundbergtech.com\/fr\/votre-processus\/process-bobine-bobine\/","url":"https:\/\/lundbergtech.com\/fr\/votre-processus\/process-bobine-bobine\/","name":"Process bobine-bobine \u2192 Retirer facilement les lisi\u00e8res - Lire la suite","isPartOf":{"@id":"https:\/\/lundbergtech.com\/#website"},"primaryImageOfPage":{"@id":"https:\/\/lundbergtech.com\/fr\/votre-processus\/process-bobine-bobine\/#primaryimage"},"image":{"@id":"https:\/\/lundbergtech.com\/fr\/votre-processus\/process-bobine-bobine\/#primaryimage"},"thumbnailUrl":"https:\/\/lundbergtech.com\/wp-content\/uploads\/2021\/10\/R2R_trims01.jpg","datePublished":"2021-05-19T11:48:56+00:00","dateModified":"2023-07-03T13:40:43+00:00","description":"Les solutions Lundberg Tech sont con\u00e7ues pour vous aider \u00e0 retirer facilement les lisi\u00e8res. Parlons de vos options. Nous contacter \u2192","breadcrumb":{"@id":"https:\/\/lundbergtech.com\/fr\/votre-processus\/process-bobine-bobine\/#breadcrumb"},"inLanguage":"fr-FR","potentialAction":[{"@type":"ReadAction","target":["https:\/\/lundbergtech.com\/fr\/votre-processus\/process-bobine-bobine\/"]}]},{"@type":"ImageObject","inLanguage":"fr-FR","@id":"https:\/\/lundbergtech.com\/fr\/votre-processus\/process-bobine-bobine\/#primaryimage","url":"https:\/\/lundbergtech.com\/wp-content\/uploads\/2021\/10\/R2R_trims01.jpg","contentUrl":"https:\/\/lundbergtech.com\/wp-content\/uploads\/2021\/10\/R2R_trims01.jpg","width":700,"height":387},{"@type":"BreadcrumbList","@id":"https:\/\/lundbergtech.com\/fr\/votre-processus\/process-bobine-bobine\/#breadcrumb","itemListElement":[{"@type":"ListItem","position":1,"name":"Votre processus","item":"https:\/\/lundbergtech.com\/fr\/votre-processus\/"},{"@type":"ListItem","position":2,"name":"Process bobine-bobine"}]},{"@type":"WebSite","@id":"https:\/\/lundbergtech.com\/#website","url":"https:\/\/lundbergtech.com\/","name":"Lundberg Tech","description":"Our waste handling keeps production going","potentialAction":[{"@type":"SearchAction","target":{"@type":"EntryPoint","urlTemplate":"https:\/\/lundbergtech.com\/?s={search_term_string}"},"query-input":{"@type":"PropertyValueSpecification","valueRequired":true,"valueName":"search_term_string"}}],"inLanguage":"fr-FR"}]}},"_links":{"self":[{"href":"https:\/\/lundbergtech.com\/fr\/wp-json\/wp\/v2\/pages\/5884","targetHints":{"allow":["GET"]}}],"collection":[{"href":"https:\/\/lundbergtech.com\/fr\/wp-json\/wp\/v2\/pages"}],"about":[{"href":"https:\/\/lundbergtech.com\/fr\/wp-json\/wp\/v2\/types\/page"}],"author":[{"embeddable":true,"href":"https:\/\/lundbergtech.com\/fr\/wp-json\/wp\/v2\/users\/1"}],"replies":[{"embeddable":true,"href":"https:\/\/lundbergtech.com\/fr\/wp-json\/wp\/v2\/comments?post=5884"}],"version-history":[{"count":24,"href":"https:\/\/lundbergtech.com\/fr\/wp-json\/wp\/v2\/pages\/5884\/revisions"}],"predecessor-version":[{"id":7547,"href":"https:\/\/lundbergtech.com\/fr\/wp-json\/wp\/v2\/pages\/5884\/revisions\/7547"}],"up":[{"embeddable":true,"href":"https:\/\/lundbergtech.com\/fr\/wp-json\/wp\/v2\/pages\/5840"}],"wp:featuredmedia":[{"embeddable":true,"href":"https:\/\/lundbergtech.com\/fr\/wp-json\/wp\/v2\/media\/1564"}],"wp:attachment":[{"href":"https:\/\/lundbergtech.com\/fr\/wp-json\/wp\/v2\/media?parent=5884"}],"curies":[{"name":"wp","href":"https:\/\/api.w.org\/{rel}","templated":true}]}}