{"id":5886,"date":"2021-05-19T11:48:46","date_gmt":"2021-05-19T11:48:46","guid":{"rendered":"https:\/\/lundbergtech.com\/your-process\/unwrapping-debagging\/"},"modified":"2022-10-20T12:36:08","modified_gmt":"2022-10-20T12:36:08","slug":"deballage-desemballage","status":"publish","type":"page","link":"https:\/\/lundbergtech.com\/fr\/votre-processus\/deballage-desemballage\/","title":{"rendered":"D\u00e9ballage, D\u00e9semballage"},"content":{"rendered":"<div class=\"wpb-content-wrapper\"><p>[vc_row full_width=&#8221;stretch_row&#8221; css=&#8221;.vc_custom_1624535937170{background-image: url(https:\/\/lundbergtech.com\/wp-content\/uploads\/2021\/06\/grey-abstract-bg-2.jpg?id=323) !important;background-position: center !important;background-repeat: no-repeat !important;background-size: cover !important;}&#8221;][vc_column]<div class=\"m-text-image md:flex md:py-10 lg:relative container lg:pb-20\">\n    <div class=\"md:w-6\/12 bg-white p-4 pb-5  md:p-10 filter drop-shadow-lg lg:mb-20  z-20 lg:p-14  md:order-2 md:ml-2 lg:ml-4 xl:ml-6 \">\n      <div class=\"m-text-image__content pb-4 lg:pb-12 md:text-18\">\n        Dans votre entrep\u00f4t, la majeure partie du mat\u00e9riel vous est livr\u00e9 emball\u00e9 sur des palettes ou dans de grands sacs. Les d\u00e9chets d\u2019emballage, qui sont tr\u00e8s probablement sous la forme d\u2019un mat\u00e9riau plastique, papier ou non-tiss\u00e9, sont lib\u00e9r\u00e9s par manipulation manuelle, par des robots ou des machines de d\u00e9ballage.<\/p>\n<p>Votre d\u00e9fi en mati\u00e8re de d\u00e9chets pourrait \u00e9galement \u00eatre le fait que vos processus impliquent de gros morceaux de papier ou de plastique, utilis\u00e9s comme plaques de protection entre des couches de diff\u00e9rents mat\u00e9riaux.<\/p>\n<p>Il est pr\u00e9f\u00e9rable dans ce cas de manipuler les d\u00e9chets d\u2019emballage et les gros morceaux de d\u00e9chets le moins possible et de les retirer de la zone o\u00f9 les d\u00e9chets s\u2019accumulent.\n \n      <\/div>\n          <\/div>\n\n    <div class=\"block md:hidden\">\n      <img decoding=\"async\" src=\"https:\/\/lundbergtech.com\/wp-content\/uploads\/2021\/10\/Unwrapping1-570x0-c-default.jpg\" alt=\"\" class=\"lg:mb-0 lg:absolute lg:right-0 lg:mt-0 lg:-bottom-28\">\n    <\/div>\n\n    <div class=\" md:w-6\/12 md:h-96 md:relative md:mt-20 lg:z-10 hidden md:block  lg:h-auto  left md:order-1 md:mr-2 lg:mr-4  xl:mr-6 \">\n      <div class=\"bg-cover lg:h-540 w-full md:h-full lg:absolute lg:bottom-0 lg:mt-0\" style=\"background-image:url('https:\/\/lundbergtech.com\/wp-content\/uploads\/2021\/10\/Unwrapping1-570x0-c-default.jpg');\"><\/div>\n    <\/div>\n\n\n<\/div>\n\n\n<div class=\"m-spacer m-spacer-69e4c7b5cd209\" data-id=\"69e4c7b5cd209\" data-height=\"0\" data-height-mobile=\"25\" data-height-tab=\"0\" data-height-tab-portrait=\"0\" style=\"clear:both;display:block;\"><\/div>\n\n\n\n[\/vc_column][\/vc_row][vc_row full_width=&#8221;stretch_row_content_no_spaces&#8221;][vc_column css=&#8221;.vc_custom_1636368128884{margin-top: 0px !important;margin-bottom: 0px !important;border-top-width: 0px !important;border-bottom-width: 0px !important;padding-top: 0px !important;padding-bottom: 0px !important;}&#8221;]<div class=\"m-benefits-carousel relative py-14 pb-8 md:pt-24 md:pb-6 lg:pt-36 lg:pb-12  image-right \">\n    <div class=\"container md:mx-auto px-3 pb-2 lg:max-w-4xl xl:max-w-6xl lg:relative \">\n\n        <h2 class=\"text-left md:pb-0 leading-8 md:text-32 md:w-4\/12 md:leading-8 lg:text-36 lg:leading-10 xl:leading-11 xl:text-42 md:border-t md:border-lt_grey md:pt-4\">\n        <span class=\"text-lt_blue font-heading font-medium\">Avantages et fonctionnalit\u00e9s<\/span>\n        <span class=\"text-lt_green text-16 lg:text-18 leading-5 block font-semibold md:pt-2 \">Dans la gamme de produits Lundberg Tech, vous trouverez des syst\u00e8mes et des composants capables de prendre en charge le traitement des d\u00e9chets, et en m\u00eame temps de : <\/span><\/h2>\n\n        <div class=\"c-slider__arrows c-slider--benefits__arrows w-32 h-10 mx-auto z-20 absolute left-0 right-0 text-center md:ml-0 md:text-left md:z-50 md:w-24\"><\/div>\n\n        <div class=\"md:overflow-hidden md:mt-1 md:pb-12 lg:pb-14 xl:pb-18 js-benefits-carousel z-20 \">\n            <div class=\"\">\n    <div class=\"md:flex md:h-592\">\n\n        <div class=\"md:w-5\/12 md:ml-10 lg:w-6\/12 xl:w-6\/12 m-benefits-carousel__image-container md:mb-14\">\n                        <div class=\"w-full h-64 md:h-full relative overflow-hidden bg-top bg-no-repeat bg-cover\" style=\"background-image:url('https:\/\/lundbergtech.com\/wp-content\/uploads\/2021\/10\/Unwrapping-waste-742x583-1-742x583.jpg');\"><\/div>\n                    <\/div>\n\n\n        <div class=\"md:w-6\/12 m-benefits-carousel__content-container\">\n            <div class=\"z-10 text-left bg-white p-3 lg:ml-0 md:relative \">\n\n                <div class=\"m-benefits-carousel__content px-3 \">\n                    <\/p>\n<ul>\n<li style=\"font-weight: 400;\" aria-level=\"1\">Capturer et traiter les d\u00e9chets \u00e0 l\u2019endroit o\u00f9 ils sont g\u00e9n\u00e9r\u00e9s<\/li>\n<li style=\"font-weight: 400;\" aria-level=\"1\">R\u00e9duire les d\u00e9chets de gros morceaux en confettis<\/li>\n<li style=\"font-weight: 400;\" aria-level=\"1\">Minimiser la manipulation manuelle des d\u00e9chets<\/li>\n<li aria-level=\"1\">\u00c9liminer le transport interne des d\u00e9chets<\/li>\n<\/ul>\n<p>\n                <\/div>\n\n                <\/div>\n           <\/div>\n\n\n\n\n\n    <\/div>\n\n<\/div>\n\n        <\/div>\n         <div class=\"c-slider__dots c-slider--benefits__dots  static h-4 mt-10 lg:mt-14 mx-auto z-20  left-0 right-0 text-center\"><\/div>\n   \t<\/div>\n<\/div>\n\n[\/vc_column][\/vc_row][vc_row full_width=&#8221;stretch_row&#8221; css=&#8221;.vc_custom_1627655038166{background-position: center !important;background-repeat: no-repeat !important;background-size: cover !important;}&#8221;][vc_column]<div class=\"m-text-image md:flex md:py-10 lg:relative container lg:pb-20\">\n    <div class=\"md:w-6\/12 bg-white p-4 pb-5  md:p-10 filter drop-shadow-lg lg:mb-20  z-20 lg:p-14  md:order-2 md:ml-2 lg:ml-4 xl:ml-6 \">\n      <div class=\"m-text-image__content pb-4 lg:pb-12 md:text-18\">\n        <\/p>\n<h2>Le syst\u00e8me permet de capturer les d\u00e9chets \u00e0 partir de nombreux points et de transporter le tout vers un point central<\/h2>\n<p>Lundberg Tech, gr\u00e2ce \u00e0 ses nombreuses ann\u00e9es d\u2019exp\u00e9rience dans le transport de tous types de d\u00e9chets via des syst\u00e8mes de tuyauterie \u00e0 air, a d\u00e9velopp\u00e9 une Unit\u00e9 <a href=https:\/\/lundbergtech.com\/fr\/products\/wasteflex-unit-and-module\/>WasteFlex<\/a>. Cette unit\u00e9 est compos\u00e9e d\u2019un chargeur et d\u2019un <a href=https:\/\/lundbergtech.com\/fr\/granulators-and-cutters\/>Granulateur<\/a>. Le chargeur s\u2019assure que le mat\u00e9riau p\u00e9n\u00e8tre dans le Granulateur \u00e0 une vitesse contr\u00f4l\u00e9e et que le Granulateur coupe ensuite le mat\u00e9riau en petits morceaux.<\/p>\n<p>L\u2019Unit\u00e9 WasteFlex peut \u00eatre utilis\u00e9e en combinaison avec nos <a href=https:\/\/lundbergtech.com\/fr\/all-in-one-units\/>Unit\u00e9s Tout-en-Un<\/a> uniques qui, \u00e9tant \u00abpr\u00eates \u00e0 l\u2019emploi\u00bb, sont faciles \u00e0 installer.<\/p>\n<p>Si de gros d\u00e9chets sont g\u00e9n\u00e9r\u00e9s \u00e0 plusieurs endroits, Lundberg Tech peut concevoir un <a href=https:\/\/lundbergtech.com\/fr\/central-systems\/>Syst\u00e8me Centralis\u00e9<\/a> personnalis\u00e9. Le syst\u00e8me r\u00e9pondra \u00e0 toutes les exigences quant \u00e0 la position des points de capture et d\u2019un ou de plusieurs points de collecte si la s\u00e9paration des mat\u00e9riaux fait partie de la demande.<\/p>\n<p>Une pi\u00e8ce cruciale de l\u2019Unit\u00e9 WasteFlex est le <a href=https:\/\/lundbergtech.com\/fr\/granulators-and-cutters\/>Granulateur<\/a>. Lundberg Tech a plus de 40 ans d\u2019exp\u00e9rience dans la conception et la fabrication de Granulateurs pour tous les types de mat\u00e9riaux et d\u2019applications. La gamme de Granulateurs Lundberg Tech est tr\u00e8s compl\u00e8te \u00e0 la fois en termes de traitement des d\u00e9chets de grande taille et de capacit\u00e9 de r\u00e9duction des d\u00e9chets en petits morceaux.\n \n      <\/div>\n          <\/div>\n\n    <div class=\"block md:hidden\">\n      <img decoding=\"async\" src=\"https:\/\/lundbergtech.com\/wp-content\/uploads\/2021\/07\/Lundberg-Tech-packaging-1-570x0-c-default.jpg\" alt=\"\" class=\"lg:mb-0 lg:absolute lg:right-0 lg:mt-0 lg:-bottom-28\">\n    <\/div>\n\n    <div class=\" md:w-6\/12 md:h-96 md:relative md:mt-20 lg:z-10 hidden md:block  lg:h-auto  left md:order-1 md:mr-2 lg:mr-4  xl:mr-6 \">\n      <div class=\"bg-cover lg:h-540 w-full md:h-full lg:absolute lg:bottom-0 lg:mt-0\" style=\"background-image:url('https:\/\/lundbergtech.com\/wp-content\/uploads\/2021\/07\/Lundberg-Tech-packaging-1-570x0-c-default.jpg');\"><\/div>\n    <\/div>\n\n\n<\/div>\n\n\n<div class=\"m-spacer m-spacer-69e4c7b5d04a4\" data-id=\"69e4c7b5d04a4\" data-height=\"0\" data-height-mobile=\"25\" data-height-tab=\"0\" data-height-tab-portrait=\"0\" style=\"clear:both;display:block;\"><\/div>\n\n\n\n[\/vc_column][\/vc_row][vc_row full_width=&#8221;stretch_row_content_no_spaces&#8221;][vc_column]<div class=\"m-case-study-carousel relative py-14 pb-32 md:pt-24 md:pb-36 lg:pt-36 lg:pb-32\">\n    <div class=\"container md:mx-auto px-3 pb-8 lg:max-w-4xl xl:max-w-6xl lg:relative \">\n\n        <h2 class=\"text-left md:pb-0 leading-8 md:text-32 md:leading-8 lg:text-36 lg:leading-10 xl:leading-11 xl:text-42 md:border-t md:border-lt_grey md:pt-4\">\n        <span class=\"text-lt_blue font-heading font-medium\">Recent<\/span>\n        <span class=\"text-lt_green font-heading block font-medium \">Case Studies <\/span><\/h2>\n\n        <div class=\"c-slider__arrows c-slider--casestudy__arrows w-32 h-10 mx-auto z-20 absolute left-0 right-0 text-center md:ml-0 md:text-left md:z-50 md:w-24\"><\/div>\n\n        <div class=\"md:overflow-hidden md:mt-1 md:pb-12 lg:pb-14 xl:pb-18 js-case-study-selector-carousel z-20\">\n            <div class=\"\">\n    <div class=\"md:flex md:h-400 xl:h-576\">\n\n        <div class=\"md:w-6\/12 xl:w-7\/12 xl:pr-3\">\n                        <div class=\"w-full h-64  lg:h-full relative overflow-hidden bg-top bg-no-repeat bg-cover\" style=\"background-image:url('https:\/\/lundbergtech.com\/wp-content\/uploads\/2021\/06\/Testimonial-Boohoo.jpg');\"><\/div>\n                    <\/div>\n\n\n        <div class=\"md:w-5\/12 md:ml-7  md:relative\">\n            <div class=\"p-5 md:px-8 mb-5 md:pb-7 lg:pb-12 lg:px-10 relative z-10 text-left bg-white  md:absolute md:drop-shadow-md xl:drop-shadow-xl md:filter md:m-0  md:w-full  md:right-0 md:top-52 lg:top-60 md:h-auto xl:ml-12 \">\n\n                    <a class=\"block u-a-nostyle mt-1 pt-3 md:pt-3  md:pl-0 lg:pt-4 xl:pt-5 md:hover:underline\" href=https:\/\/lundbergtech.com\/case-studies\/testimonial-boohoo-unwrapping-and-debagging\/ title=\"Boohoo \u2013 Unwrapping and Debagging\">\n                    <h3 class=\"leading-snug text-20  text-lt_blue md:leading-tight lg:text-20 xl:text-28 md:mb-0 font-bold \">Boohoo \u2013 Unwrapping and Debagging<\/h3>\n                    <\/a>\t\n                   \n                                        <a class=\"c-button--arrow-link\" href=https:\/\/lundbergtech.com\/case-studies\/testimonial-boohoo-unwrapping-and-debagging\/ title=\"Boohoo \u2013 Unwrapping and Debagging\">Read case study<\/a>\t\n                <\/div>\n           <\/div>\n\n\n\n\n\n    <\/div>\n\n<\/div>\n\n        <\/div>\n         <div class=\"c-slider__dots c-slider--casestudy__dots  mx-auto z-20 absolute left-0 right-0 text-center\"><\/div>\n   \t<\/div>\n<\/div>\n\n<div class=\"m-spacer m-spacer-69e4c7b5d3d46\" data-id=\"69e4c7b5d3d46\" data-height=\"25\" data-height-mobile=\"0\" data-height-tab=\"25\" data-height-tab-portrait=\"0\" style=\"clear:both;display:block;\"><\/div>\n\n\n\n[\/vc_column][\/vc_row]<\/p>\n<\/div>","protected":false},"excerpt":{"rendered":"<p>[vc_row full_width=&#8221;stretch_row&#8221; css=&#8221;.vc_custom_1624535937170{background-image: url(https:\/\/lundbergtech.com\/wp-content\/uploads\/2021\/06\/grey-abstract-bg-2.jpg?id=323) !important;background-position: center !important;background-repeat: no-repeat !important;background-size: cover !important;}&#8221;][vc_column][\/vc_column][\/vc_row][vc_row full_width=&#8221;stretch_row_content_no_spaces&#8221;][vc_column css=&#8221;.vc_custom_1636368128884{margin-top: 0px !important;margin-bottom: 0px !important;border-top-width: 0px !important;border-bottom-width: 0px !important;padding-top: 0px !important;padding-bottom: 0px !important;}&#8221;][\/vc_column][\/vc_row][vc_row full_width=&#8221;stretch_row&#8221; css=&#8221;.vc_custom_1627655038166{background-position: center !important;background-repeat: no-repeat !important;background-size: cover !important;}&#8221;][vc_column][\/vc_column][\/vc_row][vc_row full_width=&#8221;stretch_row_content_no_spaces&#8221;][vc_column][\/vc_column][\/vc_row]<\/p>\n","protected":false},"author":1,"featured_media":817,"parent":5840,"menu_order":0,"comment_status":"closed","ping_status":"closed","template":"","meta":{"_acf_changed":false,"inline_featured_image":false,"footnotes":""},"class_list":["post-5886","page","type-page","status-publish","has-post-thumbnail","hentry"],"acf":[],"yoast_head":"<!-- This site is optimized with the Yoast SEO plugin v27.1.1 - https:\/\/yoast.com\/product\/yoast-seo-wordpress\/ -->\n<title>Traitement des d\u00e9chets dans le processus de d\u00e9ballage<\/title>\n<meta name=\"description\" content=\"Traitement optimal des d\u00e9chets dans les processus de d\u00e9ballage et de d\u00e9semballages \u2192 mat\u00e9riau plastique, papier ou non tiss\u00e9 \u2192 Unit\u00e9s efficaces\" \/>\n<meta name=\"robots\" content=\"index, follow, max-snippet:-1, max-image-preview:large, max-video-preview:-1\" \/>\n<link rel=\"canonical\" href=\"https:\/\/lundbergtech.com\/fr\/votre-processus\/deballage-desemballage\/\" \/>\n<meta property=\"og:locale\" content=\"fr_FR\" \/>\n<meta property=\"og:type\" content=\"article\" \/>\n<meta property=\"og:title\" content=\"Traitement des d\u00e9chets dans le processus de d\u00e9ballage\" \/>\n<meta property=\"og:description\" content=\"Traitement optimal des d\u00e9chets dans les processus de d\u00e9ballage et de d\u00e9semballages \u2192 mat\u00e9riau plastique, papier ou non tiss\u00e9 \u2192 Unit\u00e9s efficaces\" \/>\n<meta property=\"og:url\" content=\"https:\/\/lundbergtech.com\/fr\/votre-processus\/deballage-desemballage\/\" \/>\n<meta property=\"og:site_name\" content=\"Lundberg Tech\" \/>\n<meta property=\"article:publisher\" content=\"https:\/\/www.facebook.com\/lundbergtech\" \/>\n<meta property=\"article:modified_time\" content=\"2022-10-20T12:36:08+00:00\" \/>\n<meta property=\"og:image\" content=\"https:\/\/lundbergtech.com\/wp-content\/uploads\/2021\/07\/Lundberg-Tech-packaging-feature.jpg\" \/>\n\t<meta property=\"og:image:width\" content=\"830\" \/>\n\t<meta property=\"og:image:height\" content=\"370\" \/>\n\t<meta property=\"og:image:type\" content=\"image\/jpeg\" \/>\n<meta name=\"twitter:card\" content=\"summary_large_image\" \/>\n<meta name=\"twitter:site\" content=\"@lundbergtech\" \/>\n<meta name=\"twitter:label1\" content=\"Est. reading time\" \/>\n\t<meta name=\"twitter:data1\" content=\"2 minutes\" \/>\n<script type=\"application\/ld+json\" class=\"yoast-schema-graph\">{\"@context\":\"https:\/\/schema.org\",\"@graph\":[{\"@type\":\"WebPage\",\"@id\":\"https:\/\/lundbergtech.com\/fr\/votre-processus\/deballage-desemballage\/\",\"url\":\"https:\/\/lundbergtech.com\/fr\/votre-processus\/deballage-desemballage\/\",\"name\":\"Traitement des d\u00e9chets dans le processus de d\u00e9ballage\",\"isPartOf\":{\"@id\":\"https:\/\/lundbergtech.com\/#website\"},\"primaryImageOfPage\":{\"@id\":\"https:\/\/lundbergtech.com\/fr\/votre-processus\/deballage-desemballage\/#primaryimage\"},\"image\":{\"@id\":\"https:\/\/lundbergtech.com\/fr\/votre-processus\/deballage-desemballage\/#primaryimage\"},\"thumbnailUrl\":\"https:\/\/lundbergtech.com\/wp-content\/uploads\/2021\/07\/Lundberg-Tech-packaging-feature.jpg\",\"datePublished\":\"2021-05-19T11:48:46+00:00\",\"dateModified\":\"2022-10-20T12:36:08+00:00\",\"description\":\"Traitement optimal des d\u00e9chets dans les processus de d\u00e9ballage et de d\u00e9semballages \u2192 mat\u00e9riau plastique, papier ou non tiss\u00e9 \u2192 Unit\u00e9s efficaces\",\"breadcrumb\":{\"@id\":\"https:\/\/lundbergtech.com\/fr\/votre-processus\/deballage-desemballage\/#breadcrumb\"},\"inLanguage\":\"fr-FR\",\"potentialAction\":[{\"@type\":\"ReadAction\",\"target\":[\"https:\/\/lundbergtech.com\/fr\/votre-processus\/deballage-desemballage\/\"]}]},{\"@type\":\"ImageObject\",\"inLanguage\":\"fr-FR\",\"@id\":\"https:\/\/lundbergtech.com\/fr\/votre-processus\/deballage-desemballage\/#primaryimage\",\"url\":\"https:\/\/lundbergtech.com\/wp-content\/uploads\/2021\/07\/Lundberg-Tech-packaging-feature.jpg\",\"contentUrl\":\"https:\/\/lundbergtech.com\/wp-content\/uploads\/2021\/07\/Lundberg-Tech-packaging-feature.jpg\",\"width\":830,\"height\":370},{\"@type\":\"BreadcrumbList\",\"@id\":\"https:\/\/lundbergtech.com\/fr\/votre-processus\/deballage-desemballage\/#breadcrumb\",\"itemListElement\":[{\"@type\":\"ListItem\",\"position\":1,\"name\":\"Votre processus\",\"item\":\"https:\/\/lundbergtech.com\/fr\/votre-processus\/\"},{\"@type\":\"ListItem\",\"position\":2,\"name\":\"D\u00e9ballage, D\u00e9semballage\"}]},{\"@type\":\"WebSite\",\"@id\":\"https:\/\/lundbergtech.com\/#website\",\"url\":\"https:\/\/lundbergtech.com\/\",\"name\":\"Lundberg Tech\",\"description\":\"Our waste handling keeps production going\",\"potentialAction\":[{\"@type\":\"SearchAction\",\"target\":{\"@type\":\"EntryPoint\",\"urlTemplate\":\"https:\/\/lundbergtech.com\/?s={search_term_string}\"},\"query-input\":{\"@type\":\"PropertyValueSpecification\",\"valueRequired\":true,\"valueName\":\"search_term_string\"}}],\"inLanguage\":\"fr-FR\"}]}<\/script>\n<!-- \/ Yoast SEO plugin. -->","yoast_head_json":{"title":"Traitement des d\u00e9chets dans le processus de d\u00e9ballage","description":"Traitement optimal des d\u00e9chets dans les processus de d\u00e9ballage et de d\u00e9semballages \u2192 mat\u00e9riau plastique, papier ou non tiss\u00e9 \u2192 Unit\u00e9s efficaces","robots":{"index":"index","follow":"follow","max-snippet":"max-snippet:-1","max-image-preview":"max-image-preview:large","max-video-preview":"max-video-preview:-1"},"canonical":"https:\/\/lundbergtech.com\/fr\/votre-processus\/deballage-desemballage\/","og_locale":"fr_FR","og_type":"article","og_title":"Traitement des d\u00e9chets dans le processus de d\u00e9ballage","og_description":"Traitement optimal des d\u00e9chets dans les processus de d\u00e9ballage et de d\u00e9semballages \u2192 mat\u00e9riau plastique, papier ou non tiss\u00e9 \u2192 Unit\u00e9s efficaces","og_url":"https:\/\/lundbergtech.com\/fr\/votre-processus\/deballage-desemballage\/","og_site_name":"Lundberg Tech","article_publisher":"https:\/\/www.facebook.com\/lundbergtech","article_modified_time":"2022-10-20T12:36:08+00:00","og_image":[{"width":830,"height":370,"url":"https:\/\/lundbergtech.com\/wp-content\/uploads\/2021\/07\/Lundberg-Tech-packaging-feature.jpg","type":"image\/jpeg"}],"twitter_card":"summary_large_image","twitter_site":"@lundbergtech","twitter_misc":{"Est. reading time":"2 minutes"},"schema":{"@context":"https:\/\/schema.org","@graph":[{"@type":"WebPage","@id":"https:\/\/lundbergtech.com\/fr\/votre-processus\/deballage-desemballage\/","url":"https:\/\/lundbergtech.com\/fr\/votre-processus\/deballage-desemballage\/","name":"Traitement des d\u00e9chets dans le processus de d\u00e9ballage","isPartOf":{"@id":"https:\/\/lundbergtech.com\/#website"},"primaryImageOfPage":{"@id":"https:\/\/lundbergtech.com\/fr\/votre-processus\/deballage-desemballage\/#primaryimage"},"image":{"@id":"https:\/\/lundbergtech.com\/fr\/votre-processus\/deballage-desemballage\/#primaryimage"},"thumbnailUrl":"https:\/\/lundbergtech.com\/wp-content\/uploads\/2021\/07\/Lundberg-Tech-packaging-feature.jpg","datePublished":"2021-05-19T11:48:46+00:00","dateModified":"2022-10-20T12:36:08+00:00","description":"Traitement optimal des d\u00e9chets dans les processus de d\u00e9ballage et de d\u00e9semballages \u2192 mat\u00e9riau plastique, papier ou non tiss\u00e9 \u2192 Unit\u00e9s efficaces","breadcrumb":{"@id":"https:\/\/lundbergtech.com\/fr\/votre-processus\/deballage-desemballage\/#breadcrumb"},"inLanguage":"fr-FR","potentialAction":[{"@type":"ReadAction","target":["https:\/\/lundbergtech.com\/fr\/votre-processus\/deballage-desemballage\/"]}]},{"@type":"ImageObject","inLanguage":"fr-FR","@id":"https:\/\/lundbergtech.com\/fr\/votre-processus\/deballage-desemballage\/#primaryimage","url":"https:\/\/lundbergtech.com\/wp-content\/uploads\/2021\/07\/Lundberg-Tech-packaging-feature.jpg","contentUrl":"https:\/\/lundbergtech.com\/wp-content\/uploads\/2021\/07\/Lundberg-Tech-packaging-feature.jpg","width":830,"height":370},{"@type":"BreadcrumbList","@id":"https:\/\/lundbergtech.com\/fr\/votre-processus\/deballage-desemballage\/#breadcrumb","itemListElement":[{"@type":"ListItem","position":1,"name":"Votre processus","item":"https:\/\/lundbergtech.com\/fr\/votre-processus\/"},{"@type":"ListItem","position":2,"name":"D\u00e9ballage, D\u00e9semballage"}]},{"@type":"WebSite","@id":"https:\/\/lundbergtech.com\/#website","url":"https:\/\/lundbergtech.com\/","name":"Lundberg Tech","description":"Our waste handling keeps production going","potentialAction":[{"@type":"SearchAction","target":{"@type":"EntryPoint","urlTemplate":"https:\/\/lundbergtech.com\/?s={search_term_string}"},"query-input":{"@type":"PropertyValueSpecification","valueRequired":true,"valueName":"search_term_string"}}],"inLanguage":"fr-FR"}]}},"_links":{"self":[{"href":"https:\/\/lundbergtech.com\/fr\/wp-json\/wp\/v2\/pages\/5886","targetHints":{"allow":["GET"]}}],"collection":[{"href":"https:\/\/lundbergtech.com\/fr\/wp-json\/wp\/v2\/pages"}],"about":[{"href":"https:\/\/lundbergtech.com\/fr\/wp-json\/wp\/v2\/types\/page"}],"author":[{"embeddable":true,"href":"https:\/\/lundbergtech.com\/fr\/wp-json\/wp\/v2\/users\/1"}],"replies":[{"embeddable":true,"href":"https:\/\/lundbergtech.com\/fr\/wp-json\/wp\/v2\/comments?post=5886"}],"version-history":[{"count":14,"href":"https:\/\/lundbergtech.com\/fr\/wp-json\/wp\/v2\/pages\/5886\/revisions"}],"predecessor-version":[{"id":6326,"href":"https:\/\/lundbergtech.com\/fr\/wp-json\/wp\/v2\/pages\/5886\/revisions\/6326"}],"up":[{"embeddable":true,"href":"https:\/\/lundbergtech.com\/fr\/wp-json\/wp\/v2\/pages\/5840"}],"wp:featuredmedia":[{"embeddable":true,"href":"https:\/\/lundbergtech.com\/fr\/wp-json\/wp\/v2\/media\/817"}],"wp:attachment":[{"href":"https:\/\/lundbergtech.com\/fr\/wp-json\/wp\/v2\/media?parent=5886"}],"curies":[{"name":"wp","href":"https:\/\/api.w.org\/{rel}","templated":true}]}}