{"id":5887,"date":"2021-05-19T11:49:04","date_gmt":"2021-05-19T11:49:04","guid":{"rendered":"https:\/\/lundbergtech.com\/your-process\/waste-size-reduction\/"},"modified":"2023-05-11T09:20:23","modified_gmt":"2023-05-11T09:20:23","slug":"reduire-la-taille-des-dechets","status":"publish","type":"page","link":"https:\/\/lundbergtech.com\/fr\/votre-processus\/reduire-la-taille-des-dechets\/","title":{"rendered":"R\u00e9duire la taille des d\u00e9chets"},"content":{"rendered":"<div class=\"wpb-content-wrapper\"><p>[vc_row full_width=&#8221;stretch_row&#8221; css=&#8221;.vc_custom_1624535937170{background-image: url(https:\/\/lundbergtech.com\/wp-content\/uploads\/2021\/06\/grey-abstract-bg-2.jpg?id=323) !important;background-position: center !important;background-repeat: no-repeat !important;background-size: cover !important;}&#8221;][vc_column]<div class=\"m-spacer m-spacer-69d16ed9b2e8f\" data-id=\"69d16ed9b2e8f\" data-height=\"200\" data-height-mobile=\"0\" data-height-tab=\"150\" data-height-tab-portrait=\"0\" style=\"clear:both;display:block;\"><\/div>\n\n\n\n<div class=\"m-text-image md:flex md:py-10 lg:relative container lg:pb-20\">\n    <div class=\"md:w-6\/12 bg-white p-4 pb-5  md:p-10 filter drop-shadow-lg lg:mb-20  z-20 lg:p-14  md:order-2 md:ml-2 lg:ml-4 xl:ml-6 \">\n      <div class=\"m-text-image__content pb-4 lg:pb-12 md:text-18\">\n        Votre production, vos machines d\u2019emballage ainsi que votre espace de stockage g\u00e9n\u00e8rent des d\u00e9chets. Il peut s\u2019agir de d\u00e9chets de toutes sortes de plastique et de papier, de mat\u00e9riaux tiss\u00e9s et non tiss\u00e9s, de carton ondul\u00e9 et de caoutchouc.<\/p>\n<p>\n \n      <\/div>\n          <\/div>\n\n    <div class=\"block md:hidden\">\n      <img decoding=\"async\" src=\"https:\/\/lundbergtech.com\/wp-content\/uploads\/2021\/07\/Lundberg-Tech-packaging-1-570x0-c-default.jpg\" alt=\"\" class=\"lg:mb-0 lg:absolute lg:right-0 lg:mt-0 lg:-bottom-28\">\n    <\/div>\n\n    <div class=\" md:w-6\/12 md:h-96 md:relative md:mt-20 lg:z-10 hidden md:block  lg:h-auto  left md:order-1 md:mr-2 lg:mr-4  xl:mr-6 \">\n      <div class=\"bg-cover lg:h-540 w-full md:h-full lg:absolute lg:bottom-0 lg:mt-0\" style=\"background-image:url('https:\/\/lundbergtech.com\/wp-content\/uploads\/2021\/07\/Lundberg-Tech-packaging-1-570x0-c-default.jpg');\"><\/div>\n    <\/div>\n\n\n<\/div>\n\n\n<div class=\"m-spacer m-spacer-69d16ed9b73f6\" data-id=\"69d16ed9b73f6\" data-height=\"0\" data-height-mobile=\"25\" data-height-tab=\"0\" data-height-tab-portrait=\"0\" style=\"clear:both;display:block;\"><\/div>\n\n\n\n[\/vc_column][\/vc_row][vc_row full_width=&#8221;stretch_row_content_no_spaces&#8221;][vc_column css=&#8221;.vc_custom_1636368298660{margin-top: 0px !important;margin-bottom: 0px !important;border-top-width: 0px !important;border-bottom-width: 0px !important;padding-top: 0px !important;padding-bottom: 0px !important;}&#8221;]<div class=\"m-benefits-carousel relative py-14 pb-8 md:pt-24 md:pb-6 lg:pt-36 lg:pb-12  image-right \">\n    <div class=\"container md:mx-auto px-3 pb-2 lg:max-w-4xl xl:max-w-6xl lg:relative \">\n\n        <h2 class=\"text-left md:pb-0 leading-8 md:text-32 md:w-4\/12 md:leading-8 lg:text-36 lg:leading-10 xl:leading-11 xl:text-42 md:border-t md:border-lt_grey md:pt-4\">\n        <span class=\"text-lt_blue font-heading font-medium\">Avantages et fonctionnalit\u00e9s<\/span>\n        <span class=\"text-lt_green text-16 lg:text-18 leading-5 block font-semibold md:pt-2 \">Pour un certain nombre de bonnes raisons, il est important de r\u00e9duire autant que possible le volume de d\u00e9chets. Entre autres, les raisons pour cela sont : <\/span><\/h2>\n\n        <div class=\"c-slider__arrows c-slider--benefits__arrows w-32 h-10 mx-auto z-20 absolute left-0 right-0 text-center md:ml-0 md:text-left md:z-50 md:w-24\"><\/div>\n\n        <div class=\"md:overflow-hidden md:mt-1 md:pb-12 lg:pb-14 xl:pb-18 js-benefits-carousel z-20 \">\n            <div class=\"\">\n    <div class=\"md:flex md:h-592\">\n\n        <div class=\"md:w-5\/12 md:ml-10 lg:w-6\/12 xl:w-6\/12 m-benefits-carousel__image-container md:mb-14\">\n                        <div class=\"w-full h-64 md:h-full relative overflow-hidden bg-top bg-no-repeat bg-cover\" style=\"background-image:url('https:\/\/lundbergtech.com\/wp-content\/uploads\/2021\/10\/WasteTech-742x583.jpg');\"><\/div>\n                    <\/div>\n\n\n        <div class=\"md:w-6\/12 m-benefits-carousel__content-container\">\n            <div class=\"z-10 text-left bg-white p-3 lg:ml-0 md:relative \">\n\n                <div class=\"m-benefits-carousel__content px-3 \">\n                    <\/p>\n<ul>\n<li style=\"font-weight: 400;\" aria-level=\"1\">R\u00e9duire la manutention manuelle<\/li>\n<li style=\"font-weight: 400;\" aria-level=\"1\">Assurer un environnement de travail optimal pour votre personnel<\/li>\n<li style=\"font-weight: 400;\" aria-level=\"1\">R\u00e9duire le transport interne<\/li>\n<li style=\"font-weight: 400;\" aria-level=\"1\">Utiliser un espace \u00e0 faible co\u00fbt pour le traitement des d\u00e9chets<\/li>\n<li style=\"font-weight: 400;\" aria-level=\"1\">Transporter des d\u00e9chets facilement<\/li>\n<li aria-level=\"1\">R\u00e9duire les co\u00fbts de transport externe<\/li>\n<li aria-level=\"1\">Pr\u00e9parer les d\u00e9chets pour la s\u00e9paration et le recyclage<\/li>\n<\/ul>\n<p>\n                <\/div>\n\n                <\/div>\n           <\/div>\n\n\n\n\n\n    <\/div>\n\n<\/div>\n\n        <\/div>\n         <div class=\"c-slider__dots c-slider--benefits__dots  static h-4 mt-10 lg:mt-14 mx-auto z-20  left-0 right-0 text-center\"><\/div>\n   \t<\/div>\n<\/div>\n\n[\/vc_column][\/vc_row][vc_row full_width=&#8221;stretch_row&#8221; css=&#8221;.vc_custom_1627655038166{background-position: center !important;background-repeat: no-repeat !important;background-size: cover !important;}&#8221;][vc_column]<div class=\"m-text-image md:flex md:py-10 lg:relative container lg:pb-20\">\n    <div class=\"md:w-6\/12 bg-white p-4 pb-5  md:p-10 filter drop-shadow-lg lg:mb-20  z-20 lg:p-14  md:order-2 md:ml-2 lg:ml-4 xl:ml-6 \">\n      <div class=\"m-text-image__content pb-4 lg:pb-12 md:text-18\">\n        <\/p>\n<h2>Une solution pour tous les besoins de traitement des d\u00e9chets<\/h2>\n<p>Lundberg Tech peut atteindre tous ces objectifs en coupant les d\u00e9chets en petits morceaux et en les transportant via un syst\u00e8me de tuyauterie.<\/p>\n<p>Depuis plus de quatre d\u00e9cennies, Lundberg Tech con\u00e7oit et fabrique des <a href=https:\/\/lundbergtech.com\/fr\/granulators-and-cutters\/>Granulateurs<\/a>, qui sont un \u00e9l\u00e9ment essentiel de tout syst\u00e8me de traitement des d\u00e9chets livr\u00e9 par Lundberg Tech. Aujourd\u2019hui, Lundberg Tech dispose d\u2019une usine de fabrication avec toutes les machines d\u2019usinage CNC et les installations de test n\u00e9cessaires pour soutenir notre objectif strat\u00e9gique : toutes les pi\u00e8ces et l\u2019assemblage sont faits en interne pour assurer une qualit\u00e9 constante, faire des tests et garantir une logistique efficace avec des d\u00e9lais de livraison tr\u00e8s courts.<\/p>\n<p>Une partie du syst\u00e8me par aspiration de Lundberg Tech est le concept d\u2019<a href=https:\/\/lundbergtech.com\/fr\/all-in-one-units\/>Unit\u00e9 Tout-en-Un<\/a>, qui comprend une large gamme de mod\u00e8les. Combin\u00e9 avec un ou plusieurs Granulateurs, ce concept convient pour une ou plusieurs machines et permet que les d\u00e9chets soient captur\u00e9s, transport\u00e9s, coup\u00e9s et compact\u00e9s.<\/p>\n<p>Lundberg Tech construit et installe \u00e9galement des <a href=https:\/\/lundbergtech.com\/fr\/central-systems\/>Syst\u00e8mes Centralis\u00e9s<\/a> compatibles avec de nombreux types de machines. Un Syst\u00e8me Centralis\u00e9 permet de soutenir une production durable quelle que soit l\u2019entreprise, entre autres, au profit de l\u2019environnement, au niveau local et en g\u00e9n\u00e9ral.\n \n      <\/div>\n          <\/div>\n\n    <div class=\"block md:hidden\">\n      <img decoding=\"async\" src=\"https:\/\/lundbergtech.com\/wp-content\/uploads\/2021\/11\/Cut-granulator-waste-570x0-c-default.png\" alt=\"\" class=\"lg:mb-0 lg:absolute lg:right-0 lg:mt-0 lg:-bottom-28\">\n    <\/div>\n\n    <div class=\" md:w-6\/12 md:h-96 md:relative md:mt-20 lg:z-10 hidden md:block  lg:h-auto  left md:order-1 md:mr-2 lg:mr-4  xl:mr-6 \">\n      <div class=\"bg-cover lg:h-540 w-full md:h-full lg:absolute lg:bottom-0 lg:mt-0\" style=\"background-image:url('https:\/\/lundbergtech.com\/wp-content\/uploads\/2021\/11\/Cut-granulator-waste-570x0-c-default.png');\"><\/div>\n    <\/div>\n\n\n<\/div>\n\n\n[\/vc_column][\/vc_row][vc_row full_width=&#8221;stretch_row_content_no_spaces&#8221;][vc_column]<div class=\"m-case-study-carousel relative py-14 pb-32 md:pt-24 md:pb-36 lg:pt-36 lg:pb-32\">\n    <div class=\"container md:mx-auto px-3 pb-8 lg:max-w-4xl xl:max-w-6xl lg:relative \">\n\n        <h2 class=\"text-left md:pb-0 leading-8 md:text-32 md:leading-8 lg:text-36 lg:leading-10 xl:leading-11 xl:text-42 md:border-t md:border-lt_grey md:pt-4\">\n        <span class=\"text-lt_blue font-heading font-medium\">Recent<\/span>\n        <span class=\"text-lt_green font-heading block font-medium \">Case Studies <\/span><\/h2>\n\n        <div class=\"c-slider__arrows c-slider--casestudy__arrows w-32 h-10 mx-auto z-20 absolute left-0 right-0 text-center md:ml-0 md:text-left md:z-50 md:w-24\"><\/div>\n\n        <div class=\"md:overflow-hidden md:mt-1 md:pb-12 lg:pb-14 xl:pb-18 js-case-study-selector-carousel z-20\">\n            <div class=\"\">\n    <div class=\"md:flex md:h-400 xl:h-576\">\n\n        <div class=\"md:w-6\/12 xl:w-7\/12 xl:pr-3\">\n                        <div class=\"w-full h-64  lg:h-full relative overflow-hidden bg-top bg-no-repeat bg-cover\" style=\"background-image:url('https:\/\/lundbergtech.com\/wp-content\/uploads\/2023\/04\/CSG-Facility.jpg');\"><\/div>\n                    <\/div>\n\n\n        <div class=\"md:w-5\/12 md:ml-7  md:relative\">\n            <div class=\"p-5 md:px-8 mb-5 md:pb-7 lg:pb-12 lg:px-10 relative z-10 text-left bg-white  md:absolute md:drop-shadow-md xl:drop-shadow-xl md:filter md:m-0  md:w-full  md:right-0 md:top-52 lg:top-60 md:h-auto xl:ml-12 \">\n\n                    <a class=\"block u-a-nostyle mt-1 pt-3 md:pt-3  md:pl-0 lg:pt-4 xl:pt-5 md:hover:underline\" href=https:\/\/lundbergtech.com\/fr\/case-studies-fr\/csg-waste-size-reduction\/ title=\"CSG \u2013 Waste Size Reduction\">\n                    <h3 class=\"leading-snug text-20  text-lt_blue md:leading-tight lg:text-20 xl:text-28 md:mb-0 font-bold \">CSG \u2013 Waste Size Reduction<\/h3>\n                    <\/a>\t\n                   \n                                        <a class=\"c-button--arrow-link\" href=https:\/\/lundbergtech.com\/fr\/case-studies-fr\/csg-waste-size-reduction\/ title=\"CSG \u2013 Waste Size Reduction\">Read case study<\/a>\t\n                <\/div>\n           <\/div>\n\n\n\n\n\n    <\/div>\n\n<\/div>\n<div class=\"\">\n    <div class=\"md:flex md:h-400 xl:h-576\">\n\n        <div class=\"md:w-6\/12 xl:w-7\/12 xl:pr-3\">\n                        <div class=\"w-full h-64  lg:h-full relative overflow-hidden bg-top bg-no-repeat bg-cover\" style=\"background-image:url('https:\/\/lundbergtech.com\/wp-content\/uploads\/2021\/11\/TQL-Greg-Swindle-742x583.jpg');\"><\/div>\n                    <\/div>\n\n\n        <div class=\"md:w-5\/12 md:ml-7  md:relative\">\n            <div class=\"p-5 md:px-8 mb-5 md:pb-7 lg:pb-12 lg:px-10 relative z-10 text-left bg-white  md:absolute md:drop-shadow-md xl:drop-shadow-xl md:filter md:m-0  md:w-full  md:right-0 md:top-52 lg:top-60 md:h-auto xl:ml-12 \">\n\n                    <a class=\"block u-a-nostyle mt-1 pt-3 md:pt-3  md:pl-0 lg:pt-4 xl:pt-5 md:hover:underline\" href=https:\/\/lundbergtech.com\/case-studies\/tql-packaging-solutions-waste-size-reduction\/ title=\"TQL Packaging Solutions \u2013 Waste Size Reduction\">\n                    <h3 class=\"leading-snug text-20  text-lt_blue md:leading-tight lg:text-20 xl:text-28 md:mb-0 font-bold \">TQL Packaging Solutions \u2013 Waste Size Reduction<\/h3>\n                    <\/a>\t\n                   \n                                        <a class=\"c-button--arrow-link\" href=https:\/\/lundbergtech.com\/case-studies\/tql-packaging-solutions-waste-size-reduction\/ title=\"TQL Packaging Solutions \u2013 Waste Size Reduction\">Read case study<\/a>\t\n                <\/div>\n           <\/div>\n\n\n\n\n\n    <\/div>\n\n<\/div>\n\n        <\/div>\n         <div class=\"c-slider__dots c-slider--casestudy__dots  mx-auto z-20 absolute left-0 right-0 text-center\"><\/div>\n   \t<\/div>\n<\/div>\n\n<div class=\"m-spacer m-spacer-69d16ed9bda50\" data-id=\"69d16ed9bda50\" data-height=\"25\" data-height-mobile=\"\" data-height-tab=\"\" data-height-tab-portrait=\"0\" style=\"clear:both;display:block;\"><\/div>\n\n\n\n[\/vc_column][\/vc_row]<\/p>\n<\/div>","protected":false},"excerpt":{"rendered":"<p>[vc_row full_width=&#8221;stretch_row&#8221; css=&#8221;.vc_custom_1624535937170{background-image: url(https:\/\/lundbergtech.com\/wp-content\/uploads\/2021\/06\/grey-abstract-bg-2.jpg?id=323) !important;background-position: center !important;background-repeat: no-repeat !important;background-size: cover !important;}&#8221;][vc_column][\/vc_column][\/vc_row][vc_row full_width=&#8221;stretch_row_content_no_spaces&#8221;][vc_column css=&#8221;.vc_custom_1636368298660{margin-top: 0px !important;margin-bottom: 0px !important;border-top-width: 0px !important;border-bottom-width: 0px !important;padding-top: 0px !important;padding-bottom: 0px !important;}&#8221;][\/vc_column][\/vc_row][vc_row full_width=&#8221;stretch_row&#8221; css=&#8221;.vc_custom_1627655038166{background-position: center !important;background-repeat: no-repeat !important;background-size: cover !important;}&#8221;][vc_column][\/vc_column][\/vc_row][vc_row full_width=&#8221;stretch_row_content_no_spaces&#8221;][vc_column][\/vc_column][\/vc_row]<\/p>\n","protected":false},"author":1,"featured_media":3736,"parent":5840,"menu_order":0,"comment_status":"closed","ping_status":"closed","template":"","meta":{"_acf_changed":false,"inline_featured_image":false,"footnotes":""},"class_list":["post-5887","page","type-page","status-publish","has-post-thumbnail","hentry"],"acf":[],"yoast_head":"<!-- This site is optimized with the Yoast SEO plugin v27.1.1 - https:\/\/yoast.com\/product\/yoast-seo-wordpress\/ -->\n<title>R\u00e9duction de la taille des d\u00e9chets \u2192 syst\u00e8me de traitement des d\u00e9chets<\/title>\n<meta name=\"description\" content=\"Les d\u00e9chets de votre production, machines d&#039;emballage, etc. peuvent \u00eatre trait\u00e9s par une solution de traitement des d\u00e9chets. La r\u00e9duction des d\u00e9chets.\" \/>\n<meta name=\"robots\" content=\"index, follow, max-snippet:-1, max-image-preview:large, max-video-preview:-1\" \/>\n<link rel=\"canonical\" href=\"https:\/\/lundbergtech.com\/fr\/votre-processus\/reduire-la-taille-des-dechets\/\" \/>\n<meta property=\"og:locale\" content=\"fr_FR\" \/>\n<meta property=\"og:type\" content=\"article\" \/>\n<meta property=\"og:title\" content=\"R\u00e9duction de la taille des d\u00e9chets \u2192 syst\u00e8me de traitement des d\u00e9chets\" \/>\n<meta property=\"og:description\" content=\"Les d\u00e9chets de votre production, machines d&#039;emballage, etc. peuvent \u00eatre trait\u00e9s par une solution de traitement des d\u00e9chets. La r\u00e9duction des d\u00e9chets.\" \/>\n<meta property=\"og:url\" content=\"https:\/\/lundbergtech.com\/fr\/votre-processus\/reduire-la-taille-des-dechets\/\" \/>\n<meta property=\"og:site_name\" content=\"Lundberg Tech\" \/>\n<meta property=\"article:publisher\" content=\"https:\/\/www.facebook.com\/lundbergtech\" \/>\n<meta property=\"article:modified_time\" content=\"2023-05-11T09:20:23+00:00\" \/>\n<meta property=\"og:image\" content=\"https:\/\/lundbergtech.com\/wp-content\/uploads\/2021\/11\/Granulator-with-hole-shield.jpg\" \/>\n\t<meta property=\"og:image:width\" content=\"1533\" \/>\n\t<meta property=\"og:image:height\" content=\"978\" \/>\n\t<meta property=\"og:image:type\" content=\"image\/jpeg\" \/>\n<meta name=\"twitter:card\" content=\"summary_large_image\" \/>\n<meta name=\"twitter:site\" content=\"@lundbergtech\" \/>\n<meta name=\"twitter:label1\" content=\"Est. reading time\" \/>\n\t<meta name=\"twitter:data1\" content=\"2 minutes\" \/>\n<script type=\"application\/ld+json\" class=\"yoast-schema-graph\">{\"@context\":\"https:\/\/schema.org\",\"@graph\":[{\"@type\":\"WebPage\",\"@id\":\"https:\/\/lundbergtech.com\/fr\/votre-processus\/reduire-la-taille-des-dechets\/\",\"url\":\"https:\/\/lundbergtech.com\/fr\/votre-processus\/reduire-la-taille-des-dechets\/\",\"name\":\"R\u00e9duction de la taille des d\u00e9chets \u2192 syst\u00e8me de traitement des d\u00e9chets\",\"isPartOf\":{\"@id\":\"https:\/\/lundbergtech.com\/#website\"},\"primaryImageOfPage\":{\"@id\":\"https:\/\/lundbergtech.com\/fr\/votre-processus\/reduire-la-taille-des-dechets\/#primaryimage\"},\"image\":{\"@id\":\"https:\/\/lundbergtech.com\/fr\/votre-processus\/reduire-la-taille-des-dechets\/#primaryimage\"},\"thumbnailUrl\":\"https:\/\/lundbergtech.com\/wp-content\/uploads\/2021\/11\/Granulator-with-hole-shield.jpg\",\"datePublished\":\"2021-05-19T11:49:04+00:00\",\"dateModified\":\"2023-05-11T09:20:23+00:00\",\"description\":\"Les d\u00e9chets de votre production, machines d'emballage, etc. peuvent \u00eatre trait\u00e9s par une solution de traitement des d\u00e9chets. La r\u00e9duction des d\u00e9chets.\",\"breadcrumb\":{\"@id\":\"https:\/\/lundbergtech.com\/fr\/votre-processus\/reduire-la-taille-des-dechets\/#breadcrumb\"},\"inLanguage\":\"fr-FR\",\"potentialAction\":[{\"@type\":\"ReadAction\",\"target\":[\"https:\/\/lundbergtech.com\/fr\/votre-processus\/reduire-la-taille-des-dechets\/\"]}]},{\"@type\":\"ImageObject\",\"inLanguage\":\"fr-FR\",\"@id\":\"https:\/\/lundbergtech.com\/fr\/votre-processus\/reduire-la-taille-des-dechets\/#primaryimage\",\"url\":\"https:\/\/lundbergtech.com\/wp-content\/uploads\/2021\/11\/Granulator-with-hole-shield.jpg\",\"contentUrl\":\"https:\/\/lundbergtech.com\/wp-content\/uploads\/2021\/11\/Granulator-with-hole-shield.jpg\",\"width\":1533,\"height\":978},{\"@type\":\"BreadcrumbList\",\"@id\":\"https:\/\/lundbergtech.com\/fr\/votre-processus\/reduire-la-taille-des-dechets\/#breadcrumb\",\"itemListElement\":[{\"@type\":\"ListItem\",\"position\":1,\"name\":\"Votre processus\",\"item\":\"https:\/\/lundbergtech.com\/fr\/votre-processus\/\"},{\"@type\":\"ListItem\",\"position\":2,\"name\":\"R\u00e9duire la taille des d\u00e9chets\"}]},{\"@type\":\"WebSite\",\"@id\":\"https:\/\/lundbergtech.com\/#website\",\"url\":\"https:\/\/lundbergtech.com\/\",\"name\":\"Lundberg Tech\",\"description\":\"Our waste handling keeps production going\",\"potentialAction\":[{\"@type\":\"SearchAction\",\"target\":{\"@type\":\"EntryPoint\",\"urlTemplate\":\"https:\/\/lundbergtech.com\/?s={search_term_string}\"},\"query-input\":{\"@type\":\"PropertyValueSpecification\",\"valueRequired\":true,\"valueName\":\"search_term_string\"}}],\"inLanguage\":\"fr-FR\"}]}<\/script>\n<!-- \/ Yoast SEO plugin. -->","yoast_head_json":{"title":"R\u00e9duction de la taille des d\u00e9chets \u2192 syst\u00e8me de traitement des d\u00e9chets","description":"Les d\u00e9chets de votre production, machines d'emballage, etc. peuvent \u00eatre trait\u00e9s par une solution de traitement des d\u00e9chets. La r\u00e9duction des d\u00e9chets.","robots":{"index":"index","follow":"follow","max-snippet":"max-snippet:-1","max-image-preview":"max-image-preview:large","max-video-preview":"max-video-preview:-1"},"canonical":"https:\/\/lundbergtech.com\/fr\/votre-processus\/reduire-la-taille-des-dechets\/","og_locale":"fr_FR","og_type":"article","og_title":"R\u00e9duction de la taille des d\u00e9chets \u2192 syst\u00e8me de traitement des d\u00e9chets","og_description":"Les d\u00e9chets de votre production, machines d'emballage, etc. peuvent \u00eatre trait\u00e9s par une solution de traitement des d\u00e9chets. La r\u00e9duction des d\u00e9chets.","og_url":"https:\/\/lundbergtech.com\/fr\/votre-processus\/reduire-la-taille-des-dechets\/","og_site_name":"Lundberg Tech","article_publisher":"https:\/\/www.facebook.com\/lundbergtech","article_modified_time":"2023-05-11T09:20:23+00:00","og_image":[{"width":1533,"height":978,"url":"https:\/\/lundbergtech.com\/wp-content\/uploads\/2021\/11\/Granulator-with-hole-shield.jpg","type":"image\/jpeg"}],"twitter_card":"summary_large_image","twitter_site":"@lundbergtech","twitter_misc":{"Est. reading time":"2 minutes"},"schema":{"@context":"https:\/\/schema.org","@graph":[{"@type":"WebPage","@id":"https:\/\/lundbergtech.com\/fr\/votre-processus\/reduire-la-taille-des-dechets\/","url":"https:\/\/lundbergtech.com\/fr\/votre-processus\/reduire-la-taille-des-dechets\/","name":"R\u00e9duction de la taille des d\u00e9chets \u2192 syst\u00e8me de traitement des d\u00e9chets","isPartOf":{"@id":"https:\/\/lundbergtech.com\/#website"},"primaryImageOfPage":{"@id":"https:\/\/lundbergtech.com\/fr\/votre-processus\/reduire-la-taille-des-dechets\/#primaryimage"},"image":{"@id":"https:\/\/lundbergtech.com\/fr\/votre-processus\/reduire-la-taille-des-dechets\/#primaryimage"},"thumbnailUrl":"https:\/\/lundbergtech.com\/wp-content\/uploads\/2021\/11\/Granulator-with-hole-shield.jpg","datePublished":"2021-05-19T11:49:04+00:00","dateModified":"2023-05-11T09:20:23+00:00","description":"Les d\u00e9chets de votre production, machines d'emballage, etc. peuvent \u00eatre trait\u00e9s par une solution de traitement des d\u00e9chets. La r\u00e9duction des d\u00e9chets.","breadcrumb":{"@id":"https:\/\/lundbergtech.com\/fr\/votre-processus\/reduire-la-taille-des-dechets\/#breadcrumb"},"inLanguage":"fr-FR","potentialAction":[{"@type":"ReadAction","target":["https:\/\/lundbergtech.com\/fr\/votre-processus\/reduire-la-taille-des-dechets\/"]}]},{"@type":"ImageObject","inLanguage":"fr-FR","@id":"https:\/\/lundbergtech.com\/fr\/votre-processus\/reduire-la-taille-des-dechets\/#primaryimage","url":"https:\/\/lundbergtech.com\/wp-content\/uploads\/2021\/11\/Granulator-with-hole-shield.jpg","contentUrl":"https:\/\/lundbergtech.com\/wp-content\/uploads\/2021\/11\/Granulator-with-hole-shield.jpg","width":1533,"height":978},{"@type":"BreadcrumbList","@id":"https:\/\/lundbergtech.com\/fr\/votre-processus\/reduire-la-taille-des-dechets\/#breadcrumb","itemListElement":[{"@type":"ListItem","position":1,"name":"Votre processus","item":"https:\/\/lundbergtech.com\/fr\/votre-processus\/"},{"@type":"ListItem","position":2,"name":"R\u00e9duire la taille des d\u00e9chets"}]},{"@type":"WebSite","@id":"https:\/\/lundbergtech.com\/#website","url":"https:\/\/lundbergtech.com\/","name":"Lundberg Tech","description":"Our waste handling keeps production going","potentialAction":[{"@type":"SearchAction","target":{"@type":"EntryPoint","urlTemplate":"https:\/\/lundbergtech.com\/?s={search_term_string}"},"query-input":{"@type":"PropertyValueSpecification","valueRequired":true,"valueName":"search_term_string"}}],"inLanguage":"fr-FR"}]}},"_links":{"self":[{"href":"https:\/\/lundbergtech.com\/fr\/wp-json\/wp\/v2\/pages\/5887","targetHints":{"allow":["GET"]}}],"collection":[{"href":"https:\/\/lundbergtech.com\/fr\/wp-json\/wp\/v2\/pages"}],"about":[{"href":"https:\/\/lundbergtech.com\/fr\/wp-json\/wp\/v2\/types\/page"}],"author":[{"embeddable":true,"href":"https:\/\/lundbergtech.com\/fr\/wp-json\/wp\/v2\/users\/1"}],"replies":[{"embeddable":true,"href":"https:\/\/lundbergtech.com\/fr\/wp-json\/wp\/v2\/comments?post=5887"}],"version-history":[{"count":9,"href":"https:\/\/lundbergtech.com\/fr\/wp-json\/wp\/v2\/pages\/5887\/revisions"}],"predecessor-version":[{"id":7319,"href":"https:\/\/lundbergtech.com\/fr\/wp-json\/wp\/v2\/pages\/5887\/revisions\/7319"}],"up":[{"embeddable":true,"href":"https:\/\/lundbergtech.com\/fr\/wp-json\/wp\/v2\/pages\/5840"}],"wp:featuredmedia":[{"embeddable":true,"href":"https:\/\/lundbergtech.com\/fr\/wp-json\/wp\/v2\/media\/3736"}],"wp:attachment":[{"href":"https:\/\/lundbergtech.com\/fr\/wp-json\/wp\/v2\/media?parent=5887"}],"curies":[{"name":"wp","href":"https:\/\/api.w.org\/{rel}","templated":true}]}}