{"id":8064,"date":"2023-11-16T10:44:35","date_gmt":"2023-11-16T10:44:35","guid":{"rendered":"https:\/\/lundbergtech.com\/?page_id=8064"},"modified":"2023-11-16T11:02:05","modified_gmt":"2023-11-16T11:02:05","slug":"merci-de-vous-etre-inscrit","status":"publish","type":"page","link":"https:\/\/lundbergtech.com\/fr\/merci-de-vous-etre-inscrit\/","title":{"rendered":"Merci de vous \u00eatre inscrit !"},"content":{"rendered":"<p>Merci de vous \u00eatre inscrit(e) \u00e0 notre newsletter Lundberg Tech. En tant que destinataire de notre newsletter, vous pouvez vous attendre \u00e0 recevoir des mises \u00e0 jour concernant la gestion des d\u00e9chets, les \u00e9v\u00e9nements \u00e0 venir et des conseils pr\u00e9cieux.<\/p>\n<p>Nous nous engageons \u00e0 vous fournir des informations pertinentes et \u00e0 garantir que votre exp\u00e9rience avec nous soit informative et agr\u00e9able.<\/p>\n<p>Si vous avez des questions ou souhaitez nous faire part de vos commentaires, n&#8217;h\u00e9sitez pas \u00e0 nous contacter.<\/p>\n<p>Vous trouverez nos coordonn\u00e9es sur <a href=https:\/\/lundbergtech.com\/contact-us\/locations\/>https:\/\/lundbergtech.com\/contact-us\/locations\/<\/a><\/p>\n<p>&nbsp;<\/p>\n<p>&nbsp;<\/p>\n<p>&nbsp;<\/p>\n<p>&nbsp;<\/p>\n","protected":false},"excerpt":{"rendered":"<p>Merci de vous \u00eatre inscrit(e) \u00e0 notre newsletter Lundberg Tech. En tant que destinataire de notre newsletter, vous pouvez vous attendre \u00e0 recevoir des mises \u00e0 jour concernant la gestion des d\u00e9chets, les \u00e9v\u00e9nements \u00e0 venir et des conseils pr\u00e9cieux. Nous nous engageons \u00e0 vous fournir des informations pertinentes et \u00e0 garantir que votre exp\u00e9rience [&hellip;]<\/p>\n","protected":false},"author":2,"featured_media":0,"parent":0,"menu_order":0,"comment_status":"closed","ping_status":"closed","template":"","meta":{"_acf_changed":false,"inline_featured_image":false,"footnotes":""},"class_list":["post-8064","page","type-page","status-publish","hentry"],"acf":[],"yoast_head":"<!-- This site is optimized with the Yoast SEO plugin v27.1.1 - https:\/\/yoast.com\/product\/yoast-seo-wordpress\/ -->\n<title>Merci<\/title>\n<meta name=\"robots\" content=\"index, follow, max-snippet:-1, max-image-preview:large, max-video-preview:-1\" \/>\n<link rel=\"canonical\" href=\"https:\/\/lundbergtech.com\/fr\/merci-de-vous-etre-inscrit\/\" \/>\n<meta property=\"og:locale\" content=\"fr_FR\" \/>\n<meta property=\"og:type\" content=\"article\" \/>\n<meta property=\"og:title\" content=\"Merci\" \/>\n<meta property=\"og:description\" content=\"Merci de vous \u00eatre inscrit(e) \u00e0 notre newsletter Lundberg Tech. En tant que destinataire de notre newsletter, vous pouvez vous attendre \u00e0 recevoir des mises \u00e0 jour concernant la gestion des d\u00e9chets, les \u00e9v\u00e9nements \u00e0 venir et des conseils pr\u00e9cieux. Nous nous engageons \u00e0 vous fournir des informations pertinentes et \u00e0 garantir que votre exp\u00e9rience [&hellip;]\" \/>\n<meta property=\"og:url\" content=\"https:\/\/lundbergtech.com\/fr\/merci-de-vous-etre-inscrit\/\" \/>\n<meta property=\"og:site_name\" content=\"Lundberg Tech\" \/>\n<meta property=\"article:publisher\" content=\"https:\/\/www.facebook.com\/lundbergtech\" \/>\n<meta property=\"article:modified_time\" content=\"2023-11-16T11:02:05+00:00\" \/>\n<meta name=\"twitter:card\" content=\"summary_large_image\" \/>\n<meta name=\"twitter:site\" content=\"@lundbergtech\" \/>\n<script type=\"application\/ld+json\" class=\"yoast-schema-graph\">{\"@context\":\"https:\/\/schema.org\",\"@graph\":[{\"@type\":\"WebPage\",\"@id\":\"https:\/\/lundbergtech.com\/fr\/merci-de-vous-etre-inscrit\/\",\"url\":\"https:\/\/lundbergtech.com\/fr\/merci-de-vous-etre-inscrit\/\",\"name\":\"Merci\",\"isPartOf\":{\"@id\":\"https:\/\/lundbergtech.com\/#website\"},\"datePublished\":\"2023-11-16T10:44:35+00:00\",\"dateModified\":\"2023-11-16T11:02:05+00:00\",\"inLanguage\":\"fr-FR\",\"potentialAction\":[{\"@type\":\"ReadAction\",\"target\":[\"https:\/\/lundbergtech.com\/fr\/merci-de-vous-etre-inscrit\/\"]}]},{\"@type\":\"WebSite\",\"@id\":\"https:\/\/lundbergtech.com\/#website\",\"url\":\"https:\/\/lundbergtech.com\/\",\"name\":\"Lundberg Tech\",\"description\":\"Our waste handling keeps production going\",\"potentialAction\":[{\"@type\":\"SearchAction\",\"target\":{\"@type\":\"EntryPoint\",\"urlTemplate\":\"https:\/\/lundbergtech.com\/?s={search_term_string}\"},\"query-input\":{\"@type\":\"PropertyValueSpecification\",\"valueRequired\":true,\"valueName\":\"search_term_string\"}}],\"inLanguage\":\"fr-FR\"}]}<\/script>\n<!-- \/ Yoast SEO plugin. -->","yoast_head_json":{"title":"Merci","robots":{"index":"index","follow":"follow","max-snippet":"max-snippet:-1","max-image-preview":"max-image-preview:large","max-video-preview":"max-video-preview:-1"},"canonical":"https:\/\/lundbergtech.com\/fr\/merci-de-vous-etre-inscrit\/","og_locale":"fr_FR","og_type":"article","og_title":"Merci","og_description":"Merci de vous \u00eatre inscrit(e) \u00e0 notre newsletter Lundberg Tech. En tant que destinataire de notre newsletter, vous pouvez vous attendre \u00e0 recevoir des mises \u00e0 jour concernant la gestion des d\u00e9chets, les \u00e9v\u00e9nements \u00e0 venir et des conseils pr\u00e9cieux. Nous nous engageons \u00e0 vous fournir des informations pertinentes et \u00e0 garantir que votre exp\u00e9rience [&hellip;]","og_url":"https:\/\/lundbergtech.com\/fr\/merci-de-vous-etre-inscrit\/","og_site_name":"Lundberg Tech","article_publisher":"https:\/\/www.facebook.com\/lundbergtech","article_modified_time":"2023-11-16T11:02:05+00:00","twitter_card":"summary_large_image","twitter_site":"@lundbergtech","schema":{"@context":"https:\/\/schema.org","@graph":[{"@type":"WebPage","@id":"https:\/\/lundbergtech.com\/fr\/merci-de-vous-etre-inscrit\/","url":"https:\/\/lundbergtech.com\/fr\/merci-de-vous-etre-inscrit\/","name":"Merci","isPartOf":{"@id":"https:\/\/lundbergtech.com\/#website"},"datePublished":"2023-11-16T10:44:35+00:00","dateModified":"2023-11-16T11:02:05+00:00","inLanguage":"fr-FR","potentialAction":[{"@type":"ReadAction","target":["https:\/\/lundbergtech.com\/fr\/merci-de-vous-etre-inscrit\/"]}]},{"@type":"WebSite","@id":"https:\/\/lundbergtech.com\/#website","url":"https:\/\/lundbergtech.com\/","name":"Lundberg Tech","description":"Our waste handling keeps production going","potentialAction":[{"@type":"SearchAction","target":{"@type":"EntryPoint","urlTemplate":"https:\/\/lundbergtech.com\/?s={search_term_string}"},"query-input":{"@type":"PropertyValueSpecification","valueRequired":true,"valueName":"search_term_string"}}],"inLanguage":"fr-FR"}]}},"_links":{"self":[{"href":"https:\/\/lundbergtech.com\/fr\/wp-json\/wp\/v2\/pages\/8064","targetHints":{"allow":["GET"]}}],"collection":[{"href":"https:\/\/lundbergtech.com\/fr\/wp-json\/wp\/v2\/pages"}],"about":[{"href":"https:\/\/lundbergtech.com\/fr\/wp-json\/wp\/v2\/types\/page"}],"author":[{"embeddable":true,"href":"https:\/\/lundbergtech.com\/fr\/wp-json\/wp\/v2\/users\/2"}],"replies":[{"embeddable":true,"href":"https:\/\/lundbergtech.com\/fr\/wp-json\/wp\/v2\/comments?post=8064"}],"version-history":[{"count":3,"href":"https:\/\/lundbergtech.com\/fr\/wp-json\/wp\/v2\/pages\/8064\/revisions"}],"predecessor-version":[{"id":8069,"href":"https:\/\/lundbergtech.com\/fr\/wp-json\/wp\/v2\/pages\/8064\/revisions\/8069"}],"wp:attachment":[{"href":"https:\/\/lundbergtech.com\/fr\/wp-json\/wp\/v2\/media?parent=8064"}],"curies":[{"name":"wp","href":"https:\/\/api.w.org\/{rel}","templated":true}]}}